{"id":31,"date":"2017-02-19T00:08:13","date_gmt":"2017-02-19T00:08:13","guid":{"rendered":"https:\/\/grizzlyadam.co.uk\/checkout\/"},"modified":"2024-06-19T12:22:31","modified_gmt":"2024-06-19T11:22:31","slug":"checkout","status":"publish","type":"page","link":"https:\/\/grizzlyadam.co.uk\/fr\/checkout\/","title":{"rendered":"Sortie de caisse"},"content":{"rendered":"<\/p>\n<div class=\"woocommerce\"><\/div>\n<div class=\"row\"  id=\"row-1458665029\">\n\n\t<div id=\"col-2000666188\" class=\"col medium-4 small-12 large-4\"  >\n\t\t\t\t<div class=\"col-inner\"  >\n\t\t\t\n\t\t\t\n  <div class=\"icon-box testimonial-box icon-box-center text-center\">\n                <div class=\"icon-box-img testimonial-image circle\" style=\"width: 121px\">\n              <img loading=\"lazy\" decoding=\"async\" width=\"150\" height=\"150\" src=\"https:\/\/grizzlyadam.co.uk\/wp-content\/uploads\/2023\/09\/91WHMzQJjSL._AC_SX679_-150x150.jpg\" class=\"attachment-thumbnail size-thumbnail\" alt=\"\" srcset=\"https:\/\/grizzlyadam.co.uk\/wp-content\/uploads\/2023\/09\/91WHMzQJjSL._AC_SX679_-150x150.jpg 150w, https:\/\/grizzlyadam.co.uk\/wp-content\/uploads\/2023\/09\/91WHMzQJjSL._AC_SX679_-100x100.jpg 100w\" sizes=\"auto, (max-width: 150px) 100vw, 150px\" \/>        <\/div>\n                <div class=\"icon-box-text p-last-0\">\n          <div class=\"star-rating\"><span style=\"width:100%\"><strong class=\"rating\"><\/strong><\/span><\/div>  \t\t\t\t<div class=\"testimonial-text line-height-small italic test_text first-reset last-reset is-italic\">\n            \n<p>J'ai surpris mon mari avec ceci <a href=\"https:\/\/grizzlyadam.co.uk\/fr\/beard-care-routine-a-step-by-step-guide-for-beginners\/\">entretien de la barbe<\/a> et laissez-moi vous dire que c'est devenu sa nouvelle arme secr\u00e8te ! Non seulement il donne \u00e0 sa barbe un aspect incroyablement beau et bien entretenu, mais en plus il sent absolument divin.<\/p>\n          <\/div>\n          <div class=\"testimonial-meta pt-half\">\n             <strong class=\"testimonial-name test_name\">Katherine<\/strong>\n                          <span class=\"testimonial-company test_company\"><\/span>\n          <\/div>\n        <\/div>\n  <\/div>\n\n  \n\t\t<\/div>\n\t\t\t\t\t<\/div>\n\n\t\n\n\t<div id=\"col-61893594\" class=\"col medium-4 small-12 large-4\"  >\n\t\t\t\t<div class=\"col-inner\"  >\n\t\t\t\n\t\t\t\n  <div class=\"icon-box testimonial-box icon-box-center text-center\">\n                <div class=\"icon-box-img testimonial-image circle\" style=\"width: 121px\">\n              <img loading=\"lazy\" decoding=\"async\" width=\"150\" height=\"150\" src=\"https:\/\/grizzlyadam.co.uk\/wp-content\/uploads\/2023\/02\/6-150x150.jpg\" class=\"attachment-thumbnail size-thumbnail\" alt=\"\" srcset=\"https:\/\/grizzlyadam.co.uk\/wp-content\/uploads\/2023\/02\/6-150x150.jpg 150w, https:\/\/grizzlyadam.co.uk\/wp-content\/uploads\/2023\/02\/6-300x300.jpg 300w, https:\/\/grizzlyadam.co.uk\/wp-content\/uploads\/2023\/02\/6-1024x1024.jpg 1024w, https:\/\/grizzlyadam.co.uk\/wp-content\/uploads\/2023\/02\/6-768x768.jpg 768w, https:\/\/grizzlyadam.co.uk\/wp-content\/uploads\/2023\/02\/6.jpg 1200w, https:\/\/grizzlyadam.co.uk\/wp-content\/uploads\/2023\/02\/6-600x600.jpg 600w, https:\/\/grizzlyadam.co.uk\/wp-content\/uploads\/2023\/02\/6-100x100.jpg 100w\" sizes=\"auto, (max-width: 150px) 100vw, 150px\" \/>        <\/div>\n                <div class=\"icon-box-text p-last-0\">\n          <div class=\"star-rating\"><span style=\"width:100%\"><strong class=\"rating\"><\/strong><\/span><\/div>  \t\t\t\t<div class=\"testimonial-text line-height-small italic test_text first-reset last-reset is-italic\">\n            \n<p>I bought Grizzly Adam&#8217;s Seduction <a href=\"https:\/\/grizzlyadam.co.uk\/fr\/seduction-beard-oil-by-grizzly-adam-the-best-smelling-beard-oil-youll-ever-own\/\">Huile \u00e0 barbe<\/a> for my husband as a surprise gift, and let me tell you, it was a game-changer! Not only does it leave his beard smelling absolutely divine, but it also makes it softer and more manageable. He loves the attention he gets from the irresistible scent, and I love how it elevates his <a href=\"https:\/\/grizzlyadam.co.uk\/fr\/10-powerful-grooming-habits-that-instantly-make-men-more-attractive\/\">grooming<\/a> routine.<\/p>\n          <\/div>\n          <div class=\"testimonial-meta pt-half\">\n             <strong class=\"testimonial-name test_name\">Theresa C<\/strong>\n                          <span class=\"testimonial-company test_company\"><\/span>\n          <\/div>\n        <\/div>\n  <\/div>\n\n  \n\t\t<\/div>\n\t\t\t\t\t<\/div>\n\n\t\n\n\t<div id=\"col-1547063500\" class=\"col medium-4 small-12 large-4\"  >\n\t\t\t\t<div class=\"col-inner\"  >\n\t\t\t\n\t\t\t\n  <div class=\"icon-box testimonial-box icon-box-center text-center\">\n                <div class=\"icon-box-img testimonial-image circle\" style=\"width: 121px\">\n              <img loading=\"lazy\" decoding=\"async\" width=\"150\" height=\"150\" src=\"https:\/\/grizzlyadam.co.uk\/wp-content\/uploads\/2024\/04\/Shimano-Polarized-Sunglasses-Men-s-Driving-Shades-Male-Cycling-Camping-Hiking-Fishing-Classic-Sun-Glasses-UV400.jpg_640x640-1-150x150.webp\" class=\"attachment-thumbnail size-thumbnail\" alt=\"\" srcset=\"https:\/\/grizzlyadam.co.uk\/wp-content\/uploads\/2024\/04\/Shimano-Polarized-Sunglasses-Men-s-Driving-Shades-Male-Cycling-Camping-Hiking-Fishing-Classic-Sun-Glasses-UV400.jpg_640x640-1-150x150.webp 150w, https:\/\/grizzlyadam.co.uk\/wp-content\/uploads\/2024\/04\/Shimano-Polarized-Sunglasses-Men-s-Driving-Shades-Male-Cycling-Camping-Hiking-Fishing-Classic-Sun-Glasses-UV400.jpg_640x640-1-300x300.webp 300w, https:\/\/grizzlyadam.co.uk\/wp-content\/uploads\/2024\/04\/Shimano-Polarized-Sunglasses-Men-s-Driving-Shades-Male-Cycling-Camping-Hiking-Fishing-Classic-Sun-Glasses-UV400.jpg_640x640-1-510x510.webp 510w, https:\/\/grizzlyadam.co.uk\/wp-content\/uploads\/2024\/04\/Shimano-Polarized-Sunglasses-Men-s-Driving-Shades-Male-Cycling-Camping-Hiking-Fishing-Classic-Sun-Glasses-UV400.jpg_640x640-1-100x100.webp 100w, https:\/\/grizzlyadam.co.uk\/wp-content\/uploads\/2024\/04\/Shimano-Polarized-Sunglasses-Men-s-Driving-Shades-Male-Cycling-Camping-Hiking-Fishing-Classic-Sun-Glasses-UV400.jpg_640x640-1.webp 640w\" sizes=\"auto, (max-width: 150px) 100vw, 150px\" \/>        <\/div>\n                <div class=\"icon-box-text p-last-0\">\n          <div class=\"star-rating\"><span style=\"width:100%\"><strong class=\"rating\"><\/strong><\/span><\/div>  \t\t\t\t<div class=\"testimonial-text line-height-small italic test_text first-reset last-reset is-italic\">\n            \n<p>Excellent les deux paires que j'ai re\u00e7ues ont plus que r\u00e9pondu \u00e0 mes attentes je les recommande vivement \u00e0 ma famille et \u00e0 mes amis dix sur dix livraison dans les d\u00e9lais et produit impeccable<\/p>\n          <\/div>\n          <div class=\"testimonial-meta pt-half\">\n             <strong class=\"testimonial-name test_name\">Steve M<\/strong>\n                          <span class=\"testimonial-company test_company\"><\/span>\n          <\/div>\n        <\/div>\n  <\/div>\n\n  \n\t\t<\/div>\n\t\t\t\t\t<\/div>\n\n\t\n<\/div>","protected":false},"excerpt":{"rendered":"","protected":false},"author":1,"featured_media":0,"parent":0,"menu_order":0,"comment_status":"closed","ping_status":"closed","template":"page-blank-landingpage.php","meta":{"footnotes":""},"class_list":["post-31","page","type-page","status-publish","hentry"],"yoast_head":"<!-- This site is optimized with the Yoast SEO plugin v27.4 - https:\/\/yoast.com\/product\/yoast-seo-wordpress\/ -->\n<title>Checkout - Grizzly Adam<\/title>\n<meta name=\"robots\" content=\"index, follow, max-snippet:-1, max-image-preview:large, max-video-preview:-1\" \/>\n<link rel=\"canonical\" href=\"https:\/\/project1-mke5mv4jgx.live-website.com\/checkout\/\" \/>\n<meta property=\"og:locale\" content=\"fr_FR\" \/>\n<meta property=\"og:type\" content=\"article\" \/>\n<meta property=\"og:title\" content=\"Checkout - Grizzly Adam\" \/>\n<meta property=\"og:url\" content=\"https:\/\/project1-mke5mv4jgx.live-website.com\/checkout\/\" \/>\n<meta property=\"og:site_name\" content=\"Grizzly Adam\" \/>\n<meta property=\"article:publisher\" content=\"https:\/\/www.facebook.com\/grizzlyadamuk\" \/>\n<meta property=\"article:modified_time\" content=\"2024-06-19T11:22:31+00:00\" \/>\n<meta property=\"og:image\" content=\"https:\/\/grizzlyadam.co.uk\/wp-content\/uploads\/2017\/09\/vitamin-beard.jpg\" \/>\n\t<meta property=\"og:image:width\" content=\"564\" \/>\n\t<meta property=\"og:image:height\" content=\"564\" \/>\n\t<meta property=\"og:image:type\" content=\"image\/jpeg\" \/>\n<meta name=\"twitter:card\" content=\"summary_large_image\" \/>\n<meta name=\"twitter:site\" content=\"@grizzlyadamuk\" \/>\n<meta name=\"twitter:label1\" content=\"Dur\u00e9e de lecture estim\u00e9e\" \/>\n\t<meta name=\"twitter:data1\" content=\"1 minute\" \/>\n<script type=\"application\/ld+json\" class=\"yoast-schema-graph\">{\"@context\":\"https:\\\/\\\/schema.org\",\"@graph\":[{\"@type\":\"WebPage\",\"@id\":\"https:\\\/\\\/project1-mke5mv4jgx.live-website.com\\\/checkout\\\/\",\"url\":\"https:\\\/\\\/project1-mke5mv4jgx.live-website.com\\\/checkout\\\/\",\"name\":\"Checkout - Grizzly Adam\",\"isPartOf\":{\"@id\":\"https:\\\/\\\/project1-mke5mv4jgx.live-website.com\\\/#website\"},\"datePublished\":\"2017-02-19T00:08:13+00:00\",\"dateModified\":\"2024-06-19T11:22:31+00:00\",\"breadcrumb\":{\"@id\":\"https:\\\/\\\/project1-mke5mv4jgx.live-website.com\\\/checkout\\\/#breadcrumb\"},\"inLanguage\":\"fr-FR\",\"potentialAction\":[{\"@type\":\"ReadAction\",\"target\":[\"https:\\\/\\\/project1-mke5mv4jgx.live-website.com\\\/checkout\\\/\"]}]},{\"@type\":\"BreadcrumbList\",\"@id\":\"https:\\\/\\\/project1-mke5mv4jgx.live-website.com\\\/checkout\\\/#breadcrumb\",\"itemListElement\":[{\"@type\":\"ListItem\",\"position\":1,\"name\":\"Home\",\"item\":\"https:\\\/\\\/grizzlyadam.co.uk\\\/\"},{\"@type\":\"ListItem\",\"position\":2,\"name\":\"Checkout\"}]},{\"@type\":\"WebSite\",\"@id\":\"https:\\\/\\\/project1-mke5mv4jgx.live-website.com\\\/#website\",\"url\":\"https:\\\/\\\/project1-mke5mv4jgx.live-website.com\\\/\",\"name\":\"Grizzly Adam\",\"description\":\"Beard Oil And Grooming Products For Gentlemen\",\"publisher\":{\"@id\":\"https:\\\/\\\/project1-mke5mv4jgx.live-website.com\\\/#organization\"},\"potentialAction\":[{\"@type\":\"SearchAction\",\"target\":{\"@type\":\"EntryPoint\",\"urlTemplate\":\"https:\\\/\\\/project1-mke5mv4jgx.live-website.com\\\/?s={search_term_string}\"},\"query-input\":{\"@type\":\"PropertyValueSpecification\",\"valueRequired\":true,\"valueName\":\"search_term_string\"}}],\"inLanguage\":\"fr-FR\"},{\"@type\":\"Organization\",\"@id\":\"https:\\\/\\\/project1-mke5mv4jgx.live-website.com\\\/#organization\",\"name\":\"GRIZZLY ADAM\",\"url\":\"https:\\\/\\\/project1-mke5mv4jgx.live-website.com\\\/\",\"logo\":{\"@type\":\"ImageObject\",\"inLanguage\":\"fr-FR\",\"@id\":\"https:\\\/\\\/project1-mke5mv4jgx.live-website.com\\\/#\\\/schema\\\/logo\\\/image\\\/\",\"url\":\"https:\\\/\\\/grizzlyadam.co.uk\\\/wp-content\\\/uploads\\\/2019\\\/11\\\/gadamlogo.png\",\"contentUrl\":\"https:\\\/\\\/grizzlyadam.co.uk\\\/wp-content\\\/uploads\\\/2019\\\/11\\\/gadamlogo.png\",\"width\":\"200\",\"height\":\"200\",\"caption\":\"GRIZZLY ADAM\"},\"image\":{\"@id\":\"https:\\\/\\\/project1-mke5mv4jgx.live-website.com\\\/#\\\/schema\\\/logo\\\/image\\\/\"},\"sameAs\":[\"https:\\\/\\\/www.facebook.com\\\/grizzlyadamuk\",\"https:\\\/\\\/x.com\\\/grizzlyadamuk\",\"https:\\\/\\\/www.instagram.com\\\/grizzlyadamuk\\\/\"]}]}<\/script>\n<!-- \/ Yoast SEO plugin. -->","yoast_head_json":{"title":"Checkout - Grizzly Adam","robots":{"index":"index","follow":"follow","max-snippet":"max-snippet:-1","max-image-preview":"max-image-preview:large","max-video-preview":"max-video-preview:-1"},"canonical":"https:\/\/project1-mke5mv4jgx.live-website.com\/checkout\/","og_locale":"fr_FR","og_type":"article","og_title":"Checkout - Grizzly Adam","og_url":"https:\/\/project1-mke5mv4jgx.live-website.com\/checkout\/","og_site_name":"Grizzly Adam","article_publisher":"https:\/\/www.facebook.com\/grizzlyadamuk","article_modified_time":"2024-06-19T11:22:31+00:00","og_image":[{"width":564,"height":564,"url":"https:\/\/grizzlyadam.co.uk\/wp-content\/uploads\/2017\/09\/vitamin-beard.jpg","type":"image\/jpeg"}],"twitter_card":"summary_large_image","twitter_site":"@grizzlyadamuk","twitter_misc":{"Dur\u00e9e de lecture estim\u00e9e":"1 minute"},"schema":{"@context":"https:\/\/schema.org","@graph":[{"@type":"WebPage","@id":"https:\/\/project1-mke5mv4jgx.live-website.com\/checkout\/","url":"https:\/\/project1-mke5mv4jgx.live-website.com\/checkout\/","name":"Checkout - Grizzly Adam","isPartOf":{"@id":"https:\/\/project1-mke5mv4jgx.live-website.com\/#website"},"datePublished":"2017-02-19T00:08:13+00:00","dateModified":"2024-06-19T11:22:31+00:00","breadcrumb":{"@id":"https:\/\/project1-mke5mv4jgx.live-website.com\/checkout\/#breadcrumb"},"inLanguage":"fr-FR","potentialAction":[{"@type":"ReadAction","target":["https:\/\/project1-mke5mv4jgx.live-website.com\/checkout\/"]}]},{"@type":"BreadcrumbList","@id":"https:\/\/project1-mke5mv4jgx.live-website.com\/checkout\/#breadcrumb","itemListElement":[{"@type":"ListItem","position":1,"name":"Home","item":"https:\/\/grizzlyadam.co.uk\/"},{"@type":"ListItem","position":2,"name":"Checkout"}]},{"@type":"WebSite","@id":"https:\/\/project1-mke5mv4jgx.live-website.com\/#website","url":"https:\/\/project1-mke5mv4jgx.live-website.com\/","name":"Grizzly Adam","description":"Huile \u00e0 barbe et produits de toilettage pour hommes","publisher":{"@id":"https:\/\/project1-mke5mv4jgx.live-website.com\/#organization"},"potentialAction":[{"@type":"SearchAction","target":{"@type":"EntryPoint","urlTemplate":"https:\/\/project1-mke5mv4jgx.live-website.com\/?s={search_term_string}"},"query-input":{"@type":"PropertyValueSpecification","valueRequired":true,"valueName":"search_term_string"}}],"inLanguage":"fr-FR"},{"@type":"Organization","@id":"https:\/\/project1-mke5mv4jgx.live-website.com\/#organization","name":"GRIZZLY ADAM","url":"https:\/\/project1-mke5mv4jgx.live-website.com\/","logo":{"@type":"ImageObject","inLanguage":"fr-FR","@id":"https:\/\/project1-mke5mv4jgx.live-website.com\/#\/schema\/logo\/image\/","url":"https:\/\/grizzlyadam.co.uk\/wp-content\/uploads\/2019\/11\/gadamlogo.png","contentUrl":"https:\/\/grizzlyadam.co.uk\/wp-content\/uploads\/2019\/11\/gadamlogo.png","width":"200","height":"200","caption":"GRIZZLY ADAM"},"image":{"@id":"https:\/\/project1-mke5mv4jgx.live-website.com\/#\/schema\/logo\/image\/"},"sameAs":["https:\/\/www.facebook.com\/grizzlyadamuk","https:\/\/x.com\/grizzlyadamuk","https:\/\/www.instagram.com\/grizzlyadamuk\/"]}]}},"_links":{"self":[{"href":"https:\/\/grizzlyadam.co.uk\/fr\/wp-json\/wp\/v2\/pages\/31","targetHints":{"allow":["GET"]}}],"collection":[{"href":"https:\/\/grizzlyadam.co.uk\/fr\/wp-json\/wp\/v2\/pages"}],"about":[{"href":"https:\/\/grizzlyadam.co.uk\/fr\/wp-json\/wp\/v2\/types\/page"}],"author":[{"embeddable":true,"href":"https:\/\/grizzlyadam.co.uk\/fr\/wp-json\/wp\/v2\/users\/1"}],"replies":[{"embeddable":true,"href":"https:\/\/grizzlyadam.co.uk\/fr\/wp-json\/wp\/v2\/comments?post=31"}],"version-history":[{"count":0,"href":"https:\/\/grizzlyadam.co.uk\/fr\/wp-json\/wp\/v2\/pages\/31\/revisions"}],"wp:attachment":[{"href":"https:\/\/grizzlyadam.co.uk\/fr\/wp-json\/wp\/v2\/media?parent=31"}],"curies":[{"name":"wp","href":"https:\/\/api.w.org\/{rel}","templated":true}]}}