{"id":18000,"date":"2019-11-17T20:16:42","date_gmt":"2019-11-17T20:16:42","guid":{"rendered":"https:\/\/grizzlyadam.co.uk\/?page_id=18000"},"modified":"2024-11-21T22:22:49","modified_gmt":"2024-11-21T22:22:49","slug":"black-friday-sale","status":"publish","type":"page","link":"https:\/\/grizzlyadam.co.uk\/fr\/black-friday-sale\/","title":{"rendered":"Vente du vendredi noir"},"content":{"rendered":"<div class=\"row\"  id=\"row-1226383366\">\n\n\t<div id=\"col-1939249537\" class=\"col medium-11 small-12 large-11\"  >\n\t\t\t\t<div class=\"col-inner\"  >\n\t\t\t\n\t\t\t\n<h1 style=\"text-align: center;\"><span style=\"color: #e14d43;\"><strong><span style=\"font-size: 140%;\">D\u00e9bloquez les offres exclusives du vendredi noir et recevez un cadeau gratuit !<\/span><\/strong><\/span><\/h1>\n\t\t<\/div>\n\t\t\t\t\t<\/div>\n\n\t\n<\/div>\n\t<section class=\"section\" id=\"section_927882646\">\n\t\t<div class=\"bg section-bg fill bg-fill  bg-loaded\" >\n\n\t\t\t\n\t\t\t\n\t\t\t\n\n\t\t<\/div>\n\n\t\t\n\n\t\t<div class=\"section-content relative\">\n\t\t\t\n<div class=\"row\"  id=\"row-1855675945\">\n\n\t<div id=\"col-1886920028\" class=\"col small-12 large-12\"  >\n\t\t\t\t<div class=\"col-inner\"  >\n\t\t\t\n\t\t\t\n<h2><span style=\"color: #282828;\">Rejoignez notre liste VIP d\u00e8s aujourd'hui et soyez les premiers \u00e0 savoir quand notre <strong>R\u00e9ductions pour le vendredi noir<\/strong> en direct.<\/span><\/h2>\n<h2><span style=\"color: #282828;\">Inscrivez-vous en indiquant votre adresse \u00e9lectronique ci-dessous, et non seulement vous b\u00e9n\u00e9ficierez d'un acc\u00e8s anticip\u00e9 \u00e0 nos plus grandes \u00e9conomies de l'ann\u00e9e, mais vous recevrez \u00e9galement une lettre d'information. <strong>huile \u00e0 barbe gratuite<\/strong>-Pour avoir adh\u00e9r\u00e9 \u00e0 l'initiative !<\/span><\/h2>\n<h2><span style=\"color: #282828;\"><strong>Ne manquez pas cette occasion !<\/strong> Nos offres pour le Black Friday sont les meilleures jamais propos\u00e9es, et elles sont trop belles pour \u00eatre manqu\u00e9es.<\/span><\/h2>\n<h2><span style=\"color: #282828;\"> R\u00e9servez votre place d\u00e8s maintenant !<\/span><\/h2>\n\t\t<\/div>\n\t\t\t\t\t<\/div>\n\n\t\n<\/div>\n\t\t<\/div>\n\n\t\t\n<style>\n#section_927882646 {\n  padding-top: 30px;\n  padding-bottom: 30px;\n}\n<\/style>\n\t<\/section>\n\t\n\t<section class=\"section\" id=\"section_1102181077\">\n\t\t<div class=\"bg section-bg fill bg-fill  bg-loaded\" >\n\n\t\t\t\n\t\t\t\n\t\t\t\n\n\t\t<\/div>\n\n\t\t\n\n\t\t<div class=\"section-content relative\">\n\t\t\t\n\n<div class=\"klaviyo-form-SkYkC2\"><\/div>\n\n\t\t<\/div>\n\n\t\t\n<style>\n#section_1102181077 {\n  padding-top: 30px;\n  padding-bottom: 30px;\n  background-color: rgb(34, 23, 23);\n}\n<\/style>\n\t<\/section>\n\t\n<p><script async type=\"text\/javascript\" src=\"https:\/\/static.klaviyo.com\/onsite\/js\/klaviyo.js?company_id=JPfvJg\"><\/script><\/p>\n<div class=\"row\"  id=\"row-619170874\">\n\n\t<div id=\"col-191058011\" class=\"col medium-6 small-12 large-6\"  >\n\t\t\t\t<div class=\"col-inner\"  >\n\t\t\t\n\t\t\t\n\t<div class=\"img has-hover x md-x lg-x y md-y lg-y\" id=\"image_1902126785\">\n\t\t\t\t\t\t\t\t<div class=\"img-inner image-cover dark\" style=\"padding-top:100%;\">\n\t\t\t<img loading=\"lazy\" decoding=\"async\" width=\"1020\" height=\"574\" src=\"https:\/\/grizzlyadam.co.uk\/wp-content\/uploads\/2022\/09\/black-friday-sale-man-1024x576.png\" class=\"attachment-large size-large\" alt=\"\" srcset=\"https:\/\/grizzlyadam.co.uk\/wp-content\/uploads\/2022\/09\/black-friday-sale-man-1024x576.png 1024w, https:\/\/grizzlyadam.co.uk\/wp-content\/uploads\/2022\/09\/black-friday-sale-man-300x169.png 300w, https:\/\/grizzlyadam.co.uk\/wp-content\/uploads\/2022\/09\/black-friday-sale-man-768x432.png 768w, https:\/\/grizzlyadam.co.uk\/wp-content\/uploads\/2022\/09\/black-friday-sale-man-600x338.png 600w, https:\/\/grizzlyadam.co.uk\/wp-content\/uploads\/2022\/09\/black-friday-sale-man.png 1280w\" sizes=\"auto, (max-width: 1020px) 100vw, 1020px\" \/>\t\t\t\t\t\t\n\t\t\t\t\t<\/div>\n\t\t\t\t\t\t\t\t\n<style>\n#image_1902126785 {\n  width: 100%;\n}\n<\/style>\n\t<\/div>\n\t\n\t\t<\/div>\n\t\t\t\t\t<\/div>\n\n\t\n\n\t<div id=\"col-1341869044\" class=\"col medium-6 small-12 large-6\"  >\n\t\t\t\t<div class=\"col-inner\"  >\n\t\t\t\n\t\t\t\n\t<div class=\"img has-hover x md-x lg-x y md-y lg-y\" id=\"image_1754684831\">\n\t\t\t\t\t\t\t\t<div class=\"img-inner image-cover dark\" style=\"padding-top:100%;\">\n\t\t\t<img loading=\"lazy\" decoding=\"async\" width=\"768\" height=\"768\" src=\"https:\/\/grizzlyadam.co.uk\/wp-content\/uploads\/2016\/07\/Travel_oil1-768x768.jpg\" class=\"attachment-medium_large size-medium_large\" alt=\"\" srcset=\"https:\/\/grizzlyadam.co.uk\/wp-content\/uploads\/2016\/07\/Travel_oil1-768x768.jpg 768w, https:\/\/grizzlyadam.co.uk\/wp-content\/uploads\/2016\/07\/Travel_oil1-300x300.jpg 300w, https:\/\/grizzlyadam.co.uk\/wp-content\/uploads\/2016\/07\/Travel_oil1-1024x1024.jpg 1024w, https:\/\/grizzlyadam.co.uk\/wp-content\/uploads\/2016\/07\/Travel_oil1-150x150.jpg 150w, https:\/\/grizzlyadam.co.uk\/wp-content\/uploads\/2016\/07\/Travel_oil1-1536x1536.jpg 1536w, https:\/\/grizzlyadam.co.uk\/wp-content\/uploads\/2016\/07\/Travel_oil1-600x600.jpg 600w, https:\/\/grizzlyadam.co.uk\/wp-content\/uploads\/2016\/07\/Travel_oil1-100x100.jpg 100w, https:\/\/grizzlyadam.co.uk\/wp-content\/uploads\/2016\/07\/Travel_oil1.jpg 1920w\" sizes=\"auto, (max-width: 768px) 100vw, 768px\" \/>\t\t\t\t\t\t\n\t\t\t\t\t<\/div>\n\t\t\t\t\t\t\t\t\n<style>\n#image_1754684831 {\n  width: 100%;\n}\n<\/style>\n\t<\/div>\n\t\n\t\t<\/div>\n\t\t\t\t\t<\/div>\n\n\t\n<\/div>","protected":false},"excerpt":{"rendered":"","protected":false},"author":3,"featured_media":0,"parent":0,"menu_order":0,"comment_status":"closed","ping_status":"closed","template":"page-blank-landingpage.php","meta":{"footnotes":""},"class_list":["post-18000","page","type-page","status-publish","hentry"],"yoast_head":"<!-- This site is optimized with the Yoast SEO plugin v27.2 - https:\/\/yoast.com\/product\/yoast-seo-wordpress\/ -->\n<title>Black Friday Sale - Grizzly Adam<\/title>\n<meta name=\"robots\" content=\"index, follow, max-snippet:-1, max-image-preview:large, max-video-preview:-1\" \/>\n<link rel=\"canonical\" href=\"https:\/\/project1-mke5mv4jgx.live-website.com\/black-friday-sale\/\" \/>\n<meta property=\"og:locale\" content=\"fr_FR\" \/>\n<meta property=\"og:type\" content=\"article\" \/>\n<meta property=\"og:title\" content=\"Black Friday Sale - Grizzly Adam\" \/>\n<meta property=\"og:url\" content=\"https:\/\/project1-mke5mv4jgx.live-website.com\/black-friday-sale\/\" \/>\n<meta property=\"og:site_name\" content=\"Grizzly Adam\" \/>\n<meta property=\"article:publisher\" content=\"https:\/\/www.facebook.com\/grizzlyadamuk\" \/>\n<meta property=\"article:modified_time\" content=\"2024-11-21T22:22:49+00:00\" \/>\n<meta property=\"og:image\" content=\"https:\/\/grizzlyadam.co.uk\/wp-content\/uploads\/2017\/09\/vitamin-beard.jpg\" \/>\n\t<meta property=\"og:image:width\" content=\"564\" \/>\n\t<meta property=\"og:image:height\" content=\"564\" \/>\n\t<meta property=\"og:image:type\" content=\"image\/jpeg\" \/>\n<meta name=\"twitter:card\" content=\"summary_large_image\" \/>\n<meta name=\"twitter:site\" content=\"@grizzlyadamuk\" \/>\n<meta name=\"twitter:label1\" content=\"Dur\u00e9e de lecture estim\u00e9e\" \/>\n\t<meta name=\"twitter:data1\" content=\"1 minute\" \/>\n<script type=\"application\/ld+json\" class=\"yoast-schema-graph\">{\"@context\":\"https:\/\/schema.org\",\"@graph\":[{\"@type\":\"WebPage\",\"@id\":\"https:\/\/project1-mke5mv4jgx.live-website.com\/black-friday-sale\/\",\"url\":\"https:\/\/project1-mke5mv4jgx.live-website.com\/black-friday-sale\/\",\"name\":\"Black Friday Sale - Grizzly Adam\",\"isPartOf\":{\"@id\":\"https:\/\/project1-mke5mv4jgx.live-website.com\/#website\"},\"datePublished\":\"2019-11-17T20:16:42+00:00\",\"dateModified\":\"2024-11-21T22:22:49+00:00\",\"breadcrumb\":{\"@id\":\"https:\/\/project1-mke5mv4jgx.live-website.com\/black-friday-sale\/#breadcrumb\"},\"inLanguage\":\"fr-FR\",\"potentialAction\":[{\"@type\":\"ReadAction\",\"target\":[\"https:\/\/project1-mke5mv4jgx.live-website.com\/black-friday-sale\/\"]}]},{\"@type\":\"BreadcrumbList\",\"@id\":\"https:\/\/project1-mke5mv4jgx.live-website.com\/black-friday-sale\/#breadcrumb\",\"itemListElement\":[{\"@type\":\"ListItem\",\"position\":1,\"name\":\"Home\",\"item\":\"https:\/\/grizzlyadam.co.uk\/\"},{\"@type\":\"ListItem\",\"position\":2,\"name\":\"Black Friday Sale\"}]},{\"@type\":\"WebSite\",\"@id\":\"https:\/\/project1-mke5mv4jgx.live-website.com\/#website\",\"url\":\"https:\/\/project1-mke5mv4jgx.live-website.com\/\",\"name\":\"Grizzly Adam\",\"description\":\"Beard Oil And Grooming Products For Gentlemen\",\"publisher\":{\"@id\":\"https:\/\/project1-mke5mv4jgx.live-website.com\/#organization\"},\"potentialAction\":[{\"@type\":\"SearchAction\",\"target\":{\"@type\":\"EntryPoint\",\"urlTemplate\":\"https:\/\/project1-mke5mv4jgx.live-website.com\/?s={search_term_string}\"},\"query-input\":{\"@type\":\"PropertyValueSpecification\",\"valueRequired\":true,\"valueName\":\"search_term_string\"}}],\"inLanguage\":\"fr-FR\"},{\"@type\":\"Organization\",\"@id\":\"https:\/\/project1-mke5mv4jgx.live-website.com\/#organization\",\"name\":\"GRIZZLY ADAM\",\"url\":\"https:\/\/project1-mke5mv4jgx.live-website.com\/\",\"logo\":{\"@type\":\"ImageObject\",\"inLanguage\":\"fr-FR\",\"@id\":\"https:\/\/project1-mke5mv4jgx.live-website.com\/#\/schema\/logo\/image\/\",\"url\":\"https:\/\/grizzlyadam.co.uk\/wp-content\/uploads\/2019\/11\/gadamlogo.png\",\"contentUrl\":\"https:\/\/grizzlyadam.co.uk\/wp-content\/uploads\/2019\/11\/gadamlogo.png\",\"width\":\"200\",\"height\":\"200\",\"caption\":\"GRIZZLY ADAM\"},\"image\":{\"@id\":\"https:\/\/project1-mke5mv4jgx.live-website.com\/#\/schema\/logo\/image\/\"},\"sameAs\":[\"https:\/\/www.facebook.com\/grizzlyadamuk\",\"https:\/\/x.com\/grizzlyadamuk\",\"https:\/\/www.instagram.com\/grizzlyadamuk\/\"]}]}<\/script>\n<!-- \/ Yoast SEO plugin. -->","yoast_head_json":{"title":"Black Friday Sale - Grizzly Adam","robots":{"index":"index","follow":"follow","max-snippet":"max-snippet:-1","max-image-preview":"max-image-preview:large","max-video-preview":"max-video-preview:-1"},"canonical":"https:\/\/project1-mke5mv4jgx.live-website.com\/black-friday-sale\/","og_locale":"fr_FR","og_type":"article","og_title":"Black Friday Sale - Grizzly Adam","og_url":"https:\/\/project1-mke5mv4jgx.live-website.com\/black-friday-sale\/","og_site_name":"Grizzly Adam","article_publisher":"https:\/\/www.facebook.com\/grizzlyadamuk","article_modified_time":"2024-11-21T22:22:49+00:00","og_image":[{"width":564,"height":564,"url":"https:\/\/grizzlyadam.co.uk\/wp-content\/uploads\/2017\/09\/vitamin-beard.jpg","type":"image\/jpeg"}],"twitter_card":"summary_large_image","twitter_site":"@grizzlyadamuk","twitter_misc":{"Dur\u00e9e de lecture estim\u00e9e":"1 minute"},"schema":{"@context":"https:\/\/schema.org","@graph":[{"@type":"WebPage","@id":"https:\/\/project1-mke5mv4jgx.live-website.com\/black-friday-sale\/","url":"https:\/\/project1-mke5mv4jgx.live-website.com\/black-friday-sale\/","name":"Black Friday Sale - Grizzly Adam","isPartOf":{"@id":"https:\/\/project1-mke5mv4jgx.live-website.com\/#website"},"datePublished":"2019-11-17T20:16:42+00:00","dateModified":"2024-11-21T22:22:49+00:00","breadcrumb":{"@id":"https:\/\/project1-mke5mv4jgx.live-website.com\/black-friday-sale\/#breadcrumb"},"inLanguage":"fr-FR","potentialAction":[{"@type":"ReadAction","target":["https:\/\/project1-mke5mv4jgx.live-website.com\/black-friday-sale\/"]}]},{"@type":"BreadcrumbList","@id":"https:\/\/project1-mke5mv4jgx.live-website.com\/black-friday-sale\/#breadcrumb","itemListElement":[{"@type":"ListItem","position":1,"name":"Home","item":"https:\/\/grizzlyadam.co.uk\/"},{"@type":"ListItem","position":2,"name":"Black Friday Sale"}]},{"@type":"WebSite","@id":"https:\/\/project1-mke5mv4jgx.live-website.com\/#website","url":"https:\/\/project1-mke5mv4jgx.live-website.com\/","name":"Grizzly Adam","description":"Huile \u00e0 barbe et produits de toilettage pour hommes","publisher":{"@id":"https:\/\/project1-mke5mv4jgx.live-website.com\/#organization"},"potentialAction":[{"@type":"SearchAction","target":{"@type":"EntryPoint","urlTemplate":"https:\/\/project1-mke5mv4jgx.live-website.com\/?s={search_term_string}"},"query-input":{"@type":"PropertyValueSpecification","valueRequired":true,"valueName":"search_term_string"}}],"inLanguage":"fr-FR"},{"@type":"Organization","@id":"https:\/\/project1-mke5mv4jgx.live-website.com\/#organization","name":"GRIZZLY ADAM","url":"https:\/\/project1-mke5mv4jgx.live-website.com\/","logo":{"@type":"ImageObject","inLanguage":"fr-FR","@id":"https:\/\/project1-mke5mv4jgx.live-website.com\/#\/schema\/logo\/image\/","url":"https:\/\/grizzlyadam.co.uk\/wp-content\/uploads\/2019\/11\/gadamlogo.png","contentUrl":"https:\/\/grizzlyadam.co.uk\/wp-content\/uploads\/2019\/11\/gadamlogo.png","width":"200","height":"200","caption":"GRIZZLY ADAM"},"image":{"@id":"https:\/\/project1-mke5mv4jgx.live-website.com\/#\/schema\/logo\/image\/"},"sameAs":["https:\/\/www.facebook.com\/grizzlyadamuk","https:\/\/x.com\/grizzlyadamuk","https:\/\/www.instagram.com\/grizzlyadamuk\/"]}]}},"_links":{"self":[{"href":"https:\/\/grizzlyadam.co.uk\/fr\/wp-json\/wp\/v2\/pages\/18000","targetHints":{"allow":["GET"]}}],"collection":[{"href":"https:\/\/grizzlyadam.co.uk\/fr\/wp-json\/wp\/v2\/pages"}],"about":[{"href":"https:\/\/grizzlyadam.co.uk\/fr\/wp-json\/wp\/v2\/types\/page"}],"author":[{"embeddable":true,"href":"https:\/\/grizzlyadam.co.uk\/fr\/wp-json\/wp\/v2\/users\/3"}],"replies":[{"embeddable":true,"href":"https:\/\/grizzlyadam.co.uk\/fr\/wp-json\/wp\/v2\/comments?post=18000"}],"version-history":[{"count":0,"href":"https:\/\/grizzlyadam.co.uk\/fr\/wp-json\/wp\/v2\/pages\/18000\/revisions"}],"wp:attachment":[{"href":"https:\/\/grizzlyadam.co.uk\/fr\/wp-json\/wp\/v2\/media?parent=18000"}],"curies":[{"name":"wp","href":"https:\/\/api.w.org\/{rel}","templated":true}]}}