{"id":9938,"date":"2018-02-27T13:05:23","date_gmt":"2018-02-27T13:05:23","guid":{"rendered":"https:\/\/grizzlyadam.co.uk\/?post_type=product&#038;p=9938"},"modified":"2025-11-02T13:08:30","modified_gmt":"2025-11-02T13:08:30","slug":"100-natural-beard-care-set-for-men","status":"publish","type":"product","link":"https:\/\/grizzlyadam.co.uk\/es\/producto\/100-natural-beard-care-set-for-men\/","title":{"rendered":"Grizzly Adam's Premium 100% Kit para el cuidado natural de la barba - Aroma de cedro y lima"},"content":{"rendered":"<ul>\n<li><strong>\ud83c\udf81 Set de regalo para el cuidado perfecto de la barba:<\/strong> Lujosa madera de cedro + \ud83c\udf4b lima picante en los 3 productos = un aroma que da vida a tu barba. En un envase de regalo de primera calidad, ideal para que tu marido, novio, padre o hijo se acicale la barba y el bigote.<\/li>\n<li><strong>\ud83c\udf3f 100% Aceite Natural para Barba:<\/strong> Aceite ligero para usar en cualquier momento, f\u00e1cil de peinar, sin picores ni caspa. Deja la barba con un aspecto m\u00e1s grueso, sano y resistente.<\/li>\n<li><strong>\ud83d\udcaa 100% B\u00e1lsamo Natural para Barba:<\/strong> Los ingredientes org\u00e1nicos penetran en profundidad, nutriendo la barba de la ra\u00edz a las puntas. Hace maravillas tanto en barbas largas como cortas, potenciando la fuerza, el brillo y la suavidad.<\/li>\n<li><strong>\ud83e\uddf4 100% Jab\u00f3n Natural Hidratante para Barba:<\/strong> Champ\u00fa suave para la barba elaborado exclusivamente para su barba y su bigote. Sin SLS, parabenos ni sulfatos, para una barba limpia, suave, manejable, brillante y sin enredos.<\/li>\n<\/ul>\n<p>&nbsp;<\/p>\n<div style=\"width: 1020px;\" class=\"wp-video\"><video class=\"wp-video-shortcode\" id=\"video-9938-1\" width=\"1020\" height=\"574\" preload=\"metadata\" controls=\"controls\"><source type=\"video\/mp4\" src=\"https:\/\/grizzlyadam.co.uk\/wp-content\/uploads\/2018\/02\/Grizzly-Adam-Product-Reviews-3.mp4?_=1\" \/><a href=\"https:\/\/grizzlyadam.co.uk\/wp-content\/uploads\/2018\/02\/Grizzly-Adam-Product-Reviews-3.mp4\">https:\/\/grizzlyadam.co.uk\/wp-content\/uploads\/2018\/02\/Grizzly-Adam-Product-Reviews-3.mp4<\/a><\/video><\/div>","protected":false},"excerpt":{"rendered":"<ul>\n<li>Lujosa madera de cedro + \ud83c\udf4b lima picante = un aroma que da vida a tu barba.<\/li>\n<li>\ud83c\udf81 Viene en un envoltorio de regalo de primera calidad, perfecto para cualquier ocasi\u00f3n.<\/li>\n<li>\ud83e\uddf4 \u00a1Se acab\u00f3 usar el champ\u00fa de tu mujer! Nuestro kit est\u00e1 hecho para tu barba de hombre.<\/li>\n<li>\ud83d\udc3b Grizzly HQ ha creado estos aceites, champ\u00fas y acondicionadores para la barba para hacer frente a cualquier problema de la barba, \u00a1como ese oso con el que luchaste!<\/li>\n<li>\u2728 Rellena los parches, huele de maravilla, limpia, suaviza... \u00a1lo hace todo!<\/li>\n<li>\ud83c\udfaf Regalo ideal para tu marido, novio, padre, hijo... \u00a1o para ti mismo!<\/li>\n<\/ul>","protected":false},"featured_media":10044,"comment_status":"closed","ping_status":"closed","template":"","meta":[],"product_brand":[],"product_cat":[69,65,70,74,90,864],"product_tag":[66,79,84,1102,1104,85,1101,1103,1042,1100],"class_list":{"0":"post-9938","1":"product","2":"type-product","3":"status-publish","4":"has-post-thumbnail","6":"product_cat-beard-balm","7":"product_cat-beard-oil","8":"product_cat-beard-wash","9":"product_cat-grooming-kits","10":"product_cat-hair-care","11":"product_cat-health-beauty","12":"product_tag-beard-oil","13":"product_tag-beard-balm","14":"product_tag-beard-care-kit","15":"product_tag-beard-grooming","16":"product_tag-beard-softener","17":"product_tag-beard-wash","18":"product_tag-cedarwood-lime-scent","19":"product_tag-gift-for-him","20":"product_tag-mens-grooming","21":"product_tag-natural-beard-products","23":"first","24":"instock","25":"taxable","26":"shipping-taxable","27":"purchasable","28":"product-type-simple"},"yoast_head":"<!-- This site is optimized with the Yoast SEO plugin v27.2 - https:\/\/yoast.com\/product\/yoast-seo-wordpress\/ -->\n<title>Grizzly Adam\u2019s Premium 100% Natural Beard Care Kit - Cedarwood &amp; Lime Scent - Grizzly Adam<\/title>\n<meta name=\"description\" content=\"Elevate your beard game with Grizzly Adam\u2019s Premium Beard Care Kit. 100% natural oils, balm, and wash infused with a rich cedarwood &amp; lime scent. Perfect for grooming, softening, and strengthening your beard. A top-tier gift for any bearded man.\" \/>\n<meta name=\"robots\" content=\"index, follow, max-snippet:-1, max-image-preview:large, max-video-preview:-1\" \/>\n<link rel=\"canonical\" href=\"https:\/\/grizzlyadam.co.uk\/es\/producto\/100-natural-beard-care-set-for-men\/\" \/>\n<meta property=\"og:locale\" content=\"es_ES\" \/>\n<meta property=\"og:type\" content=\"article\" \/>\n<meta property=\"og:title\" content=\"Grizzly Adam\u2019s Premium 100% Natural Beard Care Kit - Cedarwood &amp; Lime Scent - Grizzly Adam\" \/>\n<meta property=\"og:description\" content=\"Elevate your beard game with Grizzly Adam\u2019s Premium Beard Care Kit. 100% natural oils, balm, and wash infused with a rich cedarwood &amp; lime scent. Perfect for grooming, softening, and strengthening your beard. A top-tier gift for any bearded man.\" \/>\n<meta property=\"og:url\" content=\"https:\/\/grizzlyadam.co.uk\/es\/producto\/100-natural-beard-care-set-for-men\/\" \/>\n<meta property=\"og:site_name\" content=\"Grizzly Adam\" \/>\n<meta property=\"article:publisher\" content=\"https:\/\/www.facebook.com\/grizzlyadamuk\" \/>\n<meta property=\"article:modified_time\" content=\"2025-11-02T13:08:30+00:00\" \/>\n<meta property=\"og:image\" content=\"https:\/\/grizzlyadam.co.uk\/wp-content\/uploads\/2018\/02\/Box-Grizzly-Adam2.jpg\" \/>\n\t<meta property=\"og:image:width\" content=\"1200\" \/>\n\t<meta property=\"og:image:height\" content=\"1200\" \/>\n\t<meta property=\"og:image:type\" content=\"image\/jpeg\" \/>\n<meta name=\"twitter:card\" content=\"summary_large_image\" \/>\n<meta name=\"twitter:site\" content=\"@grizzlyadamuk\" \/>\n<meta name=\"twitter:label1\" content=\"Tiempo de lectura\" \/>\n\t<meta name=\"twitter:data1\" content=\"1 minuto\" \/>\n<script type=\"application\/ld+json\" class=\"yoast-schema-graph\">{\"@context\":\"https:\/\/schema.org\",\"@graph\":[{\"@type\":\"WebPage\",\"@id\":\"https:\/\/grizzlyadam.co.uk\/product\/100-natural-beard-care-set-for-men\/\",\"url\":\"https:\/\/grizzlyadam.co.uk\/product\/100-natural-beard-care-set-for-men\/\",\"name\":\"Grizzly Adam\u2019s Premium 100% Natural Beard Care Kit - Cedarwood & Lime Scent - Grizzly Adam\",\"isPartOf\":{\"@id\":\"https:\/\/project1-mke5mv4jgx.live-website.com\/#website\"},\"primaryImageOfPage\":{\"@id\":\"https:\/\/grizzlyadam.co.uk\/product\/100-natural-beard-care-set-for-men\/#primaryimage\"},\"image\":{\"@id\":\"https:\/\/grizzlyadam.co.uk\/product\/100-natural-beard-care-set-for-men\/#primaryimage\"},\"thumbnailUrl\":\"https:\/\/grizzlyadam.co.uk\/wp-content\/uploads\/2018\/02\/Box-Grizzly-Adam2.jpg\",\"datePublished\":\"2018-02-27T13:05:23+00:00\",\"dateModified\":\"2025-11-02T13:08:30+00:00\",\"description\":\"Elevate your beard game with Grizzly Adam\u2019s Premium Beard Care Kit. 100% natural oils, balm, and wash infused with a rich cedarwood & lime scent. Perfect for grooming, softening, and strengthening your beard. A top-tier gift for any bearded man.\",\"breadcrumb\":{\"@id\":\"https:\/\/grizzlyadam.co.uk\/product\/100-natural-beard-care-set-for-men\/#breadcrumb\"},\"inLanguage\":\"es\",\"potentialAction\":[{\"@type\":\"ReadAction\",\"target\":[\"https:\/\/grizzlyadam.co.uk\/product\/100-natural-beard-care-set-for-men\/\"]}]},{\"@type\":\"ImageObject\",\"inLanguage\":\"es\",\"@id\":\"https:\/\/grizzlyadam.co.uk\/product\/100-natural-beard-care-set-for-men\/#primaryimage\",\"url\":\"https:\/\/grizzlyadam.co.uk\/wp-content\/uploads\/2018\/02\/Box-Grizzly-Adam2.jpg\",\"contentUrl\":\"https:\/\/grizzlyadam.co.uk\/wp-content\/uploads\/2018\/02\/Box-Grizzly-Adam2.jpg\",\"width\":1200,\"height\":1200},{\"@type\":\"BreadcrumbList\",\"@id\":\"https:\/\/grizzlyadam.co.uk\/product\/100-natural-beard-care-set-for-men\/#breadcrumb\",\"itemListElement\":[{\"@type\":\"ListItem\",\"position\":1,\"name\":\"Home\",\"item\":\"https:\/\/grizzlyadam.co.uk\/\"},{\"@type\":\"ListItem\",\"position\":2,\"name\":\"Shop\",\"item\":\"https:\/\/project1-mke5mv4jgx.live-website.com\/shop\/\"},{\"@type\":\"ListItem\",\"position\":3,\"name\":\"Grizzly Adam\u2019s Premium 100% Natural Beard Care Kit &#8211; Cedarwood &#038; Lime Scent\"}]},{\"@type\":\"WebSite\",\"@id\":\"https:\/\/project1-mke5mv4jgx.live-website.com\/#website\",\"url\":\"https:\/\/project1-mke5mv4jgx.live-website.com\/\",\"name\":\"Grizzly Adam\",\"description\":\"Beard Oil And Grooming Products For Gentlemen\",\"publisher\":{\"@id\":\"https:\/\/project1-mke5mv4jgx.live-website.com\/#organization\"},\"potentialAction\":[{\"@type\":\"SearchAction\",\"target\":{\"@type\":\"EntryPoint\",\"urlTemplate\":\"https:\/\/project1-mke5mv4jgx.live-website.com\/?s={search_term_string}\"},\"query-input\":{\"@type\":\"PropertyValueSpecification\",\"valueRequired\":true,\"valueName\":\"search_term_string\"}}],\"inLanguage\":\"es\"},{\"@type\":\"Organization\",\"@id\":\"https:\/\/project1-mke5mv4jgx.live-website.com\/#organization\",\"name\":\"GRIZZLY ADAM\",\"url\":\"https:\/\/project1-mke5mv4jgx.live-website.com\/\",\"logo\":{\"@type\":\"ImageObject\",\"inLanguage\":\"es\",\"@id\":\"https:\/\/project1-mke5mv4jgx.live-website.com\/#\/schema\/logo\/image\/\",\"url\":\"https:\/\/grizzlyadam.co.uk\/wp-content\/uploads\/2019\/11\/gadamlogo.png\",\"contentUrl\":\"https:\/\/grizzlyadam.co.uk\/wp-content\/uploads\/2019\/11\/gadamlogo.png\",\"width\":\"200\",\"height\":\"200\",\"caption\":\"GRIZZLY ADAM\"},\"image\":{\"@id\":\"https:\/\/project1-mke5mv4jgx.live-website.com\/#\/schema\/logo\/image\/\"},\"sameAs\":[\"https:\/\/www.facebook.com\/grizzlyadamuk\",\"https:\/\/x.com\/grizzlyadamuk\",\"https:\/\/www.instagram.com\/grizzlyadamuk\/\"]}]}<\/script>\n<!-- \/ Yoast SEO plugin. -->","yoast_head_json":{"title":"Grizzly Adam\u2019s Premium 100% Natural Beard Care Kit - Cedarwood & Lime Scent - Grizzly Adam","description":"Elevate your beard game with Grizzly Adam\u2019s Premium Beard Care Kit. 100% natural oils, balm, and wash infused with a rich cedarwood & lime scent. Perfect for grooming, softening, and strengthening your beard. A top-tier gift for any bearded man.","robots":{"index":"index","follow":"follow","max-snippet":"max-snippet:-1","max-image-preview":"max-image-preview:large","max-video-preview":"max-video-preview:-1"},"canonical":"https:\/\/grizzlyadam.co.uk\/es\/producto\/100-natural-beard-care-set-for-men\/","og_locale":"es_ES","og_type":"article","og_title":"Grizzly Adam\u2019s Premium 100% Natural Beard Care Kit - Cedarwood & Lime Scent - Grizzly Adam","og_description":"Elevate your beard game with Grizzly Adam\u2019s Premium Beard Care Kit. 100% natural oils, balm, and wash infused with a rich cedarwood & lime scent. Perfect for grooming, softening, and strengthening your beard. A top-tier gift for any bearded man.","og_url":"https:\/\/grizzlyadam.co.uk\/es\/producto\/100-natural-beard-care-set-for-men\/","og_site_name":"Grizzly Adam","article_publisher":"https:\/\/www.facebook.com\/grizzlyadamuk","article_modified_time":"2025-11-02T13:08:30+00:00","og_image":[{"width":1200,"height":1200,"url":"https:\/\/grizzlyadam.co.uk\/wp-content\/uploads\/2018\/02\/Box-Grizzly-Adam2.jpg","type":"image\/jpeg"}],"twitter_card":"summary_large_image","twitter_site":"@grizzlyadamuk","twitter_misc":{"Tiempo de lectura":"1 minuto"},"schema":{"@context":"https:\/\/schema.org","@graph":[{"@type":"WebPage","@id":"https:\/\/grizzlyadam.co.uk\/product\/100-natural-beard-care-set-for-men\/","url":"https:\/\/grizzlyadam.co.uk\/product\/100-natural-beard-care-set-for-men\/","name":"Grizzly Adam\u2019s Premium 100% Natural Beard Care Kit - Cedarwood & Lime Scent - Grizzly Adam","isPartOf":{"@id":"https:\/\/project1-mke5mv4jgx.live-website.com\/#website"},"primaryImageOfPage":{"@id":"https:\/\/grizzlyadam.co.uk\/product\/100-natural-beard-care-set-for-men\/#primaryimage"},"image":{"@id":"https:\/\/grizzlyadam.co.uk\/product\/100-natural-beard-care-set-for-men\/#primaryimage"},"thumbnailUrl":"https:\/\/grizzlyadam.co.uk\/wp-content\/uploads\/2018\/02\/Box-Grizzly-Adam2.jpg","datePublished":"2018-02-27T13:05:23+00:00","dateModified":"2025-11-02T13:08:30+00:00","description":"Elevate your beard game with Grizzly Adam\u2019s Premium Beard Care Kit. 100% natural oils, balm, and wash infused with a rich cedarwood & lime scent. Perfect for grooming, softening, and strengthening your beard. A top-tier gift for any bearded man.","breadcrumb":{"@id":"https:\/\/grizzlyadam.co.uk\/product\/100-natural-beard-care-set-for-men\/#breadcrumb"},"inLanguage":"es","potentialAction":[{"@type":"ReadAction","target":["https:\/\/grizzlyadam.co.uk\/product\/100-natural-beard-care-set-for-men\/"]}]},{"@type":"ImageObject","inLanguage":"es","@id":"https:\/\/grizzlyadam.co.uk\/product\/100-natural-beard-care-set-for-men\/#primaryimage","url":"https:\/\/grizzlyadam.co.uk\/wp-content\/uploads\/2018\/02\/Box-Grizzly-Adam2.jpg","contentUrl":"https:\/\/grizzlyadam.co.uk\/wp-content\/uploads\/2018\/02\/Box-Grizzly-Adam2.jpg","width":1200,"height":1200},{"@type":"BreadcrumbList","@id":"https:\/\/grizzlyadam.co.uk\/product\/100-natural-beard-care-set-for-men\/#breadcrumb","itemListElement":[{"@type":"ListItem","position":1,"name":"Home","item":"https:\/\/grizzlyadam.co.uk\/"},{"@type":"ListItem","position":2,"name":"Shop","item":"https:\/\/project1-mke5mv4jgx.live-website.com\/shop\/"},{"@type":"ListItem","position":3,"name":"Grizzly Adam\u2019s Premium 100% Natural Beard Care Kit &#8211; Cedarwood &#038; Lime Scent"}]},{"@type":"WebSite","@id":"https:\/\/project1-mke5mv4jgx.live-website.com\/#website","url":"https:\/\/project1-mke5mv4jgx.live-website.com\/","name":"Grizzly Adam","description":"Aceite para barba y productos de aseo para caballeros","publisher":{"@id":"https:\/\/project1-mke5mv4jgx.live-website.com\/#organization"},"potentialAction":[{"@type":"SearchAction","target":{"@type":"EntryPoint","urlTemplate":"https:\/\/project1-mke5mv4jgx.live-website.com\/?s={search_term_string}"},"query-input":{"@type":"PropertyValueSpecification","valueRequired":true,"valueName":"search_term_string"}}],"inLanguage":"es"},{"@type":"Organization","@id":"https:\/\/project1-mke5mv4jgx.live-website.com\/#organization","name":"GRIZZLY ADAM","url":"https:\/\/project1-mke5mv4jgx.live-website.com\/","logo":{"@type":"ImageObject","inLanguage":"es","@id":"https:\/\/project1-mke5mv4jgx.live-website.com\/#\/schema\/logo\/image\/","url":"https:\/\/grizzlyadam.co.uk\/wp-content\/uploads\/2019\/11\/gadamlogo.png","contentUrl":"https:\/\/grizzlyadam.co.uk\/wp-content\/uploads\/2019\/11\/gadamlogo.png","width":"200","height":"200","caption":"GRIZZLY ADAM"},"image":{"@id":"https:\/\/project1-mke5mv4jgx.live-website.com\/#\/schema\/logo\/image\/"},"sameAs":["https:\/\/www.facebook.com\/grizzlyadamuk","https:\/\/x.com\/grizzlyadamuk","https:\/\/www.instagram.com\/grizzlyadamuk\/"]}]}},"df_price":39.99,"df_sale_price":"","df_regular_price":39.99,"df_image_link":"https:\/\/grizzlyadam.co.uk\/wp-content\/uploads\/2018\/02\/Box-Grizzly-Adam2-300x300.jpg","_links":{"self":[{"href":"https:\/\/grizzlyadam.co.uk\/es\/wp-json\/wp\/v2\/product\/9938","targetHints":{"allow":["GET"]}}],"collection":[{"href":"https:\/\/grizzlyadam.co.uk\/es\/wp-json\/wp\/v2\/product"}],"about":[{"href":"https:\/\/grizzlyadam.co.uk\/es\/wp-json\/wp\/v2\/types\/product"}],"replies":[{"embeddable":true,"href":"https:\/\/grizzlyadam.co.uk\/es\/wp-json\/wp\/v2\/comments?post=9938"}],"wp:featuredmedia":[{"embeddable":true,"href":"https:\/\/grizzlyadam.co.uk\/es\/wp-json\/wp\/v2\/media\/10044"}],"wp:attachment":[{"href":"https:\/\/grizzlyadam.co.uk\/es\/wp-json\/wp\/v2\/media?parent=9938"}],"wp:term":[{"taxonomy":"product_brand","embeddable":true,"href":"https:\/\/grizzlyadam.co.uk\/es\/wp-json\/wp\/v2\/product_brand?post=9938"},{"taxonomy":"product_cat","embeddable":true,"href":"https:\/\/grizzlyadam.co.uk\/es\/wp-json\/wp\/v2\/product_cat?post=9938"},{"taxonomy":"product_tag","embeddable":true,"href":"https:\/\/grizzlyadam.co.uk\/es\/wp-json\/wp\/v2\/product_tag?post=9938"}],"curies":[{"name":"wp","href":"https:\/\/api.w.org\/{rel}","templated":true}]}}