{"id":8645,"date":"2017-11-25T13:01:26","date_gmt":"2017-11-25T13:01:26","guid":{"rendered":"https:\/\/grizzlyadam.co.uk\/product\/beard-growth-spray-100-all-natural-solution-to-improved-facial-hair-growth-60ml\/"},"modified":"2025-01-16T01:00:38","modified_gmt":"2025-01-16T01:00:38","slug":"beard-growth-spray-100-all-natural-solution-to-improved-facial-hair-growth-60ml","status":"publish","type":"product","link":"https:\/\/grizzlyadam.co.uk\/es\/producto\/beard-growth-spray-100-all-natural-solution-to-improved-facial-hair-growth-60ml\/","title":{"rendered":"Spray para el crecimiento de la barba - Comprar Online 100% Soluci\u00f3n totalmente natural para mejorar el crecimiento del vello facial 60ml"},"content":{"rendered":"<div id=\"shopify-section-1499853077733\" class=\"shopify-section index-section image-with-text\">\n<div class=\"feature-row\">\n<h2>INGREDIENTES EFICACES<\/h2>\n<div class=\"feature-row grid large-up--grid--table medium-down--hide\">\n<div class=\"grid__item one-half small--one-whole medium--one-whole feature-row__item feature-row__image\"><a title=\"\" href=\"https:\/\/en.wikipedia.org\/wiki\/Saw_palmetto_extract\"><img decoding=\"async\" class=\"feature-row__image\" src=\"https:\/\/cdn.shopify.com\/s\/files\/1\/0162\/9238\/files\/sawpalmetto_large_d21e6bbd-b7ba-49cb-ae8d-3c0c24b82fc4_600x600.jpg?v=1500887789\" alt=\"The Ingredient Saw Palmetto\" \/><\/a><\/div>\n<div class=\"grid__item one-half small--one-whole medium--one-whole feature-row__item feature-row__text feature-row__text--left\">\n<div class=\"feature-row__content\">\n<h3>SAW PALMETTO<\/h3>\n<div class=\"rte-setting featured-row__subtext\">\n<p>Saw Palmetto se utiliz\u00f3 por primera vez en productos para la prevenci\u00f3n de la ca\u00edda del cabello, ya que bloquea las enzimas que producen DHT, un andr\u00f3geno que causa la ca\u00edda del cabello. A lo largo de los a\u00f1os, diversos estudios han demostrado que el Saw Palmetto tiene la capacidad de proporcionar hasta 60% mejores resultados en el crecimiento del cabello.<\/p>\n<\/div>\n<\/div>\n<\/div>\n<\/div>\n<\/div>\n<\/div>\n<div id=\"shopify-section-1499848141139\" class=\"shopify-section index-section image-with-text\">\n<div class=\"feature-row\">\n<div class=\"feature-row grid large-up--grid--table medium-down--hide\">\n<div class=\"grid__item one-half small--one-whole medium--one-whole feature-row__item feature-row__text feature-row__text--right\">\n<div class=\"feature-row__content\">\n<h3>EXTRACTO DE RA\u00cdZ DE ANG\u00c9LICA<\/h3>\n<div class=\"rte-setting featured-row__subtext\">\n<p>El extracto de ra\u00edz de ang\u00e9lica se utiliza en t\u00f3nicos desde hace miles de a\u00f1os y es muy conocido por su riqueza en vitamina E y su efecto estimulante de la circulaci\u00f3n. Tambi\u00e9n favorece el crecimiento sano y duradero del cabello porque ayuda a oxidar la sangre, lo que mejora la oxidaci\u00f3n de las c\u00e9lulas capilares.<\/p>\n<\/div>\n<\/div>\n<\/div>\n<div class=\"grid__item one-half small--one-whole medium--one-whole feature-row__item feature-row__image\"><a title=\"\" href=\"https:\/\/en.wikipedia.org\/wiki\/Angelica_archangelica\"><img decoding=\"async\" class=\"feature-row__image\" src=\"https:\/\/cdn.shopify.com\/s\/files\/1\/0162\/9238\/files\/angelicaroot_large_21bec5b1-73d6-4418-9e34-9903d40b9ff9_600x600.jpg?v=1500887801\" alt=\"The Ingredient Angelica Root Extract\" \/><\/a><\/div>\n<\/div>\n<\/div>\n<\/div>\n<div id=\"shopify-section-1499848028004\" class=\"shopify-section index-section image-with-text\">\n<div class=\"feature-row\">\n<div class=\"feature-row grid large-up--grid--table medium-down--hide\">\n<div class=\"grid__item one-half small--one-whole medium--one-whole feature-row__item feature-row__image\"><a title=\"\" href=\"https:\/\/en.wikipedia.org\/wiki\/Tea_tree_oil\"><img decoding=\"async\" class=\"feature-row__image\" src=\"https:\/\/cdn.shopify.com\/s\/files\/1\/0162\/9238\/files\/teatree_large_003bdf08-8a7d-4938-bedc-66e1b9d08a71_600x600.jpg?v=1500887818\" alt=\"The Ingredient Tea Tree Oil\" \/><\/a><\/div>\n<div class=\"grid__item one-half small--one-whole medium--one-whole feature-row__item feature-row__text feature-row__text--left\">\n<div class=\"feature-row__content\">\n<h3>ACEITE DE ARBOL DE TE<\/h3>\n<div class=\"rte-setting featured-row__subtext\">\n<p>El aceite del \u00e1rbol del t\u00e9 se considera un excelente ingrediente natural para mejorar el crecimiento del cabello. A menudo se a\u00f1ade a champ\u00fas y acondicionadores para ayudar a mejorar la salud general del cabello. Adem\u00e1s, estimula el crecimiento del vello facial de m\u00faltiples maneras. Sus propiedades antis\u00e9pticas ayudan a combatir la acumulaci\u00f3n de residuos alrededor de los fol\u00edculos pilosos y permiten la libre circulaci\u00f3n del sebo alrededor del tallo del vello facial. Tambi\u00e9n reduce las inflamaciones alrededor de los fol\u00edculos pilosos, garantizando un crecimiento del vello facial m\u00e1s r\u00e1pido, sano y abundante.<\/p>\n<\/div>\n<\/div>\n<\/div>\n<\/div>\n<\/div>\n<\/div>\n<div id=\"shopify-section-1499847841923\" class=\"shopify-section index-section image-with-text\">\n<div class=\"feature-row\">\n<div class=\"feature-row grid large-up--grid--table medium-down--hide\">\n<div class=\"grid__item one-half small--one-whole medium--one-whole feature-row__item feature-row__text feature-row__text--right\">\n<div class=\"feature-row__content\">\n<h3>EXTRACTO DE POLYGONUM MULTIFLORUM<\/h3>\n<div class=\"rte-setting featured-row__subtext\">\n<p>Polygonum Multiflorum, tambi\u00e9n conocida como ra\u00edz de Fo-Ti y He Shou Wu, est\u00e1 considerada como una de las hierbas t\u00f3nicas m\u00e1s potentes de China. Un estudio reciente ha demostrado que el extracto de Polygonum Multiflorum asegura el crecimiento del vello facial al inducir la fase an\u00e1gena (de crecimiento) en los fol\u00edculos pilosos en reposo. Esto le da la capacidad de superar la causa principal del escaso crecimiento del vello facial: una fase de reposo prolongada del fol\u00edculo piloso.<\/p>\n<\/div>\n<\/div>\n<\/div>\n<div class=\"grid__item one-half small--one-whole medium--one-whole feature-row__item feature-row__image\"><a title=\"\" href=\"https:\/\/en.wikipedia.org\/wiki\/Fallopia_multiflora\"><img decoding=\"async\" class=\"feature-row__image\" src=\"https:\/\/cdn.shopify.com\/s\/files\/1\/0162\/9238\/files\/polygonum_large_3041eabd-38ac-4d4e-a29f-a7831290609d_600x600.jpg?v=1500887836\" alt=\"The Ingredient Polygonum Multiflorum Extract\" \/><\/a><\/div>\n<\/div>\n<\/div>\n<\/div>\n<h2>C\u00d3MO USARLO<\/h2>\n<h4>1.  DECIDIR QU\u00c9 ZONAS DE LA CARA NECESITAN UN VELLO FACIAL M\u00c1S GRUESO Y CON M\u00c1S VOLUMEN<\/h4>\n<p>Aplique BGS en cualquier lugar donde desee potenciar el crecimiento del vello facial.  Debe hacerlo dos veces al d\u00eda, todos los d\u00edas.  Puede aplicarse en zonas peque\u00f1as o en toda la cara.<\/p>\n<h4>2.  ASEG\u00daRATE DE QUE TU CARA EST\u00c1 SECA<\/h4>\n<p>Es importante aplicar el Spray para el Crecimiento de la Barba sobre la piel seca.  Si la piel no est\u00e1 seca, se hace m\u00e1s dif\u00edcil para los ingredientes naturales 100% penetrar profundamente en su piel.  A muchos hombres les gusta aplicar el BGS despu\u00e9s de ducharse.  Si este es el caso, trate de esperar hasta que est\u00e9 vestido para que su piel tenga tiempo suficiente para secarse antes de aplicar BGS.<\/p>\n<h4>3.  SIMPLEMENTE ROC\u00cdE BGS EN LAS ZONAS OBJETIVO<\/h4>\n<p>Aunque el BGS puede aplicarse en toda la cara, es importante prestar especial atenci\u00f3n a las zonas en las que el crecimiento del vello es notablemente m\u00e1s escaso o inexistente.  Para aplicarlo, basta con pulverizar r\u00e1pidamente la zona objetivo y dejar que Beard Growth Spray se encargue del resto.<\/p>\n<h4>4.  MASAJEA TU ROSTRO PARA UNA M\u00c1XIMA PENETRACI\u00d3N Y RESULTADOS M\u00c1S R\u00c1PIDOS<\/h4>\n<p>Una vez que haya rociado la zona objetivo con el Spray natural para el crecimiento de la barba 100%, dedique unos minutos a masajearlo sobre la piel.  Esto maximiza su poder de penetraci\u00f3n y le da la mejor oportunidad para obtener los m\u00e1ximos resultados.<\/p>\n<h3><b>TODO EL PROCESO LE LLEVAR\u00c1 MENOS DE 5 MINUTOS AL D\u00cdA.<\/b><\/h3>","protected":false},"excerpt":{"rendered":"<ul>\n<li><strong>DEJA DE SUFRIR<\/strong> DE UNA BARBA IRREGULAR<\/li>\n<li><strong>INVIERTE R\u00c1PIDAMENTE<\/strong> LAS PRINCIPALES CAUSAS DEL ESCASO CRECIMIENTO DEL VELLO FACIAL<\/li>\n<li><strong>100% NATURAL<\/strong> SOLUCI\u00d3N PERFECTA PARA PIELES SENSIBLES<\/li>\n<li><strong>SEGUIR UN SENCILLO<\/strong> PROCESO EN 4 PASOS PARA OBTENER LOS M\u00c1XIMOS RESULTADOS<\/li>\n<li><strong>OFERTA ESPECIAL<\/strong> - Compre 2 o m\u00e1s y reciba los gastos de env\u00edo GRATIS<\/li>\n<li><b>PROVEEDOR OFICIAL DEL REINO UNIDO Y LA UE - <span style=\"background-color: #ffff00;\">Almacenado y enviado desde el almac\u00e9n del Reino Unido en pocos d\u00edas - No hay que esperar m\u00e1s de 30 d\u00edas de vendedores no autorizados de eBay<\/span><\/b><\/li>\n<\/ul>\n<p>&nbsp;<\/p>\n<p>&nbsp;<\/p>","protected":false},"featured_media":8639,"comment_status":"closed","ping_status":"closed","template":"","meta":[],"product_brand":[],"product_cat":[250,90,89],"product_tag":[],"class_list":{"0":"post-8645","1":"product","2":"type-product","3":"status-publish","4":"has-post-thumbnail","6":"product_cat-beard-growth","7":"product_cat-hair-care","8":"product_cat-supplements","10":"first","11":"outofstock","12":"taxable","13":"shipping-taxable","14":"purchasable","15":"product-type-simple"},"yoast_head":"<!-- This site is optimized with the Yoast SEO plugin v27.4 - https:\/\/yoast.com\/product\/yoast-seo-wordpress\/ -->\n<title>Beard Growth Spray - Buy Online 100% All-Natural Solution to Improved Facial Hair Growth 60ml - Grizzly Adam<\/title>\n<meta name=\"robots\" content=\"index, follow, max-snippet:-1, max-image-preview:large, max-video-preview:-1\" \/>\n<link rel=\"canonical\" href=\"https:\/\/grizzlyadam.co.uk\/es\/producto\/beard-growth-spray-100-all-natural-solution-to-improved-facial-hair-growth-60ml\/\" \/>\n<meta property=\"og:locale\" content=\"es_ES\" \/>\n<meta property=\"og:type\" content=\"article\" \/>\n<meta property=\"og:title\" content=\"Beard Growth Spray - Buy Online 100% All-Natural Solution to Improved Facial Hair Growth 60ml - Grizzly Adam\" \/>\n<meta property=\"og:description\" content=\"STOP SUFFERING FROM A PATCHY, UNEVEN BEARD  QUICKLY REVERSES THE CORE CAUSES OF POOR FACIAL HAIR GROWTH!  100% NATURAL SOLUTION IS PERFECT FOR SENSITIVE SKIN  FOLLOW A SIMPLE 4 STEP PROCESS FOR MAXIMUM RESULTS  SPECIAL OFFER - Buy 2 or More &amp; Get FREE Postage  OFFICIAL UK &amp; EU SUPPLIER - Stocked &amp; Shipped from UK warehouse within few days - No waiting 30+ days from unauthorised eBay sellers  &nbsp;  &nbsp;\" \/>\n<meta property=\"og:url\" content=\"https:\/\/grizzlyadam.co.uk\/es\/producto\/beard-growth-spray-100-all-natural-solution-to-improved-facial-hair-growth-60ml\/\" \/>\n<meta property=\"og:site_name\" content=\"Grizzly Adam\" \/>\n<meta property=\"article:publisher\" content=\"https:\/\/www.facebook.com\/grizzlyadamuk\" \/>\n<meta property=\"article:modified_time\" content=\"2025-01-16T01:00:38+00:00\" \/>\n<meta property=\"og:image\" content=\"https:\/\/project1-mke5mv4jgx.live-website.com\/wp-content\/uploads\/2017\/11\/Fashion-60ml-Men-Beard-Growth-Mustache-Glow-Stimulator-Fast-Nutrition-Spray.jpg\" \/>\n\t<meta property=\"og:image:width\" content=\"800\" \/>\n\t<meta property=\"og:image:height\" content=\"800\" \/>\n\t<meta property=\"og:image:type\" content=\"image\/jpeg\" \/>\n<meta name=\"twitter:card\" content=\"summary_large_image\" \/>\n<meta name=\"twitter:site\" content=\"@grizzlyadamuk\" \/>\n<meta name=\"twitter:label1\" content=\"Tiempo de lectura\" \/>\n\t<meta name=\"twitter:data1\" content=\"4 minutos\" \/>\n<script type=\"application\/ld+json\" class=\"yoast-schema-graph\">{\"@context\":\"https:\\\/\\\/schema.org\",\"@graph\":[{\"@type\":\"WebPage\",\"@id\":\"https:\\\/\\\/grizzlyadam.co.uk\\\/product\\\/beard-growth-spray-100-all-natural-solution-to-improved-facial-hair-growth-60ml\\\/\",\"url\":\"https:\\\/\\\/grizzlyadam.co.uk\\\/product\\\/beard-growth-spray-100-all-natural-solution-to-improved-facial-hair-growth-60ml\\\/\",\"name\":\"Beard Growth Spray - Buy Online 100% All-Natural Solution to Improved Facial Hair Growth 60ml - Grizzly Adam\",\"isPartOf\":{\"@id\":\"https:\\\/\\\/project1-mke5mv4jgx.live-website.com\\\/#website\"},\"primaryImageOfPage\":{\"@id\":\"https:\\\/\\\/grizzlyadam.co.uk\\\/product\\\/beard-growth-spray-100-all-natural-solution-to-improved-facial-hair-growth-60ml\\\/#primaryimage\"},\"image\":{\"@id\":\"https:\\\/\\\/grizzlyadam.co.uk\\\/product\\\/beard-growth-spray-100-all-natural-solution-to-improved-facial-hair-growth-60ml\\\/#primaryimage\"},\"thumbnailUrl\":\"https:\\\/\\\/grizzlyadam.co.uk\\\/wp-content\\\/uploads\\\/2017\\\/11\\\/Fashion-60ml-Men-Beard-Growth-Mustache-Glow-Stimulator-Fast-Nutrition-Spray.jpg\",\"datePublished\":\"2017-11-25T13:01:26+00:00\",\"dateModified\":\"2025-01-16T01:00:38+00:00\",\"breadcrumb\":{\"@id\":\"https:\\\/\\\/grizzlyadam.co.uk\\\/product\\\/beard-growth-spray-100-all-natural-solution-to-improved-facial-hair-growth-60ml\\\/#breadcrumb\"},\"inLanguage\":\"es\",\"potentialAction\":[{\"@type\":\"ReadAction\",\"target\":[\"https:\\\/\\\/grizzlyadam.co.uk\\\/product\\\/beard-growth-spray-100-all-natural-solution-to-improved-facial-hair-growth-60ml\\\/\"]}]},{\"@type\":\"ImageObject\",\"inLanguage\":\"es\",\"@id\":\"https:\\\/\\\/grizzlyadam.co.uk\\\/product\\\/beard-growth-spray-100-all-natural-solution-to-improved-facial-hair-growth-60ml\\\/#primaryimage\",\"url\":\"https:\\\/\\\/grizzlyadam.co.uk\\\/wp-content\\\/uploads\\\/2017\\\/11\\\/Fashion-60ml-Men-Beard-Growth-Mustache-Glow-Stimulator-Fast-Nutrition-Spray.jpg\",\"contentUrl\":\"https:\\\/\\\/grizzlyadam.co.uk\\\/wp-content\\\/uploads\\\/2017\\\/11\\\/Fashion-60ml-Men-Beard-Growth-Mustache-Glow-Stimulator-Fast-Nutrition-Spray.jpg\",\"width\":800,\"height\":800},{\"@type\":\"BreadcrumbList\",\"@id\":\"https:\\\/\\\/grizzlyadam.co.uk\\\/product\\\/beard-growth-spray-100-all-natural-solution-to-improved-facial-hair-growth-60ml\\\/#breadcrumb\",\"itemListElement\":[{\"@type\":\"ListItem\",\"position\":1,\"name\":\"Home\",\"item\":\"https:\\\/\\\/grizzlyadam.co.uk\\\/\"},{\"@type\":\"ListItem\",\"position\":2,\"name\":\"Shop\",\"item\":\"https:\\\/\\\/project1-mke5mv4jgx.live-website.com\\\/shop\\\/\"},{\"@type\":\"ListItem\",\"position\":3,\"name\":\"Beard Growth Spray &#8211; Buy Online 100% All-Natural Solution to Improved Facial Hair Growth 60ml\"}]},{\"@type\":\"WebSite\",\"@id\":\"https:\\\/\\\/project1-mke5mv4jgx.live-website.com\\\/#website\",\"url\":\"https:\\\/\\\/project1-mke5mv4jgx.live-website.com\\\/\",\"name\":\"Grizzly Adam\",\"description\":\"Beard Oil And Grooming Products For Gentlemen\",\"publisher\":{\"@id\":\"https:\\\/\\\/project1-mke5mv4jgx.live-website.com\\\/#organization\"},\"potentialAction\":[{\"@type\":\"SearchAction\",\"target\":{\"@type\":\"EntryPoint\",\"urlTemplate\":\"https:\\\/\\\/project1-mke5mv4jgx.live-website.com\\\/?s={search_term_string}\"},\"query-input\":{\"@type\":\"PropertyValueSpecification\",\"valueRequired\":true,\"valueName\":\"search_term_string\"}}],\"inLanguage\":\"es\"},{\"@type\":\"Organization\",\"@id\":\"https:\\\/\\\/project1-mke5mv4jgx.live-website.com\\\/#organization\",\"name\":\"GRIZZLY ADAM\",\"url\":\"https:\\\/\\\/project1-mke5mv4jgx.live-website.com\\\/\",\"logo\":{\"@type\":\"ImageObject\",\"inLanguage\":\"es\",\"@id\":\"https:\\\/\\\/project1-mke5mv4jgx.live-website.com\\\/#\\\/schema\\\/logo\\\/image\\\/\",\"url\":\"https:\\\/\\\/grizzlyadam.co.uk\\\/wp-content\\\/uploads\\\/2019\\\/11\\\/gadamlogo.png\",\"contentUrl\":\"https:\\\/\\\/grizzlyadam.co.uk\\\/wp-content\\\/uploads\\\/2019\\\/11\\\/gadamlogo.png\",\"width\":\"200\",\"height\":\"200\",\"caption\":\"GRIZZLY ADAM\"},\"image\":{\"@id\":\"https:\\\/\\\/project1-mke5mv4jgx.live-website.com\\\/#\\\/schema\\\/logo\\\/image\\\/\"},\"sameAs\":[\"https:\\\/\\\/www.facebook.com\\\/grizzlyadamuk\",\"https:\\\/\\\/x.com\\\/grizzlyadamuk\",\"https:\\\/\\\/www.instagram.com\\\/grizzlyadamuk\\\/\"]}]}<\/script>\n<!-- \/ Yoast SEO plugin. -->","yoast_head_json":{"title":"Beard Growth Spray - Buy Online 100% All-Natural Solution to Improved Facial Hair Growth 60ml - Grizzly Adam","robots":{"index":"index","follow":"follow","max-snippet":"max-snippet:-1","max-image-preview":"max-image-preview:large","max-video-preview":"max-video-preview:-1"},"canonical":"https:\/\/grizzlyadam.co.uk\/es\/producto\/beard-growth-spray-100-all-natural-solution-to-improved-facial-hair-growth-60ml\/","og_locale":"es_ES","og_type":"article","og_title":"Beard Growth Spray - Buy Online 100% All-Natural Solution to Improved Facial Hair Growth 60ml - Grizzly Adam","og_description":"STOP SUFFERING FROM A PATCHY, UNEVEN BEARD  QUICKLY REVERSES THE CORE CAUSES OF POOR FACIAL HAIR GROWTH!  100% NATURAL SOLUTION IS PERFECT FOR SENSITIVE SKIN  FOLLOW A SIMPLE 4 STEP PROCESS FOR MAXIMUM RESULTS  SPECIAL OFFER - Buy 2 or More &amp; Get FREE Postage  OFFICIAL UK &amp; EU SUPPLIER - Stocked &amp; Shipped from UK warehouse within few days - No waiting 30+ days from unauthorised eBay sellers  &nbsp;  &nbsp;","og_url":"https:\/\/grizzlyadam.co.uk\/es\/producto\/beard-growth-spray-100-all-natural-solution-to-improved-facial-hair-growth-60ml\/","og_site_name":"Grizzly Adam","article_publisher":"https:\/\/www.facebook.com\/grizzlyadamuk","article_modified_time":"2025-01-16T01:00:38+00:00","og_image":[{"width":800,"height":800,"url":"https:\/\/project1-mke5mv4jgx.live-website.com\/wp-content\/uploads\/2017\/11\/Fashion-60ml-Men-Beard-Growth-Mustache-Glow-Stimulator-Fast-Nutrition-Spray.jpg","type":"image\/jpeg"}],"twitter_card":"summary_large_image","twitter_site":"@grizzlyadamuk","twitter_misc":{"Tiempo de lectura":"4 minutos"},"schema":{"@context":"https:\/\/schema.org","@graph":[{"@type":"WebPage","@id":"https:\/\/grizzlyadam.co.uk\/product\/beard-growth-spray-100-all-natural-solution-to-improved-facial-hair-growth-60ml\/","url":"https:\/\/grizzlyadam.co.uk\/product\/beard-growth-spray-100-all-natural-solution-to-improved-facial-hair-growth-60ml\/","name":"Beard Growth Spray - Buy Online 100% All-Natural Solution to Improved Facial Hair Growth 60ml - Grizzly Adam","isPartOf":{"@id":"https:\/\/project1-mke5mv4jgx.live-website.com\/#website"},"primaryImageOfPage":{"@id":"https:\/\/grizzlyadam.co.uk\/product\/beard-growth-spray-100-all-natural-solution-to-improved-facial-hair-growth-60ml\/#primaryimage"},"image":{"@id":"https:\/\/grizzlyadam.co.uk\/product\/beard-growth-spray-100-all-natural-solution-to-improved-facial-hair-growth-60ml\/#primaryimage"},"thumbnailUrl":"https:\/\/grizzlyadam.co.uk\/wp-content\/uploads\/2017\/11\/Fashion-60ml-Men-Beard-Growth-Mustache-Glow-Stimulator-Fast-Nutrition-Spray.jpg","datePublished":"2017-11-25T13:01:26+00:00","dateModified":"2025-01-16T01:00:38+00:00","breadcrumb":{"@id":"https:\/\/grizzlyadam.co.uk\/product\/beard-growth-spray-100-all-natural-solution-to-improved-facial-hair-growth-60ml\/#breadcrumb"},"inLanguage":"es","potentialAction":[{"@type":"ReadAction","target":["https:\/\/grizzlyadam.co.uk\/product\/beard-growth-spray-100-all-natural-solution-to-improved-facial-hair-growth-60ml\/"]}]},{"@type":"ImageObject","inLanguage":"es","@id":"https:\/\/grizzlyadam.co.uk\/product\/beard-growth-spray-100-all-natural-solution-to-improved-facial-hair-growth-60ml\/#primaryimage","url":"https:\/\/grizzlyadam.co.uk\/wp-content\/uploads\/2017\/11\/Fashion-60ml-Men-Beard-Growth-Mustache-Glow-Stimulator-Fast-Nutrition-Spray.jpg","contentUrl":"https:\/\/grizzlyadam.co.uk\/wp-content\/uploads\/2017\/11\/Fashion-60ml-Men-Beard-Growth-Mustache-Glow-Stimulator-Fast-Nutrition-Spray.jpg","width":800,"height":800},{"@type":"BreadcrumbList","@id":"https:\/\/grizzlyadam.co.uk\/product\/beard-growth-spray-100-all-natural-solution-to-improved-facial-hair-growth-60ml\/#breadcrumb","itemListElement":[{"@type":"ListItem","position":1,"name":"Home","item":"https:\/\/grizzlyadam.co.uk\/"},{"@type":"ListItem","position":2,"name":"Shop","item":"https:\/\/project1-mke5mv4jgx.live-website.com\/shop\/"},{"@type":"ListItem","position":3,"name":"Beard Growth Spray &#8211; Buy Online 100% All-Natural Solution to Improved Facial Hair Growth 60ml"}]},{"@type":"WebSite","@id":"https:\/\/project1-mke5mv4jgx.live-website.com\/#website","url":"https:\/\/project1-mke5mv4jgx.live-website.com\/","name":"Grizzly Adam","description":"Aceite para barba y productos de aseo para caballeros","publisher":{"@id":"https:\/\/project1-mke5mv4jgx.live-website.com\/#organization"},"potentialAction":[{"@type":"SearchAction","target":{"@type":"EntryPoint","urlTemplate":"https:\/\/project1-mke5mv4jgx.live-website.com\/?s={search_term_string}"},"query-input":{"@type":"PropertyValueSpecification","valueRequired":true,"valueName":"search_term_string"}}],"inLanguage":"es"},{"@type":"Organization","@id":"https:\/\/project1-mke5mv4jgx.live-website.com\/#organization","name":"GRIZZLY ADAM","url":"https:\/\/project1-mke5mv4jgx.live-website.com\/","logo":{"@type":"ImageObject","inLanguage":"es","@id":"https:\/\/project1-mke5mv4jgx.live-website.com\/#\/schema\/logo\/image\/","url":"https:\/\/grizzlyadam.co.uk\/wp-content\/uploads\/2019\/11\/gadamlogo.png","contentUrl":"https:\/\/grizzlyadam.co.uk\/wp-content\/uploads\/2019\/11\/gadamlogo.png","width":"200","height":"200","caption":"GRIZZLY ADAM"},"image":{"@id":"https:\/\/project1-mke5mv4jgx.live-website.com\/#\/schema\/logo\/image\/"},"sameAs":["https:\/\/www.facebook.com\/grizzlyadamuk","https:\/\/x.com\/grizzlyadamuk","https:\/\/www.instagram.com\/grizzlyadamuk\/"]}]}},"df_price":18.95,"df_sale_price":"","df_regular_price":18.95,"df_image_link":"https:\/\/grizzlyadam.co.uk\/wp-content\/uploads\/2017\/11\/Fashion-60ml-Men-Beard-Growth-Mustache-Glow-Stimulator-Fast-Nutrition-Spray-300x300.jpg","_links":{"self":[{"href":"https:\/\/grizzlyadam.co.uk\/es\/wp-json\/wp\/v2\/product\/8645","targetHints":{"allow":["GET"]}}],"collection":[{"href":"https:\/\/grizzlyadam.co.uk\/es\/wp-json\/wp\/v2\/product"}],"about":[{"href":"https:\/\/grizzlyadam.co.uk\/es\/wp-json\/wp\/v2\/types\/product"}],"replies":[{"embeddable":true,"href":"https:\/\/grizzlyadam.co.uk\/es\/wp-json\/wp\/v2\/comments?post=8645"}],"wp:featuredmedia":[{"embeddable":true,"href":"https:\/\/grizzlyadam.co.uk\/es\/wp-json\/wp\/v2\/media\/8639"}],"wp:attachment":[{"href":"https:\/\/grizzlyadam.co.uk\/es\/wp-json\/wp\/v2\/media?parent=8645"}],"wp:term":[{"taxonomy":"product_brand","embeddable":true,"href":"https:\/\/grizzlyadam.co.uk\/es\/wp-json\/wp\/v2\/product_brand?post=8645"},{"taxonomy":"product_cat","embeddable":true,"href":"https:\/\/grizzlyadam.co.uk\/es\/wp-json\/wp\/v2\/product_cat?post=8645"},{"taxonomy":"product_tag","embeddable":true,"href":"https:\/\/grizzlyadam.co.uk\/es\/wp-json\/wp\/v2\/product_tag?post=8645"}],"curies":[{"name":"wp","href":"https:\/\/api.w.org\/{rel}","templated":true}]}}