{"id":8075,"date":"2017-10-22T21:49:58","date_gmt":"2017-10-22T20:49:58","guid":{"rendered":"https:\/\/grizzlyadam.co.uk\/product\/premium-beard-shaping-and-styling-template-comb-tool\/"},"modified":"2025-01-24T13:35:02","modified_gmt":"2025-01-24T13:35:02","slug":"premium-beard-shaping-and-styling-template-comb-tool","status":"publish","type":"product","link":"https:\/\/grizzlyadam.co.uk\/es\/producto\/premium-beard-shaping-and-styling-template-comb-tool\/","title":{"rendered":"Plantilla para dar forma y peinar la barba de alta calidad Herramienta peine"},"content":{"rendered":"<p>Todo lo que tiene que hacer es coloc\u00e1rsela en la cara en la posici\u00f3n deseada y utilizar sus l\u00edneas y curvas especialmente dise\u00f1adas como plantilla. Af\u00e9itate o rec\u00f3rtate el vello facial con la maquinilla de afeitar, la recortadora o el cortapelos que prefieras y \u00a1listo! Vello facial masculino perfectamente perfilado y cuidado.<\/p>\n<p>Incluso si usted no lleva barba o bigote, esta plantilla de estilo y forma es un regalo estupendo que cualquier hombre apreciar\u00e1. Pide una para tu padre, hermano, marido, amigo o cualquier otro caballero al que quieras hacer un regalo.<\/p>\n<ul>\n<li>Los plazos de env\u00edo de este producto son de 2 a 4 d\u00edas de media. Para obtener m\u00e1s informaci\u00f3n sobre nuestras pol\u00edticas de env\u00edo por favor lea nuestro <a href=\"https:\/\/grizzlyadam.co.uk\/es\/frequently-asked-questions\/\">P\u00e1gina de preguntas frecuentes<\/a><\/li>\n<\/ul>\n<p>&nbsp;<\/p>","protected":false},"excerpt":{"rendered":"<ul class=\"a-unordered-list a-vertical a-spacing-none collapsedFeatureBullets\">\n<li class=\"showHiddenFeatureBullets\"><span class=\"a-list-item\">\u00a1Perfile y acicale su barba a la perfecci\u00f3n! Consigue un recorte y afeitado de calidad profesional con esta herramienta y tu maquinilla o recortadora.<\/span><\/li>\n<li class=\"showHiddenFeatureBullets\"><span class=\"a-list-item\">Simetr\u00eda perfecta: Con esta herramienta de moldeado, puedes conseguir una forma de barba perfectamente sim\u00e9trica.\u00a0<\/span><\/li>\n<li class=\"showHiddenFeatureBullets\"><span class=\"a-list-item\">M\u00faltiples estilos y formas: La herramienta est\u00e1 dise\u00f1ada para que puedas dar forma a la l\u00ednea de las mejillas, la l\u00ednea del cuello, la l\u00ednea de la mand\u00edbula, el bigote, la perilla y mucho m\u00e1s.<\/span><\/li>\n<li class=\"showHiddenFeatureBullets\"><span class=\"a-list-item\">Peine para barba: El peine para barba incorporado ayuda a alinear la barba adecuadamente para afeitarla\/formarla correctamente.<\/span><\/li>\n<li class=\"showHiddenFeatureBullets\"><span class=\"a-list-item\">Regalo ideal para un hombre que ama su barba.<\/span><\/li>\n<\/ul>","protected":false},"featured_media":8067,"comment_status":"closed","ping_status":"closed","template":"","meta":[],"product_brand":[],"product_cat":[207],"product_tag":[],"class_list":{"0":"post-8075","1":"product","2":"type-product","3":"status-publish","4":"has-post-thumbnail","6":"product_cat-beard-trimming-tools","8":"first","9":"instock","10":"taxable","11":"shipping-taxable","12":"purchasable","13":"product-type-variable","14":"has-default-attributes"},"yoast_head":"<!-- This site is optimized with the Yoast SEO plugin v27.4 - https:\/\/yoast.com\/product\/yoast-seo-wordpress\/ -->\n<title>Premium Beard Shaping and Styling Template Comb Tool - Grizzly Adam<\/title>\n<meta name=\"description\" content=\"Achieve the perfect beard with Grizzly Adam&#039;s Premium Beard Shaping and Styling Template Comb Tool. Made from high-quality materials, this compact and lightweight comb tool lets you trim and shape your beard with precision and ease. Order now!\" \/>\n<meta name=\"robots\" content=\"index, follow, max-snippet:-1, max-image-preview:large, max-video-preview:-1\" \/>\n<link rel=\"canonical\" href=\"https:\/\/grizzlyadam.co.uk\/es\/producto\/premium-beard-shaping-and-styling-template-comb-tool\/\" \/>\n<meta property=\"og:locale\" content=\"es_ES\" \/>\n<meta property=\"og:type\" content=\"article\" \/>\n<meta property=\"og:title\" content=\"Premium Beard Shaping and Styling Template Comb Tool - Grizzly Adam\" \/>\n<meta property=\"og:description\" content=\"Achieve the perfect beard with Grizzly Adam&#039;s Premium Beard Shaping and Styling Template Comb Tool. Made from high-quality materials, this compact and lightweight comb tool lets you trim and shape your beard with precision and ease. Order now!\" \/>\n<meta property=\"og:url\" content=\"https:\/\/grizzlyadam.co.uk\/es\/producto\/premium-beard-shaping-and-styling-template-comb-tool\/\" \/>\n<meta property=\"og:site_name\" content=\"Grizzly Adam\" \/>\n<meta property=\"article:publisher\" content=\"https:\/\/www.facebook.com\/grizzlyadamuk\" \/>\n<meta property=\"article:modified_time\" content=\"2025-01-24T13:35:02+00:00\" \/>\n<meta property=\"og:image\" content=\"https:\/\/project1-mke5mv4jgx.live-website.com\/wp-content\/uploads\/2017\/10\/Hot-1PCS-High-Quality-Beard-Shaping-Styling-Template-PLUS-Beard-Comb-All-In-One-Tool-ABS.jpg\" \/>\n\t<meta property=\"og:image:width\" content=\"800\" \/>\n\t<meta property=\"og:image:height\" content=\"800\" \/>\n\t<meta property=\"og:image:type\" content=\"image\/jpeg\" \/>\n<meta name=\"twitter:card\" content=\"summary_large_image\" \/>\n<meta name=\"twitter:site\" content=\"@grizzlyadamuk\" \/>\n<meta name=\"twitter:label1\" content=\"Tiempo de lectura\" \/>\n\t<meta name=\"twitter:data1\" content=\"1 minuto\" \/>\n<script type=\"application\/ld+json\" class=\"yoast-schema-graph\">{\"@context\":\"https:\\\/\\\/schema.org\",\"@graph\":[{\"@type\":\"WebPage\",\"@id\":\"https:\\\/\\\/grizzlyadam.co.uk\\\/product\\\/premium-beard-shaping-and-styling-template-comb-tool\\\/\",\"url\":\"https:\\\/\\\/grizzlyadam.co.uk\\\/product\\\/premium-beard-shaping-and-styling-template-comb-tool\\\/\",\"name\":\"Premium Beard Shaping and Styling Template Comb Tool - Grizzly Adam\",\"isPartOf\":{\"@id\":\"https:\\\/\\\/project1-mke5mv4jgx.live-website.com\\\/#website\"},\"primaryImageOfPage\":{\"@id\":\"https:\\\/\\\/grizzlyadam.co.uk\\\/product\\\/premium-beard-shaping-and-styling-template-comb-tool\\\/#primaryimage\"},\"image\":{\"@id\":\"https:\\\/\\\/grizzlyadam.co.uk\\\/product\\\/premium-beard-shaping-and-styling-template-comb-tool\\\/#primaryimage\"},\"thumbnailUrl\":\"https:\\\/\\\/grizzlyadam.co.uk\\\/wp-content\\\/uploads\\\/2017\\\/10\\\/Hot-1PCS-High-Quality-Beard-Shaping-Styling-Template-PLUS-Beard-Comb-All-In-One-Tool-ABS.jpg\",\"datePublished\":\"2017-10-22T20:49:58+00:00\",\"dateModified\":\"2025-01-24T13:35:02+00:00\",\"description\":\"Achieve the perfect beard with Grizzly Adam's Premium Beard Shaping and Styling Template Comb Tool. Made from high-quality materials, this compact and lightweight comb tool lets you trim and shape your beard with precision and ease. Order now!\",\"breadcrumb\":{\"@id\":\"https:\\\/\\\/grizzlyadam.co.uk\\\/product\\\/premium-beard-shaping-and-styling-template-comb-tool\\\/#breadcrumb\"},\"inLanguage\":\"es\",\"potentialAction\":[{\"@type\":\"ReadAction\",\"target\":[\"https:\\\/\\\/grizzlyadam.co.uk\\\/product\\\/premium-beard-shaping-and-styling-template-comb-tool\\\/\"]}]},{\"@type\":\"ImageObject\",\"inLanguage\":\"es\",\"@id\":\"https:\\\/\\\/grizzlyadam.co.uk\\\/product\\\/premium-beard-shaping-and-styling-template-comb-tool\\\/#primaryimage\",\"url\":\"https:\\\/\\\/grizzlyadam.co.uk\\\/wp-content\\\/uploads\\\/2017\\\/10\\\/Hot-1PCS-High-Quality-Beard-Shaping-Styling-Template-PLUS-Beard-Comb-All-In-One-Tool-ABS.jpg\",\"contentUrl\":\"https:\\\/\\\/grizzlyadam.co.uk\\\/wp-content\\\/uploads\\\/2017\\\/10\\\/Hot-1PCS-High-Quality-Beard-Shaping-Styling-Template-PLUS-Beard-Comb-All-In-One-Tool-ABS.jpg\",\"width\":800,\"height\":800},{\"@type\":\"BreadcrumbList\",\"@id\":\"https:\\\/\\\/grizzlyadam.co.uk\\\/product\\\/premium-beard-shaping-and-styling-template-comb-tool\\\/#breadcrumb\",\"itemListElement\":[{\"@type\":\"ListItem\",\"position\":1,\"name\":\"Home\",\"item\":\"https:\\\/\\\/grizzlyadam.co.uk\\\/\"},{\"@type\":\"ListItem\",\"position\":2,\"name\":\"Shop\",\"item\":\"https:\\\/\\\/project1-mke5mv4jgx.live-website.com\\\/shop\\\/\"},{\"@type\":\"ListItem\",\"position\":3,\"name\":\"Premium Beard Shaping and Styling Template Comb Tool\"}]},{\"@type\":\"WebSite\",\"@id\":\"https:\\\/\\\/project1-mke5mv4jgx.live-website.com\\\/#website\",\"url\":\"https:\\\/\\\/project1-mke5mv4jgx.live-website.com\\\/\",\"name\":\"Grizzly Adam\",\"description\":\"Beard Oil And Grooming Products For Gentlemen\",\"publisher\":{\"@id\":\"https:\\\/\\\/project1-mke5mv4jgx.live-website.com\\\/#organization\"},\"potentialAction\":[{\"@type\":\"SearchAction\",\"target\":{\"@type\":\"EntryPoint\",\"urlTemplate\":\"https:\\\/\\\/project1-mke5mv4jgx.live-website.com\\\/?s={search_term_string}\"},\"query-input\":{\"@type\":\"PropertyValueSpecification\",\"valueRequired\":true,\"valueName\":\"search_term_string\"}}],\"inLanguage\":\"es\"},{\"@type\":\"Organization\",\"@id\":\"https:\\\/\\\/project1-mke5mv4jgx.live-website.com\\\/#organization\",\"name\":\"GRIZZLY ADAM\",\"url\":\"https:\\\/\\\/project1-mke5mv4jgx.live-website.com\\\/\",\"logo\":{\"@type\":\"ImageObject\",\"inLanguage\":\"es\",\"@id\":\"https:\\\/\\\/project1-mke5mv4jgx.live-website.com\\\/#\\\/schema\\\/logo\\\/image\\\/\",\"url\":\"https:\\\/\\\/grizzlyadam.co.uk\\\/wp-content\\\/uploads\\\/2019\\\/11\\\/gadamlogo.png\",\"contentUrl\":\"https:\\\/\\\/grizzlyadam.co.uk\\\/wp-content\\\/uploads\\\/2019\\\/11\\\/gadamlogo.png\",\"width\":\"200\",\"height\":\"200\",\"caption\":\"GRIZZLY ADAM\"},\"image\":{\"@id\":\"https:\\\/\\\/project1-mke5mv4jgx.live-website.com\\\/#\\\/schema\\\/logo\\\/image\\\/\"},\"sameAs\":[\"https:\\\/\\\/www.facebook.com\\\/grizzlyadamuk\",\"https:\\\/\\\/x.com\\\/grizzlyadamuk\",\"https:\\\/\\\/www.instagram.com\\\/grizzlyadamuk\\\/\"]}]}<\/script>\n<!-- \/ Yoast SEO plugin. -->","yoast_head_json":{"title":"Premium Beard Shaping and Styling Template Comb Tool - Grizzly Adam","description":"Achieve the perfect beard with Grizzly Adam's Premium Beard Shaping and Styling Template Comb Tool. Made from high-quality materials, this compact and lightweight comb tool lets you trim and shape your beard with precision and ease. Order now!","robots":{"index":"index","follow":"follow","max-snippet":"max-snippet:-1","max-image-preview":"max-image-preview:large","max-video-preview":"max-video-preview:-1"},"canonical":"https:\/\/grizzlyadam.co.uk\/es\/producto\/premium-beard-shaping-and-styling-template-comb-tool\/","og_locale":"es_ES","og_type":"article","og_title":"Premium Beard Shaping and Styling Template Comb Tool - Grizzly Adam","og_description":"Achieve the perfect beard with Grizzly Adam's Premium Beard Shaping and Styling Template Comb Tool. Made from high-quality materials, this compact and lightweight comb tool lets you trim and shape your beard with precision and ease. Order now!","og_url":"https:\/\/grizzlyadam.co.uk\/es\/producto\/premium-beard-shaping-and-styling-template-comb-tool\/","og_site_name":"Grizzly Adam","article_publisher":"https:\/\/www.facebook.com\/grizzlyadamuk","article_modified_time":"2025-01-24T13:35:02+00:00","og_image":[{"width":800,"height":800,"url":"https:\/\/project1-mke5mv4jgx.live-website.com\/wp-content\/uploads\/2017\/10\/Hot-1PCS-High-Quality-Beard-Shaping-Styling-Template-PLUS-Beard-Comb-All-In-One-Tool-ABS.jpg","type":"image\/jpeg"}],"twitter_card":"summary_large_image","twitter_site":"@grizzlyadamuk","twitter_misc":{"Tiempo de lectura":"1 minuto"},"schema":{"@context":"https:\/\/schema.org","@graph":[{"@type":"WebPage","@id":"https:\/\/grizzlyadam.co.uk\/product\/premium-beard-shaping-and-styling-template-comb-tool\/","url":"https:\/\/grizzlyadam.co.uk\/product\/premium-beard-shaping-and-styling-template-comb-tool\/","name":"Premium Beard Shaping and Styling Template Comb Tool - Grizzly Adam","isPartOf":{"@id":"https:\/\/project1-mke5mv4jgx.live-website.com\/#website"},"primaryImageOfPage":{"@id":"https:\/\/grizzlyadam.co.uk\/product\/premium-beard-shaping-and-styling-template-comb-tool\/#primaryimage"},"image":{"@id":"https:\/\/grizzlyadam.co.uk\/product\/premium-beard-shaping-and-styling-template-comb-tool\/#primaryimage"},"thumbnailUrl":"https:\/\/grizzlyadam.co.uk\/wp-content\/uploads\/2017\/10\/Hot-1PCS-High-Quality-Beard-Shaping-Styling-Template-PLUS-Beard-Comb-All-In-One-Tool-ABS.jpg","datePublished":"2017-10-22T20:49:58+00:00","dateModified":"2025-01-24T13:35:02+00:00","description":"Achieve the perfect beard with Grizzly Adam's Premium Beard Shaping and Styling Template Comb Tool. Made from high-quality materials, this compact and lightweight comb tool lets you trim and shape your beard with precision and ease. Order now!","breadcrumb":{"@id":"https:\/\/grizzlyadam.co.uk\/product\/premium-beard-shaping-and-styling-template-comb-tool\/#breadcrumb"},"inLanguage":"es","potentialAction":[{"@type":"ReadAction","target":["https:\/\/grizzlyadam.co.uk\/product\/premium-beard-shaping-and-styling-template-comb-tool\/"]}]},{"@type":"ImageObject","inLanguage":"es","@id":"https:\/\/grizzlyadam.co.uk\/product\/premium-beard-shaping-and-styling-template-comb-tool\/#primaryimage","url":"https:\/\/grizzlyadam.co.uk\/wp-content\/uploads\/2017\/10\/Hot-1PCS-High-Quality-Beard-Shaping-Styling-Template-PLUS-Beard-Comb-All-In-One-Tool-ABS.jpg","contentUrl":"https:\/\/grizzlyadam.co.uk\/wp-content\/uploads\/2017\/10\/Hot-1PCS-High-Quality-Beard-Shaping-Styling-Template-PLUS-Beard-Comb-All-In-One-Tool-ABS.jpg","width":800,"height":800},{"@type":"BreadcrumbList","@id":"https:\/\/grizzlyadam.co.uk\/product\/premium-beard-shaping-and-styling-template-comb-tool\/#breadcrumb","itemListElement":[{"@type":"ListItem","position":1,"name":"Home","item":"https:\/\/grizzlyadam.co.uk\/"},{"@type":"ListItem","position":2,"name":"Shop","item":"https:\/\/project1-mke5mv4jgx.live-website.com\/shop\/"},{"@type":"ListItem","position":3,"name":"Premium Beard Shaping and Styling Template Comb Tool"}]},{"@type":"WebSite","@id":"https:\/\/project1-mke5mv4jgx.live-website.com\/#website","url":"https:\/\/project1-mke5mv4jgx.live-website.com\/","name":"Grizzly Adam","description":"Aceite para barba y productos de aseo para caballeros","publisher":{"@id":"https:\/\/project1-mke5mv4jgx.live-website.com\/#organization"},"potentialAction":[{"@type":"SearchAction","target":{"@type":"EntryPoint","urlTemplate":"https:\/\/project1-mke5mv4jgx.live-website.com\/?s={search_term_string}"},"query-input":{"@type":"PropertyValueSpecification","valueRequired":true,"valueName":"search_term_string"}}],"inLanguage":"es"},{"@type":"Organization","@id":"https:\/\/project1-mke5mv4jgx.live-website.com\/#organization","name":"GRIZZLY ADAM","url":"https:\/\/project1-mke5mv4jgx.live-website.com\/","logo":{"@type":"ImageObject","inLanguage":"es","@id":"https:\/\/project1-mke5mv4jgx.live-website.com\/#\/schema\/logo\/image\/","url":"https:\/\/grizzlyadam.co.uk\/wp-content\/uploads\/2019\/11\/gadamlogo.png","contentUrl":"https:\/\/grizzlyadam.co.uk\/wp-content\/uploads\/2019\/11\/gadamlogo.png","width":"200","height":"200","caption":"GRIZZLY ADAM"},"image":{"@id":"https:\/\/project1-mke5mv4jgx.live-website.com\/#\/schema\/logo\/image\/"},"sameAs":["https:\/\/www.facebook.com\/grizzlyadamuk","https:\/\/x.com\/grizzlyadamuk","https:\/\/www.instagram.com\/grizzlyadamuk\/"]}]}},"df_price":10.95,"df_sale_price":"","df_regular_price":10.95,"df_image_link":"https:\/\/grizzlyadam.co.uk\/wp-content\/uploads\/2017\/10\/Hot-1PCS-High-Quality-Beard-Shaping-Styling-Template-PLUS-Beard-Comb-All-In-One-Tool-ABS-300x300.jpg","_links":{"self":[{"href":"https:\/\/grizzlyadam.co.uk\/es\/wp-json\/wp\/v2\/product\/8075","targetHints":{"allow":["GET"]}}],"collection":[{"href":"https:\/\/grizzlyadam.co.uk\/es\/wp-json\/wp\/v2\/product"}],"about":[{"href":"https:\/\/grizzlyadam.co.uk\/es\/wp-json\/wp\/v2\/types\/product"}],"replies":[{"embeddable":true,"href":"https:\/\/grizzlyadam.co.uk\/es\/wp-json\/wp\/v2\/comments?post=8075"}],"wp:featuredmedia":[{"embeddable":true,"href":"https:\/\/grizzlyadam.co.uk\/es\/wp-json\/wp\/v2\/media\/8067"}],"wp:attachment":[{"href":"https:\/\/grizzlyadam.co.uk\/es\/wp-json\/wp\/v2\/media?parent=8075"}],"wp:term":[{"taxonomy":"product_brand","embeddable":true,"href":"https:\/\/grizzlyadam.co.uk\/es\/wp-json\/wp\/v2\/product_brand?post=8075"},{"taxonomy":"product_cat","embeddable":true,"href":"https:\/\/grizzlyadam.co.uk\/es\/wp-json\/wp\/v2\/product_cat?post=8075"},{"taxonomy":"product_tag","embeddable":true,"href":"https:\/\/grizzlyadam.co.uk\/es\/wp-json\/wp\/v2\/product_tag?post=8075"}],"curies":[{"name":"wp","href":"https:\/\/api.w.org\/{rel}","templated":true}]}}