{"id":8065,"date":"2017-10-22T21:30:19","date_gmt":"2017-10-22T20:30:19","guid":{"rendered":"https:\/\/grizzlyadam.co.uk\/product\/folding-moustache-beard-comb\/"},"modified":"2021-11-07T10:57:55","modified_gmt":"2021-11-07T10:57:55","slug":"folding-moustache-beard-comb","status":"publish","type":"product","link":"https:\/\/grizzlyadam.co.uk\/es\/producto\/folding-moustache-beard-comb\/","title":{"rendered":"Peine plegable para bigote y barba - Buena calidad Comprar en l\u00ednea"},"content":{"rendered":"<p>Peine plegable de madera para barba dise\u00f1ado para caber en el bolsillo y poder llevarlo a todas partes.<\/p>\n<p>Este peine compacto es ideal para la barba o el cabello.<\/p>\n<p>Utiliza este peine en tu barba para un aseo antiest\u00e1tico y sin enredos, ideal para usar con aceites y b\u00e1lsamos para barba para mantener ese aspecto bien cuidado.<\/p>\n<ul>\n<li>El plazo medio de entrega de este producto es de 14 d\u00edas. Para obtener m\u00e1s informaci\u00f3n sobre nuestras pol\u00edticas de env\u00edo, lea nuestro <a href=\"https:\/\/grizzlyadam.co.uk\/es\/frequently-asked-questions\/\">P\u00e1gina de preguntas frecuentes<\/a><\/li>\n<\/ul>\n<p>&nbsp;<\/p>\n<p>Material: : Madera<br \/>\nTama\u00f1o del art\u00edculo (sin plegar): Aprox. 18.2 * 3.5 * 1.2cm \/ 7.2 * 1.4 * 0.5in (L * W * H)<br \/>\nTama\u00f1o del art\u00edculo (plegado): Aprox. 10 * 4 * 1.2cm \/ 3.9 * 1.6 * 0.5in (L * W * H)<br \/>\nPeso del art\u00edculo: : Aprox. 30.1g \/ 1.1oz<\/p>","protected":false},"excerpt":{"rendered":"<ul>\n<li>A diferencia de los t\u00edpicos peines de pl\u00e1stico o acero que provocan electricidad est\u00e1tica pegajosa, este peine de madera maciza y lisa es una forma f\u00e1cil de evitar ese enfado matutino.<\/li>\n<li class=\"showHiddenFeatureBullets\"><span class=\"a-list-item\">Utiliza esta herramienta de aseo masculino tanto para el pelo de la cabeza como para la barba<\/span><\/li>\n<li>Evita que el cabello se reseque distribuyendo uniformemente la grasa de la piel a los fol\u00edculos<\/li>\n<li>Prep\u00e1rate para recibir cumplidos de tu barba, de tus fosas nasales y de tu pareja.<\/li>\n<\/ul>","protected":false},"featured_media":8059,"comment_status":"open","ping_status":"closed","template":"","meta":[],"product_brand":[],"product_cat":[71,72],"product_tag":[81,76,249],"class_list":{"0":"post-8065","1":"product","2":"type-product","3":"status-publish","4":"has-post-thumbnail","6":"product_cat-accessories","7":"product_cat-beard-comb","8":"product_tag-beard-comb","9":"product_tag-comb","10":"product_tag-wood","12":"first","13":"instock","14":"taxable","15":"shipping-taxable","16":"purchasable","17":"product-type-simple"},"yoast_head":"<!-- This site is optimized with the Yoast SEO plugin v27.4 - https:\/\/yoast.com\/product\/yoast-seo-wordpress\/ -->\n<title>Folding Moustache &amp; Beard Comb - Good Quality Buy Online - Grizzly Adam<\/title>\n<meta name=\"robots\" content=\"index, follow, max-snippet:-1, max-image-preview:large, max-video-preview:-1\" \/>\n<link rel=\"canonical\" href=\"https:\/\/grizzlyadam.co.uk\/es\/producto\/folding-moustache-beard-comb\/\" \/>\n<meta property=\"og:locale\" content=\"es_ES\" \/>\n<meta property=\"og:type\" content=\"article\" \/>\n<meta property=\"og:title\" content=\"Folding Moustache &amp; Beard Comb - Good Quality Buy Online - Grizzly Adam\" \/>\n<meta property=\"og:description\" content=\"Unlike typical plastic or steel combs that cause clingy static electricity, this solid and smooth wood comb is an easy way to avoid that morning anger!  Use This Men&#039;s Grooming Tool for Both Head Hair and Beards  Prevents your hair from drying out by evenly distributing oil from the skin to your\u00a0follicles  Get ready to receive compliments from your beard, nostrils, and your significant other.\" \/>\n<meta property=\"og:url\" content=\"https:\/\/grizzlyadam.co.uk\/es\/producto\/folding-moustache-beard-comb\/\" \/>\n<meta property=\"og:site_name\" content=\"Grizzly Adam\" \/>\n<meta property=\"article:publisher\" content=\"https:\/\/www.facebook.com\/grizzlyadamuk\" \/>\n<meta property=\"article:modified_time\" content=\"2021-11-07T10:57:55+00:00\" \/>\n<meta property=\"og:image\" content=\"https:\/\/project1-mke5mv4jgx.live-website.com\/wp-content\/uploads\/2017\/10\/Wood-Anti-static-Folding-Moustache-Beard-Comb-Multifunctional-Moustache-Comb-Hair-Comb-Brush-Hairbrush-for-Men.jpg\" \/>\n\t<meta property=\"og:image:width\" content=\"1000\" \/>\n\t<meta property=\"og:image:height\" content=\"1000\" \/>\n\t<meta property=\"og:image:type\" content=\"image\/jpeg\" \/>\n<meta name=\"twitter:card\" content=\"summary_large_image\" \/>\n<meta name=\"twitter:site\" content=\"@grizzlyadamuk\" \/>\n<meta name=\"twitter:label1\" content=\"Tiempo de lectura\" \/>\n\t<meta name=\"twitter:data1\" content=\"1 minuto\" \/>\n<script type=\"application\/ld+json\" class=\"yoast-schema-graph\">{\"@context\":\"https:\\\/\\\/schema.org\",\"@graph\":[{\"@type\":\"WebPage\",\"@id\":\"https:\\\/\\\/grizzlyadam.co.uk\\\/product\\\/folding-moustache-beard-comb\\\/\",\"url\":\"https:\\\/\\\/grizzlyadam.co.uk\\\/product\\\/folding-moustache-beard-comb\\\/\",\"name\":\"Folding Moustache &amp; Beard Comb - Good Quality Buy Online - Grizzly Adam\",\"isPartOf\":{\"@id\":\"https:\\\/\\\/project1-mke5mv4jgx.live-website.com\\\/#website\"},\"primaryImageOfPage\":{\"@id\":\"https:\\\/\\\/grizzlyadam.co.uk\\\/product\\\/folding-moustache-beard-comb\\\/#primaryimage\"},\"image\":{\"@id\":\"https:\\\/\\\/grizzlyadam.co.uk\\\/product\\\/folding-moustache-beard-comb\\\/#primaryimage\"},\"thumbnailUrl\":\"https:\\\/\\\/grizzlyadam.co.uk\\\/wp-content\\\/uploads\\\/2017\\\/10\\\/Wood-Anti-static-Folding-Moustache-Beard-Comb-Multifunctional-Moustache-Comb-Hair-Comb-Brush-Hairbrush-for-Men.jpg\",\"datePublished\":\"2017-10-22T20:30:19+00:00\",\"dateModified\":\"2021-11-07T10:57:55+00:00\",\"breadcrumb\":{\"@id\":\"https:\\\/\\\/grizzlyadam.co.uk\\\/product\\\/folding-moustache-beard-comb\\\/#breadcrumb\"},\"inLanguage\":\"es\",\"potentialAction\":[{\"@type\":\"ReadAction\",\"target\":[\"https:\\\/\\\/grizzlyadam.co.uk\\\/product\\\/folding-moustache-beard-comb\\\/\"]}]},{\"@type\":\"ImageObject\",\"inLanguage\":\"es\",\"@id\":\"https:\\\/\\\/grizzlyadam.co.uk\\\/product\\\/folding-moustache-beard-comb\\\/#primaryimage\",\"url\":\"https:\\\/\\\/grizzlyadam.co.uk\\\/wp-content\\\/uploads\\\/2017\\\/10\\\/Wood-Anti-static-Folding-Moustache-Beard-Comb-Multifunctional-Moustache-Comb-Hair-Comb-Brush-Hairbrush-for-Men.jpg\",\"contentUrl\":\"https:\\\/\\\/grizzlyadam.co.uk\\\/wp-content\\\/uploads\\\/2017\\\/10\\\/Wood-Anti-static-Folding-Moustache-Beard-Comb-Multifunctional-Moustache-Comb-Hair-Comb-Brush-Hairbrush-for-Men.jpg\",\"width\":1000,\"height\":1000},{\"@type\":\"BreadcrumbList\",\"@id\":\"https:\\\/\\\/grizzlyadam.co.uk\\\/product\\\/folding-moustache-beard-comb\\\/#breadcrumb\",\"itemListElement\":[{\"@type\":\"ListItem\",\"position\":1,\"name\":\"Home\",\"item\":\"https:\\\/\\\/grizzlyadam.co.uk\\\/\"},{\"@type\":\"ListItem\",\"position\":2,\"name\":\"Shop\",\"item\":\"https:\\\/\\\/project1-mke5mv4jgx.live-website.com\\\/shop\\\/\"},{\"@type\":\"ListItem\",\"position\":3,\"name\":\"Folding Moustache &amp; Beard Comb &#8211; Good Quality Buy Online\"}]},{\"@type\":\"WebSite\",\"@id\":\"https:\\\/\\\/project1-mke5mv4jgx.live-website.com\\\/#website\",\"url\":\"https:\\\/\\\/project1-mke5mv4jgx.live-website.com\\\/\",\"name\":\"Grizzly Adam\",\"description\":\"Beard Oil And Grooming Products For Gentlemen\",\"publisher\":{\"@id\":\"https:\\\/\\\/project1-mke5mv4jgx.live-website.com\\\/#organization\"},\"potentialAction\":[{\"@type\":\"SearchAction\",\"target\":{\"@type\":\"EntryPoint\",\"urlTemplate\":\"https:\\\/\\\/project1-mke5mv4jgx.live-website.com\\\/?s={search_term_string}\"},\"query-input\":{\"@type\":\"PropertyValueSpecification\",\"valueRequired\":true,\"valueName\":\"search_term_string\"}}],\"inLanguage\":\"es\"},{\"@type\":\"Organization\",\"@id\":\"https:\\\/\\\/project1-mke5mv4jgx.live-website.com\\\/#organization\",\"name\":\"GRIZZLY ADAM\",\"url\":\"https:\\\/\\\/project1-mke5mv4jgx.live-website.com\\\/\",\"logo\":{\"@type\":\"ImageObject\",\"inLanguage\":\"es\",\"@id\":\"https:\\\/\\\/project1-mke5mv4jgx.live-website.com\\\/#\\\/schema\\\/logo\\\/image\\\/\",\"url\":\"https:\\\/\\\/grizzlyadam.co.uk\\\/wp-content\\\/uploads\\\/2019\\\/11\\\/gadamlogo.png\",\"contentUrl\":\"https:\\\/\\\/grizzlyadam.co.uk\\\/wp-content\\\/uploads\\\/2019\\\/11\\\/gadamlogo.png\",\"width\":\"200\",\"height\":\"200\",\"caption\":\"GRIZZLY ADAM\"},\"image\":{\"@id\":\"https:\\\/\\\/project1-mke5mv4jgx.live-website.com\\\/#\\\/schema\\\/logo\\\/image\\\/\"},\"sameAs\":[\"https:\\\/\\\/www.facebook.com\\\/grizzlyadamuk\",\"https:\\\/\\\/x.com\\\/grizzlyadamuk\",\"https:\\\/\\\/www.instagram.com\\\/grizzlyadamuk\\\/\"]}]}<\/script>\n<!-- \/ Yoast SEO plugin. -->","yoast_head_json":{"title":"Folding Moustache &amp; Beard Comb - Good Quality Buy Online - Grizzly Adam","robots":{"index":"index","follow":"follow","max-snippet":"max-snippet:-1","max-image-preview":"max-image-preview:large","max-video-preview":"max-video-preview:-1"},"canonical":"https:\/\/grizzlyadam.co.uk\/es\/producto\/folding-moustache-beard-comb\/","og_locale":"es_ES","og_type":"article","og_title":"Folding Moustache &amp; Beard Comb - Good Quality Buy Online - Grizzly Adam","og_description":"Unlike typical plastic or steel combs that cause clingy static electricity, this solid and smooth wood comb is an easy way to avoid that morning anger!  Use This Men's Grooming Tool for Both Head Hair and Beards  Prevents your hair from drying out by evenly distributing oil from the skin to your\u00a0follicles  Get ready to receive compliments from your beard, nostrils, and your significant other.","og_url":"https:\/\/grizzlyadam.co.uk\/es\/producto\/folding-moustache-beard-comb\/","og_site_name":"Grizzly Adam","article_publisher":"https:\/\/www.facebook.com\/grizzlyadamuk","article_modified_time":"2021-11-07T10:57:55+00:00","og_image":[{"width":1000,"height":1000,"url":"https:\/\/project1-mke5mv4jgx.live-website.com\/wp-content\/uploads\/2017\/10\/Wood-Anti-static-Folding-Moustache-Beard-Comb-Multifunctional-Moustache-Comb-Hair-Comb-Brush-Hairbrush-for-Men.jpg","type":"image\/jpeg"}],"twitter_card":"summary_large_image","twitter_site":"@grizzlyadamuk","twitter_misc":{"Tiempo de lectura":"1 minuto"},"schema":{"@context":"https:\/\/schema.org","@graph":[{"@type":"WebPage","@id":"https:\/\/grizzlyadam.co.uk\/product\/folding-moustache-beard-comb\/","url":"https:\/\/grizzlyadam.co.uk\/product\/folding-moustache-beard-comb\/","name":"Folding Moustache &amp; Beard Comb - Good Quality Buy Online - Grizzly Adam","isPartOf":{"@id":"https:\/\/project1-mke5mv4jgx.live-website.com\/#website"},"primaryImageOfPage":{"@id":"https:\/\/grizzlyadam.co.uk\/product\/folding-moustache-beard-comb\/#primaryimage"},"image":{"@id":"https:\/\/grizzlyadam.co.uk\/product\/folding-moustache-beard-comb\/#primaryimage"},"thumbnailUrl":"https:\/\/grizzlyadam.co.uk\/wp-content\/uploads\/2017\/10\/Wood-Anti-static-Folding-Moustache-Beard-Comb-Multifunctional-Moustache-Comb-Hair-Comb-Brush-Hairbrush-for-Men.jpg","datePublished":"2017-10-22T20:30:19+00:00","dateModified":"2021-11-07T10:57:55+00:00","breadcrumb":{"@id":"https:\/\/grizzlyadam.co.uk\/product\/folding-moustache-beard-comb\/#breadcrumb"},"inLanguage":"es","potentialAction":[{"@type":"ReadAction","target":["https:\/\/grizzlyadam.co.uk\/product\/folding-moustache-beard-comb\/"]}]},{"@type":"ImageObject","inLanguage":"es","@id":"https:\/\/grizzlyadam.co.uk\/product\/folding-moustache-beard-comb\/#primaryimage","url":"https:\/\/grizzlyadam.co.uk\/wp-content\/uploads\/2017\/10\/Wood-Anti-static-Folding-Moustache-Beard-Comb-Multifunctional-Moustache-Comb-Hair-Comb-Brush-Hairbrush-for-Men.jpg","contentUrl":"https:\/\/grizzlyadam.co.uk\/wp-content\/uploads\/2017\/10\/Wood-Anti-static-Folding-Moustache-Beard-Comb-Multifunctional-Moustache-Comb-Hair-Comb-Brush-Hairbrush-for-Men.jpg","width":1000,"height":1000},{"@type":"BreadcrumbList","@id":"https:\/\/grizzlyadam.co.uk\/product\/folding-moustache-beard-comb\/#breadcrumb","itemListElement":[{"@type":"ListItem","position":1,"name":"Home","item":"https:\/\/grizzlyadam.co.uk\/"},{"@type":"ListItem","position":2,"name":"Shop","item":"https:\/\/project1-mke5mv4jgx.live-website.com\/shop\/"},{"@type":"ListItem","position":3,"name":"Folding Moustache &amp; Beard Comb &#8211; Good Quality Buy Online"}]},{"@type":"WebSite","@id":"https:\/\/project1-mke5mv4jgx.live-website.com\/#website","url":"https:\/\/project1-mke5mv4jgx.live-website.com\/","name":"Grizzly Adam","description":"Aceite para barba y productos de aseo para caballeros","publisher":{"@id":"https:\/\/project1-mke5mv4jgx.live-website.com\/#organization"},"potentialAction":[{"@type":"SearchAction","target":{"@type":"EntryPoint","urlTemplate":"https:\/\/project1-mke5mv4jgx.live-website.com\/?s={search_term_string}"},"query-input":{"@type":"PropertyValueSpecification","valueRequired":true,"valueName":"search_term_string"}}],"inLanguage":"es"},{"@type":"Organization","@id":"https:\/\/project1-mke5mv4jgx.live-website.com\/#organization","name":"GRIZZLY ADAM","url":"https:\/\/project1-mke5mv4jgx.live-website.com\/","logo":{"@type":"ImageObject","inLanguage":"es","@id":"https:\/\/project1-mke5mv4jgx.live-website.com\/#\/schema\/logo\/image\/","url":"https:\/\/grizzlyadam.co.uk\/wp-content\/uploads\/2019\/11\/gadamlogo.png","contentUrl":"https:\/\/grizzlyadam.co.uk\/wp-content\/uploads\/2019\/11\/gadamlogo.png","width":"200","height":"200","caption":"GRIZZLY ADAM"},"image":{"@id":"https:\/\/project1-mke5mv4jgx.live-website.com\/#\/schema\/logo\/image\/"},"sameAs":["https:\/\/www.facebook.com\/grizzlyadamuk","https:\/\/x.com\/grizzlyadamuk","https:\/\/www.instagram.com\/grizzlyadamuk\/"]}]}},"df_price":13.95,"df_sale_price":"","df_regular_price":13.95,"df_image_link":"https:\/\/grizzlyadam.co.uk\/wp-content\/uploads\/2017\/10\/Wood-Anti-static-Folding-Moustache-Beard-Comb-Multifunctional-Moustache-Comb-Hair-Comb-Brush-Hairbrush-for-Men-300x300.jpg","_links":{"self":[{"href":"https:\/\/grizzlyadam.co.uk\/es\/wp-json\/wp\/v2\/product\/8065","targetHints":{"allow":["GET"]}}],"collection":[{"href":"https:\/\/grizzlyadam.co.uk\/es\/wp-json\/wp\/v2\/product"}],"about":[{"href":"https:\/\/grizzlyadam.co.uk\/es\/wp-json\/wp\/v2\/types\/product"}],"replies":[{"embeddable":true,"href":"https:\/\/grizzlyadam.co.uk\/es\/wp-json\/wp\/v2\/comments?post=8065"}],"wp:featuredmedia":[{"embeddable":true,"href":"https:\/\/grizzlyadam.co.uk\/es\/wp-json\/wp\/v2\/media\/8059"}],"wp:attachment":[{"href":"https:\/\/grizzlyadam.co.uk\/es\/wp-json\/wp\/v2\/media?parent=8065"}],"wp:term":[{"taxonomy":"product_brand","embeddable":true,"href":"https:\/\/grizzlyadam.co.uk\/es\/wp-json\/wp\/v2\/product_brand?post=8065"},{"taxonomy":"product_cat","embeddable":true,"href":"https:\/\/grizzlyadam.co.uk\/es\/wp-json\/wp\/v2\/product_cat?post=8065"},{"taxonomy":"product_tag","embeddable":true,"href":"https:\/\/grizzlyadam.co.uk\/es\/wp-json\/wp\/v2\/product_tag?post=8065"}],"curies":[{"name":"wp","href":"https:\/\/api.w.org\/{rel}","templated":true}]}}