{"id":7874,"date":"2017-10-07T18:24:15","date_gmt":"2017-10-07T17:24:15","guid":{"rendered":"https:\/\/grizzlyadam.co.uk\/product\/black-boar-hair-beard-brush-use-with-balm-beard-oil-to-style-groom\/"},"modified":"2025-12-03T08:38:38","modified_gmt":"2025-12-03T08:38:38","slug":"black-boar-hair-beard-brush-use-with-balm-beard-oil-to-style-groom","status":"publish","type":"product","link":"https:\/\/grizzlyadam.co.uk\/es\/producto\/black-boar-hair-beard-brush-use-with-balm-beard-oil-to-style-groom\/","title":{"rendered":"Cepillo para Barba de Pelo de Jabal\u00ed Negro - \u00daselo con B\u00e1lsamo y Aceite para Barba para Peinar y Acicalar - Compre Online"},"content":{"rendered":"<p><strong>POR FIN - EL CEPILLO DE BARBA PARA EL CABALLERO MODERNO<\/strong><\/p>\n<p>Cerdas de pelo de jabal\u00ed 100% de alta calidad, encajadas en madera maciza, te\u00f1ida de negro para crear un aspecto cl\u00e1sico. Este cepillo suavizar\u00e1, limpiar\u00e1 y estilizar\u00e1 tu barba cada vez que lo utilices.<\/p>\n<p><strong>\u00bfS\u00d3LO USAS B\u00c1LSAMO O ACEITE? NO EST\u00c1S HACIENDO LO SUFICIENTE<\/strong><\/p>\n<p>Las cerdas de pelo de jabal\u00ed natural, moderadamente r\u00edgidas, penetran en profundidad, eliminando la piel muerta y los pelos atrapados en la barba, dej\u00e1ndola m\u00e1s suave, lisa y sana que con el uso de aceite o b\u00e1lsamo para barba solamente.<\/p>\n<p>Ideal para usar con nuestro B\u00e1lsamo o Aceite para Barba Premium, este cepillo para barba de primera calidad ayudar\u00e1 a convertir su barba en una obra maestra.<\/p>\n<p><strong>CONCEBIDO PARA HOMBRES<\/strong><\/p>\n<p>Hay demasiados cepillos en el mercado que hacen que parezca que has robado el cepillo de pelo de tu hermana cuando domas tu barba. Ya es hora de que alguien ofrezca a los hombres un cepillo para barba aut\u00e9ntico y honesto, no s\u00f3lo un cepillo para el pelo reutilizado. Eso es lo que nos propusimos hacer, y creemos que te encantar\u00e1. Est\u00e1 dise\u00f1ado a medida para que parezca y se sienta como una herramienta seria para un hombre, porque lo es.<\/p>\n<p><strong>100% CERDA DE JABAL\u00cd GARANTIZADA<\/strong><\/p>\n<p>Pruebas de laboratorio independientes confirman que las cerdas son de pelo de jabal\u00ed y NO de pl\u00e1stico o vinilo, que da\u00f1an la barba. \u00bfNo nos cree? Quema un par de cerdas y compru\u00e9balo t\u00fa mismo.<\/p>\n<p>Tama\u00f1o: : 11*4*3cm<br \/>\nColor: : Negro<br \/>\nMaterial : : PELO BOAR<\/p>\n<p>&nbsp;<\/p>","protected":false},"excerpt":{"rendered":"<ul>\n<li>100% AUT\u00c9NTICO PELO DE JABAL\u00cd A DIFERENCIA DE LA COMPETENCIA<\/li>\n<li>RIGIDEZ MEDIA DE LAS CERDAS. TACTO SUAVE EN LA CARA Y LA PIEL<\/li>\n<li>EMPU\u00d1ADURA DE ESTILO MILITAR PARA MAYOR FACILIDAD DE USO Y MOVILIDAD<\/li>\n<li>DESENREDA EL PELO\/ REPARTE UNIFORMEMENTE LOS ACEITES Y EL B\u00c1LSAMO PARA BARBA<\/li>\n<li>ESTIMULA EL CRECIMIENTO DEL CABELLO<\/li>\n<\/ul>","protected":false},"featured_media":10357,"comment_status":"closed","ping_status":"closed","template":"","meta":[],"product_brand":[],"product_cat":[71,213,72,90],"product_tag":[205,202,203,204],"class_list":{"0":"post-7874","1":"product","2":"type-product","3":"status-publish","4":"has-post-thumbnail","6":"product_cat-accessories","7":"product_cat-beard-brush","8":"product_cat-beard-comb","9":"product_cat-hair-care","10":"product_tag-beard","11":"product_tag-boar","12":"product_tag-bristle","13":"product_tag-brush","15":"first","16":"instock","17":"sale","18":"taxable","19":"shipping-taxable","20":"purchasable","21":"product-type-simple"},"yoast_head":"<!-- This site is optimized with the Yoast SEO plugin v27.2 - https:\/\/yoast.com\/product\/yoast-seo-wordpress\/ -->\n<title>Black Boar Hair Beard Brush - Use with Balm &amp; Beard Oil to Style &amp; Groom - Buy Online - Grizzly Adam<\/title>\n<meta name=\"robots\" content=\"index, follow, max-snippet:-1, max-image-preview:large, max-video-preview:-1\" \/>\n<link rel=\"canonical\" href=\"https:\/\/grizzlyadam.co.uk\/es\/producto\/black-boar-hair-beard-brush-use-with-balm-beard-oil-to-style-groom\/\" \/>\n<meta property=\"og:locale\" content=\"es_ES\" \/>\n<meta property=\"og:type\" content=\"article\" \/>\n<meta property=\"og:title\" content=\"Black Boar Hair Beard Brush - Use with Balm &amp; Beard Oil to Style &amp; Groom - Buy Online - Grizzly Adam\" \/>\n<meta property=\"og:description\" content=\"100% REAL AUTHENTIC BOAR HAIR UNLIKE COMPETITORS  MEDIUM BRISTLE STIFFNESS. FEELS SOFT AGAINST FACE AND SKIN  MILITARY STYLE GRIP FOR EASE OF USE AND MOBILITY  DE-TANGLES HAIRS\/ SPREADS OILS AND BEARD BALM EVENLY THROUGHOUT  STIMULATES HAIR GROWTH\" \/>\n<meta property=\"og:url\" content=\"https:\/\/grizzlyadam.co.uk\/es\/producto\/black-boar-hair-beard-brush-use-with-balm-beard-oil-to-style-groom\/\" \/>\n<meta property=\"og:site_name\" content=\"Grizzly Adam\" \/>\n<meta property=\"article:publisher\" content=\"https:\/\/www.facebook.com\/grizzlyadamuk\" \/>\n<meta property=\"article:modified_time\" content=\"2025-12-03T08:38:38+00:00\" \/>\n<meta property=\"og:image\" content=\"https:\/\/grizzlyadam.co.uk\/wp-content\/uploads\/2017\/10\/boar-black1.jpg\" \/>\n\t<meta property=\"og:image:width\" content=\"1000\" \/>\n\t<meta property=\"og:image:height\" content=\"1000\" \/>\n\t<meta property=\"og:image:type\" content=\"image\/jpeg\" \/>\n<meta name=\"twitter:card\" content=\"summary_large_image\" \/>\n<meta name=\"twitter:site\" content=\"@grizzlyadamuk\" \/>\n<meta name=\"twitter:label1\" content=\"Tiempo de lectura\" \/>\n\t<meta name=\"twitter:data1\" content=\"2 minutos\" \/>\n<script type=\"application\/ld+json\" class=\"yoast-schema-graph\">{\"@context\":\"https:\/\/schema.org\",\"@graph\":[{\"@type\":\"WebPage\",\"@id\":\"https:\/\/grizzlyadam.co.uk\/product\/black-boar-hair-beard-brush-use-with-balm-beard-oil-to-style-groom\/\",\"url\":\"https:\/\/grizzlyadam.co.uk\/product\/black-boar-hair-beard-brush-use-with-balm-beard-oil-to-style-groom\/\",\"name\":\"Black Boar Hair Beard Brush - Use with Balm &amp; Beard Oil to Style &amp; Groom - Buy Online - Grizzly Adam\",\"isPartOf\":{\"@id\":\"https:\/\/project1-mke5mv4jgx.live-website.com\/#website\"},\"primaryImageOfPage\":{\"@id\":\"https:\/\/grizzlyadam.co.uk\/product\/black-boar-hair-beard-brush-use-with-balm-beard-oil-to-style-groom\/#primaryimage\"},\"image\":{\"@id\":\"https:\/\/grizzlyadam.co.uk\/product\/black-boar-hair-beard-brush-use-with-balm-beard-oil-to-style-groom\/#primaryimage\"},\"thumbnailUrl\":\"https:\/\/grizzlyadam.co.uk\/wp-content\/uploads\/2017\/10\/boar-black1.jpg\",\"datePublished\":\"2017-10-07T17:24:15+00:00\",\"dateModified\":\"2025-12-03T08:38:38+00:00\",\"breadcrumb\":{\"@id\":\"https:\/\/grizzlyadam.co.uk\/product\/black-boar-hair-beard-brush-use-with-balm-beard-oil-to-style-groom\/#breadcrumb\"},\"inLanguage\":\"es\",\"potentialAction\":[{\"@type\":\"ReadAction\",\"target\":[\"https:\/\/grizzlyadam.co.uk\/product\/black-boar-hair-beard-brush-use-with-balm-beard-oil-to-style-groom\/\"]}]},{\"@type\":\"ImageObject\",\"inLanguage\":\"es\",\"@id\":\"https:\/\/grizzlyadam.co.uk\/product\/black-boar-hair-beard-brush-use-with-balm-beard-oil-to-style-groom\/#primaryimage\",\"url\":\"https:\/\/grizzlyadam.co.uk\/wp-content\/uploads\/2017\/10\/boar-black1.jpg\",\"contentUrl\":\"https:\/\/grizzlyadam.co.uk\/wp-content\/uploads\/2017\/10\/boar-black1.jpg\",\"width\":1000,\"height\":1000},{\"@type\":\"BreadcrumbList\",\"@id\":\"https:\/\/grizzlyadam.co.uk\/product\/black-boar-hair-beard-brush-use-with-balm-beard-oil-to-style-groom\/#breadcrumb\",\"itemListElement\":[{\"@type\":\"ListItem\",\"position\":1,\"name\":\"Home\",\"item\":\"https:\/\/grizzlyadam.co.uk\/\"},{\"@type\":\"ListItem\",\"position\":2,\"name\":\"Shop\",\"item\":\"https:\/\/project1-mke5mv4jgx.live-website.com\/shop\/\"},{\"@type\":\"ListItem\",\"position\":3,\"name\":\"Black Boar Hair Beard Brush &#8211; Use with Balm &amp; Beard Oil to Style &amp; Groom &#8211; Buy Online\"}]},{\"@type\":\"WebSite\",\"@id\":\"https:\/\/project1-mke5mv4jgx.live-website.com\/#website\",\"url\":\"https:\/\/project1-mke5mv4jgx.live-website.com\/\",\"name\":\"Grizzly Adam\",\"description\":\"Beard Oil And Grooming Products For Gentlemen\",\"publisher\":{\"@id\":\"https:\/\/project1-mke5mv4jgx.live-website.com\/#organization\"},\"potentialAction\":[{\"@type\":\"SearchAction\",\"target\":{\"@type\":\"EntryPoint\",\"urlTemplate\":\"https:\/\/project1-mke5mv4jgx.live-website.com\/?s={search_term_string}\"},\"query-input\":{\"@type\":\"PropertyValueSpecification\",\"valueRequired\":true,\"valueName\":\"search_term_string\"}}],\"inLanguage\":\"es\"},{\"@type\":\"Organization\",\"@id\":\"https:\/\/project1-mke5mv4jgx.live-website.com\/#organization\",\"name\":\"GRIZZLY ADAM\",\"url\":\"https:\/\/project1-mke5mv4jgx.live-website.com\/\",\"logo\":{\"@type\":\"ImageObject\",\"inLanguage\":\"es\",\"@id\":\"https:\/\/project1-mke5mv4jgx.live-website.com\/#\/schema\/logo\/image\/\",\"url\":\"https:\/\/grizzlyadam.co.uk\/wp-content\/uploads\/2019\/11\/gadamlogo.png\",\"contentUrl\":\"https:\/\/grizzlyadam.co.uk\/wp-content\/uploads\/2019\/11\/gadamlogo.png\",\"width\":\"200\",\"height\":\"200\",\"caption\":\"GRIZZLY ADAM\"},\"image\":{\"@id\":\"https:\/\/project1-mke5mv4jgx.live-website.com\/#\/schema\/logo\/image\/\"},\"sameAs\":[\"https:\/\/www.facebook.com\/grizzlyadamuk\",\"https:\/\/x.com\/grizzlyadamuk\",\"https:\/\/www.instagram.com\/grizzlyadamuk\/\"]}]}<\/script>\n<!-- \/ Yoast SEO plugin. -->","yoast_head_json":{"title":"Black Boar Hair Beard Brush - Use with Balm &amp; Beard Oil to Style &amp; Groom - Buy Online - Grizzly Adam","robots":{"index":"index","follow":"follow","max-snippet":"max-snippet:-1","max-image-preview":"max-image-preview:large","max-video-preview":"max-video-preview:-1"},"canonical":"https:\/\/grizzlyadam.co.uk\/es\/producto\/black-boar-hair-beard-brush-use-with-balm-beard-oil-to-style-groom\/","og_locale":"es_ES","og_type":"article","og_title":"Black Boar Hair Beard Brush - Use with Balm &amp; Beard Oil to Style &amp; Groom - Buy Online - Grizzly Adam","og_description":"100% REAL AUTHENTIC BOAR HAIR UNLIKE COMPETITORS  MEDIUM BRISTLE STIFFNESS. FEELS SOFT AGAINST FACE AND SKIN  MILITARY STYLE GRIP FOR EASE OF USE AND MOBILITY  DE-TANGLES HAIRS\/ SPREADS OILS AND BEARD BALM EVENLY THROUGHOUT  STIMULATES HAIR GROWTH","og_url":"https:\/\/grizzlyadam.co.uk\/es\/producto\/black-boar-hair-beard-brush-use-with-balm-beard-oil-to-style-groom\/","og_site_name":"Grizzly Adam","article_publisher":"https:\/\/www.facebook.com\/grizzlyadamuk","article_modified_time":"2025-12-03T08:38:38+00:00","og_image":[{"width":1000,"height":1000,"url":"https:\/\/grizzlyadam.co.uk\/wp-content\/uploads\/2017\/10\/boar-black1.jpg","type":"image\/jpeg"}],"twitter_card":"summary_large_image","twitter_site":"@grizzlyadamuk","twitter_misc":{"Tiempo de lectura":"2 minutos"},"schema":{"@context":"https:\/\/schema.org","@graph":[{"@type":"WebPage","@id":"https:\/\/grizzlyadam.co.uk\/product\/black-boar-hair-beard-brush-use-with-balm-beard-oil-to-style-groom\/","url":"https:\/\/grizzlyadam.co.uk\/product\/black-boar-hair-beard-brush-use-with-balm-beard-oil-to-style-groom\/","name":"Black Boar Hair Beard Brush - Use with Balm &amp; Beard Oil to Style &amp; Groom - Buy Online - Grizzly Adam","isPartOf":{"@id":"https:\/\/project1-mke5mv4jgx.live-website.com\/#website"},"primaryImageOfPage":{"@id":"https:\/\/grizzlyadam.co.uk\/product\/black-boar-hair-beard-brush-use-with-balm-beard-oil-to-style-groom\/#primaryimage"},"image":{"@id":"https:\/\/grizzlyadam.co.uk\/product\/black-boar-hair-beard-brush-use-with-balm-beard-oil-to-style-groom\/#primaryimage"},"thumbnailUrl":"https:\/\/grizzlyadam.co.uk\/wp-content\/uploads\/2017\/10\/boar-black1.jpg","datePublished":"2017-10-07T17:24:15+00:00","dateModified":"2025-12-03T08:38:38+00:00","breadcrumb":{"@id":"https:\/\/grizzlyadam.co.uk\/product\/black-boar-hair-beard-brush-use-with-balm-beard-oil-to-style-groom\/#breadcrumb"},"inLanguage":"es","potentialAction":[{"@type":"ReadAction","target":["https:\/\/grizzlyadam.co.uk\/product\/black-boar-hair-beard-brush-use-with-balm-beard-oil-to-style-groom\/"]}]},{"@type":"ImageObject","inLanguage":"es","@id":"https:\/\/grizzlyadam.co.uk\/product\/black-boar-hair-beard-brush-use-with-balm-beard-oil-to-style-groom\/#primaryimage","url":"https:\/\/grizzlyadam.co.uk\/wp-content\/uploads\/2017\/10\/boar-black1.jpg","contentUrl":"https:\/\/grizzlyadam.co.uk\/wp-content\/uploads\/2017\/10\/boar-black1.jpg","width":1000,"height":1000},{"@type":"BreadcrumbList","@id":"https:\/\/grizzlyadam.co.uk\/product\/black-boar-hair-beard-brush-use-with-balm-beard-oil-to-style-groom\/#breadcrumb","itemListElement":[{"@type":"ListItem","position":1,"name":"Home","item":"https:\/\/grizzlyadam.co.uk\/"},{"@type":"ListItem","position":2,"name":"Shop","item":"https:\/\/project1-mke5mv4jgx.live-website.com\/shop\/"},{"@type":"ListItem","position":3,"name":"Black Boar Hair Beard Brush &#8211; Use with Balm &amp; Beard Oil to Style &amp; Groom &#8211; Buy Online"}]},{"@type":"WebSite","@id":"https:\/\/project1-mke5mv4jgx.live-website.com\/#website","url":"https:\/\/project1-mke5mv4jgx.live-website.com\/","name":"Grizzly Adam","description":"Aceite para barba y productos de aseo para caballeros","publisher":{"@id":"https:\/\/project1-mke5mv4jgx.live-website.com\/#organization"},"potentialAction":[{"@type":"SearchAction","target":{"@type":"EntryPoint","urlTemplate":"https:\/\/project1-mke5mv4jgx.live-website.com\/?s={search_term_string}"},"query-input":{"@type":"PropertyValueSpecification","valueRequired":true,"valueName":"search_term_string"}}],"inLanguage":"es"},{"@type":"Organization","@id":"https:\/\/project1-mke5mv4jgx.live-website.com\/#organization","name":"GRIZZLY ADAM","url":"https:\/\/project1-mke5mv4jgx.live-website.com\/","logo":{"@type":"ImageObject","inLanguage":"es","@id":"https:\/\/project1-mke5mv4jgx.live-website.com\/#\/schema\/logo\/image\/","url":"https:\/\/grizzlyadam.co.uk\/wp-content\/uploads\/2019\/11\/gadamlogo.png","contentUrl":"https:\/\/grizzlyadam.co.uk\/wp-content\/uploads\/2019\/11\/gadamlogo.png","width":"200","height":"200","caption":"GRIZZLY ADAM"},"image":{"@id":"https:\/\/project1-mke5mv4jgx.live-website.com\/#\/schema\/logo\/image\/"},"sameAs":["https:\/\/www.facebook.com\/grizzlyadamuk","https:\/\/x.com\/grizzlyadamuk","https:\/\/www.instagram.com\/grizzlyadamuk\/"]}]}},"df_price":11.5,"df_sale_price":11.5,"df_regular_price":18.95,"df_image_link":"https:\/\/grizzlyadam.co.uk\/wp-content\/uploads\/2017\/10\/boar-black1-300x300.jpg","_links":{"self":[{"href":"https:\/\/grizzlyadam.co.uk\/es\/wp-json\/wp\/v2\/product\/7874","targetHints":{"allow":["GET"]}}],"collection":[{"href":"https:\/\/grizzlyadam.co.uk\/es\/wp-json\/wp\/v2\/product"}],"about":[{"href":"https:\/\/grizzlyadam.co.uk\/es\/wp-json\/wp\/v2\/types\/product"}],"replies":[{"embeddable":true,"href":"https:\/\/grizzlyadam.co.uk\/es\/wp-json\/wp\/v2\/comments?post=7874"}],"wp:featuredmedia":[{"embeddable":true,"href":"https:\/\/grizzlyadam.co.uk\/es\/wp-json\/wp\/v2\/media\/10357"}],"wp:attachment":[{"href":"https:\/\/grizzlyadam.co.uk\/es\/wp-json\/wp\/v2\/media?parent=7874"}],"wp:term":[{"taxonomy":"product_brand","embeddable":true,"href":"https:\/\/grizzlyadam.co.uk\/es\/wp-json\/wp\/v2\/product_brand?post=7874"},{"taxonomy":"product_cat","embeddable":true,"href":"https:\/\/grizzlyadam.co.uk\/es\/wp-json\/wp\/v2\/product_cat?post=7874"},{"taxonomy":"product_tag","embeddable":true,"href":"https:\/\/grizzlyadam.co.uk\/es\/wp-json\/wp\/v2\/product_tag?post=7874"}],"curies":[{"name":"wp","href":"https:\/\/api.w.org\/{rel}","templated":true}]}}