{"id":7438,"date":"2017-09-11T14:22:49","date_gmt":"2017-09-11T13:22:49","guid":{"rendered":"https:\/\/grizzlyadam.co.uk\/?post_type=product&#038;p=7438"},"modified":"2026-04-14T15:48:20","modified_gmt":"2026-04-14T14:48:20","slug":"3-for-2-beard-growth-supplements-free-beard-oil","status":"publish","type":"product","link":"https:\/\/grizzlyadam.co.uk\/es\/producto\/3-for-2-beard-growth-supplements-free-beard-oil\/","title":{"rendered":"3 por 2 Suplementos para el crecimiento de la barba + Aceite para barba"},"content":{"rendered":"<h2>He aqu\u00ed algunos beneficios incre\u00edbles m\u00e1s que experimentar\u00e1 despu\u00e9s de tomar constantemente el Suplemento para el Crecimiento del Cabello y la Barba Grizzly Adam:<\/h2>\n<ul>\n<li><strong>Complete su organismo con vitaminas y minerales nutritivos que previenen la ca\u00edda del cabello y estimulan su crecimiento.<\/strong><\/li>\n<\/ul>\n<ul>\n<li>Experimente c\u00f3mo su barba crece m\u00e1s fuerte gracias a las potentes vitaminas que contiene cada c\u00e1psula<\/li>\n<\/ul>\n<ul>\n<li><strong>Crecimiento del vello de la barba m\u00e1s r\u00e1pido que nunca - una vez que tu cuerpo tiene todos los nutrientes esenciales que necesita, acciona el interruptor y empieza a empujar tu barba para que crezca, \u00a1y hazlo r\u00e1pido!<\/strong><\/li>\n<\/ul>\n<ul>\n<li>Con todos estos nutrientes y minerales esenciales, tu barba no s\u00f3lo crecer\u00e1 m\u00e1s, sino que tambi\u00e9n ser\u00e1 m\u00e1s espesa, m\u00e1s poblada, m\u00e1s densa y tendr\u00e1 un aspecto m\u00e1s saludable.<\/li>\n<\/ul>\n<ul>\n<li><strong>Rellena tus zonas con parches - Se acabaron las zonas desali\u00f1adas y con parches: tu barba tendr\u00e1 todo lo que necesita para crecer todo lo que\u00a0<\/strong><strong>\u00a1tus genes te lo permiten!<\/strong><\/li>\n<\/ul>\n<ul>\n<li>Suave, rico y brillante: \u00a1restaurar\u00e1 la elasticidad, suavidad y brillo naturales de su cabello con esta potente f\u00f3rmula!<\/li>\n<\/ul>\n<ul>\n<li><strong>Haz que tus amigos con barba sientan celos y envidia de tu nueva barba, m\u00e1s espesa, m\u00e1s sana, m\u00e1s oscura y m\u00e1s bonita.<\/strong><\/li>\n<\/ul>\n<ul>\n<li>Deje crecer por fin la barba varonil que siempre ha deseado tener, \u00a1incluso si le ha crecido poco pelo o ha tenido calvas!<\/li>\n<\/ul>\n<ul>\n<li><strong>Si\u00e9ntete m\u00e1s seguro de tu masculinidad y observa c\u00f3mo esa confianza te hace m\u00e1s atractivo y te permite rendir m\u00e1s.\u00a0<\/strong><strong>\u00a1mejor, sin que el miedo a parecer inmaduro te frene!<\/strong><\/li>\n<\/ul>\n<ul>\n<li>Invierte en la salud de tu barba y cuero cabelludo: no conseguir\u00e1s una melena abundante de la noche a la ma\u00f1ana, pero estar\u00e1s invirtiendo a largo plazo.<br \/>\n\u00a1crecimiento, salud y plenitud de su cabello!<\/li>\n<\/ul>\n<ul>\n<li><strong>\u00a1Frena la ca\u00edda del cabello o la posible calvicie! Sus fol\u00edculos pilosos recibir\u00e1n todo el combustible que necesitan para un crecimiento y una fuerza m\u00e1ximos del cabello, \u00a1lo que le ayudar\u00e1 a combatir la calvicie!<\/strong><\/li>\n<\/ul>","protected":false},"excerpt":{"rendered":"<h1>Aprovecha esta oferta exclusiva de 3 por 2 en Suplementos para el crecimiento de la barba Grizzly Adam + <strong>\u00a0Aceite para barba de 30 ml valorado en 14,99 \u00a4.<\/strong><\/h1>\n<p><span style=\"background-color: #ffff00;\">\u00a1Ahorro total de 19,98 \u00a4 al comprar hoy!<\/span><\/p>\n<p>&nbsp;<\/p>\n<ol>\n<li>3 x meses de suministro de <a href=\"https:\/\/grizzlyadam.co.uk\/es\/hair-and-beard-growth-support\/\">Suplementos para el crecimiento de la barba por valor de 19,99 \u00a4 cada uno<\/a> - Valor total = <strong>\u00a359.97<\/strong><\/li>\n<li>1 x <a href=\"https:\/\/grizzlyadam.co.uk\/es\/producto\/beard-oil-cedar-lime-100-natural-moisturizes-beard-hair-and-skin-eliminates-itching-and-dandruff\/\">Aceite para barba de 30 ml por valor de 14,99 \u00a4.<\/a><\/li>\n<li>Todo enviado gratuitamente para <strong>s\u00f3lo 49,99<\/strong> y un<strong> ahorro total de 19,98<\/strong><\/li>\n<\/ol>","protected":false},"featured_media":2230,"comment_status":"closed","ping_status":"closed","template":"","meta":[],"product_brand":[],"product_cat":[250,251,89],"product_tag":[],"class_list":{"0":"post-7438","1":"product","2":"type-product","3":"status-publish","4":"has-post-thumbnail","6":"product_cat-beard-growth","7":"product_cat-bundles","8":"product_cat-supplements","10":"first","11":"outofstock","12":"sale","13":"taxable","14":"shipping-taxable","15":"purchasable","16":"product-type-simple"},"yoast_head":"<!-- This site is optimized with the Yoast SEO plugin v27.4 - https:\/\/yoast.com\/product\/yoast-seo-wordpress\/ -->\n<title>3 for 2 Beard Growth Supplements + Beard Oil - Grizzly Adam<\/title>\n<meta name=\"robots\" content=\"index, follow, max-snippet:-1, max-image-preview:large, max-video-preview:-1\" \/>\n<link rel=\"canonical\" href=\"https:\/\/grizzlyadam.co.uk\/es\/producto\/3-for-2-beard-growth-supplements-free-beard-oil\/\" \/>\n<meta property=\"og:locale\" content=\"es_ES\" \/>\n<meta property=\"og:type\" content=\"article\" \/>\n<meta property=\"og:title\" content=\"3 for 2 Beard Growth Supplements + Beard Oil - Grizzly Adam\" \/>\n<meta property=\"og:description\" content=\"Take advantage of this exclusive 3 for 2 offer on Grizzly Adam beard growth Supplements + \u00a030 ml Beard oil worth \u00a314.99 Total Savings of \u00a319.98 when you buy today!  &nbsp;   3 x months supply of beard growth supplements worth \u00a319.99 each - Total value = \u00a359.97  1 x 30ml beard oil worth \u00a314.99  Everything shipped free of charge for just \u00a349.99 and a total saving of \u00a319.98\" \/>\n<meta property=\"og:url\" content=\"https:\/\/grizzlyadam.co.uk\/es\/producto\/3-for-2-beard-growth-supplements-free-beard-oil\/\" \/>\n<meta property=\"og:site_name\" content=\"Grizzly Adam\" \/>\n<meta property=\"article:publisher\" content=\"https:\/\/www.facebook.com\/grizzlyadamuk\" \/>\n<meta property=\"article:modified_time\" content=\"2026-04-14T14:48:20+00:00\" \/>\n<meta property=\"og:image\" content=\"https:\/\/grizzlyadam.co.uk\/wp-content\/uploads\/2017\/02\/Image-3.jpg\" \/>\n\t<meta property=\"og:image:width\" content=\"1200\" \/>\n\t<meta property=\"og:image:height\" content=\"1201\" \/>\n\t<meta property=\"og:image:type\" content=\"image\/jpeg\" \/>\n<meta name=\"twitter:card\" content=\"summary_large_image\" \/>\n<meta name=\"twitter:site\" content=\"@grizzlyadamuk\" \/>\n<meta name=\"twitter:label1\" content=\"Tiempo de lectura\" \/>\n\t<meta name=\"twitter:data1\" content=\"1 minuto\" \/>\n<script type=\"application\/ld+json\" class=\"yoast-schema-graph\">{\"@context\":\"https:\\\/\\\/schema.org\",\"@graph\":[{\"@type\":\"WebPage\",\"@id\":\"https:\\\/\\\/grizzlyadam.co.uk\\\/product\\\/3-for-2-beard-growth-supplements-free-beard-oil\\\/\",\"url\":\"https:\\\/\\\/grizzlyadam.co.uk\\\/product\\\/3-for-2-beard-growth-supplements-free-beard-oil\\\/\",\"name\":\"3 for 2 Beard Growth Supplements + Beard Oil - Grizzly Adam\",\"isPartOf\":{\"@id\":\"https:\\\/\\\/project1-mke5mv4jgx.live-website.com\\\/#website\"},\"primaryImageOfPage\":{\"@id\":\"https:\\\/\\\/grizzlyadam.co.uk\\\/product\\\/3-for-2-beard-growth-supplements-free-beard-oil\\\/#primaryimage\"},\"image\":{\"@id\":\"https:\\\/\\\/grizzlyadam.co.uk\\\/product\\\/3-for-2-beard-growth-supplements-free-beard-oil\\\/#primaryimage\"},\"thumbnailUrl\":\"https:\\\/\\\/grizzlyadam.co.uk\\\/wp-content\\\/uploads\\\/2017\\\/02\\\/Image-3.jpg\",\"datePublished\":\"2017-09-11T13:22:49+00:00\",\"dateModified\":\"2026-04-14T14:48:20+00:00\",\"breadcrumb\":{\"@id\":\"https:\\\/\\\/grizzlyadam.co.uk\\\/product\\\/3-for-2-beard-growth-supplements-free-beard-oil\\\/#breadcrumb\"},\"inLanguage\":\"es\",\"potentialAction\":[{\"@type\":\"ReadAction\",\"target\":[\"https:\\\/\\\/grizzlyadam.co.uk\\\/product\\\/3-for-2-beard-growth-supplements-free-beard-oil\\\/\"]}]},{\"@type\":\"ImageObject\",\"inLanguage\":\"es\",\"@id\":\"https:\\\/\\\/grizzlyadam.co.uk\\\/product\\\/3-for-2-beard-growth-supplements-free-beard-oil\\\/#primaryimage\",\"url\":\"https:\\\/\\\/grizzlyadam.co.uk\\\/wp-content\\\/uploads\\\/2017\\\/02\\\/Image-3.jpg\",\"contentUrl\":\"https:\\\/\\\/grizzlyadam.co.uk\\\/wp-content\\\/uploads\\\/2017\\\/02\\\/Image-3.jpg\",\"width\":1200,\"height\":1201},{\"@type\":\"BreadcrumbList\",\"@id\":\"https:\\\/\\\/grizzlyadam.co.uk\\\/product\\\/3-for-2-beard-growth-supplements-free-beard-oil\\\/#breadcrumb\",\"itemListElement\":[{\"@type\":\"ListItem\",\"position\":1,\"name\":\"Home\",\"item\":\"https:\\\/\\\/grizzlyadam.co.uk\\\/\"},{\"@type\":\"ListItem\",\"position\":2,\"name\":\"Shop\",\"item\":\"https:\\\/\\\/project1-mke5mv4jgx.live-website.com\\\/shop\\\/\"},{\"@type\":\"ListItem\",\"position\":3,\"name\":\"3 for 2 Beard Growth Supplements + Beard Oil\"}]},{\"@type\":\"WebSite\",\"@id\":\"https:\\\/\\\/project1-mke5mv4jgx.live-website.com\\\/#website\",\"url\":\"https:\\\/\\\/project1-mke5mv4jgx.live-website.com\\\/\",\"name\":\"Grizzly Adam\",\"description\":\"Beard Oil And Grooming Products For Gentlemen\",\"publisher\":{\"@id\":\"https:\\\/\\\/project1-mke5mv4jgx.live-website.com\\\/#organization\"},\"potentialAction\":[{\"@type\":\"SearchAction\",\"target\":{\"@type\":\"EntryPoint\",\"urlTemplate\":\"https:\\\/\\\/project1-mke5mv4jgx.live-website.com\\\/?s={search_term_string}\"},\"query-input\":{\"@type\":\"PropertyValueSpecification\",\"valueRequired\":true,\"valueName\":\"search_term_string\"}}],\"inLanguage\":\"es\"},{\"@type\":\"Organization\",\"@id\":\"https:\\\/\\\/project1-mke5mv4jgx.live-website.com\\\/#organization\",\"name\":\"GRIZZLY ADAM\",\"url\":\"https:\\\/\\\/project1-mke5mv4jgx.live-website.com\\\/\",\"logo\":{\"@type\":\"ImageObject\",\"inLanguage\":\"es\",\"@id\":\"https:\\\/\\\/project1-mke5mv4jgx.live-website.com\\\/#\\\/schema\\\/logo\\\/image\\\/\",\"url\":\"https:\\\/\\\/grizzlyadam.co.uk\\\/wp-content\\\/uploads\\\/2019\\\/11\\\/gadamlogo.png\",\"contentUrl\":\"https:\\\/\\\/grizzlyadam.co.uk\\\/wp-content\\\/uploads\\\/2019\\\/11\\\/gadamlogo.png\",\"width\":\"200\",\"height\":\"200\",\"caption\":\"GRIZZLY ADAM\"},\"image\":{\"@id\":\"https:\\\/\\\/project1-mke5mv4jgx.live-website.com\\\/#\\\/schema\\\/logo\\\/image\\\/\"},\"sameAs\":[\"https:\\\/\\\/www.facebook.com\\\/grizzlyadamuk\",\"https:\\\/\\\/x.com\\\/grizzlyadamuk\",\"https:\\\/\\\/www.instagram.com\\\/grizzlyadamuk\\\/\"]}]}<\/script>\n<!-- \/ Yoast SEO plugin. -->","yoast_head_json":{"title":"3 for 2 Beard Growth Supplements + Beard Oil - Grizzly Adam","robots":{"index":"index","follow":"follow","max-snippet":"max-snippet:-1","max-image-preview":"max-image-preview:large","max-video-preview":"max-video-preview:-1"},"canonical":"https:\/\/grizzlyadam.co.uk\/es\/producto\/3-for-2-beard-growth-supplements-free-beard-oil\/","og_locale":"es_ES","og_type":"article","og_title":"3 for 2 Beard Growth Supplements + Beard Oil - Grizzly Adam","og_description":"Take advantage of this exclusive 3 for 2 offer on Grizzly Adam beard growth Supplements + \u00a030 ml Beard oil worth \u00a314.99 Total Savings of \u00a319.98 when you buy today!  &nbsp;   3 x months supply of beard growth supplements worth \u00a319.99 each - Total value = \u00a359.97  1 x 30ml beard oil worth \u00a314.99  Everything shipped free of charge for just \u00a349.99 and a total saving of \u00a319.98","og_url":"https:\/\/grizzlyadam.co.uk\/es\/producto\/3-for-2-beard-growth-supplements-free-beard-oil\/","og_site_name":"Grizzly Adam","article_publisher":"https:\/\/www.facebook.com\/grizzlyadamuk","article_modified_time":"2026-04-14T14:48:20+00:00","og_image":[{"width":1200,"height":1201,"url":"https:\/\/grizzlyadam.co.uk\/wp-content\/uploads\/2017\/02\/Image-3.jpg","type":"image\/jpeg"}],"twitter_card":"summary_large_image","twitter_site":"@grizzlyadamuk","twitter_misc":{"Tiempo de lectura":"1 minuto"},"schema":{"@context":"https:\/\/schema.org","@graph":[{"@type":"WebPage","@id":"https:\/\/grizzlyadam.co.uk\/product\/3-for-2-beard-growth-supplements-free-beard-oil\/","url":"https:\/\/grizzlyadam.co.uk\/product\/3-for-2-beard-growth-supplements-free-beard-oil\/","name":"3 for 2 Beard Growth Supplements + Beard Oil - Grizzly Adam","isPartOf":{"@id":"https:\/\/project1-mke5mv4jgx.live-website.com\/#website"},"primaryImageOfPage":{"@id":"https:\/\/grizzlyadam.co.uk\/product\/3-for-2-beard-growth-supplements-free-beard-oil\/#primaryimage"},"image":{"@id":"https:\/\/grizzlyadam.co.uk\/product\/3-for-2-beard-growth-supplements-free-beard-oil\/#primaryimage"},"thumbnailUrl":"https:\/\/grizzlyadam.co.uk\/wp-content\/uploads\/2017\/02\/Image-3.jpg","datePublished":"2017-09-11T13:22:49+00:00","dateModified":"2026-04-14T14:48:20+00:00","breadcrumb":{"@id":"https:\/\/grizzlyadam.co.uk\/product\/3-for-2-beard-growth-supplements-free-beard-oil\/#breadcrumb"},"inLanguage":"es","potentialAction":[{"@type":"ReadAction","target":["https:\/\/grizzlyadam.co.uk\/product\/3-for-2-beard-growth-supplements-free-beard-oil\/"]}]},{"@type":"ImageObject","inLanguage":"es","@id":"https:\/\/grizzlyadam.co.uk\/product\/3-for-2-beard-growth-supplements-free-beard-oil\/#primaryimage","url":"https:\/\/grizzlyadam.co.uk\/wp-content\/uploads\/2017\/02\/Image-3.jpg","contentUrl":"https:\/\/grizzlyadam.co.uk\/wp-content\/uploads\/2017\/02\/Image-3.jpg","width":1200,"height":1201},{"@type":"BreadcrumbList","@id":"https:\/\/grizzlyadam.co.uk\/product\/3-for-2-beard-growth-supplements-free-beard-oil\/#breadcrumb","itemListElement":[{"@type":"ListItem","position":1,"name":"Home","item":"https:\/\/grizzlyadam.co.uk\/"},{"@type":"ListItem","position":2,"name":"Shop","item":"https:\/\/project1-mke5mv4jgx.live-website.com\/shop\/"},{"@type":"ListItem","position":3,"name":"3 for 2 Beard Growth Supplements + Beard Oil"}]},{"@type":"WebSite","@id":"https:\/\/project1-mke5mv4jgx.live-website.com\/#website","url":"https:\/\/project1-mke5mv4jgx.live-website.com\/","name":"Grizzly Adam","description":"Aceite para barba y productos de aseo para caballeros","publisher":{"@id":"https:\/\/project1-mke5mv4jgx.live-website.com\/#organization"},"potentialAction":[{"@type":"SearchAction","target":{"@type":"EntryPoint","urlTemplate":"https:\/\/project1-mke5mv4jgx.live-website.com\/?s={search_term_string}"},"query-input":{"@type":"PropertyValueSpecification","valueRequired":true,"valueName":"search_term_string"}}],"inLanguage":"es"},{"@type":"Organization","@id":"https:\/\/project1-mke5mv4jgx.live-website.com\/#organization","name":"GRIZZLY ADAM","url":"https:\/\/project1-mke5mv4jgx.live-website.com\/","logo":{"@type":"ImageObject","inLanguage":"es","@id":"https:\/\/project1-mke5mv4jgx.live-website.com\/#\/schema\/logo\/image\/","url":"https:\/\/grizzlyadam.co.uk\/wp-content\/uploads\/2019\/11\/gadamlogo.png","contentUrl":"https:\/\/grizzlyadam.co.uk\/wp-content\/uploads\/2019\/11\/gadamlogo.png","width":"200","height":"200","caption":"GRIZZLY ADAM"},"image":{"@id":"https:\/\/project1-mke5mv4jgx.live-website.com\/#\/schema\/logo\/image\/"},"sameAs":["https:\/\/www.facebook.com\/grizzlyadamuk","https:\/\/x.com\/grizzlyadamuk","https:\/\/www.instagram.com\/grizzlyadamuk\/"]}]}},"df_price":49.99,"df_sale_price":49.99,"df_regular_price":69.96,"df_image_link":"https:\/\/grizzlyadam.co.uk\/wp-content\/uploads\/2017\/02\/Image-3-300x300.jpg","_links":{"self":[{"href":"https:\/\/grizzlyadam.co.uk\/es\/wp-json\/wp\/v2\/product\/7438","targetHints":{"allow":["GET"]}}],"collection":[{"href":"https:\/\/grizzlyadam.co.uk\/es\/wp-json\/wp\/v2\/product"}],"about":[{"href":"https:\/\/grizzlyadam.co.uk\/es\/wp-json\/wp\/v2\/types\/product"}],"replies":[{"embeddable":true,"href":"https:\/\/grizzlyadam.co.uk\/es\/wp-json\/wp\/v2\/comments?post=7438"}],"wp:featuredmedia":[{"embeddable":true,"href":"https:\/\/grizzlyadam.co.uk\/es\/wp-json\/wp\/v2\/media\/2230"}],"wp:attachment":[{"href":"https:\/\/grizzlyadam.co.uk\/es\/wp-json\/wp\/v2\/media?parent=7438"}],"wp:term":[{"taxonomy":"product_brand","embeddable":true,"href":"https:\/\/grizzlyadam.co.uk\/es\/wp-json\/wp\/v2\/product_brand?post=7438"},{"taxonomy":"product_cat","embeddable":true,"href":"https:\/\/grizzlyadam.co.uk\/es\/wp-json\/wp\/v2\/product_cat?post=7438"},{"taxonomy":"product_tag","embeddable":true,"href":"https:\/\/grizzlyadam.co.uk\/es\/wp-json\/wp\/v2\/product_tag?post=7438"}],"curies":[{"name":"wp","href":"https:\/\/api.w.org\/{rel}","templated":true}]}}