{"id":6889,"date":"2017-08-25T13:54:11","date_gmt":"2017-08-25T12:54:11","guid":{"rendered":"https:\/\/grizzlyadam.co.uk\/?post_type=product&#038;p=6889"},"modified":"2026-01-05T12:37:21","modified_gmt":"2026-01-05T12:37:21","slug":"grizzly-adam-beard-balm-one-off-purchase-sale","status":"publish","type":"product","link":"https:\/\/grizzlyadam.co.uk\/es\/producto\/grizzly-adam-beard-balm-one-off-purchase-sale\/","title":{"rendered":"B\u00e1lsamo para barba Grizzly Adam con un descuento por compra"},"content":{"rendered":"<p style=\"text-align: left;\"><b><br \/>\nCONSIGUE EL LOOK DE BARBA CUIDADA CON 100% NATURAL BEARD BALM BY GRIZZLY ADAM<\/b><\/p>\n<p style=\"text-align: left;\">Beard Balm es lo que necesitas para dejarte crecer la barba. Y punto. Este acondicionador sin aclarado totalmente natural est\u00e1 perfectamente formulado para prevenir las puntas abiertas, controlar el encrespamiento y los enredos, suavizar los bigotes para esos encuentros \u00edntimos, aliviar la piel seca y con picores, reducir la aparici\u00f3n de parches y hacer que usted y su impresionante barba sean mucho m\u00e1s atractivos. Beard Balm funciona con todas las variedades y longitudes de vello facial.<\/p>\n<p style=\"text-align: left;\">Su camino hacia una barba m\u00e1s lisa y sana es muy eficaz y sin complicaciones. Simplemente utilice una peque\u00f1a cantidad de b\u00e1lsamo acondicionador con los dedos y exti\u00e9ndalo por la barba. Despu\u00e9s, deje que se seque y empiece a disfrutar de una barba m\u00e1s fuerte y estilizada en un abrir y cerrar de ojos.<\/p>\n<p style=\"text-align: left;\"><b>AROMA MASCULINO<\/b> - El encantador aroma de la lujosa madera de cedro mezclado con el fresco zumbido de la lima crean una fragancia que abraza tu barba y le da vida.<\/p>\n<p style=\"text-align: left;\"><b>A\u00f1ada el b\u00e1lsamo para barba Grizzly Adam a su cesta hoy mismo<\/b><\/p>\n<p>&nbsp;<\/p>","protected":false},"excerpt":{"rendered":"<div id=\"fbExpandableSectionContent\" class=\"a-section a-spacing-none expandableSection\">\n<ul class=\"a-vertical a-spacing-none\">\n<li class=\"showHiddenFeatureBullets\"><span class=\"a-list-item\">ACONDICIONA Y AYUDA A NUEVO CRECIMIENTO - \u00a1Los ingredientes naturales y org\u00e1nicos penetran profundamente en el cabello y lo nutren por dentro y por fuera! Funciona en barbas largas y cortas para acondicionar y suavizar el cabello, mejorar la fuerza y el brillo.<\/span><\/li>\n<li class=\"showHiddenFeatureBullets\"><span class=\"a-list-item\">HECHO EN EL REINO UNIDO - El b\u00e1lsamo para barba Grizzly Adam es el mejor acondicionador y espesante sin aclarado para barbas de caballeros, con aceites naturales para ayudar con las barbas quebradizas, la caspa de la barba, el picor y las puntas abiertas del mercado. \u00a1Combate los parches! Util\u00edcelo a diario para obtener el mejor efecto en su barba<\/span><\/li>\n<li class=\"showHiddenFeatureBullets\"><span class=\"a-list-item\">DOMINA LA BARBA SALVAJE, EVOLUCIONA TU ESTILO - Mantiene a raya los pelos rezagados y te permite formar una barba completa y bestial<\/span><\/li>\n<li class=\"showHiddenFeatureBullets\"><span class=\"a-list-item\">DETIENE EL PICOR DE BARBA - Alivia la piel seca y ayuda a hidratar para detener el picor del nuevo crecimiento del vello en seco<\/span><\/li>\n<li class=\"showHiddenFeatureBullets\"><span class=\"a-list-item\">100% GARANT\u00cdA DE DEVOLUCI\u00d3N DEL DINERO - \u00a1sin preguntas! Si no te encanta, \u00a1te devolvemos el dinero!<\/span><\/li>\n<\/ul>\n<\/div>","protected":false},"featured_media":2173,"comment_status":"open","ping_status":"closed","template":"","meta":[],"product_brand":[],"product_cat":[69],"product_tag":[],"class_list":{"0":"post-6889","1":"product","2":"type-product","3":"status-publish","4":"has-post-thumbnail","6":"product_cat-beard-balm","8":"first","9":"instock","10":"sale","11":"featured","12":"taxable","13":"shipping-taxable","14":"purchasable","15":"product-type-simple"},"yoast_head":"<!-- This site is optimized with the Yoast SEO plugin v27.2 - https:\/\/yoast.com\/product\/yoast-seo-wordpress\/ -->\n<title>Grizzly Adam Beard Balm One Off Purchase - Grizzly Adam<\/title>\n<meta name=\"robots\" content=\"index, follow, max-snippet:-1, max-image-preview:large, max-video-preview:-1\" \/>\n<link rel=\"canonical\" href=\"https:\/\/project1-mke5mv4jgx.live-website.com\/product\/grizzly-adam-beard-balm-one-off-purchase-sale\/\" \/>\n<meta property=\"og:locale\" content=\"es_ES\" \/>\n<meta property=\"og:type\" content=\"article\" \/>\n<meta property=\"og:title\" content=\"Grizzly Adam Beard Balm One Off Purchase - Grizzly Adam\" \/>\n<meta property=\"og:description\" content=\"CONDITIONS AND HELPS NEW GROWTH - The natural, organic ingredients get deep into the hair and nourishes it from inside and out! It works on long and short beards to condition &amp; soften your hair, improve strength &amp; shine  MADE IN THE UK - Grizzly Adam Beard Balm is the top gentlemans leave-in beard conditioner and thickener with natural oils to help with brittle beards, beard-druff, itching and split ends on the market. Fight patchiness! Use daily for the best beard effect  TAME THE WILD, EVOLVE YOUR STYLE - Keeps the straggler hairs at bay and allows you to form a full, beastly beard  STOPS BEARD-ITCH - Relieves dry skin &amp; helps moisturize to stop the itch of new hair growth in its tracks  100% MONEY BACK GUARANTEE - no questions asked! If you don&#039;t absolutely love it, we&#039;ll refund it!\" \/>\n<meta property=\"og:url\" content=\"https:\/\/project1-mke5mv4jgx.live-website.com\/product\/grizzly-adam-beard-balm-one-off-purchase-sale\/\" \/>\n<meta property=\"og:site_name\" content=\"Grizzly Adam\" \/>\n<meta property=\"article:publisher\" content=\"https:\/\/www.facebook.com\/grizzlyadamuk\" \/>\n<meta property=\"article:modified_time\" content=\"2026-01-05T12:37:21+00:00\" \/>\n<meta property=\"og:image\" content=\"https:\/\/project1-mke5mv4jgx.live-website.com\/wp-content\/uploads\/2017\/02\/balm1.jpg\" \/>\n\t<meta property=\"og:image:width\" content=\"1000\" \/>\n\t<meta property=\"og:image:height\" content=\"1000\" \/>\n\t<meta property=\"og:image:type\" content=\"image\/jpeg\" \/>\n<meta name=\"twitter:card\" content=\"summary_large_image\" \/>\n<meta name=\"twitter:site\" content=\"@grizzlyadamuk\" \/>\n<meta name=\"twitter:label1\" content=\"Tiempo de lectura\" \/>\n\t<meta name=\"twitter:data1\" content=\"1 minuto\" \/>\n<script type=\"application\/ld+json\" class=\"yoast-schema-graph\">{\"@context\":\"https:\/\/schema.org\",\"@graph\":[{\"@type\":\"WebPage\",\"@id\":\"https:\/\/project1-mke5mv4jgx.live-website.com\/product\/grizzly-adam-beard-balm-one-off-purchase-sale\/\",\"url\":\"https:\/\/project1-mke5mv4jgx.live-website.com\/product\/grizzly-adam-beard-balm-one-off-purchase-sale\/\",\"name\":\"Grizzly Adam Beard Balm One Off Purchase - Grizzly Adam\",\"isPartOf\":{\"@id\":\"https:\/\/project1-mke5mv4jgx.live-website.com\/#website\"},\"primaryImageOfPage\":{\"@id\":\"https:\/\/project1-mke5mv4jgx.live-website.com\/product\/grizzly-adam-beard-balm-one-off-purchase-sale\/#primaryimage\"},\"image\":{\"@id\":\"https:\/\/project1-mke5mv4jgx.live-website.com\/product\/grizzly-adam-beard-balm-one-off-purchase-sale\/#primaryimage\"},\"thumbnailUrl\":\"https:\/\/grizzlyadam.co.uk\/wp-content\/uploads\/2017\/02\/balm1.jpg\",\"datePublished\":\"2017-08-25T12:54:11+00:00\",\"dateModified\":\"2026-01-05T12:37:21+00:00\",\"breadcrumb\":{\"@id\":\"https:\/\/project1-mke5mv4jgx.live-website.com\/product\/grizzly-adam-beard-balm-one-off-purchase-sale\/#breadcrumb\"},\"inLanguage\":\"es\",\"potentialAction\":[{\"@type\":\"ReadAction\",\"target\":[\"https:\/\/project1-mke5mv4jgx.live-website.com\/product\/grizzly-adam-beard-balm-one-off-purchase-sale\/\"]}]},{\"@type\":\"ImageObject\",\"inLanguage\":\"es\",\"@id\":\"https:\/\/project1-mke5mv4jgx.live-website.com\/product\/grizzly-adam-beard-balm-one-off-purchase-sale\/#primaryimage\",\"url\":\"https:\/\/grizzlyadam.co.uk\/wp-content\/uploads\/2017\/02\/balm1.jpg\",\"contentUrl\":\"https:\/\/grizzlyadam.co.uk\/wp-content\/uploads\/2017\/02\/balm1.jpg\",\"width\":1000,\"height\":1000},{\"@type\":\"BreadcrumbList\",\"@id\":\"https:\/\/project1-mke5mv4jgx.live-website.com\/product\/grizzly-adam-beard-balm-one-off-purchase-sale\/#breadcrumb\",\"itemListElement\":[{\"@type\":\"ListItem\",\"position\":1,\"name\":\"Home\",\"item\":\"https:\/\/grizzlyadam.co.uk\/\"},{\"@type\":\"ListItem\",\"position\":2,\"name\":\"Shop\",\"item\":\"https:\/\/project1-mke5mv4jgx.live-website.com\/shop\/\"},{\"@type\":\"ListItem\",\"position\":3,\"name\":\"Grizzly Adam Beard Balm One Off Purchase\"}]},{\"@type\":\"WebSite\",\"@id\":\"https:\/\/project1-mke5mv4jgx.live-website.com\/#website\",\"url\":\"https:\/\/project1-mke5mv4jgx.live-website.com\/\",\"name\":\"Grizzly Adam\",\"description\":\"Beard Oil And Grooming Products For Gentlemen\",\"publisher\":{\"@id\":\"https:\/\/project1-mke5mv4jgx.live-website.com\/#organization\"},\"potentialAction\":[{\"@type\":\"SearchAction\",\"target\":{\"@type\":\"EntryPoint\",\"urlTemplate\":\"https:\/\/project1-mke5mv4jgx.live-website.com\/?s={search_term_string}\"},\"query-input\":{\"@type\":\"PropertyValueSpecification\",\"valueRequired\":true,\"valueName\":\"search_term_string\"}}],\"inLanguage\":\"es\"},{\"@type\":\"Organization\",\"@id\":\"https:\/\/project1-mke5mv4jgx.live-website.com\/#organization\",\"name\":\"GRIZZLY ADAM\",\"url\":\"https:\/\/project1-mke5mv4jgx.live-website.com\/\",\"logo\":{\"@type\":\"ImageObject\",\"inLanguage\":\"es\",\"@id\":\"https:\/\/project1-mke5mv4jgx.live-website.com\/#\/schema\/logo\/image\/\",\"url\":\"https:\/\/grizzlyadam.co.uk\/wp-content\/uploads\/2019\/11\/gadamlogo.png\",\"contentUrl\":\"https:\/\/grizzlyadam.co.uk\/wp-content\/uploads\/2019\/11\/gadamlogo.png\",\"width\":\"200\",\"height\":\"200\",\"caption\":\"GRIZZLY ADAM\"},\"image\":{\"@id\":\"https:\/\/project1-mke5mv4jgx.live-website.com\/#\/schema\/logo\/image\/\"},\"sameAs\":[\"https:\/\/www.facebook.com\/grizzlyadamuk\",\"https:\/\/x.com\/grizzlyadamuk\",\"https:\/\/www.instagram.com\/grizzlyadamuk\/\"]}]}<\/script>\n<!-- \/ Yoast SEO plugin. -->","yoast_head_json":{"title":"Grizzly Adam Beard Balm One Off Purchase - Grizzly Adam","robots":{"index":"index","follow":"follow","max-snippet":"max-snippet:-1","max-image-preview":"max-image-preview:large","max-video-preview":"max-video-preview:-1"},"canonical":"https:\/\/project1-mke5mv4jgx.live-website.com\/product\/grizzly-adam-beard-balm-one-off-purchase-sale\/","og_locale":"es_ES","og_type":"article","og_title":"Grizzly Adam Beard Balm One Off Purchase - Grizzly Adam","og_description":"CONDITIONS AND HELPS NEW GROWTH - The natural, organic ingredients get deep into the hair and nourishes it from inside and out! It works on long and short beards to condition &amp; soften your hair, improve strength &amp; shine  MADE IN THE UK - Grizzly Adam Beard Balm is the top gentlemans leave-in beard conditioner and thickener with natural oils to help with brittle beards, beard-druff, itching and split ends on the market. Fight patchiness! Use daily for the best beard effect  TAME THE WILD, EVOLVE YOUR STYLE - Keeps the straggler hairs at bay and allows you to form a full, beastly beard  STOPS BEARD-ITCH - Relieves dry skin &amp; helps moisturize to stop the itch of new hair growth in its tracks  100% MONEY BACK GUARANTEE - no questions asked! If you don't absolutely love it, we'll refund it!","og_url":"https:\/\/project1-mke5mv4jgx.live-website.com\/product\/grizzly-adam-beard-balm-one-off-purchase-sale\/","og_site_name":"Grizzly Adam","article_publisher":"https:\/\/www.facebook.com\/grizzlyadamuk","article_modified_time":"2026-01-05T12:37:21+00:00","og_image":[{"width":1000,"height":1000,"url":"https:\/\/project1-mke5mv4jgx.live-website.com\/wp-content\/uploads\/2017\/02\/balm1.jpg","type":"image\/jpeg"}],"twitter_card":"summary_large_image","twitter_site":"@grizzlyadamuk","twitter_misc":{"Tiempo de lectura":"1 minuto"},"schema":{"@context":"https:\/\/schema.org","@graph":[{"@type":"WebPage","@id":"https:\/\/project1-mke5mv4jgx.live-website.com\/product\/grizzly-adam-beard-balm-one-off-purchase-sale\/","url":"https:\/\/project1-mke5mv4jgx.live-website.com\/product\/grizzly-adam-beard-balm-one-off-purchase-sale\/","name":"Grizzly Adam Beard Balm One Off Purchase - Grizzly Adam","isPartOf":{"@id":"https:\/\/project1-mke5mv4jgx.live-website.com\/#website"},"primaryImageOfPage":{"@id":"https:\/\/project1-mke5mv4jgx.live-website.com\/product\/grizzly-adam-beard-balm-one-off-purchase-sale\/#primaryimage"},"image":{"@id":"https:\/\/project1-mke5mv4jgx.live-website.com\/product\/grizzly-adam-beard-balm-one-off-purchase-sale\/#primaryimage"},"thumbnailUrl":"https:\/\/grizzlyadam.co.uk\/wp-content\/uploads\/2017\/02\/balm1.jpg","datePublished":"2017-08-25T12:54:11+00:00","dateModified":"2026-01-05T12:37:21+00:00","breadcrumb":{"@id":"https:\/\/project1-mke5mv4jgx.live-website.com\/product\/grizzly-adam-beard-balm-one-off-purchase-sale\/#breadcrumb"},"inLanguage":"es","potentialAction":[{"@type":"ReadAction","target":["https:\/\/project1-mke5mv4jgx.live-website.com\/product\/grizzly-adam-beard-balm-one-off-purchase-sale\/"]}]},{"@type":"ImageObject","inLanguage":"es","@id":"https:\/\/project1-mke5mv4jgx.live-website.com\/product\/grizzly-adam-beard-balm-one-off-purchase-sale\/#primaryimage","url":"https:\/\/grizzlyadam.co.uk\/wp-content\/uploads\/2017\/02\/balm1.jpg","contentUrl":"https:\/\/grizzlyadam.co.uk\/wp-content\/uploads\/2017\/02\/balm1.jpg","width":1000,"height":1000},{"@type":"BreadcrumbList","@id":"https:\/\/project1-mke5mv4jgx.live-website.com\/product\/grizzly-adam-beard-balm-one-off-purchase-sale\/#breadcrumb","itemListElement":[{"@type":"ListItem","position":1,"name":"Home","item":"https:\/\/grizzlyadam.co.uk\/"},{"@type":"ListItem","position":2,"name":"Shop","item":"https:\/\/project1-mke5mv4jgx.live-website.com\/shop\/"},{"@type":"ListItem","position":3,"name":"Grizzly Adam Beard Balm One Off Purchase"}]},{"@type":"WebSite","@id":"https:\/\/project1-mke5mv4jgx.live-website.com\/#website","url":"https:\/\/project1-mke5mv4jgx.live-website.com\/","name":"Grizzly Adam","description":"Aceite para barba y productos de aseo para caballeros","publisher":{"@id":"https:\/\/project1-mke5mv4jgx.live-website.com\/#organization"},"potentialAction":[{"@type":"SearchAction","target":{"@type":"EntryPoint","urlTemplate":"https:\/\/project1-mke5mv4jgx.live-website.com\/?s={search_term_string}"},"query-input":{"@type":"PropertyValueSpecification","valueRequired":true,"valueName":"search_term_string"}}],"inLanguage":"es"},{"@type":"Organization","@id":"https:\/\/project1-mke5mv4jgx.live-website.com\/#organization","name":"GRIZZLY ADAM","url":"https:\/\/project1-mke5mv4jgx.live-website.com\/","logo":{"@type":"ImageObject","inLanguage":"es","@id":"https:\/\/project1-mke5mv4jgx.live-website.com\/#\/schema\/logo\/image\/","url":"https:\/\/grizzlyadam.co.uk\/wp-content\/uploads\/2019\/11\/gadamlogo.png","contentUrl":"https:\/\/grizzlyadam.co.uk\/wp-content\/uploads\/2019\/11\/gadamlogo.png","width":"200","height":"200","caption":"GRIZZLY ADAM"},"image":{"@id":"https:\/\/project1-mke5mv4jgx.live-website.com\/#\/schema\/logo\/image\/"},"sameAs":["https:\/\/www.facebook.com\/grizzlyadamuk","https:\/\/x.com\/grizzlyadamuk","https:\/\/www.instagram.com\/grizzlyadamuk\/"]}]}},"df_price":12.99,"df_sale_price":12.99,"df_regular_price":16.99,"df_image_link":"https:\/\/grizzlyadam.co.uk\/wp-content\/uploads\/2017\/02\/balm1-300x300.jpg","_links":{"self":[{"href":"https:\/\/grizzlyadam.co.uk\/es\/wp-json\/wp\/v2\/product\/6889","targetHints":{"allow":["GET"]}}],"collection":[{"href":"https:\/\/grizzlyadam.co.uk\/es\/wp-json\/wp\/v2\/product"}],"about":[{"href":"https:\/\/grizzlyadam.co.uk\/es\/wp-json\/wp\/v2\/types\/product"}],"replies":[{"embeddable":true,"href":"https:\/\/grizzlyadam.co.uk\/es\/wp-json\/wp\/v2\/comments?post=6889"}],"wp:featuredmedia":[{"embeddable":true,"href":"https:\/\/grizzlyadam.co.uk\/es\/wp-json\/wp\/v2\/media\/2173"}],"wp:attachment":[{"href":"https:\/\/grizzlyadam.co.uk\/es\/wp-json\/wp\/v2\/media?parent=6889"}],"wp:term":[{"taxonomy":"product_brand","embeddable":true,"href":"https:\/\/grizzlyadam.co.uk\/es\/wp-json\/wp\/v2\/product_brand?post=6889"},{"taxonomy":"product_cat","embeddable":true,"href":"https:\/\/grizzlyadam.co.uk\/es\/wp-json\/wp\/v2\/product_cat?post=6889"},{"taxonomy":"product_tag","embeddable":true,"href":"https:\/\/grizzlyadam.co.uk\/es\/wp-json\/wp\/v2\/product_tag?post=6889"}],"curies":[{"name":"wp","href":"https:\/\/api.w.org\/{rel}","templated":true}]}}