{"id":4500,"date":"2017-04-18T16:40:46","date_gmt":"2017-04-18T15:40:46","guid":{"rendered":"https:\/\/grizzlyadam.co.uk\/?post_type=product&#038;p=4500"},"modified":"2017-04-22T15:18:15","modified_gmt":"2017-04-22T14:18:15","slug":"the-grizzly-adam-beard-guide-to-beard-care","status":"publish","type":"product","link":"https:\/\/grizzlyadam.co.uk\/es\/producto\/the-grizzly-adam-beard-guide-to-beard-care\/","title":{"rendered":"Gu\u00eda Grizzly Adam para el cuidado de la barba"},"content":{"rendered":"<div class=\"page\" title=\"P\u00e1gina 3\">\n<div class=\"layoutArea\">\n<div class=\"column\">\n<p><strong>Bienvenido a la Gu\u00eda Grizzly Adam para el cuidado de la barba.<\/strong><\/p>\n<p>Espero que ya te hayas dejado barba, que hayas decidido que quieres dej\u00e1rtela o que a\u00fan est\u00e9s pensando en dej\u00e1rtela.<\/p>\n<p>Si por alguna extra\u00f1a e insondable raz\u00f3n no est\u00e1s convencido de que el vello facial sea lo tuyo, ac\u00e9rcate a una silla y ag\u00e1rrate las orejas, porque necesitamos una charla de hombre a hombre.<\/p>\n<p>En este mundo de correcci\u00f3n pol\u00edtica, derechos de la mujer y eliminaci\u00f3n de los roles de g\u00e9nero, a\u00fan queda un \u00faltimo basti\u00f3n de esperanza para que el hombre se convierta en un hombre de verdad, un guerrero, un comandante en jefe, un barbudo del m\u00e1s alto nivel, una leyenda.<\/p>\n<p>Y ese \u00faltimo basti\u00f3n de esperanza, amigo m\u00edo, es que te dejes crecer la barba, te tientes el bigote y cultives un bosque facial de hombr\u00eda.<\/p>\n<p>En muchas culturas, dejarse crecer una barba o un bigote tupidos se considera un rito de iniciaci\u00f3n para los hombres y un s\u00edmbolo de poder. Pero no todo el mundo tiene el gen de la barba y el ritmo de crecimiento depender\u00e1 tanto de la gen\u00e9tica como de los niveles de testosterona, adem\u00e1s de requerir perseverancia y paciencia.<\/p>\n<p>Esto significa que algunos hombres s\u00f3lo pueden producir una fina barba, mientras que otros pueden producir un bosque de barba con s\u00f3lo levantar una ceja. Pero te lo debes a ti mismo. Este magn\u00edfico libro te guiar\u00e1 a trav\u00e9s de los cambios vitales que supone dejarse barba. Te ayudaremos en tu viaje, respondiendo a esas preguntas di cultas, ayud\u00e1ndote en este maravilloso viaje.<\/p>\n<p>As\u00ed que, sin m\u00e1s pre\u00e1mbulos, dirij\u00e1monos a un lugar mejor. Todas las respuestas que has estado buscando est\u00e1n justo delante de ti. Perm\u00edtanos ayudarle a completar.....<\/p>\n<\/div>\n<\/div>\n<\/div>","protected":false},"excerpt":{"rendered":"<h2><span style=\"color: #d83131;\">Descargue su Ebook gratuito<\/span><\/h2>\n<p>\u00bfPOR QU\u00c9 DEBER\u00cdAS DEJARTE UNA BARBA ASESINA?<br \/>\nHay muchas razones por las que necesitas dejarte crecer la barba, entre ellas:-<br \/>\n- El s\u00edmbolo definitivo de la masculinidad<br \/>\n- Puede hacerte parecer mayor y m\u00e1s distinguido<br \/>\n- Te hace parecer m\u00e1s poderoso<br \/>\n- Bueno para ocultar una barbilla d\u00e9bil o de forma extra\u00f1a<br \/>\n- Parecer\u00e1s m\u00e1s atractivo para mucha gente<br \/>\n- A\u00f1ade car\u00e1cter al rostro<br \/>\n- No hay posibilidad de que te confundan con una chica<br \/>\n- Protecci\u00f3n contra el fr\u00edo y los vientos cortantes<br \/>\n- Protecci\u00f3n contra pu\u00f1etazos o golpes en la cara.<br \/>\n- Puede actuar como filtro, para impedir que los g\u00e9rmenes entren en la nariz y la garganta.<br \/>\n- Estar a la moda<br \/>\n- Puede atraer al sexo opuesto, e incluso (si tienes esa inclinaci\u00f3n) \u00a1al mismo sexo!<\/p>","protected":false},"featured_media":4501,"comment_status":"open","ping_status":"closed","template":"","meta":[],"product_brand":[],"product_cat":[71],"product_tag":[],"class_list":{"0":"post-4500","1":"product","2":"type-product","3":"status-publish","4":"has-post-thumbnail","6":"product_cat-accessories","8":"first","9":"instock","10":"sale","11":"downloadable","12":"taxable","13":"shipping-taxable","14":"purchasable","15":"product-type-simple"},"yoast_head":"<!-- This site is optimized with the Yoast SEO plugin v27.4 - https:\/\/yoast.com\/product\/yoast-seo-wordpress\/ -->\n<title>The Grizzly Adam Beard Guide to Beard Care - Grizzly Adam<\/title>\n<meta name=\"robots\" content=\"index, follow, max-snippet:-1, max-image-preview:large, max-video-preview:-1\" \/>\n<link rel=\"canonical\" href=\"https:\/\/grizzlyadam.co.uk\/es\/producto\/the-grizzly-adam-beard-guide-to-beard-care\/\" \/>\n<meta property=\"og:locale\" content=\"es_ES\" \/>\n<meta property=\"og:type\" content=\"article\" \/>\n<meta property=\"og:title\" content=\"The Grizzly Adam Beard Guide to Beard Care - Grizzly Adam\" \/>\n<meta property=\"og:description\" content=\"Download your Free Ebook WHY SHOULD YOU GROW A KILLER BEARD? There are so many reasons you need to grow a beard, and they include:- \u2022 The ultimate symbol of masculinity \u2022 Can make you look older and more distinguished \u2022 Makes you look more powerful \u2022 Good for hiding an odd shaped or weak chin \u2022 You will look more attractive to many people \u2022 Adds character to the face \u2022 No chance of being mistaken for a girl \u2022 Protection from cold weather and biting winds \u2022 Protection from being punched or blows to the face. \u2022 Can act as a filter, to filter germs from entering the nose and throat. \u2022 Look cool, hip and trendy \u2022 Can attract the opposite sex, and even (if you\u2019re that way inclined) the same sex!\" \/>\n<meta property=\"og:url\" content=\"https:\/\/grizzlyadam.co.uk\/es\/producto\/the-grizzly-adam-beard-guide-to-beard-care\/\" \/>\n<meta property=\"og:site_name\" content=\"Grizzly Adam\" \/>\n<meta property=\"article:publisher\" content=\"https:\/\/www.facebook.com\/grizzlyadamuk\" \/>\n<meta property=\"article:modified_time\" content=\"2017-04-22T14:18:15+00:00\" \/>\n<meta property=\"og:image\" content=\"https:\/\/project1-mke5mv4jgx.live-website.com\/wp-content\/uploads\/2017\/04\/ebook.jpg\" \/>\n\t<meta property=\"og:image:width\" content=\"1500\" \/>\n\t<meta property=\"og:image:height\" content=\"1500\" \/>\n\t<meta property=\"og:image:type\" content=\"image\/jpeg\" \/>\n<meta name=\"twitter:card\" content=\"summary_large_image\" \/>\n<meta name=\"twitter:site\" content=\"@grizzlyadamuk\" \/>\n<meta name=\"twitter:label1\" content=\"Tiempo de lectura\" \/>\n\t<meta name=\"twitter:data1\" content=\"1 minuto\" \/>\n<script type=\"application\/ld+json\" class=\"yoast-schema-graph\">{\"@context\":\"https:\\\/\\\/schema.org\",\"@graph\":[{\"@type\":\"WebPage\",\"@id\":\"https:\\\/\\\/grizzlyadam.co.uk\\\/product\\\/the-grizzly-adam-beard-guide-to-beard-care\\\/\",\"url\":\"https:\\\/\\\/grizzlyadam.co.uk\\\/product\\\/the-grizzly-adam-beard-guide-to-beard-care\\\/\",\"name\":\"The Grizzly Adam Beard Guide to Beard Care - Grizzly Adam\",\"isPartOf\":{\"@id\":\"https:\\\/\\\/project1-mke5mv4jgx.live-website.com\\\/#website\"},\"primaryImageOfPage\":{\"@id\":\"https:\\\/\\\/grizzlyadam.co.uk\\\/product\\\/the-grizzly-adam-beard-guide-to-beard-care\\\/#primaryimage\"},\"image\":{\"@id\":\"https:\\\/\\\/grizzlyadam.co.uk\\\/product\\\/the-grizzly-adam-beard-guide-to-beard-care\\\/#primaryimage\"},\"thumbnailUrl\":\"https:\\\/\\\/grizzlyadam.co.uk\\\/wp-content\\\/uploads\\\/2017\\\/04\\\/ebook.jpg\",\"datePublished\":\"2017-04-18T15:40:46+00:00\",\"dateModified\":\"2017-04-22T14:18:15+00:00\",\"breadcrumb\":{\"@id\":\"https:\\\/\\\/grizzlyadam.co.uk\\\/product\\\/the-grizzly-adam-beard-guide-to-beard-care\\\/#breadcrumb\"},\"inLanguage\":\"es\",\"potentialAction\":[{\"@type\":\"ReadAction\",\"target\":[\"https:\\\/\\\/grizzlyadam.co.uk\\\/product\\\/the-grizzly-adam-beard-guide-to-beard-care\\\/\"]}]},{\"@type\":\"ImageObject\",\"inLanguage\":\"es\",\"@id\":\"https:\\\/\\\/grizzlyadam.co.uk\\\/product\\\/the-grizzly-adam-beard-guide-to-beard-care\\\/#primaryimage\",\"url\":\"https:\\\/\\\/grizzlyadam.co.uk\\\/wp-content\\\/uploads\\\/2017\\\/04\\\/ebook.jpg\",\"contentUrl\":\"https:\\\/\\\/grizzlyadam.co.uk\\\/wp-content\\\/uploads\\\/2017\\\/04\\\/ebook.jpg\",\"width\":1500,\"height\":1500},{\"@type\":\"BreadcrumbList\",\"@id\":\"https:\\\/\\\/grizzlyadam.co.uk\\\/product\\\/the-grizzly-adam-beard-guide-to-beard-care\\\/#breadcrumb\",\"itemListElement\":[{\"@type\":\"ListItem\",\"position\":1,\"name\":\"Home\",\"item\":\"https:\\\/\\\/grizzlyadam.co.uk\\\/\"},{\"@type\":\"ListItem\",\"position\":2,\"name\":\"Shop\",\"item\":\"https:\\\/\\\/project1-mke5mv4jgx.live-website.com\\\/shop\\\/\"},{\"@type\":\"ListItem\",\"position\":3,\"name\":\"The Grizzly Adam Beard Guide to Beard Care\"}]},{\"@type\":\"WebSite\",\"@id\":\"https:\\\/\\\/project1-mke5mv4jgx.live-website.com\\\/#website\",\"url\":\"https:\\\/\\\/project1-mke5mv4jgx.live-website.com\\\/\",\"name\":\"Grizzly Adam\",\"description\":\"Beard Oil And Grooming Products For Gentlemen\",\"publisher\":{\"@id\":\"https:\\\/\\\/project1-mke5mv4jgx.live-website.com\\\/#organization\"},\"potentialAction\":[{\"@type\":\"SearchAction\",\"target\":{\"@type\":\"EntryPoint\",\"urlTemplate\":\"https:\\\/\\\/project1-mke5mv4jgx.live-website.com\\\/?s={search_term_string}\"},\"query-input\":{\"@type\":\"PropertyValueSpecification\",\"valueRequired\":true,\"valueName\":\"search_term_string\"}}],\"inLanguage\":\"es\"},{\"@type\":\"Organization\",\"@id\":\"https:\\\/\\\/project1-mke5mv4jgx.live-website.com\\\/#organization\",\"name\":\"GRIZZLY ADAM\",\"url\":\"https:\\\/\\\/project1-mke5mv4jgx.live-website.com\\\/\",\"logo\":{\"@type\":\"ImageObject\",\"inLanguage\":\"es\",\"@id\":\"https:\\\/\\\/project1-mke5mv4jgx.live-website.com\\\/#\\\/schema\\\/logo\\\/image\\\/\",\"url\":\"https:\\\/\\\/grizzlyadam.co.uk\\\/wp-content\\\/uploads\\\/2019\\\/11\\\/gadamlogo.png\",\"contentUrl\":\"https:\\\/\\\/grizzlyadam.co.uk\\\/wp-content\\\/uploads\\\/2019\\\/11\\\/gadamlogo.png\",\"width\":\"200\",\"height\":\"200\",\"caption\":\"GRIZZLY ADAM\"},\"image\":{\"@id\":\"https:\\\/\\\/project1-mke5mv4jgx.live-website.com\\\/#\\\/schema\\\/logo\\\/image\\\/\"},\"sameAs\":[\"https:\\\/\\\/www.facebook.com\\\/grizzlyadamuk\",\"https:\\\/\\\/x.com\\\/grizzlyadamuk\",\"https:\\\/\\\/www.instagram.com\\\/grizzlyadamuk\\\/\"]}]}<\/script>\n<!-- \/ Yoast SEO plugin. -->","yoast_head_json":{"title":"The Grizzly Adam Beard Guide to Beard Care - Grizzly Adam","robots":{"index":"index","follow":"follow","max-snippet":"max-snippet:-1","max-image-preview":"max-image-preview:large","max-video-preview":"max-video-preview:-1"},"canonical":"https:\/\/grizzlyadam.co.uk\/es\/producto\/the-grizzly-adam-beard-guide-to-beard-care\/","og_locale":"es_ES","og_type":"article","og_title":"The Grizzly Adam Beard Guide to Beard Care - Grizzly Adam","og_description":"Download your Free Ebook WHY SHOULD YOU GROW A KILLER BEARD? There are so many reasons you need to grow a beard, and they include:- \u2022 The ultimate symbol of masculinity \u2022 Can make you look older and more distinguished \u2022 Makes you look more powerful \u2022 Good for hiding an odd shaped or weak chin \u2022 You will look more attractive to many people \u2022 Adds character to the face \u2022 No chance of being mistaken for a girl \u2022 Protection from cold weather and biting winds \u2022 Protection from being punched or blows to the face. \u2022 Can act as a filter, to filter germs from entering the nose and throat. \u2022 Look cool, hip and trendy \u2022 Can attract the opposite sex, and even (if you\u2019re that way inclined) the same sex!","og_url":"https:\/\/grizzlyadam.co.uk\/es\/producto\/the-grizzly-adam-beard-guide-to-beard-care\/","og_site_name":"Grizzly Adam","article_publisher":"https:\/\/www.facebook.com\/grizzlyadamuk","article_modified_time":"2017-04-22T14:18:15+00:00","og_image":[{"width":1500,"height":1500,"url":"https:\/\/project1-mke5mv4jgx.live-website.com\/wp-content\/uploads\/2017\/04\/ebook.jpg","type":"image\/jpeg"}],"twitter_card":"summary_large_image","twitter_site":"@grizzlyadamuk","twitter_misc":{"Tiempo de lectura":"1 minuto"},"schema":{"@context":"https:\/\/schema.org","@graph":[{"@type":"WebPage","@id":"https:\/\/grizzlyadam.co.uk\/product\/the-grizzly-adam-beard-guide-to-beard-care\/","url":"https:\/\/grizzlyadam.co.uk\/product\/the-grizzly-adam-beard-guide-to-beard-care\/","name":"The Grizzly Adam Beard Guide to Beard Care - Grizzly Adam","isPartOf":{"@id":"https:\/\/project1-mke5mv4jgx.live-website.com\/#website"},"primaryImageOfPage":{"@id":"https:\/\/grizzlyadam.co.uk\/product\/the-grizzly-adam-beard-guide-to-beard-care\/#primaryimage"},"image":{"@id":"https:\/\/grizzlyadam.co.uk\/product\/the-grizzly-adam-beard-guide-to-beard-care\/#primaryimage"},"thumbnailUrl":"https:\/\/grizzlyadam.co.uk\/wp-content\/uploads\/2017\/04\/ebook.jpg","datePublished":"2017-04-18T15:40:46+00:00","dateModified":"2017-04-22T14:18:15+00:00","breadcrumb":{"@id":"https:\/\/grizzlyadam.co.uk\/product\/the-grizzly-adam-beard-guide-to-beard-care\/#breadcrumb"},"inLanguage":"es","potentialAction":[{"@type":"ReadAction","target":["https:\/\/grizzlyadam.co.uk\/product\/the-grizzly-adam-beard-guide-to-beard-care\/"]}]},{"@type":"ImageObject","inLanguage":"es","@id":"https:\/\/grizzlyadam.co.uk\/product\/the-grizzly-adam-beard-guide-to-beard-care\/#primaryimage","url":"https:\/\/grizzlyadam.co.uk\/wp-content\/uploads\/2017\/04\/ebook.jpg","contentUrl":"https:\/\/grizzlyadam.co.uk\/wp-content\/uploads\/2017\/04\/ebook.jpg","width":1500,"height":1500},{"@type":"BreadcrumbList","@id":"https:\/\/grizzlyadam.co.uk\/product\/the-grizzly-adam-beard-guide-to-beard-care\/#breadcrumb","itemListElement":[{"@type":"ListItem","position":1,"name":"Home","item":"https:\/\/grizzlyadam.co.uk\/"},{"@type":"ListItem","position":2,"name":"Shop","item":"https:\/\/project1-mke5mv4jgx.live-website.com\/shop\/"},{"@type":"ListItem","position":3,"name":"The Grizzly Adam Beard Guide to Beard Care"}]},{"@type":"WebSite","@id":"https:\/\/project1-mke5mv4jgx.live-website.com\/#website","url":"https:\/\/project1-mke5mv4jgx.live-website.com\/","name":"Grizzly Adam","description":"Aceite para barba y productos de aseo para caballeros","publisher":{"@id":"https:\/\/project1-mke5mv4jgx.live-website.com\/#organization"},"potentialAction":[{"@type":"SearchAction","target":{"@type":"EntryPoint","urlTemplate":"https:\/\/project1-mke5mv4jgx.live-website.com\/?s={search_term_string}"},"query-input":{"@type":"PropertyValueSpecification","valueRequired":true,"valueName":"search_term_string"}}],"inLanguage":"es"},{"@type":"Organization","@id":"https:\/\/project1-mke5mv4jgx.live-website.com\/#organization","name":"GRIZZLY ADAM","url":"https:\/\/project1-mke5mv4jgx.live-website.com\/","logo":{"@type":"ImageObject","inLanguage":"es","@id":"https:\/\/project1-mke5mv4jgx.live-website.com\/#\/schema\/logo\/image\/","url":"https:\/\/grizzlyadam.co.uk\/wp-content\/uploads\/2019\/11\/gadamlogo.png","contentUrl":"https:\/\/grizzlyadam.co.uk\/wp-content\/uploads\/2019\/11\/gadamlogo.png","width":"200","height":"200","caption":"GRIZZLY ADAM"},"image":{"@id":"https:\/\/project1-mke5mv4jgx.live-website.com\/#\/schema\/logo\/image\/"},"sameAs":["https:\/\/www.facebook.com\/grizzlyadamuk","https:\/\/x.com\/grizzlyadamuk","https:\/\/www.instagram.com\/grizzlyadamuk\/"]}]}},"df_price":"","df_sale_price":"","df_regular_price":19.99,"df_image_link":"https:\/\/grizzlyadam.co.uk\/wp-content\/uploads\/2017\/04\/ebook-300x300.jpg","_links":{"self":[{"href":"https:\/\/grizzlyadam.co.uk\/es\/wp-json\/wp\/v2\/product\/4500","targetHints":{"allow":["GET"]}}],"collection":[{"href":"https:\/\/grizzlyadam.co.uk\/es\/wp-json\/wp\/v2\/product"}],"about":[{"href":"https:\/\/grizzlyadam.co.uk\/es\/wp-json\/wp\/v2\/types\/product"}],"replies":[{"embeddable":true,"href":"https:\/\/grizzlyadam.co.uk\/es\/wp-json\/wp\/v2\/comments?post=4500"}],"wp:featuredmedia":[{"embeddable":true,"href":"https:\/\/grizzlyadam.co.uk\/es\/wp-json\/wp\/v2\/media\/4501"}],"wp:attachment":[{"href":"https:\/\/grizzlyadam.co.uk\/es\/wp-json\/wp\/v2\/media?parent=4500"}],"wp:term":[{"taxonomy":"product_brand","embeddable":true,"href":"https:\/\/grizzlyadam.co.uk\/es\/wp-json\/wp\/v2\/product_brand?post=4500"},{"taxonomy":"product_cat","embeddable":true,"href":"https:\/\/grizzlyadam.co.uk\/es\/wp-json\/wp\/v2\/product_cat?post=4500"},{"taxonomy":"product_tag","embeddable":true,"href":"https:\/\/grizzlyadam.co.uk\/es\/wp-json\/wp\/v2\/product_tag?post=4500"}],"curies":[{"name":"wp","href":"https:\/\/api.w.org\/{rel}","templated":true}]}}