{"id":4274,"date":"2017-04-13T13:19:51","date_gmt":"2017-04-13T12:19:51","guid":{"rendered":"https:\/\/grizzlyadam.co.uk\/product\/grizzly-adam-hair-and-beard-growth-support-exclusive-offer\/"},"modified":"2024-07-19T19:50:38","modified_gmt":"2024-07-19T18:50:38","slug":"grizzly-adam-hair-and-beard-growth-support-exclusive-offer","status":"publish","type":"product","link":"https:\/\/grizzlyadam.co.uk\/es\/producto\/grizzly-adam-hair-and-beard-growth-support-exclusive-offer\/","title":{"rendered":"Grizzly Adam Apoyo para el Crecimiento del Cabello y la Barba - Oferta Exclusiva"},"content":{"rendered":"<h2>He aqu\u00ed algunos beneficios incre\u00edbles m\u00e1s que experimentar\u00e1 despu\u00e9s de tomar constantemente el Suplemento para el Crecimiento del Cabello y la Barba Grizzly Adam:<\/h2>\n<ul>\n<li><strong>Complete su organismo con vitaminas y minerales nutritivos que previenen la ca\u00edda del cabello y estimulan su crecimiento.<\/strong><\/li>\n<\/ul>\n<ul>\n<li>Experimente c\u00f3mo su barba crece m\u00e1s fuerte gracias a las potentes vitaminas que contiene cada c\u00e1psula<\/li>\n<\/ul>\n<ul>\n<li><strong>Crecimiento del vello de la barba m\u00e1s r\u00e1pido que nunca - una vez que tu cuerpo tiene todos los nutrientes esenciales que necesita, acciona el interruptor y empieza a empujar tu barba para que crezca, \u00a1y hazlo r\u00e1pido!<\/strong><\/li>\n<\/ul>\n<ul>\n<li>Con todos estos nutrientes y minerales esenciales, tu barba no s\u00f3lo crecer\u00e1 m\u00e1s, sino que tambi\u00e9n ser\u00e1 m\u00e1s espesa, m\u00e1s poblada, m\u00e1s densa y tendr\u00e1 un aspecto m\u00e1s saludable.<\/li>\n<\/ul>\n<ul>\n<li><strong>Rellena tus zonas con parches - Se acabaron las zonas desali\u00f1adas y con parches: tu barba tendr\u00e1 todo lo que necesita para crecer todo lo que\u00a0<\/strong><strong>\u00a1tus genes te lo permiten!<\/strong><\/li>\n<\/ul>\n<ul>\n<li>Suave, rico y brillante: \u00a1restaurar\u00e1 la elasticidad, suavidad y brillo naturales de su cabello con esta potente f\u00f3rmula!<\/li>\n<\/ul>\n<ul>\n<li><strong>Haz que tus amigos con barba sientan celos y envidia de tu nueva barba, m\u00e1s espesa, m\u00e1s sana, m\u00e1s oscura y m\u00e1s bonita.<\/strong><\/li>\n<\/ul>\n<ul>\n<li>Deje crecer por fin la barba varonil que siempre ha deseado tener, \u00a1incluso si le ha crecido poco pelo o ha tenido calvas!<\/li>\n<\/ul>\n<ul>\n<li><strong>Si\u00e9ntete m\u00e1s seguro de tu masculinidad y observa c\u00f3mo esa confianza te hace m\u00e1s atractivo y te permite rendir m\u00e1s.\u00a0<\/strong><strong>\u00a1mejor, sin que el miedo a parecer inmaduro te frene!<\/strong><\/li>\n<\/ul>\n<ul>\n<li>Invierte en la salud de tu barba y cuero cabelludo: no conseguir\u00e1s una melena abundante de la noche a la ma\u00f1ana, pero estar\u00e1s invirtiendo a largo plazo.<br \/>\n\u00a1crecimiento, salud y plenitud de su cabello!<\/li>\n<\/ul>\n<ul>\n<li><strong>\u00a1Frena la ca\u00edda del cabello o la posible calvicie! Sus fol\u00edculos pilosos recibir\u00e1n todo el combustible que necesitan para un crecimiento y una fuerza m\u00e1ximos del cabello, \u00a1lo que le ayudar\u00e1 a combatir la calvicie!<\/strong><\/li>\n<\/ul>\n<ul>\n<li>Y muchas m\u00e1s cosas que tendr\u00e1s que descubrir por ti mismo, \u00a1una vez que vivas la vida de un aut\u00e9ntico grizzly barbudo!<\/li>\n<li><strong>Si todo eso no te vale, <a href=\"https:\/\/grizzlyadam.co.uk\/es\/hair-and-beard-growth-support\/\">consulte esta p\u00e1gina de pedidos especiales<\/a> donde puede obtener un <span style=\"background-color: #ffff00;\">instant 20% OFF<\/span> y mucha m\u00e1s informaci\u00f3n sobre por qu\u00e9 este suplemento para el crecimiento de la barba funciona tan bien.<\/strong><\/li>\n<\/ul>\n<p><img loading=\"lazy\" decoding=\"async\" class=\"aligncenter wp-image-3298 size-large\" src=\"https:\/\/grizzlyadam.co.uk\/wp-content\/uploads\/2016\/04\/Image-6-1024x1024.jpg\" width=\"1024\" height=\"1024\" \/><br \/>\n<strong>Ingredientes<\/strong><\/p>\n<p>Carbonato c\u00e1lcico 252,53mg que aporta Calcio \u00d3xido de magnesio 166,99mg que aporta Magnesio Aceite de linaza en polvo Vitamina C (\u00c1cido asc\u00f3rbico) Vitamina B2 (Riboflavina) Fumarato ferroso 44,59mg que aporta Hierro Citrato de cinc 33.33mg que aporta Zinc S\u00edlice Colecalciferol 100.000 iu\/g 10mg que aporta Vitamina D3 Gluconato de Cobre 7,69mg que aporta Cobre Selenito de Sodio 0,22mg que aporta Selenio Yoduro de Potasio 0,2mg que aporta Yodo Biotina<br \/>\n<strong> Advertencia de seguridad <\/strong><\/p>\n<p>Los complementos alimenticios no deben utilizarse como sustitutos de una dieta variada y equilibrada y un estilo de vida saludable. No se recomienda su uso a mujeres embarazadas o en per\u00edodo de lactancia ni a personas al\u00e9rgicas. Si est\u00e1 tomando alg\u00fan medicamento, consulte a un m\u00e9dico antes de utilizarlo. Suspenda su uso y consulte a un m\u00e9dico si se producen reacciones adversas. No recomendado para menores de 18 a\u00f1os. Mantener fuera del alcance de los ni\u00f1os. Conservar en lugar fresco y seco. No utilizar si el precinto est\u00e1 roto. Fabricado en equipos que procesan productos que contienen frutos de c\u00e1scara, leche, pescado y soja.<\/p>\n<p><strong>C\u00f3mo llegar<\/strong><\/p>\n<p>Tomar dos c\u00e1psulas al d\u00eda.<\/p>\n<p>Un m\u00e1ximo de cuatro c\u00e1psulas al d\u00eda para obtener resultados m\u00e1s r\u00e1pidos.<\/p>\n<p>No superar la dosis indicada.<\/p>","protected":false},"excerpt":{"rendered":"<div id=\"featurebullets_feature_div\" class=\"feature\" data-feature-name=\"featurebullets\">\n<div id=\"feature-bullets\" class=\"a-section a-spacing-medium a-spacing-top-small\">\n<ul class=\"a-vertical a-spacing-none\">\n<li><span class=\"a-list-item\"> F\u00f3rmula de apoyo al crecimiento del cabello y la barba de alta calidad - Si busca mejorar su barba o combatir una posible calvicie, este es el producto adecuado para usted.<\/span><\/li>\n<li><span class=\"a-list-item\"> Aporta Biotina a su Cabello - \u00bfDesea una barba m\u00e1s grande y de mejor aspecto? Si es as\u00ed, la biotina, una vitamina del complejo B, es justo lo que necesita. No s\u00f3lo ayuda a prevenir la ca\u00edda del cabello, sino que tambi\u00e9n puede dar un impulso natural a la tasa de crecimiento del cabello. Y por si fuera poco, tambi\u00e9n restaura el brillo, la elasticidad y la densidad del cabello.<\/span><\/li>\n<li><span class=\"a-list-item\"> Su potente f\u00f3rmula incluye zinc, cobre, vitamina C y vitamina B2 para un cabello m\u00e1s sano y fuerte<\/span><\/li>\n<li><span class=\"a-list-item\"> 100% Ingredientes naturales y de alta calidad<\/span><\/li>\n<li><span class=\"a-list-item\"> \u00a1Nuestros productos son de la m\u00e1s alta calidad solamente, por lo que ofrecemos una garant\u00eda de devoluci\u00f3n de dinero 100% a todos nuestros clientes.por cualquier raz\u00f3n que usted no est\u00e1 100% satisfecho con nuestros productos o servicios, simplemente p\u00f3ngase en contacto con nosotros y vamos a hacer las cosas bien - Tenemos el mejor servicio al cliente y los suplementos de la m\u00e1s alta calidad en el mercado hoy en d\u00eda!<\/span><\/li>\n<\/ul>\n<\/div>\n<\/div>","protected":false},"featured_media":2227,"comment_status":"closed","ping_status":"closed","template":"","meta":[],"product_brand":[],"product_cat":[250,89],"product_tag":[],"class_list":{"0":"post-4274","1":"product","2":"type-product","3":"status-publish","4":"has-post-thumbnail","6":"product_cat-beard-growth","7":"product_cat-supplements","9":"first","10":"instock","11":"sale","12":"taxable","13":"shipping-taxable","14":"purchasable","15":"product-type-simple"},"yoast_head":"<!-- This site is optimized with the Yoast SEO plugin v27.2 - https:\/\/yoast.com\/product\/yoast-seo-wordpress\/ -->\n<title>Grizzly Adam Hair and Beard Growth Support - Exclusive Offer - Grizzly Adam<\/title>\n<meta name=\"robots\" content=\"index, follow, max-snippet:-1, max-image-preview:large, max-video-preview:-1\" \/>\n<link rel=\"canonical\" href=\"https:\/\/project1-mke5mv4jgx.live-website.com\/product\/grizzly-adam-hair-and-beard-growth-support-exclusive-offer\/\" \/>\n<meta property=\"og:locale\" content=\"es_ES\" \/>\n<meta property=\"og:type\" content=\"article\" \/>\n<meta property=\"og:title\" content=\"Grizzly Adam Hair and Beard Growth Support - Exclusive Offer - Grizzly Adam\" \/>\n<meta property=\"og:description\" content=\"High quality hair and beard growth support formula - If you are looking to improve your beard or fight potential baldness, this is the right product for you.   Gives Your Hair a Biotin Boost - Do you want a bigger and better looking beard? If so, a B-Complex vitamin called Biotin is just what you need. Not only does it aid in the prevention of hair loss, but it can also give you a natural boost in your rate of hair growth. And as if that wasn&#039;t already cool enough, it also restores your hair&#039;s shine, elasticity and density.   Potent Formula includes Zinc, Copper, Vitamin C and Vitamin B2 for Healthier, Stronger Hair   100% Natural And High-Quality Ingredients   Our Products Are Of The Highest Quality Only, So We Offer a 100% Money Back Guarantee To All Of Our Customers.For what ever reason you are not 100% satisfied with our products or service, simply contact us and we will make it right - We have THE BEST Customer Service and the Highest Quality Supplements on the market Today!\" \/>\n<meta property=\"og:url\" content=\"https:\/\/project1-mke5mv4jgx.live-website.com\/product\/grizzly-adam-hair-and-beard-growth-support-exclusive-offer\/\" \/>\n<meta property=\"og:site_name\" content=\"Grizzly Adam\" \/>\n<meta property=\"article:publisher\" content=\"https:\/\/www.facebook.com\/grizzlyadamuk\" \/>\n<meta property=\"article:modified_time\" content=\"2024-07-19T18:50:38+00:00\" \/>\n<meta property=\"og:image\" content=\"https:\/\/project1-mke5mv4jgx.live-website.com\/wp-content\/uploads\/2017\/02\/Mock1_bigger-e1465983713243.jpg\" \/>\n\t<meta property=\"og:image:width\" content=\"450\" \/>\n\t<meta property=\"og:image:height\" content=\"474\" \/>\n\t<meta property=\"og:image:type\" content=\"image\/jpeg\" \/>\n<meta name=\"twitter:card\" content=\"summary_large_image\" \/>\n<meta name=\"twitter:site\" content=\"@grizzlyadamuk\" \/>\n<meta name=\"twitter:label1\" content=\"Tiempo de lectura\" \/>\n\t<meta name=\"twitter:data1\" content=\"3 minutos\" \/>\n<script type=\"application\/ld+json\" class=\"yoast-schema-graph\">{\"@context\":\"https:\/\/schema.org\",\"@graph\":[{\"@type\":\"WebPage\",\"@id\":\"https:\/\/project1-mke5mv4jgx.live-website.com\/product\/grizzly-adam-hair-and-beard-growth-support-exclusive-offer\/\",\"url\":\"https:\/\/project1-mke5mv4jgx.live-website.com\/product\/grizzly-adam-hair-and-beard-growth-support-exclusive-offer\/\",\"name\":\"Grizzly Adam Hair and Beard Growth Support - Exclusive Offer - Grizzly Adam\",\"isPartOf\":{\"@id\":\"https:\/\/project1-mke5mv4jgx.live-website.com\/#website\"},\"primaryImageOfPage\":{\"@id\":\"https:\/\/project1-mke5mv4jgx.live-website.com\/product\/grizzly-adam-hair-and-beard-growth-support-exclusive-offer\/#primaryimage\"},\"image\":{\"@id\":\"https:\/\/project1-mke5mv4jgx.live-website.com\/product\/grizzly-adam-hair-and-beard-growth-support-exclusive-offer\/#primaryimage\"},\"thumbnailUrl\":\"https:\/\/grizzlyadam.co.uk\/wp-content\/uploads\/2017\/02\/Mock1_bigger-e1465983713243.jpg\",\"datePublished\":\"2017-04-13T12:19:51+00:00\",\"dateModified\":\"2024-07-19T18:50:38+00:00\",\"breadcrumb\":{\"@id\":\"https:\/\/project1-mke5mv4jgx.live-website.com\/product\/grizzly-adam-hair-and-beard-growth-support-exclusive-offer\/#breadcrumb\"},\"inLanguage\":\"es\",\"potentialAction\":[{\"@type\":\"ReadAction\",\"target\":[\"https:\/\/project1-mke5mv4jgx.live-website.com\/product\/grizzly-adam-hair-and-beard-growth-support-exclusive-offer\/\"]}]},{\"@type\":\"ImageObject\",\"inLanguage\":\"es\",\"@id\":\"https:\/\/project1-mke5mv4jgx.live-website.com\/product\/grizzly-adam-hair-and-beard-growth-support-exclusive-offer\/#primaryimage\",\"url\":\"https:\/\/grizzlyadam.co.uk\/wp-content\/uploads\/2017\/02\/Mock1_bigger-e1465983713243.jpg\",\"contentUrl\":\"https:\/\/grizzlyadam.co.uk\/wp-content\/uploads\/2017\/02\/Mock1_bigger-e1465983713243.jpg\",\"width\":450,\"height\":474},{\"@type\":\"BreadcrumbList\",\"@id\":\"https:\/\/project1-mke5mv4jgx.live-website.com\/product\/grizzly-adam-hair-and-beard-growth-support-exclusive-offer\/#breadcrumb\",\"itemListElement\":[{\"@type\":\"ListItem\",\"position\":1,\"name\":\"Home\",\"item\":\"https:\/\/grizzlyadam.co.uk\/\"},{\"@type\":\"ListItem\",\"position\":2,\"name\":\"Shop\",\"item\":\"https:\/\/project1-mke5mv4jgx.live-website.com\/shop\/\"},{\"@type\":\"ListItem\",\"position\":3,\"name\":\"Grizzly Adam Hair and Beard Growth Support &#8211; Exclusive Offer\"}]},{\"@type\":\"WebSite\",\"@id\":\"https:\/\/project1-mke5mv4jgx.live-website.com\/#website\",\"url\":\"https:\/\/project1-mke5mv4jgx.live-website.com\/\",\"name\":\"Grizzly Adam\",\"description\":\"Beard Oil And Grooming Products For Gentlemen\",\"publisher\":{\"@id\":\"https:\/\/project1-mke5mv4jgx.live-website.com\/#organization\"},\"potentialAction\":[{\"@type\":\"SearchAction\",\"target\":{\"@type\":\"EntryPoint\",\"urlTemplate\":\"https:\/\/project1-mke5mv4jgx.live-website.com\/?s={search_term_string}\"},\"query-input\":{\"@type\":\"PropertyValueSpecification\",\"valueRequired\":true,\"valueName\":\"search_term_string\"}}],\"inLanguage\":\"es\"},{\"@type\":\"Organization\",\"@id\":\"https:\/\/project1-mke5mv4jgx.live-website.com\/#organization\",\"name\":\"GRIZZLY ADAM\",\"url\":\"https:\/\/project1-mke5mv4jgx.live-website.com\/\",\"logo\":{\"@type\":\"ImageObject\",\"inLanguage\":\"es\",\"@id\":\"https:\/\/project1-mke5mv4jgx.live-website.com\/#\/schema\/logo\/image\/\",\"url\":\"https:\/\/grizzlyadam.co.uk\/wp-content\/uploads\/2019\/11\/gadamlogo.png\",\"contentUrl\":\"https:\/\/grizzlyadam.co.uk\/wp-content\/uploads\/2019\/11\/gadamlogo.png\",\"width\":\"200\",\"height\":\"200\",\"caption\":\"GRIZZLY ADAM\"},\"image\":{\"@id\":\"https:\/\/project1-mke5mv4jgx.live-website.com\/#\/schema\/logo\/image\/\"},\"sameAs\":[\"https:\/\/www.facebook.com\/grizzlyadamuk\",\"https:\/\/x.com\/grizzlyadamuk\",\"https:\/\/www.instagram.com\/grizzlyadamuk\/\"]}]}<\/script>\n<!-- \/ Yoast SEO plugin. -->","yoast_head_json":{"title":"Grizzly Adam Hair and Beard Growth Support - Exclusive Offer - Grizzly Adam","robots":{"index":"index","follow":"follow","max-snippet":"max-snippet:-1","max-image-preview":"max-image-preview:large","max-video-preview":"max-video-preview:-1"},"canonical":"https:\/\/project1-mke5mv4jgx.live-website.com\/product\/grizzly-adam-hair-and-beard-growth-support-exclusive-offer\/","og_locale":"es_ES","og_type":"article","og_title":"Grizzly Adam Hair and Beard Growth Support - Exclusive Offer - Grizzly Adam","og_description":"High quality hair and beard growth support formula - If you are looking to improve your beard or fight potential baldness, this is the right product for you.   Gives Your Hair a Biotin Boost - Do you want a bigger and better looking beard? If so, a B-Complex vitamin called Biotin is just what you need. Not only does it aid in the prevention of hair loss, but it can also give you a natural boost in your rate of hair growth. And as if that wasn't already cool enough, it also restores your hair's shine, elasticity and density.   Potent Formula includes Zinc, Copper, Vitamin C and Vitamin B2 for Healthier, Stronger Hair   100% Natural And High-Quality Ingredients   Our Products Are Of The Highest Quality Only, So We Offer a 100% Money Back Guarantee To All Of Our Customers.For what ever reason you are not 100% satisfied with our products or service, simply contact us and we will make it right - We have THE BEST Customer Service and the Highest Quality Supplements on the market Today!","og_url":"https:\/\/project1-mke5mv4jgx.live-website.com\/product\/grizzly-adam-hair-and-beard-growth-support-exclusive-offer\/","og_site_name":"Grizzly Adam","article_publisher":"https:\/\/www.facebook.com\/grizzlyadamuk","article_modified_time":"2024-07-19T18:50:38+00:00","og_image":[{"width":450,"height":474,"url":"https:\/\/project1-mke5mv4jgx.live-website.com\/wp-content\/uploads\/2017\/02\/Mock1_bigger-e1465983713243.jpg","type":"image\/jpeg"}],"twitter_card":"summary_large_image","twitter_site":"@grizzlyadamuk","twitter_misc":{"Tiempo de lectura":"3 minutos"},"schema":{"@context":"https:\/\/schema.org","@graph":[{"@type":"WebPage","@id":"https:\/\/project1-mke5mv4jgx.live-website.com\/product\/grizzly-adam-hair-and-beard-growth-support-exclusive-offer\/","url":"https:\/\/project1-mke5mv4jgx.live-website.com\/product\/grizzly-adam-hair-and-beard-growth-support-exclusive-offer\/","name":"Grizzly Adam Hair and Beard Growth Support - Exclusive Offer - Grizzly Adam","isPartOf":{"@id":"https:\/\/project1-mke5mv4jgx.live-website.com\/#website"},"primaryImageOfPage":{"@id":"https:\/\/project1-mke5mv4jgx.live-website.com\/product\/grizzly-adam-hair-and-beard-growth-support-exclusive-offer\/#primaryimage"},"image":{"@id":"https:\/\/project1-mke5mv4jgx.live-website.com\/product\/grizzly-adam-hair-and-beard-growth-support-exclusive-offer\/#primaryimage"},"thumbnailUrl":"https:\/\/grizzlyadam.co.uk\/wp-content\/uploads\/2017\/02\/Mock1_bigger-e1465983713243.jpg","datePublished":"2017-04-13T12:19:51+00:00","dateModified":"2024-07-19T18:50:38+00:00","breadcrumb":{"@id":"https:\/\/project1-mke5mv4jgx.live-website.com\/product\/grizzly-adam-hair-and-beard-growth-support-exclusive-offer\/#breadcrumb"},"inLanguage":"es","potentialAction":[{"@type":"ReadAction","target":["https:\/\/project1-mke5mv4jgx.live-website.com\/product\/grizzly-adam-hair-and-beard-growth-support-exclusive-offer\/"]}]},{"@type":"ImageObject","inLanguage":"es","@id":"https:\/\/project1-mke5mv4jgx.live-website.com\/product\/grizzly-adam-hair-and-beard-growth-support-exclusive-offer\/#primaryimage","url":"https:\/\/grizzlyadam.co.uk\/wp-content\/uploads\/2017\/02\/Mock1_bigger-e1465983713243.jpg","contentUrl":"https:\/\/grizzlyadam.co.uk\/wp-content\/uploads\/2017\/02\/Mock1_bigger-e1465983713243.jpg","width":450,"height":474},{"@type":"BreadcrumbList","@id":"https:\/\/project1-mke5mv4jgx.live-website.com\/product\/grizzly-adam-hair-and-beard-growth-support-exclusive-offer\/#breadcrumb","itemListElement":[{"@type":"ListItem","position":1,"name":"Home","item":"https:\/\/grizzlyadam.co.uk\/"},{"@type":"ListItem","position":2,"name":"Shop","item":"https:\/\/project1-mke5mv4jgx.live-website.com\/shop\/"},{"@type":"ListItem","position":3,"name":"Grizzly Adam Hair and Beard Growth Support &#8211; Exclusive Offer"}]},{"@type":"WebSite","@id":"https:\/\/project1-mke5mv4jgx.live-website.com\/#website","url":"https:\/\/project1-mke5mv4jgx.live-website.com\/","name":"Grizzly Adam","description":"Aceite para barba y productos de aseo para caballeros","publisher":{"@id":"https:\/\/project1-mke5mv4jgx.live-website.com\/#organization"},"potentialAction":[{"@type":"SearchAction","target":{"@type":"EntryPoint","urlTemplate":"https:\/\/project1-mke5mv4jgx.live-website.com\/?s={search_term_string}"},"query-input":{"@type":"PropertyValueSpecification","valueRequired":true,"valueName":"search_term_string"}}],"inLanguage":"es"},{"@type":"Organization","@id":"https:\/\/project1-mke5mv4jgx.live-website.com\/#organization","name":"GRIZZLY ADAM","url":"https:\/\/project1-mke5mv4jgx.live-website.com\/","logo":{"@type":"ImageObject","inLanguage":"es","@id":"https:\/\/project1-mke5mv4jgx.live-website.com\/#\/schema\/logo\/image\/","url":"https:\/\/grizzlyadam.co.uk\/wp-content\/uploads\/2019\/11\/gadamlogo.png","contentUrl":"https:\/\/grizzlyadam.co.uk\/wp-content\/uploads\/2019\/11\/gadamlogo.png","width":"200","height":"200","caption":"GRIZZLY ADAM"},"image":{"@id":"https:\/\/project1-mke5mv4jgx.live-website.com\/#\/schema\/logo\/image\/"},"sameAs":["https:\/\/www.facebook.com\/grizzlyadamuk","https:\/\/x.com\/grizzlyadamuk","https:\/\/www.instagram.com\/grizzlyadamuk\/"]}]}},"df_price":19.99,"df_sale_price":19.99,"df_regular_price":21.99,"df_image_link":"https:\/\/grizzlyadam.co.uk\/wp-content\/uploads\/2017\/02\/Mock1_bigger-e1465983713243-285x300.jpg","_links":{"self":[{"href":"https:\/\/grizzlyadam.co.uk\/es\/wp-json\/wp\/v2\/product\/4274","targetHints":{"allow":["GET"]}}],"collection":[{"href":"https:\/\/grizzlyadam.co.uk\/es\/wp-json\/wp\/v2\/product"}],"about":[{"href":"https:\/\/grizzlyadam.co.uk\/es\/wp-json\/wp\/v2\/types\/product"}],"replies":[{"embeddable":true,"href":"https:\/\/grizzlyadam.co.uk\/es\/wp-json\/wp\/v2\/comments?post=4274"}],"wp:featuredmedia":[{"embeddable":true,"href":"https:\/\/grizzlyadam.co.uk\/es\/wp-json\/wp\/v2\/media\/2227"}],"wp:attachment":[{"href":"https:\/\/grizzlyadam.co.uk\/es\/wp-json\/wp\/v2\/media?parent=4274"}],"wp:term":[{"taxonomy":"product_brand","embeddable":true,"href":"https:\/\/grizzlyadam.co.uk\/es\/wp-json\/wp\/v2\/product_brand?post=4274"},{"taxonomy":"product_cat","embeddable":true,"href":"https:\/\/grizzlyadam.co.uk\/es\/wp-json\/wp\/v2\/product_cat?post=4274"},{"taxonomy":"product_tag","embeddable":true,"href":"https:\/\/grizzlyadam.co.uk\/es\/wp-json\/wp\/v2\/product_tag?post=4274"}],"curies":[{"name":"wp","href":"https:\/\/api.w.org\/{rel}","templated":true}]}}