{"id":3756,"date":"2017-02-24T20:08:19","date_gmt":"2017-02-24T20:08:19","guid":{"rendered":"https:\/\/grizzlyadam.co.uk\/product\/grizzly-adam-moustache-wax-15ml-firm-hold-ideal-for-tash-twisters-and-handlebars-one-off-purchase\/"},"modified":"2024-06-09T20:36:05","modified_gmt":"2024-06-09T19:36:05","slug":"grizzly-adam-moustache-wax-15ml-firm-hold-ideal-for-tash-twisters-and-handlebars-one-off-purchase","status":"publish","type":"product","link":"https:\/\/grizzlyadam.co.uk\/es\/producto\/grizzly-adam-moustache-wax-15ml-firm-hold-ideal-for-tash-twisters-and-handlebars-one-off-purchase\/","title":{"rendered":"GRIZZLY ADAM Cera para Bigote 15ml - Fijaci\u00f3n Firme - Ideal para Tash Twisters y Manillares Compra \u00danica"},"content":{"rendered":"<div id=\"leftCol\" class=\"a-section burj\">\n<div id=\"featurebullets_feature_div\" class=\"feature\" data-feature-name=\"featurebullets\">\n<div id=\"fbSection\" class=\"a-section a-spacing-medium expandedFeatureBullets\">\n<div id=\"feature-bullets\" class=\"a-section collapsedFeatureBullets showAllFeatureBullets\">\n<div id=\"fbExpandableSection\" class=\"a-section a-spacing-none expanded\">\n<div id=\"fbExpandableSectionContent\" class=\"a-section a-spacing-none expandableSection\">\n<p><b>Tash Twisters y manillares<\/b><\/p>\n<p>\u00bfLe gusta rizarse el bigote y no tener que preocuparse de que se le caiga durante el d\u00eda? \u00bfO prefiere domar y sujetar el bigote m\u00e1s rebelde?<\/p>\n<p>Entonces esta es su cera. Esta cera huele muy bien y no contiene colorantes ni fragancias artificiales.<\/p>\n<p>Todos Nuestros productos y ceras son calmantes para su piel y le ayudar\u00e1n a detener el picor causado por el nuevo crecimiento y los pelos salvajes a medida que su bigote crece hasta convertirse en el manillar perfecto. Proporciona una onza de la fijaci\u00f3n extra que necesita cuando est\u00e1 dispuesto a pasar un poco m\u00e1s de tiempo por adelantado para lograr la fijaci\u00f3n.<\/p>\n<p>Algunos hombres lo usan a diario, pero todos deber\u00edan tenerlo para cuando se necesita la m\u00e1xima sujeci\u00f3n.<\/p>\n<p><b>Dise\u00f1ado con esmero<\/b> Esta cera de fijaci\u00f3n firme se ha dise\u00f1ado para que su bigote tenga un aspecto estupendo y mantenga su salud. Est\u00e1 elaborada con ingredientes de calidad como: Cera de abejas, lanolina y aceite de lim\u00f3n<\/p>\n<p>Hecha a mano en peque\u00f1os lotes con ingredientes naturales, la cera para bigote de GRIZZLY ADAM le permitir\u00e1 dar forma, peinar y retorcer a su antojo.<\/p>\n<\/div>\n<\/div>\n<\/div>\n<\/div>\n<div id=\"featureBulletsPlaceholder\" class=\"a-section expandableFBSectionPlaceholder FBplaceholder\"><\/div>\n<\/div>\n<\/div>\n<div id=\"rpd\" class=\"a-section a-spacing-none burj\"><\/div>\n<div id=\"messages\" class=\"a-section a-spacing-none burj\"><\/div>\n<div id=\"hqp-bottom\" class=\"a-section burj\"><\/div>\n<div id=\"dp-out-of-stock-3psl\"><\/div>","protected":false},"excerpt":{"rendered":"<ul class=\"a-vertical a-spacing-none\">\n<li class=\"showHiddenFeatureBullets\"><span class=\"a-list-item\">TODO NATURAL - Incluso a los m\u00e1s cuidadosos se les cae el bigote a la boca de vez en cuando. Muchas ceras del mercado son a base de petr\u00f3leo, es decir, \u00a1aceite y gasolina! No te arriesgues a que eso entre en tu cuerpo. La cera de abeja natural es una alternativa segura a los productos qu\u00edmicos nocivos que contienen algunas ceras para bigote del mercado.<\/span><\/li>\n<li class=\"showHiddenFeatureBullets\"><span class=\"a-list-item\">SOSTENIMIENTO FUERTE Y FIRME - Esta cera para bigote fuerte proporciona un peinado excelente y mantiene el bigote en forma durante todo el d\u00eda.<\/span><\/li>\n<li class=\"showHiddenFeatureBullets\"><span class=\"a-list-item\">Mezcla perfecta: fabricada a mano con una combinaci\u00f3n perfecta de lanolina, cera de abeja y otros ingredientes naturales selectos que ayudan a dar forma a los bigotes. \u00a1Ofrece una fijaci\u00f3n fuerte de grado competici\u00f3n que es perfecta para mantener los pelos fuera del labio y dar forma a esos manillares!<\/span><\/li>\n<li class=\"showHiddenFeatureBullets\"><span class=\"a-list-item\">Olor incre\u00edble - Tiene un sutil olor a c\u00edtricos que no es abrumador. Te dejar\u00e1 el bigote con un aspecto y un olor estupendos.<\/span><\/li>\n<li class=\"showHiddenFeatureBullets\"><span class=\"a-list-item\">100% GARANT\u00cdA DE DEVOLUCI\u00d3N DEL DINERO - \u00a1sin preguntas! Si no te encanta, \u00a1te devolvemos el dinero!<\/span><\/li>\n<\/ul>\n<p>&nbsp;<\/p>\n<p>&nbsp;<\/p>","protected":false},"featured_media":2253,"comment_status":"closed","ping_status":"closed","template":"","meta":[],"product_brand":[],"product_cat":[90],"product_tag":[100,101,94],"class_list":{"0":"post-3756","1":"product","2":"type-product","3":"status-publish","4":"has-post-thumbnail","6":"product_cat-hair-care","7":"product_tag-moustache","8":"product_tag-mustache","9":"product_tag-wax","11":"first","12":"instock","13":"taxable","14":"shipping-taxable","15":"purchasable","16":"product-type-simple"},"yoast_head":"<!-- This site is optimized with the Yoast SEO plugin v27.2 - https:\/\/yoast.com\/product\/yoast-seo-wordpress\/ -->\n<title>GRIZZLY ADAM Moustache Wax 15ml - Firm Hold - Ideal For Tash Twisters and Handlebars One Off Purchase - Grizzly Adam<\/title>\n<meta name=\"robots\" content=\"index, follow, max-snippet:-1, max-image-preview:large, max-video-preview:-1\" \/>\n<link rel=\"canonical\" href=\"https:\/\/grizzlyadam.co.uk\/es\/producto\/grizzly-adam-moustache-wax-15ml-firm-hold-ideal-for-tash-twisters-and-handlebars-one-off-purchase\/\" \/>\n<meta property=\"og:locale\" content=\"es_ES\" \/>\n<meta property=\"og:type\" content=\"article\" \/>\n<meta property=\"og:title\" content=\"GRIZZLY ADAM Moustache Wax 15ml - Firm Hold - Ideal For Tash Twisters and Handlebars One Off Purchase - Grizzly Adam\" \/>\n<meta property=\"og:description\" content=\"ALL NATURAL MATTERS - Even the most careful among us get a mouthful of moustache once in a while. Many waxes on the market are petroleum based-that&#039;s oil and petrol! Don&#039;t risk getting that inside your body. All natural beeswax is a safe alternative to harmful chemicals found in some mustache waxes on the market.  STRONG FIRM HOLD - This strong moustache wax delivers superb styling and keeps your moustache in shape all day long.  PERFECT BLEND - handcrafted from a perfect combination of lanolin, bees wax, and other select natural ingredients that helps shape those whiskers! It offers a nice competition grade strong hold that is perfect for keeping the hairs off the lip and shaping those handlebars!  AWESOME SMELL - Has a subtle citrus smell that is not overpowering. It will leave your mustache looking and smelling great!  100% MONEY BACK GUARANTEE - no questions asked! If you don&#039;t absolutely love it, we&#039;ll refund it!  &nbsp;  &nbsp;\" \/>\n<meta property=\"og:url\" content=\"https:\/\/grizzlyadam.co.uk\/es\/producto\/grizzly-adam-moustache-wax-15ml-firm-hold-ideal-for-tash-twisters-and-handlebars-one-off-purchase\/\" \/>\n<meta property=\"og:site_name\" content=\"Grizzly Adam\" \/>\n<meta property=\"article:publisher\" content=\"https:\/\/www.facebook.com\/grizzlyadamuk\" \/>\n<meta property=\"article:modified_time\" content=\"2024-06-09T19:36:05+00:00\" \/>\n<meta property=\"og:image\" content=\"https:\/\/project1-mke5mv4jgx.live-website.com\/wp-content\/uploads\/2017\/02\/Mockup3.jpg\" \/>\n\t<meta property=\"og:image:width\" content=\"1200\" \/>\n\t<meta property=\"og:image:height\" content=\"1200\" \/>\n\t<meta property=\"og:image:type\" content=\"image\/jpeg\" \/>\n<meta name=\"twitter:card\" content=\"summary_large_image\" \/>\n<meta name=\"twitter:site\" content=\"@grizzlyadamuk\" \/>\n<meta name=\"twitter:label1\" content=\"Tiempo de lectura\" \/>\n\t<meta name=\"twitter:data1\" content=\"1 minuto\" \/>\n<script type=\"application\/ld+json\" class=\"yoast-schema-graph\">{\"@context\":\"https:\/\/schema.org\",\"@graph\":[{\"@type\":\"WebPage\",\"@id\":\"https:\/\/grizzlyadam.co.uk\/product\/grizzly-adam-moustache-wax-15ml-firm-hold-ideal-for-tash-twisters-and-handlebars-one-off-purchase\/\",\"url\":\"https:\/\/grizzlyadam.co.uk\/product\/grizzly-adam-moustache-wax-15ml-firm-hold-ideal-for-tash-twisters-and-handlebars-one-off-purchase\/\",\"name\":\"GRIZZLY ADAM Moustache Wax 15ml - Firm Hold - Ideal For Tash Twisters and Handlebars One Off Purchase - Grizzly Adam\",\"isPartOf\":{\"@id\":\"https:\/\/project1-mke5mv4jgx.live-website.com\/#website\"},\"primaryImageOfPage\":{\"@id\":\"https:\/\/grizzlyadam.co.uk\/product\/grizzly-adam-moustache-wax-15ml-firm-hold-ideal-for-tash-twisters-and-handlebars-one-off-purchase\/#primaryimage\"},\"image\":{\"@id\":\"https:\/\/grizzlyadam.co.uk\/product\/grizzly-adam-moustache-wax-15ml-firm-hold-ideal-for-tash-twisters-and-handlebars-one-off-purchase\/#primaryimage\"},\"thumbnailUrl\":\"https:\/\/grizzlyadam.co.uk\/wp-content\/uploads\/2017\/02\/Mockup3.jpg\",\"datePublished\":\"2017-02-24T20:08:19+00:00\",\"dateModified\":\"2024-06-09T19:36:05+00:00\",\"breadcrumb\":{\"@id\":\"https:\/\/grizzlyadam.co.uk\/product\/grizzly-adam-moustache-wax-15ml-firm-hold-ideal-for-tash-twisters-and-handlebars-one-off-purchase\/#breadcrumb\"},\"inLanguage\":\"es\",\"potentialAction\":[{\"@type\":\"ReadAction\",\"target\":[\"https:\/\/grizzlyadam.co.uk\/product\/grizzly-adam-moustache-wax-15ml-firm-hold-ideal-for-tash-twisters-and-handlebars-one-off-purchase\/\"]}]},{\"@type\":\"ImageObject\",\"inLanguage\":\"es\",\"@id\":\"https:\/\/grizzlyadam.co.uk\/product\/grizzly-adam-moustache-wax-15ml-firm-hold-ideal-for-tash-twisters-and-handlebars-one-off-purchase\/#primaryimage\",\"url\":\"https:\/\/grizzlyadam.co.uk\/wp-content\/uploads\/2017\/02\/Mockup3.jpg\",\"contentUrl\":\"https:\/\/grizzlyadam.co.uk\/wp-content\/uploads\/2017\/02\/Mockup3.jpg\",\"width\":1200,\"height\":1200},{\"@type\":\"BreadcrumbList\",\"@id\":\"https:\/\/grizzlyadam.co.uk\/product\/grizzly-adam-moustache-wax-15ml-firm-hold-ideal-for-tash-twisters-and-handlebars-one-off-purchase\/#breadcrumb\",\"itemListElement\":[{\"@type\":\"ListItem\",\"position\":1,\"name\":\"Home\",\"item\":\"https:\/\/grizzlyadam.co.uk\/\"},{\"@type\":\"ListItem\",\"position\":2,\"name\":\"Shop\",\"item\":\"https:\/\/project1-mke5mv4jgx.live-website.com\/shop\/\"},{\"@type\":\"ListItem\",\"position\":3,\"name\":\"GRIZZLY ADAM Moustache Wax 15ml &#8211; Firm Hold &#8211; Ideal For Tash Twisters and Handlebars One Off Purchase\"}]},{\"@type\":\"WebSite\",\"@id\":\"https:\/\/project1-mke5mv4jgx.live-website.com\/#website\",\"url\":\"https:\/\/project1-mke5mv4jgx.live-website.com\/\",\"name\":\"Grizzly Adam\",\"description\":\"Beard Oil And Grooming Products For Gentlemen\",\"publisher\":{\"@id\":\"https:\/\/project1-mke5mv4jgx.live-website.com\/#organization\"},\"potentialAction\":[{\"@type\":\"SearchAction\",\"target\":{\"@type\":\"EntryPoint\",\"urlTemplate\":\"https:\/\/project1-mke5mv4jgx.live-website.com\/?s={search_term_string}\"},\"query-input\":{\"@type\":\"PropertyValueSpecification\",\"valueRequired\":true,\"valueName\":\"search_term_string\"}}],\"inLanguage\":\"es\"},{\"@type\":\"Organization\",\"@id\":\"https:\/\/project1-mke5mv4jgx.live-website.com\/#organization\",\"name\":\"GRIZZLY ADAM\",\"url\":\"https:\/\/project1-mke5mv4jgx.live-website.com\/\",\"logo\":{\"@type\":\"ImageObject\",\"inLanguage\":\"es\",\"@id\":\"https:\/\/project1-mke5mv4jgx.live-website.com\/#\/schema\/logo\/image\/\",\"url\":\"https:\/\/grizzlyadam.co.uk\/wp-content\/uploads\/2019\/11\/gadamlogo.png\",\"contentUrl\":\"https:\/\/grizzlyadam.co.uk\/wp-content\/uploads\/2019\/11\/gadamlogo.png\",\"width\":\"200\",\"height\":\"200\",\"caption\":\"GRIZZLY ADAM\"},\"image\":{\"@id\":\"https:\/\/project1-mke5mv4jgx.live-website.com\/#\/schema\/logo\/image\/\"},\"sameAs\":[\"https:\/\/www.facebook.com\/grizzlyadamuk\",\"https:\/\/x.com\/grizzlyadamuk\",\"https:\/\/www.instagram.com\/grizzlyadamuk\/\"]}]}<\/script>\n<!-- \/ Yoast SEO plugin. -->","yoast_head_json":{"title":"GRIZZLY ADAM Moustache Wax 15ml - Firm Hold - Ideal For Tash Twisters and Handlebars One Off Purchase - Grizzly Adam","robots":{"index":"index","follow":"follow","max-snippet":"max-snippet:-1","max-image-preview":"max-image-preview:large","max-video-preview":"max-video-preview:-1"},"canonical":"https:\/\/grizzlyadam.co.uk\/es\/producto\/grizzly-adam-moustache-wax-15ml-firm-hold-ideal-for-tash-twisters-and-handlebars-one-off-purchase\/","og_locale":"es_ES","og_type":"article","og_title":"GRIZZLY ADAM Moustache Wax 15ml - Firm Hold - Ideal For Tash Twisters and Handlebars One Off Purchase - Grizzly Adam","og_description":"ALL NATURAL MATTERS - Even the most careful among us get a mouthful of moustache once in a while. Many waxes on the market are petroleum based-that's oil and petrol! Don't risk getting that inside your body. All natural beeswax is a safe alternative to harmful chemicals found in some mustache waxes on the market.  STRONG FIRM HOLD - This strong moustache wax delivers superb styling and keeps your moustache in shape all day long.  PERFECT BLEND - handcrafted from a perfect combination of lanolin, bees wax, and other select natural ingredients that helps shape those whiskers! It offers a nice competition grade strong hold that is perfect for keeping the hairs off the lip and shaping those handlebars!  AWESOME SMELL - Has a subtle citrus smell that is not overpowering. It will leave your mustache looking and smelling great!  100% MONEY BACK GUARANTEE - no questions asked! If you don't absolutely love it, we'll refund it!  &nbsp;  &nbsp;","og_url":"https:\/\/grizzlyadam.co.uk\/es\/producto\/grizzly-adam-moustache-wax-15ml-firm-hold-ideal-for-tash-twisters-and-handlebars-one-off-purchase\/","og_site_name":"Grizzly Adam","article_publisher":"https:\/\/www.facebook.com\/grizzlyadamuk","article_modified_time":"2024-06-09T19:36:05+00:00","og_image":[{"width":1200,"height":1200,"url":"https:\/\/project1-mke5mv4jgx.live-website.com\/wp-content\/uploads\/2017\/02\/Mockup3.jpg","type":"image\/jpeg"}],"twitter_card":"summary_large_image","twitter_site":"@grizzlyadamuk","twitter_misc":{"Tiempo de lectura":"1 minuto"},"schema":{"@context":"https:\/\/schema.org","@graph":[{"@type":"WebPage","@id":"https:\/\/grizzlyadam.co.uk\/product\/grizzly-adam-moustache-wax-15ml-firm-hold-ideal-for-tash-twisters-and-handlebars-one-off-purchase\/","url":"https:\/\/grizzlyadam.co.uk\/product\/grizzly-adam-moustache-wax-15ml-firm-hold-ideal-for-tash-twisters-and-handlebars-one-off-purchase\/","name":"GRIZZLY ADAM Moustache Wax 15ml - Firm Hold - Ideal For Tash Twisters and Handlebars One Off Purchase - Grizzly Adam","isPartOf":{"@id":"https:\/\/project1-mke5mv4jgx.live-website.com\/#website"},"primaryImageOfPage":{"@id":"https:\/\/grizzlyadam.co.uk\/product\/grizzly-adam-moustache-wax-15ml-firm-hold-ideal-for-tash-twisters-and-handlebars-one-off-purchase\/#primaryimage"},"image":{"@id":"https:\/\/grizzlyadam.co.uk\/product\/grizzly-adam-moustache-wax-15ml-firm-hold-ideal-for-tash-twisters-and-handlebars-one-off-purchase\/#primaryimage"},"thumbnailUrl":"https:\/\/grizzlyadam.co.uk\/wp-content\/uploads\/2017\/02\/Mockup3.jpg","datePublished":"2017-02-24T20:08:19+00:00","dateModified":"2024-06-09T19:36:05+00:00","breadcrumb":{"@id":"https:\/\/grizzlyadam.co.uk\/product\/grizzly-adam-moustache-wax-15ml-firm-hold-ideal-for-tash-twisters-and-handlebars-one-off-purchase\/#breadcrumb"},"inLanguage":"es","potentialAction":[{"@type":"ReadAction","target":["https:\/\/grizzlyadam.co.uk\/product\/grizzly-adam-moustache-wax-15ml-firm-hold-ideal-for-tash-twisters-and-handlebars-one-off-purchase\/"]}]},{"@type":"ImageObject","inLanguage":"es","@id":"https:\/\/grizzlyadam.co.uk\/product\/grizzly-adam-moustache-wax-15ml-firm-hold-ideal-for-tash-twisters-and-handlebars-one-off-purchase\/#primaryimage","url":"https:\/\/grizzlyadam.co.uk\/wp-content\/uploads\/2017\/02\/Mockup3.jpg","contentUrl":"https:\/\/grizzlyadam.co.uk\/wp-content\/uploads\/2017\/02\/Mockup3.jpg","width":1200,"height":1200},{"@type":"BreadcrumbList","@id":"https:\/\/grizzlyadam.co.uk\/product\/grizzly-adam-moustache-wax-15ml-firm-hold-ideal-for-tash-twisters-and-handlebars-one-off-purchase\/#breadcrumb","itemListElement":[{"@type":"ListItem","position":1,"name":"Home","item":"https:\/\/grizzlyadam.co.uk\/"},{"@type":"ListItem","position":2,"name":"Shop","item":"https:\/\/project1-mke5mv4jgx.live-website.com\/shop\/"},{"@type":"ListItem","position":3,"name":"GRIZZLY ADAM Moustache Wax 15ml &#8211; Firm Hold &#8211; Ideal For Tash Twisters and Handlebars One Off Purchase"}]},{"@type":"WebSite","@id":"https:\/\/project1-mke5mv4jgx.live-website.com\/#website","url":"https:\/\/project1-mke5mv4jgx.live-website.com\/","name":"Grizzly Adam","description":"Aceite para barba y productos de aseo para caballeros","publisher":{"@id":"https:\/\/project1-mke5mv4jgx.live-website.com\/#organization"},"potentialAction":[{"@type":"SearchAction","target":{"@type":"EntryPoint","urlTemplate":"https:\/\/project1-mke5mv4jgx.live-website.com\/?s={search_term_string}"},"query-input":{"@type":"PropertyValueSpecification","valueRequired":true,"valueName":"search_term_string"}}],"inLanguage":"es"},{"@type":"Organization","@id":"https:\/\/project1-mke5mv4jgx.live-website.com\/#organization","name":"GRIZZLY ADAM","url":"https:\/\/project1-mke5mv4jgx.live-website.com\/","logo":{"@type":"ImageObject","inLanguage":"es","@id":"https:\/\/project1-mke5mv4jgx.live-website.com\/#\/schema\/logo\/image\/","url":"https:\/\/grizzlyadam.co.uk\/wp-content\/uploads\/2019\/11\/gadamlogo.png","contentUrl":"https:\/\/grizzlyadam.co.uk\/wp-content\/uploads\/2019\/11\/gadamlogo.png","width":"200","height":"200","caption":"GRIZZLY ADAM"},"image":{"@id":"https:\/\/project1-mke5mv4jgx.live-website.com\/#\/schema\/logo\/image\/"},"sameAs":["https:\/\/www.facebook.com\/grizzlyadamuk","https:\/\/x.com\/grizzlyadamuk","https:\/\/www.instagram.com\/grizzlyadamuk\/"]}]}},"df_price":10.99,"df_sale_price":"","df_regular_price":10.99,"df_image_link":"https:\/\/grizzlyadam.co.uk\/wp-content\/uploads\/2017\/02\/Mockup3-300x300.jpg","_links":{"self":[{"href":"https:\/\/grizzlyadam.co.uk\/es\/wp-json\/wp\/v2\/product\/3756","targetHints":{"allow":["GET"]}}],"collection":[{"href":"https:\/\/grizzlyadam.co.uk\/es\/wp-json\/wp\/v2\/product"}],"about":[{"href":"https:\/\/grizzlyadam.co.uk\/es\/wp-json\/wp\/v2\/types\/product"}],"replies":[{"embeddable":true,"href":"https:\/\/grizzlyadam.co.uk\/es\/wp-json\/wp\/v2\/comments?post=3756"}],"wp:featuredmedia":[{"embeddable":true,"href":"https:\/\/grizzlyadam.co.uk\/es\/wp-json\/wp\/v2\/media\/2253"}],"wp:attachment":[{"href":"https:\/\/grizzlyadam.co.uk\/es\/wp-json\/wp\/v2\/media?parent=3756"}],"wp:term":[{"taxonomy":"product_brand","embeddable":true,"href":"https:\/\/grizzlyadam.co.uk\/es\/wp-json\/wp\/v2\/product_brand?post=3756"},{"taxonomy":"product_cat","embeddable":true,"href":"https:\/\/grizzlyadam.co.uk\/es\/wp-json\/wp\/v2\/product_cat?post=3756"},{"taxonomy":"product_tag","embeddable":true,"href":"https:\/\/grizzlyadam.co.uk\/es\/wp-json\/wp\/v2\/product_tag?post=3756"}],"curies":[{"name":"wp","href":"https:\/\/api.w.org\/{rel}","templated":true}]}}