{"id":3751,"date":"2017-02-24T20:00:48","date_gmt":"2017-02-24T20:00:48","guid":{"rendered":"https:\/\/grizzlyadam.co.uk\/product\/grizzly-adam-hair-and-beard-growth-support-facial-hair-supplement-one-off-purchase\/"},"modified":"2024-07-19T19:51:03","modified_gmt":"2024-07-19T18:51:03","slug":"grizzly-adam-hair-and-beard-growth-support-facial-hair-supplement-one-off-purchase","status":"publish","type":"product","link":"https:\/\/grizzlyadam.co.uk\/es\/producto\/grizzly-adam-hair-and-beard-growth-support-facial-hair-supplement-one-off-purchase\/","title":{"rendered":"Grizzly Adam Apoyo para el crecimiento del cabello y la barba - Para una barba m\u00e1s grande y de mejor aspecto"},"content":{"rendered":"<p><b>El suplemento definitivo para el crecimiento del cabello<\/b><\/p>\n<p>Tenga la barba impresionante que siempre quiso con el suplemento de Apoyo al Crecimiento del Pelo y la Barba de Grizzly Adam. \u00a1Su ingesta diaria de esta potente f\u00f3rmula alimentar\u00e1 su cabello con biotina, vitamina B2, vitamina C y m\u00e1s para ayudarle a tener una barba m\u00e1s gruesa, m\u00e1s completa y m\u00e1s saludable que todos sus amigos barbudos envidiar\u00e1n!<\/p>\n<p><span style=\"background-color: #ffff00;\">Para obtener los mejores resultados, util\u00edcelo junto con el aceite, el b\u00e1lsamo y el limpiador para barba Grizzly Adam.<\/span><\/p>\n<h2>\u00bfTiene problemas para que le crezca toda la barba? Echa un vistazo al suplemento Grizzly Adam para el crecimiento de la barba.<\/h2>\n<p>Nuestro suplemento contiene una potente mezcla de biotina, zinc, vitamina E y extracto de cola de caballo, todos ellos conocidos por favorecer un crecimiento sano de la barba.<\/p>\n<p>Imagine conseguir por fin la barba poblada y sana que siempre ha deseado. Con nuestro suplemento, puede acercarse a ese objetivo.<\/p>\n<p>Pruebe hoy mismo el Suplemento para el Crecimiento de la Barba Grizzly Adam y comience su viaje hacia la barba de sus sue\u00f1os.<\/p>\n<h3>\u00bfEst\u00e1s cansado de que te crezca la barba a trozos? La soluci\u00f3n est\u00e1 aqu\u00ed.<\/h3>\n<p>Desp\u00eddase del crecimiento irregular de la barba y d\u00e9 la bienvenida a una barba m\u00e1s poblada y sana. Nuestro suplemento puede ayudarle a conseguir sus objetivos para la barba.<\/p>\n<p>Pida hoy mismo el Suplemento para el Crecimiento de la Barba Grizzly Adam y comience su viaje hacia una barba mejor.<\/p>\n<h2><strong>OFERTAS ESPECIALES<\/strong><\/h2>\n<ul class=\"a-vertical a-spacing-none\">\n<li>\n<h2><a href=\"https:\/\/grizzlyadam.co.uk\/es\/producto\/bundle-of-testosterone-booster-for-men-one-off-purchase\/\">Crecimiento de la barba y potenciador de testosterona <\/a>- S\u00f3lo 33<\/h2>\n<\/li>\n<\/ul>\n<h2><a style=\"font-size: 14.4px;\" href=\"https:\/\/grizzlyadam.co.uk\/wp-content\/uploads\/2022\/08\/pexels-omar-lopez-1182826-scaled.jpg\"><img loading=\"lazy\" decoding=\"async\" class=\"aligncenter wp-image-135049 size-large\" src=\"https:\/\/grizzlyadam.co.uk\/wp-content\/uploads\/2022\/08\/pexels-omar-lopez-1182826-1024x683.jpg\" alt=\"\" width=\"1020\" height=\"680\" srcset=\"https:\/\/grizzlyadam.co.uk\/wp-content\/uploads\/2022\/08\/pexels-omar-lopez-1182826-1024x683.jpg 1024w, https:\/\/grizzlyadam.co.uk\/wp-content\/uploads\/2022\/08\/pexels-omar-lopez-1182826-300x200.jpg 300w, https:\/\/grizzlyadam.co.uk\/wp-content\/uploads\/2022\/08\/pexels-omar-lopez-1182826-768x512.jpg 768w, https:\/\/grizzlyadam.co.uk\/wp-content\/uploads\/2022\/08\/pexels-omar-lopez-1182826-1536x1024.jpg 1536w, https:\/\/grizzlyadam.co.uk\/wp-content\/uploads\/2022\/08\/pexels-omar-lopez-1182826-2048x1365.jpg 2048w, https:\/\/grizzlyadam.co.uk\/wp-content\/uploads\/2022\/08\/pexels-omar-lopez-1182826-600x400.jpg 600w, https:\/\/grizzlyadam.co.uk\/wp-content\/uploads\/2022\/08\/pexels-omar-lopez-1182826-scaled.jpg 1800w\" sizes=\"auto, (max-width: 1020px) 100vw, 1020px\" \/><\/a><\/h2>\n<p><strong>Ingredientes<\/strong><\/p>\n<p>Carbonato c\u00e1lcico 252,53mg que aporta Calcio \u00d3xido de magnesio 166,99mg que aporta Magnesio Aceite de linaza en polvo Vitamina C (\u00c1cido asc\u00f3rbico) Vitamina B2 (Riboflavina) Fumarato ferroso 44,59mg que aporta Hierro Citrato de cinc 33.33mg que aporta Zinc S\u00edlice Colecalciferol 100.000 iu\/g 10mg que aporta Vitamina D3 Gluconato de Cobre 7,69mg que aporta Cobre Selenito de Sodio 0,22mg que aporta Selenio Yoduro de Potasio 0,2mg que aporta Yodo Biotina<br \/>\n<strong> Advertencia de seguridad <\/strong><\/p>\n<p>Los complementos alimenticios no deben utilizarse como sustitutos de una dieta variada y equilibrada y un estilo de vida saludable. No se recomienda su uso a mujeres embarazadas o en per\u00edodo de lactancia ni a personas al\u00e9rgicas. Si est\u00e1 tomando alg\u00fan medicamento, consulte a un m\u00e9dico antes de utilizarlo. Suspenda su uso y consulte a un m\u00e9dico si se producen reacciones adversas. No recomendado para menores de 18 a\u00f1os. Mantener fuera del alcance de los ni\u00f1os. Conservar en lugar fresco y seco. No utilizar si el precinto est\u00e1 roto. Fabricado en equipos que procesan productos que contienen frutos de c\u00e1scara, leche, pescado y soja.<br \/>\n<strong>C\u00f3mo llegar<\/strong><\/p>\n<p><strong>Tomar una o dos c\u00e1psulas al d\u00eda. No superar la dosis indicada.<\/strong><\/p>\n<p>&nbsp;<\/p>","protected":false},"excerpt":{"rendered":"<div id=\"featurebullets_feature_div\" class=\"feature\" data-feature-name=\"featurebullets\">\n<div id=\"feature-bullets\" class=\"a-section a-spacing-medium a-spacing-top-small\">\n<p>\ud83e\uddd4 \u00a1Eleve su juego de barba con una f\u00f3rmula de alta calidad para el crecimiento del cabello y la barba! \u00a1Crecer una barba m\u00e1s completa en 60 d\u00edas o menos! \ud83d\udcaa\ud83e\uddd4<\/p>\n<p>\u2705 \u00a1Experimente el poder de nuestra potente f\u00f3rmula! Potenciada con Zinc, Cobre, Vitamina C y Vitamina B2 para un Crecimiento del Cabello m\u00e1s Sano y Fuerte. \ud83c\udf1f<\/p>\n<p>\u2705 100% Ingredientes naturales y de alta calidad, \u00a1garantizado! Si no est\u00e1s satisfecho, te ofrecemos una Garant\u00eda de Devoluci\u00f3n del Dinero 100% \ud83d\ude0a\ud83d\udcaf.<\/p>\n<p>\ud83d\udcb0 \u00a1Disfruta de ahorros incre\u00edbles con la compra al por mayor y las suscripciones! Aprovecha nuestros atractivos descuentos y ofertas de suscripci\u00f3n para obtener ahorros insuperables. \u00a1Eleva tu juego de barba y ahorra m\u00e1s hoy! \ud83d\udcb2\ud83d\udcaa\ud83e\uddd4<\/p>\n<h2><\/h2>\n<\/div>\n<\/div>","protected":false},"featured_media":2230,"comment_status":"closed","ping_status":"closed","template":"","meta":[],"product_brand":[],"product_cat":[90,89],"product_tag":[231,233,232,230],"class_list":{"0":"post-3751","1":"product","2":"type-product","3":"status-publish","4":"has-post-thumbnail","6":"product_cat-hair-care","7":"product_cat-supplements","8":"product_tag-beard-growth","9":"product_tag-biotin","10":"product_tag-supplement","11":"product_tag-support","13":"first","14":"instock","15":"sale","16":"taxable","17":"shipping-taxable","18":"purchasable","19":"product-type-simple"},"yoast_head":"<!-- This site is optimized with the Yoast SEO plugin v27.2 - https:\/\/yoast.com\/product\/yoast-seo-wordpress\/ -->\n<title>Grizzly Adam Hair and Beard Growth Support - For a Bigger Better Looking Beard - Grizzly Adam<\/title>\n<meta name=\"description\" content=\"High quality hair and beard growth support formula - Improve your beard growth in 60 days or less.\" \/>\n<meta name=\"robots\" content=\"index, follow, max-snippet:-1, max-image-preview:large, max-video-preview:-1\" \/>\n<link rel=\"canonical\" href=\"https:\/\/grizzlyadam.co.uk\/es\/producto\/grizzly-adam-hair-and-beard-growth-support-facial-hair-supplement-one-off-purchase\/\" \/>\n<meta property=\"og:locale\" content=\"es_ES\" \/>\n<meta property=\"og:type\" content=\"article\" \/>\n<meta property=\"og:title\" content=\"Grizzly Adam Hair and Beard Growth Support - For a Bigger Better Looking Beard - Grizzly Adam\" \/>\n<meta property=\"og:description\" content=\"High quality hair and beard growth support formula - Improve your beard growth in 60 days or less.\" \/>\n<meta property=\"og:url\" content=\"https:\/\/grizzlyadam.co.uk\/es\/producto\/grizzly-adam-hair-and-beard-growth-support-facial-hair-supplement-one-off-purchase\/\" \/>\n<meta property=\"og:site_name\" content=\"Grizzly Adam\" \/>\n<meta property=\"article:publisher\" content=\"https:\/\/www.facebook.com\/grizzlyadamuk\" \/>\n<meta property=\"article:modified_time\" content=\"2024-07-19T18:51:03+00:00\" \/>\n<meta property=\"og:image\" content=\"https:\/\/project1-mke5mv4jgx.live-website.com\/wp-content\/uploads\/2017\/02\/Image-3.jpg\" \/>\n\t<meta property=\"og:image:width\" content=\"1942\" \/>\n\t<meta property=\"og:image:height\" content=\"1943\" \/>\n\t<meta property=\"og:image:type\" content=\"image\/jpeg\" \/>\n<meta name=\"twitter:card\" content=\"summary_large_image\" \/>\n<meta name=\"twitter:site\" content=\"@grizzlyadamuk\" \/>\n<meta name=\"twitter:label1\" content=\"Tiempo de lectura\" \/>\n\t<meta name=\"twitter:data1\" content=\"3 minutos\" \/>\n<script type=\"application\/ld+json\" class=\"yoast-schema-graph\">{\"@context\":\"https:\/\/schema.org\",\"@graph\":[{\"@type\":\"WebPage\",\"@id\":\"https:\/\/grizzlyadam.co.uk\/product\/grizzly-adam-hair-and-beard-growth-support-facial-hair-supplement-one-off-purchase\/\",\"url\":\"https:\/\/grizzlyadam.co.uk\/product\/grizzly-adam-hair-and-beard-growth-support-facial-hair-supplement-one-off-purchase\/\",\"name\":\"Grizzly Adam Hair and Beard Growth Support - For a Bigger Better Looking Beard - Grizzly Adam\",\"isPartOf\":{\"@id\":\"https:\/\/project1-mke5mv4jgx.live-website.com\/#website\"},\"primaryImageOfPage\":{\"@id\":\"https:\/\/grizzlyadam.co.uk\/product\/grizzly-adam-hair-and-beard-growth-support-facial-hair-supplement-one-off-purchase\/#primaryimage\"},\"image\":{\"@id\":\"https:\/\/grizzlyadam.co.uk\/product\/grizzly-adam-hair-and-beard-growth-support-facial-hair-supplement-one-off-purchase\/#primaryimage\"},\"thumbnailUrl\":\"https:\/\/grizzlyadam.co.uk\/wp-content\/uploads\/2017\/02\/Image-3.jpg\",\"datePublished\":\"2017-02-24T20:00:48+00:00\",\"dateModified\":\"2024-07-19T18:51:03+00:00\",\"description\":\"High quality hair and beard growth support formula - Improve your beard growth in 60 days or less.\",\"breadcrumb\":{\"@id\":\"https:\/\/grizzlyadam.co.uk\/product\/grizzly-adam-hair-and-beard-growth-support-facial-hair-supplement-one-off-purchase\/#breadcrumb\"},\"inLanguage\":\"es\",\"potentialAction\":[{\"@type\":\"ReadAction\",\"target\":[\"https:\/\/grizzlyadam.co.uk\/product\/grizzly-adam-hair-and-beard-growth-support-facial-hair-supplement-one-off-purchase\/\"]}]},{\"@type\":\"ImageObject\",\"inLanguage\":\"es\",\"@id\":\"https:\/\/grizzlyadam.co.uk\/product\/grizzly-adam-hair-and-beard-growth-support-facial-hair-supplement-one-off-purchase\/#primaryimage\",\"url\":\"https:\/\/grizzlyadam.co.uk\/wp-content\/uploads\/2017\/02\/Image-3.jpg\",\"contentUrl\":\"https:\/\/grizzlyadam.co.uk\/wp-content\/uploads\/2017\/02\/Image-3.jpg\",\"width\":1200,\"height\":1201},{\"@type\":\"BreadcrumbList\",\"@id\":\"https:\/\/grizzlyadam.co.uk\/product\/grizzly-adam-hair-and-beard-growth-support-facial-hair-supplement-one-off-purchase\/#breadcrumb\",\"itemListElement\":[{\"@type\":\"ListItem\",\"position\":1,\"name\":\"Home\",\"item\":\"https:\/\/grizzlyadam.co.uk\/\"},{\"@type\":\"ListItem\",\"position\":2,\"name\":\"Shop\",\"item\":\"https:\/\/project1-mke5mv4jgx.live-website.com\/shop\/\"},{\"@type\":\"ListItem\",\"position\":3,\"name\":\"Grizzly Adam Hair and Beard Growth Support &#8211; For a Bigger Better Looking Beard\"}]},{\"@type\":\"WebSite\",\"@id\":\"https:\/\/project1-mke5mv4jgx.live-website.com\/#website\",\"url\":\"https:\/\/project1-mke5mv4jgx.live-website.com\/\",\"name\":\"Grizzly Adam\",\"description\":\"Beard Oil And Grooming Products For Gentlemen\",\"publisher\":{\"@id\":\"https:\/\/project1-mke5mv4jgx.live-website.com\/#organization\"},\"potentialAction\":[{\"@type\":\"SearchAction\",\"target\":{\"@type\":\"EntryPoint\",\"urlTemplate\":\"https:\/\/project1-mke5mv4jgx.live-website.com\/?s={search_term_string}\"},\"query-input\":{\"@type\":\"PropertyValueSpecification\",\"valueRequired\":true,\"valueName\":\"search_term_string\"}}],\"inLanguage\":\"es\"},{\"@type\":\"Organization\",\"@id\":\"https:\/\/project1-mke5mv4jgx.live-website.com\/#organization\",\"name\":\"GRIZZLY ADAM\",\"url\":\"https:\/\/project1-mke5mv4jgx.live-website.com\/\",\"logo\":{\"@type\":\"ImageObject\",\"inLanguage\":\"es\",\"@id\":\"https:\/\/project1-mke5mv4jgx.live-website.com\/#\/schema\/logo\/image\/\",\"url\":\"https:\/\/grizzlyadam.co.uk\/wp-content\/uploads\/2019\/11\/gadamlogo.png\",\"contentUrl\":\"https:\/\/grizzlyadam.co.uk\/wp-content\/uploads\/2019\/11\/gadamlogo.png\",\"width\":\"200\",\"height\":\"200\",\"caption\":\"GRIZZLY ADAM\"},\"image\":{\"@id\":\"https:\/\/project1-mke5mv4jgx.live-website.com\/#\/schema\/logo\/image\/\"},\"sameAs\":[\"https:\/\/www.facebook.com\/grizzlyadamuk\",\"https:\/\/x.com\/grizzlyadamuk\",\"https:\/\/www.instagram.com\/grizzlyadamuk\/\"]}]}<\/script>\n<!-- \/ Yoast SEO plugin. -->","yoast_head_json":{"title":"Grizzly Adam Hair and Beard Growth Support - For a Bigger Better Looking Beard - Grizzly Adam","description":"High quality hair and beard growth support formula - Improve your beard growth in 60 days or less.","robots":{"index":"index","follow":"follow","max-snippet":"max-snippet:-1","max-image-preview":"max-image-preview:large","max-video-preview":"max-video-preview:-1"},"canonical":"https:\/\/grizzlyadam.co.uk\/es\/producto\/grizzly-adam-hair-and-beard-growth-support-facial-hair-supplement-one-off-purchase\/","og_locale":"es_ES","og_type":"article","og_title":"Grizzly Adam Hair and Beard Growth Support - For a Bigger Better Looking Beard - Grizzly Adam","og_description":"High quality hair and beard growth support formula - Improve your beard growth in 60 days or less.","og_url":"https:\/\/grizzlyadam.co.uk\/es\/producto\/grizzly-adam-hair-and-beard-growth-support-facial-hair-supplement-one-off-purchase\/","og_site_name":"Grizzly Adam","article_publisher":"https:\/\/www.facebook.com\/grizzlyadamuk","article_modified_time":"2024-07-19T18:51:03+00:00","og_image":[{"width":1942,"height":1943,"url":"https:\/\/project1-mke5mv4jgx.live-website.com\/wp-content\/uploads\/2017\/02\/Image-3.jpg","type":"image\/jpeg"}],"twitter_card":"summary_large_image","twitter_site":"@grizzlyadamuk","twitter_misc":{"Tiempo de lectura":"3 minutos"},"schema":{"@context":"https:\/\/schema.org","@graph":[{"@type":"WebPage","@id":"https:\/\/grizzlyadam.co.uk\/product\/grizzly-adam-hair-and-beard-growth-support-facial-hair-supplement-one-off-purchase\/","url":"https:\/\/grizzlyadam.co.uk\/product\/grizzly-adam-hair-and-beard-growth-support-facial-hair-supplement-one-off-purchase\/","name":"Grizzly Adam Hair and Beard Growth Support - For a Bigger Better Looking Beard - Grizzly Adam","isPartOf":{"@id":"https:\/\/project1-mke5mv4jgx.live-website.com\/#website"},"primaryImageOfPage":{"@id":"https:\/\/grizzlyadam.co.uk\/product\/grizzly-adam-hair-and-beard-growth-support-facial-hair-supplement-one-off-purchase\/#primaryimage"},"image":{"@id":"https:\/\/grizzlyadam.co.uk\/product\/grizzly-adam-hair-and-beard-growth-support-facial-hair-supplement-one-off-purchase\/#primaryimage"},"thumbnailUrl":"https:\/\/grizzlyadam.co.uk\/wp-content\/uploads\/2017\/02\/Image-3.jpg","datePublished":"2017-02-24T20:00:48+00:00","dateModified":"2024-07-19T18:51:03+00:00","description":"High quality hair and beard growth support formula - Improve your beard growth in 60 days or less.","breadcrumb":{"@id":"https:\/\/grizzlyadam.co.uk\/product\/grizzly-adam-hair-and-beard-growth-support-facial-hair-supplement-one-off-purchase\/#breadcrumb"},"inLanguage":"es","potentialAction":[{"@type":"ReadAction","target":["https:\/\/grizzlyadam.co.uk\/product\/grizzly-adam-hair-and-beard-growth-support-facial-hair-supplement-one-off-purchase\/"]}]},{"@type":"ImageObject","inLanguage":"es","@id":"https:\/\/grizzlyadam.co.uk\/product\/grizzly-adam-hair-and-beard-growth-support-facial-hair-supplement-one-off-purchase\/#primaryimage","url":"https:\/\/grizzlyadam.co.uk\/wp-content\/uploads\/2017\/02\/Image-3.jpg","contentUrl":"https:\/\/grizzlyadam.co.uk\/wp-content\/uploads\/2017\/02\/Image-3.jpg","width":1200,"height":1201},{"@type":"BreadcrumbList","@id":"https:\/\/grizzlyadam.co.uk\/product\/grizzly-adam-hair-and-beard-growth-support-facial-hair-supplement-one-off-purchase\/#breadcrumb","itemListElement":[{"@type":"ListItem","position":1,"name":"Home","item":"https:\/\/grizzlyadam.co.uk\/"},{"@type":"ListItem","position":2,"name":"Shop","item":"https:\/\/project1-mke5mv4jgx.live-website.com\/shop\/"},{"@type":"ListItem","position":3,"name":"Grizzly Adam Hair and Beard Growth Support &#8211; For a Bigger Better Looking Beard"}]},{"@type":"WebSite","@id":"https:\/\/project1-mke5mv4jgx.live-website.com\/#website","url":"https:\/\/project1-mke5mv4jgx.live-website.com\/","name":"Grizzly Adam","description":"Aceite para barba y productos de aseo para caballeros","publisher":{"@id":"https:\/\/project1-mke5mv4jgx.live-website.com\/#organization"},"potentialAction":[{"@type":"SearchAction","target":{"@type":"EntryPoint","urlTemplate":"https:\/\/project1-mke5mv4jgx.live-website.com\/?s={search_term_string}"},"query-input":{"@type":"PropertyValueSpecification","valueRequired":true,"valueName":"search_term_string"}}],"inLanguage":"es"},{"@type":"Organization","@id":"https:\/\/project1-mke5mv4jgx.live-website.com\/#organization","name":"GRIZZLY ADAM","url":"https:\/\/project1-mke5mv4jgx.live-website.com\/","logo":{"@type":"ImageObject","inLanguage":"es","@id":"https:\/\/project1-mke5mv4jgx.live-website.com\/#\/schema\/logo\/image\/","url":"https:\/\/grizzlyadam.co.uk\/wp-content\/uploads\/2019\/11\/gadamlogo.png","contentUrl":"https:\/\/grizzlyadam.co.uk\/wp-content\/uploads\/2019\/11\/gadamlogo.png","width":"200","height":"200","caption":"GRIZZLY ADAM"},"image":{"@id":"https:\/\/project1-mke5mv4jgx.live-website.com\/#\/schema\/logo\/image\/"},"sameAs":["https:\/\/www.facebook.com\/grizzlyadamuk","https:\/\/x.com\/grizzlyadamuk","https:\/\/www.instagram.com\/grizzlyadamuk\/"]}]}},"df_price":19.99,"df_sale_price":19.99,"df_regular_price":21.99,"df_image_link":"https:\/\/grizzlyadam.co.uk\/wp-content\/uploads\/2017\/02\/Image-3-300x300.jpg","_links":{"self":[{"href":"https:\/\/grizzlyadam.co.uk\/es\/wp-json\/wp\/v2\/product\/3751","targetHints":{"allow":["GET"]}}],"collection":[{"href":"https:\/\/grizzlyadam.co.uk\/es\/wp-json\/wp\/v2\/product"}],"about":[{"href":"https:\/\/grizzlyadam.co.uk\/es\/wp-json\/wp\/v2\/types\/product"}],"replies":[{"embeddable":true,"href":"https:\/\/grizzlyadam.co.uk\/es\/wp-json\/wp\/v2\/comments?post=3751"}],"wp:featuredmedia":[{"embeddable":true,"href":"https:\/\/grizzlyadam.co.uk\/es\/wp-json\/wp\/v2\/media\/2230"}],"wp:attachment":[{"href":"https:\/\/grizzlyadam.co.uk\/es\/wp-json\/wp\/v2\/media?parent=3751"}],"wp:term":[{"taxonomy":"product_brand","embeddable":true,"href":"https:\/\/grizzlyadam.co.uk\/es\/wp-json\/wp\/v2\/product_brand?post=3751"},{"taxonomy":"product_cat","embeddable":true,"href":"https:\/\/grizzlyadam.co.uk\/es\/wp-json\/wp\/v2\/product_cat?post=3751"},{"taxonomy":"product_tag","embeddable":true,"href":"https:\/\/grizzlyadam.co.uk\/es\/wp-json\/wp\/v2\/product_tag?post=3751"}],"curies":[{"name":"wp","href":"https:\/\/api.w.org\/{rel}","templated":true}]}}