{"id":3748,"date":"2017-02-24T19:53:01","date_gmt":"2017-02-24T19:53:01","guid":{"rendered":"https:\/\/grizzlyadam.co.uk\/product\/testosterone-booster-for-men-one-off-purchase\/"},"modified":"2026-02-14T08:20:01","modified_gmt":"2026-02-14T08:20:01","slug":"testosterone-booster-for-men-one-off-purchase","status":"publish","type":"product","link":"https:\/\/grizzlyadam.co.uk\/es\/producto\/testosterone-booster-for-men-one-off-purchase\/","title":{"rendered":"Testosterone Booster for Men - Aumentar la energ\u00eda y el rendimiento"},"content":{"rendered":"<div id=\"featurebullets_feature_div\" class=\"feature\" data-feature-name=\"featurebullets\">\n<div id=\"feature-bullets\" class=\"a-section a-spacing-medium a-spacing-top-small\">\n<ul class=\"a-vertical a-spacing-none\">\n<li><span class=\"a-list-item\"><strong> AUMENTE LA TESTOSTERONA LIBRE, LA ENERG\u00cdA Y EL IMPULSO O LE DEVOLVEMOS SU DINERO<\/strong> - La testosterona libre es lo que alimenta la energ\u00eda, el impulso y la construcci\u00f3n de m\u00fasculo en su cuerpo. Nuestro Testosterone Booster contiene ingredientes que han demostrado aumentar la testosterona libre, para que experimente resultados que puede SENTIR. Adem\u00e1s de sus poderosas propiedades para aumentar la libido y el entrenamiento, nuestro potenciador de testosterona ha demostrado devolver la energ\u00eda y el rendimiento juvenil en todos los \u00e1mbitos de la vida con el uso a largo plazo.<\/span><\/li>\n<li><span class=\"a-list-item\"><strong> \u00bfPOR QU\u00c9 TOMARLO?<\/strong> - Ideal para los hombres, el gimnasio, la energ\u00eda antes del entrenamiento, la recuperaci\u00f3n, la vitalidad, la salud en general y el bienestar de la vida, el apoyo a la dieta y la p\u00e9rdida de peso - Basta con tomar 1 dosis uniformemente durante el transcurso del d\u00eda. - D\u00e9 a su cuerpo el combustible constante \u00faltimo a lo largo del d\u00eda que necesita.<\/span><\/li>\n<li><span class=\"a-list-item\"><strong> SEGURO Y NATURAL<\/strong> f\u00f3rmula dise\u00f1ada y producida bajo estrictas normas BPF y fabricada en el Reino Unido.<\/span><\/li>\n<li><span class=\"a-list-item\"><strong> SUMINISTRO PARA UN MES COMPLETO<\/strong> &#8211; 60 Testosterone Boosters Pills Provide 20 days supply Supply of 9 Active Ingredients Proven to Boost Testosterone Levels<\/span><\/li>\n<li><span class=\"a-list-item\"><strong> \u00bfPOR QU\u00c9 ELEGIR NUESTRO PRODUCTO?<\/strong> - \u00a1Nuestros productos son de la m\u00e1s alta calidad, por lo que ofrecemos una garant\u00eda de devoluci\u00f3n de dinero 100% a todos nuestros clientes.por cualquier raz\u00f3n que usted no est\u00e1 100% satisfecho con nuestros productos o servicios, simplemente p\u00f3ngase en contacto con nosotros y vamos a hacer lo correcto - Tenemos el mejor servicio al cliente y los suplementos de la m\u00e1s alta calidad en el mercado hoy en d\u00eda!<\/span><\/li>\n<\/ul>\n<p><img loading=\"lazy\" decoding=\"async\" class=\"aligncenter wp-image-172336 size-large\" src=\"https:\/\/grizzlyadam.co.uk\/wp-content\/uploads\/2017\/02\/new-banner-testo-1024x683.png\" alt=\"\" width=\"1020\" height=\"680\" srcset=\"https:\/\/grizzlyadam.co.uk\/wp-content\/uploads\/2017\/02\/new-banner-testo-1024x683.png 1024w, https:\/\/grizzlyadam.co.uk\/wp-content\/uploads\/2017\/02\/new-banner-testo-300x200.png 300w, https:\/\/grizzlyadam.co.uk\/wp-content\/uploads\/2017\/02\/new-banner-testo-768x512.png 768w, https:\/\/grizzlyadam.co.uk\/wp-content\/uploads\/2017\/02\/new-banner-testo-18x12.png 18w, https:\/\/grizzlyadam.co.uk\/wp-content\/uploads\/2017\/02\/new-banner-testo-510x340.png 510w, https:\/\/grizzlyadam.co.uk\/wp-content\/uploads\/2017\/02\/new-banner-testo.png 1536w\" sizes=\"auto, (max-width: 1020px) 100vw, 1020px\" \/><\/p>\n<p>&nbsp;<\/p>\n<p>Si no eres consciente de que la testosterona y el crecimiento de la barba trabajan juntos, aqu\u00ed tienes una oportunidad para aumentar la apariencia<br \/>\nde tu barba haciendo algo que probablemente disfrutas actualmente.<\/p>\n<h3>F\u00d3RMULA DE CALIDAD SUPERIOR, SEGURA Y EFICAZ<\/h3>\n<p>Aumentar sus ejercicios invirtiendo a\u00fan m\u00e1s tiempo en el gimnasio o corriendo una milla m\u00e1s al d\u00eda sin duda<br \/>\ntienen un efecto directo en el bienestar de tu vello facial. Prensas de banco, levantamiento de pesas, levantamientos muertos, agacharse y remo.<br \/>\nson rutinas de ejercicios espec\u00edficos que aumentan dr\u00e1sticamente los niveles de testosterona.<\/p>\n<p>Si no se te da muy bien el deporte, o si simplemente te da pereza o est\u00e1s demasiado ocupado para ir al gimnasio, siempre puedes conseguir un extra.<br \/>\nde testosterona en forma de comprimidos. Las ventas de suplementos hormonales se han disparado tras el reciente boom de la barba.<\/p>\n<p><img loading=\"lazy\" decoding=\"async\" class=\"aligncenter wp-image-144743 size-full\" src=\"https:\/\/grizzlyadam.co.uk\/wp-content\/uploads\/2017\/02\/supplement-facts-testo.jpg\" alt=\"\" width=\"499\" height=\"552\" srcset=\"https:\/\/grizzlyadam.co.uk\/wp-content\/uploads\/2017\/02\/supplement-facts-testo.jpg 499w, https:\/\/grizzlyadam.co.uk\/wp-content\/uploads\/2017\/02\/supplement-facts-testo-271x300.jpg 271w\" sizes=\"auto, (max-width: 499px) 100vw, 499px\" \/><\/p>\n<\/div>\n<\/div>","protected":false},"excerpt":{"rendered":"<ul>\n<li><strong>\ud83d\udc8a EMPUJE Y RESISTENCIA <\/strong>- Favorece los niveles normales de testosterona y reduce el cansancio y la fatiga<\/li>\n<li><strong>\ud83d\udcaa TAMA\u00d1O Y FUERZA<\/strong> - Contiene Zinc que contribuye a mantener NIVELES NORMALES DE TESTOSTERONA en la sangre<\/li>\n<li><strong><img loading=\"lazy\" decoding=\"async\" class=\"wp-image-139296 alignleft\" src=\"https:\/\/grizzlyadam.co.uk\/wp-content\/uploads\/2017\/02\/1fnxd361x62olm.png\" alt=\"\" width=\"21\" height=\"21\" srcset=\"https:\/\/grizzlyadam.co.uk\/wp-content\/uploads\/2017\/02\/1fnxd361x62olm.png 144w, https:\/\/grizzlyadam.co.uk\/wp-content\/uploads\/2017\/02\/1fnxd361x62olm-100x100.png 100w\" sizes=\"auto, (max-width: 21px) 100vw, 21px\" \/>FAVORECE LOS NIVELES DE TESTOSTERONA Y TODOS LOS ASPECTOS DEL RENDIMIENTO MASCULINO<\/strong> - Favorece el crecimiento de la barba, la vitalidad y la virilidad junto con una dieta equilibrada y ejercicio.<\/li>\n<\/ul>\n<p>&nbsp;<\/p>\n<p>&nbsp;<\/p>","protected":false},"featured_media":172334,"comment_status":"closed","ping_status":"closed","template":"","meta":[],"product_brand":[],"product_cat":[250,89],"product_tag":[],"class_list":{"0":"post-3748","1":"product","2":"type-product","3":"status-publish","4":"has-post-thumbnail","6":"product_cat-beard-growth","7":"product_cat-supplements","9":"first","10":"instock","11":"taxable","12":"shipping-taxable","13":"purchasable","14":"product-type-simple"},"yoast_head":"<!-- This site is optimized with the Yoast SEO plugin v27.4 - https:\/\/yoast.com\/product\/yoast-seo-wordpress\/ -->\n<title>Testosterone Booster for Men - Increase Energy Drive &amp; Performance - Grizzly Adam<\/title>\n<meta name=\"description\" content=\"Boost your testosterone naturally with GrizzlyAdam&#039;s T-Booster. A powerful supplement designed for men seeking improved performance, energy, and vitality. Now with attractive bulk buy discounts and subscription offers for unbeatable savings. Elevate your game and save more today!\" \/>\n<meta name=\"robots\" content=\"index, follow, max-snippet:-1, max-image-preview:large, max-video-preview:-1\" \/>\n<link rel=\"canonical\" href=\"https:\/\/grizzlyadam.co.uk\/es\/producto\/testosterone-booster-for-men-one-off-purchase\/\" \/>\n<meta property=\"og:locale\" content=\"es_ES\" \/>\n<meta property=\"og:type\" content=\"article\" \/>\n<meta property=\"og:title\" content=\"Testosterone Booster for Men - Increase Energy Drive &amp; Performance - Grizzly Adam\" \/>\n<meta property=\"og:description\" content=\"Boost your testosterone naturally with GrizzlyAdam&#039;s T-Booster. A powerful supplement designed for men seeking improved performance, energy, and vitality. Now with attractive bulk buy discounts and subscription offers for unbeatable savings. Elevate your game and save more today!\" \/>\n<meta property=\"og:url\" content=\"https:\/\/grizzlyadam.co.uk\/es\/producto\/testosterone-booster-for-men-one-off-purchase\/\" \/>\n<meta property=\"og:site_name\" content=\"Grizzly Adam\" \/>\n<meta property=\"article:publisher\" content=\"https:\/\/www.facebook.com\/grizzlyadamuk\" \/>\n<meta property=\"article:modified_time\" content=\"2026-02-14T08:20:01+00:00\" \/>\n<meta property=\"og:image\" content=\"https:\/\/grizzlyadam.co.uk\/wp-content\/uploads\/2017\/02\/60-caps-testo.png\" \/>\n\t<meta property=\"og:image:width\" content=\"1536\" \/>\n\t<meta property=\"og:image:height\" content=\"1024\" \/>\n\t<meta property=\"og:image:type\" content=\"image\/png\" \/>\n<meta name=\"twitter:card\" content=\"summary_large_image\" \/>\n<meta name=\"twitter:site\" content=\"@grizzlyadamuk\" \/>\n<meta name=\"twitter:label1\" content=\"Tiempo de lectura\" \/>\n\t<meta name=\"twitter:data1\" content=\"3 minutos\" \/>\n<script type=\"application\/ld+json\" class=\"yoast-schema-graph\">{\"@context\":\"https:\\\/\\\/schema.org\",\"@graph\":[{\"@type\":\"WebPage\",\"@id\":\"https:\\\/\\\/grizzlyadam.co.uk\\\/product\\\/testosterone-booster-for-men-one-off-purchase\\\/\",\"url\":\"https:\\\/\\\/grizzlyadam.co.uk\\\/product\\\/testosterone-booster-for-men-one-off-purchase\\\/\",\"name\":\"Testosterone Booster for Men - Increase Energy Drive & Performance - Grizzly Adam\",\"isPartOf\":{\"@id\":\"https:\\\/\\\/project1-mke5mv4jgx.live-website.com\\\/#website\"},\"primaryImageOfPage\":{\"@id\":\"https:\\\/\\\/grizzlyadam.co.uk\\\/product\\\/testosterone-booster-for-men-one-off-purchase\\\/#primaryimage\"},\"image\":{\"@id\":\"https:\\\/\\\/grizzlyadam.co.uk\\\/product\\\/testosterone-booster-for-men-one-off-purchase\\\/#primaryimage\"},\"thumbnailUrl\":\"https:\\\/\\\/grizzlyadam.co.uk\\\/wp-content\\\/uploads\\\/2017\\\/02\\\/60-caps-testo.png\",\"datePublished\":\"2017-02-24T19:53:01+00:00\",\"dateModified\":\"2026-02-14T08:20:01+00:00\",\"description\":\"Boost your testosterone naturally with GrizzlyAdam's T-Booster. A powerful supplement designed for men seeking improved performance, energy, and vitality. Now with attractive bulk buy discounts and subscription offers for unbeatable savings. Elevate your game and save more today!\",\"breadcrumb\":{\"@id\":\"https:\\\/\\\/grizzlyadam.co.uk\\\/product\\\/testosterone-booster-for-men-one-off-purchase\\\/#breadcrumb\"},\"inLanguage\":\"es\",\"potentialAction\":[{\"@type\":\"ReadAction\",\"target\":[\"https:\\\/\\\/grizzlyadam.co.uk\\\/product\\\/testosterone-booster-for-men-one-off-purchase\\\/\"]}]},{\"@type\":\"ImageObject\",\"inLanguage\":\"es\",\"@id\":\"https:\\\/\\\/grizzlyadam.co.uk\\\/product\\\/testosterone-booster-for-men-one-off-purchase\\\/#primaryimage\",\"url\":\"https:\\\/\\\/grizzlyadam.co.uk\\\/wp-content\\\/uploads\\\/2017\\\/02\\\/60-caps-testo.png\",\"contentUrl\":\"https:\\\/\\\/grizzlyadam.co.uk\\\/wp-content\\\/uploads\\\/2017\\\/02\\\/60-caps-testo.png\",\"width\":1536,\"height\":1024},{\"@type\":\"BreadcrumbList\",\"@id\":\"https:\\\/\\\/grizzlyadam.co.uk\\\/product\\\/testosterone-booster-for-men-one-off-purchase\\\/#breadcrumb\",\"itemListElement\":[{\"@type\":\"ListItem\",\"position\":1,\"name\":\"Home\",\"item\":\"https:\\\/\\\/grizzlyadam.co.uk\\\/\"},{\"@type\":\"ListItem\",\"position\":2,\"name\":\"Shop\",\"item\":\"https:\\\/\\\/project1-mke5mv4jgx.live-website.com\\\/shop\\\/\"},{\"@type\":\"ListItem\",\"position\":3,\"name\":\"Testosterone Booster for Men &#8211; Increase Energy Drive &#038; Performance\"}]},{\"@type\":\"WebSite\",\"@id\":\"https:\\\/\\\/project1-mke5mv4jgx.live-website.com\\\/#website\",\"url\":\"https:\\\/\\\/project1-mke5mv4jgx.live-website.com\\\/\",\"name\":\"Grizzly Adam\",\"description\":\"Beard Oil And Grooming Products For Gentlemen\",\"publisher\":{\"@id\":\"https:\\\/\\\/project1-mke5mv4jgx.live-website.com\\\/#organization\"},\"potentialAction\":[{\"@type\":\"SearchAction\",\"target\":{\"@type\":\"EntryPoint\",\"urlTemplate\":\"https:\\\/\\\/project1-mke5mv4jgx.live-website.com\\\/?s={search_term_string}\"},\"query-input\":{\"@type\":\"PropertyValueSpecification\",\"valueRequired\":true,\"valueName\":\"search_term_string\"}}],\"inLanguage\":\"es\"},{\"@type\":\"Organization\",\"@id\":\"https:\\\/\\\/project1-mke5mv4jgx.live-website.com\\\/#organization\",\"name\":\"GRIZZLY ADAM\",\"url\":\"https:\\\/\\\/project1-mke5mv4jgx.live-website.com\\\/\",\"logo\":{\"@type\":\"ImageObject\",\"inLanguage\":\"es\",\"@id\":\"https:\\\/\\\/project1-mke5mv4jgx.live-website.com\\\/#\\\/schema\\\/logo\\\/image\\\/\",\"url\":\"https:\\\/\\\/grizzlyadam.co.uk\\\/wp-content\\\/uploads\\\/2019\\\/11\\\/gadamlogo.png\",\"contentUrl\":\"https:\\\/\\\/grizzlyadam.co.uk\\\/wp-content\\\/uploads\\\/2019\\\/11\\\/gadamlogo.png\",\"width\":\"200\",\"height\":\"200\",\"caption\":\"GRIZZLY ADAM\"},\"image\":{\"@id\":\"https:\\\/\\\/project1-mke5mv4jgx.live-website.com\\\/#\\\/schema\\\/logo\\\/image\\\/\"},\"sameAs\":[\"https:\\\/\\\/www.facebook.com\\\/grizzlyadamuk\",\"https:\\\/\\\/x.com\\\/grizzlyadamuk\",\"https:\\\/\\\/www.instagram.com\\\/grizzlyadamuk\\\/\"]}]}<\/script>\n<!-- \/ Yoast SEO plugin. -->","yoast_head_json":{"title":"Testosterone Booster for Men - Increase Energy Drive & Performance - Grizzly Adam","description":"Boost your testosterone naturally with GrizzlyAdam's T-Booster. A powerful supplement designed for men seeking improved performance, energy, and vitality. Now with attractive bulk buy discounts and subscription offers for unbeatable savings. Elevate your game and save more today!","robots":{"index":"index","follow":"follow","max-snippet":"max-snippet:-1","max-image-preview":"max-image-preview:large","max-video-preview":"max-video-preview:-1"},"canonical":"https:\/\/grizzlyadam.co.uk\/es\/producto\/testosterone-booster-for-men-one-off-purchase\/","og_locale":"es_ES","og_type":"article","og_title":"Testosterone Booster for Men - Increase Energy Drive & Performance - Grizzly Adam","og_description":"Boost your testosterone naturally with GrizzlyAdam's T-Booster. A powerful supplement designed for men seeking improved performance, energy, and vitality. Now with attractive bulk buy discounts and subscription offers for unbeatable savings. Elevate your game and save more today!","og_url":"https:\/\/grizzlyadam.co.uk\/es\/producto\/testosterone-booster-for-men-one-off-purchase\/","og_site_name":"Grizzly Adam","article_publisher":"https:\/\/www.facebook.com\/grizzlyadamuk","article_modified_time":"2026-02-14T08:20:01+00:00","og_image":[{"width":1536,"height":1024,"url":"https:\/\/grizzlyadam.co.uk\/wp-content\/uploads\/2017\/02\/60-caps-testo.png","type":"image\/png"}],"twitter_card":"summary_large_image","twitter_site":"@grizzlyadamuk","twitter_misc":{"Tiempo de lectura":"3 minutos"},"schema":{"@context":"https:\/\/schema.org","@graph":[{"@type":"WebPage","@id":"https:\/\/grizzlyadam.co.uk\/product\/testosterone-booster-for-men-one-off-purchase\/","url":"https:\/\/grizzlyadam.co.uk\/product\/testosterone-booster-for-men-one-off-purchase\/","name":"Testosterone Booster for Men - Increase Energy Drive & Performance - Grizzly Adam","isPartOf":{"@id":"https:\/\/project1-mke5mv4jgx.live-website.com\/#website"},"primaryImageOfPage":{"@id":"https:\/\/grizzlyadam.co.uk\/product\/testosterone-booster-for-men-one-off-purchase\/#primaryimage"},"image":{"@id":"https:\/\/grizzlyadam.co.uk\/product\/testosterone-booster-for-men-one-off-purchase\/#primaryimage"},"thumbnailUrl":"https:\/\/grizzlyadam.co.uk\/wp-content\/uploads\/2017\/02\/60-caps-testo.png","datePublished":"2017-02-24T19:53:01+00:00","dateModified":"2026-02-14T08:20:01+00:00","description":"Boost your testosterone naturally with GrizzlyAdam's T-Booster. A powerful supplement designed for men seeking improved performance, energy, and vitality. Now with attractive bulk buy discounts and subscription offers for unbeatable savings. Elevate your game and save more today!","breadcrumb":{"@id":"https:\/\/grizzlyadam.co.uk\/product\/testosterone-booster-for-men-one-off-purchase\/#breadcrumb"},"inLanguage":"es","potentialAction":[{"@type":"ReadAction","target":["https:\/\/grizzlyadam.co.uk\/product\/testosterone-booster-for-men-one-off-purchase\/"]}]},{"@type":"ImageObject","inLanguage":"es","@id":"https:\/\/grizzlyadam.co.uk\/product\/testosterone-booster-for-men-one-off-purchase\/#primaryimage","url":"https:\/\/grizzlyadam.co.uk\/wp-content\/uploads\/2017\/02\/60-caps-testo.png","contentUrl":"https:\/\/grizzlyadam.co.uk\/wp-content\/uploads\/2017\/02\/60-caps-testo.png","width":1536,"height":1024},{"@type":"BreadcrumbList","@id":"https:\/\/grizzlyadam.co.uk\/product\/testosterone-booster-for-men-one-off-purchase\/#breadcrumb","itemListElement":[{"@type":"ListItem","position":1,"name":"Home","item":"https:\/\/grizzlyadam.co.uk\/"},{"@type":"ListItem","position":2,"name":"Shop","item":"https:\/\/project1-mke5mv4jgx.live-website.com\/shop\/"},{"@type":"ListItem","position":3,"name":"Testosterone Booster for Men &#8211; Increase Energy Drive &#038; Performance"}]},{"@type":"WebSite","@id":"https:\/\/project1-mke5mv4jgx.live-website.com\/#website","url":"https:\/\/project1-mke5mv4jgx.live-website.com\/","name":"Grizzly Adam","description":"Aceite para barba y productos de aseo para caballeros","publisher":{"@id":"https:\/\/project1-mke5mv4jgx.live-website.com\/#organization"},"potentialAction":[{"@type":"SearchAction","target":{"@type":"EntryPoint","urlTemplate":"https:\/\/project1-mke5mv4jgx.live-website.com\/?s={search_term_string}"},"query-input":{"@type":"PropertyValueSpecification","valueRequired":true,"valueName":"search_term_string"}}],"inLanguage":"es"},{"@type":"Organization","@id":"https:\/\/project1-mke5mv4jgx.live-website.com\/#organization","name":"GRIZZLY ADAM","url":"https:\/\/project1-mke5mv4jgx.live-website.com\/","logo":{"@type":"ImageObject","inLanguage":"es","@id":"https:\/\/project1-mke5mv4jgx.live-website.com\/#\/schema\/logo\/image\/","url":"https:\/\/grizzlyadam.co.uk\/wp-content\/uploads\/2019\/11\/gadamlogo.png","contentUrl":"https:\/\/grizzlyadam.co.uk\/wp-content\/uploads\/2019\/11\/gadamlogo.png","width":"200","height":"200","caption":"GRIZZLY ADAM"},"image":{"@id":"https:\/\/project1-mke5mv4jgx.live-website.com\/#\/schema\/logo\/image\/"},"sameAs":["https:\/\/www.facebook.com\/grizzlyadamuk","https:\/\/x.com\/grizzlyadamuk","https:\/\/www.instagram.com\/grizzlyadamuk\/"]}]}},"df_price":21.99,"df_sale_price":"","df_regular_price":21.99,"df_image_link":"https:\/\/grizzlyadam.co.uk\/wp-content\/uploads\/2017\/02\/60-caps-testo-300x200.png","_links":{"self":[{"href":"https:\/\/grizzlyadam.co.uk\/es\/wp-json\/wp\/v2\/product\/3748","targetHints":{"allow":["GET"]}}],"collection":[{"href":"https:\/\/grizzlyadam.co.uk\/es\/wp-json\/wp\/v2\/product"}],"about":[{"href":"https:\/\/grizzlyadam.co.uk\/es\/wp-json\/wp\/v2\/types\/product"}],"replies":[{"embeddable":true,"href":"https:\/\/grizzlyadam.co.uk\/es\/wp-json\/wp\/v2\/comments?post=3748"}],"wp:featuredmedia":[{"embeddable":true,"href":"https:\/\/grizzlyadam.co.uk\/es\/wp-json\/wp\/v2\/media\/172334"}],"wp:attachment":[{"href":"https:\/\/grizzlyadam.co.uk\/es\/wp-json\/wp\/v2\/media?parent=3748"}],"wp:term":[{"taxonomy":"product_brand","embeddable":true,"href":"https:\/\/grizzlyadam.co.uk\/es\/wp-json\/wp\/v2\/product_brand?post=3748"},{"taxonomy":"product_cat","embeddable":true,"href":"https:\/\/grizzlyadam.co.uk\/es\/wp-json\/wp\/v2\/product_cat?post=3748"},{"taxonomy":"product_tag","embeddable":true,"href":"https:\/\/grizzlyadam.co.uk\/es\/wp-json\/wp\/v2\/product_tag?post=3748"}],"curies":[{"name":"wp","href":"https:\/\/api.w.org\/{rel}","templated":true}]}}