{"id":3746,"date":"2017-02-24T19:48:31","date_gmt":"2017-02-24T19:48:31","guid":{"rendered":"https:\/\/grizzlyadam.co.uk\/product\/grizzly-adam-beard-care-bundle-one-off-purchase\/"},"modified":"2024-08-28T06:43:14","modified_gmt":"2024-08-28T05:43:14","slug":"grizzly-adam-beard-care-bundle-one-off-purchase","status":"publish","type":"product","link":"https:\/\/grizzlyadam.co.uk\/es\/producto\/grizzly-adam-beard-care-bundle-one-off-purchase\/","title":{"rendered":"Grizzly Adam Beard Care Bundle With Wooden Comb - Todo lo que necesita para dejar crecer y mantener una barba sana."},"content":{"rendered":"<h2 id=\"title\" class=\"a-size-large a-spacing-none\"><span id=\"productTitle\" class=\"a-size-large\">Nuestros 3 productos m\u00e1s vendidos en un set de regalo hecho a mano - Ideal para reponer TODOS sus art\u00edculos para el cuidado de la barba en 1 sola compra - Contiene aceite para barba de 100ml, gel limpiador para barba de 200ml y b\u00e1lsamo para barba de 60ml<\/span><\/h2>\n<p><span class=\"a-list-item\">\u00bfPor qu\u00e9 elegir Grizzly Adam Cuidado de la Barba? - Nuestros productos son de la m\u00e1s alta calidad, por lo que ofrecemos una garant\u00eda de devoluci\u00f3n de dinero 100% a todos nuestros clientes. Por cualquier raz\u00f3n que usted no est\u00e1 100% satisfecho con nuestros productos o servicios, simplemente p\u00f3ngase en contacto con nosotros y vamos a hacer lo correcto - Tenemos el mejor servicio al cliente y la m\u00e1s alta calidad de productos de cuidado de la barba en el mercado hoy en d\u00eda!<\/span><\/p>\n<p><b>Grizzly Adam Ayuda a cuidar tu piel y tu barba<\/b><\/p>\n<p>Incluye b\u00e1lsamo para barba, aceite para barba puro y org\u00e1nico de 100 ml y nuestro limpiador para barba de 200 ml.<\/p>\n<p>El limpiador de barba hace una espuma agradable con agua tibia y es f\u00e1cil de aplicar en la barba. Si tardas en despertarte por las ma\u00f1anas, este producto te proporcionar\u00e1 el frescor que tanto necesitas.<\/p>\n<p>El aceite para barba ayuda a hidratar la piel y a cuidar la barba al mismo tiempo. Aporta aceite esencial a la piel y \u00e9ste penetra en los fol\u00edculos pilosos. Cuando los fol\u00edculos est\u00e1n bien hidratados, el pelo no se reseca ni se vuelve quebradizo. La piel hidratada es suave y lisa, y el aceite para barba ayuda a evitar los picores y la descamaci\u00f3n, que pueden causar molestias.<\/p>\n<p><b>F\u00e1cil de aplicar<\/b><\/p>\n<p>El aceite para barba es muy f\u00e1cil de aplicar y s\u00f3lo lleva unos segundos. Apl\u00edcate unas gotas en la palma de la mano, fr\u00f3tate las manos y p\u00e1sate los dedos por la barba.<\/p>\n<p><strong>Beard Balm es lo que necesitas para dejarte crecer la barba. Punto.<\/strong><\/p>\n<p>Este acondicionador sin aclarado totalmente natural est\u00e1 perfectamente formulado para prevenir las puntas abiertas, controlar el encrespamiento y los enredos, suavizar los bigotes para esos encuentros \u00edntimos, aliviar la piel seca y con picores, reducir la aparici\u00f3n de parches y hacer que usted y su impresionante barba sean mucho m\u00e1s atractivos. Beard Balm funciona con todas las variedades y longitudes de vello facial.<\/p>\n<p style=\"text-align: center;\">\u00a0<p class=\"product woocommerce add_to_cart_inline\" style=\"border:4px solid #ccc; padding: 12px;\"><del aria-hidden=\"true\"><span class=\"woocommerce-Price-amount amount\"><bdi><span class=\"woocommerce-Price-currencySymbol\">\u00a3<\/span>69.99<\/bdi><\/span><\/del> <span class=\"screen-reader-text\" data-no-translation=\"\" data-trp-gettext=\"\">El precio original era: &pound;69.99.<\/span><ins aria-hidden=\"true\"><span class=\"woocommerce-Price-amount amount\"><bdi><span class=\"woocommerce-Price-currencySymbol\">\u00a3<\/span>59.99<\/bdi><\/span><\/ins><span class=\"screen-reader-text\" data-no-translation=\"\" data-trp-gettext=\"\">El precio actual es: &pound;59.99.<\/span><a href=\"\/es\/wp-json\/wp\/v2\/product\/3746?add-to-cart=3746\" aria-describedby=\"woocommerce_loop_add_to_cart_link_describedby_3746\" data-quantity=\"1\" class=\"button product_type_simple add_to_cart_button ajax_add_to_cart text_replaceable\" data-product_id=\"3746\" data-product_sku=\"JL-YIQD-WUN1\" aria-label=\"A\u00f1adir al carrito: \u201cGrizzly Adam Beard Care Bundle With Wooden Comb - Everything you need to grow and maintain a healthy beard.\u201d\" rel=\"nofollow\" data-success_message=\"\u00abGrizzly Adam Beard Care Bundle With Wooden Comb - Everything you need to grow and maintain a healthy beard.\u00bb se ha a\u00f1adido a tu carrito\" role=\"button\" data-no-translation-aria-label=\"\" data-no-translation-data-success_message=\"\">A\u00f1adir art\u00edculo a la cesta<\/a>\t<span id=\"woocommerce_loop_add_to_cart_link_describedby_3746\" class=\"screen-reader-text\">\n\t\t\t<\/span>\n<\/p>","protected":false},"excerpt":{"rendered":"<div id=\"featurebullets_feature_div\" class=\"feature\" data-feature-name=\"featurebullets\">\n<div id=\"feature-bullets\" class=\"a-section a-spacing-medium a-spacing-top-small\">\n<h3>Aceite para barba de 100 ml, gel limpiador para barba de 200 ml y b\u00e1lsamo para barba de 60 ml, conjunto combinado con peine<\/h3>\n<p><span class=\"a-list-item\"> ? <strong>AHORRA 10<\/strong>\u00a0al comprar nuestro Aceite para barba, B\u00e1lsamo para barba y Champ\u00fa para barba \u00a1juntos!<\/span><\/p>\n<p><span class=\"a-list-item\"> ?  Champ\u00fa para barba formulado espec\u00edficamente para su barba y bigote con una botella apta para la ducha<\/span><\/p>\n<p><span class=\"a-list-item\"> ? Mantenga su barba sana, cuidada y domada de forma natural. Hidrata el Pelo y la Piel de la Barba, Elimina el Picor y la Caspa.\u00a0<\/span><\/p>\n<p><span class=\"a-list-item\">? Sea feliz sabiendo que eliminar\u00e1 su barba quebradiza, la caspa de la barba, el picor y las puntas abiertas.\u00a0\u00a0<\/span><\/p>\n<p><span style=\"font-size: 14.4px;\">\u2705 Benef\u00edciese de este peine recto de madera, robusto y de estilo cl\u00e1sico. Perfecto para barbas largas y densas<\/span><\/p>\n<\/div>\n<\/div>","protected":false},"featured_media":11564,"comment_status":"closed","ping_status":"closed","template":"","meta":[],"product_brand":[],"product_cat":[69,70,251,74],"product_tag":[66,79,84,85,86,87,88],"class_list":{"0":"post-3746","1":"product","2":"type-product","3":"status-publish","4":"has-post-thumbnail","6":"product_cat-beard-balm","7":"product_cat-beard-wash","8":"product_cat-bundles","9":"product_cat-grooming-kits","10":"product_tag-beard-oil","11":"product_tag-beard-balm","12":"product_tag-beard-care-kit","13":"product_tag-beard-wash","14":"product_tag-combo","15":"product_tag-kit","16":"product_tag-set","18":"first","19":"instock","20":"sale","21":"taxable","22":"shipping-taxable","23":"purchasable","24":"product-type-simple"},"yoast_head":"<!-- This site is optimized with the Yoast SEO plugin v27.2 - https:\/\/yoast.com\/product\/yoast-seo-wordpress\/ -->\n<title>Grizzly Adam Beard Care Bundle With Wooden Comb - Everything you need to grow and maintain a healthy beard. - Grizzly Adam<\/title>\n<meta name=\"description\" content=\"This TRIO Bundle of Beard Care products would cost over \u00a370 if all purchased separately - SAVE 33% when you purchase our Beard oil, Beard Balm and Beard Shampoo Together!\" \/>\n<meta name=\"robots\" content=\"index, follow, max-snippet:-1, max-image-preview:large, max-video-preview:-1\" \/>\n<link rel=\"canonical\" href=\"https:\/\/grizzlyadam.co.uk\/es\/producto\/grizzly-adam-beard-care-bundle-one-off-purchase\/\" \/>\n<meta property=\"og:locale\" content=\"es_ES\" \/>\n<meta property=\"og:type\" content=\"article\" \/>\n<meta property=\"og:title\" content=\"Grizzly Adam Beard Care Bundle With Wooden Comb - Everything you need to grow and maintain a healthy beard. - Grizzly Adam\" \/>\n<meta property=\"og:description\" content=\"This TRIO Bundle of Beard Care products would cost over \u00a370 if all purchased separately - SAVE 33% when you purchase our Beard oil, Beard Balm and Beard Shampoo Together!\" \/>\n<meta property=\"og:url\" content=\"https:\/\/grizzlyadam.co.uk\/es\/producto\/grizzly-adam-beard-care-bundle-one-off-purchase\/\" \/>\n<meta property=\"og:site_name\" content=\"Grizzly Adam\" \/>\n<meta property=\"article:publisher\" content=\"https:\/\/www.facebook.com\/grizzlyadamuk\" \/>\n<meta property=\"article:modified_time\" content=\"2024-08-28T05:43:14+00:00\" \/>\n<meta property=\"og:image\" content=\"https:\/\/project1-mke5mv4jgx.live-website.com\/wp-content\/uploads\/2017\/02\/trio-comb.png\" \/>\n\t<meta property=\"og:image:width\" content=\"640\" \/>\n\t<meta property=\"og:image:height\" content=\"412\" \/>\n\t<meta property=\"og:image:type\" content=\"image\/png\" \/>\n<meta name=\"twitter:card\" content=\"summary_large_image\" \/>\n<meta name=\"twitter:site\" content=\"@grizzlyadamuk\" \/>\n<meta name=\"twitter:label1\" content=\"Tiempo de lectura\" \/>\n\t<meta name=\"twitter:data1\" content=\"2 minutos\" \/>\n<script type=\"application\/ld+json\" class=\"yoast-schema-graph\">{\"@context\":\"https:\/\/schema.org\",\"@graph\":[{\"@type\":\"WebPage\",\"@id\":\"https:\/\/grizzlyadam.co.uk\/product\/grizzly-adam-beard-care-bundle-one-off-purchase\/\",\"url\":\"https:\/\/grizzlyadam.co.uk\/product\/grizzly-adam-beard-care-bundle-one-off-purchase\/\",\"name\":\"Grizzly Adam Beard Care Bundle With Wooden Comb - Everything you need to grow and maintain a healthy beard. - Grizzly Adam\",\"isPartOf\":{\"@id\":\"https:\/\/project1-mke5mv4jgx.live-website.com\/#website\"},\"primaryImageOfPage\":{\"@id\":\"https:\/\/grizzlyadam.co.uk\/product\/grizzly-adam-beard-care-bundle-one-off-purchase\/#primaryimage\"},\"image\":{\"@id\":\"https:\/\/grizzlyadam.co.uk\/product\/grizzly-adam-beard-care-bundle-one-off-purchase\/#primaryimage\"},\"thumbnailUrl\":\"https:\/\/grizzlyadam.co.uk\/wp-content\/uploads\/2017\/02\/trio-comb.png\",\"datePublished\":\"2017-02-24T19:48:31+00:00\",\"dateModified\":\"2024-08-28T05:43:14+00:00\",\"description\":\"This TRIO Bundle of Beard Care products would cost over \u00a370 if all purchased separately - SAVE 33% when you purchase our Beard oil, Beard Balm and Beard Shampoo Together!\",\"breadcrumb\":{\"@id\":\"https:\/\/grizzlyadam.co.uk\/product\/grizzly-adam-beard-care-bundle-one-off-purchase\/#breadcrumb\"},\"inLanguage\":\"es\",\"potentialAction\":[{\"@type\":\"ReadAction\",\"target\":[\"https:\/\/grizzlyadam.co.uk\/product\/grizzly-adam-beard-care-bundle-one-off-purchase\/\"]}]},{\"@type\":\"ImageObject\",\"inLanguage\":\"es\",\"@id\":\"https:\/\/grizzlyadam.co.uk\/product\/grizzly-adam-beard-care-bundle-one-off-purchase\/#primaryimage\",\"url\":\"https:\/\/grizzlyadam.co.uk\/wp-content\/uploads\/2017\/02\/trio-comb.png\",\"contentUrl\":\"https:\/\/grizzlyadam.co.uk\/wp-content\/uploads\/2017\/02\/trio-comb.png\",\"width\":640,\"height\":412},{\"@type\":\"BreadcrumbList\",\"@id\":\"https:\/\/grizzlyadam.co.uk\/product\/grizzly-adam-beard-care-bundle-one-off-purchase\/#breadcrumb\",\"itemListElement\":[{\"@type\":\"ListItem\",\"position\":1,\"name\":\"Home\",\"item\":\"https:\/\/grizzlyadam.co.uk\/\"},{\"@type\":\"ListItem\",\"position\":2,\"name\":\"Shop\",\"item\":\"https:\/\/project1-mke5mv4jgx.live-website.com\/shop\/\"},{\"@type\":\"ListItem\",\"position\":3,\"name\":\"Grizzly Adam Beard Care Bundle With Wooden Comb &#8211; Everything you need to grow and maintain a healthy beard.\"}]},{\"@type\":\"WebSite\",\"@id\":\"https:\/\/project1-mke5mv4jgx.live-website.com\/#website\",\"url\":\"https:\/\/project1-mke5mv4jgx.live-website.com\/\",\"name\":\"Grizzly Adam\",\"description\":\"Beard Oil And Grooming Products For Gentlemen\",\"publisher\":{\"@id\":\"https:\/\/project1-mke5mv4jgx.live-website.com\/#organization\"},\"potentialAction\":[{\"@type\":\"SearchAction\",\"target\":{\"@type\":\"EntryPoint\",\"urlTemplate\":\"https:\/\/project1-mke5mv4jgx.live-website.com\/?s={search_term_string}\"},\"query-input\":{\"@type\":\"PropertyValueSpecification\",\"valueRequired\":true,\"valueName\":\"search_term_string\"}}],\"inLanguage\":\"es\"},{\"@type\":\"Organization\",\"@id\":\"https:\/\/project1-mke5mv4jgx.live-website.com\/#organization\",\"name\":\"GRIZZLY ADAM\",\"url\":\"https:\/\/project1-mke5mv4jgx.live-website.com\/\",\"logo\":{\"@type\":\"ImageObject\",\"inLanguage\":\"es\",\"@id\":\"https:\/\/project1-mke5mv4jgx.live-website.com\/#\/schema\/logo\/image\/\",\"url\":\"https:\/\/grizzlyadam.co.uk\/wp-content\/uploads\/2019\/11\/gadamlogo.png\",\"contentUrl\":\"https:\/\/grizzlyadam.co.uk\/wp-content\/uploads\/2019\/11\/gadamlogo.png\",\"width\":\"200\",\"height\":\"200\",\"caption\":\"GRIZZLY ADAM\"},\"image\":{\"@id\":\"https:\/\/project1-mke5mv4jgx.live-website.com\/#\/schema\/logo\/image\/\"},\"sameAs\":[\"https:\/\/www.facebook.com\/grizzlyadamuk\",\"https:\/\/x.com\/grizzlyadamuk\",\"https:\/\/www.instagram.com\/grizzlyadamuk\/\"]}]}<\/script>\n<!-- \/ Yoast SEO plugin. -->","yoast_head_json":{"title":"Grizzly Adam Beard Care Bundle With Wooden Comb - Everything you need to grow and maintain a healthy beard. - Grizzly Adam","description":"This TRIO Bundle of Beard Care products would cost over \u00a370 if all purchased separately - SAVE 33% when you purchase our Beard oil, Beard Balm and Beard Shampoo Together!","robots":{"index":"index","follow":"follow","max-snippet":"max-snippet:-1","max-image-preview":"max-image-preview:large","max-video-preview":"max-video-preview:-1"},"canonical":"https:\/\/grizzlyadam.co.uk\/es\/producto\/grizzly-adam-beard-care-bundle-one-off-purchase\/","og_locale":"es_ES","og_type":"article","og_title":"Grizzly Adam Beard Care Bundle With Wooden Comb - Everything you need to grow and maintain a healthy beard. - Grizzly Adam","og_description":"This TRIO Bundle of Beard Care products would cost over \u00a370 if all purchased separately - SAVE 33% when you purchase our Beard oil, Beard Balm and Beard Shampoo Together!","og_url":"https:\/\/grizzlyadam.co.uk\/es\/producto\/grizzly-adam-beard-care-bundle-one-off-purchase\/","og_site_name":"Grizzly Adam","article_publisher":"https:\/\/www.facebook.com\/grizzlyadamuk","article_modified_time":"2024-08-28T05:43:14+00:00","og_image":[{"width":640,"height":412,"url":"https:\/\/project1-mke5mv4jgx.live-website.com\/wp-content\/uploads\/2017\/02\/trio-comb.png","type":"image\/png"}],"twitter_card":"summary_large_image","twitter_site":"@grizzlyadamuk","twitter_misc":{"Tiempo de lectura":"2 minutos"},"schema":{"@context":"https:\/\/schema.org","@graph":[{"@type":"WebPage","@id":"https:\/\/grizzlyadam.co.uk\/product\/grizzly-adam-beard-care-bundle-one-off-purchase\/","url":"https:\/\/grizzlyadam.co.uk\/product\/grizzly-adam-beard-care-bundle-one-off-purchase\/","name":"Grizzly Adam Beard Care Bundle With Wooden Comb - Everything you need to grow and maintain a healthy beard. - Grizzly Adam","isPartOf":{"@id":"https:\/\/project1-mke5mv4jgx.live-website.com\/#website"},"primaryImageOfPage":{"@id":"https:\/\/grizzlyadam.co.uk\/product\/grizzly-adam-beard-care-bundle-one-off-purchase\/#primaryimage"},"image":{"@id":"https:\/\/grizzlyadam.co.uk\/product\/grizzly-adam-beard-care-bundle-one-off-purchase\/#primaryimage"},"thumbnailUrl":"https:\/\/grizzlyadam.co.uk\/wp-content\/uploads\/2017\/02\/trio-comb.png","datePublished":"2017-02-24T19:48:31+00:00","dateModified":"2024-08-28T05:43:14+00:00","description":"This TRIO Bundle of Beard Care products would cost over \u00a370 if all purchased separately - SAVE 33% when you purchase our Beard oil, Beard Balm and Beard Shampoo Together!","breadcrumb":{"@id":"https:\/\/grizzlyadam.co.uk\/product\/grizzly-adam-beard-care-bundle-one-off-purchase\/#breadcrumb"},"inLanguage":"es","potentialAction":[{"@type":"ReadAction","target":["https:\/\/grizzlyadam.co.uk\/product\/grizzly-adam-beard-care-bundle-one-off-purchase\/"]}]},{"@type":"ImageObject","inLanguage":"es","@id":"https:\/\/grizzlyadam.co.uk\/product\/grizzly-adam-beard-care-bundle-one-off-purchase\/#primaryimage","url":"https:\/\/grizzlyadam.co.uk\/wp-content\/uploads\/2017\/02\/trio-comb.png","contentUrl":"https:\/\/grizzlyadam.co.uk\/wp-content\/uploads\/2017\/02\/trio-comb.png","width":640,"height":412},{"@type":"BreadcrumbList","@id":"https:\/\/grizzlyadam.co.uk\/product\/grizzly-adam-beard-care-bundle-one-off-purchase\/#breadcrumb","itemListElement":[{"@type":"ListItem","position":1,"name":"Home","item":"https:\/\/grizzlyadam.co.uk\/"},{"@type":"ListItem","position":2,"name":"Shop","item":"https:\/\/project1-mke5mv4jgx.live-website.com\/shop\/"},{"@type":"ListItem","position":3,"name":"Grizzly Adam Beard Care Bundle With Wooden Comb &#8211; Everything you need to grow and maintain a healthy beard."}]},{"@type":"WebSite","@id":"https:\/\/project1-mke5mv4jgx.live-website.com\/#website","url":"https:\/\/project1-mke5mv4jgx.live-website.com\/","name":"Grizzly Adam","description":"Aceite para barba y productos de aseo para caballeros","publisher":{"@id":"https:\/\/project1-mke5mv4jgx.live-website.com\/#organization"},"potentialAction":[{"@type":"SearchAction","target":{"@type":"EntryPoint","urlTemplate":"https:\/\/project1-mke5mv4jgx.live-website.com\/?s={search_term_string}"},"query-input":{"@type":"PropertyValueSpecification","valueRequired":true,"valueName":"search_term_string"}}],"inLanguage":"es"},{"@type":"Organization","@id":"https:\/\/project1-mke5mv4jgx.live-website.com\/#organization","name":"GRIZZLY ADAM","url":"https:\/\/project1-mke5mv4jgx.live-website.com\/","logo":{"@type":"ImageObject","inLanguage":"es","@id":"https:\/\/project1-mke5mv4jgx.live-website.com\/#\/schema\/logo\/image\/","url":"https:\/\/grizzlyadam.co.uk\/wp-content\/uploads\/2019\/11\/gadamlogo.png","contentUrl":"https:\/\/grizzlyadam.co.uk\/wp-content\/uploads\/2019\/11\/gadamlogo.png","width":"200","height":"200","caption":"GRIZZLY ADAM"},"image":{"@id":"https:\/\/project1-mke5mv4jgx.live-website.com\/#\/schema\/logo\/image\/"},"sameAs":["https:\/\/www.facebook.com\/grizzlyadamuk","https:\/\/x.com\/grizzlyadamuk","https:\/\/www.instagram.com\/grizzlyadamuk\/"]}]}},"df_price":59.99,"df_sale_price":59.99,"df_regular_price":69.99,"df_image_link":"https:\/\/grizzlyadam.co.uk\/wp-content\/uploads\/2017\/02\/trio-comb-300x193.png","_links":{"self":[{"href":"https:\/\/grizzlyadam.co.uk\/es\/wp-json\/wp\/v2\/product\/3746","targetHints":{"allow":["GET"]}}],"collection":[{"href":"https:\/\/grizzlyadam.co.uk\/es\/wp-json\/wp\/v2\/product"}],"about":[{"href":"https:\/\/grizzlyadam.co.uk\/es\/wp-json\/wp\/v2\/types\/product"}],"replies":[{"embeddable":true,"href":"https:\/\/grizzlyadam.co.uk\/es\/wp-json\/wp\/v2\/comments?post=3746"}],"wp:featuredmedia":[{"embeddable":true,"href":"https:\/\/grizzlyadam.co.uk\/es\/wp-json\/wp\/v2\/media\/11564"}],"wp:attachment":[{"href":"https:\/\/grizzlyadam.co.uk\/es\/wp-json\/wp\/v2\/media?parent=3746"}],"wp:term":[{"taxonomy":"product_brand","embeddable":true,"href":"https:\/\/grizzlyadam.co.uk\/es\/wp-json\/wp\/v2\/product_brand?post=3746"},{"taxonomy":"product_cat","embeddable":true,"href":"https:\/\/grizzlyadam.co.uk\/es\/wp-json\/wp\/v2\/product_cat?post=3746"},{"taxonomy":"product_tag","embeddable":true,"href":"https:\/\/grizzlyadam.co.uk\/es\/wp-json\/wp\/v2\/product_tag?post=3746"}],"curies":[{"name":"wp","href":"https:\/\/api.w.org\/{rel}","templated":true}]}}