{"id":3738,"date":"2017-02-23T11:03:26","date_gmt":"2017-02-23T11:03:26","guid":{"rendered":"https:\/\/grizzlyadam.co.uk\/product\/grizzly-adam-beard-wash\/"},"modified":"2025-12-06T10:37:35","modified_gmt":"2025-12-06T10:37:35","slug":"grizzly-adam-beard-wash","status":"publish","type":"product","link":"https:\/\/grizzlyadam.co.uk\/es\/producto\/grizzly-adam-beard-wash\/","title":{"rendered":"Grizzly Adam Beard Wash - Compre el mejor champ\u00fa para barba online"},"content":{"rendered":"<p style=\"text-align: left;\">Grizzly Adam Beard Wash and Shampoo est\u00e1 hecho con m\u00e1s de 80% ingredientes org\u00e1nicos y est\u00e1 libre de parabenos y sulfatos.<\/p>\n<p style=\"text-align: left;\"><b>Este limpiador de barba limpiar\u00e1 en profundidad su barba, de forma natural, sin despojarla de sus aceites naturales como el champ\u00fa normal.<\/b><\/p>\n<p style=\"text-align: left;\"><b>Ingredientes:<\/b><br \/>\nAqua (Agua), Decyl Glucoside, Lauryl Betaine, Betaine, Cedrus Atlantica (Cedarwood) Oil, Citrus Aurantifolia (Lime) Oil, Xanthan Gum, Aloe Barbadensis (Aloe Vera) leaf juice, Phenoxyethanol, Citric Acid, Benzoic Acid, Dehydroacetic Acid Limonene* Citral* *Naturally occurring in essential oils<\/p>\n<p><b>C\u00f3mo llegar:<\/b><br \/>\nLimpie la zona de la barba con agua y, a continuaci\u00f3n, aplique una peque\u00f1a cantidad de champ\u00fa para barba. Aclare con agua. Nuestros expertos recomiendan no m\u00e1s de dos veces por semana.<\/p>\n<p><b>Aviso legal<\/b><br \/>\nGrizzly Adam\u00ae es una marca comercial de TN Health LTD y miembro del programa de registro de marcas en Amazon. Todos nuestros productos son 100% genuino y aut\u00e9ntico.<\/p>\n<p style=\"text-align: left;\">Nuestro lavado de barba limpia delicadamente tanto el vello facial como la piel vulnerable que se encuentra debajo, dejando tanto la barba como el rostro limpios, suaves, manejables y con un olor maravilloso.<\/p>\n<p style=\"text-align: left;\">Los hombres que mantienen una barba de cualquier tama\u00f1o pueden encontrarse con numerosos problemas. Para empezar, el uso de champ\u00fas para el cabello en la barba puede dejar la piel debajo muy seca.<\/p>\n<p style=\"text-align: left;\">Algunos hombres tambi\u00e9n se limpian la barba con jab\u00f3n facial y geles de ducha, pero dado que la barba est\u00e1 directamente expuesta a alimentos, bebidas y productos de fumar, merece un trato mejor.<\/p>\n<p>&nbsp;<\/p>\n<table>\n<thead>\n<tr>\n<th>Caracter\u00edsticas<\/th>\n<th>Beneficios<\/th>\n<th>Dolor resuelto<\/th>\n<\/tr>\n<\/thead>\n<tbody>\n<tr>\n<td>F\u00f3rmula natural<\/td>\n<td>Suave con la piel y la barba<\/td>\n<td>Evita los productos qu\u00edmicos agresivos<\/td>\n<\/tr>\n<tr>\n<td>Sin SLS<\/td>\n<td>Sin sequedad ni descamaci\u00f3n<\/td>\n<td>Previene el picor y la irritaci\u00f3n<\/td>\n<\/tr>\n<tr>\n<td>Limpieza profunda<\/td>\n<td>Elimina la suciedad<\/td>\n<td>Mantiene la barba limpia y fresca<\/td>\n<\/tr>\n<tr>\n<td>Suaviza la barba<\/td>\n<td>Favorece el crecimiento sano del cabello<\/td>\n<td>Reduce la rotura y las puntas abiertas<\/td>\n<\/tr>\n<tr>\n<td>Agradable aroma<\/td>\n<td>Deja la barba perfumada<\/td>\n<td>Mejora la experiencia general de aseo<\/td>\n<\/tr>\n<\/tbody>\n<\/table>","protected":false},"excerpt":{"rendered":"<div id=\"fbExpandableSectionContent\" class=\"a-section a-spacing-none expandableSection\">\n<ul class=\"a-vertical a-spacing-none collapsedFeatureBullets\">\n<li class=\"showHiddenFeatureBullets\"><span class=\"a-list-item\"><strong>SUAVIZA LA BARBA<\/strong>: Suaviza la pelusilla facial con ingredientes naturales - Un champ\u00fa y lavado suave para la barba formulado espec\u00edficamente para la barba y el bigote<\/span><\/li>\n<li class=\"showHiddenFeatureBullets\"><span class=\"a-list-item\"><strong>HUELE BIEN<\/strong>: La fragancia de lima a\u00f1ade un aroma refrescante a cualquier barba lustrosa.<\/span><\/li>\n<li class=\"showHiddenFeatureBullets\"><span class=\"a-list-item\"><strong>LIMPIAR<\/strong>: Aclara el vello facial sin eliminar los aceites naturales del vello ni irritar la piel.<\/span><\/li>\n<li class=\"showHiddenFeatureBullets\"><span class=\"a-list-item\"><strong>REDUCIR EL PICOR<\/strong>: Ideal para hombres que sufren picores y caspa en la barba.<\/span><\/li>\n<\/ul>\n<p class=\"mb-2 mt-6 text-lg first:mt-3\">\n<\/div>","protected":false},"featured_media":2182,"comment_status":"closed","ping_status":"closed","template":"","meta":[],"product_brand":[],"product_cat":[70,177],"product_tag":[],"class_list":{"0":"post-3738","1":"product","2":"type-product","3":"status-publish","4":"has-post-thumbnail","6":"product_cat-beard-wash","7":"product_cat-subscription","9":"first","10":"instock","11":"taxable","12":"shipping-taxable","13":"purchasable","14":"product-type-simple"},"yoast_head":"<!-- This site is optimized with the Yoast SEO plugin v27.4 - https:\/\/yoast.com\/product\/yoast-seo-wordpress\/ -->\n<title>Grizzly Adam Beard Wash - Buy the Best Beard Shampoo Online - Grizzly Adam<\/title>\n<meta name=\"description\" content=\"Unleash the power of nature on your facial fuzz with Grizzly Adam Beard Shampoo. Experience the ultimate in softness and manageability with our blend of natural ingredients. Specially crafted for your beard and mustache, our gentle shampoo and wash provide the perfect grooming solution for the modern man\" \/>\n<meta name=\"robots\" content=\"index, follow, max-snippet:-1, max-image-preview:large, max-video-preview:-1\" \/>\n<link rel=\"canonical\" href=\"https:\/\/grizzlyadam.co.uk\/es\/producto\/grizzly-adam-beard-wash\/\" \/>\n<meta property=\"og:locale\" content=\"es_ES\" \/>\n<meta property=\"og:type\" content=\"article\" \/>\n<meta property=\"og:title\" content=\"Grizzly Adam Beard Wash - Buy the Best Beard Shampoo Online - Grizzly Adam\" \/>\n<meta property=\"og:description\" content=\"Unleash the power of nature on your facial fuzz with Grizzly Adam Beard Shampoo. Experience the ultimate in softness and manageability with our blend of natural ingredients. Specially crafted for your beard and mustache, our gentle shampoo and wash provide the perfect grooming solution for the modern man\" \/>\n<meta property=\"og:url\" content=\"https:\/\/grizzlyadam.co.uk\/es\/producto\/grizzly-adam-beard-wash\/\" \/>\n<meta property=\"og:site_name\" content=\"Grizzly Adam\" \/>\n<meta property=\"article:publisher\" content=\"https:\/\/www.facebook.com\/grizzlyadamuk\" \/>\n<meta property=\"article:modified_time\" content=\"2025-12-06T10:37:35+00:00\" \/>\n<meta property=\"og:image\" content=\"https:\/\/grizzlyadam.co.uk\/wp-content\/uploads\/2017\/02\/Beardwash2.jpg\" \/>\n\t<meta property=\"og:image:width\" content=\"1200\" \/>\n\t<meta property=\"og:image:height\" content=\"1200\" \/>\n\t<meta property=\"og:image:type\" content=\"image\/jpeg\" \/>\n<meta name=\"twitter:card\" content=\"summary_large_image\" \/>\n<meta name=\"twitter:site\" content=\"@grizzlyadamuk\" \/>\n<meta name=\"twitter:label1\" content=\"Tiempo de lectura\" \/>\n\t<meta name=\"twitter:data1\" content=\"2 minutos\" \/>\n<script type=\"application\/ld+json\" class=\"yoast-schema-graph\">{\"@context\":\"https:\\\/\\\/schema.org\",\"@graph\":[{\"@type\":\"WebPage\",\"@id\":\"https:\\\/\\\/grizzlyadam.co.uk\\\/product\\\/grizzly-adam-beard-wash\\\/\",\"url\":\"https:\\\/\\\/grizzlyadam.co.uk\\\/product\\\/grizzly-adam-beard-wash\\\/\",\"name\":\"Grizzly Adam Beard Wash - Buy the Best Beard Shampoo Online - Grizzly Adam\",\"isPartOf\":{\"@id\":\"https:\\\/\\\/project1-mke5mv4jgx.live-website.com\\\/#website\"},\"primaryImageOfPage\":{\"@id\":\"https:\\\/\\\/grizzlyadam.co.uk\\\/product\\\/grizzly-adam-beard-wash\\\/#primaryimage\"},\"image\":{\"@id\":\"https:\\\/\\\/grizzlyadam.co.uk\\\/product\\\/grizzly-adam-beard-wash\\\/#primaryimage\"},\"thumbnailUrl\":\"https:\\\/\\\/grizzlyadam.co.uk\\\/wp-content\\\/uploads\\\/2017\\\/02\\\/Beardwash2.jpg\",\"datePublished\":\"2017-02-23T11:03:26+00:00\",\"dateModified\":\"2025-12-06T10:37:35+00:00\",\"description\":\"Unleash the power of nature on your facial fuzz with Grizzly Adam Beard Shampoo. Experience the ultimate in softness and manageability with our blend of natural ingredients. Specially crafted for your beard and mustache, our gentle shampoo and wash provide the perfect grooming solution for the modern man\",\"breadcrumb\":{\"@id\":\"https:\\\/\\\/grizzlyadam.co.uk\\\/product\\\/grizzly-adam-beard-wash\\\/#breadcrumb\"},\"inLanguage\":\"es\",\"potentialAction\":[{\"@type\":\"ReadAction\",\"target\":[\"https:\\\/\\\/grizzlyadam.co.uk\\\/product\\\/grizzly-adam-beard-wash\\\/\"]}]},{\"@type\":\"ImageObject\",\"inLanguage\":\"es\",\"@id\":\"https:\\\/\\\/grizzlyadam.co.uk\\\/product\\\/grizzly-adam-beard-wash\\\/#primaryimage\",\"url\":\"https:\\\/\\\/grizzlyadam.co.uk\\\/wp-content\\\/uploads\\\/2017\\\/02\\\/Beardwash2.jpg\",\"contentUrl\":\"https:\\\/\\\/grizzlyadam.co.uk\\\/wp-content\\\/uploads\\\/2017\\\/02\\\/Beardwash2.jpg\",\"width\":1200,\"height\":1200},{\"@type\":\"BreadcrumbList\",\"@id\":\"https:\\\/\\\/grizzlyadam.co.uk\\\/product\\\/grizzly-adam-beard-wash\\\/#breadcrumb\",\"itemListElement\":[{\"@type\":\"ListItem\",\"position\":1,\"name\":\"Home\",\"item\":\"https:\\\/\\\/grizzlyadam.co.uk\\\/\"},{\"@type\":\"ListItem\",\"position\":2,\"name\":\"Shop\",\"item\":\"https:\\\/\\\/project1-mke5mv4jgx.live-website.com\\\/shop\\\/\"},{\"@type\":\"ListItem\",\"position\":3,\"name\":\"Grizzly Adam Beard Wash &#8211; Buy the Best Beard Shampoo Online\"}]},{\"@type\":\"WebSite\",\"@id\":\"https:\\\/\\\/project1-mke5mv4jgx.live-website.com\\\/#website\",\"url\":\"https:\\\/\\\/project1-mke5mv4jgx.live-website.com\\\/\",\"name\":\"Grizzly Adam\",\"description\":\"Beard Oil And Grooming Products For Gentlemen\",\"publisher\":{\"@id\":\"https:\\\/\\\/project1-mke5mv4jgx.live-website.com\\\/#organization\"},\"potentialAction\":[{\"@type\":\"SearchAction\",\"target\":{\"@type\":\"EntryPoint\",\"urlTemplate\":\"https:\\\/\\\/project1-mke5mv4jgx.live-website.com\\\/?s={search_term_string}\"},\"query-input\":{\"@type\":\"PropertyValueSpecification\",\"valueRequired\":true,\"valueName\":\"search_term_string\"}}],\"inLanguage\":\"es\"},{\"@type\":\"Organization\",\"@id\":\"https:\\\/\\\/project1-mke5mv4jgx.live-website.com\\\/#organization\",\"name\":\"GRIZZLY ADAM\",\"url\":\"https:\\\/\\\/project1-mke5mv4jgx.live-website.com\\\/\",\"logo\":{\"@type\":\"ImageObject\",\"inLanguage\":\"es\",\"@id\":\"https:\\\/\\\/project1-mke5mv4jgx.live-website.com\\\/#\\\/schema\\\/logo\\\/image\\\/\",\"url\":\"https:\\\/\\\/grizzlyadam.co.uk\\\/wp-content\\\/uploads\\\/2019\\\/11\\\/gadamlogo.png\",\"contentUrl\":\"https:\\\/\\\/grizzlyadam.co.uk\\\/wp-content\\\/uploads\\\/2019\\\/11\\\/gadamlogo.png\",\"width\":\"200\",\"height\":\"200\",\"caption\":\"GRIZZLY ADAM\"},\"image\":{\"@id\":\"https:\\\/\\\/project1-mke5mv4jgx.live-website.com\\\/#\\\/schema\\\/logo\\\/image\\\/\"},\"sameAs\":[\"https:\\\/\\\/www.facebook.com\\\/grizzlyadamuk\",\"https:\\\/\\\/x.com\\\/grizzlyadamuk\",\"https:\\\/\\\/www.instagram.com\\\/grizzlyadamuk\\\/\"]}]}<\/script>\n<!-- \/ Yoast SEO plugin. -->","yoast_head_json":{"title":"Grizzly Adam Beard Wash - Buy the Best Beard Shampoo Online - Grizzly Adam","description":"Unleash the power of nature on your facial fuzz with Grizzly Adam Beard Shampoo. Experience the ultimate in softness and manageability with our blend of natural ingredients. Specially crafted for your beard and mustache, our gentle shampoo and wash provide the perfect grooming solution for the modern man","robots":{"index":"index","follow":"follow","max-snippet":"max-snippet:-1","max-image-preview":"max-image-preview:large","max-video-preview":"max-video-preview:-1"},"canonical":"https:\/\/grizzlyadam.co.uk\/es\/producto\/grizzly-adam-beard-wash\/","og_locale":"es_ES","og_type":"article","og_title":"Grizzly Adam Beard Wash - Buy the Best Beard Shampoo Online - Grizzly Adam","og_description":"Unleash the power of nature on your facial fuzz with Grizzly Adam Beard Shampoo. Experience the ultimate in softness and manageability with our blend of natural ingredients. Specially crafted for your beard and mustache, our gentle shampoo and wash provide the perfect grooming solution for the modern man","og_url":"https:\/\/grizzlyadam.co.uk\/es\/producto\/grizzly-adam-beard-wash\/","og_site_name":"Grizzly Adam","article_publisher":"https:\/\/www.facebook.com\/grizzlyadamuk","article_modified_time":"2025-12-06T10:37:35+00:00","og_image":[{"width":1200,"height":1200,"url":"https:\/\/grizzlyadam.co.uk\/wp-content\/uploads\/2017\/02\/Beardwash2.jpg","type":"image\/jpeg"}],"twitter_card":"summary_large_image","twitter_site":"@grizzlyadamuk","twitter_misc":{"Tiempo de lectura":"2 minutos"},"schema":{"@context":"https:\/\/schema.org","@graph":[{"@type":"WebPage","@id":"https:\/\/grizzlyadam.co.uk\/product\/grizzly-adam-beard-wash\/","url":"https:\/\/grizzlyadam.co.uk\/product\/grizzly-adam-beard-wash\/","name":"Grizzly Adam Beard Wash - Buy the Best Beard Shampoo Online - Grizzly Adam","isPartOf":{"@id":"https:\/\/project1-mke5mv4jgx.live-website.com\/#website"},"primaryImageOfPage":{"@id":"https:\/\/grizzlyadam.co.uk\/product\/grizzly-adam-beard-wash\/#primaryimage"},"image":{"@id":"https:\/\/grizzlyadam.co.uk\/product\/grizzly-adam-beard-wash\/#primaryimage"},"thumbnailUrl":"https:\/\/grizzlyadam.co.uk\/wp-content\/uploads\/2017\/02\/Beardwash2.jpg","datePublished":"2017-02-23T11:03:26+00:00","dateModified":"2025-12-06T10:37:35+00:00","description":"Unleash the power of nature on your facial fuzz with Grizzly Adam Beard Shampoo. Experience the ultimate in softness and manageability with our blend of natural ingredients. Specially crafted for your beard and mustache, our gentle shampoo and wash provide the perfect grooming solution for the modern man","breadcrumb":{"@id":"https:\/\/grizzlyadam.co.uk\/product\/grizzly-adam-beard-wash\/#breadcrumb"},"inLanguage":"es","potentialAction":[{"@type":"ReadAction","target":["https:\/\/grizzlyadam.co.uk\/product\/grizzly-adam-beard-wash\/"]}]},{"@type":"ImageObject","inLanguage":"es","@id":"https:\/\/grizzlyadam.co.uk\/product\/grizzly-adam-beard-wash\/#primaryimage","url":"https:\/\/grizzlyadam.co.uk\/wp-content\/uploads\/2017\/02\/Beardwash2.jpg","contentUrl":"https:\/\/grizzlyadam.co.uk\/wp-content\/uploads\/2017\/02\/Beardwash2.jpg","width":1200,"height":1200},{"@type":"BreadcrumbList","@id":"https:\/\/grizzlyadam.co.uk\/product\/grizzly-adam-beard-wash\/#breadcrumb","itemListElement":[{"@type":"ListItem","position":1,"name":"Home","item":"https:\/\/grizzlyadam.co.uk\/"},{"@type":"ListItem","position":2,"name":"Shop","item":"https:\/\/project1-mke5mv4jgx.live-website.com\/shop\/"},{"@type":"ListItem","position":3,"name":"Grizzly Adam Beard Wash &#8211; Buy the Best Beard Shampoo Online"}]},{"@type":"WebSite","@id":"https:\/\/project1-mke5mv4jgx.live-website.com\/#website","url":"https:\/\/project1-mke5mv4jgx.live-website.com\/","name":"Grizzly Adam","description":"Aceite para barba y productos de aseo para caballeros","publisher":{"@id":"https:\/\/project1-mke5mv4jgx.live-website.com\/#organization"},"potentialAction":[{"@type":"SearchAction","target":{"@type":"EntryPoint","urlTemplate":"https:\/\/project1-mke5mv4jgx.live-website.com\/?s={search_term_string}"},"query-input":{"@type":"PropertyValueSpecification","valueRequired":true,"valueName":"search_term_string"}}],"inLanguage":"es"},{"@type":"Organization","@id":"https:\/\/project1-mke5mv4jgx.live-website.com\/#organization","name":"GRIZZLY ADAM","url":"https:\/\/project1-mke5mv4jgx.live-website.com\/","logo":{"@type":"ImageObject","inLanguage":"es","@id":"https:\/\/project1-mke5mv4jgx.live-website.com\/#\/schema\/logo\/image\/","url":"https:\/\/grizzlyadam.co.uk\/wp-content\/uploads\/2019\/11\/gadamlogo.png","contentUrl":"https:\/\/grizzlyadam.co.uk\/wp-content\/uploads\/2019\/11\/gadamlogo.png","width":"200","height":"200","caption":"GRIZZLY ADAM"},"image":{"@id":"https:\/\/project1-mke5mv4jgx.live-website.com\/#\/schema\/logo\/image\/"},"sameAs":["https:\/\/www.facebook.com\/grizzlyadamuk","https:\/\/x.com\/grizzlyadamuk","https:\/\/www.instagram.com\/grizzlyadamuk\/"]}]}},"df_price":17.99,"df_sale_price":"","df_regular_price":17.99,"df_image_link":"https:\/\/grizzlyadam.co.uk\/wp-content\/uploads\/2017\/02\/Beardwash2-300x300.jpg","_links":{"self":[{"href":"https:\/\/grizzlyadam.co.uk\/es\/wp-json\/wp\/v2\/product\/3738","targetHints":{"allow":["GET"]}}],"collection":[{"href":"https:\/\/grizzlyadam.co.uk\/es\/wp-json\/wp\/v2\/product"}],"about":[{"href":"https:\/\/grizzlyadam.co.uk\/es\/wp-json\/wp\/v2\/types\/product"}],"replies":[{"embeddable":true,"href":"https:\/\/grizzlyadam.co.uk\/es\/wp-json\/wp\/v2\/comments?post=3738"}],"wp:featuredmedia":[{"embeddable":true,"href":"https:\/\/grizzlyadam.co.uk\/es\/wp-json\/wp\/v2\/media\/2182"}],"wp:attachment":[{"href":"https:\/\/grizzlyadam.co.uk\/es\/wp-json\/wp\/v2\/media?parent=3738"}],"wp:term":[{"taxonomy":"product_brand","embeddable":true,"href":"https:\/\/grizzlyadam.co.uk\/es\/wp-json\/wp\/v2\/product_brand?post=3738"},{"taxonomy":"product_cat","embeddable":true,"href":"https:\/\/grizzlyadam.co.uk\/es\/wp-json\/wp\/v2\/product_cat?post=3738"},{"taxonomy":"product_tag","embeddable":true,"href":"https:\/\/grizzlyadam.co.uk\/es\/wp-json\/wp\/v2\/product_tag?post=3738"}],"curies":[{"name":"wp","href":"https:\/\/api.w.org\/{rel}","templated":true}]}}