{"id":31766,"date":"2021-02-19T18:59:05","date_gmt":"2021-02-19T18:59:05","guid":{"rendered":"https:\/\/grizzlyadam.co.uk\/?post_type=product&#038;p=31766"},"modified":"2026-04-16T08:23:53","modified_gmt":"2026-04-16T07:23:53","slug":"beard-bib-beard-cape-hair-clippings-apron","status":"publish","type":"product","link":"https:\/\/grizzlyadam.co.uk\/es\/producto\/beard-bib-beard-cape-hair-clippings-apron\/","title":{"rendered":"Babero para barba Capa para barba - Delantal para cortar el pelo"},"content":{"rendered":"<p>\u00bfEst\u00e1 harto de la cantidad de pelos de barba que caen en el fregadero despu\u00e9s de cada afeitado? \u00bfQuiz\u00e1 son los restos de barba de tu pareja los que se quedan sin tocar en el borde de tu fregadero, normalmente reluciente de limpio? Si conoces a alguien que tenga una barba de buen tama\u00f1o y necesite una soluci\u00f3n de limpieza f\u00e1cil despu\u00e9s del afeitado, este babero de afeitado de Grizzly Adam es el regalo perfecto para \u00e9l.<\/p>\n<p>Este delantal de afeitar lavable, con ventosas superfuertes que retienen todo el pelo de la barba, independientemente de la cantidad que se afeite, atrapar\u00e1 todos los pelos sueltos de cualquier recorte y ahorrar\u00e1 tiempo de limpieza,<\/p>","protected":false},"excerpt":{"rendered":"<ul>\n<li>Nuevo y de alta calidad delantal babero barba hecha de material de pongee, sentirse suave, impermeable, f\u00e1cil de limpiar y secar<\/li>\n<li>Se fija al espejo para crear una gran red de seguridad que facilita el afeitado y mantiene el cuarto de ba\u00f1o ordenado y limpio<\/li>\n<li>F\u00e1cil de colocar en el espejo con ventosas de palanca para una succi\u00f3n m\u00e1s segura<\/li>\n<li>Ahorra tiempo en tu rutina diaria - Se acabaron los pelos sueltos por el lavabo, en el jab\u00f3n, en el cepillo de dientes<\/li>\n<\/ul>","protected":false},"featured_media":31768,"comment_status":"closed","ping_status":"closed","template":"","meta":[],"product_brand":[],"product_cat":[71,102,207,90,214],"product_tag":[208,325,326],"class_list":{"0":"post-31766","1":"product","2":"type-product","3":"status-publish","4":"has-post-thumbnail","6":"product_cat-accessories","7":"product_cat-apparel","8":"product_cat-beard-trimming-tools","9":"product_cat-hair-care","10":"product_cat-shaving","11":"product_tag-apron","12":"product_tag-beard-trimming","13":"product_tag-shaving","15":"first","16":"instock","17":"taxable","18":"shipping-taxable","19":"purchasable","20":"product-type-variable"},"yoast_head":"<!-- This site is optimized with the Yoast SEO plugin v27.4 - https:\/\/yoast.com\/product\/yoast-seo-wordpress\/ -->\n<title>Beard Bib Beard Cape - Hair Clippings Apron - Grizzly Adam<\/title>\n<meta name=\"description\" content=\"Complete with super strong suction pads to make sure it holds all the beard hair, no matter how much is being shorn, this washable shaving apron will catch all those flyaway hairs from any trim and will save on cleaning time\" \/>\n<meta name=\"robots\" content=\"index, follow, max-snippet:-1, max-image-preview:large, max-video-preview:-1\" \/>\n<link rel=\"canonical\" href=\"https:\/\/grizzlyadam.co.uk\/es\/producto\/beard-bib-beard-cape-hair-clippings-apron\/\" \/>\n<meta property=\"og:locale\" content=\"es_ES\" \/>\n<meta property=\"og:type\" content=\"article\" \/>\n<meta property=\"og:title\" content=\"Beard Bib Beard Cape - Hair Clippings Apron - Grizzly Adam\" \/>\n<meta property=\"og:description\" content=\"Complete with super strong suction pads to make sure it holds all the beard hair, no matter how much is being shorn, this washable shaving apron will catch all those flyaway hairs from any trim and will save on cleaning time\" \/>\n<meta property=\"og:url\" content=\"https:\/\/grizzlyadam.co.uk\/es\/producto\/beard-bib-beard-cape-hair-clippings-apron\/\" \/>\n<meta property=\"og:site_name\" content=\"Grizzly Adam\" \/>\n<meta property=\"article:publisher\" content=\"https:\/\/www.facebook.com\/grizzlyadamuk\" \/>\n<meta property=\"article:modified_time\" content=\"2026-04-16T07:23:53+00:00\" \/>\n<meta property=\"og:image\" content=\"https:\/\/project1-mke5mv4jgx.live-website.com\/wp-content\/uploads\/2021\/02\/beardbib-1-large.jpg\" \/>\n\t<meta property=\"og:image:width\" content=\"600\" \/>\n\t<meta property=\"og:image:height\" content=\"600\" \/>\n\t<meta property=\"og:image:type\" content=\"image\/jpeg\" \/>\n<meta name=\"twitter:card\" content=\"summary_large_image\" \/>\n<meta name=\"twitter:site\" content=\"@grizzlyadamuk\" \/>\n<meta name=\"twitter:label1\" content=\"Tiempo de lectura\" \/>\n\t<meta name=\"twitter:data1\" content=\"1 minuto\" \/>\n<script type=\"application\/ld+json\" class=\"yoast-schema-graph\">{\"@context\":\"https:\\\/\\\/schema.org\",\"@graph\":[{\"@type\":\"WebPage\",\"@id\":\"https:\\\/\\\/grizzlyadam.co.uk\\\/product\\\/beard-bib-beard-cape-hair-clippings-apron\\\/\",\"url\":\"https:\\\/\\\/grizzlyadam.co.uk\\\/product\\\/beard-bib-beard-cape-hair-clippings-apron\\\/\",\"name\":\"Beard Bib Beard Cape - Hair Clippings Apron - Grizzly Adam\",\"isPartOf\":{\"@id\":\"https:\\\/\\\/project1-mke5mv4jgx.live-website.com\\\/#website\"},\"primaryImageOfPage\":{\"@id\":\"https:\\\/\\\/grizzlyadam.co.uk\\\/product\\\/beard-bib-beard-cape-hair-clippings-apron\\\/#primaryimage\"},\"image\":{\"@id\":\"https:\\\/\\\/grizzlyadam.co.uk\\\/product\\\/beard-bib-beard-cape-hair-clippings-apron\\\/#primaryimage\"},\"thumbnailUrl\":\"https:\\\/\\\/grizzlyadam.co.uk\\\/wp-content\\\/uploads\\\/2021\\\/02\\\/beardbib-1-large.jpg\",\"datePublished\":\"2021-02-19T18:59:05+00:00\",\"dateModified\":\"2026-04-16T07:23:53+00:00\",\"description\":\"Complete with super strong suction pads to make sure it holds all the beard hair, no matter how much is being shorn, this washable shaving apron will catch all those flyaway hairs from any trim and will save on cleaning time\",\"breadcrumb\":{\"@id\":\"https:\\\/\\\/grizzlyadam.co.uk\\\/product\\\/beard-bib-beard-cape-hair-clippings-apron\\\/#breadcrumb\"},\"inLanguage\":\"es\",\"potentialAction\":[{\"@type\":\"ReadAction\",\"target\":[\"https:\\\/\\\/grizzlyadam.co.uk\\\/product\\\/beard-bib-beard-cape-hair-clippings-apron\\\/\"]}]},{\"@type\":\"ImageObject\",\"inLanguage\":\"es\",\"@id\":\"https:\\\/\\\/grizzlyadam.co.uk\\\/product\\\/beard-bib-beard-cape-hair-clippings-apron\\\/#primaryimage\",\"url\":\"https:\\\/\\\/grizzlyadam.co.uk\\\/wp-content\\\/uploads\\\/2021\\\/02\\\/beardbib-1-large.jpg\",\"contentUrl\":\"https:\\\/\\\/grizzlyadam.co.uk\\\/wp-content\\\/uploads\\\/2021\\\/02\\\/beardbib-1-large.jpg\",\"width\":600,\"height\":600},{\"@type\":\"BreadcrumbList\",\"@id\":\"https:\\\/\\\/grizzlyadam.co.uk\\\/product\\\/beard-bib-beard-cape-hair-clippings-apron\\\/#breadcrumb\",\"itemListElement\":[{\"@type\":\"ListItem\",\"position\":1,\"name\":\"Home\",\"item\":\"https:\\\/\\\/grizzlyadam.co.uk\\\/\"},{\"@type\":\"ListItem\",\"position\":2,\"name\":\"Shop\",\"item\":\"https:\\\/\\\/project1-mke5mv4jgx.live-website.com\\\/shop\\\/\"},{\"@type\":\"ListItem\",\"position\":3,\"name\":\"Beard Bib Beard Cape &#8211; Hair Clippings Apron\"}]},{\"@type\":\"WebSite\",\"@id\":\"https:\\\/\\\/project1-mke5mv4jgx.live-website.com\\\/#website\",\"url\":\"https:\\\/\\\/project1-mke5mv4jgx.live-website.com\\\/\",\"name\":\"Grizzly Adam\",\"description\":\"Beard Oil And Grooming Products For Gentlemen\",\"publisher\":{\"@id\":\"https:\\\/\\\/project1-mke5mv4jgx.live-website.com\\\/#organization\"},\"potentialAction\":[{\"@type\":\"SearchAction\",\"target\":{\"@type\":\"EntryPoint\",\"urlTemplate\":\"https:\\\/\\\/project1-mke5mv4jgx.live-website.com\\\/?s={search_term_string}\"},\"query-input\":{\"@type\":\"PropertyValueSpecification\",\"valueRequired\":true,\"valueName\":\"search_term_string\"}}],\"inLanguage\":\"es\"},{\"@type\":\"Organization\",\"@id\":\"https:\\\/\\\/project1-mke5mv4jgx.live-website.com\\\/#organization\",\"name\":\"GRIZZLY ADAM\",\"url\":\"https:\\\/\\\/project1-mke5mv4jgx.live-website.com\\\/\",\"logo\":{\"@type\":\"ImageObject\",\"inLanguage\":\"es\",\"@id\":\"https:\\\/\\\/project1-mke5mv4jgx.live-website.com\\\/#\\\/schema\\\/logo\\\/image\\\/\",\"url\":\"https:\\\/\\\/grizzlyadam.co.uk\\\/wp-content\\\/uploads\\\/2019\\\/11\\\/gadamlogo.png\",\"contentUrl\":\"https:\\\/\\\/grizzlyadam.co.uk\\\/wp-content\\\/uploads\\\/2019\\\/11\\\/gadamlogo.png\",\"width\":\"200\",\"height\":\"200\",\"caption\":\"GRIZZLY ADAM\"},\"image\":{\"@id\":\"https:\\\/\\\/project1-mke5mv4jgx.live-website.com\\\/#\\\/schema\\\/logo\\\/image\\\/\"},\"sameAs\":[\"https:\\\/\\\/www.facebook.com\\\/grizzlyadamuk\",\"https:\\\/\\\/x.com\\\/grizzlyadamuk\",\"https:\\\/\\\/www.instagram.com\\\/grizzlyadamuk\\\/\"]}]}<\/script>\n<!-- \/ Yoast SEO plugin. -->","yoast_head_json":{"title":"Beard Bib Beard Cape - Hair Clippings Apron - Grizzly Adam","description":"Complete with super strong suction pads to make sure it holds all the beard hair, no matter how much is being shorn, this washable shaving apron will catch all those flyaway hairs from any trim and will save on cleaning time","robots":{"index":"index","follow":"follow","max-snippet":"max-snippet:-1","max-image-preview":"max-image-preview:large","max-video-preview":"max-video-preview:-1"},"canonical":"https:\/\/grizzlyadam.co.uk\/es\/producto\/beard-bib-beard-cape-hair-clippings-apron\/","og_locale":"es_ES","og_type":"article","og_title":"Beard Bib Beard Cape - Hair Clippings Apron - Grizzly Adam","og_description":"Complete with super strong suction pads to make sure it holds all the beard hair, no matter how much is being shorn, this washable shaving apron will catch all those flyaway hairs from any trim and will save on cleaning time","og_url":"https:\/\/grizzlyadam.co.uk\/es\/producto\/beard-bib-beard-cape-hair-clippings-apron\/","og_site_name":"Grizzly Adam","article_publisher":"https:\/\/www.facebook.com\/grizzlyadamuk","article_modified_time":"2026-04-16T07:23:53+00:00","og_image":[{"width":600,"height":600,"url":"https:\/\/project1-mke5mv4jgx.live-website.com\/wp-content\/uploads\/2021\/02\/beardbib-1-large.jpg","type":"image\/jpeg"}],"twitter_card":"summary_large_image","twitter_site":"@grizzlyadamuk","twitter_misc":{"Tiempo de lectura":"1 minuto"},"schema":{"@context":"https:\/\/schema.org","@graph":[{"@type":"WebPage","@id":"https:\/\/grizzlyadam.co.uk\/product\/beard-bib-beard-cape-hair-clippings-apron\/","url":"https:\/\/grizzlyadam.co.uk\/product\/beard-bib-beard-cape-hair-clippings-apron\/","name":"Beard Bib Beard Cape - Hair Clippings Apron - Grizzly Adam","isPartOf":{"@id":"https:\/\/project1-mke5mv4jgx.live-website.com\/#website"},"primaryImageOfPage":{"@id":"https:\/\/grizzlyadam.co.uk\/product\/beard-bib-beard-cape-hair-clippings-apron\/#primaryimage"},"image":{"@id":"https:\/\/grizzlyadam.co.uk\/product\/beard-bib-beard-cape-hair-clippings-apron\/#primaryimage"},"thumbnailUrl":"https:\/\/grizzlyadam.co.uk\/wp-content\/uploads\/2021\/02\/beardbib-1-large.jpg","datePublished":"2021-02-19T18:59:05+00:00","dateModified":"2026-04-16T07:23:53+00:00","description":"Complete with super strong suction pads to make sure it holds all the beard hair, no matter how much is being shorn, this washable shaving apron will catch all those flyaway hairs from any trim and will save on cleaning time","breadcrumb":{"@id":"https:\/\/grizzlyadam.co.uk\/product\/beard-bib-beard-cape-hair-clippings-apron\/#breadcrumb"},"inLanguage":"es","potentialAction":[{"@type":"ReadAction","target":["https:\/\/grizzlyadam.co.uk\/product\/beard-bib-beard-cape-hair-clippings-apron\/"]}]},{"@type":"ImageObject","inLanguage":"es","@id":"https:\/\/grizzlyadam.co.uk\/product\/beard-bib-beard-cape-hair-clippings-apron\/#primaryimage","url":"https:\/\/grizzlyadam.co.uk\/wp-content\/uploads\/2021\/02\/beardbib-1-large.jpg","contentUrl":"https:\/\/grizzlyadam.co.uk\/wp-content\/uploads\/2021\/02\/beardbib-1-large.jpg","width":600,"height":600},{"@type":"BreadcrumbList","@id":"https:\/\/grizzlyadam.co.uk\/product\/beard-bib-beard-cape-hair-clippings-apron\/#breadcrumb","itemListElement":[{"@type":"ListItem","position":1,"name":"Home","item":"https:\/\/grizzlyadam.co.uk\/"},{"@type":"ListItem","position":2,"name":"Shop","item":"https:\/\/project1-mke5mv4jgx.live-website.com\/shop\/"},{"@type":"ListItem","position":3,"name":"Beard Bib Beard Cape &#8211; Hair Clippings Apron"}]},{"@type":"WebSite","@id":"https:\/\/project1-mke5mv4jgx.live-website.com\/#website","url":"https:\/\/project1-mke5mv4jgx.live-website.com\/","name":"Grizzly Adam","description":"Aceite para barba y productos de aseo para caballeros","publisher":{"@id":"https:\/\/project1-mke5mv4jgx.live-website.com\/#organization"},"potentialAction":[{"@type":"SearchAction","target":{"@type":"EntryPoint","urlTemplate":"https:\/\/project1-mke5mv4jgx.live-website.com\/?s={search_term_string}"},"query-input":{"@type":"PropertyValueSpecification","valueRequired":true,"valueName":"search_term_string"}}],"inLanguage":"es"},{"@type":"Organization","@id":"https:\/\/project1-mke5mv4jgx.live-website.com\/#organization","name":"GRIZZLY ADAM","url":"https:\/\/project1-mke5mv4jgx.live-website.com\/","logo":{"@type":"ImageObject","inLanguage":"es","@id":"https:\/\/project1-mke5mv4jgx.live-website.com\/#\/schema\/logo\/image\/","url":"https:\/\/grizzlyadam.co.uk\/wp-content\/uploads\/2019\/11\/gadamlogo.png","contentUrl":"https:\/\/grizzlyadam.co.uk\/wp-content\/uploads\/2019\/11\/gadamlogo.png","width":"200","height":"200","caption":"GRIZZLY ADAM"},"image":{"@id":"https:\/\/project1-mke5mv4jgx.live-website.com\/#\/schema\/logo\/image\/"},"sameAs":["https:\/\/www.facebook.com\/grizzlyadamuk","https:\/\/x.com\/grizzlyadamuk","https:\/\/www.instagram.com\/grizzlyadamuk\/"]}]}},"df_price":14.99,"df_sale_price":"","df_regular_price":14.99,"df_image_link":"https:\/\/grizzlyadam.co.uk\/wp-content\/uploads\/2021\/02\/beardbib-1-large-300x300.jpg","_links":{"self":[{"href":"https:\/\/grizzlyadam.co.uk\/es\/wp-json\/wp\/v2\/product\/31766","targetHints":{"allow":["GET"]}}],"collection":[{"href":"https:\/\/grizzlyadam.co.uk\/es\/wp-json\/wp\/v2\/product"}],"about":[{"href":"https:\/\/grizzlyadam.co.uk\/es\/wp-json\/wp\/v2\/types\/product"}],"replies":[{"embeddable":true,"href":"https:\/\/grizzlyadam.co.uk\/es\/wp-json\/wp\/v2\/comments?post=31766"}],"wp:featuredmedia":[{"embeddable":true,"href":"https:\/\/grizzlyadam.co.uk\/es\/wp-json\/wp\/v2\/media\/31768"}],"wp:attachment":[{"href":"https:\/\/grizzlyadam.co.uk\/es\/wp-json\/wp\/v2\/media?parent=31766"}],"wp:term":[{"taxonomy":"product_brand","embeddable":true,"href":"https:\/\/grizzlyadam.co.uk\/es\/wp-json\/wp\/v2\/product_brand?post=31766"},{"taxonomy":"product_cat","embeddable":true,"href":"https:\/\/grizzlyadam.co.uk\/es\/wp-json\/wp\/v2\/product_cat?post=31766"},{"taxonomy":"product_tag","embeddable":true,"href":"https:\/\/grizzlyadam.co.uk\/es\/wp-json\/wp\/v2\/product_tag?post=31766"}],"curies":[{"name":"wp","href":"https:\/\/api.w.org\/{rel}","templated":true}]}}