{"id":2249,"date":"2017-02-19T15:55:03","date_gmt":"2017-02-19T15:55:03","guid":{"rendered":"https:\/\/grizzlyadam.co.uk\/product\/30ml-travel-size-beard-wash-and-conditioner-by-grizzly-adam\/"},"modified":"2020-02-09T10:34:47","modified_gmt":"2020-02-09T10:34:47","slug":"30ml-travel-size-beard-wash-and-conditioner-by-grizzly-adam","status":"publish","type":"product","link":"https:\/\/grizzlyadam.co.uk\/es\/producto\/30ml-travel-size-beard-wash-and-conditioner-by-grizzly-adam\/","title":{"rendered":"Limpiador y acondicionador de barba de viaje de 30 ml de Grizzly Adam"},"content":{"rendered":"<h2>Aceite de barba en tama\u00f1o de viaje para hombres con barba.<\/h2>\n<p>Grizzly Adam Beard Wash and Shampoo est\u00e1 hecho con m\u00e1s de 80% ingredientes org\u00e1nicos y est\u00e1 libre de parabenos y sulfatos.<\/p>\n<p><b>Este limpiador de barba limpiar\u00e1 en profundidad su barba, de forma natural, sin despojarla de sus aceites naturales como el champ\u00fa normal.<\/b><\/p>\n<p><b>Ingredientes:<\/b><br \/>\nAqua (Agua), Decyl Glucoside, Lauryl Betaine, Betaine, Cedrus Atlantica (Cedarwood) Oil, Citrus Aurantifolia (Lime) Oil, Xanthan Gum, Aloe Barbadensis (Aloe Vera) leaf juice, Phenoxyethanol, Citric Acid, Benzoic Acid, Dehydroacetic Acid Limonene* Citral* *Naturally occurring in essential oils<\/p>\n<p><b>C\u00f3mo llegar:<\/b><br \/>\nLimpie la zona de la barba con agua y, a continuaci\u00f3n, aplique una peque\u00f1a cantidad de champ\u00fa para barba. Aclare con agua. Nuestros expertos recomiendan no m\u00e1s de dos veces por semana.<\/p>\n<p><b>Aviso legal<\/b><br \/>\nGrizzly Adam\u00ae es una marca comercial de TN Health LTD y miembro del programa de registro de marcas en Amazon. Todos nuestros productos son 100% genuino y aut\u00e9ntico.<\/p>\n<p>Nuestro lavado de barba limpia delicadamente tanto el vello facial como la piel vulnerable que se encuentra debajo, dejando tanto la barba como el rostro limpios, suaves, manejables y con un olor maravilloso.<\/p>\n<p>Los hombres que mantienen una barba de cualquier tama\u00f1o pueden encontrarse con numerosos problemas. Para empezar, el uso de champ\u00fas para el cabello en la barba puede dejar la piel debajo muy seca.<\/p>\n<p>Algunos hombres tambi\u00e9n se limpian la barba con jab\u00f3n facial y geles de ducha, pero dado que la barba est\u00e1 directamente expuesta a alimentos, bebidas y productos de fumar, merece un trato mejor.<\/p>","protected":false},"excerpt":{"rendered":"<ul class=\"a-vertical a-spacing-none\">\n<li><span class=\"a-list-item\"> Pr\u00e1ctico jab\u00f3n y acondicionador para barba en formato de viaje de 30 ml<\/span><\/li>\n<li><span class=\"a-list-item\"> Ideal para hombres barbudos con piel sensible<\/span><\/li>\n<li><span class=\"a-list-item\"> No sufra nunca m\u00e1s de caspa y caspa de barba - Huela genial, aroma de lima<\/span><\/li>\n<li><span class=\"a-list-item\"> Suaviza la barba con ingredientes naturales<\/span><\/li>\n<li><span class=\"a-list-item\"> Exactamente la misma f\u00f3rmula que nuestra popular botella de 200 ml<\/span><\/li>\n<\/ul>","protected":false},"featured_media":2250,"comment_status":"open","ping_status":"closed","template":"","meta":[],"product_brand":[],"product_cat":[70],"product_tag":[],"class_list":{"0":"post-2249","1":"product","2":"type-product","3":"status-publish","4":"has-post-thumbnail","6":"product_cat-beard-wash","8":"first","9":"instock","10":"taxable","11":"shipping-taxable","12":"purchasable","13":"product-type-simple"},"yoast_head":"<!-- This site is optimized with the Yoast SEO plugin v27.4 - https:\/\/yoast.com\/product\/yoast-seo-wordpress\/ -->\n<title>30ml Travel Size Beard Wash and Conditioner by Grizzly Adam - Grizzly Adam<\/title>\n<meta name=\"robots\" content=\"index, follow, max-snippet:-1, max-image-preview:large, max-video-preview:-1\" \/>\n<link rel=\"canonical\" href=\"https:\/\/project1-mke5mv4jgx.live-website.com\/product\/30ml-travel-size-beard-wash-and-conditioner-by-grizzly-adam\/\" \/>\n<meta property=\"og:locale\" content=\"es_ES\" \/>\n<meta property=\"og:type\" content=\"article\" \/>\n<meta property=\"og:title\" content=\"30ml Travel Size Beard Wash and Conditioner by Grizzly Adam - Grizzly Adam\" \/>\n<meta property=\"og:description\" content=\"Handy 30ml Travel Size Beard Wash and Conditioner   Ideal for Bearded Men with Sensitive Skin   Never Suffer from Beardruff and Dandruff Again - Smell Great, Lime Scent   Softens Beard with Natural Ingredients   Exactly The Same Formula as Our Popular 200ml Bottle\" \/>\n<meta property=\"og:url\" content=\"https:\/\/project1-mke5mv4jgx.live-website.com\/product\/30ml-travel-size-beard-wash-and-conditioner-by-grizzly-adam\/\" \/>\n<meta property=\"og:site_name\" content=\"Grizzly Adam\" \/>\n<meta property=\"article:publisher\" content=\"https:\/\/www.facebook.com\/grizzlyadamuk\" \/>\n<meta property=\"article:modified_time\" content=\"2020-02-09T10:34:47+00:00\" \/>\n<meta property=\"og:image\" content=\"https:\/\/project1-mke5mv4jgx.live-website.com\/wp-content\/uploads\/2017\/02\/Travel_wash.jpg\" \/>\n\t<meta property=\"og:image:width\" content=\"1920\" \/>\n\t<meta property=\"og:image:height\" content=\"1920\" \/>\n\t<meta property=\"og:image:type\" content=\"image\/jpeg\" \/>\n<meta name=\"twitter:card\" content=\"summary_large_image\" \/>\n<meta name=\"twitter:site\" content=\"@grizzlyadamuk\" \/>\n<meta name=\"twitter:label1\" content=\"Tiempo de lectura\" \/>\n\t<meta name=\"twitter:data1\" content=\"1 minuto\" \/>\n<script type=\"application\/ld+json\" class=\"yoast-schema-graph\">{\"@context\":\"https:\\\/\\\/schema.org\",\"@graph\":[{\"@type\":\"WebPage\",\"@id\":\"https:\\\/\\\/project1-mke5mv4jgx.live-website.com\\\/product\\\/30ml-travel-size-beard-wash-and-conditioner-by-grizzly-adam\\\/\",\"url\":\"https:\\\/\\\/project1-mke5mv4jgx.live-website.com\\\/product\\\/30ml-travel-size-beard-wash-and-conditioner-by-grizzly-adam\\\/\",\"name\":\"30ml Travel Size Beard Wash and Conditioner by Grizzly Adam - Grizzly Adam\",\"isPartOf\":{\"@id\":\"https:\\\/\\\/project1-mke5mv4jgx.live-website.com\\\/#website\"},\"primaryImageOfPage\":{\"@id\":\"https:\\\/\\\/project1-mke5mv4jgx.live-website.com\\\/product\\\/30ml-travel-size-beard-wash-and-conditioner-by-grizzly-adam\\\/#primaryimage\"},\"image\":{\"@id\":\"https:\\\/\\\/project1-mke5mv4jgx.live-website.com\\\/product\\\/30ml-travel-size-beard-wash-and-conditioner-by-grizzly-adam\\\/#primaryimage\"},\"thumbnailUrl\":\"https:\\\/\\\/grizzlyadam.co.uk\\\/wp-content\\\/uploads\\\/2017\\\/02\\\/Travel_wash.jpg\",\"datePublished\":\"2017-02-19T15:55:03+00:00\",\"dateModified\":\"2020-02-09T10:34:47+00:00\",\"breadcrumb\":{\"@id\":\"https:\\\/\\\/project1-mke5mv4jgx.live-website.com\\\/product\\\/30ml-travel-size-beard-wash-and-conditioner-by-grizzly-adam\\\/#breadcrumb\"},\"inLanguage\":\"es\",\"potentialAction\":[{\"@type\":\"ReadAction\",\"target\":[\"https:\\\/\\\/project1-mke5mv4jgx.live-website.com\\\/product\\\/30ml-travel-size-beard-wash-and-conditioner-by-grizzly-adam\\\/\"]}]},{\"@type\":\"ImageObject\",\"inLanguage\":\"es\",\"@id\":\"https:\\\/\\\/project1-mke5mv4jgx.live-website.com\\\/product\\\/30ml-travel-size-beard-wash-and-conditioner-by-grizzly-adam\\\/#primaryimage\",\"url\":\"https:\\\/\\\/grizzlyadam.co.uk\\\/wp-content\\\/uploads\\\/2017\\\/02\\\/Travel_wash.jpg\",\"contentUrl\":\"https:\\\/\\\/grizzlyadam.co.uk\\\/wp-content\\\/uploads\\\/2017\\\/02\\\/Travel_wash.jpg\",\"width\":1200,\"height\":1200},{\"@type\":\"BreadcrumbList\",\"@id\":\"https:\\\/\\\/project1-mke5mv4jgx.live-website.com\\\/product\\\/30ml-travel-size-beard-wash-and-conditioner-by-grizzly-adam\\\/#breadcrumb\",\"itemListElement\":[{\"@type\":\"ListItem\",\"position\":1,\"name\":\"Home\",\"item\":\"https:\\\/\\\/grizzlyadam.co.uk\\\/\"},{\"@type\":\"ListItem\",\"position\":2,\"name\":\"Shop\",\"item\":\"https:\\\/\\\/project1-mke5mv4jgx.live-website.com\\\/shop\\\/\"},{\"@type\":\"ListItem\",\"position\":3,\"name\":\"30ml Travel Size Beard Wash and Conditioner by Grizzly Adam\"}]},{\"@type\":\"WebSite\",\"@id\":\"https:\\\/\\\/project1-mke5mv4jgx.live-website.com\\\/#website\",\"url\":\"https:\\\/\\\/project1-mke5mv4jgx.live-website.com\\\/\",\"name\":\"Grizzly Adam\",\"description\":\"Beard Oil And Grooming Products For Gentlemen\",\"publisher\":{\"@id\":\"https:\\\/\\\/project1-mke5mv4jgx.live-website.com\\\/#organization\"},\"potentialAction\":[{\"@type\":\"SearchAction\",\"target\":{\"@type\":\"EntryPoint\",\"urlTemplate\":\"https:\\\/\\\/project1-mke5mv4jgx.live-website.com\\\/?s={search_term_string}\"},\"query-input\":{\"@type\":\"PropertyValueSpecification\",\"valueRequired\":true,\"valueName\":\"search_term_string\"}}],\"inLanguage\":\"es\"},{\"@type\":\"Organization\",\"@id\":\"https:\\\/\\\/project1-mke5mv4jgx.live-website.com\\\/#organization\",\"name\":\"GRIZZLY ADAM\",\"url\":\"https:\\\/\\\/project1-mke5mv4jgx.live-website.com\\\/\",\"logo\":{\"@type\":\"ImageObject\",\"inLanguage\":\"es\",\"@id\":\"https:\\\/\\\/project1-mke5mv4jgx.live-website.com\\\/#\\\/schema\\\/logo\\\/image\\\/\",\"url\":\"https:\\\/\\\/grizzlyadam.co.uk\\\/wp-content\\\/uploads\\\/2019\\\/11\\\/gadamlogo.png\",\"contentUrl\":\"https:\\\/\\\/grizzlyadam.co.uk\\\/wp-content\\\/uploads\\\/2019\\\/11\\\/gadamlogo.png\",\"width\":\"200\",\"height\":\"200\",\"caption\":\"GRIZZLY ADAM\"},\"image\":{\"@id\":\"https:\\\/\\\/project1-mke5mv4jgx.live-website.com\\\/#\\\/schema\\\/logo\\\/image\\\/\"},\"sameAs\":[\"https:\\\/\\\/www.facebook.com\\\/grizzlyadamuk\",\"https:\\\/\\\/x.com\\\/grizzlyadamuk\",\"https:\\\/\\\/www.instagram.com\\\/grizzlyadamuk\\\/\"]}]}<\/script>\n<!-- \/ Yoast SEO plugin. -->","yoast_head_json":{"title":"30ml Travel Size Beard Wash and Conditioner by Grizzly Adam - Grizzly Adam","robots":{"index":"index","follow":"follow","max-snippet":"max-snippet:-1","max-image-preview":"max-image-preview:large","max-video-preview":"max-video-preview:-1"},"canonical":"https:\/\/project1-mke5mv4jgx.live-website.com\/product\/30ml-travel-size-beard-wash-and-conditioner-by-grizzly-adam\/","og_locale":"es_ES","og_type":"article","og_title":"30ml Travel Size Beard Wash and Conditioner by Grizzly Adam - Grizzly Adam","og_description":"Handy 30ml Travel Size Beard Wash and Conditioner   Ideal for Bearded Men with Sensitive Skin   Never Suffer from Beardruff and Dandruff Again - Smell Great, Lime Scent   Softens Beard with Natural Ingredients   Exactly The Same Formula as Our Popular 200ml Bottle","og_url":"https:\/\/project1-mke5mv4jgx.live-website.com\/product\/30ml-travel-size-beard-wash-and-conditioner-by-grizzly-adam\/","og_site_name":"Grizzly Adam","article_publisher":"https:\/\/www.facebook.com\/grizzlyadamuk","article_modified_time":"2020-02-09T10:34:47+00:00","og_image":[{"width":1920,"height":1920,"url":"https:\/\/project1-mke5mv4jgx.live-website.com\/wp-content\/uploads\/2017\/02\/Travel_wash.jpg","type":"image\/jpeg"}],"twitter_card":"summary_large_image","twitter_site":"@grizzlyadamuk","twitter_misc":{"Tiempo de lectura":"1 minuto"},"schema":{"@context":"https:\/\/schema.org","@graph":[{"@type":"WebPage","@id":"https:\/\/project1-mke5mv4jgx.live-website.com\/product\/30ml-travel-size-beard-wash-and-conditioner-by-grizzly-adam\/","url":"https:\/\/project1-mke5mv4jgx.live-website.com\/product\/30ml-travel-size-beard-wash-and-conditioner-by-grizzly-adam\/","name":"30ml Travel Size Beard Wash and Conditioner by Grizzly Adam - Grizzly Adam","isPartOf":{"@id":"https:\/\/project1-mke5mv4jgx.live-website.com\/#website"},"primaryImageOfPage":{"@id":"https:\/\/project1-mke5mv4jgx.live-website.com\/product\/30ml-travel-size-beard-wash-and-conditioner-by-grizzly-adam\/#primaryimage"},"image":{"@id":"https:\/\/project1-mke5mv4jgx.live-website.com\/product\/30ml-travel-size-beard-wash-and-conditioner-by-grizzly-adam\/#primaryimage"},"thumbnailUrl":"https:\/\/grizzlyadam.co.uk\/wp-content\/uploads\/2017\/02\/Travel_wash.jpg","datePublished":"2017-02-19T15:55:03+00:00","dateModified":"2020-02-09T10:34:47+00:00","breadcrumb":{"@id":"https:\/\/project1-mke5mv4jgx.live-website.com\/product\/30ml-travel-size-beard-wash-and-conditioner-by-grizzly-adam\/#breadcrumb"},"inLanguage":"es","potentialAction":[{"@type":"ReadAction","target":["https:\/\/project1-mke5mv4jgx.live-website.com\/product\/30ml-travel-size-beard-wash-and-conditioner-by-grizzly-adam\/"]}]},{"@type":"ImageObject","inLanguage":"es","@id":"https:\/\/project1-mke5mv4jgx.live-website.com\/product\/30ml-travel-size-beard-wash-and-conditioner-by-grizzly-adam\/#primaryimage","url":"https:\/\/grizzlyadam.co.uk\/wp-content\/uploads\/2017\/02\/Travel_wash.jpg","contentUrl":"https:\/\/grizzlyadam.co.uk\/wp-content\/uploads\/2017\/02\/Travel_wash.jpg","width":1200,"height":1200},{"@type":"BreadcrumbList","@id":"https:\/\/project1-mke5mv4jgx.live-website.com\/product\/30ml-travel-size-beard-wash-and-conditioner-by-grizzly-adam\/#breadcrumb","itemListElement":[{"@type":"ListItem","position":1,"name":"Home","item":"https:\/\/grizzlyadam.co.uk\/"},{"@type":"ListItem","position":2,"name":"Shop","item":"https:\/\/project1-mke5mv4jgx.live-website.com\/shop\/"},{"@type":"ListItem","position":3,"name":"30ml Travel Size Beard Wash and Conditioner by Grizzly Adam"}]},{"@type":"WebSite","@id":"https:\/\/project1-mke5mv4jgx.live-website.com\/#website","url":"https:\/\/project1-mke5mv4jgx.live-website.com\/","name":"Grizzly Adam","description":"Aceite para barba y productos de aseo para caballeros","publisher":{"@id":"https:\/\/project1-mke5mv4jgx.live-website.com\/#organization"},"potentialAction":[{"@type":"SearchAction","target":{"@type":"EntryPoint","urlTemplate":"https:\/\/project1-mke5mv4jgx.live-website.com\/?s={search_term_string}"},"query-input":{"@type":"PropertyValueSpecification","valueRequired":true,"valueName":"search_term_string"}}],"inLanguage":"es"},{"@type":"Organization","@id":"https:\/\/project1-mke5mv4jgx.live-website.com\/#organization","name":"GRIZZLY ADAM","url":"https:\/\/project1-mke5mv4jgx.live-website.com\/","logo":{"@type":"ImageObject","inLanguage":"es","@id":"https:\/\/project1-mke5mv4jgx.live-website.com\/#\/schema\/logo\/image\/","url":"https:\/\/grizzlyadam.co.uk\/wp-content\/uploads\/2019\/11\/gadamlogo.png","contentUrl":"https:\/\/grizzlyadam.co.uk\/wp-content\/uploads\/2019\/11\/gadamlogo.png","width":"200","height":"200","caption":"GRIZZLY ADAM"},"image":{"@id":"https:\/\/project1-mke5mv4jgx.live-website.com\/#\/schema\/logo\/image\/"},"sameAs":["https:\/\/www.facebook.com\/grizzlyadamuk","https:\/\/x.com\/grizzlyadamuk","https:\/\/www.instagram.com\/grizzlyadamuk\/"]}]}},"df_price":9.99,"df_sale_price":"","df_regular_price":9.99,"df_image_link":"https:\/\/grizzlyadam.co.uk\/wp-content\/uploads\/2017\/02\/Travel_wash-300x300.jpg","_links":{"self":[{"href":"https:\/\/grizzlyadam.co.uk\/es\/wp-json\/wp\/v2\/product\/2249","targetHints":{"allow":["GET"]}}],"collection":[{"href":"https:\/\/grizzlyadam.co.uk\/es\/wp-json\/wp\/v2\/product"}],"about":[{"href":"https:\/\/grizzlyadam.co.uk\/es\/wp-json\/wp\/v2\/types\/product"}],"replies":[{"embeddable":true,"href":"https:\/\/grizzlyadam.co.uk\/es\/wp-json\/wp\/v2\/comments?post=2249"}],"wp:featuredmedia":[{"embeddable":true,"href":"https:\/\/grizzlyadam.co.uk\/es\/wp-json\/wp\/v2\/media\/2250"}],"wp:attachment":[{"href":"https:\/\/grizzlyadam.co.uk\/es\/wp-json\/wp\/v2\/media?parent=2249"}],"wp:term":[{"taxonomy":"product_brand","embeddable":true,"href":"https:\/\/grizzlyadam.co.uk\/es\/wp-json\/wp\/v2\/product_brand?post=2249"},{"taxonomy":"product_cat","embeddable":true,"href":"https:\/\/grizzlyadam.co.uk\/es\/wp-json\/wp\/v2\/product_cat?post=2249"},{"taxonomy":"product_tag","embeddable":true,"href":"https:\/\/grizzlyadam.co.uk\/es\/wp-json\/wp\/v2\/product_tag?post=2249"}],"curies":[{"name":"wp","href":"https:\/\/api.w.org\/{rel}","templated":true}]}}