{"id":2247,"date":"2017-02-19T15:55:00","date_gmt":"2017-02-19T15:55:00","guid":{"rendered":"https:\/\/grizzlyadam.co.uk\/product\/beard-oil-cedar-lime-100-natural-moisturizes-beard-hair-and-skin-eliminates-itching-and-dandruff\/"},"modified":"2021-08-21T09:42:31","modified_gmt":"2021-08-21T08:42:31","slug":"beard-oil-cedar-lime-100-natural-moisturizes-beard-hair-and-skin-eliminates-itching-and-dandruff","status":"publish","type":"product","link":"https:\/\/grizzlyadam.co.uk\/es\/producto\/beard-oil-cedar-lime-100-natural-moisturizes-beard-hair-and-skin-eliminates-itching-and-dandruff\/","title":{"rendered":"Aceite para barba | Cedro y lima | 100% Natural | Hidrata el pelo y la piel de la barba, elimina el picor y la caspa"},"content":{"rendered":"<p><strong>Ingredientes:<\/strong><br \/>\nAceite de Prunus Amygdalus Dulis (almendra), aceite de Argania Spinosa Kernel (arg\u00e1n), aceite de Cedrus Deodara (cedro), aceite de Citrus Aurantifolia (lima), limoneno, linalool.<\/p>\n<p><strong>C\u00f3mo llegar:<\/strong><br \/>\nF\u00e1cil de aplicar en la barba: -Apl\u00edquelo en la barba limpia y reci\u00e9n lavada -Empiece con un bombeo de aceite para barba Grizzly Adam, aplic\u00e1ndolo principalmente en las ra\u00edces -Aplique m\u00e1s generosamente a medida que aumente la confianza Para obtener los mejores resultados, util\u00edcelo dos veces al d\u00eda -d\u00e9 un suave masaje uniforme en la barba por la ma\u00f1ana y por la noche para obtener resultados \u00f3ptimos.<\/p>\n<p><strong>\u00bfPor qu\u00e9 utilizar aceite para barba?<\/strong><\/p>\n<p>Tanto si tienes una barba peque\u00f1a, lisa y redondeada como una barba grande y cuadrada que llame la atenci\u00f3n, puedes mantenerla con un aspecto incre\u00edble con el m\u00ednimo esfuerzo. Para que tu barba llame la atenci\u00f3n, querr\u00e1s que luzca sana, lisa y brillante en todo momento. El aceite para barba Grizzly Adam es una forma fant\u00e1stica de conseguirlo.<\/p>\n<p>\u00daltimamente, el aceite para barba es cada vez m\u00e1s popular y desde el primer uso deber\u00eda ser obvio por qu\u00e9. Si todav\u00eda no est\u00e1 seguro de por qu\u00e9 usar aceite para barba, aqu\u00ed tiene informaci\u00f3n que puede ayudarle a convencerle.<\/p>\n<p><strong>Ayuda a cuidar la piel y la barba<\/strong><\/p>\n<p>El aceite para barba ayuda a hidratar la piel y a cuidar la barba al mismo tiempo. Aporta aceite esencial a la piel y \u00e9ste penetra en los fol\u00edculos pilosos. Cuando los fol\u00edculos est\u00e1n bien hidratados, el pelo no se reseca ni se vuelve quebradizo. La piel hidratada es suave y lisa, y el aceite para barba ayuda a evitar los picores y la descamaci\u00f3n, que pueden causar molestias.<\/p>\n<p>F\u00e1cil de aplicar y s\u00f3lo lleva unos segundos. Aplique unas gotas en la palma de la mano, fr\u00f3tese las manos y p\u00e1sese los dedos por la barba. Si despu\u00e9s se peina, la barba quedar\u00e1 bien cubierta. El aceite para barba se absorber\u00e1 en unos 20-30 minutos y dejar\u00e1 la barba con un bonito brillo.<\/p>\n<p>Con el aceite para barba, tu barba estar\u00e1 brillante, m\u00e1s suave y oler\u00e1 de maravilla. Esto te ayudar\u00e1 a lucir una barba m\u00e1s cuidada con el m\u00ednimo esfuerzo. Si te peinas la barba despu\u00e9s de aplicar el aceite para barba, tendr\u00e1s una barba cuidada y ordenada que se secar\u00e1 lentamente a medida que se absorba el aceite. El aceite para barba puede ayudar a alisar los pelos rebeldes y evitar que la barba parezca descuidada.<\/p>\n<p>PUROS Y NATURALES - 100% aceites naturales y aceites esenciales para mantener la barba y el bigote de cualquier caballero en perfectas condiciones<\/p>\n<p><strong>Por qu\u00e9 elegir Grizzly Adam<\/strong><\/p>\n<p>CUIDA TU PIEL Y TU BARBA - El aceite para barba Grizzly Adam ayuda a hidratar tu piel y a cuidar tu barba al mismo tiempo. Proporciona aceite esencial a la piel y \u00e9ste penetra en los fol\u00edculos pilosos. Cuando los fol\u00edculos est\u00e1n bien hidratados, el pelo no se reseca ni se vuelve quebradizo. La piel hidratada es suave y lisa, y el aceite para barba ayuda a evitar los picores y la descamaci\u00f3n, que pueden causar molestias.<br \/>\n100% SATISFACCI\u00d3N GARANTIZADA: Su satisfacci\u00f3n es muy importante. Si no est\u00e1 completamente satisfecho con su compra, no dude en devolver el ACEITE PARA BARBA Grizzly Adam para obtener un reembolso completo y r\u00e1pido.<\/p>","protected":false},"excerpt":{"rendered":"<ul class=\"a-vertical a-spacing-none\">\n<li><span class=\"a-list-item\"> PREMIUM BEARD OIL - Mantenga su barba sana, cuidada y domada de forma natural. Hidrata el pelo y la piel de la barba, elimina el picor y la caspa (barba-caspa) para una barba besable y respetable. Util\u00edcelo a diario para obtener el mejor efecto barba.<\/span><\/li>\n<li><span class=\"a-list-item\"> BOTELLA DE VIAJE DE 30 ml - Con el tama\u00f1o perfecto para el gimnasio, un fin de semana fuera o unas vacaciones lejanas, el aceite para barba Grizzly Adam de 30 ml tiene una botella ligera con una bomba f\u00e1cil de controlar que garantiza la cantidad perfecta cada vez.<\/span><\/li>\n<li><span class=\"a-list-item\"> BRILLO SALUDABLE - Fortalece el cabello desde la ra\u00edz y nutre en profundidad, rejuveneciendo el cabello y los fol\u00edculos pilosos proporcionando un brillo saludable natural.<\/span><\/li>\n<\/ul>","protected":false},"featured_media":6589,"comment_status":"open","ping_status":"closed","template":"","meta":[],"product_brand":[],"product_cat":[250,65],"product_tag":[66],"class_list":{"0":"post-2247","1":"product","2":"type-product","3":"status-publish","4":"has-post-thumbnail","6":"product_cat-beard-growth","7":"product_cat-beard-oil","8":"product_tag-beard-oil","10":"first","11":"instock","12":"taxable","13":"shipping-taxable","14":"purchasable","15":"product-type-simple"},"yoast_head":"<!-- This site is optimized with the Yoast SEO plugin v27.4 - https:\/\/yoast.com\/product\/yoast-seo-wordpress\/ -->\n<title>Beard Oil | Cedar &amp; Lime | 100% Natural | Moisturizes Beard Hair and Skin, Eliminates Itching and Dandruff - Grizzly Adam<\/title>\n<meta name=\"robots\" content=\"index, follow, max-snippet:-1, max-image-preview:large, max-video-preview:-1\" \/>\n<link rel=\"canonical\" href=\"https:\/\/grizzlyadam.co.uk\/es\/producto\/beard-oil-cedar-lime-100-natural-moisturizes-beard-hair-and-skin-eliminates-itching-and-dandruff\/\" \/>\n<meta property=\"og:locale\" content=\"es_ES\" \/>\n<meta property=\"og:type\" content=\"article\" \/>\n<meta property=\"og:title\" content=\"Beard Oil | Cedar &amp; Lime | 100% Natural | Moisturizes Beard Hair and Skin, Eliminates Itching and Dandruff - Grizzly Adam\" \/>\n<meta property=\"og:description\" content=\"PREMIUM BEARD OIL - Keep Your Beard Healthy, Groomed and Tamed Naturally. Moisturizes Beard Hair and Skin, Eliminates Itching and Dandruff (Beard-druff) for a kissable and respectable beard. Use daily for the best beard effect.   TRAVEL SIZE 30ML BOTTLE - Perfectly sized for the gym, a weekend away or faraway holidays, Grizzly Adam Beard Oil 30ml Travel Size features a lightweight bottle with an easy to control pump that ensures you get the perfect amount every time.   HEALTHY SHINE - Strengthens the hair from the root and gives deep nourishment, rejuvenating the hair and hair follicles providing a natural healthy shine.\" \/>\n<meta property=\"og:url\" content=\"https:\/\/grizzlyadam.co.uk\/es\/producto\/beard-oil-cedar-lime-100-natural-moisturizes-beard-hair-and-skin-eliminates-itching-and-dandruff\/\" \/>\n<meta property=\"og:site_name\" content=\"Grizzly Adam\" \/>\n<meta property=\"article:publisher\" content=\"https:\/\/www.facebook.com\/grizzlyadamuk\" \/>\n<meta property=\"article:modified_time\" content=\"2021-08-21T08:42:31+00:00\" \/>\n<meta property=\"og:image\" content=\"https:\/\/project1-mke5mv4jgx.live-website.com\/wp-content\/uploads\/2017\/08\/597c472fa58437.51313030.jpg\" \/>\n\t<meta property=\"og:image:width\" content=\"750\" \/>\n\t<meta property=\"og:image:height\" content=\"750\" \/>\n\t<meta property=\"og:image:type\" content=\"image\/jpeg\" \/>\n<meta name=\"twitter:card\" content=\"summary_large_image\" \/>\n<meta name=\"twitter:site\" content=\"@grizzlyadamuk\" \/>\n<meta name=\"twitter:label1\" content=\"Tiempo de lectura\" \/>\n\t<meta name=\"twitter:data1\" content=\"3 minutos\" \/>\n<script type=\"application\/ld+json\" class=\"yoast-schema-graph\">{\"@context\":\"https:\\\/\\\/schema.org\",\"@graph\":[{\"@type\":\"WebPage\",\"@id\":\"https:\\\/\\\/grizzlyadam.co.uk\\\/product\\\/beard-oil-cedar-lime-100-natural-moisturizes-beard-hair-and-skin-eliminates-itching-and-dandruff\\\/\",\"url\":\"https:\\\/\\\/grizzlyadam.co.uk\\\/product\\\/beard-oil-cedar-lime-100-natural-moisturizes-beard-hair-and-skin-eliminates-itching-and-dandruff\\\/\",\"name\":\"Beard Oil | Cedar & Lime | 100% Natural | Moisturizes Beard Hair and Skin, Eliminates Itching and Dandruff - Grizzly Adam\",\"isPartOf\":{\"@id\":\"https:\\\/\\\/project1-mke5mv4jgx.live-website.com\\\/#website\"},\"primaryImageOfPage\":{\"@id\":\"https:\\\/\\\/grizzlyadam.co.uk\\\/product\\\/beard-oil-cedar-lime-100-natural-moisturizes-beard-hair-and-skin-eliminates-itching-and-dandruff\\\/#primaryimage\"},\"image\":{\"@id\":\"https:\\\/\\\/grizzlyadam.co.uk\\\/product\\\/beard-oil-cedar-lime-100-natural-moisturizes-beard-hair-and-skin-eliminates-itching-and-dandruff\\\/#primaryimage\"},\"thumbnailUrl\":\"https:\\\/\\\/grizzlyadam.co.uk\\\/wp-content\\\/uploads\\\/2017\\\/08\\\/597c472fa58437.51313030.jpg\",\"datePublished\":\"2017-02-19T15:55:00+00:00\",\"dateModified\":\"2021-08-21T08:42:31+00:00\",\"breadcrumb\":{\"@id\":\"https:\\\/\\\/grizzlyadam.co.uk\\\/product\\\/beard-oil-cedar-lime-100-natural-moisturizes-beard-hair-and-skin-eliminates-itching-and-dandruff\\\/#breadcrumb\"},\"inLanguage\":\"es\",\"potentialAction\":[{\"@type\":\"ReadAction\",\"target\":[\"https:\\\/\\\/grizzlyadam.co.uk\\\/product\\\/beard-oil-cedar-lime-100-natural-moisturizes-beard-hair-and-skin-eliminates-itching-and-dandruff\\\/\"]}]},{\"@type\":\"ImageObject\",\"inLanguage\":\"es\",\"@id\":\"https:\\\/\\\/grizzlyadam.co.uk\\\/product\\\/beard-oil-cedar-lime-100-natural-moisturizes-beard-hair-and-skin-eliminates-itching-and-dandruff\\\/#primaryimage\",\"url\":\"https:\\\/\\\/grizzlyadam.co.uk\\\/wp-content\\\/uploads\\\/2017\\\/08\\\/597c472fa58437.51313030.jpg\",\"contentUrl\":\"https:\\\/\\\/grizzlyadam.co.uk\\\/wp-content\\\/uploads\\\/2017\\\/08\\\/597c472fa58437.51313030.jpg\",\"width\":750,\"height\":750},{\"@type\":\"BreadcrumbList\",\"@id\":\"https:\\\/\\\/grizzlyadam.co.uk\\\/product\\\/beard-oil-cedar-lime-100-natural-moisturizes-beard-hair-and-skin-eliminates-itching-and-dandruff\\\/#breadcrumb\",\"itemListElement\":[{\"@type\":\"ListItem\",\"position\":1,\"name\":\"Home\",\"item\":\"https:\\\/\\\/grizzlyadam.co.uk\\\/\"},{\"@type\":\"ListItem\",\"position\":2,\"name\":\"Shop\",\"item\":\"https:\\\/\\\/project1-mke5mv4jgx.live-website.com\\\/shop\\\/\"},{\"@type\":\"ListItem\",\"position\":3,\"name\":\"Beard Oil | Cedar &#038; Lime | 100% Natural | Moisturizes Beard Hair and Skin, Eliminates Itching and Dandruff\"}]},{\"@type\":\"WebSite\",\"@id\":\"https:\\\/\\\/project1-mke5mv4jgx.live-website.com\\\/#website\",\"url\":\"https:\\\/\\\/project1-mke5mv4jgx.live-website.com\\\/\",\"name\":\"Grizzly Adam\",\"description\":\"Beard Oil And Grooming Products For Gentlemen\",\"publisher\":{\"@id\":\"https:\\\/\\\/project1-mke5mv4jgx.live-website.com\\\/#organization\"},\"potentialAction\":[{\"@type\":\"SearchAction\",\"target\":{\"@type\":\"EntryPoint\",\"urlTemplate\":\"https:\\\/\\\/project1-mke5mv4jgx.live-website.com\\\/?s={search_term_string}\"},\"query-input\":{\"@type\":\"PropertyValueSpecification\",\"valueRequired\":true,\"valueName\":\"search_term_string\"}}],\"inLanguage\":\"es\"},{\"@type\":\"Organization\",\"@id\":\"https:\\\/\\\/project1-mke5mv4jgx.live-website.com\\\/#organization\",\"name\":\"GRIZZLY ADAM\",\"url\":\"https:\\\/\\\/project1-mke5mv4jgx.live-website.com\\\/\",\"logo\":{\"@type\":\"ImageObject\",\"inLanguage\":\"es\",\"@id\":\"https:\\\/\\\/project1-mke5mv4jgx.live-website.com\\\/#\\\/schema\\\/logo\\\/image\\\/\",\"url\":\"https:\\\/\\\/grizzlyadam.co.uk\\\/wp-content\\\/uploads\\\/2019\\\/11\\\/gadamlogo.png\",\"contentUrl\":\"https:\\\/\\\/grizzlyadam.co.uk\\\/wp-content\\\/uploads\\\/2019\\\/11\\\/gadamlogo.png\",\"width\":\"200\",\"height\":\"200\",\"caption\":\"GRIZZLY ADAM\"},\"image\":{\"@id\":\"https:\\\/\\\/project1-mke5mv4jgx.live-website.com\\\/#\\\/schema\\\/logo\\\/image\\\/\"},\"sameAs\":[\"https:\\\/\\\/www.facebook.com\\\/grizzlyadamuk\",\"https:\\\/\\\/x.com\\\/grizzlyadamuk\",\"https:\\\/\\\/www.instagram.com\\\/grizzlyadamuk\\\/\"]}]}<\/script>\n<!-- \/ Yoast SEO plugin. -->","yoast_head_json":{"title":"Beard Oil | Cedar & Lime | 100% Natural | Moisturizes Beard Hair and Skin, Eliminates Itching and Dandruff - Grizzly Adam","robots":{"index":"index","follow":"follow","max-snippet":"max-snippet:-1","max-image-preview":"max-image-preview:large","max-video-preview":"max-video-preview:-1"},"canonical":"https:\/\/grizzlyadam.co.uk\/es\/producto\/beard-oil-cedar-lime-100-natural-moisturizes-beard-hair-and-skin-eliminates-itching-and-dandruff\/","og_locale":"es_ES","og_type":"article","og_title":"Beard Oil | Cedar & Lime | 100% Natural | Moisturizes Beard Hair and Skin, Eliminates Itching and Dandruff - Grizzly Adam","og_description":"PREMIUM BEARD OIL - Keep Your Beard Healthy, Groomed and Tamed Naturally. Moisturizes Beard Hair and Skin, Eliminates Itching and Dandruff (Beard-druff) for a kissable and respectable beard. Use daily for the best beard effect.   TRAVEL SIZE 30ML BOTTLE - Perfectly sized for the gym, a weekend away or faraway holidays, Grizzly Adam Beard Oil 30ml Travel Size features a lightweight bottle with an easy to control pump that ensures you get the perfect amount every time.   HEALTHY SHINE - Strengthens the hair from the root and gives deep nourishment, rejuvenating the hair and hair follicles providing a natural healthy shine.","og_url":"https:\/\/grizzlyadam.co.uk\/es\/producto\/beard-oil-cedar-lime-100-natural-moisturizes-beard-hair-and-skin-eliminates-itching-and-dandruff\/","og_site_name":"Grizzly Adam","article_publisher":"https:\/\/www.facebook.com\/grizzlyadamuk","article_modified_time":"2021-08-21T08:42:31+00:00","og_image":[{"width":750,"height":750,"url":"https:\/\/project1-mke5mv4jgx.live-website.com\/wp-content\/uploads\/2017\/08\/597c472fa58437.51313030.jpg","type":"image\/jpeg"}],"twitter_card":"summary_large_image","twitter_site":"@grizzlyadamuk","twitter_misc":{"Tiempo de lectura":"3 minutos"},"schema":{"@context":"https:\/\/schema.org","@graph":[{"@type":"WebPage","@id":"https:\/\/grizzlyadam.co.uk\/product\/beard-oil-cedar-lime-100-natural-moisturizes-beard-hair-and-skin-eliminates-itching-and-dandruff\/","url":"https:\/\/grizzlyadam.co.uk\/product\/beard-oil-cedar-lime-100-natural-moisturizes-beard-hair-and-skin-eliminates-itching-and-dandruff\/","name":"Beard Oil | Cedar & Lime | 100% Natural | Moisturizes Beard Hair and Skin, Eliminates Itching and Dandruff - Grizzly Adam","isPartOf":{"@id":"https:\/\/project1-mke5mv4jgx.live-website.com\/#website"},"primaryImageOfPage":{"@id":"https:\/\/grizzlyadam.co.uk\/product\/beard-oil-cedar-lime-100-natural-moisturizes-beard-hair-and-skin-eliminates-itching-and-dandruff\/#primaryimage"},"image":{"@id":"https:\/\/grizzlyadam.co.uk\/product\/beard-oil-cedar-lime-100-natural-moisturizes-beard-hair-and-skin-eliminates-itching-and-dandruff\/#primaryimage"},"thumbnailUrl":"https:\/\/grizzlyadam.co.uk\/wp-content\/uploads\/2017\/08\/597c472fa58437.51313030.jpg","datePublished":"2017-02-19T15:55:00+00:00","dateModified":"2021-08-21T08:42:31+00:00","breadcrumb":{"@id":"https:\/\/grizzlyadam.co.uk\/product\/beard-oil-cedar-lime-100-natural-moisturizes-beard-hair-and-skin-eliminates-itching-and-dandruff\/#breadcrumb"},"inLanguage":"es","potentialAction":[{"@type":"ReadAction","target":["https:\/\/grizzlyadam.co.uk\/product\/beard-oil-cedar-lime-100-natural-moisturizes-beard-hair-and-skin-eliminates-itching-and-dandruff\/"]}]},{"@type":"ImageObject","inLanguage":"es","@id":"https:\/\/grizzlyadam.co.uk\/product\/beard-oil-cedar-lime-100-natural-moisturizes-beard-hair-and-skin-eliminates-itching-and-dandruff\/#primaryimage","url":"https:\/\/grizzlyadam.co.uk\/wp-content\/uploads\/2017\/08\/597c472fa58437.51313030.jpg","contentUrl":"https:\/\/grizzlyadam.co.uk\/wp-content\/uploads\/2017\/08\/597c472fa58437.51313030.jpg","width":750,"height":750},{"@type":"BreadcrumbList","@id":"https:\/\/grizzlyadam.co.uk\/product\/beard-oil-cedar-lime-100-natural-moisturizes-beard-hair-and-skin-eliminates-itching-and-dandruff\/#breadcrumb","itemListElement":[{"@type":"ListItem","position":1,"name":"Home","item":"https:\/\/grizzlyadam.co.uk\/"},{"@type":"ListItem","position":2,"name":"Shop","item":"https:\/\/project1-mke5mv4jgx.live-website.com\/shop\/"},{"@type":"ListItem","position":3,"name":"Beard Oil | Cedar &#038; Lime | 100% Natural | Moisturizes Beard Hair and Skin, Eliminates Itching and Dandruff"}]},{"@type":"WebSite","@id":"https:\/\/project1-mke5mv4jgx.live-website.com\/#website","url":"https:\/\/project1-mke5mv4jgx.live-website.com\/","name":"Grizzly Adam","description":"Aceite para barba y productos de aseo para caballeros","publisher":{"@id":"https:\/\/project1-mke5mv4jgx.live-website.com\/#organization"},"potentialAction":[{"@type":"SearchAction","target":{"@type":"EntryPoint","urlTemplate":"https:\/\/project1-mke5mv4jgx.live-website.com\/?s={search_term_string}"},"query-input":{"@type":"PropertyValueSpecification","valueRequired":true,"valueName":"search_term_string"}}],"inLanguage":"es"},{"@type":"Organization","@id":"https:\/\/project1-mke5mv4jgx.live-website.com\/#organization","name":"GRIZZLY ADAM","url":"https:\/\/project1-mke5mv4jgx.live-website.com\/","logo":{"@type":"ImageObject","inLanguage":"es","@id":"https:\/\/project1-mke5mv4jgx.live-website.com\/#\/schema\/logo\/image\/","url":"https:\/\/grizzlyadam.co.uk\/wp-content\/uploads\/2019\/11\/gadamlogo.png","contentUrl":"https:\/\/grizzlyadam.co.uk\/wp-content\/uploads\/2019\/11\/gadamlogo.png","width":"200","height":"200","caption":"GRIZZLY ADAM"},"image":{"@id":"https:\/\/project1-mke5mv4jgx.live-website.com\/#\/schema\/logo\/image\/"},"sameAs":["https:\/\/www.facebook.com\/grizzlyadamuk","https:\/\/x.com\/grizzlyadamuk","https:\/\/www.instagram.com\/grizzlyadamuk\/"]}]}},"df_price":14.99,"df_sale_price":"","df_regular_price":14.99,"df_image_link":"https:\/\/grizzlyadam.co.uk\/wp-content\/uploads\/2017\/08\/597c472fa58437.51313030-300x300.jpg","_links":{"self":[{"href":"https:\/\/grizzlyadam.co.uk\/es\/wp-json\/wp\/v2\/product\/2247","targetHints":{"allow":["GET"]}}],"collection":[{"href":"https:\/\/grizzlyadam.co.uk\/es\/wp-json\/wp\/v2\/product"}],"about":[{"href":"https:\/\/grizzlyadam.co.uk\/es\/wp-json\/wp\/v2\/types\/product"}],"replies":[{"embeddable":true,"href":"https:\/\/grizzlyadam.co.uk\/es\/wp-json\/wp\/v2\/comments?post=2247"}],"wp:featuredmedia":[{"embeddable":true,"href":"https:\/\/grizzlyadam.co.uk\/es\/wp-json\/wp\/v2\/media\/6589"}],"wp:attachment":[{"href":"https:\/\/grizzlyadam.co.uk\/es\/wp-json\/wp\/v2\/media?parent=2247"}],"wp:term":[{"taxonomy":"product_brand","embeddable":true,"href":"https:\/\/grizzlyadam.co.uk\/es\/wp-json\/wp\/v2\/product_brand?post=2247"},{"taxonomy":"product_cat","embeddable":true,"href":"https:\/\/grizzlyadam.co.uk\/es\/wp-json\/wp\/v2\/product_cat?post=2247"},{"taxonomy":"product_tag","embeddable":true,"href":"https:\/\/grizzlyadam.co.uk\/es\/wp-json\/wp\/v2\/product_tag?post=2247"}],"curies":[{"name":"wp","href":"https:\/\/api.w.org\/{rel}","templated":true}]}}