{"id":2242,"date":"2017-02-19T15:54:57","date_gmt":"2017-02-19T15:54:57","guid":{"rendered":"https:\/\/grizzlyadam.co.uk\/product\/glitter-beard-kit\/"},"modified":"2020-06-20T09:50:49","modified_gmt":"2020-06-20T08:50:49","slug":"glitter-beard-kit","status":"publish","type":"product","link":"https:\/\/grizzlyadam.co.uk\/es\/producto\/glitter-beard-kit\/","title":{"rendered":"Kit para barba con purpurina"},"content":{"rendered":"<p>Le gusten o las deteste, la barba es el accesorio personal de un hombre para su m\u00e1xima singularidad y cuando tiene los medios para crear la barba de purpurina definitiva, entonces tiene la herramienta perfecta para deslumbrar y brillar en m\u00e1s facetas de las que podr\u00eda imaginar.<\/p>\n<p>Personalmente, y es una elecci\u00f3n personal, uno puede crear una presencia magn\u00edfica utilizando su mien para brillar y seducir. Si tienes el coraje de salir y ser diferente, entonces tienes el poder de ser tan \u00fanico como eres y hay varias maneras de ofrecer la barba de purpurina perfecta, la m\u00e1s atractiva.<\/p>\n<p>\u00bfQu\u00e9 es una barba de purpurina?<br \/>\nEs una expresi\u00f3n de individualidad y cualquiera con una barba de buenas proporciones puede obtener una. Empez\u00f3 hace tan solo un par de a\u00f1os, cuando un par de amigos con barba abrieron una p\u00e1gina en Instagram. La pareja de \"Gay Beards\", como se les conoce, tambi\u00e9n tiene nombre. Brian y Johnathan son personas alegres y divertidas a las que les importan un bledo los convencionalismos, y eso se est\u00e1 contagiando a la sociedad. Despu\u00e9s de dejarse crecer la barba, decidieron echarles laca y luego purpurina. Eso fue todo hasta que perfeccionaron su aplicaci\u00f3n.<\/p>","protected":false},"excerpt":{"rendered":"<p>Las \"barbas de purpurina\" se han convertido en algo real, y cada vez m\u00e1s hombres se suben al carro de la purpurina.<br \/>\nYa sea que estos hipsters usen un peque\u00f1o brillo de purpurina, o una extravagancia de mechones multicolores en tu cara, esto es algo que tienes que probar.<\/p>\n<ul class=\"a-vertical a-spacing-none\">\n<li class=\"showHiddenFeatureBullets\"><span class=\"a-list-item\">PONLE VIGOR A TU BARBA CON EL KIT DE BARBA GRIZZLY ADAM GLITTER - Para hombres que quieren darle un toque brillante a su vida, a una fiesta de navidad o a una noche de disfraces<\/span><\/li>\n<li class=\"showHiddenFeatureBullets\"><span class=\"a-list-item\">F\u00c1CIL DE APLICAR - Basta con aplicar el aceite para barba y espolvorear la purpurina.<\/span><\/li>\n<li class=\"showHiddenFeatureBullets\">PARA HOMBRES CON FACIAL FUZZ - No apto para hombres a los que no les crece una barba \u00e9pica<\/li>\n<li class=\"showHiddenFeatureBullets\">CAJA DE REGALO HECHA A MANO - Viene en una caja de regalo hecha a mano con 1 x 30ml de aceite para barba grizzly adam, 3 x botes de purpurina para barba (Rojo, Plata y Oro) y 1 x hoja de instrucciones<\/li>\n<li>Nuevo para 2019 - Ahora incluye un lavado de barba de 30 ml para limpiar el vello facial despu\u00e9s de tu aventura de brillo de barba.<\/li>\n<\/ul>","protected":false},"featured_media":15703,"comment_status":"open","ping_status":"closed","template":"","meta":[],"product_brand":[],"product_cat":[99,90],"product_tag":[],"class_list":{"0":"post-2242","1":"product","2":"type-product","3":"status-publish","4":"has-post-thumbnail","6":"product_cat-beard-fun","7":"product_cat-hair-care","9":"first","10":"instock","11":"taxable","12":"shipping-taxable","13":"purchasable","14":"product-type-simple"},"yoast_head":"<!-- This site is optimized with the Yoast SEO plugin v27.4 - https:\/\/yoast.com\/product\/yoast-seo-wordpress\/ -->\n<title>Glitter Beard Kit - Grizzly Adam<\/title>\n<meta name=\"robots\" content=\"index, follow, max-snippet:-1, max-image-preview:large, max-video-preview:-1\" \/>\n<link rel=\"canonical\" href=\"https:\/\/grizzlyadam.co.uk\/es\/producto\/glitter-beard-kit\/\" \/>\n<meta property=\"og:locale\" content=\"es_ES\" \/>\n<meta property=\"og:type\" content=\"article\" \/>\n<meta property=\"og:title\" content=\"Glitter Beard Kit - Grizzly Adam\" \/>\n<meta property=\"og:description\" content=\"\u201cGlitter Beards\u201d have now become a real thing, and more and more men are jumping on the glitter-wagon. Whether these hipsters use a small glow of glitter, or an in-your-face-extravaganza of multicolored locks,\u00a0this is something you gotta try.   BLING UP YOUR BEARD WITH THE GRIZZLY ADAM GLITTER BEARD KIT - For men who want to sparkle up their life, christmas party or fancy dress night out  EASY TO APPLY - Simply rub the Beard Oil into your beard and sprinkle on the glitter  FOR MEN WITH FACIAL FUZZ - Not suitable for men who can&#039;t grow epic beards  HANDMADE GIFT BOX - Comes in a handmade gift box with 1 x 30ml grizzly adam beard oil, 3 x pots beard glitter (Red, Silver &amp; Gold) and\u00a01 x instruction sheet  New for 2019 - Now includes a 30ml Beard wash to clean facial hair after your beard glitter adventure.\" \/>\n<meta property=\"og:url\" content=\"https:\/\/grizzlyadam.co.uk\/es\/producto\/glitter-beard-kit\/\" \/>\n<meta property=\"og:site_name\" content=\"Grizzly Adam\" \/>\n<meta property=\"article:publisher\" content=\"https:\/\/www.facebook.com\/grizzlyadamuk\" \/>\n<meta property=\"article:modified_time\" content=\"2020-06-20T08:50:49+00:00\" \/>\n<meta property=\"og:image\" content=\"https:\/\/project1-mke5mv4jgx.live-website.com\/wp-content\/uploads\/2017\/02\/IMG_6818_Moment.jpg\" \/>\n\t<meta property=\"og:image:width\" content=\"1080\" \/>\n\t<meta property=\"og:image:height\" content=\"1440\" \/>\n\t<meta property=\"og:image:type\" content=\"image\/jpeg\" \/>\n<meta name=\"twitter:card\" content=\"summary_large_image\" \/>\n<meta name=\"twitter:site\" content=\"@grizzlyadamuk\" \/>\n<meta name=\"twitter:label1\" content=\"Tiempo de lectura\" \/>\n\t<meta name=\"twitter:data1\" content=\"1 minuto\" \/>\n<script type=\"application\/ld+json\" class=\"yoast-schema-graph\">{\"@context\":\"https:\\\/\\\/schema.org\",\"@graph\":[{\"@type\":\"WebPage\",\"@id\":\"https:\\\/\\\/grizzlyadam.co.uk\\\/product\\\/glitter-beard-kit\\\/\",\"url\":\"https:\\\/\\\/grizzlyadam.co.uk\\\/product\\\/glitter-beard-kit\\\/\",\"name\":\"Glitter Beard Kit - Grizzly Adam\",\"isPartOf\":{\"@id\":\"https:\\\/\\\/project1-mke5mv4jgx.live-website.com\\\/#website\"},\"primaryImageOfPage\":{\"@id\":\"https:\\\/\\\/grizzlyadam.co.uk\\\/product\\\/glitter-beard-kit\\\/#primaryimage\"},\"image\":{\"@id\":\"https:\\\/\\\/grizzlyadam.co.uk\\\/product\\\/glitter-beard-kit\\\/#primaryimage\"},\"thumbnailUrl\":\"https:\\\/\\\/grizzlyadam.co.uk\\\/wp-content\\\/uploads\\\/2017\\\/02\\\/IMG_6818_Moment.jpg\",\"datePublished\":\"2017-02-19T15:54:57+00:00\",\"dateModified\":\"2020-06-20T08:50:49+00:00\",\"breadcrumb\":{\"@id\":\"https:\\\/\\\/grizzlyadam.co.uk\\\/product\\\/glitter-beard-kit\\\/#breadcrumb\"},\"inLanguage\":\"es\",\"potentialAction\":[{\"@type\":\"ReadAction\",\"target\":[\"https:\\\/\\\/grizzlyadam.co.uk\\\/product\\\/glitter-beard-kit\\\/\"]}]},{\"@type\":\"ImageObject\",\"inLanguage\":\"es\",\"@id\":\"https:\\\/\\\/grizzlyadam.co.uk\\\/product\\\/glitter-beard-kit\\\/#primaryimage\",\"url\":\"https:\\\/\\\/grizzlyadam.co.uk\\\/wp-content\\\/uploads\\\/2017\\\/02\\\/IMG_6818_Moment.jpg\",\"contentUrl\":\"https:\\\/\\\/grizzlyadam.co.uk\\\/wp-content\\\/uploads\\\/2017\\\/02\\\/IMG_6818_Moment.jpg\",\"width\":1080,\"height\":1440,\"caption\":\"glitter beard\"},{\"@type\":\"BreadcrumbList\",\"@id\":\"https:\\\/\\\/grizzlyadam.co.uk\\\/product\\\/glitter-beard-kit\\\/#breadcrumb\",\"itemListElement\":[{\"@type\":\"ListItem\",\"position\":1,\"name\":\"Home\",\"item\":\"https:\\\/\\\/grizzlyadam.co.uk\\\/\"},{\"@type\":\"ListItem\",\"position\":2,\"name\":\"Shop\",\"item\":\"https:\\\/\\\/project1-mke5mv4jgx.live-website.com\\\/shop\\\/\"},{\"@type\":\"ListItem\",\"position\":3,\"name\":\"Glitter Beard Kit\"}]},{\"@type\":\"WebSite\",\"@id\":\"https:\\\/\\\/project1-mke5mv4jgx.live-website.com\\\/#website\",\"url\":\"https:\\\/\\\/project1-mke5mv4jgx.live-website.com\\\/\",\"name\":\"Grizzly Adam\",\"description\":\"Beard Oil And Grooming Products For Gentlemen\",\"publisher\":{\"@id\":\"https:\\\/\\\/project1-mke5mv4jgx.live-website.com\\\/#organization\"},\"potentialAction\":[{\"@type\":\"SearchAction\",\"target\":{\"@type\":\"EntryPoint\",\"urlTemplate\":\"https:\\\/\\\/project1-mke5mv4jgx.live-website.com\\\/?s={search_term_string}\"},\"query-input\":{\"@type\":\"PropertyValueSpecification\",\"valueRequired\":true,\"valueName\":\"search_term_string\"}}],\"inLanguage\":\"es\"},{\"@type\":\"Organization\",\"@id\":\"https:\\\/\\\/project1-mke5mv4jgx.live-website.com\\\/#organization\",\"name\":\"GRIZZLY ADAM\",\"url\":\"https:\\\/\\\/project1-mke5mv4jgx.live-website.com\\\/\",\"logo\":{\"@type\":\"ImageObject\",\"inLanguage\":\"es\",\"@id\":\"https:\\\/\\\/project1-mke5mv4jgx.live-website.com\\\/#\\\/schema\\\/logo\\\/image\\\/\",\"url\":\"https:\\\/\\\/grizzlyadam.co.uk\\\/wp-content\\\/uploads\\\/2019\\\/11\\\/gadamlogo.png\",\"contentUrl\":\"https:\\\/\\\/grizzlyadam.co.uk\\\/wp-content\\\/uploads\\\/2019\\\/11\\\/gadamlogo.png\",\"width\":\"200\",\"height\":\"200\",\"caption\":\"GRIZZLY ADAM\"},\"image\":{\"@id\":\"https:\\\/\\\/project1-mke5mv4jgx.live-website.com\\\/#\\\/schema\\\/logo\\\/image\\\/\"},\"sameAs\":[\"https:\\\/\\\/www.facebook.com\\\/grizzlyadamuk\",\"https:\\\/\\\/x.com\\\/grizzlyadamuk\",\"https:\\\/\\\/www.instagram.com\\\/grizzlyadamuk\\\/\"]}]}<\/script>\n<!-- \/ Yoast SEO plugin. -->","yoast_head_json":{"title":"Glitter Beard Kit - Grizzly Adam","robots":{"index":"index","follow":"follow","max-snippet":"max-snippet:-1","max-image-preview":"max-image-preview:large","max-video-preview":"max-video-preview:-1"},"canonical":"https:\/\/grizzlyadam.co.uk\/es\/producto\/glitter-beard-kit\/","og_locale":"es_ES","og_type":"article","og_title":"Glitter Beard Kit - Grizzly Adam","og_description":"\u201cGlitter Beards\u201d have now become a real thing, and more and more men are jumping on the glitter-wagon. Whether these hipsters use a small glow of glitter, or an in-your-face-extravaganza of multicolored locks,\u00a0this is something you gotta try.   BLING UP YOUR BEARD WITH THE GRIZZLY ADAM GLITTER BEARD KIT - For men who want to sparkle up their life, christmas party or fancy dress night out  EASY TO APPLY - Simply rub the Beard Oil into your beard and sprinkle on the glitter  FOR MEN WITH FACIAL FUZZ - Not suitable for men who can't grow epic beards  HANDMADE GIFT BOX - Comes in a handmade gift box with 1 x 30ml grizzly adam beard oil, 3 x pots beard glitter (Red, Silver &amp; Gold) and\u00a01 x instruction sheet  New for 2019 - Now includes a 30ml Beard wash to clean facial hair after your beard glitter adventure.","og_url":"https:\/\/grizzlyadam.co.uk\/es\/producto\/glitter-beard-kit\/","og_site_name":"Grizzly Adam","article_publisher":"https:\/\/www.facebook.com\/grizzlyadamuk","article_modified_time":"2020-06-20T08:50:49+00:00","og_image":[{"width":1080,"height":1440,"url":"https:\/\/project1-mke5mv4jgx.live-website.com\/wp-content\/uploads\/2017\/02\/IMG_6818_Moment.jpg","type":"image\/jpeg"}],"twitter_card":"summary_large_image","twitter_site":"@grizzlyadamuk","twitter_misc":{"Tiempo de lectura":"1 minuto"},"schema":{"@context":"https:\/\/schema.org","@graph":[{"@type":"WebPage","@id":"https:\/\/grizzlyadam.co.uk\/product\/glitter-beard-kit\/","url":"https:\/\/grizzlyadam.co.uk\/product\/glitter-beard-kit\/","name":"Glitter Beard Kit - Grizzly Adam","isPartOf":{"@id":"https:\/\/project1-mke5mv4jgx.live-website.com\/#website"},"primaryImageOfPage":{"@id":"https:\/\/grizzlyadam.co.uk\/product\/glitter-beard-kit\/#primaryimage"},"image":{"@id":"https:\/\/grizzlyadam.co.uk\/product\/glitter-beard-kit\/#primaryimage"},"thumbnailUrl":"https:\/\/grizzlyadam.co.uk\/wp-content\/uploads\/2017\/02\/IMG_6818_Moment.jpg","datePublished":"2017-02-19T15:54:57+00:00","dateModified":"2020-06-20T08:50:49+00:00","breadcrumb":{"@id":"https:\/\/grizzlyadam.co.uk\/product\/glitter-beard-kit\/#breadcrumb"},"inLanguage":"es","potentialAction":[{"@type":"ReadAction","target":["https:\/\/grizzlyadam.co.uk\/product\/glitter-beard-kit\/"]}]},{"@type":"ImageObject","inLanguage":"es","@id":"https:\/\/grizzlyadam.co.uk\/product\/glitter-beard-kit\/#primaryimage","url":"https:\/\/grizzlyadam.co.uk\/wp-content\/uploads\/2017\/02\/IMG_6818_Moment.jpg","contentUrl":"https:\/\/grizzlyadam.co.uk\/wp-content\/uploads\/2017\/02\/IMG_6818_Moment.jpg","width":1080,"height":1440,"caption":"glitter beard"},{"@type":"BreadcrumbList","@id":"https:\/\/grizzlyadam.co.uk\/product\/glitter-beard-kit\/#breadcrumb","itemListElement":[{"@type":"ListItem","position":1,"name":"Home","item":"https:\/\/grizzlyadam.co.uk\/"},{"@type":"ListItem","position":2,"name":"Shop","item":"https:\/\/project1-mke5mv4jgx.live-website.com\/shop\/"},{"@type":"ListItem","position":3,"name":"Glitter Beard Kit"}]},{"@type":"WebSite","@id":"https:\/\/project1-mke5mv4jgx.live-website.com\/#website","url":"https:\/\/project1-mke5mv4jgx.live-website.com\/","name":"Grizzly Adam","description":"Aceite para barba y productos de aseo para caballeros","publisher":{"@id":"https:\/\/project1-mke5mv4jgx.live-website.com\/#organization"},"potentialAction":[{"@type":"SearchAction","target":{"@type":"EntryPoint","urlTemplate":"https:\/\/project1-mke5mv4jgx.live-website.com\/?s={search_term_string}"},"query-input":{"@type":"PropertyValueSpecification","valueRequired":true,"valueName":"search_term_string"}}],"inLanguage":"es"},{"@type":"Organization","@id":"https:\/\/project1-mke5mv4jgx.live-website.com\/#organization","name":"GRIZZLY ADAM","url":"https:\/\/project1-mke5mv4jgx.live-website.com\/","logo":{"@type":"ImageObject","inLanguage":"es","@id":"https:\/\/project1-mke5mv4jgx.live-website.com\/#\/schema\/logo\/image\/","url":"https:\/\/grizzlyadam.co.uk\/wp-content\/uploads\/2019\/11\/gadamlogo.png","contentUrl":"https:\/\/grizzlyadam.co.uk\/wp-content\/uploads\/2019\/11\/gadamlogo.png","width":"200","height":"200","caption":"GRIZZLY ADAM"},"image":{"@id":"https:\/\/project1-mke5mv4jgx.live-website.com\/#\/schema\/logo\/image\/"},"sameAs":["https:\/\/www.facebook.com\/grizzlyadamuk","https:\/\/x.com\/grizzlyadamuk","https:\/\/www.instagram.com\/grizzlyadamuk\/"]}]}},"df_price":24.99,"df_sale_price":"","df_regular_price":24.99,"df_image_link":"https:\/\/grizzlyadam.co.uk\/wp-content\/uploads\/2017\/02\/IMG_6818_Moment-225x300.jpg","_links":{"self":[{"href":"https:\/\/grizzlyadam.co.uk\/es\/wp-json\/wp\/v2\/product\/2242","targetHints":{"allow":["GET"]}}],"collection":[{"href":"https:\/\/grizzlyadam.co.uk\/es\/wp-json\/wp\/v2\/product"}],"about":[{"href":"https:\/\/grizzlyadam.co.uk\/es\/wp-json\/wp\/v2\/types\/product"}],"replies":[{"embeddable":true,"href":"https:\/\/grizzlyadam.co.uk\/es\/wp-json\/wp\/v2\/comments?post=2242"}],"wp:featuredmedia":[{"embeddable":true,"href":"https:\/\/grizzlyadam.co.uk\/es\/wp-json\/wp\/v2\/media\/15703"}],"wp:attachment":[{"href":"https:\/\/grizzlyadam.co.uk\/es\/wp-json\/wp\/v2\/media?parent=2242"}],"wp:term":[{"taxonomy":"product_brand","embeddable":true,"href":"https:\/\/grizzlyadam.co.uk\/es\/wp-json\/wp\/v2\/product_brand?post=2242"},{"taxonomy":"product_cat","embeddable":true,"href":"https:\/\/grizzlyadam.co.uk\/es\/wp-json\/wp\/v2\/product_cat?post=2242"},{"taxonomy":"product_tag","embeddable":true,"href":"https:\/\/grizzlyadam.co.uk\/es\/wp-json\/wp\/v2\/product_tag?post=2242"}],"curies":[{"name":"wp","href":"https:\/\/api.w.org\/{rel}","templated":true}]}}