{"id":2234,"date":"2017-02-19T15:54:50","date_gmt":"2017-02-19T15:54:50","guid":{"rendered":"https:\/\/grizzlyadam.co.uk\/product\/grizzly-adam-hard-clay\/"},"modified":"2020-11-04T17:53:58","modified_gmt":"2020-11-04T17:53:58","slug":"grizzly-adam-hard-clay","status":"publish","type":"product","link":"https:\/\/grizzlyadam.co.uk\/es\/producto\/grizzly-adam-hard-clay\/","title":{"rendered":"Grizzly Adam Arcilla dura"},"content":{"rendered":"<h2>Arcilla a base de cera que da un acabado de fijaci\u00f3n fuerte, poco brillo, a\u00f1ade grosor, textura y dimensi\u00f3n al cabello de hombres y ni\u00f1os. Mantiene el cabello en su sitio durante todo el d\u00eda.<\/h2>\n<p>&nbsp;<\/p>\n<p><b> \u00bfPor qu\u00e9 elegir la arcilla dura Grizzly Adam?<\/b><\/p>\n<p>La arcilla Grizzly Adam tiene un gran poder de retenci\u00f3n. Da separaci\u00f3n y volumen, y es muy moldeable. Si tienes el pelo m\u00e1s corto y te gustar\u00eda tener algunas puntas, pero no quieres usar el pol\u00edmero de la era espacial, entonces la arcilla es el producto perfecto para ti.<br \/>\nEso s\u00ed, no es lo suficientemente r\u00edgido como para sujetar p\u00faas para cabellos largos. Tambi\u00e9n es mate con poco brillo. No est\u00e1 pensada para un peinado liso. M\u00e1s bien, te permite conseguir un look intencionadamente despeinado o algo un poco atrevido.<\/p>\n<p><b>CUIDADO CAPILAR DE LUJO EN SU M\u00c1XIMA EXPRESI\u00d3N<\/b>.<\/p>\n<p>Esta arcilla dura de Grizzly Adam contiene ingredientes naturales como la arcilla y la cera de abejas, y su f\u00f3rmula \u00fanica crea una fijaci\u00f3n fuerte y flexible. Enriquecido con extractos naturales para ayudar a que el cabello se sienta m\u00e1s grueso con m\u00e1s cuerpo y textura, esta cera flexible separa, define y moldea estilos.. Proporciona flexibilidad con los peinados y mantiene en su sitio incluso los dise\u00f1os capilares m\u00e1s agresivos y aguanta el ajetreo del d\u00eda.<br \/>\nTu pelo nunca tendr\u00e1 mejor aspecto durante todo el d\u00eda.<\/p>","protected":false},"excerpt":{"rendered":"<div id=\"featurebullets_feature_div\" class=\"feature\" data-feature-name=\"featurebullets\">\n<div id=\"feature-bullets\" class=\"a-section a-spacing-medium a-spacing-top-small\">\n<ul class=\"a-vertical a-spacing-none\">\n<li><span class=\"a-list-item\"> Si necesitas fijar tu cabello (fijar y olvidar), opta por esta arcilla dura de alta fijaci\u00f3n de Grizzly Adam<\/span><\/li>\n<li><span class=\"a-list-item\"> Esta exclusiva arcilla a base de cera a\u00f1ade textura y crea una fuerte definici\u00f3n con un acabado mate para un look arreglado o desali\u00f1ado.<\/span><\/li>\n<li><span class=\"a-list-item\"> Proporciona flexibilidad con todos los estilos y mantiene en su sitio incluso los dise\u00f1os m\u00e1s fieros durante todo el d\u00eda. Esta arcilla dura para peinar a\u00f1ade textura y separaci\u00f3n a los peinados largos o cortos. La arcilla a\u00f1ade cuerpo y espesor, haciendo que el cabello se sienta m\u00e1s grueso.<\/span><\/li>\n<li><span class=\"a-list-item\"> F\u00f3rmula ligera que se absorbe r\u00e1pidamente. Su cabello nunca tendr\u00e1 mejor aspecto.<\/span><\/li>\n<li><span class=\"a-list-item\"> 100% SATISFACCI\u00d3N GARANTIZADA: Su satisfacci\u00f3n es muy importante. Si no est\u00e1 completamente satisfecho con su compra no dude en devolver Grizzly Adam Hard Clay para un reembolso completo y r\u00e1pido.<\/span><\/li>\n<\/ul>\n<\/div>\n<\/div>","protected":false},"featured_media":2235,"comment_status":"open","ping_status":"closed","template":"","meta":[],"product_brand":[],"product_cat":[90,177],"product_tag":[91,92,93,94],"class_list":{"0":"post-2234","1":"product","2":"type-product","3":"status-publish","4":"has-post-thumbnail","6":"product_cat-hair-care","7":"product_cat-subscription","8":"product_tag-clay","9":"product_tag-hair-care","10":"product_tag-styling","11":"product_tag-wax","13":"first","14":"instock","15":"taxable","16":"shipping-taxable","17":"purchasable","18":"product-type-simple"},"yoast_head":"<!-- This site is optimized with the Yoast SEO plugin v27.2 - https:\/\/yoast.com\/product\/yoast-seo-wordpress\/ -->\n<title>Grizzly Adam Hard Clay - Grizzly Adam<\/title>\n<meta name=\"robots\" content=\"index, follow, max-snippet:-1, max-image-preview:large, max-video-preview:-1\" \/>\n<link rel=\"canonical\" href=\"https:\/\/grizzlyadam.co.uk\/es\/producto\/grizzly-adam-hard-clay\/\" \/>\n<meta property=\"og:locale\" content=\"es_ES\" \/>\n<meta property=\"og:type\" content=\"article\" \/>\n<meta property=\"og:title\" content=\"Grizzly Adam Hard Clay - Grizzly Adam\" \/>\n<meta property=\"og:description\" content=\"If you need to lock your hair (set and forget), go for this high hold hard clay by Grizzly Adam   This unique wax based clay adds texture and creates strong definition with a matt finish for a groomed or messed up look.   Provides flexibility with all styles and keeps even the fiercest designs in place all day long. This styling hard clay adds texture and separation to long or short styles. Clay adds body and thickness, making hair feel thicker.   Light formula absorbs quickly. Your hair will never look better.   100% SATISFACTION GUARANTEED: Your satisfaction is very important. If you are not completely satisfied with your purchase feel free to return Grizzly Adam Hard Clay for a full and prompt refund.\" \/>\n<meta property=\"og:url\" content=\"https:\/\/grizzlyadam.co.uk\/es\/producto\/grizzly-adam-hard-clay\/\" \/>\n<meta property=\"og:site_name\" content=\"Grizzly Adam\" \/>\n<meta property=\"article:publisher\" content=\"https:\/\/www.facebook.com\/grizzlyadamuk\" \/>\n<meta property=\"article:modified_time\" content=\"2020-11-04T17:53:58+00:00\" \/>\n<meta property=\"og:image\" content=\"https:\/\/project1-mke5mv4jgx.live-website.com\/wp-content\/uploads\/2017\/02\/HardClay1.jpg\" \/>\n\t<meta property=\"og:image:width\" content=\"1000\" \/>\n\t<meta property=\"og:image:height\" content=\"1000\" \/>\n\t<meta property=\"og:image:type\" content=\"image\/jpeg\" \/>\n<meta name=\"twitter:card\" content=\"summary_large_image\" \/>\n<meta name=\"twitter:site\" content=\"@grizzlyadamuk\" \/>\n<meta name=\"twitter:label1\" content=\"Tiempo de lectura\" \/>\n\t<meta name=\"twitter:data1\" content=\"1 minuto\" \/>\n<script type=\"application\/ld+json\" class=\"yoast-schema-graph\">{\"@context\":\"https:\/\/schema.org\",\"@graph\":[{\"@type\":\"WebPage\",\"@id\":\"https:\/\/grizzlyadam.co.uk\/product\/grizzly-adam-hard-clay\/\",\"url\":\"https:\/\/grizzlyadam.co.uk\/product\/grizzly-adam-hard-clay\/\",\"name\":\"Grizzly Adam Hard Clay - Grizzly Adam\",\"isPartOf\":{\"@id\":\"https:\/\/project1-mke5mv4jgx.live-website.com\/#website\"},\"primaryImageOfPage\":{\"@id\":\"https:\/\/grizzlyadam.co.uk\/product\/grizzly-adam-hard-clay\/#primaryimage\"},\"image\":{\"@id\":\"https:\/\/grizzlyadam.co.uk\/product\/grizzly-adam-hard-clay\/#primaryimage\"},\"thumbnailUrl\":\"https:\/\/grizzlyadam.co.uk\/wp-content\/uploads\/2017\/02\/HardClay1.jpg\",\"datePublished\":\"2017-02-19T15:54:50+00:00\",\"dateModified\":\"2020-11-04T17:53:58+00:00\",\"breadcrumb\":{\"@id\":\"https:\/\/grizzlyadam.co.uk\/product\/grizzly-adam-hard-clay\/#breadcrumb\"},\"inLanguage\":\"es\",\"potentialAction\":[{\"@type\":\"ReadAction\",\"target\":[\"https:\/\/grizzlyadam.co.uk\/product\/grizzly-adam-hard-clay\/\"]}]},{\"@type\":\"ImageObject\",\"inLanguage\":\"es\",\"@id\":\"https:\/\/grizzlyadam.co.uk\/product\/grizzly-adam-hard-clay\/#primaryimage\",\"url\":\"https:\/\/grizzlyadam.co.uk\/wp-content\/uploads\/2017\/02\/HardClay1.jpg\",\"contentUrl\":\"https:\/\/grizzlyadam.co.uk\/wp-content\/uploads\/2017\/02\/HardClay1.jpg\",\"width\":1000,\"height\":1000},{\"@type\":\"BreadcrumbList\",\"@id\":\"https:\/\/grizzlyadam.co.uk\/product\/grizzly-adam-hard-clay\/#breadcrumb\",\"itemListElement\":[{\"@type\":\"ListItem\",\"position\":1,\"name\":\"Home\",\"item\":\"https:\/\/grizzlyadam.co.uk\/\"},{\"@type\":\"ListItem\",\"position\":2,\"name\":\"Shop\",\"item\":\"https:\/\/project1-mke5mv4jgx.live-website.com\/shop\/\"},{\"@type\":\"ListItem\",\"position\":3,\"name\":\"Grizzly Adam Hard Clay\"}]},{\"@type\":\"WebSite\",\"@id\":\"https:\/\/project1-mke5mv4jgx.live-website.com\/#website\",\"url\":\"https:\/\/project1-mke5mv4jgx.live-website.com\/\",\"name\":\"Grizzly Adam\",\"description\":\"Beard Oil And Grooming Products For Gentlemen\",\"publisher\":{\"@id\":\"https:\/\/project1-mke5mv4jgx.live-website.com\/#organization\"},\"potentialAction\":[{\"@type\":\"SearchAction\",\"target\":{\"@type\":\"EntryPoint\",\"urlTemplate\":\"https:\/\/project1-mke5mv4jgx.live-website.com\/?s={search_term_string}\"},\"query-input\":{\"@type\":\"PropertyValueSpecification\",\"valueRequired\":true,\"valueName\":\"search_term_string\"}}],\"inLanguage\":\"es\"},{\"@type\":\"Organization\",\"@id\":\"https:\/\/project1-mke5mv4jgx.live-website.com\/#organization\",\"name\":\"GRIZZLY ADAM\",\"url\":\"https:\/\/project1-mke5mv4jgx.live-website.com\/\",\"logo\":{\"@type\":\"ImageObject\",\"inLanguage\":\"es\",\"@id\":\"https:\/\/project1-mke5mv4jgx.live-website.com\/#\/schema\/logo\/image\/\",\"url\":\"https:\/\/grizzlyadam.co.uk\/wp-content\/uploads\/2019\/11\/gadamlogo.png\",\"contentUrl\":\"https:\/\/grizzlyadam.co.uk\/wp-content\/uploads\/2019\/11\/gadamlogo.png\",\"width\":\"200\",\"height\":\"200\",\"caption\":\"GRIZZLY ADAM\"},\"image\":{\"@id\":\"https:\/\/project1-mke5mv4jgx.live-website.com\/#\/schema\/logo\/image\/\"},\"sameAs\":[\"https:\/\/www.facebook.com\/grizzlyadamuk\",\"https:\/\/x.com\/grizzlyadamuk\",\"https:\/\/www.instagram.com\/grizzlyadamuk\/\"]}]}<\/script>\n<!-- \/ Yoast SEO plugin. -->","yoast_head_json":{"title":"Grizzly Adam Hard Clay - Grizzly Adam","robots":{"index":"index","follow":"follow","max-snippet":"max-snippet:-1","max-image-preview":"max-image-preview:large","max-video-preview":"max-video-preview:-1"},"canonical":"https:\/\/grizzlyadam.co.uk\/es\/producto\/grizzly-adam-hard-clay\/","og_locale":"es_ES","og_type":"article","og_title":"Grizzly Adam Hard Clay - Grizzly Adam","og_description":"If you need to lock your hair (set and forget), go for this high hold hard clay by Grizzly Adam   This unique wax based clay adds texture and creates strong definition with a matt finish for a groomed or messed up look.   Provides flexibility with all styles and keeps even the fiercest designs in place all day long. This styling hard clay adds texture and separation to long or short styles. Clay adds body and thickness, making hair feel thicker.   Light formula absorbs quickly. Your hair will never look better.   100% SATISFACTION GUARANTEED: Your satisfaction is very important. If you are not completely satisfied with your purchase feel free to return Grizzly Adam Hard Clay for a full and prompt refund.","og_url":"https:\/\/grizzlyadam.co.uk\/es\/producto\/grizzly-adam-hard-clay\/","og_site_name":"Grizzly Adam","article_publisher":"https:\/\/www.facebook.com\/grizzlyadamuk","article_modified_time":"2020-11-04T17:53:58+00:00","og_image":[{"width":1000,"height":1000,"url":"https:\/\/project1-mke5mv4jgx.live-website.com\/wp-content\/uploads\/2017\/02\/HardClay1.jpg","type":"image\/jpeg"}],"twitter_card":"summary_large_image","twitter_site":"@grizzlyadamuk","twitter_misc":{"Tiempo de lectura":"1 minuto"},"schema":{"@context":"https:\/\/schema.org","@graph":[{"@type":"WebPage","@id":"https:\/\/grizzlyadam.co.uk\/product\/grizzly-adam-hard-clay\/","url":"https:\/\/grizzlyadam.co.uk\/product\/grizzly-adam-hard-clay\/","name":"Grizzly Adam Hard Clay - Grizzly Adam","isPartOf":{"@id":"https:\/\/project1-mke5mv4jgx.live-website.com\/#website"},"primaryImageOfPage":{"@id":"https:\/\/grizzlyadam.co.uk\/product\/grizzly-adam-hard-clay\/#primaryimage"},"image":{"@id":"https:\/\/grizzlyadam.co.uk\/product\/grizzly-adam-hard-clay\/#primaryimage"},"thumbnailUrl":"https:\/\/grizzlyadam.co.uk\/wp-content\/uploads\/2017\/02\/HardClay1.jpg","datePublished":"2017-02-19T15:54:50+00:00","dateModified":"2020-11-04T17:53:58+00:00","breadcrumb":{"@id":"https:\/\/grizzlyadam.co.uk\/product\/grizzly-adam-hard-clay\/#breadcrumb"},"inLanguage":"es","potentialAction":[{"@type":"ReadAction","target":["https:\/\/grizzlyadam.co.uk\/product\/grizzly-adam-hard-clay\/"]}]},{"@type":"ImageObject","inLanguage":"es","@id":"https:\/\/grizzlyadam.co.uk\/product\/grizzly-adam-hard-clay\/#primaryimage","url":"https:\/\/grizzlyadam.co.uk\/wp-content\/uploads\/2017\/02\/HardClay1.jpg","contentUrl":"https:\/\/grizzlyadam.co.uk\/wp-content\/uploads\/2017\/02\/HardClay1.jpg","width":1000,"height":1000},{"@type":"BreadcrumbList","@id":"https:\/\/grizzlyadam.co.uk\/product\/grizzly-adam-hard-clay\/#breadcrumb","itemListElement":[{"@type":"ListItem","position":1,"name":"Home","item":"https:\/\/grizzlyadam.co.uk\/"},{"@type":"ListItem","position":2,"name":"Shop","item":"https:\/\/project1-mke5mv4jgx.live-website.com\/shop\/"},{"@type":"ListItem","position":3,"name":"Grizzly Adam Hard Clay"}]},{"@type":"WebSite","@id":"https:\/\/project1-mke5mv4jgx.live-website.com\/#website","url":"https:\/\/project1-mke5mv4jgx.live-website.com\/","name":"Grizzly Adam","description":"Aceite para barba y productos de aseo para caballeros","publisher":{"@id":"https:\/\/project1-mke5mv4jgx.live-website.com\/#organization"},"potentialAction":[{"@type":"SearchAction","target":{"@type":"EntryPoint","urlTemplate":"https:\/\/project1-mke5mv4jgx.live-website.com\/?s={search_term_string}"},"query-input":{"@type":"PropertyValueSpecification","valueRequired":true,"valueName":"search_term_string"}}],"inLanguage":"es"},{"@type":"Organization","@id":"https:\/\/project1-mke5mv4jgx.live-website.com\/#organization","name":"GRIZZLY ADAM","url":"https:\/\/project1-mke5mv4jgx.live-website.com\/","logo":{"@type":"ImageObject","inLanguage":"es","@id":"https:\/\/project1-mke5mv4jgx.live-website.com\/#\/schema\/logo\/image\/","url":"https:\/\/grizzlyadam.co.uk\/wp-content\/uploads\/2019\/11\/gadamlogo.png","contentUrl":"https:\/\/grizzlyadam.co.uk\/wp-content\/uploads\/2019\/11\/gadamlogo.png","width":"200","height":"200","caption":"GRIZZLY ADAM"},"image":{"@id":"https:\/\/project1-mke5mv4jgx.live-website.com\/#\/schema\/logo\/image\/"},"sameAs":["https:\/\/www.facebook.com\/grizzlyadamuk","https:\/\/x.com\/grizzlyadamuk","https:\/\/www.instagram.com\/grizzlyadamuk\/"]}]}},"df_price":12.99,"df_sale_price":"","df_regular_price":12.99,"df_image_link":"https:\/\/grizzlyadam.co.uk\/wp-content\/uploads\/2017\/02\/HardClay1-300x300.jpg","_links":{"self":[{"href":"https:\/\/grizzlyadam.co.uk\/es\/wp-json\/wp\/v2\/product\/2234","targetHints":{"allow":["GET"]}}],"collection":[{"href":"https:\/\/grizzlyadam.co.uk\/es\/wp-json\/wp\/v2\/product"}],"about":[{"href":"https:\/\/grizzlyadam.co.uk\/es\/wp-json\/wp\/v2\/types\/product"}],"replies":[{"embeddable":true,"href":"https:\/\/grizzlyadam.co.uk\/es\/wp-json\/wp\/v2\/comments?post=2234"}],"wp:featuredmedia":[{"embeddable":true,"href":"https:\/\/grizzlyadam.co.uk\/es\/wp-json\/wp\/v2\/media\/2235"}],"wp:attachment":[{"href":"https:\/\/grizzlyadam.co.uk\/es\/wp-json\/wp\/v2\/media?parent=2234"}],"wp:term":[{"taxonomy":"product_brand","embeddable":true,"href":"https:\/\/grizzlyadam.co.uk\/es\/wp-json\/wp\/v2\/product_brand?post=2234"},{"taxonomy":"product_cat","embeddable":true,"href":"https:\/\/grizzlyadam.co.uk\/es\/wp-json\/wp\/v2\/product_cat?post=2234"},{"taxonomy":"product_tag","embeddable":true,"href":"https:\/\/grizzlyadam.co.uk\/es\/wp-json\/wp\/v2\/product_tag?post=2234"}],"curies":[{"name":"wp","href":"https:\/\/api.w.org\/{rel}","templated":true}]}}