{"id":2224,"date":"2017-02-19T15:54:35","date_gmt":"2017-02-19T15:54:35","guid":{"rendered":"https:\/\/grizzlyadam.co.uk\/product\/testosterone-booster-for-men\/"},"modified":"2025-12-30T12:56:34","modified_gmt":"2025-12-30T12:56:34","slug":"testosterone-booster-for-men-twinpack","status":"publish","type":"product","link":"https:\/\/grizzlyadam.co.uk\/es\/producto\/testosterone-booster-for-men-twinpack\/","title":{"rendered":"Testosterone Booster for Men Twin Pack"},"content":{"rendered":"<p class=\"whitespace-pre-wrap break-words\"><span style=\"font-size: 140%; color: #282828;\"><strong>Imag\u00ednate esto:<\/strong> T\u00fa, saltando de la cama como un canguro con cafe\u00edna, abordando tu lista de tareas pendientes m\u00e1s r\u00e1pido que un guepardo en patines, y luego yendo al gimnasio y levantando pesos que har\u00edan decir al mism\u00edsimo Atlas \"\u00a1Caray!\".<\/span><\/p>\n<p class=\"whitespace-pre-wrap break-words\"><span style=\"font-size: 140%; color: #282828;\">As\u00ed es, con los Turbos de Testosterona de Grizzly Adam, estar\u00e1s: \u26a1\ufe0f Zumbando como una abeja en Red Bull \ud83e\udde0 M\u00e1s afilado que una bolsa de tachuelas \ud83c\udfcb\ufe0f\u200d\u2642\ufe0f Bombeando hierro como si estuviera hecho de nubes.<\/span><\/p>\n<p class=\"whitespace-pre-wrap break-words\"><span style=\"font-size: 140%; color: #282828;\">\u00bfNo me crees? Pru\u00e9balos t\u00fa mismo, y si el pr\u00f3ximo martes no est\u00e1s escalando el Everest (en tu mente, al menos), \u00a1me comer\u00e9 mis propias barbas!<\/span><\/p>\n<p style=\"text-align: center;\"><span style=\"font-size: 140%; color: #282828;\"><strong>Apoyo Natural para el Crecimiento Muscular | Vea Incrementos Notables en su Energ\u00eda, Ganancia Muscular, Estado de \u00c1nimo y Libido<\/strong><\/span><\/p>\n<p><img loading=\"lazy\" decoding=\"async\" class=\"aligncenter wp-image-158878 size-full\" src=\"https:\/\/grizzlyadam.co.uk\/wp-content\/uploads\/2017\/02\/Banner-1.jpg\" alt=\"\" width=\"1920\" height=\"870\" srcset=\"https:\/\/grizzlyadam.co.uk\/wp-content\/uploads\/2017\/02\/Banner-1.jpg 1920w, https:\/\/grizzlyadam.co.uk\/wp-content\/uploads\/2017\/02\/Banner-1-300x136.jpg 300w, https:\/\/grizzlyadam.co.uk\/wp-content\/uploads\/2017\/02\/Banner-1-1024x464.jpg 1024w, https:\/\/grizzlyadam.co.uk\/wp-content\/uploads\/2017\/02\/Banner-1-768x348.jpg 768w, https:\/\/grizzlyadam.co.uk\/wp-content\/uploads\/2017\/02\/Banner-1-1536x696.jpg 1536w, https:\/\/grizzlyadam.co.uk\/wp-content\/uploads\/2017\/02\/Banner-1-510x231.jpg 510w\" sizes=\"auto, (max-width: 1920px) 100vw, 1920px\" \/><\/p>\n<div id=\"featurebullets_feature_div\" class=\"feature\" data-feature-name=\"featurebullets\">\n<div id=\"feature-bullets\" class=\"a-section a-spacing-medium a-spacing-top-small\">\n<ul class=\"a-vertical a-spacing-none\">\n<li><span class=\"a-list-item\" style=\"font-size: 140%;\"> AUMENTE LA TESTOSTERONA LIBRE, LA ENERG\u00cdA Y EL IMPULSO O LE DEVOLVEMOS SU DINERO - La testosterona libre es lo que alimenta la energ\u00eda, el impulso y la construcci\u00f3n de m\u00fasculo en su cuerpo. Nuestro potenciador de testosterona contiene ingredientes que han demostrado aumentar la testosterona libre, para que experimente resultados que pueda SENTIR. Adem\u00e1s de sus potentes propiedades para aumentar la libido y el entrenamiento, nuestro potenciador de testosterona ha demostrado devolverle la energ\u00eda y el rendimiento juvenil en todos los \u00e1mbitos de la vida con un uso prolongado.<\/span><\/li>\n<li><span class=\"a-list-item\" style=\"font-size: 140%;\"> \u00bfPOR QU\u00c9 TOMARLO? - Ideal para los hombres, el gimnasio, antes del entrenamiento de energ\u00eda, recuperaci\u00f3n, vitalidad, salud en general y bienestar de la vida, dieta de apoyo y p\u00e9rdida de peso - Basta con tomar 1 dosis uniformemente en el transcurso del d\u00eda. - D\u00e9 a su cuerpo el \u00faltimo combustible constante a lo largo del d\u00eda que necesita.<\/span><\/li>\n<li><span class=\"a-list-item\" style=\"font-size: 140%;\"> F\u00f3rmula SEGURA Y NATURAL dise\u00f1ada y producida bajo estrictas normas GMP y fabricada en el Reino Unido.<\/span><\/li>\n<li><span class=\"a-list-item\" style=\"font-size: 140%;\"> SUMINISTRO COMPLETO PARA 40 D\u00cdAS - 120 P\u00edldoras Potenciadoras de Testosterona Proporcionan un Suministro COMPLETO para 5 semanas de 9 Ingredientes Activos Probados para Aumentar los Niveles de Testosterona<\/span><\/li>\n<li><span class=\"a-list-item\" style=\"font-size: 140%;\"> \u00bfPOR QU\u00c9 ELEGIR NUESTRO PRODUCTO? - \u00a1Nuestros productos son de la m\u00e1s alta calidad, por lo que ofrecemos una garant\u00eda de devoluci\u00f3n de dinero 100% a todos nuestros clientes.por cualquier raz\u00f3n que usted no est\u00e1 100% satisfecho con nuestros productos o servicios, simplemente p\u00f3ngase en contacto con nosotros y vamos a hacer las cosas bien - Tenemos el mejor servicio al cliente y los suplementos de la m\u00e1s alta calidad en el mercado hoy en d\u00eda!<\/span><\/li>\n<\/ul>\n<\/div>\n<\/div>","protected":false},"excerpt":{"rendered":"<p>\ud83d\udca5 Amplifica tu impulso: Encenderemos tal fuego bajo tu trasero, \u00a1que perseguir\u00e1s tus objetivos como un perro tras el cartero!<\/p>\n<p>\u26a1\ufe0f Revitalice su energ\u00eda: Zumbar\u00e1s m\u00e1s fuerte que un avisp\u00f3n con un caf\u00e9 expreso, y estar\u00e1s alerta desde el amanecer hasta el anochecer.<\/p>\n<p>\ud83c\udfcb\ufe0f\u200d\u2642\ufe0f Alcanza tu m\u00e1ximo nivel: Bombear\u00e1s hierro como si estuviera hecho de algod\u00f3n de az\u00facar y alcanzar\u00e1s tus objetivos de forma f\u00edsica m\u00e1s r\u00e1pido de lo que tardas en decir \"batido de prote\u00ednas\".<\/p>\n<p>APOYA LOS NIVELES DE TESTOSTERONA Y TODAS LAS \u00c1REAS DEL RENDIMIENTO MASCULINO - \u00a1Estamos hablando de un crecimiento de la barba que pondr\u00e1 celoso a Gandalf, una vitalidad que te har\u00e1 saltar edificios altos y una virilidad que har\u00e1 sonrojar a los conejos! (Acu\u00e9rdate de comer verduras y de ir al gimnasio, perezoso).<\/p>\n<p>ADVERTENCIA: Puede provocar repentinos impulsos de luchar con osos y escalar monta\u00f1as. Grizzly Adam no es responsable de ning\u00fan brote repentino de virilidad\".<\/p>","protected":false},"featured_media":158877,"comment_status":"closed","ping_status":"closed","template":"","meta":[],"product_brand":[],"product_cat":[177,89],"product_tag":[798,806,797,802,803,807,801,795,799,800,808,796,805,794,804],"class_list":{"0":"post-2224","1":"product","2":"type-product","3":"status-publish","4":"has-post-thumbnail","6":"product_cat-subscription","7":"product_cat-supplements","8":"product_tag-boost-energy","9":"product_tag-elite-fitness","10":"product_tag-enhance-performance","11":"product_tag-gym-supplement","12":"product_tag-high-performance-supplement","13":"product_tag-hormone-support","14":"product_tag-mens-fitness","15":"product_tag-mens-health-supplement","16":"product_tag-muscle-growth","17":"product_tag-natural-testosterone-supplement","18":"product_tag-peak-performance","19":"product_tag-premium-testosterone-booster","20":"product_tag-professional-mens-health","21":"product_tag-testosterone-booster","22":"product_tag-vitality-booster","24":"first","25":"instock","26":"sale","27":"taxable","28":"shipping-taxable","29":"purchasable","30":"product-type-simple"},"yoast_head":"<!-- This site is optimized with the Yoast SEO plugin v27.4 - https:\/\/yoast.com\/product\/yoast-seo-wordpress\/ -->\n<title>Testosterone Booster for Men Twin Pack - Grizzly Adam<\/title>\n<meta name=\"description\" content=\"120 Testosterone Boosters Pills Provide A FULL 5 weeks Supply of 9 Active Ingredients Proven to Boost Testosterone Levels\" \/>\n<meta name=\"robots\" content=\"index, follow, max-snippet:-1, max-image-preview:large, max-video-preview:-1\" \/>\n<link rel=\"canonical\" href=\"https:\/\/grizzlyadam.co.uk\/es\/producto\/testosterone-booster-for-men-twinpack\/\" \/>\n<meta property=\"og:locale\" content=\"es_ES\" \/>\n<meta property=\"og:type\" content=\"article\" \/>\n<meta property=\"og:title\" content=\"Testosterone Booster for Men Twin Pack - Grizzly Adam\" \/>\n<meta property=\"og:description\" content=\"120 Testosterone Boosters Pills Provide A FULL 5 weeks Supply of 9 Active Ingredients Proven to Boost Testosterone Levels\" \/>\n<meta property=\"og:url\" content=\"https:\/\/grizzlyadam.co.uk\/es\/producto\/testosterone-booster-for-men-twinpack\/\" \/>\n<meta property=\"og:site_name\" content=\"Grizzly Adam\" \/>\n<meta property=\"article:publisher\" content=\"https:\/\/www.facebook.com\/grizzlyadamuk\" \/>\n<meta property=\"article:modified_time\" content=\"2025-12-30T12:56:34+00:00\" \/>\n<meta property=\"og:image\" content=\"https:\/\/grizzlyadam.co.uk\/wp-content\/uploads\/2017\/02\/testo-twin-pack-offer.png\" \/>\n\t<meta property=\"og:image:width\" content=\"1080\" \/>\n\t<meta property=\"og:image:height\" content=\"1080\" \/>\n\t<meta property=\"og:image:type\" content=\"image\/png\" \/>\n<meta name=\"twitter:card\" content=\"summary_large_image\" \/>\n<meta name=\"twitter:site\" content=\"@grizzlyadamuk\" \/>\n<meta name=\"twitter:label1\" content=\"Tiempo de lectura\" \/>\n\t<meta name=\"twitter:data1\" content=\"2 minutos\" \/>\n<script type=\"application\/ld+json\" class=\"yoast-schema-graph\">{\"@context\":\"https:\\\/\\\/schema.org\",\"@graph\":[{\"@type\":\"WebPage\",\"@id\":\"https:\\\/\\\/grizzlyadam.co.uk\\\/product\\\/testosterone-booster-for-men-twinpack\\\/\",\"url\":\"https:\\\/\\\/grizzlyadam.co.uk\\\/product\\\/testosterone-booster-for-men-twinpack\\\/\",\"name\":\"Testosterone Booster for Men Twin Pack - Grizzly Adam\",\"isPartOf\":{\"@id\":\"https:\\\/\\\/project1-mke5mv4jgx.live-website.com\\\/#website\"},\"primaryImageOfPage\":{\"@id\":\"https:\\\/\\\/grizzlyadam.co.uk\\\/product\\\/testosterone-booster-for-men-twinpack\\\/#primaryimage\"},\"image\":{\"@id\":\"https:\\\/\\\/grizzlyadam.co.uk\\\/product\\\/testosterone-booster-for-men-twinpack\\\/#primaryimage\"},\"thumbnailUrl\":\"https:\\\/\\\/grizzlyadam.co.uk\\\/wp-content\\\/uploads\\\/2017\\\/02\\\/testo-twin-pack-offer.png\",\"datePublished\":\"2017-02-19T15:54:35+00:00\",\"dateModified\":\"2025-12-30T12:56:34+00:00\",\"description\":\"120 Testosterone Boosters Pills Provide A FULL 5 weeks Supply of 9 Active Ingredients Proven to Boost Testosterone Levels\",\"breadcrumb\":{\"@id\":\"https:\\\/\\\/grizzlyadam.co.uk\\\/product\\\/testosterone-booster-for-men-twinpack\\\/#breadcrumb\"},\"inLanguage\":\"es\",\"potentialAction\":[{\"@type\":\"ReadAction\",\"target\":[\"https:\\\/\\\/grizzlyadam.co.uk\\\/product\\\/testosterone-booster-for-men-twinpack\\\/\"]}]},{\"@type\":\"ImageObject\",\"inLanguage\":\"es\",\"@id\":\"https:\\\/\\\/grizzlyadam.co.uk\\\/product\\\/testosterone-booster-for-men-twinpack\\\/#primaryimage\",\"url\":\"https:\\\/\\\/grizzlyadam.co.uk\\\/wp-content\\\/uploads\\\/2017\\\/02\\\/testo-twin-pack-offer.png\",\"contentUrl\":\"https:\\\/\\\/grizzlyadam.co.uk\\\/wp-content\\\/uploads\\\/2017\\\/02\\\/testo-twin-pack-offer.png\",\"width\":1080,\"height\":1080},{\"@type\":\"BreadcrumbList\",\"@id\":\"https:\\\/\\\/grizzlyadam.co.uk\\\/product\\\/testosterone-booster-for-men-twinpack\\\/#breadcrumb\",\"itemListElement\":[{\"@type\":\"ListItem\",\"position\":1,\"name\":\"Home\",\"item\":\"https:\\\/\\\/grizzlyadam.co.uk\\\/\"},{\"@type\":\"ListItem\",\"position\":2,\"name\":\"Shop\",\"item\":\"https:\\\/\\\/project1-mke5mv4jgx.live-website.com\\\/shop\\\/\"},{\"@type\":\"ListItem\",\"position\":3,\"name\":\"Testosterone Booster for Men Twin Pack\"}]},{\"@type\":\"WebSite\",\"@id\":\"https:\\\/\\\/project1-mke5mv4jgx.live-website.com\\\/#website\",\"url\":\"https:\\\/\\\/project1-mke5mv4jgx.live-website.com\\\/\",\"name\":\"Grizzly Adam\",\"description\":\"Beard Oil And Grooming Products For Gentlemen\",\"publisher\":{\"@id\":\"https:\\\/\\\/project1-mke5mv4jgx.live-website.com\\\/#organization\"},\"potentialAction\":[{\"@type\":\"SearchAction\",\"target\":{\"@type\":\"EntryPoint\",\"urlTemplate\":\"https:\\\/\\\/project1-mke5mv4jgx.live-website.com\\\/?s={search_term_string}\"},\"query-input\":{\"@type\":\"PropertyValueSpecification\",\"valueRequired\":true,\"valueName\":\"search_term_string\"}}],\"inLanguage\":\"es\"},{\"@type\":\"Organization\",\"@id\":\"https:\\\/\\\/project1-mke5mv4jgx.live-website.com\\\/#organization\",\"name\":\"GRIZZLY ADAM\",\"url\":\"https:\\\/\\\/project1-mke5mv4jgx.live-website.com\\\/\",\"logo\":{\"@type\":\"ImageObject\",\"inLanguage\":\"es\",\"@id\":\"https:\\\/\\\/project1-mke5mv4jgx.live-website.com\\\/#\\\/schema\\\/logo\\\/image\\\/\",\"url\":\"https:\\\/\\\/grizzlyadam.co.uk\\\/wp-content\\\/uploads\\\/2019\\\/11\\\/gadamlogo.png\",\"contentUrl\":\"https:\\\/\\\/grizzlyadam.co.uk\\\/wp-content\\\/uploads\\\/2019\\\/11\\\/gadamlogo.png\",\"width\":\"200\",\"height\":\"200\",\"caption\":\"GRIZZLY ADAM\"},\"image\":{\"@id\":\"https:\\\/\\\/project1-mke5mv4jgx.live-website.com\\\/#\\\/schema\\\/logo\\\/image\\\/\"},\"sameAs\":[\"https:\\\/\\\/www.facebook.com\\\/grizzlyadamuk\",\"https:\\\/\\\/x.com\\\/grizzlyadamuk\",\"https:\\\/\\\/www.instagram.com\\\/grizzlyadamuk\\\/\"]}]}<\/script>\n<!-- \/ Yoast SEO plugin. -->","yoast_head_json":{"title":"Testosterone Booster for Men Twin Pack - Grizzly Adam","description":"120 Testosterone Boosters Pills Provide A FULL 5 weeks Supply of 9 Active Ingredients Proven to Boost Testosterone Levels","robots":{"index":"index","follow":"follow","max-snippet":"max-snippet:-1","max-image-preview":"max-image-preview:large","max-video-preview":"max-video-preview:-1"},"canonical":"https:\/\/grizzlyadam.co.uk\/es\/producto\/testosterone-booster-for-men-twinpack\/","og_locale":"es_ES","og_type":"article","og_title":"Testosterone Booster for Men Twin Pack - Grizzly Adam","og_description":"120 Testosterone Boosters Pills Provide A FULL 5 weeks Supply of 9 Active Ingredients Proven to Boost Testosterone Levels","og_url":"https:\/\/grizzlyadam.co.uk\/es\/producto\/testosterone-booster-for-men-twinpack\/","og_site_name":"Grizzly Adam","article_publisher":"https:\/\/www.facebook.com\/grizzlyadamuk","article_modified_time":"2025-12-30T12:56:34+00:00","og_image":[{"width":1080,"height":1080,"url":"https:\/\/grizzlyadam.co.uk\/wp-content\/uploads\/2017\/02\/testo-twin-pack-offer.png","type":"image\/png"}],"twitter_card":"summary_large_image","twitter_site":"@grizzlyadamuk","twitter_misc":{"Tiempo de lectura":"2 minutos"},"schema":{"@context":"https:\/\/schema.org","@graph":[{"@type":"WebPage","@id":"https:\/\/grizzlyadam.co.uk\/product\/testosterone-booster-for-men-twinpack\/","url":"https:\/\/grizzlyadam.co.uk\/product\/testosterone-booster-for-men-twinpack\/","name":"Testosterone Booster for Men Twin Pack - Grizzly Adam","isPartOf":{"@id":"https:\/\/project1-mke5mv4jgx.live-website.com\/#website"},"primaryImageOfPage":{"@id":"https:\/\/grizzlyadam.co.uk\/product\/testosterone-booster-for-men-twinpack\/#primaryimage"},"image":{"@id":"https:\/\/grizzlyadam.co.uk\/product\/testosterone-booster-for-men-twinpack\/#primaryimage"},"thumbnailUrl":"https:\/\/grizzlyadam.co.uk\/wp-content\/uploads\/2017\/02\/testo-twin-pack-offer.png","datePublished":"2017-02-19T15:54:35+00:00","dateModified":"2025-12-30T12:56:34+00:00","description":"120 Testosterone Boosters Pills Provide A FULL 5 weeks Supply of 9 Active Ingredients Proven to Boost Testosterone Levels","breadcrumb":{"@id":"https:\/\/grizzlyadam.co.uk\/product\/testosterone-booster-for-men-twinpack\/#breadcrumb"},"inLanguage":"es","potentialAction":[{"@type":"ReadAction","target":["https:\/\/grizzlyadam.co.uk\/product\/testosterone-booster-for-men-twinpack\/"]}]},{"@type":"ImageObject","inLanguage":"es","@id":"https:\/\/grizzlyadam.co.uk\/product\/testosterone-booster-for-men-twinpack\/#primaryimage","url":"https:\/\/grizzlyadam.co.uk\/wp-content\/uploads\/2017\/02\/testo-twin-pack-offer.png","contentUrl":"https:\/\/grizzlyadam.co.uk\/wp-content\/uploads\/2017\/02\/testo-twin-pack-offer.png","width":1080,"height":1080},{"@type":"BreadcrumbList","@id":"https:\/\/grizzlyadam.co.uk\/product\/testosterone-booster-for-men-twinpack\/#breadcrumb","itemListElement":[{"@type":"ListItem","position":1,"name":"Home","item":"https:\/\/grizzlyadam.co.uk\/"},{"@type":"ListItem","position":2,"name":"Shop","item":"https:\/\/project1-mke5mv4jgx.live-website.com\/shop\/"},{"@type":"ListItem","position":3,"name":"Testosterone Booster for Men Twin Pack"}]},{"@type":"WebSite","@id":"https:\/\/project1-mke5mv4jgx.live-website.com\/#website","url":"https:\/\/project1-mke5mv4jgx.live-website.com\/","name":"Grizzly Adam","description":"Aceite para barba y productos de aseo para caballeros","publisher":{"@id":"https:\/\/project1-mke5mv4jgx.live-website.com\/#organization"},"potentialAction":[{"@type":"SearchAction","target":{"@type":"EntryPoint","urlTemplate":"https:\/\/project1-mke5mv4jgx.live-website.com\/?s={search_term_string}"},"query-input":{"@type":"PropertyValueSpecification","valueRequired":true,"valueName":"search_term_string"}}],"inLanguage":"es"},{"@type":"Organization","@id":"https:\/\/project1-mke5mv4jgx.live-website.com\/#organization","name":"GRIZZLY ADAM","url":"https:\/\/project1-mke5mv4jgx.live-website.com\/","logo":{"@type":"ImageObject","inLanguage":"es","@id":"https:\/\/project1-mke5mv4jgx.live-website.com\/#\/schema\/logo\/image\/","url":"https:\/\/grizzlyadam.co.uk\/wp-content\/uploads\/2019\/11\/gadamlogo.png","contentUrl":"https:\/\/grizzlyadam.co.uk\/wp-content\/uploads\/2019\/11\/gadamlogo.png","width":"200","height":"200","caption":"GRIZZLY ADAM"},"image":{"@id":"https:\/\/project1-mke5mv4jgx.live-website.com\/#\/schema\/logo\/image\/"},"sameAs":["https:\/\/www.facebook.com\/grizzlyadamuk","https:\/\/x.com\/grizzlyadamuk","https:\/\/www.instagram.com\/grizzlyadamuk\/"]}]}},"df_price":39.99,"df_sale_price":39.99,"df_regular_price":51.49,"df_image_link":"https:\/\/grizzlyadam.co.uk\/wp-content\/uploads\/2017\/02\/testo-twin-pack-offer-300x300.png","_links":{"self":[{"href":"https:\/\/grizzlyadam.co.uk\/es\/wp-json\/wp\/v2\/product\/2224","targetHints":{"allow":["GET"]}}],"collection":[{"href":"https:\/\/grizzlyadam.co.uk\/es\/wp-json\/wp\/v2\/product"}],"about":[{"href":"https:\/\/grizzlyadam.co.uk\/es\/wp-json\/wp\/v2\/types\/product"}],"replies":[{"embeddable":true,"href":"https:\/\/grizzlyadam.co.uk\/es\/wp-json\/wp\/v2\/comments?post=2224"}],"wp:featuredmedia":[{"embeddable":true,"href":"https:\/\/grizzlyadam.co.uk\/es\/wp-json\/wp\/v2\/media\/158877"}],"wp:attachment":[{"href":"https:\/\/grizzlyadam.co.uk\/es\/wp-json\/wp\/v2\/media?parent=2224"}],"wp:term":[{"taxonomy":"product_brand","embeddable":true,"href":"https:\/\/grizzlyadam.co.uk\/es\/wp-json\/wp\/v2\/product_brand?post=2224"},{"taxonomy":"product_cat","embeddable":true,"href":"https:\/\/grizzlyadam.co.uk\/es\/wp-json\/wp\/v2\/product_cat?post=2224"},{"taxonomy":"product_tag","embeddable":true,"href":"https:\/\/grizzlyadam.co.uk\/es\/wp-json\/wp\/v2\/product_tag?post=2224"}],"curies":[{"name":"wp","href":"https:\/\/api.w.org\/{rel}","templated":true}]}}