{"id":2217,"date":"2017-02-19T15:54:28","date_gmt":"2017-02-19T15:54:28","guid":{"rendered":"https:\/\/grizzlyadam.co.uk\/product\/grizzly-adam-premium-beard-care-gift-set-wahl-beard-trimmer\/"},"modified":"2026-02-20T11:02:39","modified_gmt":"2026-02-20T11:02:39","slug":"grizzly-adam-premium-beard-care-gift-set-boar-brush","status":"publish","type":"product","link":"https:\/\/grizzlyadam.co.uk\/es\/producto\/grizzly-adam-premium-beard-care-gift-set-boar-brush\/","title":{"rendered":"Set de regalo Grizzly Adam Premium para el cuidado de la barba + cepillo de cerdas de jabal\u00ed"},"content":{"rendered":"<h1 id=\"title\" class=\"a-size-large a-spacing-none\"><span id=\"productTitle\" class=\"a-size-large\">Kit para el cuidado de la barba con champ\u00fa para barba de 200 ml, b\u00e1lsamo para barba de 60 ml, aceite para barba de 100 ml y cepillo para barba de cerdas de jabal\u00ed<\/span><\/h1>\n<p><b>Grizzly Adam Ayuda a cuidar tu piel y tu barba<\/b><\/p>\n<p>El nuevo set de cuidado de barba para hombre Grizzly Adam incluye b\u00e1lsamo para barba, cepillo de pelo de jabal\u00ed para barba, aceite org\u00e1nico puro para barba de 100ml y nuestro NUEVO champ\u00fa limpiador para barba de 200ml.<\/p>\n<p>El lavado de barba para hombres limpiar\u00e1 delicadamente tanto el vello facial como la vulnerable piel de debajo, dejando tanto la barba como el rostro limpios, suaves, manejables y con un olor maravilloso.<\/p>\n<p>El aceite para barba ayuda a hidratar la piel y a cuidar la barba al mismo tiempo. Aporta aceite esencial a la piel y \u00e9ste penetra en los fol\u00edculos pilosos. Cuando los fol\u00edculos est\u00e1n bien hidratados, el pelo no se reseca ni se vuelve quebradizo. La piel hidratada es suave y lisa, y el aceite para barba ayuda a evitar los picores y la descamaci\u00f3n, que pueden causar molestias.<\/p>\n<p>Las cerdas de pelo de jabal\u00ed natural, moderadamente r\u00edgidas, penetran en profundidad, eliminando la piel muerta y los pelos atrapados en la barba, dej\u00e1ndola m\u00e1s suave, lisa y sana que con el uso de aceite o b\u00e1lsamo para barba solamente.<\/p>\n<p><b>F\u00e1cil de aplicar<\/b><\/p>\n<p>El aceite para barba es muy f\u00e1cil de aplicar y s\u00f3lo lleva unos segundos. Apl\u00edcate unas gotas en la palma de la mano, fr\u00f3tate las manos y p\u00e1sate los dedos por la barba.<\/p>\n<p>Utiliza despu\u00e9s el cepillo de pelo de jabal\u00ed Grizzly Adam y tu barba quedar\u00e1 adecuadamente cubierta. El aceite para barba se absorber\u00e1 en unos 20-30 minutos y dejar\u00e1 tu barba con un bonito brillo.<\/p>\n<p>Beard Balm es lo que necesitas para dejarte crecer la barba. Y punto. Este acondicionador sin aclarado totalmente natural est\u00e1 perfectamente formulado para prevenir las puntas abiertas, controlar el encrespamiento y los enredos, suavizar los bigotes para esos encuentros \u00edntimos, aliviar la piel seca y con picores, reducir la aparici\u00f3n de parches y hacer que usted y su impresionante barba sean mucho m\u00e1s atractivos. Beard Balm funciona con todas las variedades y longitudes de vello facial.<\/p>","protected":false},"excerpt":{"rendered":"<div id=\"featurebullets_feature_div\" class=\"feature\" data-feature-name=\"featurebullets\">\n<div id=\"feature-bullets\" class=\"a-section a-spacing-medium a-spacing-top-small\">\n<ul class=\"a-vertical a-spacing-none\">\n<li><span class=\"a-list-item\"> Este kit para el cuidado de la barba incluye un cepillo de cerdas de jabal\u00ed 100% de alta calidad, encajado en madera maciza. Este cepillo suavizar\u00e1, limpiar\u00e1 y estilizar\u00e1 su barba cada vez que lo utilice.<\/span><\/li>\n<li><span class=\"a-list-item\"> PREMIUM BEARD OIL for Men - Mantenga su barba sana, cuidada y domada de forma natural. Hidrata el pelo y la piel de la barba, elimina el picor y la caspa (barba-caspa) para una barba besable y respetable. Util\u00edcelo a diario para obtener el mejor efecto barba<\/span><\/li>\n<li><span class=\"a-list-item\"> GRIZZLY ADAM BEARD BALM es el mejor acondicionador y espesante de barba sin aclarado para caballeros, con aceites naturales para ayudar con las barbas quebradizas, la caspa de la barba, el picor y las puntas abiertas del mercado. \u00a1Combate los parches! Util\u00edcelo a diario para obtener el mejor efecto en su barba<\/span><\/li>\n<li>CHAMP\u00da LAVABARBA GRANDE 200 ml - Un champ\u00fa y lavado suave para barba formulado espec\u00edficamente para su barba y bigote<\/li>\n<\/ul>\n<\/div>\n<p>&nbsp;<\/p>\n<\/div>","protected":false},"featured_media":13368,"comment_status":"closed","ping_status":"closed","template":"","meta":[],"product_brand":[],"product_cat":[65,70,74],"product_tag":[66,79,84,81,85,77],"class_list":{"0":"post-2217","1":"product","2":"type-product","3":"status-publish","4":"has-post-thumbnail","6":"product_cat-beard-oil","7":"product_cat-beard-wash","8":"product_cat-grooming-kits","9":"product_tag-beard-oil","10":"product_tag-beard-balm","11":"product_tag-beard-care-kit","12":"product_tag-beard-comb","13":"product_tag-beard-wash","14":"product_tag-grooming-kit","16":"first","17":"instock","18":"sale","19":"taxable","20":"shipping-taxable","21":"purchasable","22":"product-type-simple"},"yoast_head":"<!-- This site is optimized with the Yoast SEO plugin v27.2 - https:\/\/yoast.com\/product\/yoast-seo-wordpress\/ -->\n<title>Grizzly Adam Premium Beard Care Gift Set + Boar Bristle Brush - Grizzly Adam<\/title>\n<meta name=\"description\" content=\"Grizzly Adam Beard Grooming Set For Men Includes Beard Balm, Boars Hair Beard Brush, Pure Organic 100ml Premium Beard Oil and our popular Beard Wash Shampoo 200ml\" \/>\n<meta name=\"robots\" content=\"index, follow, max-snippet:-1, max-image-preview:large, max-video-preview:-1\" \/>\n<link rel=\"canonical\" href=\"https:\/\/grizzlyadam.co.uk\/es\/producto\/grizzly-adam-premium-beard-care-gift-set-boar-brush\/\" \/>\n<meta property=\"og:locale\" content=\"es_ES\" \/>\n<meta property=\"og:type\" content=\"article\" \/>\n<meta property=\"og:title\" content=\"Grizzly Adam Premium Beard Care Gift Set + Boar Bristle Brush - Grizzly Adam\" \/>\n<meta property=\"og:description\" content=\"Grizzly Adam Beard Grooming Set For Men Includes Beard Balm, Boars Hair Beard Brush, Pure Organic 100ml Premium Beard Oil and our popular Beard Wash Shampoo 200ml\" \/>\n<meta property=\"og:url\" content=\"https:\/\/grizzlyadam.co.uk\/es\/producto\/grizzly-adam-premium-beard-care-gift-set-boar-brush\/\" \/>\n<meta property=\"og:site_name\" content=\"Grizzly Adam\" \/>\n<meta property=\"article:publisher\" content=\"https:\/\/www.facebook.com\/grizzlyadamuk\" \/>\n<meta property=\"article:modified_time\" content=\"2026-02-20T11:02:39+00:00\" \/>\n<meta property=\"og:image\" content=\"https:\/\/grizzlyadam.co.uk\/wp-content\/uploads\/2017\/02\/combo-and-boar.png\" \/>\n\t<meta property=\"og:image:width\" content=\"1080\" \/>\n\t<meta property=\"og:image:height\" content=\"1080\" \/>\n\t<meta property=\"og:image:type\" content=\"image\/png\" \/>\n<meta name=\"twitter:card\" content=\"summary_large_image\" \/>\n<meta name=\"twitter:site\" content=\"@grizzlyadamuk\" \/>\n<meta name=\"twitter:label1\" content=\"Tiempo de lectura\" \/>\n\t<meta name=\"twitter:data1\" content=\"2 minutos\" \/>\n<script type=\"application\/ld+json\" class=\"yoast-schema-graph\">{\"@context\":\"https:\/\/schema.org\",\"@graph\":[{\"@type\":\"WebPage\",\"@id\":\"https:\/\/grizzlyadam.co.uk\/product\/grizzly-adam-premium-beard-care-gift-set-boar-brush\/\",\"url\":\"https:\/\/grizzlyadam.co.uk\/product\/grizzly-adam-premium-beard-care-gift-set-boar-brush\/\",\"name\":\"Grizzly Adam Premium Beard Care Gift Set + Boar Bristle Brush - Grizzly Adam\",\"isPartOf\":{\"@id\":\"https:\/\/project1-mke5mv4jgx.live-website.com\/#website\"},\"primaryImageOfPage\":{\"@id\":\"https:\/\/grizzlyadam.co.uk\/product\/grizzly-adam-premium-beard-care-gift-set-boar-brush\/#primaryimage\"},\"image\":{\"@id\":\"https:\/\/grizzlyadam.co.uk\/product\/grizzly-adam-premium-beard-care-gift-set-boar-brush\/#primaryimage\"},\"thumbnailUrl\":\"https:\/\/grizzlyadam.co.uk\/wp-content\/uploads\/2017\/02\/combo-and-boar.png\",\"datePublished\":\"2017-02-19T15:54:28+00:00\",\"dateModified\":\"2026-02-20T11:02:39+00:00\",\"description\":\"Grizzly Adam Beard Grooming Set For Men Includes Beard Balm, Boars Hair Beard Brush, Pure Organic 100ml Premium Beard Oil and our popular Beard Wash Shampoo 200ml\",\"breadcrumb\":{\"@id\":\"https:\/\/grizzlyadam.co.uk\/product\/grizzly-adam-premium-beard-care-gift-set-boar-brush\/#breadcrumb\"},\"inLanguage\":\"es\",\"potentialAction\":[{\"@type\":\"ReadAction\",\"target\":[\"https:\/\/grizzlyadam.co.uk\/product\/grizzly-adam-premium-beard-care-gift-set-boar-brush\/\"]}]},{\"@type\":\"ImageObject\",\"inLanguage\":\"es\",\"@id\":\"https:\/\/grizzlyadam.co.uk\/product\/grizzly-adam-premium-beard-care-gift-set-boar-brush\/#primaryimage\",\"url\":\"https:\/\/grizzlyadam.co.uk\/wp-content\/uploads\/2017\/02\/combo-and-boar.png\",\"contentUrl\":\"https:\/\/grizzlyadam.co.uk\/wp-content\/uploads\/2017\/02\/combo-and-boar.png\",\"width\":1080,\"height\":1080},{\"@type\":\"BreadcrumbList\",\"@id\":\"https:\/\/grizzlyadam.co.uk\/product\/grizzly-adam-premium-beard-care-gift-set-boar-brush\/#breadcrumb\",\"itemListElement\":[{\"@type\":\"ListItem\",\"position\":1,\"name\":\"Home\",\"item\":\"https:\/\/grizzlyadam.co.uk\/\"},{\"@type\":\"ListItem\",\"position\":2,\"name\":\"Shop\",\"item\":\"https:\/\/project1-mke5mv4jgx.live-website.com\/shop\/\"},{\"@type\":\"ListItem\",\"position\":3,\"name\":\"Grizzly Adam Premium Beard Care Gift Set + Boar Bristle Brush\"}]},{\"@type\":\"WebSite\",\"@id\":\"https:\/\/project1-mke5mv4jgx.live-website.com\/#website\",\"url\":\"https:\/\/project1-mke5mv4jgx.live-website.com\/\",\"name\":\"Grizzly Adam\",\"description\":\"Beard Oil And Grooming Products For Gentlemen\",\"publisher\":{\"@id\":\"https:\/\/project1-mke5mv4jgx.live-website.com\/#organization\"},\"potentialAction\":[{\"@type\":\"SearchAction\",\"target\":{\"@type\":\"EntryPoint\",\"urlTemplate\":\"https:\/\/project1-mke5mv4jgx.live-website.com\/?s={search_term_string}\"},\"query-input\":{\"@type\":\"PropertyValueSpecification\",\"valueRequired\":true,\"valueName\":\"search_term_string\"}}],\"inLanguage\":\"es\"},{\"@type\":\"Organization\",\"@id\":\"https:\/\/project1-mke5mv4jgx.live-website.com\/#organization\",\"name\":\"GRIZZLY ADAM\",\"url\":\"https:\/\/project1-mke5mv4jgx.live-website.com\/\",\"logo\":{\"@type\":\"ImageObject\",\"inLanguage\":\"es\",\"@id\":\"https:\/\/project1-mke5mv4jgx.live-website.com\/#\/schema\/logo\/image\/\",\"url\":\"https:\/\/grizzlyadam.co.uk\/wp-content\/uploads\/2019\/11\/gadamlogo.png\",\"contentUrl\":\"https:\/\/grizzlyadam.co.uk\/wp-content\/uploads\/2019\/11\/gadamlogo.png\",\"width\":\"200\",\"height\":\"200\",\"caption\":\"GRIZZLY ADAM\"},\"image\":{\"@id\":\"https:\/\/project1-mke5mv4jgx.live-website.com\/#\/schema\/logo\/image\/\"},\"sameAs\":[\"https:\/\/www.facebook.com\/grizzlyadamuk\",\"https:\/\/x.com\/grizzlyadamuk\",\"https:\/\/www.instagram.com\/grizzlyadamuk\/\"]}]}<\/script>\n<!-- \/ Yoast SEO plugin. -->","yoast_head_json":{"title":"Grizzly Adam Premium Beard Care Gift Set + Boar Bristle Brush - Grizzly Adam","description":"Grizzly Adam Beard Grooming Set For Men Includes Beard Balm, Boars Hair Beard Brush, Pure Organic 100ml Premium Beard Oil and our popular Beard Wash Shampoo 200ml","robots":{"index":"index","follow":"follow","max-snippet":"max-snippet:-1","max-image-preview":"max-image-preview:large","max-video-preview":"max-video-preview:-1"},"canonical":"https:\/\/grizzlyadam.co.uk\/es\/producto\/grizzly-adam-premium-beard-care-gift-set-boar-brush\/","og_locale":"es_ES","og_type":"article","og_title":"Grizzly Adam Premium Beard Care Gift Set + Boar Bristle Brush - Grizzly Adam","og_description":"Grizzly Adam Beard Grooming Set For Men Includes Beard Balm, Boars Hair Beard Brush, Pure Organic 100ml Premium Beard Oil and our popular Beard Wash Shampoo 200ml","og_url":"https:\/\/grizzlyadam.co.uk\/es\/producto\/grizzly-adam-premium-beard-care-gift-set-boar-brush\/","og_site_name":"Grizzly Adam","article_publisher":"https:\/\/www.facebook.com\/grizzlyadamuk","article_modified_time":"2026-02-20T11:02:39+00:00","og_image":[{"width":1080,"height":1080,"url":"https:\/\/grizzlyadam.co.uk\/wp-content\/uploads\/2017\/02\/combo-and-boar.png","type":"image\/png"}],"twitter_card":"summary_large_image","twitter_site":"@grizzlyadamuk","twitter_misc":{"Tiempo de lectura":"2 minutos"},"schema":{"@context":"https:\/\/schema.org","@graph":[{"@type":"WebPage","@id":"https:\/\/grizzlyadam.co.uk\/product\/grizzly-adam-premium-beard-care-gift-set-boar-brush\/","url":"https:\/\/grizzlyadam.co.uk\/product\/grizzly-adam-premium-beard-care-gift-set-boar-brush\/","name":"Grizzly Adam Premium Beard Care Gift Set + Boar Bristle Brush - Grizzly Adam","isPartOf":{"@id":"https:\/\/project1-mke5mv4jgx.live-website.com\/#website"},"primaryImageOfPage":{"@id":"https:\/\/grizzlyadam.co.uk\/product\/grizzly-adam-premium-beard-care-gift-set-boar-brush\/#primaryimage"},"image":{"@id":"https:\/\/grizzlyadam.co.uk\/product\/grizzly-adam-premium-beard-care-gift-set-boar-brush\/#primaryimage"},"thumbnailUrl":"https:\/\/grizzlyadam.co.uk\/wp-content\/uploads\/2017\/02\/combo-and-boar.png","datePublished":"2017-02-19T15:54:28+00:00","dateModified":"2026-02-20T11:02:39+00:00","description":"Grizzly Adam Beard Grooming Set For Men Includes Beard Balm, Boars Hair Beard Brush, Pure Organic 100ml Premium Beard Oil and our popular Beard Wash Shampoo 200ml","breadcrumb":{"@id":"https:\/\/grizzlyadam.co.uk\/product\/grizzly-adam-premium-beard-care-gift-set-boar-brush\/#breadcrumb"},"inLanguage":"es","potentialAction":[{"@type":"ReadAction","target":["https:\/\/grizzlyadam.co.uk\/product\/grizzly-adam-premium-beard-care-gift-set-boar-brush\/"]}]},{"@type":"ImageObject","inLanguage":"es","@id":"https:\/\/grizzlyadam.co.uk\/product\/grizzly-adam-premium-beard-care-gift-set-boar-brush\/#primaryimage","url":"https:\/\/grizzlyadam.co.uk\/wp-content\/uploads\/2017\/02\/combo-and-boar.png","contentUrl":"https:\/\/grizzlyadam.co.uk\/wp-content\/uploads\/2017\/02\/combo-and-boar.png","width":1080,"height":1080},{"@type":"BreadcrumbList","@id":"https:\/\/grizzlyadam.co.uk\/product\/grizzly-adam-premium-beard-care-gift-set-boar-brush\/#breadcrumb","itemListElement":[{"@type":"ListItem","position":1,"name":"Home","item":"https:\/\/grizzlyadam.co.uk\/"},{"@type":"ListItem","position":2,"name":"Shop","item":"https:\/\/project1-mke5mv4jgx.live-website.com\/shop\/"},{"@type":"ListItem","position":3,"name":"Grizzly Adam Premium Beard Care Gift Set + Boar Bristle Brush"}]},{"@type":"WebSite","@id":"https:\/\/project1-mke5mv4jgx.live-website.com\/#website","url":"https:\/\/project1-mke5mv4jgx.live-website.com\/","name":"Grizzly Adam","description":"Aceite para barba y productos de aseo para caballeros","publisher":{"@id":"https:\/\/project1-mke5mv4jgx.live-website.com\/#organization"},"potentialAction":[{"@type":"SearchAction","target":{"@type":"EntryPoint","urlTemplate":"https:\/\/project1-mke5mv4jgx.live-website.com\/?s={search_term_string}"},"query-input":{"@type":"PropertyValueSpecification","valueRequired":true,"valueName":"search_term_string"}}],"inLanguage":"es"},{"@type":"Organization","@id":"https:\/\/project1-mke5mv4jgx.live-website.com\/#organization","name":"GRIZZLY ADAM","url":"https:\/\/project1-mke5mv4jgx.live-website.com\/","logo":{"@type":"ImageObject","inLanguage":"es","@id":"https:\/\/project1-mke5mv4jgx.live-website.com\/#\/schema\/logo\/image\/","url":"https:\/\/grizzlyadam.co.uk\/wp-content\/uploads\/2019\/11\/gadamlogo.png","contentUrl":"https:\/\/grizzlyadam.co.uk\/wp-content\/uploads\/2019\/11\/gadamlogo.png","width":"200","height":"200","caption":"GRIZZLY ADAM"},"image":{"@id":"https:\/\/project1-mke5mv4jgx.live-website.com\/#\/schema\/logo\/image\/"},"sameAs":["https:\/\/www.facebook.com\/grizzlyadamuk","https:\/\/x.com\/grizzlyadamuk","https:\/\/www.instagram.com\/grizzlyadamuk\/"]}]}},"df_price":49.99,"df_sale_price":49.99,"df_regular_price":64.99,"df_image_link":"https:\/\/grizzlyadam.co.uk\/wp-content\/uploads\/2017\/02\/combo-and-boar-300x300.png","_links":{"self":[{"href":"https:\/\/grizzlyadam.co.uk\/es\/wp-json\/wp\/v2\/product\/2217","targetHints":{"allow":["GET"]}}],"collection":[{"href":"https:\/\/grizzlyadam.co.uk\/es\/wp-json\/wp\/v2\/product"}],"about":[{"href":"https:\/\/grizzlyadam.co.uk\/es\/wp-json\/wp\/v2\/types\/product"}],"replies":[{"embeddable":true,"href":"https:\/\/grizzlyadam.co.uk\/es\/wp-json\/wp\/v2\/comments?post=2217"}],"wp:featuredmedia":[{"embeddable":true,"href":"https:\/\/grizzlyadam.co.uk\/es\/wp-json\/wp\/v2\/media\/13368"}],"wp:attachment":[{"href":"https:\/\/grizzlyadam.co.uk\/es\/wp-json\/wp\/v2\/media?parent=2217"}],"wp:term":[{"taxonomy":"product_brand","embeddable":true,"href":"https:\/\/grizzlyadam.co.uk\/es\/wp-json\/wp\/v2\/product_brand?post=2217"},{"taxonomy":"product_cat","embeddable":true,"href":"https:\/\/grizzlyadam.co.uk\/es\/wp-json\/wp\/v2\/product_cat?post=2217"},{"taxonomy":"product_tag","embeddable":true,"href":"https:\/\/grizzlyadam.co.uk\/es\/wp-json\/wp\/v2\/product_tag?post=2217"}],"curies":[{"name":"wp","href":"https:\/\/api.w.org\/{rel}","templated":true}]}}