{"id":2214,"date":"2017-02-19T15:54:23","date_gmt":"2017-02-19T15:54:23","guid":{"rendered":"https:\/\/grizzlyadam.co.uk\/product\/grizzly-adam-starter-beard-care-kit\/"},"modified":"2025-03-24T07:40:00","modified_gmt":"2025-03-24T07:40:00","slug":"grizzly-adam-starter-beard-care-kit","status":"publish","type":"product","link":"https:\/\/grizzlyadam.co.uk\/es\/producto\/grizzly-adam-starter-beard-care-kit\/","title":{"rendered":"Grizzly Adam Starter Beard Care Set - Beard Wash Champ\u00fa y Peine Gratis"},"content":{"rendered":"<div id=\"featurebullets_feature_div\" class=\"feature\">\n<div id=\"feature-bullets\" class=\"a-section a-spacing-medium a-spacing-top-small\">\n<ul class=\"a-vertical a-spacing-none\">\n<li><span class=\"a-list-item\"> Un regalo perfecto para San Valent\u00edn para hombres con barba o bigote y un regalo de Navidad para cualquier hombre con barba.<\/span><\/li>\n<li><span class=\"a-list-item\"> Suaviza la barba con ingredientes naturales - Incluye un champ\u00fa suave para barba y un lavado formulado espec\u00edficamente para barba y bigote<\/span><\/li>\n<li><span class=\"a-list-item\"> Aclare el vello facial sin eliminar los aceites naturales del vello ni irritar la piel.<\/span><\/li>\n<li><span class=\"a-list-item\"> Pelo, barba y bigote se beneficiar\u00e1n del peine recto de madera, de estilo cl\u00e1sico y robusto. Perfecto para barbas largas y densas<\/span><\/li>\n<li><span class=\"a-list-item\"> \u00bfPor qu\u00e9 elegir los productos Grizzly Adam? - \u00a1Nuestros productos son de la m\u00e1s alta calidad, por lo que ofrecemos una garant\u00eda de devoluci\u00f3n de dinero 100% a todos nuestros clientes.por cualquier raz\u00f3n que usted no est\u00e1 100% satisfecho con nuestros productos o servicios, simplemente p\u00f3ngase en contacto con nosotros y lo haremos bien - Tenemos el mejor servicio al cliente y la m\u00e1s alta calidad de aceite de barba en el mercado hoy en d\u00eda!<\/span><\/li>\n<\/ul>\n<\/div>\n<\/div>","protected":false},"excerpt":{"rendered":"<p id=\"title\" class=\"a-size-large a-spacing-none\"><span id=\"productTitle\" class=\"a-size-large\">Beard Wash Champ\u00fa 200ml y Peine para Barba Ideal para el Cuidado de la Barba y el Bigote<\/span><\/p>\n<p><b>Grizzly Adam Ayuda a cuidar tu piel y tu barba<\/b><\/p>\n<p>Incluye peine Grizzly Adam Premium presentado en un estuche de regalo hecho a mano<\/p>\n<p class=\"a-size-large a-spacing-none\">Tambi\u00e9n incluye nuestro NUEVO Champ\u00fa Beard Wash 200ml<\/p>\n<p>El lavado de barba para hombres limpiar\u00e1 delicadamente tanto el vello facial como la vulnerable piel de debajo, dejando tanto la barba como el rostro limpios, suaves, manejables y con un olor maravilloso.<\/p>","protected":false},"featured_media":2181,"comment_status":"closed","ping_status":"closed","template":"","meta":[],"product_brand":[],"product_cat":[72,70,251,90],"product_tag":[],"class_list":{"0":"post-2214","1":"product","2":"type-product","3":"status-publish","4":"has-post-thumbnail","6":"product_cat-beard-comb","7":"product_cat-beard-wash","8":"product_cat-bundles","9":"product_cat-hair-care","11":"first","12":"instock","13":"sale","14":"taxable","15":"shipping-taxable","16":"purchasable","17":"product-type-simple"},"yoast_head":"<!-- This site is optimized with the Yoast SEO plugin v27.2 - https:\/\/yoast.com\/product\/yoast-seo-wordpress\/ -->\n<title>Grizzly Adam Starter Beard Care Set - Beard Wash Shampoo &amp; Free Comb - Grizzly Adam<\/title>\n<meta name=\"robots\" content=\"index, follow, max-snippet:-1, max-image-preview:large, max-video-preview:-1\" \/>\n<link rel=\"canonical\" href=\"https:\/\/grizzlyadam.co.uk\/es\/producto\/grizzly-adam-starter-beard-care-kit\/\" \/>\n<meta property=\"og:locale\" content=\"es_ES\" \/>\n<meta property=\"og:type\" content=\"article\" \/>\n<meta property=\"og:title\" content=\"Grizzly Adam Starter Beard Care Set - Beard Wash Shampoo &amp; Free Comb - Grizzly Adam\" \/>\n<meta property=\"og:description\" content=\"Beard Wash Shampoo 200ml and Beard Comb Ideal for Grooming Beards and Moustache Grizzly Adam Helps to care for your skin and your beard  Includes Grizzly Adam Premium Comb presented in a handmade gift box Also includes our NEW Beard Wash Shampoo 200ml Beard wash for men will delicately cleanse both face hair and also the vulnerable skin underneath, leaving both beard and face clean, soft, manageable and also smelling wonderful.\" \/>\n<meta property=\"og:url\" content=\"https:\/\/grizzlyadam.co.uk\/es\/producto\/grizzly-adam-starter-beard-care-kit\/\" \/>\n<meta property=\"og:site_name\" content=\"Grizzly Adam\" \/>\n<meta property=\"article:publisher\" content=\"https:\/\/www.facebook.com\/grizzlyadamuk\" \/>\n<meta property=\"article:modified_time\" content=\"2025-03-24T07:40:00+00:00\" \/>\n<meta property=\"og:image\" content=\"https:\/\/grizzlyadam.co.uk\/wp-content\/uploads\/2017\/02\/Beardwash3.jpg\" \/>\n\t<meta property=\"og:image:width\" content=\"1500\" \/>\n\t<meta property=\"og:image:height\" content=\"1500\" \/>\n\t<meta property=\"og:image:type\" content=\"image\/jpeg\" \/>\n<meta name=\"twitter:card\" content=\"summary_large_image\" \/>\n<meta name=\"twitter:site\" content=\"@grizzlyadamuk\" \/>\n<meta name=\"twitter:label1\" content=\"Tiempo de lectura\" \/>\n\t<meta name=\"twitter:data1\" content=\"1 minuto\" \/>\n<script type=\"application\/ld+json\" class=\"yoast-schema-graph\">{\"@context\":\"https:\/\/schema.org\",\"@graph\":[{\"@type\":\"WebPage\",\"@id\":\"https:\/\/grizzlyadam.co.uk\/product\/grizzly-adam-starter-beard-care-kit\/\",\"url\":\"https:\/\/grizzlyadam.co.uk\/product\/grizzly-adam-starter-beard-care-kit\/\",\"name\":\"Grizzly Adam Starter Beard Care Set - Beard Wash Shampoo & Free Comb - Grizzly Adam\",\"isPartOf\":{\"@id\":\"https:\/\/project1-mke5mv4jgx.live-website.com\/#website\"},\"primaryImageOfPage\":{\"@id\":\"https:\/\/grizzlyadam.co.uk\/product\/grizzly-adam-starter-beard-care-kit\/#primaryimage\"},\"image\":{\"@id\":\"https:\/\/grizzlyadam.co.uk\/product\/grizzly-adam-starter-beard-care-kit\/#primaryimage\"},\"thumbnailUrl\":\"https:\/\/grizzlyadam.co.uk\/wp-content\/uploads\/2017\/02\/Beardwash3.jpg\",\"datePublished\":\"2017-02-19T15:54:23+00:00\",\"dateModified\":\"2025-03-24T07:40:00+00:00\",\"breadcrumb\":{\"@id\":\"https:\/\/grizzlyadam.co.uk\/product\/grizzly-adam-starter-beard-care-kit\/#breadcrumb\"},\"inLanguage\":\"es\",\"potentialAction\":[{\"@type\":\"ReadAction\",\"target\":[\"https:\/\/grizzlyadam.co.uk\/product\/grizzly-adam-starter-beard-care-kit\/\"]}]},{\"@type\":\"ImageObject\",\"inLanguage\":\"es\",\"@id\":\"https:\/\/grizzlyadam.co.uk\/product\/grizzly-adam-starter-beard-care-kit\/#primaryimage\",\"url\":\"https:\/\/grizzlyadam.co.uk\/wp-content\/uploads\/2017\/02\/Beardwash3.jpg\",\"contentUrl\":\"https:\/\/grizzlyadam.co.uk\/wp-content\/uploads\/2017\/02\/Beardwash3.jpg\",\"width\":1200,\"height\":1200},{\"@type\":\"BreadcrumbList\",\"@id\":\"https:\/\/grizzlyadam.co.uk\/product\/grizzly-adam-starter-beard-care-kit\/#breadcrumb\",\"itemListElement\":[{\"@type\":\"ListItem\",\"position\":1,\"name\":\"Home\",\"item\":\"https:\/\/grizzlyadam.co.uk\/\"},{\"@type\":\"ListItem\",\"position\":2,\"name\":\"Shop\",\"item\":\"https:\/\/project1-mke5mv4jgx.live-website.com\/shop\/\"},{\"@type\":\"ListItem\",\"position\":3,\"name\":\"Grizzly Adam Starter Beard Care Set &#8211; Beard Wash Shampoo &#038; Free Comb\"}]},{\"@type\":\"WebSite\",\"@id\":\"https:\/\/project1-mke5mv4jgx.live-website.com\/#website\",\"url\":\"https:\/\/project1-mke5mv4jgx.live-website.com\/\",\"name\":\"Grizzly Adam\",\"description\":\"Beard Oil And Grooming Products For Gentlemen\",\"publisher\":{\"@id\":\"https:\/\/project1-mke5mv4jgx.live-website.com\/#organization\"},\"potentialAction\":[{\"@type\":\"SearchAction\",\"target\":{\"@type\":\"EntryPoint\",\"urlTemplate\":\"https:\/\/project1-mke5mv4jgx.live-website.com\/?s={search_term_string}\"},\"query-input\":{\"@type\":\"PropertyValueSpecification\",\"valueRequired\":true,\"valueName\":\"search_term_string\"}}],\"inLanguage\":\"es\"},{\"@type\":\"Organization\",\"@id\":\"https:\/\/project1-mke5mv4jgx.live-website.com\/#organization\",\"name\":\"GRIZZLY ADAM\",\"url\":\"https:\/\/project1-mke5mv4jgx.live-website.com\/\",\"logo\":{\"@type\":\"ImageObject\",\"inLanguage\":\"es\",\"@id\":\"https:\/\/project1-mke5mv4jgx.live-website.com\/#\/schema\/logo\/image\/\",\"url\":\"https:\/\/grizzlyadam.co.uk\/wp-content\/uploads\/2019\/11\/gadamlogo.png\",\"contentUrl\":\"https:\/\/grizzlyadam.co.uk\/wp-content\/uploads\/2019\/11\/gadamlogo.png\",\"width\":\"200\",\"height\":\"200\",\"caption\":\"GRIZZLY ADAM\"},\"image\":{\"@id\":\"https:\/\/project1-mke5mv4jgx.live-website.com\/#\/schema\/logo\/image\/\"},\"sameAs\":[\"https:\/\/www.facebook.com\/grizzlyadamuk\",\"https:\/\/x.com\/grizzlyadamuk\",\"https:\/\/www.instagram.com\/grizzlyadamuk\/\"]}]}<\/script>\n<!-- \/ Yoast SEO plugin. -->","yoast_head_json":{"title":"Grizzly Adam Starter Beard Care Set - Beard Wash Shampoo & Free Comb - Grizzly Adam","robots":{"index":"index","follow":"follow","max-snippet":"max-snippet:-1","max-image-preview":"max-image-preview:large","max-video-preview":"max-video-preview:-1"},"canonical":"https:\/\/grizzlyadam.co.uk\/es\/producto\/grizzly-adam-starter-beard-care-kit\/","og_locale":"es_ES","og_type":"article","og_title":"Grizzly Adam Starter Beard Care Set - Beard Wash Shampoo & Free Comb - Grizzly Adam","og_description":"Beard Wash Shampoo 200ml and Beard Comb Ideal for Grooming Beards and Moustache Grizzly Adam Helps to care for your skin and your beard  Includes Grizzly Adam Premium Comb presented in a handmade gift box Also includes our NEW Beard Wash Shampoo 200ml Beard wash for men will delicately cleanse both face hair and also the vulnerable skin underneath, leaving both beard and face clean, soft, manageable and also smelling wonderful.","og_url":"https:\/\/grizzlyadam.co.uk\/es\/producto\/grizzly-adam-starter-beard-care-kit\/","og_site_name":"Grizzly Adam","article_publisher":"https:\/\/www.facebook.com\/grizzlyadamuk","article_modified_time":"2025-03-24T07:40:00+00:00","og_image":[{"width":1500,"height":1500,"url":"https:\/\/grizzlyadam.co.uk\/wp-content\/uploads\/2017\/02\/Beardwash3.jpg","type":"image\/jpeg"}],"twitter_card":"summary_large_image","twitter_site":"@grizzlyadamuk","twitter_misc":{"Tiempo de lectura":"1 minuto"},"schema":{"@context":"https:\/\/schema.org","@graph":[{"@type":"WebPage","@id":"https:\/\/grizzlyadam.co.uk\/product\/grizzly-adam-starter-beard-care-kit\/","url":"https:\/\/grizzlyadam.co.uk\/product\/grizzly-adam-starter-beard-care-kit\/","name":"Grizzly Adam Starter Beard Care Set - Beard Wash Shampoo & Free Comb - Grizzly Adam","isPartOf":{"@id":"https:\/\/project1-mke5mv4jgx.live-website.com\/#website"},"primaryImageOfPage":{"@id":"https:\/\/grizzlyadam.co.uk\/product\/grizzly-adam-starter-beard-care-kit\/#primaryimage"},"image":{"@id":"https:\/\/grizzlyadam.co.uk\/product\/grizzly-adam-starter-beard-care-kit\/#primaryimage"},"thumbnailUrl":"https:\/\/grizzlyadam.co.uk\/wp-content\/uploads\/2017\/02\/Beardwash3.jpg","datePublished":"2017-02-19T15:54:23+00:00","dateModified":"2025-03-24T07:40:00+00:00","breadcrumb":{"@id":"https:\/\/grizzlyadam.co.uk\/product\/grizzly-adam-starter-beard-care-kit\/#breadcrumb"},"inLanguage":"es","potentialAction":[{"@type":"ReadAction","target":["https:\/\/grizzlyadam.co.uk\/product\/grizzly-adam-starter-beard-care-kit\/"]}]},{"@type":"ImageObject","inLanguage":"es","@id":"https:\/\/grizzlyadam.co.uk\/product\/grizzly-adam-starter-beard-care-kit\/#primaryimage","url":"https:\/\/grizzlyadam.co.uk\/wp-content\/uploads\/2017\/02\/Beardwash3.jpg","contentUrl":"https:\/\/grizzlyadam.co.uk\/wp-content\/uploads\/2017\/02\/Beardwash3.jpg","width":1200,"height":1200},{"@type":"BreadcrumbList","@id":"https:\/\/grizzlyadam.co.uk\/product\/grizzly-adam-starter-beard-care-kit\/#breadcrumb","itemListElement":[{"@type":"ListItem","position":1,"name":"Home","item":"https:\/\/grizzlyadam.co.uk\/"},{"@type":"ListItem","position":2,"name":"Shop","item":"https:\/\/project1-mke5mv4jgx.live-website.com\/shop\/"},{"@type":"ListItem","position":3,"name":"Grizzly Adam Starter Beard Care Set &#8211; Beard Wash Shampoo &#038; Free Comb"}]},{"@type":"WebSite","@id":"https:\/\/project1-mke5mv4jgx.live-website.com\/#website","url":"https:\/\/project1-mke5mv4jgx.live-website.com\/","name":"Grizzly Adam","description":"Aceite para barba y productos de aseo para caballeros","publisher":{"@id":"https:\/\/project1-mke5mv4jgx.live-website.com\/#organization"},"potentialAction":[{"@type":"SearchAction","target":{"@type":"EntryPoint","urlTemplate":"https:\/\/project1-mke5mv4jgx.live-website.com\/?s={search_term_string}"},"query-input":{"@type":"PropertyValueSpecification","valueRequired":true,"valueName":"search_term_string"}}],"inLanguage":"es"},{"@type":"Organization","@id":"https:\/\/project1-mke5mv4jgx.live-website.com\/#organization","name":"GRIZZLY ADAM","url":"https:\/\/project1-mke5mv4jgx.live-website.com\/","logo":{"@type":"ImageObject","inLanguage":"es","@id":"https:\/\/project1-mke5mv4jgx.live-website.com\/#\/schema\/logo\/image\/","url":"https:\/\/grizzlyadam.co.uk\/wp-content\/uploads\/2019\/11\/gadamlogo.png","contentUrl":"https:\/\/grizzlyadam.co.uk\/wp-content\/uploads\/2019\/11\/gadamlogo.png","width":"200","height":"200","caption":"GRIZZLY ADAM"},"image":{"@id":"https:\/\/project1-mke5mv4jgx.live-website.com\/#\/schema\/logo\/image\/"},"sameAs":["https:\/\/www.facebook.com\/grizzlyadamuk","https:\/\/x.com\/grizzlyadamuk","https:\/\/www.instagram.com\/grizzlyadamuk\/"]}]}},"df_price":14.99,"df_sale_price":14.99,"df_regular_price":22.99,"df_image_link":"https:\/\/grizzlyadam.co.uk\/wp-content\/uploads\/2017\/02\/Beardwash3-300x300.jpg","_links":{"self":[{"href":"https:\/\/grizzlyadam.co.uk\/es\/wp-json\/wp\/v2\/product\/2214","targetHints":{"allow":["GET"]}}],"collection":[{"href":"https:\/\/grizzlyadam.co.uk\/es\/wp-json\/wp\/v2\/product"}],"about":[{"href":"https:\/\/grizzlyadam.co.uk\/es\/wp-json\/wp\/v2\/types\/product"}],"replies":[{"embeddable":true,"href":"https:\/\/grizzlyadam.co.uk\/es\/wp-json\/wp\/v2\/comments?post=2214"}],"wp:featuredmedia":[{"embeddable":true,"href":"https:\/\/grizzlyadam.co.uk\/es\/wp-json\/wp\/v2\/media\/2181"}],"wp:attachment":[{"href":"https:\/\/grizzlyadam.co.uk\/es\/wp-json\/wp\/v2\/media?parent=2214"}],"wp:term":[{"taxonomy":"product_brand","embeddable":true,"href":"https:\/\/grizzlyadam.co.uk\/es\/wp-json\/wp\/v2\/product_brand?post=2214"},{"taxonomy":"product_cat","embeddable":true,"href":"https:\/\/grizzlyadam.co.uk\/es\/wp-json\/wp\/v2\/product_cat?post=2214"},{"taxonomy":"product_tag","embeddable":true,"href":"https:\/\/grizzlyadam.co.uk\/es\/wp-json\/wp\/v2\/product_tag?post=2214"}],"curies":[{"name":"wp","href":"https:\/\/api.w.org\/{rel}","templated":true}]}}