{"id":2209,"date":"2017-02-19T15:54:20","date_gmt":"2017-02-19T15:54:20","guid":{"rendered":"https:\/\/grizzlyadam.co.uk\/product\/new-improved-grizzly-adam-beard-care-kit-perfect-gift-set-for-men\/"},"modified":"2022-11-10T17:55:01","modified_gmt":"2022-11-10T17:55:01","slug":"new-improved-grizzly-adam-beard-care-kit","status":"publish","type":"product","link":"https:\/\/grizzlyadam.co.uk\/es\/producto\/new-improved-grizzly-adam-beard-care-kit\/","title":{"rendered":"Nuevo kit de cuidado de la barba Grizzly Adam mejorado"},"content":{"rendered":"<p><strong>Incluye b\u00e1lsamo para la barba, tijeras de peluquer\u00eda de calidad profesional, aceite para barba puro y org\u00e1nico de 100 ml y peine Grizzly Adam Premium.<\/strong><\/p>\n<p>M\u00e1s de 60 \u00a3 si se compran todos por separado - Un regalo perfecto para hombres con barba o bigote y un obsequio muy apreciado por cualquier hombre con barba.<br \/>\nTijeras profesionales para pelo y barba de 6,5 pulgadas - Tijeras para cortar el pelo con filo de navaja, tensi\u00f3n ajustable e inserciones para los dedos, hojas afiladas para peinar y recortar la barba f\u00e1cilmente<br \/>\nPREMIUM BEARD OIL for Men - Mantenga su barba sana, cuidada y domada de forma natural. Hidrata el pelo y la piel de la barba, elimina el picor y la caspa (barba-caspa) para una barba besable y respetable. Util\u00edcelo a diario para obtener el mejor efecto barba<br \/>\nPELO, BARBA Y BIGOTE: todos se beneficiar\u00e1n de este peine recto de madera, robusto y de estilo cl\u00e1sico. Perfecto para barbas largas y densas<br \/>\nGRIZZLY ADAM BEARD BALM es el mejor acondicionador y espesante de barba sin aclarado para caballeros, con aceites naturales para ayudar con las barbas quebradizas, la caspa de la barba, el picor y las puntas abiertas del mercado. Combate las manchas. Util\u00edcelo a diario para obtener el mejor efecto en su barba.<\/p>","protected":false},"excerpt":{"rendered":"<ul>\n<li>Este aceite y b\u00e1lsamo para barba totalmente natural est\u00e1 perfectamente formulado para evitar las puntas abiertas, controlar el encrespamiento y los enredos, suavizar los bigotes para esos encuentros \u00edntimos, aliviar la piel seca y con picores, reducir la aparici\u00f3n de parches y hacer que usted y su impresionante barba sean mucho m\u00e1s atractivos. El b\u00e1lsamo para barba sirve para todas las variedades y longitudes de vello facial.<\/li>\n<li>Las tijeras de corte de pelo Grizzly Adam Razor Edge est\u00e1n dise\u00f1adas espec\u00edficamente para un alto rendimiento y resultados de calidad. Son imprescindibles para barberos profesionales, amantes del cuidado de la barba y ofrecen resultados elegantes y sin esfuerzo.<\/li>\n<\/ul>","protected":false},"featured_media":2210,"comment_status":"closed","ping_status":"closed","template":"","meta":[],"product_brand":[],"product_cat":[74],"product_tag":[66,79,80,81,82,83,77],"class_list":{"0":"post-2209","1":"product","2":"type-product","3":"status-publish","4":"has-post-thumbnail","6":"product_cat-grooming-kits","7":"product_tag-beard-oil","8":"product_tag-beard-balm","9":"product_tag-beard-care","10":"product_tag-beard-comb","11":"product_tag-beard-scissors","12":"product_tag-grooming","13":"product_tag-grooming-kit","15":"first","16":"instock","17":"taxable","18":"shipping-taxable","19":"purchasable","20":"product-type-simple"},"yoast_head":"<!-- This site is optimized with the Yoast SEO plugin v27.4 - https:\/\/yoast.com\/product\/yoast-seo-wordpress\/ -->\n<title>New Improved Grizzly Adam Beard Care Kit - Grizzly Adam<\/title>\n<meta name=\"robots\" content=\"index, follow, max-snippet:-1, max-image-preview:large, max-video-preview:-1\" \/>\n<link rel=\"canonical\" href=\"https:\/\/grizzlyadam.co.uk\/es\/producto\/new-improved-grizzly-adam-beard-care-kit\/\" \/>\n<meta property=\"og:locale\" content=\"es_ES\" \/>\n<meta property=\"og:type\" content=\"article\" \/>\n<meta property=\"og:title\" content=\"New Improved Grizzly Adam Beard Care Kit - Grizzly Adam\" \/>\n<meta property=\"og:description\" content=\"This all-natural, beard oil and balm is perfectly formulated to prevent split ends, control frizz and tangles, soften whiskers for those intimate encounters, relieve dry, itchy skin, reduce patchiness, and make you and your awesome beard much more attractive. Beard Balm works for all varieties and lengths of facial hair.  Grizzly Adam Razor Edge Hair Cutting Shear Scissors are specifically designed for high performance and quality results. They are a must-have for professional barbers, beard care lovers, and deliver sleek, effortless results.\" \/>\n<meta property=\"og:url\" content=\"https:\/\/grizzlyadam.co.uk\/es\/producto\/new-improved-grizzly-adam-beard-care-kit\/\" \/>\n<meta property=\"og:site_name\" content=\"Grizzly Adam\" \/>\n<meta property=\"article:publisher\" content=\"https:\/\/www.facebook.com\/grizzlyadamuk\" \/>\n<meta property=\"article:modified_time\" content=\"2022-11-10T17:55:01+00:00\" \/>\n<meta property=\"og:image\" content=\"https:\/\/project1-mke5mv4jgx.live-website.com\/wp-content\/uploads\/2017\/02\/new-grroming-kit.jpg\" \/>\n\t<meta property=\"og:image:width\" content=\"375\" \/>\n\t<meta property=\"og:image:height\" content=\"500\" \/>\n\t<meta property=\"og:image:type\" content=\"image\/jpeg\" \/>\n<meta name=\"twitter:card\" content=\"summary_large_image\" \/>\n<meta name=\"twitter:site\" content=\"@grizzlyadamuk\" \/>\n<meta name=\"twitter:label1\" content=\"Tiempo de lectura\" \/>\n\t<meta name=\"twitter:data1\" content=\"1 minuto\" \/>\n<script type=\"application\/ld+json\" class=\"yoast-schema-graph\">{\"@context\":\"https:\\\/\\\/schema.org\",\"@graph\":[{\"@type\":\"WebPage\",\"@id\":\"https:\\\/\\\/grizzlyadam.co.uk\\\/product\\\/new-improved-grizzly-adam-beard-care-kit\\\/\",\"url\":\"https:\\\/\\\/grizzlyadam.co.uk\\\/product\\\/new-improved-grizzly-adam-beard-care-kit\\\/\",\"name\":\"New Improved Grizzly Adam Beard Care Kit - Grizzly Adam\",\"isPartOf\":{\"@id\":\"https:\\\/\\\/project1-mke5mv4jgx.live-website.com\\\/#website\"},\"primaryImageOfPage\":{\"@id\":\"https:\\\/\\\/grizzlyadam.co.uk\\\/product\\\/new-improved-grizzly-adam-beard-care-kit\\\/#primaryimage\"},\"image\":{\"@id\":\"https:\\\/\\\/grizzlyadam.co.uk\\\/product\\\/new-improved-grizzly-adam-beard-care-kit\\\/#primaryimage\"},\"thumbnailUrl\":\"https:\\\/\\\/grizzlyadam.co.uk\\\/wp-content\\\/uploads\\\/2017\\\/02\\\/new-grroming-kit.jpg\",\"datePublished\":\"2017-02-19T15:54:20+00:00\",\"dateModified\":\"2022-11-10T17:55:01+00:00\",\"breadcrumb\":{\"@id\":\"https:\\\/\\\/grizzlyadam.co.uk\\\/product\\\/new-improved-grizzly-adam-beard-care-kit\\\/#breadcrumb\"},\"inLanguage\":\"es\",\"potentialAction\":[{\"@type\":\"ReadAction\",\"target\":[\"https:\\\/\\\/grizzlyadam.co.uk\\\/product\\\/new-improved-grizzly-adam-beard-care-kit\\\/\"]}]},{\"@type\":\"ImageObject\",\"inLanguage\":\"es\",\"@id\":\"https:\\\/\\\/grizzlyadam.co.uk\\\/product\\\/new-improved-grizzly-adam-beard-care-kit\\\/#primaryimage\",\"url\":\"https:\\\/\\\/grizzlyadam.co.uk\\\/wp-content\\\/uploads\\\/2017\\\/02\\\/new-grroming-kit.jpg\",\"contentUrl\":\"https:\\\/\\\/grizzlyadam.co.uk\\\/wp-content\\\/uploads\\\/2017\\\/02\\\/new-grroming-kit.jpg\",\"width\":375,\"height\":500},{\"@type\":\"BreadcrumbList\",\"@id\":\"https:\\\/\\\/grizzlyadam.co.uk\\\/product\\\/new-improved-grizzly-adam-beard-care-kit\\\/#breadcrumb\",\"itemListElement\":[{\"@type\":\"ListItem\",\"position\":1,\"name\":\"Home\",\"item\":\"https:\\\/\\\/grizzlyadam.co.uk\\\/\"},{\"@type\":\"ListItem\",\"position\":2,\"name\":\"Shop\",\"item\":\"https:\\\/\\\/project1-mke5mv4jgx.live-website.com\\\/shop\\\/\"},{\"@type\":\"ListItem\",\"position\":3,\"name\":\"New Improved Grizzly Adam Beard Care Kit\"}]},{\"@type\":\"WebSite\",\"@id\":\"https:\\\/\\\/project1-mke5mv4jgx.live-website.com\\\/#website\",\"url\":\"https:\\\/\\\/project1-mke5mv4jgx.live-website.com\\\/\",\"name\":\"Grizzly Adam\",\"description\":\"Beard Oil And Grooming Products For Gentlemen\",\"publisher\":{\"@id\":\"https:\\\/\\\/project1-mke5mv4jgx.live-website.com\\\/#organization\"},\"potentialAction\":[{\"@type\":\"SearchAction\",\"target\":{\"@type\":\"EntryPoint\",\"urlTemplate\":\"https:\\\/\\\/project1-mke5mv4jgx.live-website.com\\\/?s={search_term_string}\"},\"query-input\":{\"@type\":\"PropertyValueSpecification\",\"valueRequired\":true,\"valueName\":\"search_term_string\"}}],\"inLanguage\":\"es\"},{\"@type\":\"Organization\",\"@id\":\"https:\\\/\\\/project1-mke5mv4jgx.live-website.com\\\/#organization\",\"name\":\"GRIZZLY ADAM\",\"url\":\"https:\\\/\\\/project1-mke5mv4jgx.live-website.com\\\/\",\"logo\":{\"@type\":\"ImageObject\",\"inLanguage\":\"es\",\"@id\":\"https:\\\/\\\/project1-mke5mv4jgx.live-website.com\\\/#\\\/schema\\\/logo\\\/image\\\/\",\"url\":\"https:\\\/\\\/grizzlyadam.co.uk\\\/wp-content\\\/uploads\\\/2019\\\/11\\\/gadamlogo.png\",\"contentUrl\":\"https:\\\/\\\/grizzlyadam.co.uk\\\/wp-content\\\/uploads\\\/2019\\\/11\\\/gadamlogo.png\",\"width\":\"200\",\"height\":\"200\",\"caption\":\"GRIZZLY ADAM\"},\"image\":{\"@id\":\"https:\\\/\\\/project1-mke5mv4jgx.live-website.com\\\/#\\\/schema\\\/logo\\\/image\\\/\"},\"sameAs\":[\"https:\\\/\\\/www.facebook.com\\\/grizzlyadamuk\",\"https:\\\/\\\/x.com\\\/grizzlyadamuk\",\"https:\\\/\\\/www.instagram.com\\\/grizzlyadamuk\\\/\"]}]}<\/script>\n<!-- \/ Yoast SEO plugin. -->","yoast_head_json":{"title":"New Improved Grizzly Adam Beard Care Kit - Grizzly Adam","robots":{"index":"index","follow":"follow","max-snippet":"max-snippet:-1","max-image-preview":"max-image-preview:large","max-video-preview":"max-video-preview:-1"},"canonical":"https:\/\/grizzlyadam.co.uk\/es\/producto\/new-improved-grizzly-adam-beard-care-kit\/","og_locale":"es_ES","og_type":"article","og_title":"New Improved Grizzly Adam Beard Care Kit - Grizzly Adam","og_description":"This all-natural, beard oil and balm is perfectly formulated to prevent split ends, control frizz and tangles, soften whiskers for those intimate encounters, relieve dry, itchy skin, reduce patchiness, and make you and your awesome beard much more attractive. Beard Balm works for all varieties and lengths of facial hair.  Grizzly Adam Razor Edge Hair Cutting Shear Scissors are specifically designed for high performance and quality results. They are a must-have for professional barbers, beard care lovers, and deliver sleek, effortless results.","og_url":"https:\/\/grizzlyadam.co.uk\/es\/producto\/new-improved-grizzly-adam-beard-care-kit\/","og_site_name":"Grizzly Adam","article_publisher":"https:\/\/www.facebook.com\/grizzlyadamuk","article_modified_time":"2022-11-10T17:55:01+00:00","og_image":[{"width":375,"height":500,"url":"https:\/\/project1-mke5mv4jgx.live-website.com\/wp-content\/uploads\/2017\/02\/new-grroming-kit.jpg","type":"image\/jpeg"}],"twitter_card":"summary_large_image","twitter_site":"@grizzlyadamuk","twitter_misc":{"Tiempo de lectura":"1 minuto"},"schema":{"@context":"https:\/\/schema.org","@graph":[{"@type":"WebPage","@id":"https:\/\/grizzlyadam.co.uk\/product\/new-improved-grizzly-adam-beard-care-kit\/","url":"https:\/\/grizzlyadam.co.uk\/product\/new-improved-grizzly-adam-beard-care-kit\/","name":"New Improved Grizzly Adam Beard Care Kit - Grizzly Adam","isPartOf":{"@id":"https:\/\/project1-mke5mv4jgx.live-website.com\/#website"},"primaryImageOfPage":{"@id":"https:\/\/grizzlyadam.co.uk\/product\/new-improved-grizzly-adam-beard-care-kit\/#primaryimage"},"image":{"@id":"https:\/\/grizzlyadam.co.uk\/product\/new-improved-grizzly-adam-beard-care-kit\/#primaryimage"},"thumbnailUrl":"https:\/\/grizzlyadam.co.uk\/wp-content\/uploads\/2017\/02\/new-grroming-kit.jpg","datePublished":"2017-02-19T15:54:20+00:00","dateModified":"2022-11-10T17:55:01+00:00","breadcrumb":{"@id":"https:\/\/grizzlyadam.co.uk\/product\/new-improved-grizzly-adam-beard-care-kit\/#breadcrumb"},"inLanguage":"es","potentialAction":[{"@type":"ReadAction","target":["https:\/\/grizzlyadam.co.uk\/product\/new-improved-grizzly-adam-beard-care-kit\/"]}]},{"@type":"ImageObject","inLanguage":"es","@id":"https:\/\/grizzlyadam.co.uk\/product\/new-improved-grizzly-adam-beard-care-kit\/#primaryimage","url":"https:\/\/grizzlyadam.co.uk\/wp-content\/uploads\/2017\/02\/new-grroming-kit.jpg","contentUrl":"https:\/\/grizzlyadam.co.uk\/wp-content\/uploads\/2017\/02\/new-grroming-kit.jpg","width":375,"height":500},{"@type":"BreadcrumbList","@id":"https:\/\/grizzlyadam.co.uk\/product\/new-improved-grizzly-adam-beard-care-kit\/#breadcrumb","itemListElement":[{"@type":"ListItem","position":1,"name":"Home","item":"https:\/\/grizzlyadam.co.uk\/"},{"@type":"ListItem","position":2,"name":"Shop","item":"https:\/\/project1-mke5mv4jgx.live-website.com\/shop\/"},{"@type":"ListItem","position":3,"name":"New Improved Grizzly Adam Beard Care Kit"}]},{"@type":"WebSite","@id":"https:\/\/project1-mke5mv4jgx.live-website.com\/#website","url":"https:\/\/project1-mke5mv4jgx.live-website.com\/","name":"Grizzly Adam","description":"Aceite para barba y productos de aseo para caballeros","publisher":{"@id":"https:\/\/project1-mke5mv4jgx.live-website.com\/#organization"},"potentialAction":[{"@type":"SearchAction","target":{"@type":"EntryPoint","urlTemplate":"https:\/\/project1-mke5mv4jgx.live-website.com\/?s={search_term_string}"},"query-input":{"@type":"PropertyValueSpecification","valueRequired":true,"valueName":"search_term_string"}}],"inLanguage":"es"},{"@type":"Organization","@id":"https:\/\/project1-mke5mv4jgx.live-website.com\/#organization","name":"GRIZZLY ADAM","url":"https:\/\/project1-mke5mv4jgx.live-website.com\/","logo":{"@type":"ImageObject","inLanguage":"es","@id":"https:\/\/project1-mke5mv4jgx.live-website.com\/#\/schema\/logo\/image\/","url":"https:\/\/grizzlyadam.co.uk\/wp-content\/uploads\/2019\/11\/gadamlogo.png","contentUrl":"https:\/\/grizzlyadam.co.uk\/wp-content\/uploads\/2019\/11\/gadamlogo.png","width":"200","height":"200","caption":"GRIZZLY ADAM"},"image":{"@id":"https:\/\/project1-mke5mv4jgx.live-website.com\/#\/schema\/logo\/image\/"},"sameAs":["https:\/\/www.facebook.com\/grizzlyadamuk","https:\/\/x.com\/grizzlyadamuk","https:\/\/www.instagram.com\/grizzlyadamuk\/"]}]}},"df_price":49.95,"df_sale_price":"","df_regular_price":49.95,"df_image_link":"https:\/\/grizzlyadam.co.uk\/wp-content\/uploads\/2017\/02\/new-grroming-kit-225x300.jpg","_links":{"self":[{"href":"https:\/\/grizzlyadam.co.uk\/es\/wp-json\/wp\/v2\/product\/2209","targetHints":{"allow":["GET"]}}],"collection":[{"href":"https:\/\/grizzlyadam.co.uk\/es\/wp-json\/wp\/v2\/product"}],"about":[{"href":"https:\/\/grizzlyadam.co.uk\/es\/wp-json\/wp\/v2\/types\/product"}],"replies":[{"embeddable":true,"href":"https:\/\/grizzlyadam.co.uk\/es\/wp-json\/wp\/v2\/comments?post=2209"}],"wp:featuredmedia":[{"embeddable":true,"href":"https:\/\/grizzlyadam.co.uk\/es\/wp-json\/wp\/v2\/media\/2210"}],"wp:attachment":[{"href":"https:\/\/grizzlyadam.co.uk\/es\/wp-json\/wp\/v2\/media?parent=2209"}],"wp:term":[{"taxonomy":"product_brand","embeddable":true,"href":"https:\/\/grizzlyadam.co.uk\/es\/wp-json\/wp\/v2\/product_brand?post=2209"},{"taxonomy":"product_cat","embeddable":true,"href":"https:\/\/grizzlyadam.co.uk\/es\/wp-json\/wp\/v2\/product_cat?post=2209"},{"taxonomy":"product_tag","embeddable":true,"href":"https:\/\/grizzlyadam.co.uk\/es\/wp-json\/wp\/v2\/product_tag?post=2209"}],"curies":[{"name":"wp","href":"https:\/\/api.w.org\/{rel}","templated":true}]}}