{"id":2201,"date":"2017-02-19T15:54:01","date_gmt":"2017-02-19T15:54:01","guid":{"rendered":"https:\/\/grizzlyadam.co.uk\/product\/ultimate-grizzly-adam-beard-care-kit\/"},"modified":"2023-11-08T11:17:28","modified_gmt":"2023-11-08T11:17:28","slug":"ultimate-grizzly-adam-beard-care-kit","status":"publish","type":"product","link":"https:\/\/grizzlyadam.co.uk\/es\/producto\/ultimate-grizzly-adam-beard-care-kit\/","title":{"rendered":"Kit de cuidado de la barba Ultimate Grizzly Adam"},"content":{"rendered":"<div id=\"featurebullets_feature_div\" class=\"feature\">\n<div id=\"feature-bullets\" class=\"a-section a-spacing-medium a-spacing-top-small\">\n<p><b>Grizzly Adam Ayuda a cuidar tu piel y tu barba<\/b><\/p>\n<\/div>\n<\/div>\n<p>El KIT ULTIMATE PARA BARBA incluye b\u00e1lsamo para barba, tijeras de peluquer\u00eda de calidad profesional, aceite org\u00e1nico puro para barba de 100 ml, peine Grizzly Adam Premium y nuestro NUEVO champ\u00fa Beard Wash de 200 ml.<\/p>\n<p>El lavado de barba para hombres limpiar\u00e1 delicadamente tanto el vello facial como la vulnerable piel de debajo, dejando tanto la barba como el rostro limpios, suaves, manejables y con un olor maravilloso.<\/p>\n<p>Las tijeras de corte de pelo Grizzly Adam Razor Edge est\u00e1n dise\u00f1adas espec\u00edficamente para un alto rendimiento y resultados de calidad. Son imprescindibles para barberos profesionales, amantes del cuidado de la barba y ofrecen resultados elegantes y sin esfuerzo.<\/p>\n<p>El aceite para barba ayuda a hidratar la piel y a cuidar la barba al mismo tiempo. Aporta aceite esencial a la piel y \u00e9ste penetra en los fol\u00edculos pilosos. Cuando los fol\u00edculos est\u00e1n bien hidratados, el pelo no se reseca ni se vuelve quebradizo. La piel hidratada es suave y lisa, y el aceite para barba ayuda a evitar los picores y la descamaci\u00f3n, que pueden causar molestias.<\/p>\n<p><b>F\u00e1cil de aplicar<\/b><\/p>\n<p>El aceite para barba es muy f\u00e1cil de aplicar y s\u00f3lo lleva unos segundos. Apl\u00edcate unas gotas en la palma de la mano, fr\u00f3tate las manos y p\u00e1sate los dedos por la barba.<\/p>\n<p>Utiliza despu\u00e9s el peine Grizzly Adam y tu barba estar\u00e1 adecuadamente cubierta. El aceite para barba se absorber\u00e1 en unos 20-30 minutos y dejar\u00e1 tu barba con un bonito brillo.<\/p>\n<p>Beard Balm es lo que necesitas para dejarte crecer la barba. Y punto. Este acondicionador sin aclarado totalmente natural est\u00e1 perfectamente formulado para prevenir las puntas abiertas, controlar el encrespamiento y los enredos, suavizar los bigotes para esos encuentros \u00edntimos, aliviar la piel seca y con picores, reducir la aparici\u00f3n de parches y hacer que usted y su impresionante barba sean mucho m\u00e1s atractivos. Beard Balm funciona con todas las variedades y longitudes de vello facial.<\/p>","protected":false},"excerpt":{"rendered":"<p>Set de regalo perfecto para hombre - Champ\u00fa para barba 200ml, B\u00e1lsamo para barba 60ml, Aceite para barba 100ml, Tijeras para barba y Peine para barba Ideal para el cuidado de la barba y el bigote ...<\/p>\n<ul class=\"a-vertical a-spacing-none\">\n<li><span class=\"a-list-item\">M\u00e1s de 95 \u00a4 si se compran por separado Este KIT ULTIMATE PARA LA BARBA incluye ahora un champ\u00fa suave para la barba y un jab\u00f3n formulado espec\u00edficamente para la barba y el bigote - Un regalo perfecto para los hombres con barba o bigote y un buen regalo de Navidad para cualquier hombre con barba<\/span><\/li>\n<li><span class=\"a-list-item\">Tijeras profesionales para pelo y barba de 6,5 pulgadas - Tijeras para cortar el pelo con filo de navaja, tensi\u00f3n ajustable e inserciones para los dedos, hojas afiladas para peinar y recortar la barba f\u00e1cilmente<\/span><\/li>\n<li><span class=\"a-list-item\">PREMIUM BEARD OIL for Men - Mantenga su barba sana, cuidada y domada de forma natural. Hidrata el pelo y la piel de la barba, elimina el picor y la caspa (barba-caspa) para una barba besable y respetable. Util\u00edcelo a diario para obtener el mejor efecto barba<\/span><\/li>\n<li><span class=\"a-list-item\">PELO, BARBA Y BIGOTE: todos se beneficiar\u00e1n de este peine recto de madera, robusto y de estilo cl\u00e1sico. Perfecto para barbas largas y densas<\/span><\/li>\n<li><span class=\"a-list-item\">GRIZZLY ADAM BEARD BALM es el mejor acondicionador y espesante de barba sin aclarado para caballeros, con aceites naturales para ayudar con las barbas quebradizas, la caspa de la barba, el picor y las puntas abiertas del mercado. \u00a1Combate los parches! Util\u00edcelo a diario para obtener el mejor efecto en su barba<\/span><\/li>\n<\/ul>","protected":false},"featured_media":26843,"comment_status":"closed","ping_status":"closed","template":"","meta":[],"product_brand":[],"product_cat":[74,90],"product_tag":[66,75,76,67,77,68,78],"class_list":{"0":"post-2201","1":"product","2":"type-product","3":"status-publish","4":"has-post-thumbnail","6":"product_cat-grooming-kits","7":"product_cat-hair-care","8":"product_tag-beard-oil","9":"product_tag-balm","10":"product_tag-comb","11":"product_tag-conditioner","12":"product_tag-grooming-kit","13":"product_tag-moisturiser","14":"product_tag-scissors","16":"first","17":"instock","18":"taxable","19":"shipping-taxable","20":"purchasable","21":"product-type-simple"},"yoast_head":"<!-- This site is optimized with the Yoast SEO plugin v27.4 - https:\/\/yoast.com\/product\/yoast-seo-wordpress\/ -->\n<title>Ultimate Grizzly Adam Beard Care Kit - Grizzly Adam<\/title>\n<meta name=\"robots\" content=\"index, follow, max-snippet:-1, max-image-preview:large, max-video-preview:-1\" \/>\n<link rel=\"canonical\" href=\"https:\/\/grizzlyadam.co.uk\/es\/producto\/ultimate-grizzly-adam-beard-care-kit\/\" \/>\n<meta property=\"og:locale\" content=\"es_ES\" \/>\n<meta property=\"og:type\" content=\"article\" \/>\n<meta property=\"og:title\" content=\"Ultimate Grizzly Adam Beard Care Kit - Grizzly Adam\" \/>\n<meta property=\"og:description\" content=\"Perfect Gift Set for Men - Beard Wash Shampoo 200ml, Beard Balm 60ml, Beard Oil 100ml, Beard Scissors and Beard Comb Ideal for Grooming Beards and Moustache \u2026   Over \u00a395 if all purchased separately This ULTIMATE BEARD KIT now includes a gentle beard shampoo and wash formulated specifically for your beard and moustache - Perfect stocking filler for men with beards or mustaches and would be a welcome Christmas gift to any bearded man  6.5-Inch Professional Hair and Beard Scissors - Razor Edge Hair Cutting Scissors with Adjustable Tension and Finger Inserts, Sharp Blades for Easy Hairstyling and Beard Trimming  PREMIUM BEARD OIL for Men - Keep Your Beard Healthy, Groomed and Tamed Naturally. Moisturizes Beard Hair and Skin, Eliminates Itching and Dandruff (Beard-druff) for a kissable and respectable beard. Use daily for the best beard effect  HAIR, BEARDS, &amp; MUSTACHES will all benefit from the classically styled, sturdy straight wood comb. Perfect for Long Dense Beards  GRIZZLY ADAM BEARD BALM is the top gentleman&#039;s leave-in beard conditioner and thickener with natural oils to help with brittle beards, beard-druff, itching and split ends on the market. Fight patchiness! Use daily for the best beard effect\" \/>\n<meta property=\"og:url\" content=\"https:\/\/grizzlyadam.co.uk\/es\/producto\/ultimate-grizzly-adam-beard-care-kit\/\" \/>\n<meta property=\"og:site_name\" content=\"Grizzly Adam\" \/>\n<meta property=\"article:publisher\" content=\"https:\/\/www.facebook.com\/grizzlyadamuk\" \/>\n<meta property=\"article:modified_time\" content=\"2023-11-08T11:17:28+00:00\" \/>\n<meta property=\"og:image\" content=\"https:\/\/project1-mke5mv4jgx.live-website.com\/wp-content\/uploads\/2017\/02\/Kit3.1-1024x683.png\" \/>\n\t<meta property=\"og:image:width\" content=\"1024\" \/>\n\t<meta property=\"og:image:height\" content=\"683\" \/>\n\t<meta property=\"og:image:type\" content=\"image\/png\" \/>\n<meta name=\"twitter:card\" content=\"summary_large_image\" \/>\n<meta name=\"twitter:site\" content=\"@grizzlyadamuk\" \/>\n<meta name=\"twitter:label1\" content=\"Tiempo de lectura\" \/>\n\t<meta name=\"twitter:data1\" content=\"2 minutos\" \/>\n<script type=\"application\/ld+json\" class=\"yoast-schema-graph\">{\"@context\":\"https:\\\/\\\/schema.org\",\"@graph\":[{\"@type\":\"WebPage\",\"@id\":\"https:\\\/\\\/grizzlyadam.co.uk\\\/product\\\/ultimate-grizzly-adam-beard-care-kit\\\/\",\"url\":\"https:\\\/\\\/grizzlyadam.co.uk\\\/product\\\/ultimate-grizzly-adam-beard-care-kit\\\/\",\"name\":\"Ultimate Grizzly Adam Beard Care Kit - Grizzly Adam\",\"isPartOf\":{\"@id\":\"https:\\\/\\\/project1-mke5mv4jgx.live-website.com\\\/#website\"},\"primaryImageOfPage\":{\"@id\":\"https:\\\/\\\/grizzlyadam.co.uk\\\/product\\\/ultimate-grizzly-adam-beard-care-kit\\\/#primaryimage\"},\"image\":{\"@id\":\"https:\\\/\\\/grizzlyadam.co.uk\\\/product\\\/ultimate-grizzly-adam-beard-care-kit\\\/#primaryimage\"},\"thumbnailUrl\":\"https:\\\/\\\/grizzlyadam.co.uk\\\/wp-content\\\/uploads\\\/2017\\\/02\\\/Kit3.1.png\",\"datePublished\":\"2017-02-19T15:54:01+00:00\",\"dateModified\":\"2023-11-08T11:17:28+00:00\",\"breadcrumb\":{\"@id\":\"https:\\\/\\\/grizzlyadam.co.uk\\\/product\\\/ultimate-grizzly-adam-beard-care-kit\\\/#breadcrumb\"},\"inLanguage\":\"es\",\"potentialAction\":[{\"@type\":\"ReadAction\",\"target\":[\"https:\\\/\\\/grizzlyadam.co.uk\\\/product\\\/ultimate-grizzly-adam-beard-care-kit\\\/\"]}]},{\"@type\":\"ImageObject\",\"inLanguage\":\"es\",\"@id\":\"https:\\\/\\\/grizzlyadam.co.uk\\\/product\\\/ultimate-grizzly-adam-beard-care-kit\\\/#primaryimage\",\"url\":\"https:\\\/\\\/grizzlyadam.co.uk\\\/wp-content\\\/uploads\\\/2017\\\/02\\\/Kit3.1.png\",\"contentUrl\":\"https:\\\/\\\/grizzlyadam.co.uk\\\/wp-content\\\/uploads\\\/2017\\\/02\\\/Kit3.1.png\",\"width\":1800,\"height\":1200},{\"@type\":\"BreadcrumbList\",\"@id\":\"https:\\\/\\\/grizzlyadam.co.uk\\\/product\\\/ultimate-grizzly-adam-beard-care-kit\\\/#breadcrumb\",\"itemListElement\":[{\"@type\":\"ListItem\",\"position\":1,\"name\":\"Home\",\"item\":\"https:\\\/\\\/grizzlyadam.co.uk\\\/\"},{\"@type\":\"ListItem\",\"position\":2,\"name\":\"Shop\",\"item\":\"https:\\\/\\\/project1-mke5mv4jgx.live-website.com\\\/shop\\\/\"},{\"@type\":\"ListItem\",\"position\":3,\"name\":\"Ultimate Grizzly Adam Beard Care Kit\"}]},{\"@type\":\"WebSite\",\"@id\":\"https:\\\/\\\/project1-mke5mv4jgx.live-website.com\\\/#website\",\"url\":\"https:\\\/\\\/project1-mke5mv4jgx.live-website.com\\\/\",\"name\":\"Grizzly Adam\",\"description\":\"Beard Oil And Grooming Products For Gentlemen\",\"publisher\":{\"@id\":\"https:\\\/\\\/project1-mke5mv4jgx.live-website.com\\\/#organization\"},\"potentialAction\":[{\"@type\":\"SearchAction\",\"target\":{\"@type\":\"EntryPoint\",\"urlTemplate\":\"https:\\\/\\\/project1-mke5mv4jgx.live-website.com\\\/?s={search_term_string}\"},\"query-input\":{\"@type\":\"PropertyValueSpecification\",\"valueRequired\":true,\"valueName\":\"search_term_string\"}}],\"inLanguage\":\"es\"},{\"@type\":\"Organization\",\"@id\":\"https:\\\/\\\/project1-mke5mv4jgx.live-website.com\\\/#organization\",\"name\":\"GRIZZLY ADAM\",\"url\":\"https:\\\/\\\/project1-mke5mv4jgx.live-website.com\\\/\",\"logo\":{\"@type\":\"ImageObject\",\"inLanguage\":\"es\",\"@id\":\"https:\\\/\\\/project1-mke5mv4jgx.live-website.com\\\/#\\\/schema\\\/logo\\\/image\\\/\",\"url\":\"https:\\\/\\\/grizzlyadam.co.uk\\\/wp-content\\\/uploads\\\/2019\\\/11\\\/gadamlogo.png\",\"contentUrl\":\"https:\\\/\\\/grizzlyadam.co.uk\\\/wp-content\\\/uploads\\\/2019\\\/11\\\/gadamlogo.png\",\"width\":\"200\",\"height\":\"200\",\"caption\":\"GRIZZLY ADAM\"},\"image\":{\"@id\":\"https:\\\/\\\/project1-mke5mv4jgx.live-website.com\\\/#\\\/schema\\\/logo\\\/image\\\/\"},\"sameAs\":[\"https:\\\/\\\/www.facebook.com\\\/grizzlyadamuk\",\"https:\\\/\\\/x.com\\\/grizzlyadamuk\",\"https:\\\/\\\/www.instagram.com\\\/grizzlyadamuk\\\/\"]}]}<\/script>\n<!-- \/ Yoast SEO plugin. -->","yoast_head_json":{"title":"Ultimate Grizzly Adam Beard Care Kit - Grizzly Adam","robots":{"index":"index","follow":"follow","max-snippet":"max-snippet:-1","max-image-preview":"max-image-preview:large","max-video-preview":"max-video-preview:-1"},"canonical":"https:\/\/grizzlyadam.co.uk\/es\/producto\/ultimate-grizzly-adam-beard-care-kit\/","og_locale":"es_ES","og_type":"article","og_title":"Ultimate Grizzly Adam Beard Care Kit - Grizzly Adam","og_description":"Perfect Gift Set for Men - Beard Wash Shampoo 200ml, Beard Balm 60ml, Beard Oil 100ml, Beard Scissors and Beard Comb Ideal for Grooming Beards and Moustache \u2026   Over \u00a395 if all purchased separately This ULTIMATE BEARD KIT now includes a gentle beard shampoo and wash formulated specifically for your beard and moustache - Perfect stocking filler for men with beards or mustaches and would be a welcome Christmas gift to any bearded man  6.5-Inch Professional Hair and Beard Scissors - Razor Edge Hair Cutting Scissors with Adjustable Tension and Finger Inserts, Sharp Blades for Easy Hairstyling and Beard Trimming  PREMIUM BEARD OIL for Men - Keep Your Beard Healthy, Groomed and Tamed Naturally. Moisturizes Beard Hair and Skin, Eliminates Itching and Dandruff (Beard-druff) for a kissable and respectable beard. Use daily for the best beard effect  HAIR, BEARDS, &amp; MUSTACHES will all benefit from the classically styled, sturdy straight wood comb. Perfect for Long Dense Beards  GRIZZLY ADAM BEARD BALM is the top gentleman's leave-in beard conditioner and thickener with natural oils to help with brittle beards, beard-druff, itching and split ends on the market. Fight patchiness! Use daily for the best beard effect","og_url":"https:\/\/grizzlyadam.co.uk\/es\/producto\/ultimate-grizzly-adam-beard-care-kit\/","og_site_name":"Grizzly Adam","article_publisher":"https:\/\/www.facebook.com\/grizzlyadamuk","article_modified_time":"2023-11-08T11:17:28+00:00","og_image":[{"width":1024,"height":683,"url":"https:\/\/project1-mke5mv4jgx.live-website.com\/wp-content\/uploads\/2017\/02\/Kit3.1-1024x683.png","type":"image\/png"}],"twitter_card":"summary_large_image","twitter_site":"@grizzlyadamuk","twitter_misc":{"Tiempo de lectura":"2 minutos"},"schema":{"@context":"https:\/\/schema.org","@graph":[{"@type":"WebPage","@id":"https:\/\/grizzlyadam.co.uk\/product\/ultimate-grizzly-adam-beard-care-kit\/","url":"https:\/\/grizzlyadam.co.uk\/product\/ultimate-grizzly-adam-beard-care-kit\/","name":"Ultimate Grizzly Adam Beard Care Kit - Grizzly Adam","isPartOf":{"@id":"https:\/\/project1-mke5mv4jgx.live-website.com\/#website"},"primaryImageOfPage":{"@id":"https:\/\/grizzlyadam.co.uk\/product\/ultimate-grizzly-adam-beard-care-kit\/#primaryimage"},"image":{"@id":"https:\/\/grizzlyadam.co.uk\/product\/ultimate-grizzly-adam-beard-care-kit\/#primaryimage"},"thumbnailUrl":"https:\/\/grizzlyadam.co.uk\/wp-content\/uploads\/2017\/02\/Kit3.1.png","datePublished":"2017-02-19T15:54:01+00:00","dateModified":"2023-11-08T11:17:28+00:00","breadcrumb":{"@id":"https:\/\/grizzlyadam.co.uk\/product\/ultimate-grizzly-adam-beard-care-kit\/#breadcrumb"},"inLanguage":"es","potentialAction":[{"@type":"ReadAction","target":["https:\/\/grizzlyadam.co.uk\/product\/ultimate-grizzly-adam-beard-care-kit\/"]}]},{"@type":"ImageObject","inLanguage":"es","@id":"https:\/\/grizzlyadam.co.uk\/product\/ultimate-grizzly-adam-beard-care-kit\/#primaryimage","url":"https:\/\/grizzlyadam.co.uk\/wp-content\/uploads\/2017\/02\/Kit3.1.png","contentUrl":"https:\/\/grizzlyadam.co.uk\/wp-content\/uploads\/2017\/02\/Kit3.1.png","width":1800,"height":1200},{"@type":"BreadcrumbList","@id":"https:\/\/grizzlyadam.co.uk\/product\/ultimate-grizzly-adam-beard-care-kit\/#breadcrumb","itemListElement":[{"@type":"ListItem","position":1,"name":"Home","item":"https:\/\/grizzlyadam.co.uk\/"},{"@type":"ListItem","position":2,"name":"Shop","item":"https:\/\/project1-mke5mv4jgx.live-website.com\/shop\/"},{"@type":"ListItem","position":3,"name":"Ultimate Grizzly Adam Beard Care Kit"}]},{"@type":"WebSite","@id":"https:\/\/project1-mke5mv4jgx.live-website.com\/#website","url":"https:\/\/project1-mke5mv4jgx.live-website.com\/","name":"Grizzly Adam","description":"Aceite para barba y productos de aseo para caballeros","publisher":{"@id":"https:\/\/project1-mke5mv4jgx.live-website.com\/#organization"},"potentialAction":[{"@type":"SearchAction","target":{"@type":"EntryPoint","urlTemplate":"https:\/\/project1-mke5mv4jgx.live-website.com\/?s={search_term_string}"},"query-input":{"@type":"PropertyValueSpecification","valueRequired":true,"valueName":"search_term_string"}}],"inLanguage":"es"},{"@type":"Organization","@id":"https:\/\/project1-mke5mv4jgx.live-website.com\/#organization","name":"GRIZZLY ADAM","url":"https:\/\/project1-mke5mv4jgx.live-website.com\/","logo":{"@type":"ImageObject","inLanguage":"es","@id":"https:\/\/project1-mke5mv4jgx.live-website.com\/#\/schema\/logo\/image\/","url":"https:\/\/grizzlyadam.co.uk\/wp-content\/uploads\/2019\/11\/gadamlogo.png","contentUrl":"https:\/\/grizzlyadam.co.uk\/wp-content\/uploads\/2019\/11\/gadamlogo.png","width":"200","height":"200","caption":"GRIZZLY ADAM"},"image":{"@id":"https:\/\/project1-mke5mv4jgx.live-website.com\/#\/schema\/logo\/image\/"},"sameAs":["https:\/\/www.facebook.com\/grizzlyadamuk","https:\/\/x.com\/grizzlyadamuk","https:\/\/www.instagram.com\/grizzlyadamuk\/"]}]}},"df_price":69.99,"df_sale_price":"","df_regular_price":69.99,"df_image_link":"https:\/\/grizzlyadam.co.uk\/wp-content\/uploads\/2017\/02\/Kit3.1-300x200.png","_links":{"self":[{"href":"https:\/\/grizzlyadam.co.uk\/es\/wp-json\/wp\/v2\/product\/2201","targetHints":{"allow":["GET"]}}],"collection":[{"href":"https:\/\/grizzlyadam.co.uk\/es\/wp-json\/wp\/v2\/product"}],"about":[{"href":"https:\/\/grizzlyadam.co.uk\/es\/wp-json\/wp\/v2\/types\/product"}],"replies":[{"embeddable":true,"href":"https:\/\/grizzlyadam.co.uk\/es\/wp-json\/wp\/v2\/comments?post=2201"}],"wp:featuredmedia":[{"embeddable":true,"href":"https:\/\/grizzlyadam.co.uk\/es\/wp-json\/wp\/v2\/media\/26843"}],"wp:attachment":[{"href":"https:\/\/grizzlyadam.co.uk\/es\/wp-json\/wp\/v2\/media?parent=2201"}],"wp:term":[{"taxonomy":"product_brand","embeddable":true,"href":"https:\/\/grizzlyadam.co.uk\/es\/wp-json\/wp\/v2\/product_brand?post=2201"},{"taxonomy":"product_cat","embeddable":true,"href":"https:\/\/grizzlyadam.co.uk\/es\/wp-json\/wp\/v2\/product_cat?post=2201"},{"taxonomy":"product_tag","embeddable":true,"href":"https:\/\/grizzlyadam.co.uk\/es\/wp-json\/wp\/v2\/product_tag?post=2201"}],"curies":[{"name":"wp","href":"https:\/\/api.w.org\/{rel}","templated":true}]}}