{"id":2189,"date":"2017-02-19T15:53:46","date_gmt":"2017-02-19T15:53:46","guid":{"rendered":"https:\/\/grizzlyadam.co.uk\/product\/grizzly-adam-beard-scissors\/"},"modified":"2025-01-24T13:42:23","modified_gmt":"2025-01-24T13:42:23","slug":"grizzly-adam-beard-scissors","status":"publish","type":"product","link":"https:\/\/grizzlyadam.co.uk\/es\/producto\/grizzly-adam-beard-scissors\/","title":{"rendered":"Tijeras para barba Grizzly Adam"},"content":{"rendered":"<p style=\"text-align: center;\"><b>\u00a1Las mejores tijeras de peluquer\u00eda profesional de calidad de sal\u00f3n!<\/b><\/p>\n<p style=\"text-align: center;\">Las tijeras de corte de pelo Grizzly Adam Razor Edge est\u00e1n dise\u00f1adas espec\u00edficamente para un alto rendimiento y resultados de calidad. Son imprescindibles para barberos profesionales, amantes del cuidado de la barba y ofrecen resultados elegantes y sin esfuerzo.<\/p>\n<p style=\"text-align: center;\"><b>Tijeras para barba artesanales j2 de acero japon\u00e9s<b> <\/b><\/b><\/p>\n<p style=\"text-align: center;\"><b><b> Ideales para el hogar o el negocio, estas tijeras est\u00e1n fabricadas con acero inoxidable japon\u00e9s de alta calidad para una mayor durabilidad y longevidad. Los pomos de tensi\u00f3n ajustables y las inserciones para los dedos extra\u00edbles hacen que estas tijeras se adapten a cualquier mano. <span class=\"a-list-item\">Colour blue finger insert<\/span>. <\/b><\/b><\/p>\n<p style=\"text-align: center;\">- 100% Acero inoxidable japon\u00e9s para mayor durabilidad.<\/p>\n<p style=\"text-align: center;\">- Tensi\u00f3n e inserciones de dedos personalizables.<\/p>\n<p style=\"text-align: center;\">- Construcci\u00f3n de calidad para un corte limpio en todo momento.<\/p>\n<p style=\"text-align: center;\"><b>Nuestra garant\u00eda de satisfacci\u00f3n del cliente<\/b> Si no est\u00e1 satisfecho con las tijeras para cortar el pelo con filo de navaja de Grizzly Adam, devu\u00e9lvalas en un plazo de 30 d\u00edas para obtener un reembolso completo. Sin preguntas, sin problemas.<\/p>\n<p style=\"text-align: center;\"><b>Despl\u00e1cese hacia arriba para hacer clic en el bot\u00f3n A\u00f1adir a la cesta. Razor Edge Hair Cutting Scissors enviado hoy.<\/b><\/p>","protected":false},"excerpt":{"rendered":"<div id=\"fbExpandableSectionContent\" class=\"a-section a-spacing-none\">\n<ul class=\"a-vertical a-spacing-none\">\n<li class=\"showHiddenFeatureBullets\"><span class=\"a-list-item\">Acero inoxidable japon\u00e9s 100% de alta calidad para un rendimiento \u00f3ptimo<\/span><\/li>\n<li class=\"showHiddenFeatureBullets\"><span class=\"a-list-item\">Tijera profesional con filo de navaja<\/span><\/li>\n<li class=\"showHiddenFeatureBullets\"><span class=\"a-list-item\">Inserciones extra\u00edbles para el pulgar y el dedo para ajustes de tama\u00f1o que se adaptan a cualquier pulgar y dedo<\/span><\/li>\n<li class=\"showHiddenFeatureBullets\">Cuchillas uniformemente afiladas para un uso altamente profesional<\/li>\n<\/ul>\n<\/div>","protected":false},"featured_media":152105,"comment_status":"closed","ping_status":"closed","template":"","meta":[],"product_brand":[],"product_cat":[71,73],"product_tag":[],"class_list":{"0":"post-2189","1":"product","2":"type-product","3":"status-publish","4":"has-post-thumbnail","6":"product_cat-accessories","7":"product_cat-beard-scissors","9":"first","10":"instock","11":"taxable","12":"shipping-taxable","13":"purchasable","14":"product-type-simple"},"yoast_head":"<!-- This site is optimized with the Yoast SEO plugin v27.4 - https:\/\/yoast.com\/product\/yoast-seo-wordpress\/ -->\n<title>Grizzly Adam Beard Scissors - Grizzly Adam<\/title>\n<meta name=\"description\" content=\"Grizzly Adam Razor Edge Hair Cutting Shear Scissors are specifically designed for high performance and quality results. They are a must-have for professional barbers, beard care lovers, and deliver sleek, effortless results.\" \/>\n<meta name=\"robots\" content=\"index, follow, max-snippet:-1, max-image-preview:large, max-video-preview:-1\" \/>\n<link rel=\"canonical\" href=\"https:\/\/grizzlyadam.co.uk\/es\/producto\/grizzly-adam-beard-scissors\/\" \/>\n<meta property=\"og:locale\" content=\"es_ES\" \/>\n<meta property=\"og:type\" content=\"article\" \/>\n<meta property=\"og:title\" content=\"Grizzly Adam Beard Scissors - Grizzly Adam\" \/>\n<meta property=\"og:description\" content=\"Grizzly Adam Razor Edge Hair Cutting Shear Scissors are specifically designed for high performance and quality results. They are a must-have for professional barbers, beard care lovers, and deliver sleek, effortless results.\" \/>\n<meta property=\"og:url\" content=\"https:\/\/grizzlyadam.co.uk\/es\/producto\/grizzly-adam-beard-scissors\/\" \/>\n<meta property=\"og:site_name\" content=\"Grizzly Adam\" \/>\n<meta property=\"article:publisher\" content=\"https:\/\/www.facebook.com\/grizzlyadamuk\" \/>\n<meta property=\"article:modified_time\" content=\"2025-01-24T13:42:23+00:00\" \/>\n<meta property=\"og:image\" content=\"https:\/\/project1-mke5mv4jgx.live-website.com\/wp-content\/uploads\/2017\/02\/Main-Image.png\" \/>\n\t<meta property=\"og:image:width\" content=\"1080\" \/>\n\t<meta property=\"og:image:height\" content=\"1080\" \/>\n\t<meta property=\"og:image:type\" content=\"image\/png\" \/>\n<meta name=\"twitter:card\" content=\"summary_large_image\" \/>\n<meta name=\"twitter:site\" content=\"@grizzlyadamuk\" \/>\n<meta name=\"twitter:label1\" content=\"Tiempo de lectura\" \/>\n\t<meta name=\"twitter:data1\" content=\"1 minuto\" \/>\n<script type=\"application\/ld+json\" class=\"yoast-schema-graph\">{\"@context\":\"https:\\\/\\\/schema.org\",\"@graph\":[{\"@type\":\"WebPage\",\"@id\":\"https:\\\/\\\/grizzlyadam.co.uk\\\/product\\\/grizzly-adam-beard-scissors\\\/\",\"url\":\"https:\\\/\\\/grizzlyadam.co.uk\\\/product\\\/grizzly-adam-beard-scissors\\\/\",\"name\":\"Grizzly Adam Beard Scissors - Grizzly Adam\",\"isPartOf\":{\"@id\":\"https:\\\/\\\/project1-mke5mv4jgx.live-website.com\\\/#website\"},\"primaryImageOfPage\":{\"@id\":\"https:\\\/\\\/grizzlyadam.co.uk\\\/product\\\/grizzly-adam-beard-scissors\\\/#primaryimage\"},\"image\":{\"@id\":\"https:\\\/\\\/grizzlyadam.co.uk\\\/product\\\/grizzly-adam-beard-scissors\\\/#primaryimage\"},\"thumbnailUrl\":\"https:\\\/\\\/grizzlyadam.co.uk\\\/wp-content\\\/uploads\\\/2017\\\/02\\\/Main-Image.png\",\"datePublished\":\"2017-02-19T15:53:46+00:00\",\"dateModified\":\"2025-01-24T13:42:23+00:00\",\"description\":\"Grizzly Adam Razor Edge Hair Cutting Shear Scissors are specifically designed for high performance and quality results. They are a must-have for professional barbers, beard care lovers, and deliver sleek, effortless results.\",\"breadcrumb\":{\"@id\":\"https:\\\/\\\/grizzlyadam.co.uk\\\/product\\\/grizzly-adam-beard-scissors\\\/#breadcrumb\"},\"inLanguage\":\"es\",\"potentialAction\":[{\"@type\":\"ReadAction\",\"target\":[\"https:\\\/\\\/grizzlyadam.co.uk\\\/product\\\/grizzly-adam-beard-scissors\\\/\"]}]},{\"@type\":\"ImageObject\",\"inLanguage\":\"es\",\"@id\":\"https:\\\/\\\/grizzlyadam.co.uk\\\/product\\\/grizzly-adam-beard-scissors\\\/#primaryimage\",\"url\":\"https:\\\/\\\/grizzlyadam.co.uk\\\/wp-content\\\/uploads\\\/2017\\\/02\\\/Main-Image.png\",\"contentUrl\":\"https:\\\/\\\/grizzlyadam.co.uk\\\/wp-content\\\/uploads\\\/2017\\\/02\\\/Main-Image.png\",\"width\":1080,\"height\":1080},{\"@type\":\"BreadcrumbList\",\"@id\":\"https:\\\/\\\/grizzlyadam.co.uk\\\/product\\\/grizzly-adam-beard-scissors\\\/#breadcrumb\",\"itemListElement\":[{\"@type\":\"ListItem\",\"position\":1,\"name\":\"Home\",\"item\":\"https:\\\/\\\/grizzlyadam.co.uk\\\/\"},{\"@type\":\"ListItem\",\"position\":2,\"name\":\"Shop\",\"item\":\"https:\\\/\\\/project1-mke5mv4jgx.live-website.com\\\/shop\\\/\"},{\"@type\":\"ListItem\",\"position\":3,\"name\":\"Grizzly Adam Beard Scissors\"}]},{\"@type\":\"WebSite\",\"@id\":\"https:\\\/\\\/project1-mke5mv4jgx.live-website.com\\\/#website\",\"url\":\"https:\\\/\\\/project1-mke5mv4jgx.live-website.com\\\/\",\"name\":\"Grizzly Adam\",\"description\":\"Beard Oil And Grooming Products For Gentlemen\",\"publisher\":{\"@id\":\"https:\\\/\\\/project1-mke5mv4jgx.live-website.com\\\/#organization\"},\"potentialAction\":[{\"@type\":\"SearchAction\",\"target\":{\"@type\":\"EntryPoint\",\"urlTemplate\":\"https:\\\/\\\/project1-mke5mv4jgx.live-website.com\\\/?s={search_term_string}\"},\"query-input\":{\"@type\":\"PropertyValueSpecification\",\"valueRequired\":true,\"valueName\":\"search_term_string\"}}],\"inLanguage\":\"es\"},{\"@type\":\"Organization\",\"@id\":\"https:\\\/\\\/project1-mke5mv4jgx.live-website.com\\\/#organization\",\"name\":\"GRIZZLY ADAM\",\"url\":\"https:\\\/\\\/project1-mke5mv4jgx.live-website.com\\\/\",\"logo\":{\"@type\":\"ImageObject\",\"inLanguage\":\"es\",\"@id\":\"https:\\\/\\\/project1-mke5mv4jgx.live-website.com\\\/#\\\/schema\\\/logo\\\/image\\\/\",\"url\":\"https:\\\/\\\/grizzlyadam.co.uk\\\/wp-content\\\/uploads\\\/2019\\\/11\\\/gadamlogo.png\",\"contentUrl\":\"https:\\\/\\\/grizzlyadam.co.uk\\\/wp-content\\\/uploads\\\/2019\\\/11\\\/gadamlogo.png\",\"width\":\"200\",\"height\":\"200\",\"caption\":\"GRIZZLY ADAM\"},\"image\":{\"@id\":\"https:\\\/\\\/project1-mke5mv4jgx.live-website.com\\\/#\\\/schema\\\/logo\\\/image\\\/\"},\"sameAs\":[\"https:\\\/\\\/www.facebook.com\\\/grizzlyadamuk\",\"https:\\\/\\\/x.com\\\/grizzlyadamuk\",\"https:\\\/\\\/www.instagram.com\\\/grizzlyadamuk\\\/\"]}]}<\/script>\n<!-- \/ Yoast SEO plugin. -->","yoast_head_json":{"title":"Grizzly Adam Beard Scissors - Grizzly Adam","description":"Las tijeras de corte de pelo Grizzly Adam Razor Edge est\u00e1n dise\u00f1adas espec\u00edficamente para un alto rendimiento y resultados de calidad. Son imprescindibles para barberos profesionales, amantes del cuidado de la barba y ofrecen resultados elegantes y sin esfuerzo.","robots":{"index":"index","follow":"follow","max-snippet":"max-snippet:-1","max-image-preview":"max-image-preview:large","max-video-preview":"max-video-preview:-1"},"canonical":"https:\/\/grizzlyadam.co.uk\/es\/producto\/grizzly-adam-beard-scissors\/","og_locale":"es_ES","og_type":"article","og_title":"Grizzly Adam Beard Scissors - Grizzly Adam","og_description":"Grizzly Adam Razor Edge Hair Cutting Shear Scissors are specifically designed for high performance and quality results. They are a must-have for professional barbers, beard care lovers, and deliver sleek, effortless results.","og_url":"https:\/\/grizzlyadam.co.uk\/es\/producto\/grizzly-adam-beard-scissors\/","og_site_name":"Grizzly Adam","article_publisher":"https:\/\/www.facebook.com\/grizzlyadamuk","article_modified_time":"2025-01-24T13:42:23+00:00","og_image":[{"width":1080,"height":1080,"url":"https:\/\/project1-mke5mv4jgx.live-website.com\/wp-content\/uploads\/2017\/02\/Main-Image.png","type":"image\/png"}],"twitter_card":"summary_large_image","twitter_site":"@grizzlyadamuk","twitter_misc":{"Tiempo de lectura":"1 minuto"},"schema":{"@context":"https:\/\/schema.org","@graph":[{"@type":"WebPage","@id":"https:\/\/grizzlyadam.co.uk\/product\/grizzly-adam-beard-scissors\/","url":"https:\/\/grizzlyadam.co.uk\/product\/grizzly-adam-beard-scissors\/","name":"Grizzly Adam Beard Scissors - Grizzly Adam","isPartOf":{"@id":"https:\/\/project1-mke5mv4jgx.live-website.com\/#website"},"primaryImageOfPage":{"@id":"https:\/\/grizzlyadam.co.uk\/product\/grizzly-adam-beard-scissors\/#primaryimage"},"image":{"@id":"https:\/\/grizzlyadam.co.uk\/product\/grizzly-adam-beard-scissors\/#primaryimage"},"thumbnailUrl":"https:\/\/grizzlyadam.co.uk\/wp-content\/uploads\/2017\/02\/Main-Image.png","datePublished":"2017-02-19T15:53:46+00:00","dateModified":"2025-01-24T13:42:23+00:00","description":"Las tijeras de corte de pelo Grizzly Adam Razor Edge est\u00e1n dise\u00f1adas espec\u00edficamente para un alto rendimiento y resultados de calidad. Son imprescindibles para barberos profesionales, amantes del cuidado de la barba y ofrecen resultados elegantes y sin esfuerzo.","breadcrumb":{"@id":"https:\/\/grizzlyadam.co.uk\/product\/grizzly-adam-beard-scissors\/#breadcrumb"},"inLanguage":"es","potentialAction":[{"@type":"ReadAction","target":["https:\/\/grizzlyadam.co.uk\/product\/grizzly-adam-beard-scissors\/"]}]},{"@type":"ImageObject","inLanguage":"es","@id":"https:\/\/grizzlyadam.co.uk\/product\/grizzly-adam-beard-scissors\/#primaryimage","url":"https:\/\/grizzlyadam.co.uk\/wp-content\/uploads\/2017\/02\/Main-Image.png","contentUrl":"https:\/\/grizzlyadam.co.uk\/wp-content\/uploads\/2017\/02\/Main-Image.png","width":1080,"height":1080},{"@type":"BreadcrumbList","@id":"https:\/\/grizzlyadam.co.uk\/product\/grizzly-adam-beard-scissors\/#breadcrumb","itemListElement":[{"@type":"ListItem","position":1,"name":"Home","item":"https:\/\/grizzlyadam.co.uk\/"},{"@type":"ListItem","position":2,"name":"Shop","item":"https:\/\/project1-mke5mv4jgx.live-website.com\/shop\/"},{"@type":"ListItem","position":3,"name":"Grizzly Adam Beard Scissors"}]},{"@type":"WebSite","@id":"https:\/\/project1-mke5mv4jgx.live-website.com\/#website","url":"https:\/\/project1-mke5mv4jgx.live-website.com\/","name":"Grizzly Adam","description":"Aceite para barba y productos de aseo para caballeros","publisher":{"@id":"https:\/\/project1-mke5mv4jgx.live-website.com\/#organization"},"potentialAction":[{"@type":"SearchAction","target":{"@type":"EntryPoint","urlTemplate":"https:\/\/project1-mke5mv4jgx.live-website.com\/?s={search_term_string}"},"query-input":{"@type":"PropertyValueSpecification","valueRequired":true,"valueName":"search_term_string"}}],"inLanguage":"es"},{"@type":"Organization","@id":"https:\/\/project1-mke5mv4jgx.live-website.com\/#organization","name":"GRIZZLY ADAM","url":"https:\/\/project1-mke5mv4jgx.live-website.com\/","logo":{"@type":"ImageObject","inLanguage":"es","@id":"https:\/\/project1-mke5mv4jgx.live-website.com\/#\/schema\/logo\/image\/","url":"https:\/\/grizzlyadam.co.uk\/wp-content\/uploads\/2019\/11\/gadamlogo.png","contentUrl":"https:\/\/grizzlyadam.co.uk\/wp-content\/uploads\/2019\/11\/gadamlogo.png","width":"200","height":"200","caption":"GRIZZLY ADAM"},"image":{"@id":"https:\/\/project1-mke5mv4jgx.live-website.com\/#\/schema\/logo\/image\/"},"sameAs":["https:\/\/www.facebook.com\/grizzlyadamuk","https:\/\/x.com\/grizzlyadamuk","https:\/\/www.instagram.com\/grizzlyadamuk\/"]}]}},"df_price":24.97,"df_sale_price":"","df_regular_price":24.97,"df_image_link":"https:\/\/grizzlyadam.co.uk\/wp-content\/uploads\/2017\/02\/Main-Image-300x300.png","_links":{"self":[{"href":"https:\/\/grizzlyadam.co.uk\/es\/wp-json\/wp\/v2\/product\/2189","targetHints":{"allow":["GET"]}}],"collection":[{"href":"https:\/\/grizzlyadam.co.uk\/es\/wp-json\/wp\/v2\/product"}],"about":[{"href":"https:\/\/grizzlyadam.co.uk\/es\/wp-json\/wp\/v2\/types\/product"}],"replies":[{"embeddable":true,"href":"https:\/\/grizzlyadam.co.uk\/es\/wp-json\/wp\/v2\/comments?post=2189"}],"wp:featuredmedia":[{"embeddable":true,"href":"https:\/\/grizzlyadam.co.uk\/es\/wp-json\/wp\/v2\/media\/152105"}],"wp:attachment":[{"href":"https:\/\/grizzlyadam.co.uk\/es\/wp-json\/wp\/v2\/media?parent=2189"}],"wp:term":[{"taxonomy":"product_brand","embeddable":true,"href":"https:\/\/grizzlyadam.co.uk\/es\/wp-json\/wp\/v2\/product_brand?post=2189"},{"taxonomy":"product_cat","embeddable":true,"href":"https:\/\/grizzlyadam.co.uk\/es\/wp-json\/wp\/v2\/product_cat?post=2189"},{"taxonomy":"product_tag","embeddable":true,"href":"https:\/\/grizzlyadam.co.uk\/es\/wp-json\/wp\/v2\/product_tag?post=2189"}],"curies":[{"name":"wp","href":"https:\/\/api.w.org\/{rel}","templated":true}]}}