{"id":2183,"date":"2017-02-19T15:53:40","date_gmt":"2017-02-19T15:53:40","guid":{"rendered":"https:\/\/grizzlyadam.co.uk\/product\/grizzly-adam-beard-comb\/"},"modified":"2024-01-31T07:16:00","modified_gmt":"2024-01-31T07:16:00","slug":"grizzly-adam-beard-comb","status":"publish","type":"product","link":"https:\/\/grizzlyadam.co.uk\/es\/producto\/grizzly-adam-beard-comb\/","title":{"rendered":"Peine para barba Grizzly Adam - El mejor peine de madera para todo tipo de pelo y barba - Compre hoy online"},"content":{"rendered":"<p style=\"text-align: left;\"><b>Artesan\u00eda inigualable para un viaje suave por tu cabello<\/b><\/p>\n<p style=\"text-align: left;\">Si alguna vez ha utilizado un peine de pl\u00e1stico, sabr\u00e1 lo frustrante que puede resultar engancharse en la barba o el pelo. Los dientes de este peine soportan los rigores del uso en el bolsillo y las flexiones y agachamientos que forman parte de la rutina diaria, al tiempo que son suaves con la barba y nunca se enganchan.<br \/>\nEl pelo, la barba y el bigote se beneficiar\u00e1n de este peine recto de madera, robusto y de estilo cl\u00e1sico. No se rasca ni pica cuando este peine toca su cara. Las p\u00faas suaves son perfectas para mantener su barba limpia y ordenada. Desp\u00eddase para siempre de los enredos y los enganches.<\/p>\n<p style=\"text-align: left;\"><b>Peine duradero y resistente a la deformaci\u00f3n<\/b><\/p>\n<p style=\"text-align: left;\">Necesitas un peine que pueda soportar los 365 d\u00edas de tu agarre masculino. Fabricado con un dise\u00f1o de madera maciza, este peine premium puede soportar los rigores del desgaste diario.<\/p>\n<p style=\"text-align: left;\"><b>El regalo perfecto<\/b><\/p>\n<p style=\"text-align: left;\">Cumplea\u00f1os, D\u00eda del Padre, San Valent\u00edn, Navidad... todas son ocasiones maravillosas para obsequiar al hombre de tu vida con un peine para barba de primera calidad. Con un estuche de regalo de primera calidad, cualquier hombre con barba apreciar\u00e1 algo que pueda domar a su grizzly \u00f1u facial.<\/p>\n<p style=\"text-align: left;\"><b> A\u00f1ada el peine para barba Grizzly Adam a su cesta hoy mismo y eche un vistazo a nuestro aceite para barba.<\/b><\/p>\n<p style=\"text-align: left;\">","protected":false},"excerpt":{"rendered":"<div id=\"fbExpandableSectionContent\" class=\"a-section a-spacing-none expandableSection\">\n<ul class=\"a-vertical a-spacing-none\">\n<li class=\"showHiddenFeatureBullets\"><span class=\"a-list-item\"><strong>PELO, BARBA Y BIGOTE<\/strong> todos se beneficiar\u00e1n de este peine recto de madera, robusto y de estilo cl\u00e1sico. Perfecto para barbas largas y densas<\/span><\/li>\n<li class=\"showHiddenFeatureBullets\"><span class=\"a-list-item\"><strong>ANTIEST\u00c1TICO Y DESENREDANTE<\/strong> incluso las barbas y los pelos m\u00e1s rebeldes. Consu\u00e9lese sabiendo que su pelo no es rival para el peine Grizzly Adam Premium.<\/span><\/li>\n<li class=\"showHiddenFeatureBullets\"><span class=\"a-list-item\"><strong>DISE\u00d1O TRADICIONAL<\/strong> - Nada de accesorios extravagantes, s\u00f3lo un peine de madera maciza que cuidar\u00e1 de ti cada ma\u00f1ana. Seguro de usar con aceite para barba<\/span><\/li>\n<li class=\"showHiddenFeatureBullets\"><span class=\"a-list-item\"><strong>REGALO PERFECTO<\/strong> - El regalo perfecto para tu padre, hermano, novio o marido. Regala un hombre bien cuidado.<\/span><\/li>\n<li class=\"showHiddenFeatureBullets\"><span class=\"a-list-item\"><strong>PERFILADO Y DETALLADO<\/strong> - Alisa el pelo o la barba para que puedas darle la forma que desees, ya sea con aceite para barba, cera para barba o cualquier otra cosa.<\/span><\/li>\n<li><strong>Ahorra m\u00e1s de 13 \u00a4 con esta oferta\u00a0<\/strong>- Si compra el aceite para barba y el peine para barba a la vez, haga clic en el recuadro rojo de regalo de esta p\u00e1gina y a\u00f1ada ambos a su cesta con un solo clic.<\/li>\n<li><\/li>\n<\/ul>\n<\/div>","protected":false},"featured_media":2200,"comment_status":"closed","ping_status":"closed","template":"","meta":[],"product_brand":[],"product_cat":[71,72],"product_tag":[],"class_list":{"0":"post-2183","1":"product","2":"type-product","3":"status-publish","4":"has-post-thumbnail","6":"product_cat-accessories","7":"product_cat-beard-comb","9":"first","10":"instock","11":"sale","12":"taxable","13":"shipping-taxable","14":"purchasable","15":"product-type-simple"},"yoast_head":"<!-- This site is optimized with the Yoast SEO plugin v27.4 - https:\/\/yoast.com\/product\/yoast-seo-wordpress\/ -->\n<title>Grizzly Adam Beard Comb - Best Wooden Comb For All Hair &amp; Beards - Buy Online Today - Grizzly Adam<\/title>\n<meta name=\"robots\" content=\"index, follow, max-snippet:-1, max-image-preview:large, max-video-preview:-1\" \/>\n<link rel=\"canonical\" href=\"https:\/\/grizzlyadam.co.uk\/es\/producto\/grizzly-adam-beard-comb\/\" \/>\n<meta property=\"og:locale\" content=\"es_ES\" \/>\n<meta property=\"og:type\" content=\"article\" \/>\n<meta property=\"og:title\" content=\"Grizzly Adam Beard Comb - Best Wooden Comb For All Hair &amp; Beards - Buy Online Today - Grizzly Adam\" \/>\n<meta property=\"og:description\" content=\"HAIR, BEARDS, &amp; MUSTACHES will all benefit from this classically styled, sturdy straight wood comb. Perfect for Long Dense Beards  ANTI-STATIC &amp; DETANGLES even the most stubborn beards and head hair. Take comfort knowing your hair is no match for the Grizzly Adam Premium Comb  TRADITIONAL DESIGN - No fancy attachments here - just a solid wood comb that will take care of you every morning. Safe to use with Beard Oil  PERFECT GIFT - The perfect gift for your Dad, Brother, Boyfriend, or Husband. Give the gift of a well groomed man.  SHAPING AND DETAILING - Straighten out your hair or beard so you can shape the way you want whether your using beard oil, beard wax or anything else  Save over \u00a313 on this deal\u00a0- When you purchase beard oil and this beard comb together - Just click the red gift box on this page and add both to your cart with 1 easy click\" \/>\n<meta property=\"og:url\" content=\"https:\/\/grizzlyadam.co.uk\/es\/producto\/grizzly-adam-beard-comb\/\" \/>\n<meta property=\"og:site_name\" content=\"Grizzly Adam\" \/>\n<meta property=\"article:publisher\" content=\"https:\/\/www.facebook.com\/grizzlyadamuk\" \/>\n<meta property=\"article:modified_time\" content=\"2024-01-31T07:16:00+00:00\" \/>\n<meta property=\"og:image\" content=\"https:\/\/project1-mke5mv4jgx.live-website.com\/wp-content\/uploads\/2017\/02\/Comb31-1.jpg\" \/>\n\t<meta property=\"og:image:width\" content=\"1000\" \/>\n\t<meta property=\"og:image:height\" content=\"1000\" \/>\n\t<meta property=\"og:image:type\" content=\"image\/jpeg\" \/>\n<meta name=\"twitter:card\" content=\"summary_large_image\" \/>\n<meta name=\"twitter:site\" content=\"@grizzlyadamuk\" \/>\n<meta name=\"twitter:label1\" content=\"Tiempo de lectura\" \/>\n\t<meta name=\"twitter:data1\" content=\"2 minutos\" \/>\n<script type=\"application\/ld+json\" class=\"yoast-schema-graph\">{\"@context\":\"https:\\\/\\\/schema.org\",\"@graph\":[{\"@type\":\"WebPage\",\"@id\":\"https:\\\/\\\/grizzlyadam.co.uk\\\/product\\\/grizzly-adam-beard-comb\\\/\",\"url\":\"https:\\\/\\\/grizzlyadam.co.uk\\\/product\\\/grizzly-adam-beard-comb\\\/\",\"name\":\"Grizzly Adam Beard Comb - Best Wooden Comb For All Hair & Beards - Buy Online Today - Grizzly Adam\",\"isPartOf\":{\"@id\":\"https:\\\/\\\/project1-mke5mv4jgx.live-website.com\\\/#website\"},\"primaryImageOfPage\":{\"@id\":\"https:\\\/\\\/grizzlyadam.co.uk\\\/product\\\/grizzly-adam-beard-comb\\\/#primaryimage\"},\"image\":{\"@id\":\"https:\\\/\\\/grizzlyadam.co.uk\\\/product\\\/grizzly-adam-beard-comb\\\/#primaryimage\"},\"thumbnailUrl\":\"https:\\\/\\\/grizzlyadam.co.uk\\\/wp-content\\\/uploads\\\/2017\\\/02\\\/Comb31-1.jpg\",\"datePublished\":\"2017-02-19T15:53:40+00:00\",\"dateModified\":\"2024-01-31T07:16:00+00:00\",\"breadcrumb\":{\"@id\":\"https:\\\/\\\/grizzlyadam.co.uk\\\/product\\\/grizzly-adam-beard-comb\\\/#breadcrumb\"},\"inLanguage\":\"es\",\"potentialAction\":[{\"@type\":\"ReadAction\",\"target\":[\"https:\\\/\\\/grizzlyadam.co.uk\\\/product\\\/grizzly-adam-beard-comb\\\/\"]}]},{\"@type\":\"ImageObject\",\"inLanguage\":\"es\",\"@id\":\"https:\\\/\\\/grizzlyadam.co.uk\\\/product\\\/grizzly-adam-beard-comb\\\/#primaryimage\",\"url\":\"https:\\\/\\\/grizzlyadam.co.uk\\\/wp-content\\\/uploads\\\/2017\\\/02\\\/Comb31-1.jpg\",\"contentUrl\":\"https:\\\/\\\/grizzlyadam.co.uk\\\/wp-content\\\/uploads\\\/2017\\\/02\\\/Comb31-1.jpg\",\"width\":1000,\"height\":1000},{\"@type\":\"BreadcrumbList\",\"@id\":\"https:\\\/\\\/grizzlyadam.co.uk\\\/product\\\/grizzly-adam-beard-comb\\\/#breadcrumb\",\"itemListElement\":[{\"@type\":\"ListItem\",\"position\":1,\"name\":\"Home\",\"item\":\"https:\\\/\\\/grizzlyadam.co.uk\\\/\"},{\"@type\":\"ListItem\",\"position\":2,\"name\":\"Shop\",\"item\":\"https:\\\/\\\/project1-mke5mv4jgx.live-website.com\\\/shop\\\/\"},{\"@type\":\"ListItem\",\"position\":3,\"name\":\"Grizzly Adam Beard Comb &#8211; Best Wooden Comb For All Hair &#038; Beards &#8211; Buy Online Today\"}]},{\"@type\":\"WebSite\",\"@id\":\"https:\\\/\\\/project1-mke5mv4jgx.live-website.com\\\/#website\",\"url\":\"https:\\\/\\\/project1-mke5mv4jgx.live-website.com\\\/\",\"name\":\"Grizzly Adam\",\"description\":\"Beard Oil And Grooming Products For Gentlemen\",\"publisher\":{\"@id\":\"https:\\\/\\\/project1-mke5mv4jgx.live-website.com\\\/#organization\"},\"potentialAction\":[{\"@type\":\"SearchAction\",\"target\":{\"@type\":\"EntryPoint\",\"urlTemplate\":\"https:\\\/\\\/project1-mke5mv4jgx.live-website.com\\\/?s={search_term_string}\"},\"query-input\":{\"@type\":\"PropertyValueSpecification\",\"valueRequired\":true,\"valueName\":\"search_term_string\"}}],\"inLanguage\":\"es\"},{\"@type\":\"Organization\",\"@id\":\"https:\\\/\\\/project1-mke5mv4jgx.live-website.com\\\/#organization\",\"name\":\"GRIZZLY ADAM\",\"url\":\"https:\\\/\\\/project1-mke5mv4jgx.live-website.com\\\/\",\"logo\":{\"@type\":\"ImageObject\",\"inLanguage\":\"es\",\"@id\":\"https:\\\/\\\/project1-mke5mv4jgx.live-website.com\\\/#\\\/schema\\\/logo\\\/image\\\/\",\"url\":\"https:\\\/\\\/grizzlyadam.co.uk\\\/wp-content\\\/uploads\\\/2019\\\/11\\\/gadamlogo.png\",\"contentUrl\":\"https:\\\/\\\/grizzlyadam.co.uk\\\/wp-content\\\/uploads\\\/2019\\\/11\\\/gadamlogo.png\",\"width\":\"200\",\"height\":\"200\",\"caption\":\"GRIZZLY ADAM\"},\"image\":{\"@id\":\"https:\\\/\\\/project1-mke5mv4jgx.live-website.com\\\/#\\\/schema\\\/logo\\\/image\\\/\"},\"sameAs\":[\"https:\\\/\\\/www.facebook.com\\\/grizzlyadamuk\",\"https:\\\/\\\/x.com\\\/grizzlyadamuk\",\"https:\\\/\\\/www.instagram.com\\\/grizzlyadamuk\\\/\"]}]}<\/script>\n<!-- \/ Yoast SEO plugin. -->","yoast_head_json":{"title":"Grizzly Adam Beard Comb - Best Wooden Comb For All Hair & Beards - Buy Online Today - Grizzly Adam","robots":{"index":"index","follow":"follow","max-snippet":"max-snippet:-1","max-image-preview":"max-image-preview:large","max-video-preview":"max-video-preview:-1"},"canonical":"https:\/\/grizzlyadam.co.uk\/es\/producto\/grizzly-adam-beard-comb\/","og_locale":"es_ES","og_type":"article","og_title":"Grizzly Adam Beard Comb - Best Wooden Comb For All Hair & Beards - Buy Online Today - Grizzly Adam","og_description":"HAIR, BEARDS, &amp; MUSTACHES will all benefit from this classically styled, sturdy straight wood comb. Perfect for Long Dense Beards  ANTI-STATIC &amp; DETANGLES even the most stubborn beards and head hair. Take comfort knowing your hair is no match for the Grizzly Adam Premium Comb  TRADITIONAL DESIGN - No fancy attachments here - just a solid wood comb that will take care of you every morning. Safe to use with Beard Oil  PERFECT GIFT - The perfect gift for your Dad, Brother, Boyfriend, or Husband. Give the gift of a well groomed man.  SHAPING AND DETAILING - Straighten out your hair or beard so you can shape the way you want whether your using beard oil, beard wax or anything else  Save over \u00a313 on this deal\u00a0- When you purchase beard oil and this beard comb together - Just click the red gift box on this page and add both to your cart with 1 easy click","og_url":"https:\/\/grizzlyadam.co.uk\/es\/producto\/grizzly-adam-beard-comb\/","og_site_name":"Grizzly Adam","article_publisher":"https:\/\/www.facebook.com\/grizzlyadamuk","article_modified_time":"2024-01-31T07:16:00+00:00","og_image":[{"width":1000,"height":1000,"url":"https:\/\/project1-mke5mv4jgx.live-website.com\/wp-content\/uploads\/2017\/02\/Comb31-1.jpg","type":"image\/jpeg"}],"twitter_card":"summary_large_image","twitter_site":"@grizzlyadamuk","twitter_misc":{"Tiempo de lectura":"2 minutos"},"schema":{"@context":"https:\/\/schema.org","@graph":[{"@type":"WebPage","@id":"https:\/\/grizzlyadam.co.uk\/product\/grizzly-adam-beard-comb\/","url":"https:\/\/grizzlyadam.co.uk\/product\/grizzly-adam-beard-comb\/","name":"Grizzly Adam Beard Comb - Best Wooden Comb For All Hair & Beards - Buy Online Today - Grizzly Adam","isPartOf":{"@id":"https:\/\/project1-mke5mv4jgx.live-website.com\/#website"},"primaryImageOfPage":{"@id":"https:\/\/grizzlyadam.co.uk\/product\/grizzly-adam-beard-comb\/#primaryimage"},"image":{"@id":"https:\/\/grizzlyadam.co.uk\/product\/grizzly-adam-beard-comb\/#primaryimage"},"thumbnailUrl":"https:\/\/grizzlyadam.co.uk\/wp-content\/uploads\/2017\/02\/Comb31-1.jpg","datePublished":"2017-02-19T15:53:40+00:00","dateModified":"2024-01-31T07:16:00+00:00","breadcrumb":{"@id":"https:\/\/grizzlyadam.co.uk\/product\/grizzly-adam-beard-comb\/#breadcrumb"},"inLanguage":"es","potentialAction":[{"@type":"ReadAction","target":["https:\/\/grizzlyadam.co.uk\/product\/grizzly-adam-beard-comb\/"]}]},{"@type":"ImageObject","inLanguage":"es","@id":"https:\/\/grizzlyadam.co.uk\/product\/grizzly-adam-beard-comb\/#primaryimage","url":"https:\/\/grizzlyadam.co.uk\/wp-content\/uploads\/2017\/02\/Comb31-1.jpg","contentUrl":"https:\/\/grizzlyadam.co.uk\/wp-content\/uploads\/2017\/02\/Comb31-1.jpg","width":1000,"height":1000},{"@type":"BreadcrumbList","@id":"https:\/\/grizzlyadam.co.uk\/product\/grizzly-adam-beard-comb\/#breadcrumb","itemListElement":[{"@type":"ListItem","position":1,"name":"Home","item":"https:\/\/grizzlyadam.co.uk\/"},{"@type":"ListItem","position":2,"name":"Shop","item":"https:\/\/project1-mke5mv4jgx.live-website.com\/shop\/"},{"@type":"ListItem","position":3,"name":"Grizzly Adam Beard Comb &#8211; Best Wooden Comb For All Hair &#038; Beards &#8211; Buy Online Today"}]},{"@type":"WebSite","@id":"https:\/\/project1-mke5mv4jgx.live-website.com\/#website","url":"https:\/\/project1-mke5mv4jgx.live-website.com\/","name":"Grizzly Adam","description":"Aceite para barba y productos de aseo para caballeros","publisher":{"@id":"https:\/\/project1-mke5mv4jgx.live-website.com\/#organization"},"potentialAction":[{"@type":"SearchAction","target":{"@type":"EntryPoint","urlTemplate":"https:\/\/project1-mke5mv4jgx.live-website.com\/?s={search_term_string}"},"query-input":{"@type":"PropertyValueSpecification","valueRequired":true,"valueName":"search_term_string"}}],"inLanguage":"es"},{"@type":"Organization","@id":"https:\/\/project1-mke5mv4jgx.live-website.com\/#organization","name":"GRIZZLY ADAM","url":"https:\/\/project1-mke5mv4jgx.live-website.com\/","logo":{"@type":"ImageObject","inLanguage":"es","@id":"https:\/\/project1-mke5mv4jgx.live-website.com\/#\/schema\/logo\/image\/","url":"https:\/\/grizzlyadam.co.uk\/wp-content\/uploads\/2019\/11\/gadamlogo.png","contentUrl":"https:\/\/grizzlyadam.co.uk\/wp-content\/uploads\/2019\/11\/gadamlogo.png","width":"200","height":"200","caption":"GRIZZLY ADAM"},"image":{"@id":"https:\/\/project1-mke5mv4jgx.live-website.com\/#\/schema\/logo\/image\/"},"sameAs":["https:\/\/www.facebook.com\/grizzlyadamuk","https:\/\/x.com\/grizzlyadamuk","https:\/\/www.instagram.com\/grizzlyadamuk\/"]}]}},"df_price":7,"df_sale_price":7,"df_regular_price":13.99,"df_image_link":"https:\/\/grizzlyadam.co.uk\/wp-content\/uploads\/2017\/02\/Comb31-1-300x300.jpg","_links":{"self":[{"href":"https:\/\/grizzlyadam.co.uk\/es\/wp-json\/wp\/v2\/product\/2183","targetHints":{"allow":["GET"]}}],"collection":[{"href":"https:\/\/grizzlyadam.co.uk\/es\/wp-json\/wp\/v2\/product"}],"about":[{"href":"https:\/\/grizzlyadam.co.uk\/es\/wp-json\/wp\/v2\/types\/product"}],"replies":[{"embeddable":true,"href":"https:\/\/grizzlyadam.co.uk\/es\/wp-json\/wp\/v2\/comments?post=2183"}],"wp:featuredmedia":[{"embeddable":true,"href":"https:\/\/grizzlyadam.co.uk\/es\/wp-json\/wp\/v2\/media\/2200"}],"wp:attachment":[{"href":"https:\/\/grizzlyadam.co.uk\/es\/wp-json\/wp\/v2\/media?parent=2183"}],"wp:term":[{"taxonomy":"product_brand","embeddable":true,"href":"https:\/\/grizzlyadam.co.uk\/es\/wp-json\/wp\/v2\/product_brand?post=2183"},{"taxonomy":"product_cat","embeddable":true,"href":"https:\/\/grizzlyadam.co.uk\/es\/wp-json\/wp\/v2\/product_cat?post=2183"},{"taxonomy":"product_tag","embeddable":true,"href":"https:\/\/grizzlyadam.co.uk\/es\/wp-json\/wp\/v2\/product_tag?post=2183"}],"curies":[{"name":"wp","href":"https:\/\/api.w.org\/{rel}","templated":true}]}}