{"id":2177,"date":"2017-02-19T15:53:31","date_gmt":"2017-02-19T15:53:31","guid":{"rendered":"https:\/\/grizzlyadam.co.uk\/product\/grizzly-adam-beard-wash\/"},"modified":"2021-07-07T19:09:55","modified_gmt":"2021-07-07T18:09:55","slug":"grizzly-adam-beard-wash-one-off-purchase","status":"publish","type":"product","link":"https:\/\/grizzlyadam.co.uk\/es\/producto\/grizzly-adam-beard-wash-one-off-purchase\/","title":{"rendered":"Grizzly Adam Beard Wash - Un descuento por compra"},"content":{"rendered":"<p style=\"text-align: left;\">Grizzly Adam Beard Wash and Shampoo est\u00e1 hecho con m\u00e1s de 80% ingredientes org\u00e1nicos y est\u00e1 libre de parabenos y sulfatos.<\/p>\n<p style=\"text-align: left;\"><b>Este limpiador de barba limpiar\u00e1 en profundidad su barba, de forma natural, sin despojarla de sus aceites naturales como el champ\u00fa normal.<\/b><\/p>\n<p style=\"text-align: left;\"><b>Ingredientes:<\/b><br \/>\nAqua (Agua), Decyl Glucoside, Lauryl Betaine, Betaine, Cedrus Atlantica (Cedarwood) Oil, Citrus Aurantifolia (Lime) Oil, Xanthan Gum, Aloe Barbadensis (Aloe Vera) leaf juice, Phenoxyethanol, Citric Acid, Benzoic Acid, Dehydroacetic Acid Limonene* Citral* *Naturally occurring in essential oils<\/p>\n<p><b>C\u00f3mo llegar:<\/b><br \/>\nLimpie la zona de la barba con agua y, a continuaci\u00f3n, aplique una peque\u00f1a cantidad de champ\u00fa para barba. Aclare con agua. Nuestros expertos recomiendan no m\u00e1s de dos veces por semana.<\/p>\n<p><b>Aviso legal<\/b><br \/>\nGrizzly Adam\u00ae es una marca comercial de TN Health LTD y miembro del programa de registro de marcas en Amazon. Todos nuestros productos son 100% genuino y aut\u00e9ntico.<\/p>\n<p style=\"text-align: left;\">Nuestro lavado de barba limpia delicadamente tanto el vello facial como la piel vulnerable que se encuentra debajo, dejando tanto la barba como el rostro limpios, suaves, manejables y con un olor maravilloso.<\/p>\n<p style=\"text-align: left;\">Los hombres que mantienen una barba de cualquier tama\u00f1o pueden encontrarse con numerosos problemas. Para empezar, el uso de champ\u00fas para el cabello en la barba puede dejar la piel debajo muy seca.<\/p>\n<p style=\"text-align: left;\">Algunos hombres tambi\u00e9n se limpian la barba con jab\u00f3n facial y geles de ducha, pero dado que la barba est\u00e1 directamente expuesta a alimentos, bebidas y productos de fumar, merece un trato mejor.<\/p>\n<p>&nbsp;<\/p>","protected":false},"excerpt":{"rendered":"<div id=\"fbExpandableSectionContent\" class=\"a-section a-spacing-none expandableSection\">\n<ul class=\"a-vertical a-spacing-none collapsedFeatureBullets\">\n<li class=\"showHiddenFeatureBullets\"><span class=\"a-list-item\">Suaviza la barba: Suaviza la pelusa facial con ingredientes naturales - Un champ\u00fa suave para barba y lavado formulado espec\u00edficamente para su barba y bigote<\/span><\/li>\n<li class=\"showHiddenFeatureBullets\"><span class=\"a-list-item\">HUELE BIEN: La fragancia de lima a\u00f1ade un aroma refrescante a cualquier barba lustrosa.<\/span><\/li>\n<li class=\"showHiddenFeatureBullets\"><span class=\"a-list-item\">LIMPIEZA: Aclare el vello facial sin eliminar los aceites naturales del vello ni irritar la piel.<\/span><\/li>\n<li class=\"showHiddenFeatureBullets\"><span class=\"a-list-item\">REDUCE EL PICOR: Ideal para hombres que sufren picor y caspa en la barba.<\/span><\/li>\n<li class=\"showHiddenFeatureBullets\"><span class=\"a-list-item\">\u00bfPor qu\u00e9 elegir Grizzly Adam Beard Wash? - Nuestros productos son de la m\u00e1s alta calidad, por lo que ofrecemos una garant\u00eda de devoluci\u00f3n de dinero 100% a todos nuestros clientes. Por cualquier raz\u00f3n que usted no est\u00e1 100% satisfecho con nuestros productos o servicios, simplemente p\u00f3ngase en contacto con nosotros y vamos a hacer lo correcto - Tenemos el mejor servicio al cliente y la m\u00e1s alta calidad de la barba de productos de aseo en el mercado hoy en d\u00eda!<\/span><\/li>\n<\/ul>\n<\/div>","protected":false},"featured_media":2178,"comment_status":"open","ping_status":"closed","template":"","meta":[],"product_brand":[],"product_cat":[70],"product_tag":[],"class_list":{"0":"post-2177","1":"product","2":"type-product","3":"status-publish","4":"has-post-thumbnail","6":"product_cat-beard-wash","8":"first","9":"instock","10":"taxable","11":"shipping-taxable","12":"purchasable","13":"product-type-simple"},"yoast_head":"<!-- This site is optimized with the Yoast SEO plugin v27.2 - https:\/\/yoast.com\/product\/yoast-seo-wordpress\/ -->\n<title>Grizzly Adam Beard Wash - One Off Purchase - Grizzly Adam<\/title>\n<meta name=\"robots\" content=\"index, follow, max-snippet:-1, max-image-preview:large, max-video-preview:-1\" \/>\n<link rel=\"canonical\" href=\"https:\/\/project1-mke5mv4jgx.live-website.com\/product\/grizzly-adam-beard-wash-one-off-purchase\/\" \/>\n<meta property=\"og:locale\" content=\"es_ES\" \/>\n<meta property=\"og:type\" content=\"article\" \/>\n<meta property=\"og:title\" content=\"Grizzly Adam Beard Wash - One Off Purchase - Grizzly Adam\" \/>\n<meta property=\"og:description\" content=\"SOFTENS BEARD: Softens your facial fuzz with natural ingredients - A gentle beard shampoo and wash formulated specifically for your beard and mustache  SMELL GREAT: Lime scent adds a refreshing aroma to any lustrous beard.  CLEANSE: Rinse your facial hair without stripping your natural hair oils or irritating your skin.  REDUCE ITCH: Ideal for men that suffer from beard itch and beard dandruff.  Why Choose Grizzly Adam Beard Wash? - Our Products Are Of The Highest Quality Only, So We Offer a 100% Money Back Guarantee To All Of Our Customers.For what ever reason you are not 100% satisfied with our products or service, simply contact us and we will make it right - We have THE BEST Customer Service and the Highest Quality Beard Grooming Products on the Market Today!\" \/>\n<meta property=\"og:url\" content=\"https:\/\/project1-mke5mv4jgx.live-website.com\/product\/grizzly-adam-beard-wash-one-off-purchase\/\" \/>\n<meta property=\"og:site_name\" content=\"Grizzly Adam\" \/>\n<meta property=\"article:publisher\" content=\"https:\/\/www.facebook.com\/grizzlyadamuk\" \/>\n<meta property=\"article:modified_time\" content=\"2021-07-07T18:09:55+00:00\" \/>\n<meta property=\"og:image\" content=\"https:\/\/project1-mke5mv4jgx.live-website.com\/wp-content\/uploads\/2017\/02\/Beardwash1-e1514488849902.jpg\" \/>\n\t<meta property=\"og:image:width\" content=\"216\" \/>\n\t<meta property=\"og:image:height\" content=\"216\" \/>\n\t<meta property=\"og:image:type\" content=\"image\/jpeg\" \/>\n<meta name=\"twitter:card\" content=\"summary_large_image\" \/>\n<meta name=\"twitter:site\" content=\"@grizzlyadamuk\" \/>\n<meta name=\"twitter:label1\" content=\"Tiempo de lectura\" \/>\n\t<meta name=\"twitter:data1\" content=\"1 minuto\" \/>\n<script type=\"application\/ld+json\" class=\"yoast-schema-graph\">{\"@context\":\"https:\/\/schema.org\",\"@graph\":[{\"@type\":\"WebPage\",\"@id\":\"https:\/\/project1-mke5mv4jgx.live-website.com\/product\/grizzly-adam-beard-wash-one-off-purchase\/\",\"url\":\"https:\/\/project1-mke5mv4jgx.live-website.com\/product\/grizzly-adam-beard-wash-one-off-purchase\/\",\"name\":\"Grizzly Adam Beard Wash - One Off Purchase - Grizzly Adam\",\"isPartOf\":{\"@id\":\"https:\/\/project1-mke5mv4jgx.live-website.com\/#website\"},\"primaryImageOfPage\":{\"@id\":\"https:\/\/project1-mke5mv4jgx.live-website.com\/product\/grizzly-adam-beard-wash-one-off-purchase\/#primaryimage\"},\"image\":{\"@id\":\"https:\/\/project1-mke5mv4jgx.live-website.com\/product\/grizzly-adam-beard-wash-one-off-purchase\/#primaryimage\"},\"thumbnailUrl\":\"https:\/\/grizzlyadam.co.uk\/wp-content\/uploads\/2017\/02\/Beardwash1-e1514488849902.jpg\",\"datePublished\":\"2017-02-19T15:53:31+00:00\",\"dateModified\":\"2021-07-07T18:09:55+00:00\",\"breadcrumb\":{\"@id\":\"https:\/\/project1-mke5mv4jgx.live-website.com\/product\/grizzly-adam-beard-wash-one-off-purchase\/#breadcrumb\"},\"inLanguage\":\"es\",\"potentialAction\":[{\"@type\":\"ReadAction\",\"target\":[\"https:\/\/project1-mke5mv4jgx.live-website.com\/product\/grizzly-adam-beard-wash-one-off-purchase\/\"]}]},{\"@type\":\"ImageObject\",\"inLanguage\":\"es\",\"@id\":\"https:\/\/project1-mke5mv4jgx.live-website.com\/product\/grizzly-adam-beard-wash-one-off-purchase\/#primaryimage\",\"url\":\"https:\/\/grizzlyadam.co.uk\/wp-content\/uploads\/2017\/02\/Beardwash1-e1514488849902.jpg\",\"contentUrl\":\"https:\/\/grizzlyadam.co.uk\/wp-content\/uploads\/2017\/02\/Beardwash1-e1514488849902.jpg\",\"width\":216,\"height\":216},{\"@type\":\"BreadcrumbList\",\"@id\":\"https:\/\/project1-mke5mv4jgx.live-website.com\/product\/grizzly-adam-beard-wash-one-off-purchase\/#breadcrumb\",\"itemListElement\":[{\"@type\":\"ListItem\",\"position\":1,\"name\":\"Home\",\"item\":\"https:\/\/grizzlyadam.co.uk\/\"},{\"@type\":\"ListItem\",\"position\":2,\"name\":\"Shop\",\"item\":\"https:\/\/project1-mke5mv4jgx.live-website.com\/shop\/\"},{\"@type\":\"ListItem\",\"position\":3,\"name\":\"Grizzly Adam Beard Wash &#8211; One Off Purchase\"}]},{\"@type\":\"WebSite\",\"@id\":\"https:\/\/project1-mke5mv4jgx.live-website.com\/#website\",\"url\":\"https:\/\/project1-mke5mv4jgx.live-website.com\/\",\"name\":\"Grizzly Adam\",\"description\":\"Beard Oil And Grooming Products For Gentlemen\",\"publisher\":{\"@id\":\"https:\/\/project1-mke5mv4jgx.live-website.com\/#organization\"},\"potentialAction\":[{\"@type\":\"SearchAction\",\"target\":{\"@type\":\"EntryPoint\",\"urlTemplate\":\"https:\/\/project1-mke5mv4jgx.live-website.com\/?s={search_term_string}\"},\"query-input\":{\"@type\":\"PropertyValueSpecification\",\"valueRequired\":true,\"valueName\":\"search_term_string\"}}],\"inLanguage\":\"es\"},{\"@type\":\"Organization\",\"@id\":\"https:\/\/project1-mke5mv4jgx.live-website.com\/#organization\",\"name\":\"GRIZZLY ADAM\",\"url\":\"https:\/\/project1-mke5mv4jgx.live-website.com\/\",\"logo\":{\"@type\":\"ImageObject\",\"inLanguage\":\"es\",\"@id\":\"https:\/\/project1-mke5mv4jgx.live-website.com\/#\/schema\/logo\/image\/\",\"url\":\"https:\/\/grizzlyadam.co.uk\/wp-content\/uploads\/2019\/11\/gadamlogo.png\",\"contentUrl\":\"https:\/\/grizzlyadam.co.uk\/wp-content\/uploads\/2019\/11\/gadamlogo.png\",\"width\":\"200\",\"height\":\"200\",\"caption\":\"GRIZZLY ADAM\"},\"image\":{\"@id\":\"https:\/\/project1-mke5mv4jgx.live-website.com\/#\/schema\/logo\/image\/\"},\"sameAs\":[\"https:\/\/www.facebook.com\/grizzlyadamuk\",\"https:\/\/x.com\/grizzlyadamuk\",\"https:\/\/www.instagram.com\/grizzlyadamuk\/\"]}]}<\/script>\n<!-- \/ Yoast SEO plugin. -->","yoast_head_json":{"title":"Grizzly Adam Beard Wash - One Off Purchase - Grizzly Adam","robots":{"index":"index","follow":"follow","max-snippet":"max-snippet:-1","max-image-preview":"max-image-preview:large","max-video-preview":"max-video-preview:-1"},"canonical":"https:\/\/project1-mke5mv4jgx.live-website.com\/product\/grizzly-adam-beard-wash-one-off-purchase\/","og_locale":"es_ES","og_type":"article","og_title":"Grizzly Adam Beard Wash - One Off Purchase - Grizzly Adam","og_description":"SOFTENS BEARD: Softens your facial fuzz with natural ingredients - A gentle beard shampoo and wash formulated specifically for your beard and mustache  SMELL GREAT: Lime scent adds a refreshing aroma to any lustrous beard.  CLEANSE: Rinse your facial hair without stripping your natural hair oils or irritating your skin.  REDUCE ITCH: Ideal for men that suffer from beard itch and beard dandruff.  Why Choose Grizzly Adam Beard Wash? - Our Products Are Of The Highest Quality Only, So We Offer a 100% Money Back Guarantee To All Of Our Customers.For what ever reason you are not 100% satisfied with our products or service, simply contact us and we will make it right - We have THE BEST Customer Service and the Highest Quality Beard Grooming Products on the Market Today!","og_url":"https:\/\/project1-mke5mv4jgx.live-website.com\/product\/grizzly-adam-beard-wash-one-off-purchase\/","og_site_name":"Grizzly Adam","article_publisher":"https:\/\/www.facebook.com\/grizzlyadamuk","article_modified_time":"2021-07-07T18:09:55+00:00","og_image":[{"width":216,"height":216,"url":"https:\/\/project1-mke5mv4jgx.live-website.com\/wp-content\/uploads\/2017\/02\/Beardwash1-e1514488849902.jpg","type":"image\/jpeg"}],"twitter_card":"summary_large_image","twitter_site":"@grizzlyadamuk","twitter_misc":{"Tiempo de lectura":"1 minuto"},"schema":{"@context":"https:\/\/schema.org","@graph":[{"@type":"WebPage","@id":"https:\/\/project1-mke5mv4jgx.live-website.com\/product\/grizzly-adam-beard-wash-one-off-purchase\/","url":"https:\/\/project1-mke5mv4jgx.live-website.com\/product\/grizzly-adam-beard-wash-one-off-purchase\/","name":"Grizzly Adam Beard Wash - One Off Purchase - Grizzly Adam","isPartOf":{"@id":"https:\/\/project1-mke5mv4jgx.live-website.com\/#website"},"primaryImageOfPage":{"@id":"https:\/\/project1-mke5mv4jgx.live-website.com\/product\/grizzly-adam-beard-wash-one-off-purchase\/#primaryimage"},"image":{"@id":"https:\/\/project1-mke5mv4jgx.live-website.com\/product\/grizzly-adam-beard-wash-one-off-purchase\/#primaryimage"},"thumbnailUrl":"https:\/\/grizzlyadam.co.uk\/wp-content\/uploads\/2017\/02\/Beardwash1-e1514488849902.jpg","datePublished":"2017-02-19T15:53:31+00:00","dateModified":"2021-07-07T18:09:55+00:00","breadcrumb":{"@id":"https:\/\/project1-mke5mv4jgx.live-website.com\/product\/grizzly-adam-beard-wash-one-off-purchase\/#breadcrumb"},"inLanguage":"es","potentialAction":[{"@type":"ReadAction","target":["https:\/\/project1-mke5mv4jgx.live-website.com\/product\/grizzly-adam-beard-wash-one-off-purchase\/"]}]},{"@type":"ImageObject","inLanguage":"es","@id":"https:\/\/project1-mke5mv4jgx.live-website.com\/product\/grizzly-adam-beard-wash-one-off-purchase\/#primaryimage","url":"https:\/\/grizzlyadam.co.uk\/wp-content\/uploads\/2017\/02\/Beardwash1-e1514488849902.jpg","contentUrl":"https:\/\/grizzlyadam.co.uk\/wp-content\/uploads\/2017\/02\/Beardwash1-e1514488849902.jpg","width":216,"height":216},{"@type":"BreadcrumbList","@id":"https:\/\/project1-mke5mv4jgx.live-website.com\/product\/grizzly-adam-beard-wash-one-off-purchase\/#breadcrumb","itemListElement":[{"@type":"ListItem","position":1,"name":"Home","item":"https:\/\/grizzlyadam.co.uk\/"},{"@type":"ListItem","position":2,"name":"Shop","item":"https:\/\/project1-mke5mv4jgx.live-website.com\/shop\/"},{"@type":"ListItem","position":3,"name":"Grizzly Adam Beard Wash &#8211; One Off Purchase"}]},{"@type":"WebSite","@id":"https:\/\/project1-mke5mv4jgx.live-website.com\/#website","url":"https:\/\/project1-mke5mv4jgx.live-website.com\/","name":"Grizzly Adam","description":"Aceite para barba y productos de aseo para caballeros","publisher":{"@id":"https:\/\/project1-mke5mv4jgx.live-website.com\/#organization"},"potentialAction":[{"@type":"SearchAction","target":{"@type":"EntryPoint","urlTemplate":"https:\/\/project1-mke5mv4jgx.live-website.com\/?s={search_term_string}"},"query-input":{"@type":"PropertyValueSpecification","valueRequired":true,"valueName":"search_term_string"}}],"inLanguage":"es"},{"@type":"Organization","@id":"https:\/\/project1-mke5mv4jgx.live-website.com\/#organization","name":"GRIZZLY ADAM","url":"https:\/\/project1-mke5mv4jgx.live-website.com\/","logo":{"@type":"ImageObject","inLanguage":"es","@id":"https:\/\/project1-mke5mv4jgx.live-website.com\/#\/schema\/logo\/image\/","url":"https:\/\/grizzlyadam.co.uk\/wp-content\/uploads\/2019\/11\/gadamlogo.png","contentUrl":"https:\/\/grizzlyadam.co.uk\/wp-content\/uploads\/2019\/11\/gadamlogo.png","width":"200","height":"200","caption":"GRIZZLY ADAM"},"image":{"@id":"https:\/\/project1-mke5mv4jgx.live-website.com\/#\/schema\/logo\/image\/"},"sameAs":["https:\/\/www.facebook.com\/grizzlyadamuk","https:\/\/x.com\/grizzlyadamuk","https:\/\/www.instagram.com\/grizzlyadamuk\/"]}]}},"df_price":18.99,"df_sale_price":"","df_regular_price":18.99,"df_image_link":"https:\/\/grizzlyadam.co.uk\/wp-content\/uploads\/2017\/02\/Beardwash1-e1514488849902.jpg","_links":{"self":[{"href":"https:\/\/grizzlyadam.co.uk\/es\/wp-json\/wp\/v2\/product\/2177","targetHints":{"allow":["GET"]}}],"collection":[{"href":"https:\/\/grizzlyadam.co.uk\/es\/wp-json\/wp\/v2\/product"}],"about":[{"href":"https:\/\/grizzlyadam.co.uk\/es\/wp-json\/wp\/v2\/types\/product"}],"replies":[{"embeddable":true,"href":"https:\/\/grizzlyadam.co.uk\/es\/wp-json\/wp\/v2\/comments?post=2177"}],"wp:featuredmedia":[{"embeddable":true,"href":"https:\/\/grizzlyadam.co.uk\/es\/wp-json\/wp\/v2\/media\/2178"}],"wp:attachment":[{"href":"https:\/\/grizzlyadam.co.uk\/es\/wp-json\/wp\/v2\/media?parent=2177"}],"wp:term":[{"taxonomy":"product_brand","embeddable":true,"href":"https:\/\/grizzlyadam.co.uk\/es\/wp-json\/wp\/v2\/product_brand?post=2177"},{"taxonomy":"product_cat","embeddable":true,"href":"https:\/\/grizzlyadam.co.uk\/es\/wp-json\/wp\/v2\/product_cat?post=2177"},{"taxonomy":"product_tag","embeddable":true,"href":"https:\/\/grizzlyadam.co.uk\/es\/wp-json\/wp\/v2\/product_tag?post=2177"}],"curies":[{"name":"wp","href":"https:\/\/api.w.org\/{rel}","templated":true}]}}