{"id":2166,"date":"2017-02-19T15:53:21","date_gmt":"2017-02-19T15:53:21","guid":{"rendered":"https:\/\/grizzlyadam.co.uk\/product\/grizzly-adam-beard-oil\/"},"modified":"2024-07-18T22:03:03","modified_gmt":"2024-07-18T21:03:03","slug":"grizzly-adam-beard-oil","status":"publish","type":"product","link":"https:\/\/grizzlyadam.co.uk\/es\/producto\/grizzly-adam-beard-oil\/","title":{"rendered":"Aceite para barba Grizzly Adam - Mejor compra online en el Reino Unido para 100% Aceite para barba puro y natural"},"content":{"rendered":"<p><iframe loading=\"lazy\" src=\"https:\/\/www.youtube.com\/embed\/mpM0PaVYCWI\" width=\"280\" height=\"150\" frameborder=\"0\" allowfullscreen=\"allowfullscreen\"><\/iframe><iframe loading=\"lazy\" src=\"https:\/\/www.youtube.com\/embed\/O9Ob7x5OHsI\" width=\"280\" height=\"150\" frameborder=\"0\" allowfullscreen=\"allowfullscreen\"><\/iframe><\/p>\n<p>&nbsp;<\/p>\n<p><strong>Ingredientes:<\/strong><br \/>\nAceite de Prunus Amygdalus Dulis (almendra), aceite de Argania Spinosa Kernel (arg\u00e1n), aceite de Cedrus Deodara (cedro), aceite de Citrus Aurantifolia (lima), limoneno, linalool.<\/p>\n<p><strong>C\u00f3mo llegar:<\/strong><br \/>\nF\u00e1cil de aplicar en la barba: -Apl\u00edquelo en la barba limpia y reci\u00e9n lavada -Empiece con un bombeo de aceite para barba Grizzly Adam, aplic\u00e1ndolo principalmente en las ra\u00edces -Aplique m\u00e1s generosamente a medida que aumente la confianza Para obtener los mejores resultados, util\u00edcelo dos veces al d\u00eda -d\u00e9 un suave masaje uniforme en la barba por la ma\u00f1ana y por la noche para obtener resultados \u00f3ptimos.<\/p>\n<p style=\"text-align: center;\"><strong>\u00bfPor qu\u00e9 utilizar aceite para barba?<\/strong><\/p>\n<p style=\"text-align: center;\">Tanto si tienes una barba peque\u00f1a, lisa y redondeada como una barba grande y cuadrada que llame la atenci\u00f3n, puedes mantenerla con un aspecto incre\u00edble con el m\u00ednimo esfuerzo. Para que tu barba llame la atenci\u00f3n, querr\u00e1s que luzca sana, lisa y brillante en todo momento. El aceite para barba Grizzly Adam es una forma fant\u00e1stica de conseguirlo.<\/p>\n<p style=\"text-align: center;\">\u00daltimamente, el aceite para barba es cada vez m\u00e1s popular y desde el primer uso deber\u00eda ser obvio por qu\u00e9. Si todav\u00eda no est\u00e1 seguro de por qu\u00e9 usar aceite para barba, aqu\u00ed tiene informaci\u00f3n que puede ayudarle a convencerle.<\/p>\n<p style=\"text-align: center;\">Ayuda a cuidar la piel y la barba<\/p>\n<p style=\"text-align: center;\">El aceite para barba ayuda a hidratar la piel y a cuidar la barba al mismo tiempo. Aporta aceite esencial a la piel y \u00e9ste penetra en los fol\u00edculos pilosos. Cuando los fol\u00edculos est\u00e1n bien hidratados, el pelo no se reseca ni se vuelve quebradizo. La piel hidratada es suave y lisa, y el aceite para barba ayuda a evitar los picores y la descamaci\u00f3n, que pueden causar molestias.<\/p>\n<p style=\"text-align: center;\">F\u00e1cil de aplicar<\/p>\n<p style=\"text-align: center;\">El aceite para barba es muy f\u00e1cil de aplicar y s\u00f3lo lleva unos segundos. Aplique unas gotas en la palma de la mano, fr\u00f3tese las manos y p\u00e1sese los dedos por la barba. Si despu\u00e9s se peina, la barba quedar\u00e1 bien cubierta. El aceite para barba se absorber\u00e1 en unos 20-30 minutos y dejar\u00e1 la barba con un bonito brillo.<\/p>\n<p style=\"text-align: center;\">El aceite para barba puede ayudarte a parecer m\u00e1s arreglado<\/p>\n<p style=\"text-align: center;\">Con el aceite para barba, tu barba estar\u00e1 brillante, m\u00e1s suave y oler\u00e1 de maravilla. Esto te ayudar\u00e1 a lucir una barba m\u00e1s cuidada con el m\u00ednimo esfuerzo. Si te peinas la barba despu\u00e9s de aplicar el aceite para barba, tendr\u00e1s una barba cuidada y ordenada que se secar\u00e1 lentamente a medida que se absorba el aceite. El aceite para barba puede ayudar a alisar los pelos rebeldes y evitar que la barba parezca descuidada.<\/p>","protected":false},"excerpt":{"rendered":"<div id=\"fbExpandableSectionContent\" class=\"a-section a-spacing-none expandableSection\">\n<ul class=\"a-vertical a-spacing-none collapsedFeatureBullets\">\n<li><span class=\"a-list-item\"><strong>ACEITE PARA BARBA PREMIUM<\/strong> - Mantenga su barba sana, cuidada y domada de forma natural. Hidrata el Pelo y la Piel de la Barba, Elimina el Picor y la Caspa (Barba-caspa) para una barba besable y respetable.\u00a0<\/span><\/li>\n<li class=\"showHiddenFeatureBullets\"><span class=\"a-list-item\"><strong>Fortalece el cabello desde la ra\u00edz<\/strong> y nutre en profundidad, rejuveneciendo el cabello y los fol\u00edculos pilosos proporcionando un brillo sano y natural<\/span><\/li>\n<li class=\"showHiddenFeatureBullets\"><span class=\"a-list-item\"><strong>Ayuda a estimular el crecimiento<\/strong>Controla los pelos rebeldes y elimina el picor y la caspa de la barba para mantenerla suave y manejable.<\/span><\/li>\n<li class=\"showHiddenFeatureBullets\"><span class=\"a-list-item\"><strong>PURO y NATURAL<\/strong> - 100% aceites naturales y aceites esenciales para mantener la barba y el bigote de cualquier caballero en perfecto estado<\/span><\/li>\n<li class=\"showHiddenFeatureBullets\"><span class=\"a-list-item\"><strong>Gran valor<\/strong> - Botella grande de 100ml por un buen precio que lo m\u00e1s probable es que gaste en una botella de 30ml de la competencia.\u00a0<\/span><\/li>\n<\/ul>\n<p>&nbsp;<\/p>\n<\/div>\n<p>&nbsp;<\/p>","protected":false},"featured_media":11565,"comment_status":"open","ping_status":"closed","template":"","meta":[],"product_brand":[],"product_cat":[65,177],"product_tag":[66,67,68],"class_list":{"0":"post-2166","1":"product","2":"type-product","3":"status-publish","4":"has-post-thumbnail","6":"product_cat-beard-oil","7":"product_cat-subscription","8":"product_tag-beard-oil","9":"product_tag-conditioner","10":"product_tag-moisturiser","12":"first","13":"instock","14":"taxable","15":"shipping-taxable","16":"purchasable","17":"product-type-simple"},"yoast_head":"<!-- This site is optimized with the Yoast SEO plugin v27.4 - https:\/\/yoast.com\/product\/yoast-seo-wordpress\/ -->\n<title>Grizzly Adam Beard Oil - Best Buy Online in the UK for 100% Pure &amp; Natural Beard Oil - Grizzly Adam<\/title>\n<meta name=\"robots\" content=\"index, follow, max-snippet:-1, max-image-preview:large, max-video-preview:-1\" \/>\n<link rel=\"canonical\" href=\"https:\/\/grizzlyadam.co.uk\/es\/producto\/grizzly-adam-beard-oil\/\" \/>\n<meta property=\"og:locale\" content=\"es_ES\" \/>\n<meta property=\"og:type\" content=\"article\" \/>\n<meta property=\"og:title\" content=\"Grizzly Adam Beard Oil - Best Buy Online in the UK for 100% Pure &amp; Natural Beard Oil - Grizzly Adam\" \/>\n<meta property=\"og:description\" content=\"PREMIUM BEARD OIL - Keep Your Beard Healthy, Groomed and Tamed Naturally. Moisturizes Beard Hair and Skin, Eliminates Itching and Dandruff (Beard-druff) for a kissable and respectable beard.\u00a0  Strengthens the hair from the root and gives deep nourishment, rejuvenating the hair and hair follicles providing a natural healthy shine  Helps stimulate growth, tame wild unruly hairs, and eliminate beard itch and beard dandruff to help keep your beard soft and manageable  PURE and NATURAL - 100% natural oils and essential oils to keep any gentleman&#039;s beard and moustache in tip top condition  Great Value - Large 100ml Bottle for a good price that your most likely to spend on a competitors 30ml bottle.\u00a0  &nbsp;   &nbsp;\" \/>\n<meta property=\"og:url\" content=\"https:\/\/grizzlyadam.co.uk\/es\/producto\/grizzly-adam-beard-oil\/\" \/>\n<meta property=\"og:site_name\" content=\"Grizzly Adam\" \/>\n<meta property=\"article:publisher\" content=\"https:\/\/www.facebook.com\/grizzlyadamuk\" \/>\n<meta property=\"article:modified_time\" content=\"2024-07-18T21:03:03+00:00\" \/>\n<meta property=\"og:image\" content=\"https:\/\/project1-mke5mv4jgx.live-website.com\/wp-content\/uploads\/2017\/02\/30079789_194442501171990_4984159154433163264_n.jpg\" \/>\n\t<meta property=\"og:image:width\" content=\"720\" \/>\n\t<meta property=\"og:image:height\" content=\"720\" \/>\n\t<meta property=\"og:image:type\" content=\"image\/jpeg\" \/>\n<meta name=\"twitter:card\" content=\"summary_large_image\" \/>\n<meta name=\"twitter:site\" content=\"@grizzlyadamuk\" \/>\n<meta name=\"twitter:label1\" content=\"Tiempo de lectura\" \/>\n\t<meta name=\"twitter:data1\" content=\"3 minutos\" \/>\n<script type=\"application\/ld+json\" class=\"yoast-schema-graph\">{\"@context\":\"https:\\\/\\\/schema.org\",\"@graph\":[{\"@type\":\"WebPage\",\"@id\":\"https:\\\/\\\/grizzlyadam.co.uk\\\/product\\\/grizzly-adam-beard-oil\\\/\",\"url\":\"https:\\\/\\\/grizzlyadam.co.uk\\\/product\\\/grizzly-adam-beard-oil\\\/\",\"name\":\"Grizzly Adam Beard Oil - Best Buy Online in the UK for 100% Pure & Natural Beard Oil - Grizzly Adam\",\"isPartOf\":{\"@id\":\"https:\\\/\\\/project1-mke5mv4jgx.live-website.com\\\/#website\"},\"primaryImageOfPage\":{\"@id\":\"https:\\\/\\\/grizzlyadam.co.uk\\\/product\\\/grizzly-adam-beard-oil\\\/#primaryimage\"},\"image\":{\"@id\":\"https:\\\/\\\/grizzlyadam.co.uk\\\/product\\\/grizzly-adam-beard-oil\\\/#primaryimage\"},\"thumbnailUrl\":\"https:\\\/\\\/grizzlyadam.co.uk\\\/wp-content\\\/uploads\\\/2017\\\/02\\\/30079789_194442501171990_4984159154433163264_n.jpg\",\"datePublished\":\"2017-02-19T15:53:21+00:00\",\"dateModified\":\"2024-07-18T21:03:03+00:00\",\"breadcrumb\":{\"@id\":\"https:\\\/\\\/grizzlyadam.co.uk\\\/product\\\/grizzly-adam-beard-oil\\\/#breadcrumb\"},\"inLanguage\":\"es\",\"potentialAction\":[{\"@type\":\"ReadAction\",\"target\":[\"https:\\\/\\\/grizzlyadam.co.uk\\\/product\\\/grizzly-adam-beard-oil\\\/\"]}]},{\"@type\":\"ImageObject\",\"inLanguage\":\"es\",\"@id\":\"https:\\\/\\\/grizzlyadam.co.uk\\\/product\\\/grizzly-adam-beard-oil\\\/#primaryimage\",\"url\":\"https:\\\/\\\/grizzlyadam.co.uk\\\/wp-content\\\/uploads\\\/2017\\\/02\\\/30079789_194442501171990_4984159154433163264_n.jpg\",\"contentUrl\":\"https:\\\/\\\/grizzlyadam.co.uk\\\/wp-content\\\/uploads\\\/2017\\\/02\\\/30079789_194442501171990_4984159154433163264_n.jpg\",\"width\":720,\"height\":720},{\"@type\":\"BreadcrumbList\",\"@id\":\"https:\\\/\\\/grizzlyadam.co.uk\\\/product\\\/grizzly-adam-beard-oil\\\/#breadcrumb\",\"itemListElement\":[{\"@type\":\"ListItem\",\"position\":1,\"name\":\"Home\",\"item\":\"https:\\\/\\\/grizzlyadam.co.uk\\\/\"},{\"@type\":\"ListItem\",\"position\":2,\"name\":\"Shop\",\"item\":\"https:\\\/\\\/project1-mke5mv4jgx.live-website.com\\\/shop\\\/\"},{\"@type\":\"ListItem\",\"position\":3,\"name\":\"Grizzly Adam Beard Oil &#8211; Best Buy Online in the UK for 100% Pure &#038; Natural Beard Oil\"}]},{\"@type\":\"WebSite\",\"@id\":\"https:\\\/\\\/project1-mke5mv4jgx.live-website.com\\\/#website\",\"url\":\"https:\\\/\\\/project1-mke5mv4jgx.live-website.com\\\/\",\"name\":\"Grizzly Adam\",\"description\":\"Beard Oil And Grooming Products For Gentlemen\",\"publisher\":{\"@id\":\"https:\\\/\\\/project1-mke5mv4jgx.live-website.com\\\/#organization\"},\"potentialAction\":[{\"@type\":\"SearchAction\",\"target\":{\"@type\":\"EntryPoint\",\"urlTemplate\":\"https:\\\/\\\/project1-mke5mv4jgx.live-website.com\\\/?s={search_term_string}\"},\"query-input\":{\"@type\":\"PropertyValueSpecification\",\"valueRequired\":true,\"valueName\":\"search_term_string\"}}],\"inLanguage\":\"es\"},{\"@type\":\"Organization\",\"@id\":\"https:\\\/\\\/project1-mke5mv4jgx.live-website.com\\\/#organization\",\"name\":\"GRIZZLY ADAM\",\"url\":\"https:\\\/\\\/project1-mke5mv4jgx.live-website.com\\\/\",\"logo\":{\"@type\":\"ImageObject\",\"inLanguage\":\"es\",\"@id\":\"https:\\\/\\\/project1-mke5mv4jgx.live-website.com\\\/#\\\/schema\\\/logo\\\/image\\\/\",\"url\":\"https:\\\/\\\/grizzlyadam.co.uk\\\/wp-content\\\/uploads\\\/2019\\\/11\\\/gadamlogo.png\",\"contentUrl\":\"https:\\\/\\\/grizzlyadam.co.uk\\\/wp-content\\\/uploads\\\/2019\\\/11\\\/gadamlogo.png\",\"width\":\"200\",\"height\":\"200\",\"caption\":\"GRIZZLY ADAM\"},\"image\":{\"@id\":\"https:\\\/\\\/project1-mke5mv4jgx.live-website.com\\\/#\\\/schema\\\/logo\\\/image\\\/\"},\"sameAs\":[\"https:\\\/\\\/www.facebook.com\\\/grizzlyadamuk\",\"https:\\\/\\\/x.com\\\/grizzlyadamuk\",\"https:\\\/\\\/www.instagram.com\\\/grizzlyadamuk\\\/\"]}]}<\/script>\n<!-- \/ Yoast SEO plugin. -->","yoast_head_json":{"title":"Grizzly Adam Beard Oil - Best Buy Online in the UK for 100% Pure & Natural Beard Oil - Grizzly Adam","robots":{"index":"index","follow":"follow","max-snippet":"max-snippet:-1","max-image-preview":"max-image-preview:large","max-video-preview":"max-video-preview:-1"},"canonical":"https:\/\/grizzlyadam.co.uk\/es\/producto\/grizzly-adam-beard-oil\/","og_locale":"es_ES","og_type":"article","og_title":"Grizzly Adam Beard Oil - Best Buy Online in the UK for 100% Pure & Natural Beard Oil - Grizzly Adam","og_description":"PREMIUM BEARD OIL - Keep Your Beard Healthy, Groomed and Tamed Naturally. Moisturizes Beard Hair and Skin, Eliminates Itching and Dandruff (Beard-druff) for a kissable and respectable beard.\u00a0  Strengthens the hair from the root and gives deep nourishment, rejuvenating the hair and hair follicles providing a natural healthy shine  Helps stimulate growth, tame wild unruly hairs, and eliminate beard itch and beard dandruff to help keep your beard soft and manageable  PURE and NATURAL - 100% natural oils and essential oils to keep any gentleman's beard and moustache in tip top condition  Great Value - Large 100ml Bottle for a good price that your most likely to spend on a competitors 30ml bottle.\u00a0  &nbsp;   &nbsp;","og_url":"https:\/\/grizzlyadam.co.uk\/es\/producto\/grizzly-adam-beard-oil\/","og_site_name":"Grizzly Adam","article_publisher":"https:\/\/www.facebook.com\/grizzlyadamuk","article_modified_time":"2024-07-18T21:03:03+00:00","og_image":[{"width":720,"height":720,"url":"https:\/\/project1-mke5mv4jgx.live-website.com\/wp-content\/uploads\/2017\/02\/30079789_194442501171990_4984159154433163264_n.jpg","type":"image\/jpeg"}],"twitter_card":"summary_large_image","twitter_site":"@grizzlyadamuk","twitter_misc":{"Tiempo de lectura":"3 minutos"},"schema":{"@context":"https:\/\/schema.org","@graph":[{"@type":"WebPage","@id":"https:\/\/grizzlyadam.co.uk\/product\/grizzly-adam-beard-oil\/","url":"https:\/\/grizzlyadam.co.uk\/product\/grizzly-adam-beard-oil\/","name":"Grizzly Adam Beard Oil - Best Buy Online in the UK for 100% Pure & Natural Beard Oil - Grizzly Adam","isPartOf":{"@id":"https:\/\/project1-mke5mv4jgx.live-website.com\/#website"},"primaryImageOfPage":{"@id":"https:\/\/grizzlyadam.co.uk\/product\/grizzly-adam-beard-oil\/#primaryimage"},"image":{"@id":"https:\/\/grizzlyadam.co.uk\/product\/grizzly-adam-beard-oil\/#primaryimage"},"thumbnailUrl":"https:\/\/grizzlyadam.co.uk\/wp-content\/uploads\/2017\/02\/30079789_194442501171990_4984159154433163264_n.jpg","datePublished":"2017-02-19T15:53:21+00:00","dateModified":"2024-07-18T21:03:03+00:00","breadcrumb":{"@id":"https:\/\/grizzlyadam.co.uk\/product\/grizzly-adam-beard-oil\/#breadcrumb"},"inLanguage":"es","potentialAction":[{"@type":"ReadAction","target":["https:\/\/grizzlyadam.co.uk\/product\/grizzly-adam-beard-oil\/"]}]},{"@type":"ImageObject","inLanguage":"es","@id":"https:\/\/grizzlyadam.co.uk\/product\/grizzly-adam-beard-oil\/#primaryimage","url":"https:\/\/grizzlyadam.co.uk\/wp-content\/uploads\/2017\/02\/30079789_194442501171990_4984159154433163264_n.jpg","contentUrl":"https:\/\/grizzlyadam.co.uk\/wp-content\/uploads\/2017\/02\/30079789_194442501171990_4984159154433163264_n.jpg","width":720,"height":720},{"@type":"BreadcrumbList","@id":"https:\/\/grizzlyadam.co.uk\/product\/grizzly-adam-beard-oil\/#breadcrumb","itemListElement":[{"@type":"ListItem","position":1,"name":"Home","item":"https:\/\/grizzlyadam.co.uk\/"},{"@type":"ListItem","position":2,"name":"Shop","item":"https:\/\/project1-mke5mv4jgx.live-website.com\/shop\/"},{"@type":"ListItem","position":3,"name":"Grizzly Adam Beard Oil &#8211; Best Buy Online in the UK for 100% Pure &#038; Natural Beard Oil"}]},{"@type":"WebSite","@id":"https:\/\/project1-mke5mv4jgx.live-website.com\/#website","url":"https:\/\/project1-mke5mv4jgx.live-website.com\/","name":"Grizzly Adam","description":"Aceite para barba y productos de aseo para caballeros","publisher":{"@id":"https:\/\/project1-mke5mv4jgx.live-website.com\/#organization"},"potentialAction":[{"@type":"SearchAction","target":{"@type":"EntryPoint","urlTemplate":"https:\/\/project1-mke5mv4jgx.live-website.com\/?s={search_term_string}"},"query-input":{"@type":"PropertyValueSpecification","valueRequired":true,"valueName":"search_term_string"}}],"inLanguage":"es"},{"@type":"Organization","@id":"https:\/\/project1-mke5mv4jgx.live-website.com\/#organization","name":"GRIZZLY ADAM","url":"https:\/\/project1-mke5mv4jgx.live-website.com\/","logo":{"@type":"ImageObject","inLanguage":"es","@id":"https:\/\/project1-mke5mv4jgx.live-website.com\/#\/schema\/logo\/image\/","url":"https:\/\/grizzlyadam.co.uk\/wp-content\/uploads\/2019\/11\/gadamlogo.png","contentUrl":"https:\/\/grizzlyadam.co.uk\/wp-content\/uploads\/2019\/11\/gadamlogo.png","width":"200","height":"200","caption":"GRIZZLY ADAM"},"image":{"@id":"https:\/\/project1-mke5mv4jgx.live-website.com\/#\/schema\/logo\/image\/"},"sameAs":["https:\/\/www.facebook.com\/grizzlyadamuk","https:\/\/x.com\/grizzlyadamuk","https:\/\/www.instagram.com\/grizzlyadamuk\/"]}]}},"df_price":18.95,"df_sale_price":"","df_regular_price":18.95,"df_image_link":"https:\/\/grizzlyadam.co.uk\/wp-content\/uploads\/2017\/02\/30079789_194442501171990_4984159154433163264_n-300x300.jpg","_links":{"self":[{"href":"https:\/\/grizzlyadam.co.uk\/es\/wp-json\/wp\/v2\/product\/2166","targetHints":{"allow":["GET"]}}],"collection":[{"href":"https:\/\/grizzlyadam.co.uk\/es\/wp-json\/wp\/v2\/product"}],"about":[{"href":"https:\/\/grizzlyadam.co.uk\/es\/wp-json\/wp\/v2\/types\/product"}],"replies":[{"embeddable":true,"href":"https:\/\/grizzlyadam.co.uk\/es\/wp-json\/wp\/v2\/comments?post=2166"}],"wp:featuredmedia":[{"embeddable":true,"href":"https:\/\/grizzlyadam.co.uk\/es\/wp-json\/wp\/v2\/media\/11565"}],"wp:attachment":[{"href":"https:\/\/grizzlyadam.co.uk\/es\/wp-json\/wp\/v2\/media?parent=2166"}],"wp:term":[{"taxonomy":"product_brand","embeddable":true,"href":"https:\/\/grizzlyadam.co.uk\/es\/wp-json\/wp\/v2\/product_brand?post=2166"},{"taxonomy":"product_cat","embeddable":true,"href":"https:\/\/grizzlyadam.co.uk\/es\/wp-json\/wp\/v2\/product_cat?post=2166"},{"taxonomy":"product_tag","embeddable":true,"href":"https:\/\/grizzlyadam.co.uk\/es\/wp-json\/wp\/v2\/product_tag?post=2166"}],"curies":[{"name":"wp","href":"https:\/\/api.w.org\/{rel}","templated":true}]}}