{"id":20483,"date":"2020-03-07T10:18:04","date_gmt":"2020-03-07T10:18:04","guid":{"rendered":"https:\/\/grizzlyadam.co.uk\/?post_type=product&#038;p=20483"},"modified":"2020-11-04T17:43:14","modified_gmt":"2020-11-04T17:43:14","slug":"boar-bristle-beard-brush-for-men","status":"publish","type":"product","link":"https:\/\/grizzlyadam.co.uk\/es\/producto\/boar-bristle-beard-brush-for-men\/","title":{"rendered":"Cepillo para barba masculino de cerdas de jabal\u00ed"},"content":{"rendered":"<h1>\u00bfPor qu\u00e9 comprar un cepillo de cerdas de jabal\u00ed?<\/h1>\n<p><img loading=\"lazy\" decoding=\"async\" class=\"aligncenter wp-image-9535 size-full\" src=\"https:\/\/grizzlyadam.co.uk\/wp-content\/uploads\/2018\/01\/boar-bristle-brushing.jpg\" alt=\"\" width=\"480\" height=\"270\" srcset=\"https:\/\/grizzlyadam.co.uk\/wp-content\/uploads\/2018\/01\/boar-bristle-brushing.jpg 480w, https:\/\/grizzlyadam.co.uk\/wp-content\/uploads\/2018\/01\/boar-bristle-brushing-300x169.jpg 300w\" sizes=\"auto, (max-width: 480px) 100vw, 480px\" \/><\/p>\n<p><strong>Un cepillo ovalado para barba, maravillosamente dise\u00f1ado para adaptarse a la mano con el agarre perfecto para peinar y domar barbas de todas las formas y tama\u00f1os.<\/strong><\/p>\n<p>Elegir el cepillo adecuado puede suponer una gran diferencia en el aspecto y la salud de tu barba, ya que la dejar\u00e1 m\u00e1s limpia, hidratada, desenredada y, en pocas palabras, mejor. Notar\u00e1s una mejora instant\u00e1nea despu\u00e9s de a\u00f1adir esta incre\u00edble herramienta a tu rutina diaria de cuidado de la barba. Tenemos que decir que \"es uno de los elementos esenciales para tener una barba impresionante, sana y atractiva\".<\/p>\n<h2>4 incre\u00edbles beneficios de cepillarse la barba con un cepillo de cerdas de jabal\u00ed:<\/h2>\n<p><strong>1. Menos sequedad y picor. 2. M\u00e1s hidrataci\u00f3n y brillo.<\/strong><br \/>\nLa sequedad, la caspa de la barba y los picores son algunas de las mayores molestias cuando te dejas crecer la barba por primera vez.<\/p>\n<p>Cada vez que te lavas, tiendes a eliminar una gran cantidad de aceites naturales saludables, y el uso de champ\u00fas para el cuero cabelludo, productos qu\u00edmicos agresivos y jabones puede agravar a\u00fan m\u00e1s este problema. Utilizar un cepillo de jabal\u00ed de calidad superior en lugar de uno de pl\u00e1stico te ayudar\u00e1 a devolver la vida a esos fol\u00edculos.<\/p>\n<p>La mejor ventaja de utilizar un cepillo de cerdas de jabal\u00ed es su capacidad natural de recoger los aceites (y los aceites de la barba) para distribuirlos por igual por todos los fol\u00edculos. Las cerdas absorben los aceites seb\u00e1ceos humanos, que suelen obstruirse en lo m\u00e1s profundo de los poros, y los redistribuyen desde la base hasta la parte superior de cada mech\u00f3n de pelo.<\/p>\n<p>Al redistribuir estos aceites uniformemente por el pelo y la barba, el cabello adquiere un brillo natural sin sensaci\u00f3n de sobrecarga. Esto tambi\u00e9n contribuye en gran medida a evitar que el pelo se vuelva quebradizo y se da\u00f1e. Pero espere, hay m\u00e1s. Tu barba se vuelve ultra suave. Preg\u00fantale a cualquier barbudo y te dir\u00e1 que el cepillo cambia las reglas del juego.<\/p>\n<p><img loading=\"lazy\" decoding=\"async\" class=\"aligncenter wp-image-7931 size-full\" src=\"https:\/\/grizzlyadam.co.uk\/wp-content\/uploads\/2017\/10\/Natural-Boar-Bristle-Beard-Brush-For-Men-Facial-Face-Massager-Bristle-Hair-Shaving-Brush-Cepillo-Barba-3.jpg\" alt=\"\" width=\"800\" height=\"800\" srcset=\"https:\/\/grizzlyadam.co.uk\/wp-content\/uploads\/2017\/10\/Natural-Boar-Bristle-Beard-Brush-For-Men-Facial-Face-Massager-Bristle-Hair-Shaving-Brush-Cepillo-Barba-3.jpg 800w, https:\/\/grizzlyadam.co.uk\/wp-content\/uploads\/2017\/10\/Natural-Boar-Bristle-Beard-Brush-For-Men-Facial-Face-Massager-Bristle-Hair-Shaving-Brush-Cepillo-Barba-3-300x300.jpg 300w, https:\/\/grizzlyadam.co.uk\/wp-content\/uploads\/2017\/10\/Natural-Boar-Bristle-Beard-Brush-For-Men-Facial-Face-Massager-Bristle-Hair-Shaving-Brush-Cepillo-Barba-3-150x150.jpg 150w, https:\/\/grizzlyadam.co.uk\/wp-content\/uploads\/2017\/10\/Natural-Boar-Bristle-Beard-Brush-For-Men-Facial-Face-Massager-Bristle-Hair-Shaving-Brush-Cepillo-Barba-3-768x768.jpg 768w, https:\/\/grizzlyadam.co.uk\/wp-content\/uploads\/2017\/10\/Natural-Boar-Bristle-Beard-Brush-For-Men-Facial-Face-Massager-Bristle-Hair-Shaving-Brush-Cepillo-Barba-3-600x600.jpg 600w, https:\/\/grizzlyadam.co.uk\/wp-content\/uploads\/2017\/10\/Natural-Boar-Bristle-Beard-Brush-For-Men-Facial-Face-Massager-Bristle-Hair-Shaving-Brush-Cepillo-Barba-3-100x100.jpg 100w\" sizes=\"auto, (max-width: 800px) 100vw, 800px\" \/><\/p>\n<p><strong>2. Menos rotura, encrespamiento y puntas abiertas.<\/strong><\/p>\n<p>Cepillarse la barba puede ayudar dr\u00e1sticamente a la salud de tu barba de muchas maneras, una de ellas es la prevenci\u00f3n de la rotura, el encrespamiento y las puntas abiertas. Deshacerse de estos problemas significa que no tendr\u00e1s que recortar manualmente esos pelos alambicados con tanta frecuencia. La barba tendr\u00e1 un aspecto m\u00e1s natural y uniforme.<\/p>\n<p>El recubrimiento adicional de tu barba con aceites seb\u00e1ceos naturales y aceites nutritivos para barba puede proteger los fol\u00edculos de da\u00f1os externos.<\/p>\n<p><strong>3. Exfoliaci\u00f3n natural.<\/strong><\/p>\n<p>La exfoliaci\u00f3n es el acto de eliminar las c\u00e9lulas muertas de la superficie de la piel. Estas part\u00edculas muertas en reposo obstruyen los poros y pueden provocar foliculitis y acn\u00e9.<\/p>\n<p>La textura r\u00edgida de las cerdas de jabal\u00ed ayuda a penetrar en las ra\u00edces de cada fol\u00edculo para exfoliar y proporcionar una soluci\u00f3n natural para la limpieza de la piel y la barba. La exfoliaci\u00f3n no s\u00f3lo ayuda con muchos problemas de la piel, sino que tambi\u00e9n estimula la circulaci\u00f3n sangu\u00ednea, lo que a su vez puede promover un crecimiento m\u00e1s sano y completo de la barba.<\/p>\n<p><strong>4. Puede promover un crecimiento m\u00e1s sano y r\u00e1pido de la barba<\/strong><\/p>\n<p>El cepillado consiste esencialmente en masajear la cara, lo que a su vez mejora la circulaci\u00f3n sangu\u00ednea hacia los fol\u00edculos pilosos. El flujo sangu\u00edneo, el ox\u00edgeno y los nutrientes son algunos de los factores m\u00e1s importantes para la salud y el crecimiento del cabello. En una nota similar, uno de los mecanismos de acci\u00f3n en la eficacia de Minoxidil 5% (Rogaine) es la promoci\u00f3n de, lo has adivinado, el flujo sangu\u00edneo.<\/p>\n<p>Un mayor flujo sangu\u00edneo a los fol\u00edculos pilosos es una de las mejores cosas que puedes hacer por la salud y el desarrollo de tu barba. Sin embargo, obviamente no conseguir\u00e1s una barba enorme s\u00f3lo por cepillarte con regularidad. Se trata simplemente de una buena pr\u00e1ctica general para favorecer el riego sangu\u00edneo masivo de la cara, que a menudo se descuida.<\/p>\n<p>&nbsp;<\/p>\n<p>Peso neto: 28 g<br \/>\nTama\u00f1o del producto: 8 * 4 * 3cm<\/p>","protected":false},"excerpt":{"rendered":"<ul>\n<li class=\"-s-bullet-point\">Agarre y tacto ergon\u00f3micos<\/li>\n<li>fabricado con la m\u00e1xima calidad utilizando bamb\u00fa y aut\u00e9ntico pelo de jabal\u00ed<\/li>\n<li class=\"-s-bullet-point\">Doma, suaviza y da forma a los bigotes<\/li>\n<li>Evita que el cabello se vuelva quebradizo y se da\u00f1e<\/li>\n<\/ul>","protected":false},"featured_media":7929,"comment_status":"open","ping_status":"closed","template":"","meta":[],"product_brand":[],"product_cat":[71,213,72,90],"product_tag":[205,202,204,83],"class_list":{"0":"post-20483","1":"product","2":"type-product","3":"status-publish","4":"has-post-thumbnail","6":"product_cat-accessories","7":"product_cat-beard-brush","8":"product_cat-beard-comb","9":"product_cat-hair-care","10":"product_tag-beard","11":"product_tag-boar","12":"product_tag-brush","13":"product_tag-grooming","15":"first","16":"instock","17":"sale","18":"taxable","19":"shipping-taxable","20":"purchasable","21":"product-type-simple"},"yoast_head":"<!-- This site is optimized with the Yoast SEO plugin v27.2 - https:\/\/yoast.com\/product\/yoast-seo-wordpress\/ -->\n<title>Boar Bristle Beard Brush For Men - Grizzly Adam<\/title>\n<meta name=\"robots\" content=\"index, follow, max-snippet:-1, max-image-preview:large, max-video-preview:-1\" \/>\n<link rel=\"canonical\" href=\"https:\/\/grizzlyadam.co.uk\/es\/producto\/boar-bristle-beard-brush-for-men\/\" \/>\n<meta property=\"og:locale\" content=\"es_ES\" \/>\n<meta property=\"og:type\" content=\"article\" \/>\n<meta property=\"og:title\" content=\"Boar Bristle Beard Brush For Men - Grizzly Adam\" \/>\n<meta property=\"og:description\" content=\"Ergonomic grip and feel  manufactured to the highest quality using bamboo and real boars hair  Tames, softens and shapes whiskers  Protects your hairs from becoming brittle and damaged\" \/>\n<meta property=\"og:url\" content=\"https:\/\/grizzlyadam.co.uk\/es\/producto\/boar-bristle-beard-brush-for-men\/\" \/>\n<meta property=\"og:site_name\" content=\"Grizzly Adam\" \/>\n<meta property=\"article:publisher\" content=\"https:\/\/www.facebook.com\/grizzlyadamuk\" \/>\n<meta property=\"article:modified_time\" content=\"2020-11-04T17:43:14+00:00\" \/>\n<meta property=\"og:image\" content=\"https:\/\/project1-mke5mv4jgx.live-website.com\/wp-content\/uploads\/2017\/10\/Natural-Boar-Bristle-Beard-Brush-For-Men-Facial-Face-Massager-Bristle-Hair-Shaving-Brush-Cepillo-Barba-1.jpg\" \/>\n\t<meta property=\"og:image:width\" content=\"1000\" \/>\n\t<meta property=\"og:image:height\" content=\"1000\" \/>\n\t<meta property=\"og:image:type\" content=\"image\/jpeg\" \/>\n<meta name=\"twitter:card\" content=\"summary_large_image\" \/>\n<meta name=\"twitter:site\" content=\"@grizzlyadamuk\" \/>\n<meta name=\"twitter:label1\" content=\"Tiempo de lectura\" \/>\n\t<meta name=\"twitter:data1\" content=\"3 minutos\" \/>\n<script type=\"application\/ld+json\" class=\"yoast-schema-graph\">{\"@context\":\"https:\/\/schema.org\",\"@graph\":[{\"@type\":\"WebPage\",\"@id\":\"https:\/\/grizzlyadam.co.uk\/product\/boar-bristle-beard-brush-for-men\/\",\"url\":\"https:\/\/grizzlyadam.co.uk\/product\/boar-bristle-beard-brush-for-men\/\",\"name\":\"Boar Bristle Beard Brush For Men - Grizzly Adam\",\"isPartOf\":{\"@id\":\"https:\/\/project1-mke5mv4jgx.live-website.com\/#website\"},\"primaryImageOfPage\":{\"@id\":\"https:\/\/grizzlyadam.co.uk\/product\/boar-bristle-beard-brush-for-men\/#primaryimage\"},\"image\":{\"@id\":\"https:\/\/grizzlyadam.co.uk\/product\/boar-bristle-beard-brush-for-men\/#primaryimage\"},\"thumbnailUrl\":\"https:\/\/grizzlyadam.co.uk\/wp-content\/uploads\/2017\/10\/Natural-Boar-Bristle-Beard-Brush-For-Men-Facial-Face-Massager-Bristle-Hair-Shaving-Brush-Cepillo-Barba-1.jpg\",\"datePublished\":\"2020-03-07T10:18:04+00:00\",\"dateModified\":\"2020-11-04T17:43:14+00:00\",\"breadcrumb\":{\"@id\":\"https:\/\/grizzlyadam.co.uk\/product\/boar-bristle-beard-brush-for-men\/#breadcrumb\"},\"inLanguage\":\"es\",\"potentialAction\":[{\"@type\":\"ReadAction\",\"target\":[\"https:\/\/grizzlyadam.co.uk\/product\/boar-bristle-beard-brush-for-men\/\"]}]},{\"@type\":\"ImageObject\",\"inLanguage\":\"es\",\"@id\":\"https:\/\/grizzlyadam.co.uk\/product\/boar-bristle-beard-brush-for-men\/#primaryimage\",\"url\":\"https:\/\/grizzlyadam.co.uk\/wp-content\/uploads\/2017\/10\/Natural-Boar-Bristle-Beard-Brush-For-Men-Facial-Face-Massager-Bristle-Hair-Shaving-Brush-Cepillo-Barba-1.jpg\",\"contentUrl\":\"https:\/\/grizzlyadam.co.uk\/wp-content\/uploads\/2017\/10\/Natural-Boar-Bristle-Beard-Brush-For-Men-Facial-Face-Massager-Bristle-Hair-Shaving-Brush-Cepillo-Barba-1.jpg\",\"width\":1000,\"height\":1000},{\"@type\":\"BreadcrumbList\",\"@id\":\"https:\/\/grizzlyadam.co.uk\/product\/boar-bristle-beard-brush-for-men\/#breadcrumb\",\"itemListElement\":[{\"@type\":\"ListItem\",\"position\":1,\"name\":\"Home\",\"item\":\"https:\/\/grizzlyadam.co.uk\/\"},{\"@type\":\"ListItem\",\"position\":2,\"name\":\"Shop\",\"item\":\"https:\/\/project1-mke5mv4jgx.live-website.com\/shop\/\"},{\"@type\":\"ListItem\",\"position\":3,\"name\":\"Boar Bristle Beard Brush For Men\"}]},{\"@type\":\"WebSite\",\"@id\":\"https:\/\/project1-mke5mv4jgx.live-website.com\/#website\",\"url\":\"https:\/\/project1-mke5mv4jgx.live-website.com\/\",\"name\":\"Grizzly Adam\",\"description\":\"Beard Oil And Grooming Products For Gentlemen\",\"publisher\":{\"@id\":\"https:\/\/project1-mke5mv4jgx.live-website.com\/#organization\"},\"potentialAction\":[{\"@type\":\"SearchAction\",\"target\":{\"@type\":\"EntryPoint\",\"urlTemplate\":\"https:\/\/project1-mke5mv4jgx.live-website.com\/?s={search_term_string}\"},\"query-input\":{\"@type\":\"PropertyValueSpecification\",\"valueRequired\":true,\"valueName\":\"search_term_string\"}}],\"inLanguage\":\"es\"},{\"@type\":\"Organization\",\"@id\":\"https:\/\/project1-mke5mv4jgx.live-website.com\/#organization\",\"name\":\"GRIZZLY ADAM\",\"url\":\"https:\/\/project1-mke5mv4jgx.live-website.com\/\",\"logo\":{\"@type\":\"ImageObject\",\"inLanguage\":\"es\",\"@id\":\"https:\/\/project1-mke5mv4jgx.live-website.com\/#\/schema\/logo\/image\/\",\"url\":\"https:\/\/grizzlyadam.co.uk\/wp-content\/uploads\/2019\/11\/gadamlogo.png\",\"contentUrl\":\"https:\/\/grizzlyadam.co.uk\/wp-content\/uploads\/2019\/11\/gadamlogo.png\",\"width\":\"200\",\"height\":\"200\",\"caption\":\"GRIZZLY ADAM\"},\"image\":{\"@id\":\"https:\/\/project1-mke5mv4jgx.live-website.com\/#\/schema\/logo\/image\/\"},\"sameAs\":[\"https:\/\/www.facebook.com\/grizzlyadamuk\",\"https:\/\/x.com\/grizzlyadamuk\",\"https:\/\/www.instagram.com\/grizzlyadamuk\/\"]}]}<\/script>\n<!-- \/ Yoast SEO plugin. -->","yoast_head_json":{"title":"Boar Bristle Beard Brush For Men - Grizzly Adam","robots":{"index":"index","follow":"follow","max-snippet":"max-snippet:-1","max-image-preview":"max-image-preview:large","max-video-preview":"max-video-preview:-1"},"canonical":"https:\/\/grizzlyadam.co.uk\/es\/producto\/boar-bristle-beard-brush-for-men\/","og_locale":"es_ES","og_type":"article","og_title":"Boar Bristle Beard Brush For Men - Grizzly Adam","og_description":"Ergonomic grip and feel  manufactured to the highest quality using bamboo and real boars hair  Tames, softens and shapes whiskers  Protects your hairs from becoming brittle and damaged","og_url":"https:\/\/grizzlyadam.co.uk\/es\/producto\/boar-bristle-beard-brush-for-men\/","og_site_name":"Grizzly Adam","article_publisher":"https:\/\/www.facebook.com\/grizzlyadamuk","article_modified_time":"2020-11-04T17:43:14+00:00","og_image":[{"width":1000,"height":1000,"url":"https:\/\/project1-mke5mv4jgx.live-website.com\/wp-content\/uploads\/2017\/10\/Natural-Boar-Bristle-Beard-Brush-For-Men-Facial-Face-Massager-Bristle-Hair-Shaving-Brush-Cepillo-Barba-1.jpg","type":"image\/jpeg"}],"twitter_card":"summary_large_image","twitter_site":"@grizzlyadamuk","twitter_misc":{"Tiempo de lectura":"3 minutos"},"schema":{"@context":"https:\/\/schema.org","@graph":[{"@type":"WebPage","@id":"https:\/\/grizzlyadam.co.uk\/product\/boar-bristle-beard-brush-for-men\/","url":"https:\/\/grizzlyadam.co.uk\/product\/boar-bristle-beard-brush-for-men\/","name":"Boar Bristle Beard Brush For Men - Grizzly Adam","isPartOf":{"@id":"https:\/\/project1-mke5mv4jgx.live-website.com\/#website"},"primaryImageOfPage":{"@id":"https:\/\/grizzlyadam.co.uk\/product\/boar-bristle-beard-brush-for-men\/#primaryimage"},"image":{"@id":"https:\/\/grizzlyadam.co.uk\/product\/boar-bristle-beard-brush-for-men\/#primaryimage"},"thumbnailUrl":"https:\/\/grizzlyadam.co.uk\/wp-content\/uploads\/2017\/10\/Natural-Boar-Bristle-Beard-Brush-For-Men-Facial-Face-Massager-Bristle-Hair-Shaving-Brush-Cepillo-Barba-1.jpg","datePublished":"2020-03-07T10:18:04+00:00","dateModified":"2020-11-04T17:43:14+00:00","breadcrumb":{"@id":"https:\/\/grizzlyadam.co.uk\/product\/boar-bristle-beard-brush-for-men\/#breadcrumb"},"inLanguage":"es","potentialAction":[{"@type":"ReadAction","target":["https:\/\/grizzlyadam.co.uk\/product\/boar-bristle-beard-brush-for-men\/"]}]},{"@type":"ImageObject","inLanguage":"es","@id":"https:\/\/grizzlyadam.co.uk\/product\/boar-bristle-beard-brush-for-men\/#primaryimage","url":"https:\/\/grizzlyadam.co.uk\/wp-content\/uploads\/2017\/10\/Natural-Boar-Bristle-Beard-Brush-For-Men-Facial-Face-Massager-Bristle-Hair-Shaving-Brush-Cepillo-Barba-1.jpg","contentUrl":"https:\/\/grizzlyadam.co.uk\/wp-content\/uploads\/2017\/10\/Natural-Boar-Bristle-Beard-Brush-For-Men-Facial-Face-Massager-Bristle-Hair-Shaving-Brush-Cepillo-Barba-1.jpg","width":1000,"height":1000},{"@type":"BreadcrumbList","@id":"https:\/\/grizzlyadam.co.uk\/product\/boar-bristle-beard-brush-for-men\/#breadcrumb","itemListElement":[{"@type":"ListItem","position":1,"name":"Home","item":"https:\/\/grizzlyadam.co.uk\/"},{"@type":"ListItem","position":2,"name":"Shop","item":"https:\/\/project1-mke5mv4jgx.live-website.com\/shop\/"},{"@type":"ListItem","position":3,"name":"Boar Bristle Beard Brush For Men"}]},{"@type":"WebSite","@id":"https:\/\/project1-mke5mv4jgx.live-website.com\/#website","url":"https:\/\/project1-mke5mv4jgx.live-website.com\/","name":"Grizzly Adam","description":"Aceite para barba y productos de aseo para caballeros","publisher":{"@id":"https:\/\/project1-mke5mv4jgx.live-website.com\/#organization"},"potentialAction":[{"@type":"SearchAction","target":{"@type":"EntryPoint","urlTemplate":"https:\/\/project1-mke5mv4jgx.live-website.com\/?s={search_term_string}"},"query-input":{"@type":"PropertyValueSpecification","valueRequired":true,"valueName":"search_term_string"}}],"inLanguage":"es"},{"@type":"Organization","@id":"https:\/\/project1-mke5mv4jgx.live-website.com\/#organization","name":"GRIZZLY ADAM","url":"https:\/\/project1-mke5mv4jgx.live-website.com\/","logo":{"@type":"ImageObject","inLanguage":"es","@id":"https:\/\/project1-mke5mv4jgx.live-website.com\/#\/schema\/logo\/image\/","url":"https:\/\/grizzlyadam.co.uk\/wp-content\/uploads\/2019\/11\/gadamlogo.png","contentUrl":"https:\/\/grizzlyadam.co.uk\/wp-content\/uploads\/2019\/11\/gadamlogo.png","width":"200","height":"200","caption":"GRIZZLY ADAM"},"image":{"@id":"https:\/\/project1-mke5mv4jgx.live-website.com\/#\/schema\/logo\/image\/"},"sameAs":["https:\/\/www.facebook.com\/grizzlyadamuk","https:\/\/x.com\/grizzlyadamuk","https:\/\/www.instagram.com\/grizzlyadamuk\/"]}]}},"df_price":12.49,"df_sale_price":12.49,"df_regular_price":14.99,"df_image_link":"https:\/\/grizzlyadam.co.uk\/wp-content\/uploads\/2017\/10\/Natural-Boar-Bristle-Beard-Brush-For-Men-Facial-Face-Massager-Bristle-Hair-Shaving-Brush-Cepillo-Barba-1-300x300.jpg","_links":{"self":[{"href":"https:\/\/grizzlyadam.co.uk\/es\/wp-json\/wp\/v2\/product\/20483","targetHints":{"allow":["GET"]}}],"collection":[{"href":"https:\/\/grizzlyadam.co.uk\/es\/wp-json\/wp\/v2\/product"}],"about":[{"href":"https:\/\/grizzlyadam.co.uk\/es\/wp-json\/wp\/v2\/types\/product"}],"replies":[{"embeddable":true,"href":"https:\/\/grizzlyadam.co.uk\/es\/wp-json\/wp\/v2\/comments?post=20483"}],"wp:featuredmedia":[{"embeddable":true,"href":"https:\/\/grizzlyadam.co.uk\/es\/wp-json\/wp\/v2\/media\/7929"}],"wp:attachment":[{"href":"https:\/\/grizzlyadam.co.uk\/es\/wp-json\/wp\/v2\/media?parent=20483"}],"wp:term":[{"taxonomy":"product_brand","embeddable":true,"href":"https:\/\/grizzlyadam.co.uk\/es\/wp-json\/wp\/v2\/product_brand?post=20483"},{"taxonomy":"product_cat","embeddable":true,"href":"https:\/\/grizzlyadam.co.uk\/es\/wp-json\/wp\/v2\/product_cat?post=20483"},{"taxonomy":"product_tag","embeddable":true,"href":"https:\/\/grizzlyadam.co.uk\/es\/wp-json\/wp\/v2\/product_tag?post=20483"}],"curies":[{"name":"wp","href":"https:\/\/api.w.org\/{rel}","templated":true}]}}