{"id":18850,"date":"2019-12-16T21:24:13","date_gmt":"2019-12-16T21:24:13","guid":{"rendered":"https:\/\/grizzlyadam.co.uk\/?post_type=product&#038;p=18850"},"modified":"2024-10-16T16:53:06","modified_gmt":"2024-10-16T15:53:06","slug":"grizzly-adam-beard-care-kit-with-beard-oil-scissors-and-comb","status":"publish","type":"product","link":"https:\/\/grizzlyadam.co.uk\/es\/producto\/grizzly-adam-beard-care-kit-with-beard-oil-scissors-and-comb\/","title":{"rendered":"Kit para el cuidado de la barba Grizzly Adam con aceite para barba, tijeras y peine"},"content":{"rendered":"<p><b>Grizzly Adam Ayuda a cuidar tu piel y tu barba<\/b><\/p>\n<p>Incluye tijeras de peluquer\u00eda de calidad profesional, 100 ml de aceite puro y org\u00e1nico para barba y peine Grizzly Adam Premium presentado en un estuche de regalo hecho a mano.<\/p>\n<p>Las tijeras de corte de pelo Grizzly Adam Razor Edge est\u00e1n dise\u00f1adas espec\u00edficamente para un alto rendimiento y resultados de calidad. Son imprescindibles para barberos profesionales, amantes del cuidado de la barba y ofrecen resultados elegantes y sin esfuerzo.<\/p>\n<p>El aceite para barba ayuda a hidratar la piel y a cuidar la barba al mismo tiempo. Aporta aceite esencial a la piel y \u00e9ste penetra en los fol\u00edculos pilosos. Cuando los fol\u00edculos est\u00e1n bien hidratados, el pelo no se reseca ni se vuelve quebradizo. La piel hidratada es suave y lisa, y el aceite para barba ayuda a evitar los picores y la descamaci\u00f3n, que pueden causar molestias.<\/p>\n<p><b>F\u00e1cil de aplicar<\/b><\/p>\n<p>El aceite para barba es muy f\u00e1cil de aplicar y s\u00f3lo lleva unos segundos. Apl\u00edcate unas gotas en la palma de la mano, fr\u00f3tate las manos y p\u00e1sate los dedos por la barba.<\/p>\n<p>Utiliza despu\u00e9s el peine Grizzly Adam y tu barba estar\u00e1 adecuadamente cubierta. El aceite para barba se absorber\u00e1 en unos 20-30 minutos y dejar\u00e1 tu barba con un bonito brillo.<\/p>\n<h2 id=\"title\" class=\"a-size-large a-spacing-none\"><span id=\"productTitle\" class=\"a-size-large\">Set de regalo perfecto para hombre - Aceite para barba, tijeras para barba y peine para barba Ideal para el cuidado de la barba y el bigote<\/span><\/h2>","protected":false},"excerpt":{"rendered":"<ul class=\"a-vertical a-spacing-none\">\n<li><span class=\"a-list-item\">M\u00e1s de 60 \u00a3 si se compran por separado - Un regalo perfecto para hombres con barba o bigote y un buen regalo de Navidad para cualquier hombre con barba.<\/span><\/li>\n<li><span class=\"a-list-item\"> Tijeras profesionales para pelo y barba de 6,5 pulgadas - Tijeras para cortar el pelo con filo de navaja, tensi\u00f3n ajustable e inserciones para los dedos, hojas afiladas para peinar y recortar la barba f\u00e1cilmente<\/span><\/li>\n<li><span class=\"a-list-item\"> PREMIUM BEARD OIL for Men - Mantenga su barba sana, cuidada y domada de forma natural. Hidrata el pelo y la piel de la barba, elimina el picor y la caspa (barba-caspa) para una barba besable y respetable. Util\u00edcelo a diario para obtener el mejor efecto barba<\/span><\/li>\n<li><span class=\"a-list-item\"> PELO, BARBA Y BIGOTE: todos se beneficiar\u00e1n de este peine recto de madera, robusto y de estilo cl\u00e1sico. Perfecto para barbas largas y densas<\/span><\/li>\n<li><span class=\"a-list-item\"> \u00bfPor qu\u00e9 elegir los productos Grizzly Adam? - \u00a1Nuestros productos son de la m\u00e1s alta calidad, por lo que ofrecemos una garant\u00eda de devoluci\u00f3n de dinero 100% a todos nuestros clientes.por cualquier raz\u00f3n que usted no est\u00e1 100% satisfecho con nuestros productos o servicios, simplemente p\u00f3ngase en contacto con nosotros y lo haremos bien - Tenemos el mejor servicio al cliente y la m\u00e1s alta calidad de aceite de barba en el mercado hoy en d\u00eda!<\/span><\/li>\n<\/ul>\n<p>&nbsp;<\/p>","protected":false},"featured_media":26835,"comment_status":"closed","ping_status":"closed","template":"","meta":[],"product_brand":[],"product_cat":[72,65,73,251,74,90],"product_tag":[66,303,82,304],"class_list":{"0":"post-18850","1":"product","2":"type-product","3":"status-publish","4":"has-post-thumbnail","6":"product_cat-beard-comb","7":"product_cat-beard-oil","8":"product_cat-beard-scissors","9":"product_cat-bundles","10":"product_cat-grooming-kits","11":"product_cat-hair-care","12":"product_tag-beard-oil","13":"product_tag-beard-kit","14":"product_tag-beard-scissors","15":"product_tag-wooden-comb","17":"first","18":"instock","19":"sale","20":"taxable","21":"shipping-taxable","22":"purchasable","23":"product-type-simple"},"yoast_head":"<!-- This site is optimized with the Yoast SEO plugin v27.2 - https:\/\/yoast.com\/product\/yoast-seo-wordpress\/ -->\n<title>Grizzly Adam Beard Care Kit with Beard Oil, Scissors and Comb - Grizzly Adam<\/title>\n<meta name=\"robots\" content=\"index, follow, max-snippet:-1, max-image-preview:large, max-video-preview:-1\" \/>\n<link rel=\"canonical\" href=\"https:\/\/grizzlyadam.co.uk\/es\/producto\/grizzly-adam-beard-care-kit-with-beard-oil-scissors-and-comb\/\" \/>\n<meta property=\"og:locale\" content=\"es_ES\" \/>\n<meta property=\"og:type\" content=\"article\" \/>\n<meta property=\"og:title\" content=\"Grizzly Adam Beard Care Kit with Beard Oil, Scissors and Comb - Grizzly Adam\" \/>\n<meta property=\"og:description\" content=\"Over \u00a360 if all purchased separately - Perfect stocking filler for men with beards or mustaches and would be a welcome Christmas gift to any bearded man   6.5-Inch Professional Hair and Beard Scissors - Razor Edge Hair Cutting Scissors with Adjustable Tension and Finger Inserts, Sharp Blades for Easy Hairstyling and Beard Trimming   PREMIUM BEARD OIL for Men - Keep Your Beard Healthy, Groomed and Tamed Naturally. Moisturizes Beard Hair and Skin, Eliminates Itching and Dandruff (Beard-druff) for a kissable and respectable beard. Use daily for the best beard effect   HAIR, BEARDS, &amp; MUSTACHES will all benefit from the classically styled, sturdy straight wood comb. Perfect for Long Dense Beards   Why Choose Grizzly Adam Products? - Our Products Are Of The Highest Quality Only, So We Offer a 100% Money Back Guarantee To All Of Our Customers.For what ever reason you are not 100% satisfied with our products or service, simply contact us and we will make it right - We have THE BEST Customer Service and the Highest Quality Beard Oil on the market Today!  &nbsp;\" \/>\n<meta property=\"og:url\" content=\"https:\/\/grizzlyadam.co.uk\/es\/producto\/grizzly-adam-beard-care-kit-with-beard-oil-scissors-and-comb\/\" \/>\n<meta property=\"og:site_name\" content=\"Grizzly Adam\" \/>\n<meta property=\"article:publisher\" content=\"https:\/\/www.facebook.com\/grizzlyadamuk\" \/>\n<meta property=\"article:modified_time\" content=\"2024-10-16T15:53:06+00:00\" \/>\n<meta property=\"og:image\" content=\"https:\/\/project1-mke5mv4jgx.live-website.com\/wp-content\/uploads\/2019\/12\/LS5.png\" \/>\n\t<meta property=\"og:image:width\" content=\"1800\" \/>\n\t<meta property=\"og:image:height\" content=\"1200\" \/>\n\t<meta property=\"og:image:type\" content=\"image\/png\" \/>\n<meta name=\"twitter:card\" content=\"summary_large_image\" \/>\n<meta name=\"twitter:site\" content=\"@grizzlyadamuk\" \/>\n<meta name=\"twitter:label1\" content=\"Tiempo de lectura\" \/>\n\t<meta name=\"twitter:data1\" content=\"2 minutos\" \/>\n<script type=\"application\/ld+json\" class=\"yoast-schema-graph\">{\"@context\":\"https:\/\/schema.org\",\"@graph\":[{\"@type\":\"WebPage\",\"@id\":\"https:\/\/grizzlyadam.co.uk\/product\/grizzly-adam-beard-care-kit-with-beard-oil-scissors-and-comb\/\",\"url\":\"https:\/\/grizzlyadam.co.uk\/product\/grizzly-adam-beard-care-kit-with-beard-oil-scissors-and-comb\/\",\"name\":\"Grizzly Adam Beard Care Kit with Beard Oil, Scissors and Comb - Grizzly Adam\",\"isPartOf\":{\"@id\":\"https:\/\/project1-mke5mv4jgx.live-website.com\/#website\"},\"primaryImageOfPage\":{\"@id\":\"https:\/\/grizzlyadam.co.uk\/product\/grizzly-adam-beard-care-kit-with-beard-oil-scissors-and-comb\/#primaryimage\"},\"image\":{\"@id\":\"https:\/\/grizzlyadam.co.uk\/product\/grizzly-adam-beard-care-kit-with-beard-oil-scissors-and-comb\/#primaryimage\"},\"thumbnailUrl\":\"https:\/\/grizzlyadam.co.uk\/wp-content\/uploads\/2019\/12\/LS5.png\",\"datePublished\":\"2019-12-16T21:24:13+00:00\",\"dateModified\":\"2024-10-16T15:53:06+00:00\",\"breadcrumb\":{\"@id\":\"https:\/\/grizzlyadam.co.uk\/product\/grizzly-adam-beard-care-kit-with-beard-oil-scissors-and-comb\/#breadcrumb\"},\"inLanguage\":\"es\",\"potentialAction\":[{\"@type\":\"ReadAction\",\"target\":[\"https:\/\/grizzlyadam.co.uk\/product\/grizzly-adam-beard-care-kit-with-beard-oil-scissors-and-comb\/\"]}]},{\"@type\":\"ImageObject\",\"inLanguage\":\"es\",\"@id\":\"https:\/\/grizzlyadam.co.uk\/product\/grizzly-adam-beard-care-kit-with-beard-oil-scissors-and-comb\/#primaryimage\",\"url\":\"https:\/\/grizzlyadam.co.uk\/wp-content\/uploads\/2019\/12\/LS5.png\",\"contentUrl\":\"https:\/\/grizzlyadam.co.uk\/wp-content\/uploads\/2019\/12\/LS5.png\",\"width\":1800,\"height\":1200},{\"@type\":\"BreadcrumbList\",\"@id\":\"https:\/\/grizzlyadam.co.uk\/product\/grizzly-adam-beard-care-kit-with-beard-oil-scissors-and-comb\/#breadcrumb\",\"itemListElement\":[{\"@type\":\"ListItem\",\"position\":1,\"name\":\"Home\",\"item\":\"https:\/\/grizzlyadam.co.uk\/\"},{\"@type\":\"ListItem\",\"position\":2,\"name\":\"Shop\",\"item\":\"https:\/\/project1-mke5mv4jgx.live-website.com\/shop\/\"},{\"@type\":\"ListItem\",\"position\":3,\"name\":\"Grizzly Adam Beard Care Kit with Beard Oil, Scissors and Comb\"}]},{\"@type\":\"WebSite\",\"@id\":\"https:\/\/project1-mke5mv4jgx.live-website.com\/#website\",\"url\":\"https:\/\/project1-mke5mv4jgx.live-website.com\/\",\"name\":\"Grizzly Adam\",\"description\":\"Beard Oil And Grooming Products For Gentlemen\",\"publisher\":{\"@id\":\"https:\/\/project1-mke5mv4jgx.live-website.com\/#organization\"},\"potentialAction\":[{\"@type\":\"SearchAction\",\"target\":{\"@type\":\"EntryPoint\",\"urlTemplate\":\"https:\/\/project1-mke5mv4jgx.live-website.com\/?s={search_term_string}\"},\"query-input\":{\"@type\":\"PropertyValueSpecification\",\"valueRequired\":true,\"valueName\":\"search_term_string\"}}],\"inLanguage\":\"es\"},{\"@type\":\"Organization\",\"@id\":\"https:\/\/project1-mke5mv4jgx.live-website.com\/#organization\",\"name\":\"GRIZZLY ADAM\",\"url\":\"https:\/\/project1-mke5mv4jgx.live-website.com\/\",\"logo\":{\"@type\":\"ImageObject\",\"inLanguage\":\"es\",\"@id\":\"https:\/\/project1-mke5mv4jgx.live-website.com\/#\/schema\/logo\/image\/\",\"url\":\"https:\/\/grizzlyadam.co.uk\/wp-content\/uploads\/2019\/11\/gadamlogo.png\",\"contentUrl\":\"https:\/\/grizzlyadam.co.uk\/wp-content\/uploads\/2019\/11\/gadamlogo.png\",\"width\":\"200\",\"height\":\"200\",\"caption\":\"GRIZZLY ADAM\"},\"image\":{\"@id\":\"https:\/\/project1-mke5mv4jgx.live-website.com\/#\/schema\/logo\/image\/\"},\"sameAs\":[\"https:\/\/www.facebook.com\/grizzlyadamuk\",\"https:\/\/x.com\/grizzlyadamuk\",\"https:\/\/www.instagram.com\/grizzlyadamuk\/\"]}]}<\/script>\n<!-- \/ Yoast SEO plugin. -->","yoast_head_json":{"title":"Grizzly Adam Beard Care Kit with Beard Oil, Scissors and Comb - Grizzly Adam","robots":{"index":"index","follow":"follow","max-snippet":"max-snippet:-1","max-image-preview":"max-image-preview:large","max-video-preview":"max-video-preview:-1"},"canonical":"https:\/\/grizzlyadam.co.uk\/es\/producto\/grizzly-adam-beard-care-kit-with-beard-oil-scissors-and-comb\/","og_locale":"es_ES","og_type":"article","og_title":"Grizzly Adam Beard Care Kit with Beard Oil, Scissors and Comb - Grizzly Adam","og_description":"Over \u00a360 if all purchased separately - Perfect stocking filler for men with beards or mustaches and would be a welcome Christmas gift to any bearded man   6.5-Inch Professional Hair and Beard Scissors - Razor Edge Hair Cutting Scissors with Adjustable Tension and Finger Inserts, Sharp Blades for Easy Hairstyling and Beard Trimming   PREMIUM BEARD OIL for Men - Keep Your Beard Healthy, Groomed and Tamed Naturally. Moisturizes Beard Hair and Skin, Eliminates Itching and Dandruff (Beard-druff) for a kissable and respectable beard. Use daily for the best beard effect   HAIR, BEARDS, &amp; MUSTACHES will all benefit from the classically styled, sturdy straight wood comb. Perfect for Long Dense Beards   Why Choose Grizzly Adam Products? - Our Products Are Of The Highest Quality Only, So We Offer a 100% Money Back Guarantee To All Of Our Customers.For what ever reason you are not 100% satisfied with our products or service, simply contact us and we will make it right - We have THE BEST Customer Service and the Highest Quality Beard Oil on the market Today!  &nbsp;","og_url":"https:\/\/grizzlyadam.co.uk\/es\/producto\/grizzly-adam-beard-care-kit-with-beard-oil-scissors-and-comb\/","og_site_name":"Grizzly Adam","article_publisher":"https:\/\/www.facebook.com\/grizzlyadamuk","article_modified_time":"2024-10-16T15:53:06+00:00","og_image":[{"width":1800,"height":1200,"url":"https:\/\/project1-mke5mv4jgx.live-website.com\/wp-content\/uploads\/2019\/12\/LS5.png","type":"image\/png"}],"twitter_card":"summary_large_image","twitter_site":"@grizzlyadamuk","twitter_misc":{"Tiempo de lectura":"2 minutos"},"schema":{"@context":"https:\/\/schema.org","@graph":[{"@type":"WebPage","@id":"https:\/\/grizzlyadam.co.uk\/product\/grizzly-adam-beard-care-kit-with-beard-oil-scissors-and-comb\/","url":"https:\/\/grizzlyadam.co.uk\/product\/grizzly-adam-beard-care-kit-with-beard-oil-scissors-and-comb\/","name":"Grizzly Adam Beard Care Kit with Beard Oil, Scissors and Comb - Grizzly Adam","isPartOf":{"@id":"https:\/\/project1-mke5mv4jgx.live-website.com\/#website"},"primaryImageOfPage":{"@id":"https:\/\/grizzlyadam.co.uk\/product\/grizzly-adam-beard-care-kit-with-beard-oil-scissors-and-comb\/#primaryimage"},"image":{"@id":"https:\/\/grizzlyadam.co.uk\/product\/grizzly-adam-beard-care-kit-with-beard-oil-scissors-and-comb\/#primaryimage"},"thumbnailUrl":"https:\/\/grizzlyadam.co.uk\/wp-content\/uploads\/2019\/12\/LS5.png","datePublished":"2019-12-16T21:24:13+00:00","dateModified":"2024-10-16T15:53:06+00:00","breadcrumb":{"@id":"https:\/\/grizzlyadam.co.uk\/product\/grizzly-adam-beard-care-kit-with-beard-oil-scissors-and-comb\/#breadcrumb"},"inLanguage":"es","potentialAction":[{"@type":"ReadAction","target":["https:\/\/grizzlyadam.co.uk\/product\/grizzly-adam-beard-care-kit-with-beard-oil-scissors-and-comb\/"]}]},{"@type":"ImageObject","inLanguage":"es","@id":"https:\/\/grizzlyadam.co.uk\/product\/grizzly-adam-beard-care-kit-with-beard-oil-scissors-and-comb\/#primaryimage","url":"https:\/\/grizzlyadam.co.uk\/wp-content\/uploads\/2019\/12\/LS5.png","contentUrl":"https:\/\/grizzlyadam.co.uk\/wp-content\/uploads\/2019\/12\/LS5.png","width":1800,"height":1200},{"@type":"BreadcrumbList","@id":"https:\/\/grizzlyadam.co.uk\/product\/grizzly-adam-beard-care-kit-with-beard-oil-scissors-and-comb\/#breadcrumb","itemListElement":[{"@type":"ListItem","position":1,"name":"Home","item":"https:\/\/grizzlyadam.co.uk\/"},{"@type":"ListItem","position":2,"name":"Shop","item":"https:\/\/project1-mke5mv4jgx.live-website.com\/shop\/"},{"@type":"ListItem","position":3,"name":"Grizzly Adam Beard Care Kit with Beard Oil, Scissors and Comb"}]},{"@type":"WebSite","@id":"https:\/\/project1-mke5mv4jgx.live-website.com\/#website","url":"https:\/\/project1-mke5mv4jgx.live-website.com\/","name":"Grizzly Adam","description":"Aceite para barba y productos de aseo para caballeros","publisher":{"@id":"https:\/\/project1-mke5mv4jgx.live-website.com\/#organization"},"potentialAction":[{"@type":"SearchAction","target":{"@type":"EntryPoint","urlTemplate":"https:\/\/project1-mke5mv4jgx.live-website.com\/?s={search_term_string}"},"query-input":{"@type":"PropertyValueSpecification","valueRequired":true,"valueName":"search_term_string"}}],"inLanguage":"es"},{"@type":"Organization","@id":"https:\/\/project1-mke5mv4jgx.live-website.com\/#organization","name":"GRIZZLY ADAM","url":"https:\/\/project1-mke5mv4jgx.live-website.com\/","logo":{"@type":"ImageObject","inLanguage":"es","@id":"https:\/\/project1-mke5mv4jgx.live-website.com\/#\/schema\/logo\/image\/","url":"https:\/\/grizzlyadam.co.uk\/wp-content\/uploads\/2019\/11\/gadamlogo.png","contentUrl":"https:\/\/grizzlyadam.co.uk\/wp-content\/uploads\/2019\/11\/gadamlogo.png","width":"200","height":"200","caption":"GRIZZLY ADAM"},"image":{"@id":"https:\/\/project1-mke5mv4jgx.live-website.com\/#\/schema\/logo\/image\/"},"sameAs":["https:\/\/www.facebook.com\/grizzlyadamuk","https:\/\/x.com\/grizzlyadamuk","https:\/\/www.instagram.com\/grizzlyadamuk\/"]}]}},"df_price":39.97,"df_sale_price":39.97,"df_regular_price":59.95,"df_image_link":"https:\/\/grizzlyadam.co.uk\/wp-content\/uploads\/2019\/12\/LS5-300x200.png","_links":{"self":[{"href":"https:\/\/grizzlyadam.co.uk\/es\/wp-json\/wp\/v2\/product\/18850","targetHints":{"allow":["GET"]}}],"collection":[{"href":"https:\/\/grizzlyadam.co.uk\/es\/wp-json\/wp\/v2\/product"}],"about":[{"href":"https:\/\/grizzlyadam.co.uk\/es\/wp-json\/wp\/v2\/types\/product"}],"replies":[{"embeddable":true,"href":"https:\/\/grizzlyadam.co.uk\/es\/wp-json\/wp\/v2\/comments?post=18850"}],"wp:featuredmedia":[{"embeddable":true,"href":"https:\/\/grizzlyadam.co.uk\/es\/wp-json\/wp\/v2\/media\/26835"}],"wp:attachment":[{"href":"https:\/\/grizzlyadam.co.uk\/es\/wp-json\/wp\/v2\/media?parent=18850"}],"wp:term":[{"taxonomy":"product_brand","embeddable":true,"href":"https:\/\/grizzlyadam.co.uk\/es\/wp-json\/wp\/v2\/product_brand?post=18850"},{"taxonomy":"product_cat","embeddable":true,"href":"https:\/\/grizzlyadam.co.uk\/es\/wp-json\/wp\/v2\/product_cat?post=18850"},{"taxonomy":"product_tag","embeddable":true,"href":"https:\/\/grizzlyadam.co.uk\/es\/wp-json\/wp\/v2\/product_tag?post=18850"}],"curies":[{"name":"wp","href":"https:\/\/api.w.org\/{rel}","templated":true}]}}