{"id":164101,"date":"2024-12-07T13:07:06","date_gmt":"2024-12-07T13:07:06","guid":{"rendered":"https:\/\/grizzlyadam.co.uk\/product\/replacement-cutter-head-for-mens-electric-shaver-7d-floating-blade-heads-wet-dry-beard-trimmer-available-in-1-2-3-4pcs\/"},"modified":"2026-04-03T17:45:41","modified_gmt":"2026-04-03T16:45:41","slug":"replacement-cutter-head-for-mens-electric-shaver-7d-floating-blade-heads-wet-dry-beard-trimmer-available-in-1-2-3-4pcs","status":"publish","type":"product","link":"https:\/\/grizzlyadam.co.uk\/es\/producto\/replacement-cutter-head-for-mens-electric-shaver-7d-floating-blade-heads-wet-dry-beard-trimmer-available-in-1-2-3-4pcs\/","title":{"rendered":"Cabezal de recambio para maquinilla de afeitar el\u00e9ctrica para hombre - Cabezales de cuchillas flotantes 7D, cortabarbas en seco y h\u00famedo, disponible en 1\/2\/3\/4pcs"},"content":{"rendered":"<div class=\"detailmodule_text\">\n<p><span style=\"font-size: 140%;\">Mejora tu experiencia de afeitado con el <strong>Cabezal de corte de repuesto<\/strong> Concebido para la afeitadora el\u00e9ctrica de cr\u00e1neo Grizzly Adam. Mantenga un rendimiento \u00f3ptimo y consiga siempre un afeitado suave y sin irritaciones.<\/span><\/p>\n<ul>\n<li><span style=\"font-size: 140%;\"><strong>Cuchillas flotantes 7D de precisi\u00f3n:<\/strong> Dise\u00f1adas para deslizarse sin esfuerzo por los contornos de la cabeza y la cara, estas cuchillas de recambio de alta calidad garantizan un afeitado apurado y c\u00f3modo con el m\u00ednimo esfuerzo.<\/span><\/li>\n<li><span style=\"font-size: 140%;\"><strong>Duradero y f\u00e1cil de limpiar:<\/strong> Construidos con materiales de primera calidad para un rendimiento duradero, los cabezales de corte son f\u00e1ciles de desmontar y enjuagar, por lo que su mantenimiento es sencillo.<\/span><\/li>\n<li><span style=\"font-size: 140%;\"><strong>Compatible con h\u00famedo y seco:<\/strong> Tanto si prefieres un r\u00e1pido afeitado en seco como un refrescante afeitado en h\u00famedo, estas cuchillas se adaptan a tu rutina para ofrecerte la m\u00e1xima comodidad.<\/span><\/li>\n<\/ul>\n<p><span style=\"font-size: 140%;\">Mantenga su afeitadora el\u00e9ctrica Grizzly Adam en perfectas condiciones con estos fiables cabezales de recambio.<\/span><\/p>\n<p class=\"detail-desc-decorate-title\" style=\"font-family: OpenSans; font-size: 20px; font-weight: 900; line-height: 28px; margin-bottom: 12px;\">El paquete incluye:<\/p>\n<p class=\"detail-desc-decorate-content\" style=\"font-family: OpenSans; font-size: 14px; font-weight: 300; line-height: 20px; margin-bottom: 12px;\">cabezal de corte*1<\/p>\n<\/div>\n<div class=\"detailmodule_text\">\n<p class=\"detail-desc-decorate-title\" style=\"font-family: OpenSans; font-size: 20px; font-weight: 900; line-height: 28px; margin-bottom: 12px;\">\u00a1Nota: Este es el accesorio, no afeitadora!<\/p>\n<\/div>\n<div class=\"detailmodule_image\"><img decoding=\"async\" class=\"detail-desc-decorate-image\" src=\"https:\/\/ae01.alicdn.com\/kf\/S3684ee4f0ff941c2ae94d751d4217ad5x.jpg\" \/><img decoding=\"async\" class=\"detail-desc-decorate-image\" src=\"https:\/\/ae01.alicdn.com\/kf\/Sd8b97ce04c08436c9c81f5cc12ece45dU.jpg\" \/><img decoding=\"async\" class=\"detail-desc-decorate-image\" src=\"https:\/\/ae01.alicdn.com\/kf\/Se48e06593363417c9b6f993da88e36f0y.jpg\" \/><img decoding=\"async\" class=\"detail-desc-decorate-image\" src=\"https:\/\/ae01.alicdn.com\/kf\/S36e941a68730475ca430fc1feeae0b6e5.jpg\" \/><img decoding=\"async\" class=\"detail-desc-decorate-image\" src=\"https:\/\/ae01.alicdn.com\/kf\/Se8140b5d6b1f416491d244ade11892140.jpg\" \/><img decoding=\"async\" class=\"detail-desc-decorate-image\" src=\"https:\/\/ae01.alicdn.com\/kf\/Sad066a000dab4135950c871ef37d3c688.jpg\" \/><img decoding=\"async\" class=\"detail-desc-decorate-image\" src=\"https:\/\/ae01.alicdn.com\/kf\/Sb3ebbc98789a4b86b6af1deb681b696cR.jpg\" \/><img decoding=\"async\" class=\"detail-desc-decorate-image\" src=\"https:\/\/ae01.alicdn.com\/kf\/Sd33b48db15f74aef8a5605a601c0e053F.jpg\" \/><img decoding=\"async\" class=\"detail-desc-decorate-image\" src=\"https:\/\/ae01.alicdn.com\/kf\/S040af8e51fc54c50aadc440fe3eb4a97w.jpg\" \/><img decoding=\"async\" class=\"detail-desc-decorate-image\" src=\"https:\/\/ae01.alicdn.com\/kf\/S62fa7513f4c7467ba586e9b59631a84b5.jpg\" \/><\/div>\n<div class=\"detailmodule_image\"><img decoding=\"async\" class=\"detail-desc-decorate-image\" src=\"https:\/\/ae01.alicdn.com\/kf\/Sb1b26ebb5b484df186a36c5a26f83c05U.jpg\" \/><\/div>","protected":false},"excerpt":{"rendered":"<ul>\n<li>Mejore su experiencia de afeitado con el cabezal de recambio dise\u00f1ado para la afeitadora el\u00e9ctrica de calavera Grizzly Adam.<\/li>\n<li>Larga duraci\u00f3n y f\u00e1cil mantenimiento: Construidos para durar de 3 a 6 meses antes de necesitar reemplazo (dependiendo del uso), estos cabezales de corte son f\u00e1ciles de limpiar y mantener para un rendimiento \u00f3ptimo.<\/li>\n<\/ul>","protected":false},"featured_media":164102,"comment_status":"open","ping_status":"closed","template":"","meta":[],"product_brand":[],"product_cat":[71,864,214],"product_tag":[1418,1419,1421,1422,1423,1417,1042,1416,1424,1420],"class_list":{"0":"post-164101","1":"product","2":"type-product","3":"status-publish","4":"has-post-thumbnail","6":"product_cat-accessories","7":"product_cat-health-beauty","8":"product_cat-shaving","9":"product_tag-7d-floating-blades","10":"product_tag-beard-trimmer-accessory","11":"product_tag-durable-shaver-blades","12":"product_tag-easy-maintenance","13":"product_tag-electric-shaver-upgrade","14":"product_tag-grizzly-adam-shaver","15":"product_tag-mens-grooming","16":"product_tag-replacement-cutter-head","17":"product_tag-shaving-accessories","18":"product_tag-wet-and-dry-shaving","19":"pa_color-1-pcs","20":"pa_color-2-pcs","21":"pa_color-3-pcs","22":"pa_color-4-pcs","24":"first","25":"instock","26":"taxable","27":"shipping-taxable","28":"purchasable","29":"product-type-variable"},"yoast_head":"<!-- This site is optimized with the Yoast SEO plugin v27.2 - https:\/\/yoast.com\/product\/yoast-seo-wordpress\/ -->\n<title>Replacement Cutter Head for Men&#039;s Electric Shaver \u2013 7D Floating Blade Heads, Wet &amp; Dry Beard Trimmer, Available in 1\/2\/3\/4pcs - Grizzly Adam<\/title>\n<meta name=\"description\" content=\"Upgrade your Grizzly Adam Electric Skull Shaver with durable 7D floating replacement cutter heads. Perfect for wet or dry shaving, lasting 3-6 months for smooth results\" \/>\n<meta name=\"robots\" content=\"index, follow, max-snippet:-1, max-image-preview:large, max-video-preview:-1\" \/>\n<link rel=\"canonical\" href=\"https:\/\/grizzlyadam.co.uk\/es\/producto\/replacement-cutter-head-for-mens-electric-shaver-7d-floating-blade-heads-wet-dry-beard-trimmer-available-in-1-2-3-4pcs\/\" \/>\n<meta property=\"og:locale\" content=\"es_ES\" \/>\n<meta property=\"og:type\" content=\"article\" \/>\n<meta property=\"og:title\" content=\"Replacement Cutter Head for Men&#039;s Electric Shaver \u2013 7D Floating Blade Heads, Wet &amp; Dry Beard Trimmer, Available in 1\/2\/3\/4pcs - Grizzly Adam\" \/>\n<meta property=\"og:description\" content=\"Upgrade your Grizzly Adam Electric Skull Shaver with durable 7D floating replacement cutter heads. Perfect for wet or dry shaving, lasting 3-6 months for smooth results\" \/>\n<meta property=\"og:url\" content=\"https:\/\/grizzlyadam.co.uk\/es\/producto\/replacement-cutter-head-for-mens-electric-shaver-7d-floating-blade-heads-wet-dry-beard-trimmer-available-in-1-2-3-4pcs\/\" \/>\n<meta property=\"og:site_name\" content=\"Grizzly Adam\" \/>\n<meta property=\"article:publisher\" content=\"https:\/\/www.facebook.com\/grizzlyadamuk\" \/>\n<meta property=\"article:modified_time\" content=\"2026-04-03T16:45:41+00:00\" \/>\n<meta property=\"og:image\" content=\"https:\/\/project1-mke5mv4jgx.live-website.com\/wp-content\/uploads\/2024\/12\/kf-S2f763f75c21940b891a5c51e8c01e9c52.webp\" \/>\n\t<meta property=\"og:image:width\" content=\"800\" \/>\n\t<meta property=\"og:image:height\" content=\"800\" \/>\n\t<meta property=\"og:image:type\" content=\"image\/webp\" \/>\n<meta name=\"twitter:card\" content=\"summary_large_image\" \/>\n<meta name=\"twitter:site\" content=\"@grizzlyadamuk\" \/>\n<meta name=\"twitter:label1\" content=\"Tiempo de lectura\" \/>\n\t<meta name=\"twitter:data1\" content=\"3 minutos\" \/>\n<script type=\"application\/ld+json\" class=\"yoast-schema-graph\">{\"@context\":\"https:\/\/schema.org\",\"@graph\":[{\"@type\":\"WebPage\",\"@id\":\"https:\/\/grizzlyadam.co.uk\/product\/replacement-cutter-head-for-mens-electric-shaver-7d-floating-blade-heads-wet-dry-beard-trimmer-available-in-1-2-3-4pcs\/\",\"url\":\"https:\/\/grizzlyadam.co.uk\/product\/replacement-cutter-head-for-mens-electric-shaver-7d-floating-blade-heads-wet-dry-beard-trimmer-available-in-1-2-3-4pcs\/\",\"name\":\"Replacement Cutter Head for Men's Electric Shaver \u2013 7D Floating Blade Heads, Wet & Dry Beard Trimmer, Available in 1\/2\/3\/4pcs - Grizzly Adam\",\"isPartOf\":{\"@id\":\"https:\/\/project1-mke5mv4jgx.live-website.com\/#website\"},\"primaryImageOfPage\":{\"@id\":\"https:\/\/grizzlyadam.co.uk\/product\/replacement-cutter-head-for-mens-electric-shaver-7d-floating-blade-heads-wet-dry-beard-trimmer-available-in-1-2-3-4pcs\/#primaryimage\"},\"image\":{\"@id\":\"https:\/\/grizzlyadam.co.uk\/product\/replacement-cutter-head-for-mens-electric-shaver-7d-floating-blade-heads-wet-dry-beard-trimmer-available-in-1-2-3-4pcs\/#primaryimage\"},\"thumbnailUrl\":\"https:\/\/grizzlyadam.co.uk\/wp-content\/uploads\/2024\/12\/kf-S2f763f75c21940b891a5c51e8c01e9c52.webp\",\"datePublished\":\"2024-12-07T13:07:06+00:00\",\"dateModified\":\"2026-04-03T16:45:41+00:00\",\"description\":\"Upgrade your Grizzly Adam Electric Skull Shaver with durable 7D floating replacement cutter heads. Perfect for wet or dry shaving, lasting 3-6 months for smooth results\",\"breadcrumb\":{\"@id\":\"https:\/\/grizzlyadam.co.uk\/product\/replacement-cutter-head-for-mens-electric-shaver-7d-floating-blade-heads-wet-dry-beard-trimmer-available-in-1-2-3-4pcs\/#breadcrumb\"},\"inLanguage\":\"es\",\"potentialAction\":[{\"@type\":\"ReadAction\",\"target\":[\"https:\/\/grizzlyadam.co.uk\/product\/replacement-cutter-head-for-mens-electric-shaver-7d-floating-blade-heads-wet-dry-beard-trimmer-available-in-1-2-3-4pcs\/\"]}]},{\"@type\":\"ImageObject\",\"inLanguage\":\"es\",\"@id\":\"https:\/\/grizzlyadam.co.uk\/product\/replacement-cutter-head-for-mens-electric-shaver-7d-floating-blade-heads-wet-dry-beard-trimmer-available-in-1-2-3-4pcs\/#primaryimage\",\"url\":\"https:\/\/grizzlyadam.co.uk\/wp-content\/uploads\/2024\/12\/kf-S2f763f75c21940b891a5c51e8c01e9c52.webp\",\"contentUrl\":\"https:\/\/grizzlyadam.co.uk\/wp-content\/uploads\/2024\/12\/kf-S2f763f75c21940b891a5c51e8c01e9c52.webp\",\"width\":800,\"height\":800},{\"@type\":\"BreadcrumbList\",\"@id\":\"https:\/\/grizzlyadam.co.uk\/product\/replacement-cutter-head-for-mens-electric-shaver-7d-floating-blade-heads-wet-dry-beard-trimmer-available-in-1-2-3-4pcs\/#breadcrumb\",\"itemListElement\":[{\"@type\":\"ListItem\",\"position\":1,\"name\":\"Home\",\"item\":\"https:\/\/grizzlyadam.co.uk\/\"},{\"@type\":\"ListItem\",\"position\":2,\"name\":\"Shop\",\"item\":\"https:\/\/project1-mke5mv4jgx.live-website.com\/shop\/\"},{\"@type\":\"ListItem\",\"position\":3,\"name\":\"Replacement Cutter Head for Men&#8217;s Electric Shaver \u2013 7D Floating Blade Heads, Wet &#038; Dry Beard Trimmer, Available in 1\/2\/3\/4pcs\"}]},{\"@type\":\"WebSite\",\"@id\":\"https:\/\/project1-mke5mv4jgx.live-website.com\/#website\",\"url\":\"https:\/\/project1-mke5mv4jgx.live-website.com\/\",\"name\":\"Grizzly Adam\",\"description\":\"Beard Oil And Grooming Products For Gentlemen\",\"publisher\":{\"@id\":\"https:\/\/project1-mke5mv4jgx.live-website.com\/#organization\"},\"potentialAction\":[{\"@type\":\"SearchAction\",\"target\":{\"@type\":\"EntryPoint\",\"urlTemplate\":\"https:\/\/project1-mke5mv4jgx.live-website.com\/?s={search_term_string}\"},\"query-input\":{\"@type\":\"PropertyValueSpecification\",\"valueRequired\":true,\"valueName\":\"search_term_string\"}}],\"inLanguage\":\"es\"},{\"@type\":\"Organization\",\"@id\":\"https:\/\/project1-mke5mv4jgx.live-website.com\/#organization\",\"name\":\"GRIZZLY ADAM\",\"url\":\"https:\/\/project1-mke5mv4jgx.live-website.com\/\",\"logo\":{\"@type\":\"ImageObject\",\"inLanguage\":\"es\",\"@id\":\"https:\/\/project1-mke5mv4jgx.live-website.com\/#\/schema\/logo\/image\/\",\"url\":\"https:\/\/grizzlyadam.co.uk\/wp-content\/uploads\/2019\/11\/gadamlogo.png\",\"contentUrl\":\"https:\/\/grizzlyadam.co.uk\/wp-content\/uploads\/2019\/11\/gadamlogo.png\",\"width\":\"200\",\"height\":\"200\",\"caption\":\"GRIZZLY ADAM\"},\"image\":{\"@id\":\"https:\/\/project1-mke5mv4jgx.live-website.com\/#\/schema\/logo\/image\/\"},\"sameAs\":[\"https:\/\/www.facebook.com\/grizzlyadamuk\",\"https:\/\/x.com\/grizzlyadamuk\",\"https:\/\/www.instagram.com\/grizzlyadamuk\/\"]}]}<\/script>\n<!-- \/ Yoast SEO plugin. -->","yoast_head_json":{"title":"Replacement Cutter Head for Men's Electric Shaver \u2013 7D Floating Blade Heads, Wet & Dry Beard Trimmer, Available in 1\/2\/3\/4pcs - Grizzly Adam","description":"Upgrade your Grizzly Adam Electric Skull Shaver with durable 7D floating replacement cutter heads. Perfect for wet or dry shaving, lasting 3-6 months for smooth results","robots":{"index":"index","follow":"follow","max-snippet":"max-snippet:-1","max-image-preview":"max-image-preview:large","max-video-preview":"max-video-preview:-1"},"canonical":"https:\/\/grizzlyadam.co.uk\/es\/producto\/replacement-cutter-head-for-mens-electric-shaver-7d-floating-blade-heads-wet-dry-beard-trimmer-available-in-1-2-3-4pcs\/","og_locale":"es_ES","og_type":"article","og_title":"Replacement Cutter Head for Men's Electric Shaver \u2013 7D Floating Blade Heads, Wet & Dry Beard Trimmer, Available in 1\/2\/3\/4pcs - Grizzly Adam","og_description":"Upgrade your Grizzly Adam Electric Skull Shaver with durable 7D floating replacement cutter heads. Perfect for wet or dry shaving, lasting 3-6 months for smooth results","og_url":"https:\/\/grizzlyadam.co.uk\/es\/producto\/replacement-cutter-head-for-mens-electric-shaver-7d-floating-blade-heads-wet-dry-beard-trimmer-available-in-1-2-3-4pcs\/","og_site_name":"Grizzly Adam","article_publisher":"https:\/\/www.facebook.com\/grizzlyadamuk","article_modified_time":"2026-04-03T16:45:41+00:00","og_image":[{"width":800,"height":800,"url":"https:\/\/project1-mke5mv4jgx.live-website.com\/wp-content\/uploads\/2024\/12\/kf-S2f763f75c21940b891a5c51e8c01e9c52.webp","type":"image\/webp"}],"twitter_card":"summary_large_image","twitter_site":"@grizzlyadamuk","twitter_misc":{"Tiempo de lectura":"3 minutos"},"schema":{"@context":"https:\/\/schema.org","@graph":[{"@type":"WebPage","@id":"https:\/\/grizzlyadam.co.uk\/product\/replacement-cutter-head-for-mens-electric-shaver-7d-floating-blade-heads-wet-dry-beard-trimmer-available-in-1-2-3-4pcs\/","url":"https:\/\/grizzlyadam.co.uk\/product\/replacement-cutter-head-for-mens-electric-shaver-7d-floating-blade-heads-wet-dry-beard-trimmer-available-in-1-2-3-4pcs\/","name":"Replacement Cutter Head for Men's Electric Shaver \u2013 7D Floating Blade Heads, Wet & Dry Beard Trimmer, Available in 1\/2\/3\/4pcs - Grizzly Adam","isPartOf":{"@id":"https:\/\/project1-mke5mv4jgx.live-website.com\/#website"},"primaryImageOfPage":{"@id":"https:\/\/grizzlyadam.co.uk\/product\/replacement-cutter-head-for-mens-electric-shaver-7d-floating-blade-heads-wet-dry-beard-trimmer-available-in-1-2-3-4pcs\/#primaryimage"},"image":{"@id":"https:\/\/grizzlyadam.co.uk\/product\/replacement-cutter-head-for-mens-electric-shaver-7d-floating-blade-heads-wet-dry-beard-trimmer-available-in-1-2-3-4pcs\/#primaryimage"},"thumbnailUrl":"https:\/\/grizzlyadam.co.uk\/wp-content\/uploads\/2024\/12\/kf-S2f763f75c21940b891a5c51e8c01e9c52.webp","datePublished":"2024-12-07T13:07:06+00:00","dateModified":"2026-04-03T16:45:41+00:00","description":"Upgrade your Grizzly Adam Electric Skull Shaver with durable 7D floating replacement cutter heads. Perfect for wet or dry shaving, lasting 3-6 months for smooth results","breadcrumb":{"@id":"https:\/\/grizzlyadam.co.uk\/product\/replacement-cutter-head-for-mens-electric-shaver-7d-floating-blade-heads-wet-dry-beard-trimmer-available-in-1-2-3-4pcs\/#breadcrumb"},"inLanguage":"es","potentialAction":[{"@type":"ReadAction","target":["https:\/\/grizzlyadam.co.uk\/product\/replacement-cutter-head-for-mens-electric-shaver-7d-floating-blade-heads-wet-dry-beard-trimmer-available-in-1-2-3-4pcs\/"]}]},{"@type":"ImageObject","inLanguage":"es","@id":"https:\/\/grizzlyadam.co.uk\/product\/replacement-cutter-head-for-mens-electric-shaver-7d-floating-blade-heads-wet-dry-beard-trimmer-available-in-1-2-3-4pcs\/#primaryimage","url":"https:\/\/grizzlyadam.co.uk\/wp-content\/uploads\/2024\/12\/kf-S2f763f75c21940b891a5c51e8c01e9c52.webp","contentUrl":"https:\/\/grizzlyadam.co.uk\/wp-content\/uploads\/2024\/12\/kf-S2f763f75c21940b891a5c51e8c01e9c52.webp","width":800,"height":800},{"@type":"BreadcrumbList","@id":"https:\/\/grizzlyadam.co.uk\/product\/replacement-cutter-head-for-mens-electric-shaver-7d-floating-blade-heads-wet-dry-beard-trimmer-available-in-1-2-3-4pcs\/#breadcrumb","itemListElement":[{"@type":"ListItem","position":1,"name":"Home","item":"https:\/\/grizzlyadam.co.uk\/"},{"@type":"ListItem","position":2,"name":"Shop","item":"https:\/\/project1-mke5mv4jgx.live-website.com\/shop\/"},{"@type":"ListItem","position":3,"name":"Replacement Cutter Head for Men&#8217;s Electric Shaver \u2013 7D Floating Blade Heads, Wet &#038; Dry Beard Trimmer, Available in 1\/2\/3\/4pcs"}]},{"@type":"WebSite","@id":"https:\/\/project1-mke5mv4jgx.live-website.com\/#website","url":"https:\/\/project1-mke5mv4jgx.live-website.com\/","name":"Grizzly Adam","description":"Aceite para barba y productos de aseo para caballeros","publisher":{"@id":"https:\/\/project1-mke5mv4jgx.live-website.com\/#organization"},"potentialAction":[{"@type":"SearchAction","target":{"@type":"EntryPoint","urlTemplate":"https:\/\/project1-mke5mv4jgx.live-website.com\/?s={search_term_string}"},"query-input":{"@type":"PropertyValueSpecification","valueRequired":true,"valueName":"search_term_string"}}],"inLanguage":"es"},{"@type":"Organization","@id":"https:\/\/project1-mke5mv4jgx.live-website.com\/#organization","name":"GRIZZLY ADAM","url":"https:\/\/project1-mke5mv4jgx.live-website.com\/","logo":{"@type":"ImageObject","inLanguage":"es","@id":"https:\/\/project1-mke5mv4jgx.live-website.com\/#\/schema\/logo\/image\/","url":"https:\/\/grizzlyadam.co.uk\/wp-content\/uploads\/2019\/11\/gadamlogo.png","contentUrl":"https:\/\/grizzlyadam.co.uk\/wp-content\/uploads\/2019\/11\/gadamlogo.png","width":"200","height":"200","caption":"GRIZZLY ADAM"},"image":{"@id":"https:\/\/project1-mke5mv4jgx.live-website.com\/#\/schema\/logo\/image\/"},"sameAs":["https:\/\/www.facebook.com\/grizzlyadamuk","https:\/\/x.com\/grizzlyadamuk","https:\/\/www.instagram.com\/grizzlyadamuk\/"]}]}},"df_price":22.35,"df_sale_price":"","df_regular_price":22.35,"df_image_link":"https:\/\/grizzlyadam.co.uk\/wp-content\/uploads\/2024\/12\/kf-S2f763f75c21940b891a5c51e8c01e9c52-300x300.webp","_links":{"self":[{"href":"https:\/\/grizzlyadam.co.uk\/es\/wp-json\/wp\/v2\/product\/164101","targetHints":{"allow":["GET"]}}],"collection":[{"href":"https:\/\/grizzlyadam.co.uk\/es\/wp-json\/wp\/v2\/product"}],"about":[{"href":"https:\/\/grizzlyadam.co.uk\/es\/wp-json\/wp\/v2\/types\/product"}],"replies":[{"embeddable":true,"href":"https:\/\/grizzlyadam.co.uk\/es\/wp-json\/wp\/v2\/comments?post=164101"}],"wp:featuredmedia":[{"embeddable":true,"href":"https:\/\/grizzlyadam.co.uk\/es\/wp-json\/wp\/v2\/media\/164102"}],"wp:attachment":[{"href":"https:\/\/grizzlyadam.co.uk\/es\/wp-json\/wp\/v2\/media?parent=164101"}],"wp:term":[{"taxonomy":"product_brand","embeddable":true,"href":"https:\/\/grizzlyadam.co.uk\/es\/wp-json\/wp\/v2\/product_brand?post=164101"},{"taxonomy":"product_cat","embeddable":true,"href":"https:\/\/grizzlyadam.co.uk\/es\/wp-json\/wp\/v2\/product_cat?post=164101"},{"taxonomy":"product_tag","embeddable":true,"href":"https:\/\/grizzlyadam.co.uk\/es\/wp-json\/wp\/v2\/product_tag?post=164101"}],"curies":[{"name":"wp","href":"https:\/\/api.w.org\/{rel}","templated":true}]}}