{"id":162431,"date":"2024-09-26T10:34:31","date_gmt":"2024-09-26T09:34:31","guid":{"rendered":"https:\/\/grizzlyadam.co.uk\/product\/mens-anti-theft-crossbody-sling-bag-with-usb-charging-port-durable-secure-and-stylish-chest-bag\/"},"modified":"2026-04-20T13:11:35","modified_gmt":"2026-04-20T12:11:35","slug":"mens-anti-theft-crossbody-sling-bag-with-usb-charging-port-durable-secure-and-stylish-chest-bag","status":"publish","type":"product","link":"https:\/\/grizzlyadam.co.uk\/es\/producto\/mens-anti-theft-crossbody-sling-bag-with-usb-charging-port-durable-secure-and-stylish-chest-bag\/","title":{"rendered":"Bolsa bandolera Crossbody antirrobo para hombre con puerto de carga USB - Bolsa de pecho duradera, segura y con estilo"},"content":{"rendered":"<div class=\"detailmodule_html\">\n<div class=\"detail-desc-decorate-richtext\">\n<div style=\"overflow: hidden; height: 0px;\">modname=ckeditor<\/div>\n<div>\n<div>\n<p>Dise\u00f1ada para ofrecer comodidad y seguridad, esta vers\u00e1til bolsa pectoral incorpora un elegante sistema de cierre antirrobo para proteger sus objetos de valor mientras se desplaza. Tanto si te desplazas al trabajo, como si viajas o exploras la ciudad, su dise\u00f1o ligero y compacto te permite llevarla c\u00f3modamente sobre el pecho o la espalda.<\/p>\n<p>Fabricada pensando en la durabilidad, esta bolsa bandolera cuenta con materiales de alta calidad que resisten el desgaste diario. La correa ajustable ofrece un ajuste personalizado, mientras que los m\u00faltiples compartimentos proporcionan un amplio espacio para el tel\u00e9fono, la cartera y otros art\u00edculos esenciales. Adem\u00e1s, el puerto de carga USB integrado le permite mantenerse conectado y con energ\u00eda, incluso sobre la marcha.<\/p>\n<p>Ideal para hombres modernos que dan prioridad a la funcionalidad y a la moda, esta bolsa bandolera ofrece una soluci\u00f3n elegante para mantener sus objetos esenciales organizados y seguros.<\/p>\n<\/div>\n<div>\n<div><strong style=\"color: #555555;\">- Dise\u00f1o multifuncional :<\/strong><span style=\"color: #555555;\">Esta ri\u00f1onera est\u00e1 dise\u00f1ada para ser multifuncional, por lo que es perfecta para una gran variedad de ocasiones.<\/span><\/div>\n<div>\n<div>\n<div>\n<div><\/div>\n<p style=\"text-align: start;\" align=\"start\"><strong>- Funciones antirrobo :<\/strong>Con su dise\u00f1o antirrobo, esta ri\u00f1onera mantiene tus pertenencias seguras mientras te desplazas.<\/p>\n<p style=\"text-align: start;\" align=\"start\"><strong>- Opciones de transporte vers\u00e1tiles :<\/strong>Esta ri\u00f1onera se puede llevar como bandolera, cruzada o en el pecho, lo que proporciona opciones de transporte vers\u00e1tiles para cualquier situaci\u00f3n.<\/p>\n<p style=\"text-align: start;\" align=\"start\"><strong>- Material duradero :<\/strong>Fabricada en poli\u00e9ster de alta calidad, esta ri\u00f1onera es resistente y est\u00e1 hecha para durar en cualquier aventura.<\/p>\n<div><\/div>\n<\/div>\n<\/div>\n<div><\/div>\n<p><strong><span style=\"font-size: 16px;\">Especificaciones:<\/span><\/strong><\/p>\n<div><\/div>\n<p><span style=\"font-size: 16px;\">Estilos: Bolso cruzado<\/span><\/p>\n<div><\/div>\n<p><span style=\"font-size: 16px;\">Material: Poli\u00e9ster + Nylon<\/span><\/p>\n<div><\/div>\n<p><span style=\"font-size: 16px;\">Color: Negro, Marr\u00f3n, Gris<\/span><\/p>\n<div><\/div>\n<p><span style=\"font-size: 16px;\">Tama\u00f1o: 32<\/span>\u00d7<span style=\"font-size: 16px;\">16<\/span>\u00d7<span style=\"font-size: 16px;\">6 cm<\/span><\/p>\n<div><\/div>\n<p><span style=\"font-size: 16px;\">Poblaci\u00f3n aplicable: Hombres\/Mujeres<\/span><\/p>\n<div><\/div>\n<p>&nbsp;<\/p>\n<div><\/div>\n<p><strong><span style=\"font-size: 16px;\">Caracter\u00edsticas:<\/span><\/strong><br \/>\n<span style=\"font-size: 16px;\">1. Cuando est\u00e9 de viaje, este bolso cruzado tiene caracter\u00edsticas antirrobo.<\/span><\/p>\n<div><\/div>\n<p><span style=\"font-size: 16px;\">2. Tejido de alta calidad, duradero y resistente, suave y c\u00f3modo al tacto.<\/span><\/p>\n<div><\/div>\n<p><span style=\"font-size: 16px;\">3. Gran capacidad con puerto USB se puede utilizar para cable de datos USB.<\/span><\/p>\n<div><\/div>\n<p><span style=\"font-size: 16px;\">4. Tipo aplicable:Viajes, ropa diaria, equipo de ciclismo, etc.<\/span><\/p>\n<div><\/div>\n<p>&nbsp;<\/p>\n<div><\/div>\n<p><strong><span style=\"font-size: 16px;\">Avisos:<\/span><\/strong><\/p>\n<div><\/div>\n<p><span style=\"font-size: 16px;\">Las dimensiones se miden a mano, 1-3cm error es normal.<\/span><\/p>\n<div><\/div>\n<p>&nbsp;<\/p>\n<div><\/div>\n<p><img decoding=\"async\" src=\"https:\/\/ae01.alicdn.com\/kf\/Sd850c617dfa647d59d10f51ff55102ccd.jpg\" \/><\/p>\n<div><\/div>\n<p><img decoding=\"async\" src=\"https:\/\/ae01.alicdn.com\/kf\/Se18fbc91511b43dfb226daa6eb33a240A.jpg\" \/><img decoding=\"async\" src=\"https:\/\/ae01.alicdn.com\/kf\/S953564c635bd4f21b98cd494652181a8y.jpg\" \/><img decoding=\"async\" src=\"https:\/\/ae01.alicdn.com\/kf\/Sc8a665abed9a4626a7237326250d2c0dv.jpg\" \/><img decoding=\"async\" src=\"https:\/\/ae01.alicdn.com\/kf\/S73074a54e37a488e8bc8093d854e85c2l.jpg\" \/><img decoding=\"async\" src=\"https:\/\/ae01.alicdn.com\/kf\/S0154c04b40df43fc90d304661fc22fc9c.jpg\" \/><img decoding=\"async\" src=\"https:\/\/ae01.alicdn.com\/kf\/Sc41eb041b9d84c929529a447906294eci.jpg\" \/><img decoding=\"async\" src=\"https:\/\/ae01.alicdn.com\/kf\/S9a7114d83af84b55953a78b90d0bcb39V.jpg\" \/><img decoding=\"async\" src=\"https:\/\/ae01.alicdn.com\/kf\/S29c2d3e45391447391c95d0f9df65759V.jpg\" \/><img decoding=\"async\" src=\"https:\/\/ae01.alicdn.com\/kf\/Sdb25b3846d3e4762953714a449687379F.jpg\" \/><img decoding=\"async\" src=\"https:\/\/ae01.alicdn.com\/kf\/S9537bac091ef408a875288d14003f55fe.jpg\" \/><img decoding=\"async\" src=\"https:\/\/ae01.alicdn.com\/kf\/Sf161634c869f43d5b75944ec91f9e783n.jpg\" \/><img decoding=\"async\" src=\"https:\/\/ae01.alicdn.com\/kf\/S022bc671ee514bf885f78ef0806c85835.jpg\" \/><img decoding=\"async\" src=\"https:\/\/ae01.alicdn.com\/kf\/S83ef0a4e7582466ba11034411b79f234G.jpg\" \/><img decoding=\"async\" src=\"https:\/\/ae01.alicdn.com\/kf\/S42cf36b3e08e42a1ad8911628b7eb53bj.jpg\" \/><img decoding=\"async\" src=\"https:\/\/ae01.alicdn.com\/kf\/S9c835a1620ac413383b7da08cb6ff67aH.jpg\" \/><img decoding=\"async\" src=\"https:\/\/ae01.alicdn.com\/kf\/Sc1f162351448419a90f56306b9b450ddg.jpg\" \/><img decoding=\"async\" src=\"https:\/\/ae01.alicdn.com\/kf\/S65923c574efe46a3a3cc4948fe340eafJ.jpg\" \/><img decoding=\"async\" src=\"https:\/\/ae01.alicdn.com\/kf\/Sd77c7fc7c42c41a880773fbd6f01a37ek.jpg\" \/><img decoding=\"async\" src=\"https:\/\/ae01.alicdn.com\/kf\/S2d897cd8c19f408ea93574a68255ce08h.jpg\" \/><img decoding=\"async\" src=\"https:\/\/ae01.alicdn.com\/kf\/S5864b31b6a7d4d88bba352111892117dP.jpg\" \/><img decoding=\"async\" src=\"https:\/\/ae01.alicdn.com\/kf\/S11ba91cfe6ce4f4e94803c10bdd9bdc2b.jpg\" \/><img decoding=\"async\" src=\"https:\/\/ae01.alicdn.com\/kf\/S30fd893dc37048f5881e27321d357f018.jpg\" \/><img decoding=\"async\" src=\"https:\/\/ae01.alicdn.com\/kf\/S04fa19aa9ec44b4b8d09d615172084866.jpg\" \/><img decoding=\"async\" src=\"https:\/\/ae01.alicdn.com\/kf\/S73c549f340664ec2a6cd75d34324f639i.jpg\" \/><img decoding=\"async\" src=\"https:\/\/ae01.alicdn.com\/kf\/S9bb8642ec7774bbabdc66978c41dbfb9R.jpg\" \/><img decoding=\"async\" src=\"https:\/\/ae01.alicdn.com\/kf\/S9e22acdb6d4349c08d01cf576a680569V.jpg\" \/><img decoding=\"async\" src=\"https:\/\/ae01.alicdn.com\/kf\/Sb7f5e2507ca64f5da724597faaf441f5H.jpg\" \/><img decoding=\"async\" src=\"https:\/\/ae01.alicdn.com\/kf\/S8d76fbb2e8624de1bccc8ad470e4f87ds.jpg\" \/><img decoding=\"async\" src=\"https:\/\/ae01.alicdn.com\/kf\/Sc69b2f3f75d642d8b7cdc3dc434ae6915.jpg\" \/><img decoding=\"async\" src=\"https:\/\/ae01.alicdn.com\/kf\/S2abb2d24d0c74617a9410936f2a762c1X.jpg\" \/><\/p>\n<div><\/div>\n<p><img decoding=\"async\" src=\"https:\/\/ae01.alicdn.com\/kf\/S07d2184f6b164abe9dc36554ae9296e7N.jpg\" \/><\/p>\n<div><\/div>\n<\/div>\n<div><\/div>\n<\/div>\n<div>\n<p>&nbsp;<\/p>\n<\/div>\n<\/div>\n<\/div>\n<\/div>\n<p>&nbsp;<\/p>","protected":false},"excerpt":{"rendered":"<ul>\n<li><strong>Espacioso y organizado:<\/strong> Dispone de varios bolsillos interiores para guardar una tableta de 9,7\u2033, el tel\u00e9fono, la cartera, las llaves y mucho m\u00e1s. Incluye un bolsillo independiente de acceso r\u00e1pido para el tel\u00e9fono.<\/li>\n<li><strong>Impermeable y duradero:<\/strong> Fabricada con nanomateriales avanzados, esta bolsa es a la vez impermeable y resistente a los desgarros, por lo que mantendr\u00e1 sus objetos esenciales seguros y secos en todas las condiciones.<\/li>\n<li><strong>C\u00f3modo y seguro:<\/strong> Equipada con un puerto de carga USB para cargarla sobre la marcha y un candado de combinaci\u00f3n para proteger sus objetos de valor, adem\u00e1s de tiras reflectantes para mayor seguridad nocturna.<\/li>\n<\/ul>","protected":false},"featured_media":162432,"comment_status":"open","ping_status":"closed","template":"","meta":[],"product_brand":[],"product_cat":[71,102],"product_tag":[833,1232,1252],"class_list":{"0":"post-162431","1":"product","2":"type-product","3":"status-publish","4":"has-post-thumbnail","6":"product_cat-accessories","7":"product_cat-apparel","8":"product_tag-multifunctional-bag","9":"product_tag-premium-leather-bag","10":"product_tag-versatile-work-bag","11":"pa_color-black-and-brown","12":"pa_color-blue","13":"pa_color-full-black","14":"pa_color-gray-and-brown","16":"first","17":"instock","18":"sale","19":"taxable","20":"shipping-taxable","21":"purchasable","22":"product-type-variable"},"yoast_head":"<!-- This site is optimized with the Yoast SEO plugin v27.4 - https:\/\/yoast.com\/product\/yoast-seo-wordpress\/ -->\n<title>Men&#039;s Anti-Theft Crossbody Sling Bag with USB Charging Port \u2013 Durable, Secure, and Stylish Chest Bag - Grizzly Adam<\/title>\n<meta name=\"description\" content=\"Discover the ultimate blend of security and style with our Men&#039;s Anti-Theft Crossbody Sling Bag. Featuring a built-in USB charging port, durable design, and secure lock, this chest bag keeps your essentials safe and accessible.\" \/>\n<meta name=\"robots\" content=\"index, follow, max-snippet:-1, max-image-preview:large, max-video-preview:-1\" \/>\n<link rel=\"canonical\" href=\"https:\/\/grizzlyadam.co.uk\/es\/producto\/mens-anti-theft-crossbody-sling-bag-with-usb-charging-port-durable-secure-and-stylish-chest-bag\/\" \/>\n<meta property=\"og:locale\" content=\"es_ES\" \/>\n<meta property=\"og:type\" content=\"article\" \/>\n<meta property=\"og:title\" content=\"Men&#039;s Anti-Theft Crossbody Sling Bag with USB Charging Port \u2013 Durable, Secure, and Stylish Chest Bag - Grizzly Adam\" \/>\n<meta property=\"og:description\" content=\"Discover the ultimate blend of security and style with our Men&#039;s Anti-Theft Crossbody Sling Bag. Featuring a built-in USB charging port, durable design, and secure lock, this chest bag keeps your essentials safe and accessible.\" \/>\n<meta property=\"og:url\" content=\"https:\/\/grizzlyadam.co.uk\/es\/producto\/mens-anti-theft-crossbody-sling-bag-with-usb-charging-port-durable-secure-and-stylish-chest-bag\/\" \/>\n<meta property=\"og:site_name\" content=\"Grizzly Adam\" \/>\n<meta property=\"article:publisher\" content=\"https:\/\/www.facebook.com\/grizzlyadamuk\" \/>\n<meta property=\"article:modified_time\" content=\"2026-04-20T12:11:35+00:00\" \/>\n<meta property=\"og:image\" content=\"https:\/\/project1-mke5mv4jgx.live-website.com\/wp-content\/uploads\/2024\/09\/kf-S233feaef5cb446539c7c649049d60ed0x.webp\" \/>\n\t<meta property=\"og:image:width\" content=\"800\" \/>\n\t<meta property=\"og:image:height\" content=\"800\" \/>\n\t<meta property=\"og:image:type\" content=\"image\/webp\" \/>\n<meta name=\"twitter:card\" content=\"summary_large_image\" \/>\n<meta name=\"twitter:site\" content=\"@grizzlyadamuk\" \/>\n<meta name=\"twitter:label1\" content=\"Tiempo de lectura\" \/>\n\t<meta name=\"twitter:data1\" content=\"8 minutos\" \/>\n<script type=\"application\/ld+json\" class=\"yoast-schema-graph\">{\"@context\":\"https:\\\/\\\/schema.org\",\"@graph\":[{\"@type\":\"WebPage\",\"@id\":\"https:\\\/\\\/grizzlyadam.co.uk\\\/product\\\/mens-anti-theft-crossbody-sling-bag-with-usb-charging-port-durable-secure-and-stylish-chest-bag\\\/\",\"url\":\"https:\\\/\\\/grizzlyadam.co.uk\\\/product\\\/mens-anti-theft-crossbody-sling-bag-with-usb-charging-port-durable-secure-and-stylish-chest-bag\\\/\",\"name\":\"Men's Anti-Theft Crossbody Sling Bag with USB Charging Port \u2013 Durable, Secure, and Stylish Chest Bag - Grizzly Adam\",\"isPartOf\":{\"@id\":\"https:\\\/\\\/project1-mke5mv4jgx.live-website.com\\\/#website\"},\"primaryImageOfPage\":{\"@id\":\"https:\\\/\\\/grizzlyadam.co.uk\\\/product\\\/mens-anti-theft-crossbody-sling-bag-with-usb-charging-port-durable-secure-and-stylish-chest-bag\\\/#primaryimage\"},\"image\":{\"@id\":\"https:\\\/\\\/grizzlyadam.co.uk\\\/product\\\/mens-anti-theft-crossbody-sling-bag-with-usb-charging-port-durable-secure-and-stylish-chest-bag\\\/#primaryimage\"},\"thumbnailUrl\":\"https:\\\/\\\/grizzlyadam.co.uk\\\/wp-content\\\/uploads\\\/2024\\\/09\\\/kf-S233feaef5cb446539c7c649049d60ed0x.webp\",\"datePublished\":\"2024-09-26T09:34:31+00:00\",\"dateModified\":\"2026-04-20T12:11:35+00:00\",\"description\":\"Discover the ultimate blend of security and style with our Men's Anti-Theft Crossbody Sling Bag. Featuring a built-in USB charging port, durable design, and secure lock, this chest bag keeps your essentials safe and accessible.\",\"breadcrumb\":{\"@id\":\"https:\\\/\\\/grizzlyadam.co.uk\\\/product\\\/mens-anti-theft-crossbody-sling-bag-with-usb-charging-port-durable-secure-and-stylish-chest-bag\\\/#breadcrumb\"},\"inLanguage\":\"es\",\"potentialAction\":[{\"@type\":\"ReadAction\",\"target\":[\"https:\\\/\\\/grizzlyadam.co.uk\\\/product\\\/mens-anti-theft-crossbody-sling-bag-with-usb-charging-port-durable-secure-and-stylish-chest-bag\\\/\"]}]},{\"@type\":\"ImageObject\",\"inLanguage\":\"es\",\"@id\":\"https:\\\/\\\/grizzlyadam.co.uk\\\/product\\\/mens-anti-theft-crossbody-sling-bag-with-usb-charging-port-durable-secure-and-stylish-chest-bag\\\/#primaryimage\",\"url\":\"https:\\\/\\\/grizzlyadam.co.uk\\\/wp-content\\\/uploads\\\/2024\\\/09\\\/kf-S233feaef5cb446539c7c649049d60ed0x.webp\",\"contentUrl\":\"https:\\\/\\\/grizzlyadam.co.uk\\\/wp-content\\\/uploads\\\/2024\\\/09\\\/kf-S233feaef5cb446539c7c649049d60ed0x.webp\",\"width\":800,\"height\":800},{\"@type\":\"BreadcrumbList\",\"@id\":\"https:\\\/\\\/grizzlyadam.co.uk\\\/product\\\/mens-anti-theft-crossbody-sling-bag-with-usb-charging-port-durable-secure-and-stylish-chest-bag\\\/#breadcrumb\",\"itemListElement\":[{\"@type\":\"ListItem\",\"position\":1,\"name\":\"Home\",\"item\":\"https:\\\/\\\/grizzlyadam.co.uk\\\/\"},{\"@type\":\"ListItem\",\"position\":2,\"name\":\"Shop\",\"item\":\"https:\\\/\\\/project1-mke5mv4jgx.live-website.com\\\/shop\\\/\"},{\"@type\":\"ListItem\",\"position\":3,\"name\":\"Men&#8217;s Anti-Theft Crossbody Sling Bag with USB Charging Port \u2013 Durable, Secure, and Stylish Chest Bag\"}]},{\"@type\":\"WebSite\",\"@id\":\"https:\\\/\\\/project1-mke5mv4jgx.live-website.com\\\/#website\",\"url\":\"https:\\\/\\\/project1-mke5mv4jgx.live-website.com\\\/\",\"name\":\"Grizzly Adam\",\"description\":\"Beard Oil And Grooming Products For Gentlemen\",\"publisher\":{\"@id\":\"https:\\\/\\\/project1-mke5mv4jgx.live-website.com\\\/#organization\"},\"potentialAction\":[{\"@type\":\"SearchAction\",\"target\":{\"@type\":\"EntryPoint\",\"urlTemplate\":\"https:\\\/\\\/project1-mke5mv4jgx.live-website.com\\\/?s={search_term_string}\"},\"query-input\":{\"@type\":\"PropertyValueSpecification\",\"valueRequired\":true,\"valueName\":\"search_term_string\"}}],\"inLanguage\":\"es\"},{\"@type\":\"Organization\",\"@id\":\"https:\\\/\\\/project1-mke5mv4jgx.live-website.com\\\/#organization\",\"name\":\"GRIZZLY ADAM\",\"url\":\"https:\\\/\\\/project1-mke5mv4jgx.live-website.com\\\/\",\"logo\":{\"@type\":\"ImageObject\",\"inLanguage\":\"es\",\"@id\":\"https:\\\/\\\/project1-mke5mv4jgx.live-website.com\\\/#\\\/schema\\\/logo\\\/image\\\/\",\"url\":\"https:\\\/\\\/grizzlyadam.co.uk\\\/wp-content\\\/uploads\\\/2019\\\/11\\\/gadamlogo.png\",\"contentUrl\":\"https:\\\/\\\/grizzlyadam.co.uk\\\/wp-content\\\/uploads\\\/2019\\\/11\\\/gadamlogo.png\",\"width\":\"200\",\"height\":\"200\",\"caption\":\"GRIZZLY ADAM\"},\"image\":{\"@id\":\"https:\\\/\\\/project1-mke5mv4jgx.live-website.com\\\/#\\\/schema\\\/logo\\\/image\\\/\"},\"sameAs\":[\"https:\\\/\\\/www.facebook.com\\\/grizzlyadamuk\",\"https:\\\/\\\/x.com\\\/grizzlyadamuk\",\"https:\\\/\\\/www.instagram.com\\\/grizzlyadamuk\\\/\"]}]}<\/script>\n<!-- \/ Yoast SEO plugin. -->","yoast_head_json":{"title":"Men's Anti-Theft Crossbody Sling Bag with USB Charging Port \u2013 Durable, Secure, and Stylish Chest Bag - Grizzly Adam","description":"Discover the ultimate blend of security and style with our Men's Anti-Theft Crossbody Sling Bag. Featuring a built-in USB charging port, durable design, and secure lock, this chest bag keeps your essentials safe and accessible.","robots":{"index":"index","follow":"follow","max-snippet":"max-snippet:-1","max-image-preview":"max-image-preview:large","max-video-preview":"max-video-preview:-1"},"canonical":"https:\/\/grizzlyadam.co.uk\/es\/producto\/mens-anti-theft-crossbody-sling-bag-with-usb-charging-port-durable-secure-and-stylish-chest-bag\/","og_locale":"es_ES","og_type":"article","og_title":"Men's Anti-Theft Crossbody Sling Bag with USB Charging Port \u2013 Durable, Secure, and Stylish Chest Bag - Grizzly Adam","og_description":"Discover the ultimate blend of security and style with our Men's Anti-Theft Crossbody Sling Bag. Featuring a built-in USB charging port, durable design, and secure lock, this chest bag keeps your essentials safe and accessible.","og_url":"https:\/\/grizzlyadam.co.uk\/es\/producto\/mens-anti-theft-crossbody-sling-bag-with-usb-charging-port-durable-secure-and-stylish-chest-bag\/","og_site_name":"Grizzly Adam","article_publisher":"https:\/\/www.facebook.com\/grizzlyadamuk","article_modified_time":"2026-04-20T12:11:35+00:00","og_image":[{"width":800,"height":800,"url":"https:\/\/project1-mke5mv4jgx.live-website.com\/wp-content\/uploads\/2024\/09\/kf-S233feaef5cb446539c7c649049d60ed0x.webp","type":"image\/webp"}],"twitter_card":"summary_large_image","twitter_site":"@grizzlyadamuk","twitter_misc":{"Tiempo de lectura":"8 minutos"},"schema":{"@context":"https:\/\/schema.org","@graph":[{"@type":"WebPage","@id":"https:\/\/grizzlyadam.co.uk\/product\/mens-anti-theft-crossbody-sling-bag-with-usb-charging-port-durable-secure-and-stylish-chest-bag\/","url":"https:\/\/grizzlyadam.co.uk\/product\/mens-anti-theft-crossbody-sling-bag-with-usb-charging-port-durable-secure-and-stylish-chest-bag\/","name":"Men's Anti-Theft Crossbody Sling Bag with USB Charging Port \u2013 Durable, Secure, and Stylish Chest Bag - Grizzly Adam","isPartOf":{"@id":"https:\/\/project1-mke5mv4jgx.live-website.com\/#website"},"primaryImageOfPage":{"@id":"https:\/\/grizzlyadam.co.uk\/product\/mens-anti-theft-crossbody-sling-bag-with-usb-charging-port-durable-secure-and-stylish-chest-bag\/#primaryimage"},"image":{"@id":"https:\/\/grizzlyadam.co.uk\/product\/mens-anti-theft-crossbody-sling-bag-with-usb-charging-port-durable-secure-and-stylish-chest-bag\/#primaryimage"},"thumbnailUrl":"https:\/\/grizzlyadam.co.uk\/wp-content\/uploads\/2024\/09\/kf-S233feaef5cb446539c7c649049d60ed0x.webp","datePublished":"2024-09-26T09:34:31+00:00","dateModified":"2026-04-20T12:11:35+00:00","description":"Discover the ultimate blend of security and style with our Men's Anti-Theft Crossbody Sling Bag. Featuring a built-in USB charging port, durable design, and secure lock, this chest bag keeps your essentials safe and accessible.","breadcrumb":{"@id":"https:\/\/grizzlyadam.co.uk\/product\/mens-anti-theft-crossbody-sling-bag-with-usb-charging-port-durable-secure-and-stylish-chest-bag\/#breadcrumb"},"inLanguage":"es","potentialAction":[{"@type":"ReadAction","target":["https:\/\/grizzlyadam.co.uk\/product\/mens-anti-theft-crossbody-sling-bag-with-usb-charging-port-durable-secure-and-stylish-chest-bag\/"]}]},{"@type":"ImageObject","inLanguage":"es","@id":"https:\/\/grizzlyadam.co.uk\/product\/mens-anti-theft-crossbody-sling-bag-with-usb-charging-port-durable-secure-and-stylish-chest-bag\/#primaryimage","url":"https:\/\/grizzlyadam.co.uk\/wp-content\/uploads\/2024\/09\/kf-S233feaef5cb446539c7c649049d60ed0x.webp","contentUrl":"https:\/\/grizzlyadam.co.uk\/wp-content\/uploads\/2024\/09\/kf-S233feaef5cb446539c7c649049d60ed0x.webp","width":800,"height":800},{"@type":"BreadcrumbList","@id":"https:\/\/grizzlyadam.co.uk\/product\/mens-anti-theft-crossbody-sling-bag-with-usb-charging-port-durable-secure-and-stylish-chest-bag\/#breadcrumb","itemListElement":[{"@type":"ListItem","position":1,"name":"Home","item":"https:\/\/grizzlyadam.co.uk\/"},{"@type":"ListItem","position":2,"name":"Shop","item":"https:\/\/project1-mke5mv4jgx.live-website.com\/shop\/"},{"@type":"ListItem","position":3,"name":"Men&#8217;s Anti-Theft Crossbody Sling Bag with USB Charging Port \u2013 Durable, Secure, and Stylish Chest Bag"}]},{"@type":"WebSite","@id":"https:\/\/project1-mke5mv4jgx.live-website.com\/#website","url":"https:\/\/project1-mke5mv4jgx.live-website.com\/","name":"Grizzly Adam","description":"Aceite para barba y productos de aseo para caballeros","publisher":{"@id":"https:\/\/project1-mke5mv4jgx.live-website.com\/#organization"},"potentialAction":[{"@type":"SearchAction","target":{"@type":"EntryPoint","urlTemplate":"https:\/\/project1-mke5mv4jgx.live-website.com\/?s={search_term_string}"},"query-input":{"@type":"PropertyValueSpecification","valueRequired":true,"valueName":"search_term_string"}}],"inLanguage":"es"},{"@type":"Organization","@id":"https:\/\/project1-mke5mv4jgx.live-website.com\/#organization","name":"GRIZZLY ADAM","url":"https:\/\/project1-mke5mv4jgx.live-website.com\/","logo":{"@type":"ImageObject","inLanguage":"es","@id":"https:\/\/project1-mke5mv4jgx.live-website.com\/#\/schema\/logo\/image\/","url":"https:\/\/grizzlyadam.co.uk\/wp-content\/uploads\/2019\/11\/gadamlogo.png","contentUrl":"https:\/\/grizzlyadam.co.uk\/wp-content\/uploads\/2019\/11\/gadamlogo.png","width":"200","height":"200","caption":"GRIZZLY ADAM"},"image":{"@id":"https:\/\/project1-mke5mv4jgx.live-website.com\/#\/schema\/logo\/image\/"},"sameAs":["https:\/\/www.facebook.com\/grizzlyadamuk","https:\/\/x.com\/grizzlyadamuk","https:\/\/www.instagram.com\/grizzlyadamuk\/"]}]}},"df_price":18.99,"df_sale_price":"","df_regular_price":18.99,"df_image_link":"https:\/\/grizzlyadam.co.uk\/wp-content\/uploads\/2024\/09\/kf-S233feaef5cb446539c7c649049d60ed0x-300x300.webp","_links":{"self":[{"href":"https:\/\/grizzlyadam.co.uk\/es\/wp-json\/wp\/v2\/product\/162431","targetHints":{"allow":["GET"]}}],"collection":[{"href":"https:\/\/grizzlyadam.co.uk\/es\/wp-json\/wp\/v2\/product"}],"about":[{"href":"https:\/\/grizzlyadam.co.uk\/es\/wp-json\/wp\/v2\/types\/product"}],"replies":[{"embeddable":true,"href":"https:\/\/grizzlyadam.co.uk\/es\/wp-json\/wp\/v2\/comments?post=162431"}],"wp:featuredmedia":[{"embeddable":true,"href":"https:\/\/grizzlyadam.co.uk\/es\/wp-json\/wp\/v2\/media\/162432"}],"wp:attachment":[{"href":"https:\/\/grizzlyadam.co.uk\/es\/wp-json\/wp\/v2\/media?parent=162431"}],"wp:term":[{"taxonomy":"product_brand","embeddable":true,"href":"https:\/\/grizzlyadam.co.uk\/es\/wp-json\/wp\/v2\/product_brand?post=162431"},{"taxonomy":"product_cat","embeddable":true,"href":"https:\/\/grizzlyadam.co.uk\/es\/wp-json\/wp\/v2\/product_cat?post=162431"},{"taxonomy":"product_tag","embeddable":true,"href":"https:\/\/grizzlyadam.co.uk\/es\/wp-json\/wp\/v2\/product_tag?post=162431"}],"curies":[{"name":"wp","href":"https:\/\/api.w.org\/{rel}","templated":true}]}}