{"id":160678,"date":"2024-07-27T16:38:57","date_gmt":"2024-07-27T15:38:57","guid":{"rendered":"https:\/\/grizzlyadam.co.uk\/?post_type=product&#038;p=160678"},"modified":"2025-11-16T03:53:35","modified_gmt":"2025-11-16T03:53:35","slug":"derma-roller-for-skin-beard-hair-premium-540-titanium-needles","status":"publish","type":"product","link":"https:\/\/grizzlyadam.co.uk\/es\/producto\/derma-roller-for-skin-beard-hair-premium-540-titanium-needles\/","title":{"rendered":"Derma Roller para piel, barba y cabello - Premium 540 agujas de titanio"},"content":{"rendered":"<div class=\"product-specs-list-container\">\n<h1 style=\"text-align: center;\"><span style=\"font-size: 140%; color: #282828;\">Descubra el secreto de una barba m\u00e1s sana y espesa con nuestro Rodillo Derma para Barba. <\/span><\/h1>\n<p><span style=\"font-size: 140%; color: #282828;\">Dise\u00f1ado espec\u00edficamente para hombres, este rodillo premium cuenta con 540 agujas de titanio de alta calidad disponibles en longitudes de 0,2 mm, 0,25 mm y 0,3 mm para un uso seguro y sin dolor. Consulta la gu\u00eda de uso m\u00e1s abajo.<\/span><\/p>\n<p><span style=\"font-size: 140%; color: #282828;\">Es perfecto para uso dom\u00e9stico, ya que le permite tratarse de forma eficiente y sin esfuerzo, al tiempo que maximiza la eficacia de sus productos favoritos para el cuidado de la piel. Con su elegante dise\u00f1o en blanco y negro, tambi\u00e9n viene con un pr\u00e1ctico estuche de almacenamiento, lo que facilita su mantenimiento y transporte. <\/span><\/p>\n<p><span style=\"font-size: 140%; color: #282828;\">Diga adi\u00f3s a los caros tratamientos de sal\u00f3n y hola a una soluci\u00f3n m\u00e1s asequible y eficaz para el crecimiento de la barba y el cuidado de la piel.<\/span><\/p>\n<\/div>\n<div class=\"detailmodule_dynamic\"><img decoding=\"async\" style=\"color: #555555;\" src=\"https:\/\/ae01.alicdn.com\/kf\/Ha16ee3fd4e2a4ef3b4a2dda0f7020681g.jpg\" \/><img decoding=\"async\" style=\"color: #555555;\" src=\"https:\/\/ae01.alicdn.com\/kf\/H4066cabfee0246519bd1d2b0aa990fdfJ.jpg\" \/><img decoding=\"async\" style=\"color: #555555;\" src=\"https:\/\/ae01.alicdn.com\/kf\/H5dedacc0fd6d4eef86b73af6fb3f5067S.jpg\" \/><img decoding=\"async\" style=\"color: #555555;\" src=\"https:\/\/ae01.alicdn.com\/kf\/H5e02cf99384544e09974291c39dc377dA.jpg\" \/><img decoding=\"async\" style=\"color: #555555;\" src=\"https:\/\/ae01.alicdn.com\/kf\/H57419757b35d41cfadce33f055cd107ef.jpg\" \/><\/div>\n<div><\/div>\n<div>\n<h2><strong>Gu\u00eda de uso del rodillo Derma en funci\u00f3n del tama\u00f1o de las agujas (0,2 mm, 0,25 mm, 0,3 mm)<\/strong><\/h2>\n<p><span style=\"font-size: 140%;\">El rodillo derma es una herramienta vers\u00e1til dise\u00f1ada para potenciar el crecimiento de la barba, mejorar el estado de la piel y maximizar la absorci\u00f3n de los productos de cuidado de la piel. Dependiendo del tama\u00f1o de la aguja, el derma roller puede utilizarse para diversos fines. <\/span><\/p>\n<p><span style=\"font-size: 140%;\">Esta gu\u00eda proporciona instrucciones detalladas sobre c\u00f3mo utilizar el derma roller de forma eficaz y segura con agujas de 0,2 mm, 0,25 mm y 0,3 mm.<\/span><\/p>\n<h3><span style=\"font-size: 140%;\"><strong>Aguja de 0,2 mm<\/strong><\/span><\/h3>\n<p><span style=\"font-size: 140%;\"><strong>Prop\u00f3sito:<\/strong><\/span><\/p>\n<ul>\n<li><span style=\"font-size: 140%;\">Mejora la absorci\u00f3n de los productos para el cuidado de la piel<\/span><\/li>\n<li><span style=\"font-size: 140%;\">Mejora el estado de la piel<\/span><\/li>\n<li><span style=\"font-size: 140%;\">Adecuado para l\u00edneas muy finas en zonas sensibles<\/span><\/li>\n<\/ul>\n<p><span style=\"font-size: 140%;\"><strong>Instrucciones de uso:<\/strong><\/span><\/p>\n<ol>\n<li><span style=\"font-size: 140%;\"><strong>Preparaci\u00f3n:<\/strong><\/span>\n<ul>\n<li><span style=\"font-size: 140%;\">Limpie a fondo la cara y la barba con un limpiador suave.<\/span><\/li>\n<li><span style=\"font-size: 140%;\">Desinfecte el derma roller con alcohol o una soluci\u00f3n esterilizante especializada.<\/span><\/li>\n<\/ul>\n<\/li>\n<li><span style=\"font-size: 140%;\"><strong>Aplicaci\u00f3n:<\/strong><\/span>\n<ul>\n<li><span style=\"font-size: 140%;\">Pase suavemente el derma roller por la zona deseada (barba, rostro) en sentido vertical, horizontal y diagonal. Pase el rodillo de 5 a 10 veces en cada direcci\u00f3n.<\/span><\/li>\n<li><span style=\"font-size: 140%;\">Evite aplicar demasiada presi\u00f3n para evitar irritaciones cut\u00e1neas.<\/span><\/li>\n<\/ul>\n<\/li>\n<li><span style=\"font-size: 140%;\"><strong>Despu\u00e9s de la solicitud:<\/strong><\/span>\n<ul>\n<li><span style=\"font-size: 140%;\">Aplique su suero o hidratante favorito para maximizar la absorci\u00f3n.<\/span><\/li>\n<li><span style=\"font-size: 140%;\">Vuelva a desinfectar el derma roller y gu\u00e1rdelo en el estuche suministrado.<\/span><\/li>\n<\/ul>\n<\/li>\n<\/ol>\n<p><span style=\"font-size: 140%;\"><strong>Frecuencia:<\/strong><\/span><\/p>\n<ul>\n<li><span style=\"font-size: 140%;\">Utilizar 2-3 veces por semana para obtener resultados \u00f3ptimos.<\/span><\/li>\n<\/ul>\n<h3><span style=\"font-size: 140%;\"><strong>Aguja de 0,25 mm<\/strong><\/span><\/h3>\n<p><span style=\"font-size: 140%;\"><strong>Prop\u00f3sito:<\/strong><\/span><\/p>\n<ul>\n<li><span style=\"font-size: 140%;\">Mejora la absorci\u00f3n del cuidado de la piel<\/span><\/li>\n<li><span style=\"font-size: 140%;\">Mejora el estado general de la piel<\/span><\/li>\n<li><span style=\"font-size: 140%;\">Adecuado para l\u00edneas de expresi\u00f3n muy finas y peque\u00f1as imperfecciones cut\u00e1neas<\/span><\/li>\n<\/ul>\n<p><span style=\"font-size: 140%;\"><strong>Instrucciones de uso:<\/strong><\/span><\/p>\n<ol>\n<li><span style=\"font-size: 140%;\"><strong>Preparaci\u00f3n:<\/strong><\/span>\n<ul>\n<li><span style=\"font-size: 140%;\">Siga los mismos pasos de preparaci\u00f3n que con la aguja de 0,2 mm.<\/span><\/li>\n<\/ul>\n<\/li>\n<li><span style=\"font-size: 140%;\"><strong>Aplicaci\u00f3n:<\/strong><\/span>\n<ul>\n<li><span style=\"font-size: 140%;\">Pase el derma roller por la zona deseada ejerciendo una ligera presi\u00f3n. Pase el rodillo vertical, horizontal y diagonalmente de 5 a 10 veces.<\/span><\/li>\n<li><span style=\"font-size: 140%;\">Conc\u00e9ntrese en las zonas con l\u00edneas finas o donde desee mejorar la absorci\u00f3n del producto.<\/span><\/li>\n<\/ul>\n<\/li>\n<li><span style=\"font-size: 140%;\"><strong>Despu\u00e9s de la solicitud:<\/strong><\/span>\n<ul>\n<li><span style=\"font-size: 140%;\">Aplique su suero o crema hidratante preferido para mejorar los resultados.<\/span><\/li>\n<li><span style=\"font-size: 140%;\">Limpie y guarde correctamente el derma roller.<\/span><\/li>\n<\/ul>\n<\/li>\n<\/ol>\n<p><span style=\"font-size: 140%;\"><strong>Frecuencia:<\/strong><\/span><\/p>\n<ul>\n<li><span style=\"font-size: 140%;\">Utilizar 2-3 veces por semana, dejando al menos un d\u00eda de descanso entre sesiones.<\/span><\/li>\n<\/ul>\n<h3><span style=\"font-size: 140%;\"><strong>Aguja de 0,3 mm<\/strong><\/span><\/h3>\n<p><span style=\"font-size: 140%;\"><strong>Prop\u00f3sito:<\/strong><\/span><\/p>\n<ul>\n<li><span style=\"font-size: 140%;\">Mejora la absorci\u00f3n del cuidado de la piel<\/span><\/li>\n<li><span style=\"font-size: 140%;\">Trata las l\u00edneas muy finas y las peque\u00f1as imperfecciones<\/span><\/li>\n<li><span style=\"font-size: 140%;\">Ayuda a prevenir la ca\u00edda del cabello y favorece el crecimiento de la barba<\/span><\/li>\n<\/ul>\n<p><span style=\"font-size: 140%;\"><strong>Instrucciones de uso:<\/strong><\/span><\/p>\n<ol>\n<li><span style=\"font-size: 140%;\"><strong>Preparaci\u00f3n:<\/strong><\/span>\n<ul>\n<li><span style=\"font-size: 140%;\">Limpie a fondo la piel y la barba.<\/span><\/li>\n<li><span style=\"font-size: 140%;\">Desinfecte el derma roller antes de usarlo.<\/span><\/li>\n<\/ul>\n<\/li>\n<li><span style=\"font-size: 140%;\"><strong>Aplicaci\u00f3n:<\/strong><\/span>\n<ul>\n<li><span style=\"font-size: 140%;\">Pase el derma roller por la zona deseada, ejerciendo una ligera presi\u00f3n. Pase el rodillo vertical, horizontal y diagonalmente de 5 a 10 veces.<\/span><\/li>\n<li><span style=\"font-size: 140%;\">Preste especial atenci\u00f3n a las zonas con l\u00edneas finas, pelo ralo o donde desee potenciar el crecimiento de la barba.<\/span><\/li>\n<\/ul>\n<\/li>\n<li><span style=\"font-size: 140%;\"><strong>Despu\u00e9s de la solicitud:<\/strong><\/span>\n<ul>\n<li><span style=\"font-size: 140%;\">Aplique un suero nutritivo o una crema hidratante para calmar la piel y mejorar su absorci\u00f3n.<\/span><\/li>\n<li><span style=\"font-size: 140%;\">Esterilice el derma roller y gu\u00e1rdelo de forma segura en el estuche.<\/span><\/li>\n<\/ul>\n<\/li>\n<\/ol>\n<p><span style=\"font-size: 140%;\"><strong>Frecuencia:<\/strong><\/span><\/p>\n<ul>\n<li><span style=\"font-size: 140%;\">Utilizar 2 veces por semana, dando tiempo a la piel para descansar y repararse entre sesiones.<\/span><\/li>\n<\/ul>\n<h3><span style=\"font-size: 140%;\"><strong>Consejos generales:<\/strong><\/span><\/h3>\n<ul>\n<li><span style=\"font-size: 140%;\"><strong>Desinfecci\u00f3n:<\/strong> Desinfecte siempre el derma roller antes y despu\u00e9s de cada uso para evitar infecciones.<\/span><\/li>\n<li><span style=\"font-size: 140%;\"><strong>Presi\u00f3n:<\/strong> Aplique una presi\u00f3n suave para evitar irritar o da\u00f1ar la piel.<\/span><\/li>\n<li><span style=\"font-size: 140%;\"><strong>Periodo de descanso:<\/strong> Deje que su piel descanse entre sesiones para favorecer la cicatrizaci\u00f3n y la eficacia.<\/span><\/li>\n<li><span style=\"font-size: 140%;\"><strong>Almacenamiento:<\/strong> Guarde el derma roller en un lugar limpio y seco, preferiblemente en el estuche suministrado.<\/span><\/li>\n<\/ul>\n<h3><span style=\"font-size: 140%;\"><strong>Precauciones:<\/strong><\/span><\/h3>\n<ul>\n<li><span style=\"font-size: 140%;\">No utilice el derma roller sobre piel agrietada, irritada o infectada.<\/span><\/li>\n<li><span style=\"font-size: 140%;\">Evite la exposici\u00f3n al sol inmediatamente despu\u00e9s de utilizar el derma roller.<\/span><\/li>\n<li><span style=\"font-size: 140%;\">Consulte a un dermat\u00f3logo si tiene alg\u00fan problema o afecci\u00f3n cut\u00e1nea antes de utilizar el derma roller.<\/span><\/li>\n<\/ul>\n<p><span style=\"font-size: 140%;\">Siguiendo esta gu\u00eda, podr\u00e1 utilizar de forma segura y eficaz su derma roller para conseguir una piel m\u00e1s sana y una barba m\u00e1s gruesa y robusta.<\/span><\/p>\n<\/div>\n<div><\/div>\n<div><\/div>\n<div><\/div>\n<div class=\"detailmodule_dynamic\"><img loading=\"lazy\" decoding=\"async\" class=\"\" style=\"color: #555555;\" src=\"https:\/\/ae01.alicdn.com\/kf\/H51e29ed10ec44b7a8dc2a973b1802a44S.jpg\" width=\"911\" height=\"911\" \/><\/div>","protected":false},"excerpt":{"rendered":"<ul>\n<li>\ud83c\udf1f <strong>Crecimiento de la barba sin esfuerzo<\/strong>: Promueva una barba m\u00e1s sana y m\u00e1s gruesa con nuestro rodillo derma f\u00e1cil de usar.<\/li>\n<li>\ud83d\udcbc <strong>C\u00f3modo y port\u00e1til<\/strong>: Incluye un estuche de almacenamiento, perfecto para uso dom\u00e9stico y viajes.<\/li>\n<li>\ud83d\udcb8 <strong>Ahorre tiempo y dinero<\/strong>: Consiga resultados profesionales por una fracci\u00f3n del coste, todo desde la comodidad de su hogar.<\/li>\n<\/ul>","protected":false},"featured_media":160679,"comment_status":"open","ping_status":"closed","template":"","meta":[],"product_brand":[],"product_cat":[71,250,90],"product_tag":[80,231,1041,1045,1043,1047,1042,1044,868,1046],"class_list":{"0":"post-160678","1":"product","2":"type-product","3":"status-publish","4":"has-post-thumbnail","6":"product_cat-accessories","7":"product_cat-beard-growth","8":"product_cat-hair-care","9":"product_tag-beard-care","10":"product_tag-beard-growth","11":"product_tag-derma-roller","12":"product_tag-facial-roller","13":"product_tag-hair-loss","14":"product_tag-home-use","15":"product_tag-mens-grooming","16":"product_tag-microneedling","17":"product_tag-skin-care","18":"product_tag-titanium-needles","19":"pa_color-black-0-25mm","20":"pa_color-black-0-2mm","21":"pa_color-black-0-3mm","22":"pa_color-black-b-0-25mm","23":"pa_color-black-b-0-2mm","24":"pa_color-black-b-0-3mm","25":"pa_color-frosted-handle-0-2mm","26":"pa_color-frosted-handle-0-3mm","27":"pa_color-frosted-handle0-25mm","28":"pa_color-green-0-25mm","29":"pa_color-green-0-2mm","30":"pa_color-green-0-3mm","31":"pa_color-white-0-25mm","32":"pa_color-white-0-2mm","33":"pa_color-white-0-3mm","34":"pa_color-white-b-0-25mm","35":"pa_color-white-b-0-2mm","36":"pa_color-white-b-0-3mm","38":"first","39":"instock","40":"taxable","41":"shipping-taxable","42":"purchasable","43":"product-type-variable"},"yoast_head":"<!-- This site is optimized with the Yoast SEO plugin v27.4 - https:\/\/yoast.com\/product\/yoast-seo-wordpress\/ -->\n<title>Derma Roller for Skin, Beard &amp; Hair - Premium 540 Titanium Needles - Grizzly Adam<\/title>\n<meta name=\"description\" content=\"Achieve a healthier, thicker beard with our Beard Derma Roller. Featuring 540 titanium needles, this painless tool enhances beard growth and skin care absorption. Includes storage case.\" \/>\n<meta name=\"robots\" content=\"index, follow, max-snippet:-1, max-image-preview:large, max-video-preview:-1\" \/>\n<link rel=\"canonical\" href=\"https:\/\/grizzlyadam.co.uk\/es\/producto\/derma-roller-for-skin-beard-hair-premium-540-titanium-needles\/\" \/>\n<meta property=\"og:locale\" content=\"es_ES\" \/>\n<meta property=\"og:type\" content=\"article\" \/>\n<meta property=\"og:title\" content=\"Derma Roller for Skin, Beard &amp; Hair - Premium 540 Titanium Needles - Grizzly Adam\" \/>\n<meta property=\"og:description\" content=\"Achieve a healthier, thicker beard with our Beard Derma Roller. Featuring 540 titanium needles, this painless tool enhances beard growth and skin care absorption. Includes storage case.\" \/>\n<meta property=\"og:url\" content=\"https:\/\/grizzlyadam.co.uk\/es\/producto\/derma-roller-for-skin-beard-hair-premium-540-titanium-needles\/\" \/>\n<meta property=\"og:site_name\" content=\"Grizzly Adam\" \/>\n<meta property=\"article:publisher\" content=\"https:\/\/www.facebook.com\/grizzlyadamuk\" \/>\n<meta property=\"article:modified_time\" content=\"2025-11-16T03:53:35+00:00\" \/>\n<meta property=\"og:image\" content=\"https:\/\/project1-mke5mv4jgx.live-website.com\/wp-content\/uploads\/2024\/07\/kf-H469aa19d28264aaaa5e7d9bc587f08c5E-Derma-Roller-for-Skin-Beard-Hair-0-2mm-0-25mm-0-3mm-needle-Micro-Face-Roll.webp\" \/>\n\t<meta property=\"og:image:width\" content=\"1500\" \/>\n\t<meta property=\"og:image:height\" content=\"1500\" \/>\n\t<meta property=\"og:image:type\" content=\"image\/webp\" \/>\n<meta name=\"twitter:card\" content=\"summary_large_image\" \/>\n<meta name=\"twitter:site\" content=\"@grizzlyadamuk\" \/>\n<meta name=\"twitter:label1\" content=\"Tiempo de lectura\" \/>\n\t<meta name=\"twitter:data1\" content=\"5 minutos\" \/>\n<script type=\"application\/ld+json\" class=\"yoast-schema-graph\">{\"@context\":\"https:\\\/\\\/schema.org\",\"@graph\":[{\"@type\":\"WebPage\",\"@id\":\"https:\\\/\\\/grizzlyadam.co.uk\\\/product\\\/derma-roller-for-skin-beard-hair-premium-540-titanium-needles\\\/\",\"url\":\"https:\\\/\\\/grizzlyadam.co.uk\\\/product\\\/derma-roller-for-skin-beard-hair-premium-540-titanium-needles\\\/\",\"name\":\"Derma Roller for Skin, Beard & Hair - Premium 540 Titanium Needles - Grizzly Adam\",\"isPartOf\":{\"@id\":\"https:\\\/\\\/project1-mke5mv4jgx.live-website.com\\\/#website\"},\"primaryImageOfPage\":{\"@id\":\"https:\\\/\\\/grizzlyadam.co.uk\\\/product\\\/derma-roller-for-skin-beard-hair-premium-540-titanium-needles\\\/#primaryimage\"},\"image\":{\"@id\":\"https:\\\/\\\/grizzlyadam.co.uk\\\/product\\\/derma-roller-for-skin-beard-hair-premium-540-titanium-needles\\\/#primaryimage\"},\"thumbnailUrl\":\"https:\\\/\\\/grizzlyadam.co.uk\\\/wp-content\\\/uploads\\\/2024\\\/07\\\/kf-H469aa19d28264aaaa5e7d9bc587f08c5E-Derma-Roller-for-Skin-Beard-Hair-0-2mm-0-25mm-0-3mm-needle-Micro-Face-Roll.webp\",\"datePublished\":\"2024-07-27T15:38:57+00:00\",\"dateModified\":\"2025-11-16T03:53:35+00:00\",\"description\":\"Achieve a healthier, thicker beard with our Beard Derma Roller. Featuring 540 titanium needles, this painless tool enhances beard growth and skin care absorption. Includes storage case.\",\"breadcrumb\":{\"@id\":\"https:\\\/\\\/grizzlyadam.co.uk\\\/product\\\/derma-roller-for-skin-beard-hair-premium-540-titanium-needles\\\/#breadcrumb\"},\"inLanguage\":\"es\",\"potentialAction\":[{\"@type\":\"ReadAction\",\"target\":[\"https:\\\/\\\/grizzlyadam.co.uk\\\/product\\\/derma-roller-for-skin-beard-hair-premium-540-titanium-needles\\\/\"]}]},{\"@type\":\"ImageObject\",\"inLanguage\":\"es\",\"@id\":\"https:\\\/\\\/grizzlyadam.co.uk\\\/product\\\/derma-roller-for-skin-beard-hair-premium-540-titanium-needles\\\/#primaryimage\",\"url\":\"https:\\\/\\\/grizzlyadam.co.uk\\\/wp-content\\\/uploads\\\/2024\\\/07\\\/kf-H469aa19d28264aaaa5e7d9bc587f08c5E-Derma-Roller-for-Skin-Beard-Hair-0-2mm-0-25mm-0-3mm-needle-Micro-Face-Roll.webp\",\"contentUrl\":\"https:\\\/\\\/grizzlyadam.co.uk\\\/wp-content\\\/uploads\\\/2024\\\/07\\\/kf-H469aa19d28264aaaa5e7d9bc587f08c5E-Derma-Roller-for-Skin-Beard-Hair-0-2mm-0-25mm-0-3mm-needle-Micro-Face-Roll.webp\",\"width\":1500,\"height\":1500},{\"@type\":\"BreadcrumbList\",\"@id\":\"https:\\\/\\\/grizzlyadam.co.uk\\\/product\\\/derma-roller-for-skin-beard-hair-premium-540-titanium-needles\\\/#breadcrumb\",\"itemListElement\":[{\"@type\":\"ListItem\",\"position\":1,\"name\":\"Home\",\"item\":\"https:\\\/\\\/grizzlyadam.co.uk\\\/\"},{\"@type\":\"ListItem\",\"position\":2,\"name\":\"Shop\",\"item\":\"https:\\\/\\\/project1-mke5mv4jgx.live-website.com\\\/shop\\\/\"},{\"@type\":\"ListItem\",\"position\":3,\"name\":\"Derma Roller for Skin, Beard &#038; Hair &#8211; Premium 540 Titanium Needles\"}]},{\"@type\":\"WebSite\",\"@id\":\"https:\\\/\\\/project1-mke5mv4jgx.live-website.com\\\/#website\",\"url\":\"https:\\\/\\\/project1-mke5mv4jgx.live-website.com\\\/\",\"name\":\"Grizzly Adam\",\"description\":\"Beard Oil And Grooming Products For Gentlemen\",\"publisher\":{\"@id\":\"https:\\\/\\\/project1-mke5mv4jgx.live-website.com\\\/#organization\"},\"potentialAction\":[{\"@type\":\"SearchAction\",\"target\":{\"@type\":\"EntryPoint\",\"urlTemplate\":\"https:\\\/\\\/project1-mke5mv4jgx.live-website.com\\\/?s={search_term_string}\"},\"query-input\":{\"@type\":\"PropertyValueSpecification\",\"valueRequired\":true,\"valueName\":\"search_term_string\"}}],\"inLanguage\":\"es\"},{\"@type\":\"Organization\",\"@id\":\"https:\\\/\\\/project1-mke5mv4jgx.live-website.com\\\/#organization\",\"name\":\"GRIZZLY ADAM\",\"url\":\"https:\\\/\\\/project1-mke5mv4jgx.live-website.com\\\/\",\"logo\":{\"@type\":\"ImageObject\",\"inLanguage\":\"es\",\"@id\":\"https:\\\/\\\/project1-mke5mv4jgx.live-website.com\\\/#\\\/schema\\\/logo\\\/image\\\/\",\"url\":\"https:\\\/\\\/grizzlyadam.co.uk\\\/wp-content\\\/uploads\\\/2019\\\/11\\\/gadamlogo.png\",\"contentUrl\":\"https:\\\/\\\/grizzlyadam.co.uk\\\/wp-content\\\/uploads\\\/2019\\\/11\\\/gadamlogo.png\",\"width\":\"200\",\"height\":\"200\",\"caption\":\"GRIZZLY ADAM\"},\"image\":{\"@id\":\"https:\\\/\\\/project1-mke5mv4jgx.live-website.com\\\/#\\\/schema\\\/logo\\\/image\\\/\"},\"sameAs\":[\"https:\\\/\\\/www.facebook.com\\\/grizzlyadamuk\",\"https:\\\/\\\/x.com\\\/grizzlyadamuk\",\"https:\\\/\\\/www.instagram.com\\\/grizzlyadamuk\\\/\"]}]}<\/script>\n<!-- \/ Yoast SEO plugin. -->","yoast_head_json":{"title":"Derma Roller for Skin, Beard & Hair - Premium 540 Titanium Needles - Grizzly Adam","description":"Achieve a healthier, thicker beard with our Beard Derma Roller. Featuring 540 titanium needles, this painless tool enhances beard growth and skin care absorption. Includes storage case.","robots":{"index":"index","follow":"follow","max-snippet":"max-snippet:-1","max-image-preview":"max-image-preview:large","max-video-preview":"max-video-preview:-1"},"canonical":"https:\/\/grizzlyadam.co.uk\/es\/producto\/derma-roller-for-skin-beard-hair-premium-540-titanium-needles\/","og_locale":"es_ES","og_type":"article","og_title":"Derma Roller for Skin, Beard & Hair - Premium 540 Titanium Needles - Grizzly Adam","og_description":"Achieve a healthier, thicker beard with our Beard Derma Roller. Featuring 540 titanium needles, this painless tool enhances beard growth and skin care absorption. Includes storage case.","og_url":"https:\/\/grizzlyadam.co.uk\/es\/producto\/derma-roller-for-skin-beard-hair-premium-540-titanium-needles\/","og_site_name":"Grizzly Adam","article_publisher":"https:\/\/www.facebook.com\/grizzlyadamuk","article_modified_time":"2025-11-16T03:53:35+00:00","og_image":[{"width":1500,"height":1500,"url":"https:\/\/project1-mke5mv4jgx.live-website.com\/wp-content\/uploads\/2024\/07\/kf-H469aa19d28264aaaa5e7d9bc587f08c5E-Derma-Roller-for-Skin-Beard-Hair-0-2mm-0-25mm-0-3mm-needle-Micro-Face-Roll.webp","type":"image\/webp"}],"twitter_card":"summary_large_image","twitter_site":"@grizzlyadamuk","twitter_misc":{"Tiempo de lectura":"5 minutos"},"schema":{"@context":"https:\/\/schema.org","@graph":[{"@type":"WebPage","@id":"https:\/\/grizzlyadam.co.uk\/product\/derma-roller-for-skin-beard-hair-premium-540-titanium-needles\/","url":"https:\/\/grizzlyadam.co.uk\/product\/derma-roller-for-skin-beard-hair-premium-540-titanium-needles\/","name":"Derma Roller for Skin, Beard & Hair - Premium 540 Titanium Needles - Grizzly Adam","isPartOf":{"@id":"https:\/\/project1-mke5mv4jgx.live-website.com\/#website"},"primaryImageOfPage":{"@id":"https:\/\/grizzlyadam.co.uk\/product\/derma-roller-for-skin-beard-hair-premium-540-titanium-needles\/#primaryimage"},"image":{"@id":"https:\/\/grizzlyadam.co.uk\/product\/derma-roller-for-skin-beard-hair-premium-540-titanium-needles\/#primaryimage"},"thumbnailUrl":"https:\/\/grizzlyadam.co.uk\/wp-content\/uploads\/2024\/07\/kf-H469aa19d28264aaaa5e7d9bc587f08c5E-Derma-Roller-for-Skin-Beard-Hair-0-2mm-0-25mm-0-3mm-needle-Micro-Face-Roll.webp","datePublished":"2024-07-27T15:38:57+00:00","dateModified":"2025-11-16T03:53:35+00:00","description":"Achieve a healthier, thicker beard with our Beard Derma Roller. Featuring 540 titanium needles, this painless tool enhances beard growth and skin care absorption. Includes storage case.","breadcrumb":{"@id":"https:\/\/grizzlyadam.co.uk\/product\/derma-roller-for-skin-beard-hair-premium-540-titanium-needles\/#breadcrumb"},"inLanguage":"es","potentialAction":[{"@type":"ReadAction","target":["https:\/\/grizzlyadam.co.uk\/product\/derma-roller-for-skin-beard-hair-premium-540-titanium-needles\/"]}]},{"@type":"ImageObject","inLanguage":"es","@id":"https:\/\/grizzlyadam.co.uk\/product\/derma-roller-for-skin-beard-hair-premium-540-titanium-needles\/#primaryimage","url":"https:\/\/grizzlyadam.co.uk\/wp-content\/uploads\/2024\/07\/kf-H469aa19d28264aaaa5e7d9bc587f08c5E-Derma-Roller-for-Skin-Beard-Hair-0-2mm-0-25mm-0-3mm-needle-Micro-Face-Roll.webp","contentUrl":"https:\/\/grizzlyadam.co.uk\/wp-content\/uploads\/2024\/07\/kf-H469aa19d28264aaaa5e7d9bc587f08c5E-Derma-Roller-for-Skin-Beard-Hair-0-2mm-0-25mm-0-3mm-needle-Micro-Face-Roll.webp","width":1500,"height":1500},{"@type":"BreadcrumbList","@id":"https:\/\/grizzlyadam.co.uk\/product\/derma-roller-for-skin-beard-hair-premium-540-titanium-needles\/#breadcrumb","itemListElement":[{"@type":"ListItem","position":1,"name":"Home","item":"https:\/\/grizzlyadam.co.uk\/"},{"@type":"ListItem","position":2,"name":"Shop","item":"https:\/\/project1-mke5mv4jgx.live-website.com\/shop\/"},{"@type":"ListItem","position":3,"name":"Derma Roller for Skin, Beard &#038; Hair &#8211; Premium 540 Titanium Needles"}]},{"@type":"WebSite","@id":"https:\/\/project1-mke5mv4jgx.live-website.com\/#website","url":"https:\/\/project1-mke5mv4jgx.live-website.com\/","name":"Grizzly Adam","description":"Aceite para barba y productos de aseo para caballeros","publisher":{"@id":"https:\/\/project1-mke5mv4jgx.live-website.com\/#organization"},"potentialAction":[{"@type":"SearchAction","target":{"@type":"EntryPoint","urlTemplate":"https:\/\/project1-mke5mv4jgx.live-website.com\/?s={search_term_string}"},"query-input":{"@type":"PropertyValueSpecification","valueRequired":true,"valueName":"search_term_string"}}],"inLanguage":"es"},{"@type":"Organization","@id":"https:\/\/project1-mke5mv4jgx.live-website.com\/#organization","name":"GRIZZLY ADAM","url":"https:\/\/project1-mke5mv4jgx.live-website.com\/","logo":{"@type":"ImageObject","inLanguage":"es","@id":"https:\/\/project1-mke5mv4jgx.live-website.com\/#\/schema\/logo\/image\/","url":"https:\/\/grizzlyadam.co.uk\/wp-content\/uploads\/2019\/11\/gadamlogo.png","contentUrl":"https:\/\/grizzlyadam.co.uk\/wp-content\/uploads\/2019\/11\/gadamlogo.png","width":"200","height":"200","caption":"GRIZZLY ADAM"},"image":{"@id":"https:\/\/project1-mke5mv4jgx.live-website.com\/#\/schema\/logo\/image\/"},"sameAs":["https:\/\/www.facebook.com\/grizzlyadamuk","https:\/\/x.com\/grizzlyadamuk","https:\/\/www.instagram.com\/grizzlyadamuk\/"]}]}},"df_price":10.95,"df_sale_price":"","df_regular_price":10.95,"df_image_link":"https:\/\/grizzlyadam.co.uk\/wp-content\/uploads\/2024\/07\/kf-H469aa19d28264aaaa5e7d9bc587f08c5E-Derma-Roller-for-Skin-Beard-Hair-0-2mm-0-25mm-0-3mm-needle-Micro-Face-Roll-300x300.webp","_links":{"self":[{"href":"https:\/\/grizzlyadam.co.uk\/es\/wp-json\/wp\/v2\/product\/160678","targetHints":{"allow":["GET"]}}],"collection":[{"href":"https:\/\/grizzlyadam.co.uk\/es\/wp-json\/wp\/v2\/product"}],"about":[{"href":"https:\/\/grizzlyadam.co.uk\/es\/wp-json\/wp\/v2\/types\/product"}],"replies":[{"embeddable":true,"href":"https:\/\/grizzlyadam.co.uk\/es\/wp-json\/wp\/v2\/comments?post=160678"}],"wp:featuredmedia":[{"embeddable":true,"href":"https:\/\/grizzlyadam.co.uk\/es\/wp-json\/wp\/v2\/media\/160679"}],"wp:attachment":[{"href":"https:\/\/grizzlyadam.co.uk\/es\/wp-json\/wp\/v2\/media?parent=160678"}],"wp:term":[{"taxonomy":"product_brand","embeddable":true,"href":"https:\/\/grizzlyadam.co.uk\/es\/wp-json\/wp\/v2\/product_brand?post=160678"},{"taxonomy":"product_cat","embeddable":true,"href":"https:\/\/grizzlyadam.co.uk\/es\/wp-json\/wp\/v2\/product_cat?post=160678"},{"taxonomy":"product_tag","embeddable":true,"href":"https:\/\/grizzlyadam.co.uk\/es\/wp-json\/wp\/v2\/product_tag?post=160678"}],"curies":[{"name":"wp","href":"https:\/\/api.w.org\/{rel}","templated":true}]}}