{"id":160525,"date":"2024-07-27T10:13:09","date_gmt":"2024-07-27T09:13:09","guid":{"rendered":"https:\/\/grizzlyadam.co.uk\/product\/mens-slimming-body-shaper-vest-shirt-abs-abdomen-compression-shirt-to-hide-gynecomastia-moobs-workout-tank-tops-undershirts\/"},"modified":"2026-03-21T14:03:12","modified_gmt":"2026-03-21T14:03:12","slug":"mens-slimming-body-shaper-vest-shirt-abs-abdomen-compression-shirt-to-hide-gynecomastia-moobs-workout-tank-tops-undershirts","status":"publish","type":"product","link":"https:\/\/grizzlyadam.co.uk\/es\/producto\/mens-slimming-body-shaper-vest-shirt-abs-abdomen-compression-shirt-to-hide-gynecomastia-moobs-workout-tank-tops-undershirts\/","title":{"rendered":"Hombres Pecho Camisa de Compresi\u00f3n | Ginecomastia Moobs Hider | Adelgazar Cuerpo Shaper Chaleco | Abdomen y Pecho Slim Shirt Corset - Compre 3 Obtenga 1 Gratis"},"content":{"rendered":"<div class=\"product-specs-list-container\">\n<div class=\"flex-shrink-0 flex flex-col relative items-end\">\n<div>\n<div class=\"pt-0\">\n<div class=\"gizmo-bot-avatar flex h-8 w-8 items-center justify-center overflow-hidden rounded-full\">\n<div class=\"relative p-1 rounded-sm flex items-center justify-center bg-token-main-surface-primary text-token-text-primary h-8 w-8\"><span style=\"font-size: 20.16px;\">Product Description<\/span><\/div>\n<\/div>\n<\/div>\n<\/div>\n<\/div>\n<div class=\"group\/conversation-turn relative flex w-full min-w-0 flex-col agent-turn\">\n<div class=\"flex-col gap-1 md:gap-3\">\n<div class=\"flex flex-grow flex-col max-w-full\">\n<div class=\"min-h-[20px] text-message flex w-full flex-col items-end gap-2 whitespace-pre-wrap break-words [.text-message+&amp;]:mt-5 overflow-x-auto\" dir=\"auto\" data-message-author-role=\"assistant\" data-message-id=\"b661cea2-068b-41c8-96e2-ea2f5a4547a5\">\n<div class=\"flex w-full flex-col gap-1 empty:hidden first:pt-[3px]\">\n<div class=\"markdown prose w-full break-words dark:prose-invert light\">\n<p>\ud83d\udd25 <strong>Body Shaping Vest<\/strong> \ud83d\udd25 &#8212; Say goodbye to moobs and the beer belly! This slimming vest is designed for men dealing with gynecomastia, &#8216;beer belly,&#8217; and back fat. The elastic and breathable fabric fits snugly, providing high compression to flatten your chest and hide moobs.<\/p>\n<p>\ud83d\udcaa <strong>Moobs &amp; Tummy Compression<\/strong> \ud83d\udcaa &#8212; Boost your self-esteem! Our tight slimming undershirt features double-layer power net fabric for enhanced shaping. The strong compression flattens your chest, while the girdle-like waist design firms your midsection, smoothing your body curves and reducing your waistline.<\/p>\n<p>\ud83d\udee1\ufe0f <strong>Back Support &amp; Posture Correct<\/strong> \ud83d\udee1\ufe0f &#8212; Stand tall with confidence! This compression shirt has a big X-shape at the back to improve posture and tighten back fat, helping relieve muscle fatigue, back pain, and hunchback.<\/p>\n<p>\ud83c\udf2c\ufe0f <strong>Comfortable, Resilient &amp; Breathable<\/strong> \ud83c\udf2c\ufe0f &#8212; No burden for all-day wear! Made with a perfect blend of 90% nylon and 10% spandex, this vest is soft, stretchy, durable, lightweight, and breathable.<\/p>\n<p>\ud83d\udd12 <strong>Seamless for Any Occasion<\/strong> \ud83d\udd12 &#8212; Invisible under clothing! The low U-neck design and elastic fabric provide an instant slimming effect under any outfit. Perfect for workouts, fitness, exercise, weddings, the office, dating, and even post-surgery recovery.<\/p>\n<\/div>\n<\/div>\n<\/div>\n<\/div>\n<\/div>\n<\/div>\n<\/div>\n<div class=\"detailmodule_image\"><img decoding=\"async\" class=\"detail-desc-decorate-image\" style=\"margin-bottom: 10px;\" src=\"https:\/\/ae01.alicdn.com\/kf\/H775799efc96f4e3f9d3669d185c1734f9.jpg\" \/><img decoding=\"async\" class=\"detail-desc-decorate-image\" style=\"margin-bottom: 10px;\" src=\"https:\/\/ae01.alicdn.com\/kf\/H7c6875a56b9b4b94a043e62713ed68b47.jpg\" \/><img decoding=\"async\" class=\"detail-desc-decorate-image\" style=\"margin-bottom: 10px;\" src=\"https:\/\/ae01.alicdn.com\/kf\/Hfd9ffdd94ffd466e85e4f4634d6465b0k.jpg\" \/><\/div>\n<div class=\"detailmodule_text\">\n<p class=\"detail-desc-decorate-content\" style=\"font-family: OpenSans; font-size: 14px; font-weight: 300; line-height: 20px; white-space: pre-wrap; color: #000000; margin-bottom: 12px;\">\n<\/div>\n<div class=\"detailmodule_image\"><img decoding=\"async\" class=\"detail-desc-decorate-image\" style=\"margin-bottom: 10px;\" src=\"https:\/\/ae01.alicdn.com\/kf\/H15f911c1220143fea8a558ea756025c0o.jpg\" \/><\/div>\n<div class=\"detailmodule_image\"><img decoding=\"async\" class=\"detail-desc-decorate-image\" style=\"margin-bottom: 10px;\" src=\"https:\/\/ae01.alicdn.com\/kf\/Heb6cc38ab2cf401280677a7e0ae48915F.jpg\" \/><img decoding=\"async\" class=\"detail-desc-decorate-image\" style=\"margin-bottom: 10px;\" src=\"https:\/\/ae01.alicdn.com\/kf\/H292c05283e8240119a115400fa19b14aZ.jpg\" \/><img decoding=\"async\" class=\"detail-desc-decorate-image\" style=\"margin-bottom: 10px;\" src=\"https:\/\/ae01.alicdn.com\/kf\/H94edc6bdf5a94f1789ab413bd1a961603.jpg\" \/><img decoding=\"async\" class=\"detail-desc-decorate-image\" style=\"margin-bottom: 10px;\" src=\"https:\/\/ae01.alicdn.com\/kf\/Hf1491d3199c748f690bed6354228df2eP.jpg\" \/><img decoding=\"async\" class=\"detail-desc-decorate-image\" style=\"margin-bottom: 10px;\" src=\"https:\/\/ae01.alicdn.com\/kf\/Ha76bd9f910004b069429db580abb61aaP.jpg\" \/><img decoding=\"async\" class=\"detail-desc-decorate-image\" style=\"margin-bottom: 10px;\" src=\"https:\/\/ae01.alicdn.com\/kf\/Ha751b396120b4b5c81d4bc6fabd20a67s.jpg\" \/><img decoding=\"async\" class=\"detail-desc-decorate-image\" style=\"margin-bottom: 10px;\" src=\"https:\/\/ae01.alicdn.com\/kf\/H62805f3121b24f99837d7fea5e069e61E.jpg\" \/><\/div>\n<div class=\"detailmodule_image\"><img decoding=\"async\" class=\"detail-desc-decorate-image\" style=\"margin-bottom: 10px;\" src=\"https:\/\/ae01.alicdn.com\/kf\/Hdbca68965215414999364a05cb0c22725.jpg\" \/><img decoding=\"async\" class=\"detail-desc-decorate-image\" style=\"margin-bottom: 10px;\" src=\"https:\/\/ae01.alicdn.com\/kf\/Hc28e65a611584f5682db94d11640c963j.jpg\" \/><img decoding=\"async\" class=\"detail-desc-decorate-image\" style=\"margin-bottom: 10px;\" src=\"https:\/\/ae01.alicdn.com\/kf\/H0a2f029f7ab64e4cbb19b24d0080da21y.jpg\" \/><img decoding=\"async\" class=\"detail-desc-decorate-image\" style=\"margin-bottom: 10px;\" src=\"https:\/\/ae01.alicdn.com\/kf\/H19add52c366a447982fbd97be4de3e53g.jpg\" \/><\/div>\n<div class=\"detailmodule_image\"><img decoding=\"async\" class=\"detail-desc-decorate-image\" style=\"margin-bottom: 10px;\" src=\"https:\/\/ae01.alicdn.com\/kf\/H9d64160df4c4493197f2dbcee01ad093g.jpg\" \/><img decoding=\"async\" class=\"detail-desc-decorate-image\" style=\"margin-bottom: 10px;\" src=\"https:\/\/ae01.alicdn.com\/kf\/H508fe79590c346e6847f63140e32ab52H.jpg\" \/><img decoding=\"async\" class=\"detail-desc-decorate-image\" style=\"margin-bottom: 10px;\" src=\"https:\/\/ae01.alicdn.com\/kf\/H65cd94c74fd040f6b6de8bcbd49e42dew.jpg\" \/><img decoding=\"async\" class=\"detail-desc-decorate-image\" style=\"margin-bottom: 10px;\" src=\"https:\/\/ae01.alicdn.com\/kf\/H96ae2665569147eaa55ddeeb58e4b6daR.jpg\" \/><\/div>\n<div class=\"detailmodule_image\"><img decoding=\"async\" class=\"detail-desc-decorate-image\" style=\"margin-bottom: 10px;\" src=\"https:\/\/ae01.alicdn.com\/kf\/H46350f98f6874592b8b015a136fdeac6Y.jpg\" \/><img decoding=\"async\" class=\"detail-desc-decorate-image\" style=\"margin-bottom: 10px;\" src=\"https:\/\/ae01.alicdn.com\/kf\/H774ac8ae1cc247089c21716d107f69fdA.jpg\" \/><img decoding=\"async\" class=\"detail-desc-decorate-image\" style=\"margin-bottom: 10px;\" src=\"https:\/\/ae01.alicdn.com\/kf\/Hc73730028f974de8bd5a2441685e4c35T.jpg\" \/><\/div>\n<div class=\"detailmodule_image\"><img decoding=\"async\" class=\"detail-desc-decorate-image\" style=\"margin-bottom: 10px;\" src=\"https:\/\/ae01.alicdn.com\/kf\/Hc31c461fd5e74c9a903c2c2e7f2afa15p.jpg\" \/><img decoding=\"async\" class=\"detail-desc-decorate-image\" style=\"margin-bottom: 10px;\" src=\"https:\/\/ae01.alicdn.com\/kf\/H01db790f112d473d9aa35cd8c55b3e10O.jpg\" \/><img decoding=\"async\" class=\"detail-desc-decorate-image\" style=\"margin-bottom: 10px;\" src=\"https:\/\/ae01.alicdn.com\/kf\/H053c4e75a26a4ac0aea4b486d04b8ae7w.jpg\" \/><\/div>\n<div class=\"detailmodule_image\"><img decoding=\"async\" class=\"detail-desc-decorate-image\" style=\"margin-bottom: 10px;\" src=\"https:\/\/ae01.alicdn.com\/kf\/He593b28d135349fca6fb0df6fa6cf849T.jpg\" \/><img decoding=\"async\" class=\"detail-desc-decorate-image\" style=\"margin-bottom: 10px;\" src=\"https:\/\/ae01.alicdn.com\/kf\/He1ddfc69517e47818212cc02b5584220N.jpg\" \/><\/div>\n<div class=\"detailmodule_image\"><img decoding=\"async\" class=\"detail-desc-decorate-image\" style=\"margin-bottom: 10px;\" src=\"https:\/\/ae01.alicdn.com\/kf\/H884b124a21ce4e6eac3e8b991fa49714H.jpg\" \/><\/div>\n<div class=\"detailmodule_text\">\n<p class=\"detail-desc-decorate-title\" style=\"font-family: OpenSans; font-size: 20px; font-weight: 900; line-height: 28px; white-space: pre-wrap; color: #000000; margin-bottom: 12px;\">U-neck Design<\/p>\n<\/div>\n<div class=\"detailmodule_image\"><img decoding=\"async\" class=\"detail-desc-decorate-image\" style=\"margin-bottom: 10px;\" src=\"https:\/\/ae01.alicdn.com\/kf\/Hd667d83dd73c4a41866f49ca3ca22b95d.jpg\" \/><\/div>\n<div class=\"detailmodule_text\">\n<p class=\"detail-desc-decorate-title\" style=\"font-family: OpenSans; font-size: 20px; font-weight: 900; line-height: 28px; white-space: pre-wrap; color: #000000; margin-bottom: 12px;\">Breathable &amp; Comfortable Fabric<\/p>\n<\/div>\n<div class=\"detailmodule_image\"><img decoding=\"async\" class=\"detail-desc-decorate-image\" style=\"margin-bottom: 10px;\" src=\"https:\/\/ae01.alicdn.com\/kf\/H71f9fd97dfd544f08dd7512d6f900249N.jpg\" \/><\/div>\n<div class=\"detailmodule_text\"><\/div>\n<div class=\"detailmodule_text\">\n<p>&nbsp;<\/p>\n<\/div>\n","protected":false},"excerpt":{"rendered":"<ul>\n<li><strong>Tejido de alta calidad<\/strong>: Fabricado con nailon 90% y elastano 10%, este tejido transpirable y el\u00e1stico garantiza la m\u00e1xima comodidad y durabilidad durante cualquier actividad.<\/li>\n<li><strong>Remodelaci\u00f3n corporal eficaz<\/strong>: Dise\u00f1ado para quemar grasa, entrenar la cintura y adelgazar el cuerpo, proporcionando un aspecto liso y tonificado del pecho y el abdomen.<\/li>\n<li><strong>Vers\u00e1til y con estilo<\/strong>: Perfecto para correr, fitness, deportes o para el d\u00eda a d\u00eda gracias a su dise\u00f1o de cuello en U que se adapta perfectamente a cualquier estilo de ropa, a la vez que sujeta la espalda cansada y mejora la postura.<\/li>\n<\/ul>","protected":false},"featured_media":160526,"comment_status":"open","ping_status":"closed","template":"","meta":[],"product_brand":[],"product_cat":[102,1692],"product_tag":[998,1002,994,995,999,993,996,1000,997,1001],"class_list":{"0":"post-160525","1":"product","2":"type-product","3":"status-publish","4":"has-post-thumbnail","6":"product_cat-apparel","7":"product_cat-underwear","8":"product_tag-abdomen-compression","9":"product_tag-breathable-shapewear","10":"product_tag-chest-compression-shirt","11":"product_tag-gynecomastia-vest","12":"product_tag-mens-corset","13":"product_tag-mens-shapewear","14":"product_tag-moobs-hider","15":"product_tag-posture-corrector","16":"product_tag-slimming-body-shaper","17":"product_tag-workout-vest","18":"pa_color-black","19":"pa_color-white","21":"first","22":"instock","23":"sale","24":"taxable","25":"shipping-taxable","26":"purchasable","27":"product-type-variable"},"yoast_head":"<!-- This site is optimized with the Yoast SEO plugin v27.2 - https:\/\/yoast.com\/product\/yoast-seo-wordpress\/ -->\n<title>Men&#039;s Chest Compression Shirt | Gynecomastia Moobs Hider | Slimming Body Shaper Vest | Abdomen &amp; Chest Slim Shirt Corset - Buy 3 Get 1 Free - Grizzly Adam<\/title>\n<meta name=\"description\" content=\"Discover our Men&#039;s Chest Compression Shirt, designed to hide moobs and flatten your tummy. This breathable, slimming body shaper provides back support, improves posture, and is perfect for workouts or daily wear. Get your confidence back today!\" \/>\n<meta name=\"robots\" content=\"index, follow, max-snippet:-1, max-image-preview:large, max-video-preview:-1\" \/>\n<link rel=\"canonical\" href=\"https:\/\/grizzlyadam.co.uk\/es\/producto\/mens-slimming-body-shaper-vest-shirt-abs-abdomen-compression-shirt-to-hide-gynecomastia-moobs-workout-tank-tops-undershirts\/\" \/>\n<meta property=\"og:locale\" content=\"es_ES\" \/>\n<meta property=\"og:type\" content=\"article\" \/>\n<meta property=\"og:title\" content=\"Men&#039;s Chest Compression Shirt | Gynecomastia Moobs Hider | Slimming Body Shaper Vest | Abdomen &amp; Chest Slim Shirt Corset - Buy 3 Get 1 Free - Grizzly Adam\" \/>\n<meta property=\"og:description\" content=\"Discover our Men&#039;s Chest Compression Shirt, designed to hide moobs and flatten your tummy. This breathable, slimming body shaper provides back support, improves posture, and is perfect for workouts or daily wear. Get your confidence back today!\" \/>\n<meta property=\"og:url\" content=\"https:\/\/grizzlyadam.co.uk\/es\/producto\/mens-slimming-body-shaper-vest-shirt-abs-abdomen-compression-shirt-to-hide-gynecomastia-moobs-workout-tank-tops-undershirts\/\" \/>\n<meta property=\"og:site_name\" content=\"Grizzly Adam\" \/>\n<meta property=\"article:publisher\" content=\"https:\/\/www.facebook.com\/grizzlyadamuk\" \/>\n<meta property=\"article:modified_time\" content=\"2026-03-21T14:03:12+00:00\" \/>\n<meta property=\"og:image\" content=\"https:\/\/grizzlyadam.co.uk\/wp-content\/uploads\/2024\/07\/kf-Hf993f89cdd4e43ddbd7eb38b84e6e0dcv-Mens-Slimming-Body-Shaper-Vest-Shirt-Abs-Abdomen-Compression-Shirt-to-Hide-Gynecomastia-Moobs-Workout-Tank.webp\" \/>\n\t<meta property=\"og:image:width\" content=\"800\" \/>\n\t<meta property=\"og:image:height\" content=\"800\" \/>\n\t<meta property=\"og:image:type\" content=\"image\/webp\" \/>\n<meta name=\"twitter:card\" content=\"summary_large_image\" \/>\n<meta name=\"twitter:site\" content=\"@grizzlyadamuk\" \/>\n<meta name=\"twitter:label1\" content=\"Tiempo de lectura\" \/>\n\t<meta name=\"twitter:data1\" content=\"8 minutos\" \/>\n<script type=\"application\/ld+json\" class=\"yoast-schema-graph\">{\"@context\":\"https:\/\/schema.org\",\"@graph\":[{\"@type\":\"WebPage\",\"@id\":\"https:\/\/grizzlyadam.co.uk\/product\/mens-slimming-body-shaper-vest-shirt-abs-abdomen-compression-shirt-to-hide-gynecomastia-moobs-workout-tank-tops-undershirts\/\",\"url\":\"https:\/\/grizzlyadam.co.uk\/product\/mens-slimming-body-shaper-vest-shirt-abs-abdomen-compression-shirt-to-hide-gynecomastia-moobs-workout-tank-tops-undershirts\/\",\"name\":\"Men's Chest Compression Shirt | Gynecomastia Moobs Hider | Slimming Body Shaper Vest | Abdomen & Chest Slim Shirt Corset - Buy 3 Get 1 Free - Grizzly Adam\",\"isPartOf\":{\"@id\":\"https:\/\/project1-mke5mv4jgx.live-website.com\/#website\"},\"primaryImageOfPage\":{\"@id\":\"https:\/\/grizzlyadam.co.uk\/product\/mens-slimming-body-shaper-vest-shirt-abs-abdomen-compression-shirt-to-hide-gynecomastia-moobs-workout-tank-tops-undershirts\/#primaryimage\"},\"image\":{\"@id\":\"https:\/\/grizzlyadam.co.uk\/product\/mens-slimming-body-shaper-vest-shirt-abs-abdomen-compression-shirt-to-hide-gynecomastia-moobs-workout-tank-tops-undershirts\/#primaryimage\"},\"thumbnailUrl\":\"https:\/\/grizzlyadam.co.uk\/wp-content\/uploads\/2024\/07\/kf-Hf993f89cdd4e43ddbd7eb38b84e6e0dcv-Mens-Slimming-Body-Shaper-Vest-Shirt-Abs-Abdomen-Compression-Shirt-to-Hide-Gynecomastia-Moobs-Workout-Tank.webp\",\"datePublished\":\"2024-07-27T09:13:09+00:00\",\"dateModified\":\"2026-03-21T14:03:12+00:00\",\"description\":\"Discover our Men's Chest Compression Shirt, designed to hide moobs and flatten your tummy. This breathable, slimming body shaper provides back support, improves posture, and is perfect for workouts or daily wear. Get your confidence back today!\",\"breadcrumb\":{\"@id\":\"https:\/\/grizzlyadam.co.uk\/product\/mens-slimming-body-shaper-vest-shirt-abs-abdomen-compression-shirt-to-hide-gynecomastia-moobs-workout-tank-tops-undershirts\/#breadcrumb\"},\"inLanguage\":\"es\",\"potentialAction\":[{\"@type\":\"ReadAction\",\"target\":[\"https:\/\/grizzlyadam.co.uk\/product\/mens-slimming-body-shaper-vest-shirt-abs-abdomen-compression-shirt-to-hide-gynecomastia-moobs-workout-tank-tops-undershirts\/\"]}]},{\"@type\":\"ImageObject\",\"inLanguage\":\"es\",\"@id\":\"https:\/\/grizzlyadam.co.uk\/product\/mens-slimming-body-shaper-vest-shirt-abs-abdomen-compression-shirt-to-hide-gynecomastia-moobs-workout-tank-tops-undershirts\/#primaryimage\",\"url\":\"https:\/\/grizzlyadam.co.uk\/wp-content\/uploads\/2024\/07\/kf-Hf993f89cdd4e43ddbd7eb38b84e6e0dcv-Mens-Slimming-Body-Shaper-Vest-Shirt-Abs-Abdomen-Compression-Shirt-to-Hide-Gynecomastia-Moobs-Workout-Tank.webp\",\"contentUrl\":\"https:\/\/grizzlyadam.co.uk\/wp-content\/uploads\/2024\/07\/kf-Hf993f89cdd4e43ddbd7eb38b84e6e0dcv-Mens-Slimming-Body-Shaper-Vest-Shirt-Abs-Abdomen-Compression-Shirt-to-Hide-Gynecomastia-Moobs-Workout-Tank.webp\",\"width\":800,\"height\":800},{\"@type\":\"BreadcrumbList\",\"@id\":\"https:\/\/grizzlyadam.co.uk\/product\/mens-slimming-body-shaper-vest-shirt-abs-abdomen-compression-shirt-to-hide-gynecomastia-moobs-workout-tank-tops-undershirts\/#breadcrumb\",\"itemListElement\":[{\"@type\":\"ListItem\",\"position\":1,\"name\":\"Home\",\"item\":\"https:\/\/grizzlyadam.co.uk\/\"},{\"@type\":\"ListItem\",\"position\":2,\"name\":\"Shop\",\"item\":\"https:\/\/project1-mke5mv4jgx.live-website.com\/shop\/\"},{\"@type\":\"ListItem\",\"position\":3,\"name\":\"Men&#8217;s Chest Compression Shirt | Gynecomastia Moobs Hider | Slimming Body Shaper Vest | Abdomen &#038; Chest Slim Shirt Corset &#8211; Buy 3 Get 1 Free\"}]},{\"@type\":\"WebSite\",\"@id\":\"https:\/\/project1-mke5mv4jgx.live-website.com\/#website\",\"url\":\"https:\/\/project1-mke5mv4jgx.live-website.com\/\",\"name\":\"Grizzly Adam\",\"description\":\"Beard Oil And Grooming Products For Gentlemen\",\"publisher\":{\"@id\":\"https:\/\/project1-mke5mv4jgx.live-website.com\/#organization\"},\"potentialAction\":[{\"@type\":\"SearchAction\",\"target\":{\"@type\":\"EntryPoint\",\"urlTemplate\":\"https:\/\/project1-mke5mv4jgx.live-website.com\/?s={search_term_string}\"},\"query-input\":{\"@type\":\"PropertyValueSpecification\",\"valueRequired\":true,\"valueName\":\"search_term_string\"}}],\"inLanguage\":\"es\"},{\"@type\":\"Organization\",\"@id\":\"https:\/\/project1-mke5mv4jgx.live-website.com\/#organization\",\"name\":\"GRIZZLY ADAM\",\"url\":\"https:\/\/project1-mke5mv4jgx.live-website.com\/\",\"logo\":{\"@type\":\"ImageObject\",\"inLanguage\":\"es\",\"@id\":\"https:\/\/project1-mke5mv4jgx.live-website.com\/#\/schema\/logo\/image\/\",\"url\":\"https:\/\/grizzlyadam.co.uk\/wp-content\/uploads\/2019\/11\/gadamlogo.png\",\"contentUrl\":\"https:\/\/grizzlyadam.co.uk\/wp-content\/uploads\/2019\/11\/gadamlogo.png\",\"width\":\"200\",\"height\":\"200\",\"caption\":\"GRIZZLY ADAM\"},\"image\":{\"@id\":\"https:\/\/project1-mke5mv4jgx.live-website.com\/#\/schema\/logo\/image\/\"},\"sameAs\":[\"https:\/\/www.facebook.com\/grizzlyadamuk\",\"https:\/\/x.com\/grizzlyadamuk\",\"https:\/\/www.instagram.com\/grizzlyadamuk\/\"]}]}<\/script>\n<!-- \/ Yoast SEO plugin. -->","yoast_head_json":{"title":"Men's Chest Compression Shirt | Gynecomastia Moobs Hider | Slimming Body Shaper Vest | Abdomen & Chest Slim Shirt Corset - Buy 3 Get 1 Free - Grizzly Adam","description":"Discover our Men's Chest Compression Shirt, designed to hide moobs and flatten your tummy. This breathable, slimming body shaper provides back support, improves posture, and is perfect for workouts or daily wear. Get your confidence back today!","robots":{"index":"index","follow":"follow","max-snippet":"max-snippet:-1","max-image-preview":"max-image-preview:large","max-video-preview":"max-video-preview:-1"},"canonical":"https:\/\/grizzlyadam.co.uk\/es\/producto\/mens-slimming-body-shaper-vest-shirt-abs-abdomen-compression-shirt-to-hide-gynecomastia-moobs-workout-tank-tops-undershirts\/","og_locale":"es_ES","og_type":"article","og_title":"Men's Chest Compression Shirt | Gynecomastia Moobs Hider | Slimming Body Shaper Vest | Abdomen & Chest Slim Shirt Corset - Buy 3 Get 1 Free - Grizzly Adam","og_description":"Discover our Men's Chest Compression Shirt, designed to hide moobs and flatten your tummy. This breathable, slimming body shaper provides back support, improves posture, and is perfect for workouts or daily wear. Get your confidence back today!","og_url":"https:\/\/grizzlyadam.co.uk\/es\/producto\/mens-slimming-body-shaper-vest-shirt-abs-abdomen-compression-shirt-to-hide-gynecomastia-moobs-workout-tank-tops-undershirts\/","og_site_name":"Grizzly Adam","article_publisher":"https:\/\/www.facebook.com\/grizzlyadamuk","article_modified_time":"2026-03-21T14:03:12+00:00","og_image":[{"width":800,"height":800,"url":"https:\/\/grizzlyadam.co.uk\/wp-content\/uploads\/2024\/07\/kf-Hf993f89cdd4e43ddbd7eb38b84e6e0dcv-Mens-Slimming-Body-Shaper-Vest-Shirt-Abs-Abdomen-Compression-Shirt-to-Hide-Gynecomastia-Moobs-Workout-Tank.webp","type":"image\/webp"}],"twitter_card":"summary_large_image","twitter_site":"@grizzlyadamuk","twitter_misc":{"Tiempo de lectura":"8 minutos"},"schema":{"@context":"https:\/\/schema.org","@graph":[{"@type":"WebPage","@id":"https:\/\/grizzlyadam.co.uk\/product\/mens-slimming-body-shaper-vest-shirt-abs-abdomen-compression-shirt-to-hide-gynecomastia-moobs-workout-tank-tops-undershirts\/","url":"https:\/\/grizzlyadam.co.uk\/product\/mens-slimming-body-shaper-vest-shirt-abs-abdomen-compression-shirt-to-hide-gynecomastia-moobs-workout-tank-tops-undershirts\/","name":"Men's Chest Compression Shirt | Gynecomastia Moobs Hider | Slimming Body Shaper Vest | Abdomen & Chest Slim Shirt Corset - Buy 3 Get 1 Free - Grizzly Adam","isPartOf":{"@id":"https:\/\/project1-mke5mv4jgx.live-website.com\/#website"},"primaryImageOfPage":{"@id":"https:\/\/grizzlyadam.co.uk\/product\/mens-slimming-body-shaper-vest-shirt-abs-abdomen-compression-shirt-to-hide-gynecomastia-moobs-workout-tank-tops-undershirts\/#primaryimage"},"image":{"@id":"https:\/\/grizzlyadam.co.uk\/product\/mens-slimming-body-shaper-vest-shirt-abs-abdomen-compression-shirt-to-hide-gynecomastia-moobs-workout-tank-tops-undershirts\/#primaryimage"},"thumbnailUrl":"https:\/\/grizzlyadam.co.uk\/wp-content\/uploads\/2024\/07\/kf-Hf993f89cdd4e43ddbd7eb38b84e6e0dcv-Mens-Slimming-Body-Shaper-Vest-Shirt-Abs-Abdomen-Compression-Shirt-to-Hide-Gynecomastia-Moobs-Workout-Tank.webp","datePublished":"2024-07-27T09:13:09+00:00","dateModified":"2026-03-21T14:03:12+00:00","description":"Discover our Men's Chest Compression Shirt, designed to hide moobs and flatten your tummy. This breathable, slimming body shaper provides back support, improves posture, and is perfect for workouts or daily wear. Get your confidence back today!","breadcrumb":{"@id":"https:\/\/grizzlyadam.co.uk\/product\/mens-slimming-body-shaper-vest-shirt-abs-abdomen-compression-shirt-to-hide-gynecomastia-moobs-workout-tank-tops-undershirts\/#breadcrumb"},"inLanguage":"es","potentialAction":[{"@type":"ReadAction","target":["https:\/\/grizzlyadam.co.uk\/product\/mens-slimming-body-shaper-vest-shirt-abs-abdomen-compression-shirt-to-hide-gynecomastia-moobs-workout-tank-tops-undershirts\/"]}]},{"@type":"ImageObject","inLanguage":"es","@id":"https:\/\/grizzlyadam.co.uk\/product\/mens-slimming-body-shaper-vest-shirt-abs-abdomen-compression-shirt-to-hide-gynecomastia-moobs-workout-tank-tops-undershirts\/#primaryimage","url":"https:\/\/grizzlyadam.co.uk\/wp-content\/uploads\/2024\/07\/kf-Hf993f89cdd4e43ddbd7eb38b84e6e0dcv-Mens-Slimming-Body-Shaper-Vest-Shirt-Abs-Abdomen-Compression-Shirt-to-Hide-Gynecomastia-Moobs-Workout-Tank.webp","contentUrl":"https:\/\/grizzlyadam.co.uk\/wp-content\/uploads\/2024\/07\/kf-Hf993f89cdd4e43ddbd7eb38b84e6e0dcv-Mens-Slimming-Body-Shaper-Vest-Shirt-Abs-Abdomen-Compression-Shirt-to-Hide-Gynecomastia-Moobs-Workout-Tank.webp","width":800,"height":800},{"@type":"BreadcrumbList","@id":"https:\/\/grizzlyadam.co.uk\/product\/mens-slimming-body-shaper-vest-shirt-abs-abdomen-compression-shirt-to-hide-gynecomastia-moobs-workout-tank-tops-undershirts\/#breadcrumb","itemListElement":[{"@type":"ListItem","position":1,"name":"Home","item":"https:\/\/grizzlyadam.co.uk\/"},{"@type":"ListItem","position":2,"name":"Shop","item":"https:\/\/project1-mke5mv4jgx.live-website.com\/shop\/"},{"@type":"ListItem","position":3,"name":"Men&#8217;s Chest Compression Shirt | Gynecomastia Moobs Hider | Slimming Body Shaper Vest | Abdomen &#038; Chest Slim Shirt Corset &#8211; Buy 3 Get 1 Free"}]},{"@type":"WebSite","@id":"https:\/\/project1-mke5mv4jgx.live-website.com\/#website","url":"https:\/\/project1-mke5mv4jgx.live-website.com\/","name":"Grizzly Adam","description":"Aceite para barba y productos de aseo para caballeros","publisher":{"@id":"https:\/\/project1-mke5mv4jgx.live-website.com\/#organization"},"potentialAction":[{"@type":"SearchAction","target":{"@type":"EntryPoint","urlTemplate":"https:\/\/project1-mke5mv4jgx.live-website.com\/?s={search_term_string}"},"query-input":{"@type":"PropertyValueSpecification","valueRequired":true,"valueName":"search_term_string"}}],"inLanguage":"es"},{"@type":"Organization","@id":"https:\/\/project1-mke5mv4jgx.live-website.com\/#organization","name":"GRIZZLY ADAM","url":"https:\/\/project1-mke5mv4jgx.live-website.com\/","logo":{"@type":"ImageObject","inLanguage":"es","@id":"https:\/\/project1-mke5mv4jgx.live-website.com\/#\/schema\/logo\/image\/","url":"https:\/\/grizzlyadam.co.uk\/wp-content\/uploads\/2019\/11\/gadamlogo.png","contentUrl":"https:\/\/grizzlyadam.co.uk\/wp-content\/uploads\/2019\/11\/gadamlogo.png","width":"200","height":"200","caption":"GRIZZLY ADAM"},"image":{"@id":"https:\/\/project1-mke5mv4jgx.live-website.com\/#\/schema\/logo\/image\/"},"sameAs":["https:\/\/www.facebook.com\/grizzlyadamuk","https:\/\/x.com\/grizzlyadamuk","https:\/\/www.instagram.com\/grizzlyadamuk\/"]}]}},"df_price":19.99,"df_sale_price":"","df_regular_price":19.99,"df_image_link":"https:\/\/grizzlyadam.co.uk\/wp-content\/uploads\/2024\/07\/kf-Hf993f89cdd4e43ddbd7eb38b84e6e0dcv-Mens-Slimming-Body-Shaper-Vest-Shirt-Abs-Abdomen-Compression-Shirt-to-Hide-Gynecomastia-Moobs-Workout-Tank-300x300.webp","_links":{"self":[{"href":"https:\/\/grizzlyadam.co.uk\/es\/wp-json\/wp\/v2\/product\/160525","targetHints":{"allow":["GET"]}}],"collection":[{"href":"https:\/\/grizzlyadam.co.uk\/es\/wp-json\/wp\/v2\/product"}],"about":[{"href":"https:\/\/grizzlyadam.co.uk\/es\/wp-json\/wp\/v2\/types\/product"}],"replies":[{"embeddable":true,"href":"https:\/\/grizzlyadam.co.uk\/es\/wp-json\/wp\/v2\/comments?post=160525"}],"wp:featuredmedia":[{"embeddable":true,"href":"https:\/\/grizzlyadam.co.uk\/es\/wp-json\/wp\/v2\/media\/160526"}],"wp:attachment":[{"href":"https:\/\/grizzlyadam.co.uk\/es\/wp-json\/wp\/v2\/media?parent=160525"}],"wp:term":[{"taxonomy":"product_brand","embeddable":true,"href":"https:\/\/grizzlyadam.co.uk\/es\/wp-json\/wp\/v2\/product_brand?post=160525"},{"taxonomy":"product_cat","embeddable":true,"href":"https:\/\/grizzlyadam.co.uk\/es\/wp-json\/wp\/v2\/product_cat?post=160525"},{"taxonomy":"product_tag","embeddable":true,"href":"https:\/\/grizzlyadam.co.uk\/es\/wp-json\/wp\/v2\/product_tag?post=160525"}],"curies":[{"name":"wp","href":"https:\/\/api.w.org\/{rel}","templated":true}]}}