{"id":159925,"date":"2024-06-26T10:14:51","date_gmt":"2024-06-26T09:14:51","guid":{"rendered":"https:\/\/grizzlyadam.co.uk\/product\/portable-mini-rechargeable-electric-shaver-with-digital-display-waterproof-cordless-mens-razor-for-face-and-body\/"},"modified":"2026-02-25T16:22:40","modified_gmt":"2026-02-25T16:22:40","slug":"portable-mini-rechargeable-electric-shaver-with-digital-display-waterproof-cordless-mens-razor-for-face-and-body","status":"publish","type":"product","link":"https:\/\/grizzlyadam.co.uk\/es\/producto\/portable-mini-rechargeable-electric-shaver-with-digital-display-waterproof-cordless-mens-razor-for-face-and-body\/","title":{"rendered":"Mini maquinilla de afeitar el\u00e9ctrica recargable port\u00e1til con pantalla digital - Maquinilla de afeitar sin cable resistente al agua para cara y cuerpo"},"content":{"rendered":"<div class=\"product-specs-list-container\">\n<p><span style=\"font-size: 14.4px;\">Experimente la m\u00e1xima comodidad de aseo personal con nuestra miniafeitadora el\u00e9ctrica recargable port\u00e1til. Dise\u00f1ada para el hombre moderno que se desplaza, esta elegante y potente afeitadora combina eficacia y estilo.<\/span><\/p>\n<\/div>\n<div class=\"detailmodule_html\">\n<div class=\"detail-desc-decorate-richtext\">\n<p><strong>Hoja afilada para mayor precisi\u00f3n:<\/strong> Equipada con una afilada cuchilla de acero inoxidable, nuestra miniafeitadora el\u00e9ctrica hace frente incluso a las barbas m\u00e1s dif\u00edciles con facilidad. Perfecta para lograr un afeitado apurado y limpio en todo momento.<\/p>\n<p><strong>Motor estable para un afeitado preciso:<\/strong> Disfrute de una experiencia de afeitado suave e indolora gracias a nuestra avanzada tecnolog\u00eda de motor. Incluso a baja potencia, el motor mantiene una velocidad constante para evitar cualquier enganche o tir\u00f3n del pelo.<\/p>\n<p><strong>Compacto y port\u00e1til:<\/strong> Tanto si est\u00e1s de viaje como si necesitas un retoque r\u00e1pido, esta afeitadora te cabe en el bolsillo. Su tama\u00f1o compacto la convierte en la compa\u00f1era perfecta para el bolsillo de los vaqueros, la bolsa de viaje o el caj\u00f3n de la oficina.<\/p>\n<p><strong>Duradero y vers\u00e1til:<\/strong> Fabricada para durar, nuestra afeitadora de barba es ideal para viajes en avi\u00f3n, viajes de negocios, viajes en coche, acampadas y uso diario. Su construcci\u00f3n duradera garantiza que resista las exigencias de tu ajetreado estilo de vida.<\/p>\n<p><strong>Amplia aplicaci\u00f3n:<\/strong> M\u00e1s que una simple afeitadora de barba, esta vers\u00e1til herramienta es perfecta para eliminar el vello de las piernas, el pecho y el cuerpo. Es la soluci\u00f3n todo en uno que estabas buscando.<\/p>\n<p>Actualice su rutina de aseo personal con la miniafeitadora el\u00e9ctrica recargable port\u00e1til: la elecci\u00f3n ideal para los hombres que valoran la precisi\u00f3n, la comodidad y el estilo.<\/p>\n<p style=\"font-family: 'Open Sans', Roboto, Arial, Helvetica, sans-serif, SimSun; font-size: 14px; font-weight: 400; letter-spacing: normal; line-height: inherit; text-align: start; white-space: normal; color: #222222; margin: 0px; padding: 0px; box-sizing: border-box;\" align=\"start\"><img decoding=\"async\" src=\"https:\/\/ae01.alicdn.com\/kf\/S301ca7290a5640d7858adcfd17299b0ay.jpg?width=960&amp;height=960&amp;hash=1920\" \/><img decoding=\"async\" src=\"https:\/\/ae01.alicdn.com\/kf\/S115fd763ceb74f12bc303626d8faab7dM.jpg?width=960&amp;height=960&amp;hash=1920\" \/><img decoding=\"async\" src=\"https:\/\/ae01.alicdn.com\/kf\/Sbdece55029ef4503a39b56be58fab710Z.jpg?width=960&amp;height=960&amp;hash=1920\" \/><img decoding=\"async\" src=\"https:\/\/ae01.alicdn.com\/kf\/S9f8b3b2c4bc7417aabd5d122902e7da5t.jpg?width=960&amp;height=960&amp;hash=1920\" \/><img decoding=\"async\" src=\"https:\/\/ae01.alicdn.com\/kf\/Sbe440867d64141339448f34da46db131i.jpg?width=960&amp;height=960&amp;hash=1920\" \/><img decoding=\"async\" src=\"https:\/\/ae01.alicdn.com\/kf\/Sbaeeb304761f48169e9071368e85aaa4B.jpg?width=960&amp;height=960&amp;hash=1920\" \/><img decoding=\"async\" src=\"https:\/\/ae01.alicdn.com\/kf\/S21841079d65d42c4a76a52ee01ed28030.jpg?width=960&amp;height=960&amp;hash=1920\" \/><img decoding=\"async\" src=\"https:\/\/ae01.alicdn.com\/kf\/Sb5e3cc95a16d493ba0c5cf6c3ff674ccx.jpg?width=960&amp;height=960&amp;hash=1920\" \/><img decoding=\"async\" src=\"https:\/\/ae01.alicdn.com\/kf\/S0870eac6ae314a2d9718918c71298653a.jpg?width=960&amp;height=960&amp;hash=1920\" \/><img decoding=\"async\" src=\"https:\/\/ae01.alicdn.com\/kf\/S47f55873ffc948459bd3a66baec7692e0.jpg?width=960&amp;height=960&amp;hash=1920\" \/><img decoding=\"async\" src=\"https:\/\/ae01.alicdn.com\/kf\/Sdc298c8880e640cfa511e9629d77d937H.jpg?width=960&amp;height=960&amp;hash=1920\" \/><img decoding=\"async\" src=\"https:\/\/ae01.alicdn.com\/kf\/S209d8bb7729f43738dbaeeb1159ca2bc2.jpg?width=960&amp;height=960&amp;hash=1920\" \/><img decoding=\"async\" src=\"https:\/\/ae01.alicdn.com\/kf\/S48e5842d2c9d434eb5eccc8bdcf19296f.jpg?width=960&amp;height=960&amp;hash=1920\" \/><img decoding=\"async\" src=\"https:\/\/ae01.alicdn.com\/kf\/Sf6565fe54c47458caf75676d5a500eb3Y.jpg?width=960&amp;height=960&amp;hash=1920\" \/><\/p>\n<\/div>\n<\/div>\n<div class=\"product-specs-list-container\">\n<ul class=\"product-specs-list util-clearfix\">\n<li class=\"product-prop line-limit-length\"><span class=\"property-title\">Material de la hoja:\u00a0<\/span><span class=\"property-desc line-limit-length\">ACERO INOXIDABLE<\/span><\/li>\n<li class=\"product-prop line-limit-length\"><span class=\"property-title\">Funci\u00f3n:\u00a0<\/span><span class=\"property-desc line-limit-length\">cabeza flotante<\/span><\/li>\n<li class=\"product-prop line-limit-length\"><span class=\"property-title\">Tipo de boquilla:\u00a0<\/span><span class=\"property-desc line-limit-length\">Boquilla de corte<\/span><\/li>\n<li class=\"product-prop line-limit-length\"><span class=\"property-title\">N\u00famero de boquillas:\u00a0<\/span><span class=\"property-desc line-limit-length\">1 - 2 piezas<\/span><\/li>\n<li class=\"product-prop line-limit-length\"><span class=\"property-title\">Tipo navaja:\u00a0<\/span><span class=\"property-desc line-limit-length\">Malla<\/span><\/li>\n<li class=\"product-prop line-limit-length\"><span class=\"property-title\">N\u00famero de modelo:\u00a0<\/span><span class=\"property-desc line-limit-length\">P93357<\/span><\/li>\n<li class=\"product-prop line-limit-length\"><span class=\"property-title\">Tensi\u00f3n:\u00a0<\/span><span class=\"property-desc line-limit-length\">Universal global (100-240 V)<\/span><\/li>\n<li class=\"product-prop line-limit-length\"><span class=\"property-title\">Tiempo de carga:\u00a0<\/span><span class=\"property-desc line-limit-length\">1h<\/span><\/li>\n<li class=\"product-prop line-limit-length\"><span class=\"property-title\">Con dispositivo de recorte:\u00a0<\/span><span class=\"property-desc line-limit-length\">S\u00ed<\/span><\/li>\n<li class=\"product-prop line-limit-length\"><span class=\"property-title\">Modo de lavado:\u00a0<\/span><span class=\"property-desc line-limit-length\">Lavado de todo el cuerpo<\/span><\/li>\n<li class=\"product-prop line-limit-length\"><span class=\"property-title\">Tiempo de comercializaci\u00f3n:\u00a0<\/span><span class=\"property-desc line-limit-length\">2020<\/span><\/li>\n<li class=\"product-prop line-limit-length\"><span class=\"property-title\">Tiempo de uso:\u00a0<\/span><span class=\"property-desc line-limit-length\">60 minutos<\/span><\/li>\n<li class=\"product-prop line-limit-length\"><span class=\"property-title\">Uso:\u00a0<\/span><span class=\"property-desc line-limit-length\">Cara<\/span><\/li>\n<li class=\"product-prop line-limit-length\"><span class=\"property-title\">Caracter\u00edstica:\u00a0<\/span><span class=\"property-desc line-limit-length\">Hoja \u00fanica<\/span><\/li>\n<li class=\"product-prop line-limit-length\"><span class=\"property-title\">Tipo de alimentaci\u00f3n:\u00a0<\/span><span class=\"property-desc line-limit-length\">Recargable<\/span><\/li>\n<li class=\"product-prop line-limit-length\"><span class=\"property-title\">G\u00e9nero:\u00a0<\/span><span class=\"property-desc line-limit-length\">Hombre<\/span><\/li>\n<li class=\"product-prop line-limit-length\"><span class=\"property-title\">Marca:\u00a0<\/span><span class=\"property-desc line-limit-length\">mubittu<\/span><\/li>\n<li class=\"product-prop line-limit-length\"><span class=\"property-title\">Origen:\u00a0<\/span><span class=\"property-desc line-limit-length\">China continental<\/span><\/li>\n<li class=\"product-prop line-limit-length\"><span class=\"property-title\">Tipo de art\u00edculo:\u00a0<\/span><span class=\"property-desc line-limit-length\">Afeitadora el\u00e9ctrica<\/span><\/li>\n<li class=\"product-prop line-limit-length\"><span class=\"property-title\">Certificaci\u00f3n:\u00a0<\/span><span class=\"property-desc line-limit-length\">CE<\/span><\/li>\n<\/ul>\n<\/div>","protected":false},"excerpt":{"rendered":"<ul>\n<li>\u2708\ufe0f <strong>Port\u00e1til y compacto:<\/strong> Lleva tu rutina de cuidado personal a cualquier parte con nuestra mini afeitadora el\u00e9ctrica, ideal para viajes y retoques sobre la marcha.<\/li>\n<li>\ud83d\udca7 <strong>Impermeable y f\u00e1cil de limpiar:<\/strong> Disfrute de un aseo sin complicaciones con nuestra afeitadora resistente al agua. Basta con enjuagarla bajo el agua para un mantenimiento y una durabilidad sin esfuerzo.<\/li>\n<\/ul>","protected":false},"featured_media":159926,"comment_status":"open","ping_status":"closed","template":"","meta":[],"product_brand":[],"product_cat":[71,90,214],"product_tag":[937,939,936,942,944,938,934,940,945,946,932,933,943,941,935],"class_list":{"0":"post-159925","1":"product","2":"type-product","3":"status-publish","4":"has-post-thumbnail","6":"product_cat-accessories","7":"product_cat-hair-care","8":"product_cat-shaving","9":"product_tag-beard-shaver","10":"product_tag-body-shaver","11":"product_tag-cordless-shaver","12":"product_tag-digital-display-shaver","13":"product_tag-durable-shaver","14":"product_tag-face-shaver","15":"product_tag-mens-razor","16":"product_tag-mini-shaver","17":"product_tag-painless-shaving","18":"product_tag-pocket-shaver","19":"product_tag-portable-electric-shaver","20":"product_tag-rechargeable-shaver","21":"product_tag-sharp-blade-shaver","22":"product_tag-travel-shaver","23":"product_tag-waterproof-shaver","24":"pa_color-gradient-black-box","25":"pa_color-gradient-blue-box","26":"pa_color-silver-box","28":"first","29":"instock","30":"taxable","31":"shipping-taxable","32":"purchasable","33":"product-type-variable"},"yoast_head":"<!-- This site is optimized with the Yoast SEO plugin v27.2 - https:\/\/yoast.com\/product\/yoast-seo-wordpress\/ -->\n<title>Portable Mini Rechargeable Electric Shaver with Digital Display - Waterproof Cordless Men&#039;s Razor for Face and Body - Grizzly Adam<\/title>\n<meta name=\"description\" content=\"Upgrade your grooming with our Portable Mini Rechargeable Electric Shaver. Featuring a sharp blade, digital display, and waterproof design, it&#039;s perfect for travel and daily use. Enjoy painless, precise shaving anytime, anywhere.\" \/>\n<meta name=\"robots\" content=\"index, follow, max-snippet:-1, max-image-preview:large, max-video-preview:-1\" \/>\n<link rel=\"canonical\" href=\"https:\/\/grizzlyadam.co.uk\/es\/producto\/portable-mini-rechargeable-electric-shaver-with-digital-display-waterproof-cordless-mens-razor-for-face-and-body\/\" \/>\n<meta property=\"og:locale\" content=\"es_ES\" \/>\n<meta property=\"og:type\" content=\"article\" \/>\n<meta property=\"og:title\" content=\"Portable Mini Rechargeable Electric Shaver with Digital Display - Waterproof Cordless Men&#039;s Razor for Face and Body - Grizzly Adam\" \/>\n<meta property=\"og:description\" content=\"Upgrade your grooming with our Portable Mini Rechargeable Electric Shaver. Featuring a sharp blade, digital display, and waterproof design, it&#039;s perfect for travel and daily use. Enjoy painless, precise shaving anytime, anywhere.\" \/>\n<meta property=\"og:url\" content=\"https:\/\/grizzlyadam.co.uk\/es\/producto\/portable-mini-rechargeable-electric-shaver-with-digital-display-waterproof-cordless-mens-razor-for-face-and-body\/\" \/>\n<meta property=\"og:site_name\" content=\"Grizzly Adam\" \/>\n<meta property=\"article:publisher\" content=\"https:\/\/www.facebook.com\/grizzlyadamuk\" \/>\n<meta property=\"article:modified_time\" content=\"2026-02-25T16:22:40+00:00\" \/>\n<meta property=\"og:image\" content=\"https:\/\/project1-mke5mv4jgx.live-website.com\/wp-content\/uploads\/2024\/06\/kf-S6e87dbcd12cc4ff6a530fa0b727aee289-Portable-Mini-Electric-Rechargeable-Shaver-Digital-Power-Display-Mens-Razor-Waterproof-Cordless-Razor-Beard-Shaver-for.webp\" \/>\n\t<meta property=\"og:image:width\" content=\"960\" \/>\n\t<meta property=\"og:image:height\" content=\"960\" \/>\n\t<meta property=\"og:image:type\" content=\"image\/webp\" \/>\n<meta name=\"twitter:card\" content=\"summary_large_image\" \/>\n<meta name=\"twitter:site\" content=\"@grizzlyadamuk\" \/>\n<meta name=\"twitter:label1\" content=\"Tiempo de lectura\" \/>\n\t<meta name=\"twitter:data1\" content=\"5 minutos\" \/>\n<script type=\"application\/ld+json\" class=\"yoast-schema-graph\">{\"@context\":\"https:\/\/schema.org\",\"@graph\":[{\"@type\":\"WebPage\",\"@id\":\"https:\/\/grizzlyadam.co.uk\/product\/portable-mini-rechargeable-electric-shaver-with-digital-display-waterproof-cordless-mens-razor-for-face-and-body\/\",\"url\":\"https:\/\/grizzlyadam.co.uk\/product\/portable-mini-rechargeable-electric-shaver-with-digital-display-waterproof-cordless-mens-razor-for-face-and-body\/\",\"name\":\"Portable Mini Rechargeable Electric Shaver with Digital Display - Waterproof Cordless Men's Razor for Face and Body - Grizzly Adam\",\"isPartOf\":{\"@id\":\"https:\/\/project1-mke5mv4jgx.live-website.com\/#website\"},\"primaryImageOfPage\":{\"@id\":\"https:\/\/grizzlyadam.co.uk\/product\/portable-mini-rechargeable-electric-shaver-with-digital-display-waterproof-cordless-mens-razor-for-face-and-body\/#primaryimage\"},\"image\":{\"@id\":\"https:\/\/grizzlyadam.co.uk\/product\/portable-mini-rechargeable-electric-shaver-with-digital-display-waterproof-cordless-mens-razor-for-face-and-body\/#primaryimage\"},\"thumbnailUrl\":\"https:\/\/grizzlyadam.co.uk\/wp-content\/uploads\/2024\/06\/kf-S6e87dbcd12cc4ff6a530fa0b727aee289-Portable-Mini-Electric-Rechargeable-Shaver-Digital-Power-Display-Mens-Razor-Waterproof-Cordless-Razor-Beard-Shaver-for.webp\",\"datePublished\":\"2024-06-26T09:14:51+00:00\",\"dateModified\":\"2026-02-25T16:22:40+00:00\",\"description\":\"Upgrade your grooming with our Portable Mini Rechargeable Electric Shaver. Featuring a sharp blade, digital display, and waterproof design, it's perfect for travel and daily use. Enjoy painless, precise shaving anytime, anywhere.\",\"breadcrumb\":{\"@id\":\"https:\/\/grizzlyadam.co.uk\/product\/portable-mini-rechargeable-electric-shaver-with-digital-display-waterproof-cordless-mens-razor-for-face-and-body\/#breadcrumb\"},\"inLanguage\":\"es\",\"potentialAction\":[{\"@type\":\"ReadAction\",\"target\":[\"https:\/\/grizzlyadam.co.uk\/product\/portable-mini-rechargeable-electric-shaver-with-digital-display-waterproof-cordless-mens-razor-for-face-and-body\/\"]}]},{\"@type\":\"ImageObject\",\"inLanguage\":\"es\",\"@id\":\"https:\/\/grizzlyadam.co.uk\/product\/portable-mini-rechargeable-electric-shaver-with-digital-display-waterproof-cordless-mens-razor-for-face-and-body\/#primaryimage\",\"url\":\"https:\/\/grizzlyadam.co.uk\/wp-content\/uploads\/2024\/06\/kf-S6e87dbcd12cc4ff6a530fa0b727aee289-Portable-Mini-Electric-Rechargeable-Shaver-Digital-Power-Display-Mens-Razor-Waterproof-Cordless-Razor-Beard-Shaver-for.webp\",\"contentUrl\":\"https:\/\/grizzlyadam.co.uk\/wp-content\/uploads\/2024\/06\/kf-S6e87dbcd12cc4ff6a530fa0b727aee289-Portable-Mini-Electric-Rechargeable-Shaver-Digital-Power-Display-Mens-Razor-Waterproof-Cordless-Razor-Beard-Shaver-for.webp\",\"width\":960,\"height\":960},{\"@type\":\"BreadcrumbList\",\"@id\":\"https:\/\/grizzlyadam.co.uk\/product\/portable-mini-rechargeable-electric-shaver-with-digital-display-waterproof-cordless-mens-razor-for-face-and-body\/#breadcrumb\",\"itemListElement\":[{\"@type\":\"ListItem\",\"position\":1,\"name\":\"Home\",\"item\":\"https:\/\/grizzlyadam.co.uk\/\"},{\"@type\":\"ListItem\",\"position\":2,\"name\":\"Shop\",\"item\":\"https:\/\/project1-mke5mv4jgx.live-website.com\/shop\/\"},{\"@type\":\"ListItem\",\"position\":3,\"name\":\"Portable Mini Rechargeable Electric Shaver with Digital Display &#8211; Waterproof Cordless Men&#8217;s Razor for Face and Body\"}]},{\"@type\":\"WebSite\",\"@id\":\"https:\/\/project1-mke5mv4jgx.live-website.com\/#website\",\"url\":\"https:\/\/project1-mke5mv4jgx.live-website.com\/\",\"name\":\"Grizzly Adam\",\"description\":\"Beard Oil And Grooming Products For Gentlemen\",\"publisher\":{\"@id\":\"https:\/\/project1-mke5mv4jgx.live-website.com\/#organization\"},\"potentialAction\":[{\"@type\":\"SearchAction\",\"target\":{\"@type\":\"EntryPoint\",\"urlTemplate\":\"https:\/\/project1-mke5mv4jgx.live-website.com\/?s={search_term_string}\"},\"query-input\":{\"@type\":\"PropertyValueSpecification\",\"valueRequired\":true,\"valueName\":\"search_term_string\"}}],\"inLanguage\":\"es\"},{\"@type\":\"Organization\",\"@id\":\"https:\/\/project1-mke5mv4jgx.live-website.com\/#organization\",\"name\":\"GRIZZLY ADAM\",\"url\":\"https:\/\/project1-mke5mv4jgx.live-website.com\/\",\"logo\":{\"@type\":\"ImageObject\",\"inLanguage\":\"es\",\"@id\":\"https:\/\/project1-mke5mv4jgx.live-website.com\/#\/schema\/logo\/image\/\",\"url\":\"https:\/\/grizzlyadam.co.uk\/wp-content\/uploads\/2019\/11\/gadamlogo.png\",\"contentUrl\":\"https:\/\/grizzlyadam.co.uk\/wp-content\/uploads\/2019\/11\/gadamlogo.png\",\"width\":\"200\",\"height\":\"200\",\"caption\":\"GRIZZLY ADAM\"},\"image\":{\"@id\":\"https:\/\/project1-mke5mv4jgx.live-website.com\/#\/schema\/logo\/image\/\"},\"sameAs\":[\"https:\/\/www.facebook.com\/grizzlyadamuk\",\"https:\/\/x.com\/grizzlyadamuk\",\"https:\/\/www.instagram.com\/grizzlyadamuk\/\"]}]}<\/script>\n<!-- \/ Yoast SEO plugin. -->","yoast_head_json":{"title":"Portable Mini Rechargeable Electric Shaver with Digital Display - Waterproof Cordless Men's Razor for Face and Body - Grizzly Adam","description":"Upgrade your grooming with our Portable Mini Rechargeable Electric Shaver. Featuring a sharp blade, digital display, and waterproof design, it's perfect for travel and daily use. Enjoy painless, precise shaving anytime, anywhere.","robots":{"index":"index","follow":"follow","max-snippet":"max-snippet:-1","max-image-preview":"max-image-preview:large","max-video-preview":"max-video-preview:-1"},"canonical":"https:\/\/grizzlyadam.co.uk\/es\/producto\/portable-mini-rechargeable-electric-shaver-with-digital-display-waterproof-cordless-mens-razor-for-face-and-body\/","og_locale":"es_ES","og_type":"article","og_title":"Portable Mini Rechargeable Electric Shaver with Digital Display - Waterproof Cordless Men's Razor for Face and Body - Grizzly Adam","og_description":"Upgrade your grooming with our Portable Mini Rechargeable Electric Shaver. Featuring a sharp blade, digital display, and waterproof design, it's perfect for travel and daily use. Enjoy painless, precise shaving anytime, anywhere.","og_url":"https:\/\/grizzlyadam.co.uk\/es\/producto\/portable-mini-rechargeable-electric-shaver-with-digital-display-waterproof-cordless-mens-razor-for-face-and-body\/","og_site_name":"Grizzly Adam","article_publisher":"https:\/\/www.facebook.com\/grizzlyadamuk","article_modified_time":"2026-02-25T16:22:40+00:00","og_image":[{"width":960,"height":960,"url":"https:\/\/project1-mke5mv4jgx.live-website.com\/wp-content\/uploads\/2024\/06\/kf-S6e87dbcd12cc4ff6a530fa0b727aee289-Portable-Mini-Electric-Rechargeable-Shaver-Digital-Power-Display-Mens-Razor-Waterproof-Cordless-Razor-Beard-Shaver-for.webp","type":"image\/webp"}],"twitter_card":"summary_large_image","twitter_site":"@grizzlyadamuk","twitter_misc":{"Tiempo de lectura":"5 minutos"},"schema":{"@context":"https:\/\/schema.org","@graph":[{"@type":"WebPage","@id":"https:\/\/grizzlyadam.co.uk\/product\/portable-mini-rechargeable-electric-shaver-with-digital-display-waterproof-cordless-mens-razor-for-face-and-body\/","url":"https:\/\/grizzlyadam.co.uk\/product\/portable-mini-rechargeable-electric-shaver-with-digital-display-waterproof-cordless-mens-razor-for-face-and-body\/","name":"Portable Mini Rechargeable Electric Shaver with Digital Display - Waterproof Cordless Men's Razor for Face and Body - Grizzly Adam","isPartOf":{"@id":"https:\/\/project1-mke5mv4jgx.live-website.com\/#website"},"primaryImageOfPage":{"@id":"https:\/\/grizzlyadam.co.uk\/product\/portable-mini-rechargeable-electric-shaver-with-digital-display-waterproof-cordless-mens-razor-for-face-and-body\/#primaryimage"},"image":{"@id":"https:\/\/grizzlyadam.co.uk\/product\/portable-mini-rechargeable-electric-shaver-with-digital-display-waterproof-cordless-mens-razor-for-face-and-body\/#primaryimage"},"thumbnailUrl":"https:\/\/grizzlyadam.co.uk\/wp-content\/uploads\/2024\/06\/kf-S6e87dbcd12cc4ff6a530fa0b727aee289-Portable-Mini-Electric-Rechargeable-Shaver-Digital-Power-Display-Mens-Razor-Waterproof-Cordless-Razor-Beard-Shaver-for.webp","datePublished":"2024-06-26T09:14:51+00:00","dateModified":"2026-02-25T16:22:40+00:00","description":"Upgrade your grooming with our Portable Mini Rechargeable Electric Shaver. Featuring a sharp blade, digital display, and waterproof design, it's perfect for travel and daily use. Enjoy painless, precise shaving anytime, anywhere.","breadcrumb":{"@id":"https:\/\/grizzlyadam.co.uk\/product\/portable-mini-rechargeable-electric-shaver-with-digital-display-waterproof-cordless-mens-razor-for-face-and-body\/#breadcrumb"},"inLanguage":"es","potentialAction":[{"@type":"ReadAction","target":["https:\/\/grizzlyadam.co.uk\/product\/portable-mini-rechargeable-electric-shaver-with-digital-display-waterproof-cordless-mens-razor-for-face-and-body\/"]}]},{"@type":"ImageObject","inLanguage":"es","@id":"https:\/\/grizzlyadam.co.uk\/product\/portable-mini-rechargeable-electric-shaver-with-digital-display-waterproof-cordless-mens-razor-for-face-and-body\/#primaryimage","url":"https:\/\/grizzlyadam.co.uk\/wp-content\/uploads\/2024\/06\/kf-S6e87dbcd12cc4ff6a530fa0b727aee289-Portable-Mini-Electric-Rechargeable-Shaver-Digital-Power-Display-Mens-Razor-Waterproof-Cordless-Razor-Beard-Shaver-for.webp","contentUrl":"https:\/\/grizzlyadam.co.uk\/wp-content\/uploads\/2024\/06\/kf-S6e87dbcd12cc4ff6a530fa0b727aee289-Portable-Mini-Electric-Rechargeable-Shaver-Digital-Power-Display-Mens-Razor-Waterproof-Cordless-Razor-Beard-Shaver-for.webp","width":960,"height":960},{"@type":"BreadcrumbList","@id":"https:\/\/grizzlyadam.co.uk\/product\/portable-mini-rechargeable-electric-shaver-with-digital-display-waterproof-cordless-mens-razor-for-face-and-body\/#breadcrumb","itemListElement":[{"@type":"ListItem","position":1,"name":"Home","item":"https:\/\/grizzlyadam.co.uk\/"},{"@type":"ListItem","position":2,"name":"Shop","item":"https:\/\/project1-mke5mv4jgx.live-website.com\/shop\/"},{"@type":"ListItem","position":3,"name":"Portable Mini Rechargeable Electric Shaver with Digital Display &#8211; Waterproof Cordless Men&#8217;s Razor for Face and Body"}]},{"@type":"WebSite","@id":"https:\/\/project1-mke5mv4jgx.live-website.com\/#website","url":"https:\/\/project1-mke5mv4jgx.live-website.com\/","name":"Grizzly Adam","description":"Aceite para barba y productos de aseo para caballeros","publisher":{"@id":"https:\/\/project1-mke5mv4jgx.live-website.com\/#organization"},"potentialAction":[{"@type":"SearchAction","target":{"@type":"EntryPoint","urlTemplate":"https:\/\/project1-mke5mv4jgx.live-website.com\/?s={search_term_string}"},"query-input":{"@type":"PropertyValueSpecification","valueRequired":true,"valueName":"search_term_string"}}],"inLanguage":"es"},{"@type":"Organization","@id":"https:\/\/project1-mke5mv4jgx.live-website.com\/#organization","name":"GRIZZLY ADAM","url":"https:\/\/project1-mke5mv4jgx.live-website.com\/","logo":{"@type":"ImageObject","inLanguage":"es","@id":"https:\/\/project1-mke5mv4jgx.live-website.com\/#\/schema\/logo\/image\/","url":"https:\/\/grizzlyadam.co.uk\/wp-content\/uploads\/2019\/11\/gadamlogo.png","contentUrl":"https:\/\/grizzlyadam.co.uk\/wp-content\/uploads\/2019\/11\/gadamlogo.png","width":"200","height":"200","caption":"GRIZZLY ADAM"},"image":{"@id":"https:\/\/project1-mke5mv4jgx.live-website.com\/#\/schema\/logo\/image\/"},"sameAs":["https:\/\/www.facebook.com\/grizzlyadamuk","https:\/\/x.com\/grizzlyadamuk","https:\/\/www.instagram.com\/grizzlyadamuk\/"]}]}},"df_price":24.99,"df_sale_price":"","df_regular_price":24.99,"df_image_link":"https:\/\/grizzlyadam.co.uk\/wp-content\/uploads\/2024\/06\/kf-S6e87dbcd12cc4ff6a530fa0b727aee289-Portable-Mini-Electric-Rechargeable-Shaver-Digital-Power-Display-Mens-Razor-Waterproof-Cordless-Razor-Beard-Shaver-for-300x300.webp","_links":{"self":[{"href":"https:\/\/grizzlyadam.co.uk\/es\/wp-json\/wp\/v2\/product\/159925","targetHints":{"allow":["GET"]}}],"collection":[{"href":"https:\/\/grizzlyadam.co.uk\/es\/wp-json\/wp\/v2\/product"}],"about":[{"href":"https:\/\/grizzlyadam.co.uk\/es\/wp-json\/wp\/v2\/types\/product"}],"replies":[{"embeddable":true,"href":"https:\/\/grizzlyadam.co.uk\/es\/wp-json\/wp\/v2\/comments?post=159925"}],"wp:featuredmedia":[{"embeddable":true,"href":"https:\/\/grizzlyadam.co.uk\/es\/wp-json\/wp\/v2\/media\/159926"}],"wp:attachment":[{"href":"https:\/\/grizzlyadam.co.uk\/es\/wp-json\/wp\/v2\/media?parent=159925"}],"wp:term":[{"taxonomy":"product_brand","embeddable":true,"href":"https:\/\/grizzlyadam.co.uk\/es\/wp-json\/wp\/v2\/product_brand?post=159925"},{"taxonomy":"product_cat","embeddable":true,"href":"https:\/\/grizzlyadam.co.uk\/es\/wp-json\/wp\/v2\/product_cat?post=159925"},{"taxonomy":"product_tag","embeddable":true,"href":"https:\/\/grizzlyadam.co.uk\/es\/wp-json\/wp\/v2\/product_tag?post=159925"}],"curies":[{"name":"wp","href":"https:\/\/api.w.org\/{rel}","templated":true}]}}