{"id":159599,"date":"2024-06-14T07:10:27","date_gmt":"2024-06-14T06:10:27","guid":{"rendered":"https:\/\/grizzlyadam.co.uk\/product\/sleekguard-hard-sunglass-case-black-stylish-portable-and-durable-eva-zipper-box-for-sports-sunglasses\/"},"modified":"2026-04-07T15:35:56","modified_gmt":"2026-04-07T14:35:56","slug":"sleekguard-hard-sunglass-case-black-stylish-portable-and-durable-eva-zipper-box-for-sports-sunglasses","status":"publish","type":"product","link":"https:\/\/grizzlyadam.co.uk\/es\/producto\/sleekguard-hard-sunglass-case-black-stylish-portable-and-durable-eva-zipper-box-for-sports-sunglasses\/","title":{"rendered":"SleekGuard\u2122 Estuche Duro para Gafas de Sol - Negro | Elegante, Port\u00e1til y Duradero Estuche con Cremallera de EVA para Gafas de Sol Deportivas."},"content":{"rendered":"<p><span style=\"font-size: 140%;\"><strong>Descripci\u00f3n del producto:<\/strong> Presentamos la funda r\u00edgida para gafas de sol SleekGuard\u2122, la soluci\u00f3n definitiva para proteger sus valiosas gafas. Fabricada con material EVA de alta calidad, esta funda ofrece una s\u00f3lida protecci\u00f3n contra ara\u00f1azos, abolladuras y otros da\u00f1os, garantizando que sus gafas de sol o de presbicia se mantengan en perfectas condiciones.<\/span><\/p>\n<p><span style=\"font-size: 140%;\">Dise\u00f1ada con un elegante acabado en negro y un estilo bonito y compacto, la funda SleekGuard\u2122 es a la vez moderna y funcional. Su pr\u00e1ctico cierre de cremallera facilita el acceso a las gafas y las mantiene seguras. Su dise\u00f1o ligero y port\u00e1til la hace perfecta para llevarla siempre encima, ya que cabe sin esfuerzo en bolsos, carteras o mochilas.<\/span><\/p>\n<p><span style=\"font-size: 140%;\">Caracter\u00edsticas principales:<\/span><\/p>\n<ul>\n<li><span style=\"font-size: 140%;\"><strong>Protecci\u00f3n Premium:<\/strong> La construcci\u00f3n de EVA de alta calidad protege contra impactos y ara\u00f1azos.<\/span><\/li>\n<li><span style=\"font-size: 140%;\"><strong>Ajuste vers\u00e1til:<\/strong> Adecuado para gafas de sol deportivas, gafas de lectura y mucho m\u00e1s.<\/span><\/li>\n<li><span style=\"font-size: 140%;\"><strong>Dise\u00f1o elegante:<\/strong> Elegante exterior negro con una est\u00e9tica moderna y bonita.<\/span><\/li>\n<li><span style=\"font-size: 140%;\"><strong>Comodidad port\u00e1til:<\/strong> Tama\u00f1o compacto (aprox. 16 x 8,5 x 6,5 cm) para facilitar su transporte y almacenamiento.<\/span><\/li>\n<li><span style=\"font-size: 140%;\"><strong>Cierre seguro:<\/strong> La cremallera duradera mantiene sus gafas seguras y accesibles.<\/span><\/li>\n<\/ul>\n<p><span style=\"font-size: 140%;\">El paquete incluye: 1x Estuche r\u00edgido para gafas de sol SleekGuard\u2122.<\/span><\/p>\n<p><span style=\"font-size: 140%;\">Garantiza la seguridad y el estilo de tus gafas con la funda r\u00edgida para gafas de sol SleekGuard\u2122, \u00a1donde la durabilidad se une al dise\u00f1o!<\/span><\/p>\n<div class=\"detailmodule_html\">\n<div class=\"detail-desc-decorate-richtext\">\n<div class=\"detailmodule_html\">\n<div class=\"detail-desc-decorate-richtext\">\n<div class=\"detailmodule_html\">\n<div class=\"detail-desc-decorate-richtext\">\n<div class=\"detailmodule_html\">\n<div class=\"detail-desc-decorate-richtext\">\n<div class=\"detailmodule_html\">\n<div class=\"detail-desc-decorate-richtext\">\n<p><img decoding=\"async\" style=\"width: 800px;\" src=\"https:\/\/ae01.alicdn.com\/kf\/Se09f7b7b82fc4f2fa22a746f2181ebdbC.jpg\" width=\"800px\" \/><\/p>\n<p><img decoding=\"async\" style=\"width: 800px;\" src=\"https:\/\/ae01.alicdn.com\/kf\/S916569e90806475fb146807af709cbd8B.jpg\" width=\"800px\" \/><\/p>\n<p><img decoding=\"async\" style=\"width: 800px;\" src=\"https:\/\/ae01.alicdn.com\/kf\/S0fcfbbd0fc434dca90ea578b876130ff9.jpg\" width=\"800px\" \/><\/p>\n<p><img decoding=\"async\" style=\"width: 800px;\" src=\"https:\/\/ae01.alicdn.com\/kf\/Sf7c999ab9b924ff28a1fa0be20ec59c06.jpg\" width=\"800px\" \/><\/p>\n<p><img decoding=\"async\" style=\"width: 800px;\" src=\"https:\/\/ae01.alicdn.com\/kf\/S4496084b5c854ef491dc0987503e39af8.jpg\" width=\"800px\" \/><\/p>\n<p><img decoding=\"async\" style=\"width: 800px;\" src=\"https:\/\/ae01.alicdn.com\/kf\/S988086e7acb44f4f84c570d8ec237a6fK.jpg\" width=\"800px\" \/><\/p>\n<p><img decoding=\"async\" style=\"width: 800px;\" src=\"https:\/\/ae01.alicdn.com\/kf\/Se09f7b7b82fc4f2fa22a746f2181ebdbC.jpg\" width=\"800px\" \/><\/p>\n<p><img decoding=\"async\" style=\"width: 800px;\" src=\"https:\/\/ae01.alicdn.com\/kf\/Sa6e50983d94f478492bfeda311300ff4V.jpg\" width=\"800px\" \/><\/p>\n<p><img decoding=\"async\" style=\"width: 800px;\" src=\"https:\/\/ae01.alicdn.com\/kf\/S9cd3f7b9a48a438886784826a9ee1b21j.jpg\" width=\"800px\" \/><\/p>\n<p><img decoding=\"async\" style=\"width: 800px;\" src=\"https:\/\/ae01.alicdn.com\/kf\/S9f35ab5649f542f9b2a8f0708865b0599.jpg\" width=\"800px\" \/><\/p>\n<p><img decoding=\"async\" style=\"width: 800px;\" src=\"https:\/\/ae01.alicdn.com\/kf\/S258f3c2d08324303943116e4039cd1b3k.jpg\" width=\"800px\" \/><\/p>\n<p><img decoding=\"async\" style=\"width: 800px;\" src=\"https:\/\/ae01.alicdn.com\/kf\/Sfe9f8b6e9453492e922f6c7c0818e4df1.jpg\" width=\"800px\" \/><\/p>\n<p><img decoding=\"async\" style=\"width: 800px;\" src=\"https:\/\/ae01.alicdn.com\/kf\/S6f5e04b5da924a148a29e52a65bccc68F.jpg\" width=\"800px\" \/><\/p>\n<p><img decoding=\"async\" style=\"width: 800px;\" src=\"https:\/\/ae01.alicdn.com\/kf\/S40108f91664c469fa1fa2de98fb5104ao.jpg\" width=\"800px\" \/><\/p>\n<p>&nbsp;<\/p>\n<\/div>\n<\/div>\n<\/div>\n<\/div>\n<\/div>\n<\/div>\n<\/div>\n<\/div>\n<\/div>\n<\/div>","protected":false},"excerpt":{"rendered":"<ul>\n<li><strong>\ud83d\udd12 M\u00e1xima protecci\u00f3n:<\/strong> El resistente material EVA garantiza que sus gafas de sol est\u00e9n a salvo de ara\u00f1azos, abolladuras e impactos.<\/li>\n<li><strong>\ud83c\udf1f Elegante y port\u00e1til:<\/strong> Dise\u00f1o elegante en negro con un bonito estilo compacto que cabe sin esfuerzo en cualquier bolso para llevarla c\u00f3modamente.<\/li>\n<\/ul>","protected":false},"featured_media":159600,"comment_status":"open","ping_status":"closed","template":"","meta":[],"product_brand":[],"product_cat":[71,672],"product_tag":[900,899],"class_list":{"0":"post-159599","1":"product","2":"type-product","3":"status-publish","4":"has-post-thumbnail","6":"product_cat-accessories","7":"product_cat-sunglasses","8":"product_tag-hard-shell","9":"product_tag-sunglasses-case","11":"first","12":"instock","13":"taxable","14":"shipping-taxable","15":"purchasable","16":"product-type-simple"},"yoast_head":"<!-- This site is optimized with the Yoast SEO plugin v27.4 - https:\/\/yoast.com\/product\/yoast-seo-wordpress\/ -->\n<title>SleekGuard\u2122 Hard Sunglass Case - Black | Stylish, Portable, and Durable EVA Zipper Box for Sports Sunglasses - Grizzly Adam<\/title>\n<meta name=\"description\" content=\"Protect your sunglasses in style with the SleekGuard\u2122 Hard Sunglass Case. This durable, EVA zipper case is designed for ultimate protection and portability, perfect for sports sunglasses and more. Shop now!\" \/>\n<meta name=\"robots\" content=\"index, follow, max-snippet:-1, max-image-preview:large, max-video-preview:-1\" \/>\n<link rel=\"canonical\" href=\"https:\/\/grizzlyadam.co.uk\/es\/producto\/sleekguard-hard-sunglass-case-black-stylish-portable-and-durable-eva-zipper-box-for-sports-sunglasses\/\" \/>\n<meta property=\"og:locale\" content=\"es_ES\" \/>\n<meta property=\"og:type\" content=\"article\" \/>\n<meta property=\"og:title\" content=\"SleekGuard\u2122 Hard Sunglass Case - Black | Stylish, Portable, and Durable EVA Zipper Box for Sports Sunglasses - Grizzly Adam\" \/>\n<meta property=\"og:description\" content=\"Protect your sunglasses in style with the SleekGuard\u2122 Hard Sunglass Case. This durable, EVA zipper case is designed for ultimate protection and portability, perfect for sports sunglasses and more. Shop now!\" \/>\n<meta property=\"og:url\" content=\"https:\/\/grizzlyadam.co.uk\/es\/producto\/sleekguard-hard-sunglass-case-black-stylish-portable-and-durable-eva-zipper-box-for-sports-sunglasses\/\" \/>\n<meta property=\"og:site_name\" content=\"Grizzly Adam\" \/>\n<meta property=\"article:publisher\" content=\"https:\/\/www.facebook.com\/grizzlyadamuk\" \/>\n<meta property=\"article:modified_time\" content=\"2026-04-07T14:35:56+00:00\" \/>\n<meta property=\"og:image\" content=\"https:\/\/project1-mke5mv4jgx.live-website.com\/wp-content\/uploads\/2024\/06\/kf-Sbd1ed49d3f17451383881dccf9582fccl-1Pc-Black-Portable-Cute-Style-Hard-Zipper-Case-Box-Glasses-Eye-Glasses-Sunglass-Bag.webp\" \/>\n\t<meta property=\"og:image:width\" content=\"800\" \/>\n\t<meta property=\"og:image:height\" content=\"800\" \/>\n\t<meta property=\"og:image:type\" content=\"image\/webp\" \/>\n<meta name=\"twitter:card\" content=\"summary_large_image\" \/>\n<meta name=\"twitter:site\" content=\"@grizzlyadamuk\" \/>\n<meta name=\"twitter:label1\" content=\"Tiempo de lectura\" \/>\n\t<meta name=\"twitter:data1\" content=\"4 minutos\" \/>\n<script type=\"application\/ld+json\" class=\"yoast-schema-graph\">{\"@context\":\"https:\\\/\\\/schema.org\",\"@graph\":[{\"@type\":\"WebPage\",\"@id\":\"https:\\\/\\\/grizzlyadam.co.uk\\\/product\\\/sleekguard-hard-sunglass-case-black-stylish-portable-and-durable-eva-zipper-box-for-sports-sunglasses\\\/\",\"url\":\"https:\\\/\\\/grizzlyadam.co.uk\\\/product\\\/sleekguard-hard-sunglass-case-black-stylish-portable-and-durable-eva-zipper-box-for-sports-sunglasses\\\/\",\"name\":\"SleekGuard\u2122 Hard Sunglass Case - Black | Stylish, Portable, and Durable EVA Zipper Box for Sports Sunglasses - Grizzly Adam\",\"isPartOf\":{\"@id\":\"https:\\\/\\\/project1-mke5mv4jgx.live-website.com\\\/#website\"},\"primaryImageOfPage\":{\"@id\":\"https:\\\/\\\/grizzlyadam.co.uk\\\/product\\\/sleekguard-hard-sunglass-case-black-stylish-portable-and-durable-eva-zipper-box-for-sports-sunglasses\\\/#primaryimage\"},\"image\":{\"@id\":\"https:\\\/\\\/grizzlyadam.co.uk\\\/product\\\/sleekguard-hard-sunglass-case-black-stylish-portable-and-durable-eva-zipper-box-for-sports-sunglasses\\\/#primaryimage\"},\"thumbnailUrl\":\"https:\\\/\\\/grizzlyadam.co.uk\\\/wp-content\\\/uploads\\\/2024\\\/06\\\/kf-Sbd1ed49d3f17451383881dccf9582fccl-1Pc-Black-Portable-Cute-Style-Hard-Zipper-Case-Box-Glasses-Eye-Glasses-Sunglass-Bag.webp\",\"datePublished\":\"2024-06-14T06:10:27+00:00\",\"dateModified\":\"2026-04-07T14:35:56+00:00\",\"description\":\"Protect your sunglasses in style with the SleekGuard\u2122 Hard Sunglass Case. This durable, EVA zipper case is designed for ultimate protection and portability, perfect for sports sunglasses and more. Shop now!\",\"breadcrumb\":{\"@id\":\"https:\\\/\\\/grizzlyadam.co.uk\\\/product\\\/sleekguard-hard-sunglass-case-black-stylish-portable-and-durable-eva-zipper-box-for-sports-sunglasses\\\/#breadcrumb\"},\"inLanguage\":\"es\",\"potentialAction\":[{\"@type\":\"ReadAction\",\"target\":[\"https:\\\/\\\/grizzlyadam.co.uk\\\/product\\\/sleekguard-hard-sunglass-case-black-stylish-portable-and-durable-eva-zipper-box-for-sports-sunglasses\\\/\"]}]},{\"@type\":\"ImageObject\",\"inLanguage\":\"es\",\"@id\":\"https:\\\/\\\/grizzlyadam.co.uk\\\/product\\\/sleekguard-hard-sunglass-case-black-stylish-portable-and-durable-eva-zipper-box-for-sports-sunglasses\\\/#primaryimage\",\"url\":\"https:\\\/\\\/grizzlyadam.co.uk\\\/wp-content\\\/uploads\\\/2024\\\/06\\\/kf-Sbd1ed49d3f17451383881dccf9582fccl-1Pc-Black-Portable-Cute-Style-Hard-Zipper-Case-Box-Glasses-Eye-Glasses-Sunglass-Bag.webp\",\"contentUrl\":\"https:\\\/\\\/grizzlyadam.co.uk\\\/wp-content\\\/uploads\\\/2024\\\/06\\\/kf-Sbd1ed49d3f17451383881dccf9582fccl-1Pc-Black-Portable-Cute-Style-Hard-Zipper-Case-Box-Glasses-Eye-Glasses-Sunglass-Bag.webp\",\"width\":800,\"height\":800},{\"@type\":\"BreadcrumbList\",\"@id\":\"https:\\\/\\\/grizzlyadam.co.uk\\\/product\\\/sleekguard-hard-sunglass-case-black-stylish-portable-and-durable-eva-zipper-box-for-sports-sunglasses\\\/#breadcrumb\",\"itemListElement\":[{\"@type\":\"ListItem\",\"position\":1,\"name\":\"Home\",\"item\":\"https:\\\/\\\/grizzlyadam.co.uk\\\/\"},{\"@type\":\"ListItem\",\"position\":2,\"name\":\"Shop\",\"item\":\"https:\\\/\\\/project1-mke5mv4jgx.live-website.com\\\/shop\\\/\"},{\"@type\":\"ListItem\",\"position\":3,\"name\":\"SleekGuard\u2122 Hard Sunglass Case &#8211; Black | Stylish, Portable, and Durable EVA Zipper Box for Sports Sunglasses\"}]},{\"@type\":\"WebSite\",\"@id\":\"https:\\\/\\\/project1-mke5mv4jgx.live-website.com\\\/#website\",\"url\":\"https:\\\/\\\/project1-mke5mv4jgx.live-website.com\\\/\",\"name\":\"Grizzly Adam\",\"description\":\"Beard Oil And Grooming Products For Gentlemen\",\"publisher\":{\"@id\":\"https:\\\/\\\/project1-mke5mv4jgx.live-website.com\\\/#organization\"},\"potentialAction\":[{\"@type\":\"SearchAction\",\"target\":{\"@type\":\"EntryPoint\",\"urlTemplate\":\"https:\\\/\\\/project1-mke5mv4jgx.live-website.com\\\/?s={search_term_string}\"},\"query-input\":{\"@type\":\"PropertyValueSpecification\",\"valueRequired\":true,\"valueName\":\"search_term_string\"}}],\"inLanguage\":\"es\"},{\"@type\":\"Organization\",\"@id\":\"https:\\\/\\\/project1-mke5mv4jgx.live-website.com\\\/#organization\",\"name\":\"GRIZZLY ADAM\",\"url\":\"https:\\\/\\\/project1-mke5mv4jgx.live-website.com\\\/\",\"logo\":{\"@type\":\"ImageObject\",\"inLanguage\":\"es\",\"@id\":\"https:\\\/\\\/project1-mke5mv4jgx.live-website.com\\\/#\\\/schema\\\/logo\\\/image\\\/\",\"url\":\"https:\\\/\\\/grizzlyadam.co.uk\\\/wp-content\\\/uploads\\\/2019\\\/11\\\/gadamlogo.png\",\"contentUrl\":\"https:\\\/\\\/grizzlyadam.co.uk\\\/wp-content\\\/uploads\\\/2019\\\/11\\\/gadamlogo.png\",\"width\":\"200\",\"height\":\"200\",\"caption\":\"GRIZZLY ADAM\"},\"image\":{\"@id\":\"https:\\\/\\\/project1-mke5mv4jgx.live-website.com\\\/#\\\/schema\\\/logo\\\/image\\\/\"},\"sameAs\":[\"https:\\\/\\\/www.facebook.com\\\/grizzlyadamuk\",\"https:\\\/\\\/x.com\\\/grizzlyadamuk\",\"https:\\\/\\\/www.instagram.com\\\/grizzlyadamuk\\\/\"]}]}<\/script>\n<!-- \/ Yoast SEO plugin. -->","yoast_head_json":{"title":"SleekGuard\u2122 Hard Sunglass Case - Black | Stylish, Portable, and Durable EVA Zipper Box for Sports Sunglasses - Grizzly Adam","description":"Protect your sunglasses in style with the SleekGuard\u2122 Hard Sunglass Case. This durable, EVA zipper case is designed for ultimate protection and portability, perfect for sports sunglasses and more. Shop now!","robots":{"index":"index","follow":"follow","max-snippet":"max-snippet:-1","max-image-preview":"max-image-preview:large","max-video-preview":"max-video-preview:-1"},"canonical":"https:\/\/grizzlyadam.co.uk\/es\/producto\/sleekguard-hard-sunglass-case-black-stylish-portable-and-durable-eva-zipper-box-for-sports-sunglasses\/","og_locale":"es_ES","og_type":"article","og_title":"SleekGuard\u2122 Hard Sunglass Case - Black | Stylish, Portable, and Durable EVA Zipper Box for Sports Sunglasses - Grizzly Adam","og_description":"Protect your sunglasses in style with the SleekGuard\u2122 Hard Sunglass Case. This durable, EVA zipper case is designed for ultimate protection and portability, perfect for sports sunglasses and more. Shop now!","og_url":"https:\/\/grizzlyadam.co.uk\/es\/producto\/sleekguard-hard-sunglass-case-black-stylish-portable-and-durable-eva-zipper-box-for-sports-sunglasses\/","og_site_name":"Grizzly Adam","article_publisher":"https:\/\/www.facebook.com\/grizzlyadamuk","article_modified_time":"2026-04-07T14:35:56+00:00","og_image":[{"width":800,"height":800,"url":"https:\/\/project1-mke5mv4jgx.live-website.com\/wp-content\/uploads\/2024\/06\/kf-Sbd1ed49d3f17451383881dccf9582fccl-1Pc-Black-Portable-Cute-Style-Hard-Zipper-Case-Box-Glasses-Eye-Glasses-Sunglass-Bag.webp","type":"image\/webp"}],"twitter_card":"summary_large_image","twitter_site":"@grizzlyadamuk","twitter_misc":{"Tiempo de lectura":"4 minutos"},"schema":{"@context":"https:\/\/schema.org","@graph":[{"@type":"WebPage","@id":"https:\/\/grizzlyadam.co.uk\/product\/sleekguard-hard-sunglass-case-black-stylish-portable-and-durable-eva-zipper-box-for-sports-sunglasses\/","url":"https:\/\/grizzlyadam.co.uk\/product\/sleekguard-hard-sunglass-case-black-stylish-portable-and-durable-eva-zipper-box-for-sports-sunglasses\/","name":"SleekGuard\u2122 Hard Sunglass Case - Black | Stylish, Portable, and Durable EVA Zipper Box for Sports Sunglasses - Grizzly Adam","isPartOf":{"@id":"https:\/\/project1-mke5mv4jgx.live-website.com\/#website"},"primaryImageOfPage":{"@id":"https:\/\/grizzlyadam.co.uk\/product\/sleekguard-hard-sunglass-case-black-stylish-portable-and-durable-eva-zipper-box-for-sports-sunglasses\/#primaryimage"},"image":{"@id":"https:\/\/grizzlyadam.co.uk\/product\/sleekguard-hard-sunglass-case-black-stylish-portable-and-durable-eva-zipper-box-for-sports-sunglasses\/#primaryimage"},"thumbnailUrl":"https:\/\/grizzlyadam.co.uk\/wp-content\/uploads\/2024\/06\/kf-Sbd1ed49d3f17451383881dccf9582fccl-1Pc-Black-Portable-Cute-Style-Hard-Zipper-Case-Box-Glasses-Eye-Glasses-Sunglass-Bag.webp","datePublished":"2024-06-14T06:10:27+00:00","dateModified":"2026-04-07T14:35:56+00:00","description":"Protect your sunglasses in style with the SleekGuard\u2122 Hard Sunglass Case. This durable, EVA zipper case is designed for ultimate protection and portability, perfect for sports sunglasses and more. Shop now!","breadcrumb":{"@id":"https:\/\/grizzlyadam.co.uk\/product\/sleekguard-hard-sunglass-case-black-stylish-portable-and-durable-eva-zipper-box-for-sports-sunglasses\/#breadcrumb"},"inLanguage":"es","potentialAction":[{"@type":"ReadAction","target":["https:\/\/grizzlyadam.co.uk\/product\/sleekguard-hard-sunglass-case-black-stylish-portable-and-durable-eva-zipper-box-for-sports-sunglasses\/"]}]},{"@type":"ImageObject","inLanguage":"es","@id":"https:\/\/grizzlyadam.co.uk\/product\/sleekguard-hard-sunglass-case-black-stylish-portable-and-durable-eva-zipper-box-for-sports-sunglasses\/#primaryimage","url":"https:\/\/grizzlyadam.co.uk\/wp-content\/uploads\/2024\/06\/kf-Sbd1ed49d3f17451383881dccf9582fccl-1Pc-Black-Portable-Cute-Style-Hard-Zipper-Case-Box-Glasses-Eye-Glasses-Sunglass-Bag.webp","contentUrl":"https:\/\/grizzlyadam.co.uk\/wp-content\/uploads\/2024\/06\/kf-Sbd1ed49d3f17451383881dccf9582fccl-1Pc-Black-Portable-Cute-Style-Hard-Zipper-Case-Box-Glasses-Eye-Glasses-Sunglass-Bag.webp","width":800,"height":800},{"@type":"BreadcrumbList","@id":"https:\/\/grizzlyadam.co.uk\/product\/sleekguard-hard-sunglass-case-black-stylish-portable-and-durable-eva-zipper-box-for-sports-sunglasses\/#breadcrumb","itemListElement":[{"@type":"ListItem","position":1,"name":"Home","item":"https:\/\/grizzlyadam.co.uk\/"},{"@type":"ListItem","position":2,"name":"Shop","item":"https:\/\/project1-mke5mv4jgx.live-website.com\/shop\/"},{"@type":"ListItem","position":3,"name":"SleekGuard\u2122 Hard Sunglass Case &#8211; Black | Stylish, Portable, and Durable EVA Zipper Box for Sports Sunglasses"}]},{"@type":"WebSite","@id":"https:\/\/project1-mke5mv4jgx.live-website.com\/#website","url":"https:\/\/project1-mke5mv4jgx.live-website.com\/","name":"Grizzly Adam","description":"Aceite para barba y productos de aseo para caballeros","publisher":{"@id":"https:\/\/project1-mke5mv4jgx.live-website.com\/#organization"},"potentialAction":[{"@type":"SearchAction","target":{"@type":"EntryPoint","urlTemplate":"https:\/\/project1-mke5mv4jgx.live-website.com\/?s={search_term_string}"},"query-input":{"@type":"PropertyValueSpecification","valueRequired":true,"valueName":"search_term_string"}}],"inLanguage":"es"},{"@type":"Organization","@id":"https:\/\/project1-mke5mv4jgx.live-website.com\/#organization","name":"GRIZZLY ADAM","url":"https:\/\/project1-mke5mv4jgx.live-website.com\/","logo":{"@type":"ImageObject","inLanguage":"es","@id":"https:\/\/project1-mke5mv4jgx.live-website.com\/#\/schema\/logo\/image\/","url":"https:\/\/grizzlyadam.co.uk\/wp-content\/uploads\/2019\/11\/gadamlogo.png","contentUrl":"https:\/\/grizzlyadam.co.uk\/wp-content\/uploads\/2019\/11\/gadamlogo.png","width":"200","height":"200","caption":"GRIZZLY ADAM"},"image":{"@id":"https:\/\/project1-mke5mv4jgx.live-website.com\/#\/schema\/logo\/image\/"},"sameAs":["https:\/\/www.facebook.com\/grizzlyadamuk","https:\/\/x.com\/grizzlyadamuk","https:\/\/www.instagram.com\/grizzlyadamuk\/"]}]}},"df_price":7.95,"df_sale_price":"","df_regular_price":7.95,"df_image_link":"https:\/\/grizzlyadam.co.uk\/wp-content\/uploads\/2024\/06\/kf-Sbd1ed49d3f17451383881dccf9582fccl-1Pc-Black-Portable-Cute-Style-Hard-Zipper-Case-Box-Glasses-Eye-Glasses-Sunglass-Bag-300x300.webp","_links":{"self":[{"href":"https:\/\/grizzlyadam.co.uk\/es\/wp-json\/wp\/v2\/product\/159599","targetHints":{"allow":["GET"]}}],"collection":[{"href":"https:\/\/grizzlyadam.co.uk\/es\/wp-json\/wp\/v2\/product"}],"about":[{"href":"https:\/\/grizzlyadam.co.uk\/es\/wp-json\/wp\/v2\/types\/product"}],"replies":[{"embeddable":true,"href":"https:\/\/grizzlyadam.co.uk\/es\/wp-json\/wp\/v2\/comments?post=159599"}],"wp:featuredmedia":[{"embeddable":true,"href":"https:\/\/grizzlyadam.co.uk\/es\/wp-json\/wp\/v2\/media\/159600"}],"wp:attachment":[{"href":"https:\/\/grizzlyadam.co.uk\/es\/wp-json\/wp\/v2\/media?parent=159599"}],"wp:term":[{"taxonomy":"product_brand","embeddable":true,"href":"https:\/\/grizzlyadam.co.uk\/es\/wp-json\/wp\/v2\/product_brand?post=159599"},{"taxonomy":"product_cat","embeddable":true,"href":"https:\/\/grizzlyadam.co.uk\/es\/wp-json\/wp\/v2\/product_cat?post=159599"},{"taxonomy":"product_tag","embeddable":true,"href":"https:\/\/grizzlyadam.co.uk\/es\/wp-json\/wp\/v2\/product_tag?post=159599"}],"curies":[{"name":"wp","href":"https:\/\/api.w.org\/{rel}","templated":true}]}}