{"id":158742,"date":"2024-05-16T08:20:54","date_gmt":"2024-05-16T07:20:54","guid":{"rendered":"https:\/\/grizzlyadam.co.uk\/product\/luxury-quartz-mens-wristwatch-with-diamond-roman-scale-display-waterproof-designer-mens-wristwatch-with-stainless-steel-bracelet\/"},"modified":"2026-04-10T10:12:37","modified_gmt":"2026-04-10T09:12:37","slug":"luxury-quartz-mens-wristwatch-with-diamond-roman-scale-display-waterproof-designer-mens-wristwatch-with-stainless-steel-bracelet","status":"publish","type":"product","link":"https:\/\/grizzlyadam.co.uk\/es\/producto\/luxury-quartz-mens-wristwatch-with-diamond-roman-scale-display-waterproof-designer-mens-wristwatch-with-stainless-steel-bracelet\/","title":{"rendered":"Lujoso reloj de pulsera de cuarzo para hombre con pantalla romana de diamantes, reloj de pulsera de dise\u00f1o impermeable para hombre con pulsera de acero inoxidable"},"content":{"rendered":"<div class=\"product-specs-list-container\">\n<p>Eleve su estilo con el reloj de pulsera OLEVS Luxury Quartz para hombre, una audaz declaraci\u00f3n de sofisticaci\u00f3n y funcionalidad. Con una esfera redonda cl\u00e1sica con escala romana de diamantes, este reloj combina a la perfecci\u00f3n el lujo con la moda, por lo que es un accesorio codiciado para la colecci\u00f3n de cualquier hombre.<\/p>\n<p>Fabricado con precisi\u00f3n, este reloj cuenta con un movimiento de cuarzo importado que garantiza un cronometraje preciso y estable en todas sus actividades. La construcci\u00f3n de acero inoxidable no s\u00f3lo a\u00f1ade durabilidad, sino que tambi\u00e9n proporciona protecci\u00f3n contra ara\u00f1azos y \u00f3xido, garantizando una elegancia duradera.<\/p>\n<p>Dise\u00f1ado para mayor comodidad, el cierre oculto permite llevarlo de forma f\u00e1cil y c\u00f3moda, mientras que la herramienta gratuita de ajuste del brazalete garantiza un ajuste perfecto para cualquier tama\u00f1o de mu\u00f1eca. Con su \u00edndice de impermeabilidad 3ATM, este reloj ofrece una protecci\u00f3n fiable para las actividades diarias, desde lavarse las manos hasta la exposici\u00f3n ocasional al agua.<\/p>\n<p>Ilumine sus noches con las manecillas luminiscentes de alta definici\u00f3n, que absorben la energ\u00eda de la luz para proporcionar una clara visibilidad de la hora incluso en condiciones de poca luz. Adem\u00e1s, disfrute de la ventaja a\u00f1adida del env\u00edo gratuito a todo el mundo en un plazo de 7 a 10 d\u00edas, lo que hace que sea m\u00e1s f\u00e1cil que nunca poseer esta pieza de artesan\u00eda atemporal.<\/p>\n<\/div>\n<div class=\"detailmodule_html\">\n<div class=\"detail-desc-decorate-richtext\">\n<div>\n<div style=\"overflow: hidden; height: 0px;\">modname=ckeditor<\/div>\n<div>\n<p><img decoding=\"async\" src=\"https:\/\/ae01.alicdn.com\/kf\/S22d030f3d3ce492ebe7231a8d9106f77z.jpg\" \/><img decoding=\"async\" src=\"https:\/\/ae01.alicdn.com\/kf\/S1f3c02df55da4259a3e1ee55f67d24c35.jpg\" \/><img decoding=\"async\" src=\"https:\/\/ae01.alicdn.com\/kf\/S2a3f1c6dcb8144b4b81281f695c9b76ev.jpg\" \/><img decoding=\"async\" src=\"https:\/\/ae01.alicdn.com\/kf\/Sf575e8c165954a4cb7e206dcdd004336p.jpg\" \/><img decoding=\"async\" src=\"https:\/\/ae01.alicdn.com\/kf\/S70692373ee434667aa34dedd6454a983H.jpg\" \/><img decoding=\"async\" src=\"https:\/\/ae01.alicdn.com\/kf\/S7069f5fdd637432bbfce329aab32276be.jpg\" \/><img decoding=\"async\" src=\"https:\/\/ae01.alicdn.com\/kf\/Scd6d3d0edf6d48c8bb36d99a4562a864e.jpg\" \/><img decoding=\"async\" src=\"https:\/\/ae01.alicdn.com\/kf\/S3e8086622b634355b32ef1d7820e2d8b3.jpg\" \/><img decoding=\"async\" src=\"https:\/\/ae01.alicdn.com\/kf\/S211e472b5ff24089b23a445a9179831bi.jpg\" \/><img decoding=\"async\" src=\"https:\/\/ae01.alicdn.com\/kf\/S878fe927b93243109ecef2b3662497996.jpg\" \/><img decoding=\"async\" src=\"https:\/\/ae01.alicdn.com\/kf\/S23322f0bfe9641f9b0434df2649e2896i.jpg\" \/><img decoding=\"async\" src=\"https:\/\/ae01.alicdn.com\/kf\/Sde078a3edc424a96bb4e60f9d87b5a86E.jpg\" \/><img decoding=\"async\" src=\"https:\/\/ae01.alicdn.com\/kf\/Sa8382bf8084644088a294254bff1b815a.jpg\" \/><img decoding=\"async\" src=\"https:\/\/ae01.alicdn.com\/kf\/S6d3657f426464059a6868df3335a43cax.jpg\" \/><\/p>\n<div class=\"product-specs-list-container\">\n<ul class=\"product-specs-list util-clearfix\">\n<li class=\"product-prop line-limit-length\"><span class=\"property-title\">Grosor de la caja:\u00a0<\/span><span class=\"property-desc line-limit-length\">11 mm<\/span><\/li>\n<li class=\"product-prop line-limit-length\"><span class=\"property-title\">Ancho de banda:\u00a0<\/span><span class=\"property-desc line-limit-length\">20 mm<\/span><\/li>\n<li class=\"product-prop line-limit-length\"><span class=\"property-title\">Tipo de material de la banda:\u00a0<\/span><span class=\"property-desc line-limit-length\">ACERO INOXIDABLE<\/span><\/li>\n<li class=\"product-prop line-limit-length\"><span class=\"property-title\">Forma de la caja:\u00a0<\/span><span class=\"property-desc line-limit-length\">Redondo<\/span><\/li>\n<li class=\"product-prop line-limit-length\"><span class=\"property-title\">Tipo de material de la ventana de la esfera:\u00a0<\/span><span class=\"property-desc line-limit-length\">Hardlex<\/span><\/li>\n<li class=\"product-prop line-limit-length\"><span class=\"property-title\">Cajas y estuches Material:\u00a0<\/span><span class=\"property-desc line-limit-length\">Papel<\/span><\/li>\n<li class=\"product-prop line-limit-length\"><span class=\"property-title\">N\u00famero de modelo:\u00a0<\/span><span class=\"property-desc line-limit-length\">9931<\/span><\/li>\n<li class=\"product-prop line-limit-length\"><span class=\"property-title\">Di\u00e1metro de la esfera:\u00a0<\/span><span class=\"property-desc line-limit-length\">41 mm<\/span><\/li>\n<li class=\"product-prop line-limit-length\"><span class=\"property-title\">Caracter\u00edstica:\u00a0<\/span><span class=\"property-desc line-limit-length\">Resistente a los golpes,Luminoso,Fecha autom\u00e1tica,Sumergible<\/span><\/li>\n<li class=\"product-prop line-limit-length\"><span class=\"property-title\">Resistencia al agua Profundidad:\u00a0<\/span><span class=\"property-desc line-limit-length\">3Bar<\/span><\/li>\n<li class=\"product-prop line-limit-length\"><span class=\"property-title\">Tipo de cierre:\u00a0<\/span><span class=\"property-desc line-limit-length\">Cierre oculto<\/span><\/li>\n<li class=\"product-prop line-limit-length\"><span class=\"property-title\">Longitud de la banda:\u00a0<\/span><span class=\"property-desc line-limit-length\">19 cm<\/span><\/li>\n<li class=\"product-prop line-limit-length\"><span class=\"property-title\">Material de la caja:\u00a0<\/span><span class=\"property-desc line-limit-length\">ACERO INOXIDABLE<\/span><\/li>\n<li class=\"product-prop line-limit-length\"><span class=\"property-title\">Movimiento:\u00a0<\/span><span class=\"property-desc line-limit-length\">Cuarzo<\/span><\/li>\n<li class=\"product-prop line-limit-length\"><span class=\"property-title\">Estilo:\u00a0<\/span><span class=\"property-desc line-limit-length\">Lujo<\/span><\/li>\n<li class=\"product-prop line-limit-length\"><span class=\"property-title\">Marca:\u00a0<\/span><span class=\"property-desc line-limit-length\">OLEVS<\/span><\/li>\n<li class=\"product-prop line-limit-length\"><span class=\"property-title\">Origen:\u00a0<\/span><span class=\"property-desc line-limit-length\">China continental<\/span><\/li>\n<li class=\"product-prop line-limit-length\"><span class=\"property-title\">Certificaci\u00f3n:\u00a0<\/span><span class=\"property-desc line-limit-length\">NONE<\/span><\/li>\n<li class=\"product-prop line-limit-length\"><span class=\"property-title\">Tipo de art\u00edculo:\u00a0<\/span><span class=\"property-desc line-limit-length\">Relojes de pulsera de cuarzo<\/span><\/li>\n<\/ul>\n<\/div>\n<\/div>\n<\/div>\n<\/div>\n<\/div>","protected":false},"excerpt":{"rendered":"<ul>\n<li>Dise\u00f1o atrevido y sofisticado con escala romana de diamantes para un aspecto lujoso<\/li>\n<li>El movimiento de cuarzo importado garantiza un cronometraje preciso y estable para tomar decisiones exactas<\/li>\n<li>Construcci\u00f3n duradera de acero inoxidable que evita ara\u00f1azos y \u00f3xido, con un cierre oculto para un uso c\u00f3modo<\/li>\n<\/ul>","protected":false},"featured_media":158743,"comment_status":"open","ping_status":"closed","template":"","meta":[],"product_brand":[],"product_cat":[71,102],"product_tag":[787,785,783,790,789,793,792,780,782,779,781,791,786,788,784],"class_list":{"0":"post-158742","1":"product","2":"type-product","3":"status-publish","4":"has-post-thumbnail","6":"product_cat-accessories","7":"product_cat-apparel","8":"product_tag-classic-design","9":"product_tag-designer","10":"product_tag-diamond-scale-display","11":"product_tag-elegant-watch","12":"product_tag-fashion-accessory","13":"product_tag-gift-idea","14":"product_tag-high-end","15":"product_tag-luxury-watch","16":"product_tag-mens-wristwatch","17":"product_tag-olevs","18":"product_tag-quartz-movement","19":"product_tag-roman-numerals","20":"product_tag-stainless-steel-bracelet","21":"product_tag-timepiece","22":"product_tag-waterproof","23":"pa_color-man-all-black","24":"pa_color-man-all-gold","25":"pa_color-man-gold-blue","26":"pa_color-man-gold-white","27":"pa_color-man-golden-black","28":"pa_color-man-silver-white","29":"pa_color-ms-all-black","30":"pa_color-ms-all-gold","31":"pa_color-ms-gold-blue","32":"pa_color-ms-gold-white","33":"pa_color-ms-golden-black","34":"pa_color-ms-silver-white","36":"first","37":"instock","38":"sale","39":"taxable","40":"shipping-taxable","41":"purchasable","42":"product-type-variable"},"yoast_head":"<!-- This site is optimized with the Yoast SEO plugin v27.2 - https:\/\/yoast.com\/product\/yoast-seo-wordpress\/ -->\n<title>Luxury Quartz Men&#039;s Wristwatch with Diamond Roman Scale Display, Waterproof Designer Men&#039;s Wristwatch with Stainless Steel Bracelet - Grizzly Adam<\/title>\n<meta name=\"description\" content=\"Discover sophistication with OLEVS Luxury Quartz Men&#039;s Wristwatch. Waterproof, designer elegance featuring diamond display and stainless steel bracelet.\" \/>\n<meta name=\"robots\" content=\"index, follow, max-snippet:-1, max-image-preview:large, max-video-preview:-1\" \/>\n<link rel=\"canonical\" href=\"https:\/\/grizzlyadam.co.uk\/es\/producto\/luxury-quartz-mens-wristwatch-with-diamond-roman-scale-display-waterproof-designer-mens-wristwatch-with-stainless-steel-bracelet\/\" \/>\n<meta property=\"og:locale\" content=\"es_ES\" \/>\n<meta property=\"og:type\" content=\"article\" \/>\n<meta property=\"og:title\" content=\"Luxury Quartz Men&#039;s Wristwatch with Diamond Roman Scale Display, Waterproof Designer Men&#039;s Wristwatch with Stainless Steel Bracelet - Grizzly Adam\" \/>\n<meta property=\"og:description\" content=\"Discover sophistication with OLEVS Luxury Quartz Men&#039;s Wristwatch. Waterproof, designer elegance featuring diamond display and stainless steel bracelet.\" \/>\n<meta property=\"og:url\" content=\"https:\/\/grizzlyadam.co.uk\/es\/producto\/luxury-quartz-mens-wristwatch-with-diamond-roman-scale-display-waterproof-designer-mens-wristwatch-with-stainless-steel-bracelet\/\" \/>\n<meta property=\"og:site_name\" content=\"Grizzly Adam\" \/>\n<meta property=\"article:publisher\" content=\"https:\/\/www.facebook.com\/grizzlyadamuk\" \/>\n<meta property=\"article:modified_time\" content=\"2026-04-10T09:12:37+00:00\" \/>\n<meta property=\"og:image\" content=\"https:\/\/project1-mke5mv4jgx.live-website.com\/wp-content\/uploads\/2024\/05\/kf-S0b1f985bb9f64e1187c88ad708fdf3cdh-OLEVS-9931-New-Business-Quartz-Watch-for-Men-Dual-Calendar-Luxury-Diamond-Dial-Waterproof-Stainless-Steel.webp\" \/>\n\t<meta property=\"og:image:width\" content=\"1001\" \/>\n\t<meta property=\"og:image:height\" content=\"1001\" \/>\n\t<meta property=\"og:image:type\" content=\"image\/webp\" \/>\n<meta name=\"twitter:card\" content=\"summary_large_image\" \/>\n<meta name=\"twitter:site\" content=\"@grizzlyadamuk\" \/>\n<meta name=\"twitter:label1\" content=\"Tiempo de lectura\" \/>\n\t<meta name=\"twitter:data1\" content=\"5 minutos\" \/>\n<script type=\"application\/ld+json\" class=\"yoast-schema-graph\">{\"@context\":\"https:\/\/schema.org\",\"@graph\":[{\"@type\":\"WebPage\",\"@id\":\"https:\/\/grizzlyadam.co.uk\/product\/luxury-quartz-mens-wristwatch-with-diamond-roman-scale-display-waterproof-designer-mens-wristwatch-with-stainless-steel-bracelet\/\",\"url\":\"https:\/\/grizzlyadam.co.uk\/product\/luxury-quartz-mens-wristwatch-with-diamond-roman-scale-display-waterproof-designer-mens-wristwatch-with-stainless-steel-bracelet\/\",\"name\":\"Luxury Quartz Men's Wristwatch with Diamond Roman Scale Display, Waterproof Designer Men's Wristwatch with Stainless Steel Bracelet - Grizzly Adam\",\"isPartOf\":{\"@id\":\"https:\/\/project1-mke5mv4jgx.live-website.com\/#website\"},\"primaryImageOfPage\":{\"@id\":\"https:\/\/grizzlyadam.co.uk\/product\/luxury-quartz-mens-wristwatch-with-diamond-roman-scale-display-waterproof-designer-mens-wristwatch-with-stainless-steel-bracelet\/#primaryimage\"},\"image\":{\"@id\":\"https:\/\/grizzlyadam.co.uk\/product\/luxury-quartz-mens-wristwatch-with-diamond-roman-scale-display-waterproof-designer-mens-wristwatch-with-stainless-steel-bracelet\/#primaryimage\"},\"thumbnailUrl\":\"https:\/\/grizzlyadam.co.uk\/wp-content\/uploads\/2024\/05\/kf-S0b1f985bb9f64e1187c88ad708fdf3cdh-OLEVS-9931-New-Business-Quartz-Watch-for-Men-Dual-Calendar-Luxury-Diamond-Dial-Waterproof-Stainless-Steel.webp\",\"datePublished\":\"2024-05-16T07:20:54+00:00\",\"dateModified\":\"2026-04-10T09:12:37+00:00\",\"description\":\"Discover sophistication with OLEVS Luxury Quartz Men's Wristwatch. Waterproof, designer elegance featuring diamond display and stainless steel bracelet.\",\"breadcrumb\":{\"@id\":\"https:\/\/grizzlyadam.co.uk\/product\/luxury-quartz-mens-wristwatch-with-diamond-roman-scale-display-waterproof-designer-mens-wristwatch-with-stainless-steel-bracelet\/#breadcrumb\"},\"inLanguage\":\"es\",\"potentialAction\":[{\"@type\":\"ReadAction\",\"target\":[\"https:\/\/grizzlyadam.co.uk\/product\/luxury-quartz-mens-wristwatch-with-diamond-roman-scale-display-waterproof-designer-mens-wristwatch-with-stainless-steel-bracelet\/\"]}]},{\"@type\":\"ImageObject\",\"inLanguage\":\"es\",\"@id\":\"https:\/\/grizzlyadam.co.uk\/product\/luxury-quartz-mens-wristwatch-with-diamond-roman-scale-display-waterproof-designer-mens-wristwatch-with-stainless-steel-bracelet\/#primaryimage\",\"url\":\"https:\/\/grizzlyadam.co.uk\/wp-content\/uploads\/2024\/05\/kf-S0b1f985bb9f64e1187c88ad708fdf3cdh-OLEVS-9931-New-Business-Quartz-Watch-for-Men-Dual-Calendar-Luxury-Diamond-Dial-Waterproof-Stainless-Steel.webp\",\"contentUrl\":\"https:\/\/grizzlyadam.co.uk\/wp-content\/uploads\/2024\/05\/kf-S0b1f985bb9f64e1187c88ad708fdf3cdh-OLEVS-9931-New-Business-Quartz-Watch-for-Men-Dual-Calendar-Luxury-Diamond-Dial-Waterproof-Stainless-Steel.webp\",\"width\":1001,\"height\":1001},{\"@type\":\"BreadcrumbList\",\"@id\":\"https:\/\/grizzlyadam.co.uk\/product\/luxury-quartz-mens-wristwatch-with-diamond-roman-scale-display-waterproof-designer-mens-wristwatch-with-stainless-steel-bracelet\/#breadcrumb\",\"itemListElement\":[{\"@type\":\"ListItem\",\"position\":1,\"name\":\"Home\",\"item\":\"https:\/\/grizzlyadam.co.uk\/\"},{\"@type\":\"ListItem\",\"position\":2,\"name\":\"Shop\",\"item\":\"https:\/\/project1-mke5mv4jgx.live-website.com\/shop\/\"},{\"@type\":\"ListItem\",\"position\":3,\"name\":\"Luxury Quartz Men&#8217;s Wristwatch with Diamond Roman Scale Display, Waterproof Designer Men&#8217;s Wristwatch with Stainless Steel Bracelet\"}]},{\"@type\":\"WebSite\",\"@id\":\"https:\/\/project1-mke5mv4jgx.live-website.com\/#website\",\"url\":\"https:\/\/project1-mke5mv4jgx.live-website.com\/\",\"name\":\"Grizzly Adam\",\"description\":\"Beard Oil And Grooming Products For Gentlemen\",\"publisher\":{\"@id\":\"https:\/\/project1-mke5mv4jgx.live-website.com\/#organization\"},\"potentialAction\":[{\"@type\":\"SearchAction\",\"target\":{\"@type\":\"EntryPoint\",\"urlTemplate\":\"https:\/\/project1-mke5mv4jgx.live-website.com\/?s={search_term_string}\"},\"query-input\":{\"@type\":\"PropertyValueSpecification\",\"valueRequired\":true,\"valueName\":\"search_term_string\"}}],\"inLanguage\":\"es\"},{\"@type\":\"Organization\",\"@id\":\"https:\/\/project1-mke5mv4jgx.live-website.com\/#organization\",\"name\":\"GRIZZLY ADAM\",\"url\":\"https:\/\/project1-mke5mv4jgx.live-website.com\/\",\"logo\":{\"@type\":\"ImageObject\",\"inLanguage\":\"es\",\"@id\":\"https:\/\/project1-mke5mv4jgx.live-website.com\/#\/schema\/logo\/image\/\",\"url\":\"https:\/\/grizzlyadam.co.uk\/wp-content\/uploads\/2019\/11\/gadamlogo.png\",\"contentUrl\":\"https:\/\/grizzlyadam.co.uk\/wp-content\/uploads\/2019\/11\/gadamlogo.png\",\"width\":\"200\",\"height\":\"200\",\"caption\":\"GRIZZLY ADAM\"},\"image\":{\"@id\":\"https:\/\/project1-mke5mv4jgx.live-website.com\/#\/schema\/logo\/image\/\"},\"sameAs\":[\"https:\/\/www.facebook.com\/grizzlyadamuk\",\"https:\/\/x.com\/grizzlyadamuk\",\"https:\/\/www.instagram.com\/grizzlyadamuk\/\"]}]}<\/script>\n<!-- \/ Yoast SEO plugin. -->","yoast_head_json":{"title":"Luxury Quartz Men's Wristwatch with Diamond Roman Scale Display, Waterproof Designer Men's Wristwatch with Stainless Steel Bracelet - Grizzly Adam","description":"Discover sophistication with OLEVS Luxury Quartz Men's Wristwatch. Waterproof, designer elegance featuring diamond display and stainless steel bracelet.","robots":{"index":"index","follow":"follow","max-snippet":"max-snippet:-1","max-image-preview":"max-image-preview:large","max-video-preview":"max-video-preview:-1"},"canonical":"https:\/\/grizzlyadam.co.uk\/es\/producto\/luxury-quartz-mens-wristwatch-with-diamond-roman-scale-display-waterproof-designer-mens-wristwatch-with-stainless-steel-bracelet\/","og_locale":"es_ES","og_type":"article","og_title":"Luxury Quartz Men's Wristwatch with Diamond Roman Scale Display, Waterproof Designer Men's Wristwatch with Stainless Steel Bracelet - Grizzly Adam","og_description":"Discover sophistication with OLEVS Luxury Quartz Men's Wristwatch. Waterproof, designer elegance featuring diamond display and stainless steel bracelet.","og_url":"https:\/\/grizzlyadam.co.uk\/es\/producto\/luxury-quartz-mens-wristwatch-with-diamond-roman-scale-display-waterproof-designer-mens-wristwatch-with-stainless-steel-bracelet\/","og_site_name":"Grizzly Adam","article_publisher":"https:\/\/www.facebook.com\/grizzlyadamuk","article_modified_time":"2026-04-10T09:12:37+00:00","og_image":[{"width":1001,"height":1001,"url":"https:\/\/project1-mke5mv4jgx.live-website.com\/wp-content\/uploads\/2024\/05\/kf-S0b1f985bb9f64e1187c88ad708fdf3cdh-OLEVS-9931-New-Business-Quartz-Watch-for-Men-Dual-Calendar-Luxury-Diamond-Dial-Waterproof-Stainless-Steel.webp","type":"image\/webp"}],"twitter_card":"summary_large_image","twitter_site":"@grizzlyadamuk","twitter_misc":{"Tiempo de lectura":"5 minutos"},"schema":{"@context":"https:\/\/schema.org","@graph":[{"@type":"WebPage","@id":"https:\/\/grizzlyadam.co.uk\/product\/luxury-quartz-mens-wristwatch-with-diamond-roman-scale-display-waterproof-designer-mens-wristwatch-with-stainless-steel-bracelet\/","url":"https:\/\/grizzlyadam.co.uk\/product\/luxury-quartz-mens-wristwatch-with-diamond-roman-scale-display-waterproof-designer-mens-wristwatch-with-stainless-steel-bracelet\/","name":"Luxury Quartz Men's Wristwatch with Diamond Roman Scale Display, Waterproof Designer Men's Wristwatch with Stainless Steel Bracelet - Grizzly Adam","isPartOf":{"@id":"https:\/\/project1-mke5mv4jgx.live-website.com\/#website"},"primaryImageOfPage":{"@id":"https:\/\/grizzlyadam.co.uk\/product\/luxury-quartz-mens-wristwatch-with-diamond-roman-scale-display-waterproof-designer-mens-wristwatch-with-stainless-steel-bracelet\/#primaryimage"},"image":{"@id":"https:\/\/grizzlyadam.co.uk\/product\/luxury-quartz-mens-wristwatch-with-diamond-roman-scale-display-waterproof-designer-mens-wristwatch-with-stainless-steel-bracelet\/#primaryimage"},"thumbnailUrl":"https:\/\/grizzlyadam.co.uk\/wp-content\/uploads\/2024\/05\/kf-S0b1f985bb9f64e1187c88ad708fdf3cdh-OLEVS-9931-New-Business-Quartz-Watch-for-Men-Dual-Calendar-Luxury-Diamond-Dial-Waterproof-Stainless-Steel.webp","datePublished":"2024-05-16T07:20:54+00:00","dateModified":"2026-04-10T09:12:37+00:00","description":"Discover sophistication with OLEVS Luxury Quartz Men's Wristwatch. Waterproof, designer elegance featuring diamond display and stainless steel bracelet.","breadcrumb":{"@id":"https:\/\/grizzlyadam.co.uk\/product\/luxury-quartz-mens-wristwatch-with-diamond-roman-scale-display-waterproof-designer-mens-wristwatch-with-stainless-steel-bracelet\/#breadcrumb"},"inLanguage":"es","potentialAction":[{"@type":"ReadAction","target":["https:\/\/grizzlyadam.co.uk\/product\/luxury-quartz-mens-wristwatch-with-diamond-roman-scale-display-waterproof-designer-mens-wristwatch-with-stainless-steel-bracelet\/"]}]},{"@type":"ImageObject","inLanguage":"es","@id":"https:\/\/grizzlyadam.co.uk\/product\/luxury-quartz-mens-wristwatch-with-diamond-roman-scale-display-waterproof-designer-mens-wristwatch-with-stainless-steel-bracelet\/#primaryimage","url":"https:\/\/grizzlyadam.co.uk\/wp-content\/uploads\/2024\/05\/kf-S0b1f985bb9f64e1187c88ad708fdf3cdh-OLEVS-9931-New-Business-Quartz-Watch-for-Men-Dual-Calendar-Luxury-Diamond-Dial-Waterproof-Stainless-Steel.webp","contentUrl":"https:\/\/grizzlyadam.co.uk\/wp-content\/uploads\/2024\/05\/kf-S0b1f985bb9f64e1187c88ad708fdf3cdh-OLEVS-9931-New-Business-Quartz-Watch-for-Men-Dual-Calendar-Luxury-Diamond-Dial-Waterproof-Stainless-Steel.webp","width":1001,"height":1001},{"@type":"BreadcrumbList","@id":"https:\/\/grizzlyadam.co.uk\/product\/luxury-quartz-mens-wristwatch-with-diamond-roman-scale-display-waterproof-designer-mens-wristwatch-with-stainless-steel-bracelet\/#breadcrumb","itemListElement":[{"@type":"ListItem","position":1,"name":"Home","item":"https:\/\/grizzlyadam.co.uk\/"},{"@type":"ListItem","position":2,"name":"Shop","item":"https:\/\/project1-mke5mv4jgx.live-website.com\/shop\/"},{"@type":"ListItem","position":3,"name":"Luxury Quartz Men&#8217;s Wristwatch with Diamond Roman Scale Display, Waterproof Designer Men&#8217;s Wristwatch with Stainless Steel Bracelet"}]},{"@type":"WebSite","@id":"https:\/\/project1-mke5mv4jgx.live-website.com\/#website","url":"https:\/\/project1-mke5mv4jgx.live-website.com\/","name":"Grizzly Adam","description":"Aceite para barba y productos de aseo para caballeros","publisher":{"@id":"https:\/\/project1-mke5mv4jgx.live-website.com\/#organization"},"potentialAction":[{"@type":"SearchAction","target":{"@type":"EntryPoint","urlTemplate":"https:\/\/project1-mke5mv4jgx.live-website.com\/?s={search_term_string}"},"query-input":{"@type":"PropertyValueSpecification","valueRequired":true,"valueName":"search_term_string"}}],"inLanguage":"es"},{"@type":"Organization","@id":"https:\/\/project1-mke5mv4jgx.live-website.com\/#organization","name":"GRIZZLY ADAM","url":"https:\/\/project1-mke5mv4jgx.live-website.com\/","logo":{"@type":"ImageObject","inLanguage":"es","@id":"https:\/\/project1-mke5mv4jgx.live-website.com\/#\/schema\/logo\/image\/","url":"https:\/\/grizzlyadam.co.uk\/wp-content\/uploads\/2019\/11\/gadamlogo.png","contentUrl":"https:\/\/grizzlyadam.co.uk\/wp-content\/uploads\/2019\/11\/gadamlogo.png","width":"200","height":"200","caption":"GRIZZLY ADAM"},"image":{"@id":"https:\/\/project1-mke5mv4jgx.live-website.com\/#\/schema\/logo\/image\/"},"sameAs":["https:\/\/www.facebook.com\/grizzlyadamuk","https:\/\/x.com\/grizzlyadamuk","https:\/\/www.instagram.com\/grizzlyadamuk\/"]}]}},"df_price":43.99,"df_sale_price":"","df_regular_price":43.99,"df_image_link":"https:\/\/grizzlyadam.co.uk\/wp-content\/uploads\/2024\/05\/kf-S0b1f985bb9f64e1187c88ad708fdf3cdh-OLEVS-9931-New-Business-Quartz-Watch-for-Men-Dual-Calendar-Luxury-Diamond-Dial-Waterproof-Stainless-Steel-300x300.webp","_links":{"self":[{"href":"https:\/\/grizzlyadam.co.uk\/es\/wp-json\/wp\/v2\/product\/158742","targetHints":{"allow":["GET"]}}],"collection":[{"href":"https:\/\/grizzlyadam.co.uk\/es\/wp-json\/wp\/v2\/product"}],"about":[{"href":"https:\/\/grizzlyadam.co.uk\/es\/wp-json\/wp\/v2\/types\/product"}],"replies":[{"embeddable":true,"href":"https:\/\/grizzlyadam.co.uk\/es\/wp-json\/wp\/v2\/comments?post=158742"}],"wp:featuredmedia":[{"embeddable":true,"href":"https:\/\/grizzlyadam.co.uk\/es\/wp-json\/wp\/v2\/media\/158743"}],"wp:attachment":[{"href":"https:\/\/grizzlyadam.co.uk\/es\/wp-json\/wp\/v2\/media?parent=158742"}],"wp:term":[{"taxonomy":"product_brand","embeddable":true,"href":"https:\/\/grizzlyadam.co.uk\/es\/wp-json\/wp\/v2\/product_brand?post=158742"},{"taxonomy":"product_cat","embeddable":true,"href":"https:\/\/grizzlyadam.co.uk\/es\/wp-json\/wp\/v2\/product_cat?post=158742"},{"taxonomy":"product_tag","embeddable":true,"href":"https:\/\/grizzlyadam.co.uk\/es\/wp-json\/wp\/v2\/product_tag?post=158742"}],"curies":[{"name":"wp","href":"https:\/\/api.w.org\/{rel}","templated":true}]}}