{"id":158205,"date":"2024-04-14T12:33:30","date_gmt":"2024-04-14T11:33:30","guid":{"rendered":"https:\/\/grizzlyadam.co.uk\/product\/best-new-polarized-men-sunglasses-classic-metal-frame-with-mirror-lens-perfect-for-driving\/"},"modified":"2026-04-22T10:11:02","modified_gmt":"2026-04-22T09:11:02","slug":"best-new-polarized-men-sunglasses-classic-metal-frame-with-mirror-lens-perfect-for-driving","status":"publish","type":"product","link":"https:\/\/grizzlyadam.co.uk\/es\/producto\/best-new-polarized-men-sunglasses-classic-metal-frame-with-mirror-lens-perfect-for-driving\/","title":{"rendered":"Las Mejores Gafas de Sol Polarizadas para Hombre: Montura met\u00e1lica cl\u00e1sica con lente de espejo - Perfectas para conducir"},"content":{"rendered":"<p>Con la \u00faltima innovaci\u00f3n en tecnolog\u00eda de gafas de MuseLife, nuestras nuevas gafas de sol polarizadas para hombre redefinen el estilo, la comodidad y la funcionalidad. Fabricadas con precisi\u00f3n y experiencia, estas gafas de sol est\u00e1n dise\u00f1adas para elevar sus experiencias al aire libre al tiempo que garantiza la m\u00e1xima protecci\u00f3n para sus ojos.<\/p>\n<p><strong>Especificaciones t\u00e9cnicas:<\/strong><\/p>\n<ul>\n<li>Anchura de la lente: 65MM<\/li>\n<li>Altura de la lente: 52MM<\/li>\n<li>Material de las lentes: Polaroid<\/li>\n<li>Material del marco: Aleaci\u00f3n<\/li>\n<li>Lentes Atributo \u00d3ptico: Polarizada, Espejo, Antirreflejante, UV400<\/li>\n<li>Estilo: Sin montura<\/li>\n<li>Marca: MuseLife<\/li>\n<li>Origen: China continental<\/li>\n<li>Certificaci\u00f3n: CE<\/li>\n<li>Almohadillas nasales: Almohadillas nasales de silicona blanda, que proporcionan una comodidad superior y se adaptan a diversas formas de nariz.<\/li>\n<li>Caracter\u00edsticas de la montura: Montura de aleaci\u00f3n met\u00e1lica, que combina durabilidad y comodidad con estilo<\/li>\n<li>Funci\u00f3n: Protecci\u00f3n UV400, antideslumbrante, antiv\u00e9rtigo, lentes polarizadas<\/li>\n<\/ul>\n<p><strong>Uso vers\u00e1til:<\/strong> Nuestras gafas de sol est\u00e1n dise\u00f1adas para el aventurero moderno, adecuadas para una amplia gama de actividades, como deportes, conducci\u00f3n, pesca, vacaciones, negocios e incluso fiestas. Sea cual sea la ocasi\u00f3n, estas gafas de sol le cubrir\u00e1n.<\/p>\n<p><strong>Adecuado para todas las formas de cara:<\/strong> Tanto si tiene la cara redonda como alargada, cuadrada u ovalada, nuestras gafas de sol est\u00e1n dise\u00f1adas para complementar sus rasgos \u00fanicos, garantizando un ajuste perfecto y un aspecto elegante en todo momento.<\/p>\n<p><strong>Dise\u00f1o elegante:<\/strong> Con su dise\u00f1o sin montura y su elegante montura de aleaci\u00f3n met\u00e1lica, nuestras gafas de sol destilan sofisticaci\u00f3n y estilo. Destaca entre la multitud y marca tendencia all\u00e1 donde vayas.<\/p>\n<p><strong>Tecnolog\u00eda avanzada de lentes:<\/strong> Equipadas con lentes Polaroid, nuestras gafas de sol ofrecen una claridad y una reducci\u00f3n del deslumbramiento superiores, lo que le permite ver el mundo con mayor precisi\u00f3n y viveza. El revestimiento de espejo a\u00f1ade un toque de elegancia a la vez que proporciona una protecci\u00f3n adicional frente a los da\u00f1inos rayos UV.<\/p>\n<p><strong>C\u00f3modo y duradero:<\/strong> Con suaves plaquetas nasales de silicona y una resistente montura de aleaci\u00f3n met\u00e1lica, nuestras gafas de sol no s\u00f3lo son elegantes, sino tambi\u00e9n incre\u00edblemente c\u00f3modas de llevar durante largos periodos de tiempo. Disfruta de una comodidad y durabilidad inigualables con MuseLife.<\/p>\n<p><strong>\u00bfPor qu\u00e9 elegir las gafas de sol MuseLife?<\/strong><\/p>\n<ul>\n<li>Marca de confianza: MuseLife se compromete a proporcionar gafas de alta calidad que combinan estilo, funcionalidad y durabilidad.<\/li>\n<li>Protecci\u00f3n superior: Nuestras gafas de sol ofrecen una protecci\u00f3n integral contra los rayos UV, el deslumbramiento y el v\u00e9rtigo, garantizando que sus ojos permanezcan seguros y c\u00f3modos en cualquier entorno.<\/li>\n<li>Uso vers\u00e1til: Ya sea que est\u00e9 saliendo a la carretera, lanzando una l\u00ednea o tomando el sol en vacaciones, nuestras gafas de sol son el compa\u00f1ero perfecto para todas sus aventuras.<\/li>\n<\/ul>\n<p>Mejore sus gafas con las nuevas gafas de sol polarizadas para hombre de MuseLife y experimente la combinaci\u00f3n perfecta de estilo y rendimiento.<\/p>\n<div class=\"detailmodule_html\">\n<div class=\"detail-desc-decorate-richtext\">\n<div class=\"\">\n<div class=\"\">\n<div><img decoding=\"async\" class=\"detail-desc-decorate-image\" src=\"https:\/\/ae01.alicdn.com\/kf\/H0491a143d340447eb9d5d4c43a111f84q.jpg\" \/><\/div>\n<div>\n<p style=\"color: #000000;\">100% Nuevo y de alta calidad<\/p>\n<\/div>\n<div>\n<p style=\"color: #000000;\">Sexo: Hombres<\/p>\n<\/div>\n<div>\n<p style=\"color: #000000;\">Altura de la lente: 5,2CM<\/p>\n<\/div>\n<div>\n<p style=\"color: #000000;\">Anchura de la lente: 6,5 CM<\/p>\n<\/div>\n<div>\n<p style=\"color: #000000;\">Estilo: Sin montura<\/p>\n<\/div>\n<div>\n<p style=\"color: #000000;\">Contenido del paquete:1 x Gafas de sol<\/p>\n<\/div>\n<div><a class=\"\" href=\"http:\/\/www.aliexpress.com\/item\/1005003236256682.html\" target=\"_self\" rel=\"noopener\"><img decoding=\"async\" class=\"detail-desc-decorate-image\" src=\"https:\/\/ae01.alicdn.com\/kf\/H5f84942afa0d46e89097c69590b70f31g.jpg\" \/><\/a><br \/>\n<img decoding=\"async\" class=\"detail-desc-decorate-image\" src=\"https:\/\/ae01.alicdn.com\/kf\/H3dc671c196354b879cb9c1cc42ffd684v.jpg\" \/><br \/>\n<img decoding=\"async\" class=\"detail-desc-decorate-image\" src=\"https:\/\/ae01.alicdn.com\/kf\/Hc0f0ea7ba6cd4f438d03342e357254bfM.jpg\" \/><br \/>\n<img decoding=\"async\" class=\"detail-desc-decorate-image\" src=\"https:\/\/ae01.alicdn.com\/kf\/H8354ef829dbc45d690d74d5831363eafV.jpg\" \/><br \/>\n<img decoding=\"async\" class=\"detail-desc-decorate-image\" src=\"https:\/\/ae01.alicdn.com\/kf\/Hbcd9272de595471eae9b6a32d5c1c788f.jpg\" \/><br \/>\n<img decoding=\"async\" class=\"detail-desc-decorate-image\" src=\"https:\/\/ae01.alicdn.com\/kf\/H4aca95e7fe2d41a7a35cb4ef0d673540r.jpg\" \/><br \/>\n<img decoding=\"async\" class=\"detail-desc-decorate-image\" src=\"https:\/\/ae01.alicdn.com\/kf\/H9e4950cfbae34be78d504adbc99914deW.jpg\" \/><br \/>\n<img decoding=\"async\" class=\"detail-desc-decorate-image\" src=\"https:\/\/ae01.alicdn.com\/kf\/Hd56ccf556e5a4c408f890246cb630e35z.jpg\" \/><br \/>\n<img decoding=\"async\" class=\"detail-desc-decorate-image\" src=\"https:\/\/ae01.alicdn.com\/kf\/He1a9d27e47ef4cbe8c394b7bbb05672an.jpg\" \/><\/div>\n<div><img decoding=\"async\" class=\"detail-desc-decorate-image\" src=\"https:\/\/ae01.alicdn.com\/kf\/Ha63ac6d4ea1f4f82a269c07ba62a6202B.jpg\" \/><br \/>\n<img decoding=\"async\" class=\"detail-desc-decorate-image\" src=\"https:\/\/ae01.alicdn.com\/kf\/H3e2760bb1c874820b9619edc0d920194Y.jpg\" \/><br \/>\n<img decoding=\"async\" class=\"detail-desc-decorate-image\" src=\"https:\/\/ae01.alicdn.com\/kf\/H4f82bc551ddd4237bf20ab2163ee93453.jpg\" \/><br \/>\n<img decoding=\"async\" class=\"detail-desc-decorate-image\" src=\"https:\/\/ae01.alicdn.com\/kf\/H07e616e3e1f348b28732ea58b36d99aam.jpg\" \/><br \/>\n<img decoding=\"async\" class=\"detail-desc-decorate-image\" src=\"https:\/\/ae01.alicdn.com\/kf\/Haebfae6344bd45da8d6bd7d47788d149K.jpg\" \/><br \/>\n<img decoding=\"async\" class=\"detail-desc-decorate-image\" src=\"https:\/\/ae01.alicdn.com\/kf\/H5fba292e40ec4e468c408060dbe61ecer.jpg\" \/><br \/>\n<img decoding=\"async\" class=\"detail-desc-decorate-image\" src=\"https:\/\/ae01.alicdn.com\/kf\/Hd083e7bc90a54f73a8d1feb23f88b11cW.jpg\" \/><br \/>\n<img decoding=\"async\" class=\"detail-desc-decorate-image\" src=\"https:\/\/ae01.alicdn.com\/kf\/He0814ebbdb374412ba1315287971396eM.jpg\" \/><\/div>\n<\/div>\n<\/div>\n<\/div>\n<\/div>","protected":false},"excerpt":{"rendered":"<ul>\n<li><strong>Adecuado para todo tipo de rostros<\/strong><\/li>\n<li><strong>Tecnolog\u00eda avanzada de lentes<\/strong><\/li>\n<li><strong>C\u00f3modo y duradero<\/strong><\/li>\n<li><strong>Protecci\u00f3n UV400, antirreflejos, antiv\u00e9rtigo, lentes polarizadas<\/strong><\/li>\n<\/ul>","protected":false},"featured_media":158206,"comment_status":"closed","ping_status":"closed","template":"","meta":[],"product_brand":[],"product_cat":[71,672],"product_tag":[646,554,280,433,415,511,555,248,247,645,279,556],"class_list":{"0":"post-158205","1":"product","2":"type-product","3":"status-publish","4":"has-post-thumbnail","6":"product_cat-accessories","7":"product_cat-sunglasses","8":"product_tag-driving","9":"product_tag-eyewear","10":"product_tag-face","11":"product_tag-fashionable-gift","12":"product_tag-fathers-day-gift","13":"product_tag-fun","14":"product_tag-glasses","15":"product_tag-hers","16":"product_tag-his","17":"product_tag-polarized","18":"product_tag-protect","19":"product_tag-sunglasses","21":"first","22":"instock","23":"taxable","24":"shipping-taxable","25":"purchasable","26":"product-type-variable"},"yoast_head":"<!-- This site is optimized with the Yoast SEO plugin v27.4 - https:\/\/yoast.com\/product\/yoast-seo-wordpress\/ -->\n<title>Best New Polarized Men Sunglasses: Classic Metal Frame with Mirror Lens - Perfect for Driving - Grizzly Adam<\/title>\n<meta name=\"description\" content=\"Whether you&#039;re hitting the road, casting a line, or soaking up the sun on vacation, our Best New Polarized Men Sunglasses are the perfect companion for all your adventures\" \/>\n<meta name=\"robots\" content=\"index, follow, max-snippet:-1, max-image-preview:large, max-video-preview:-1\" \/>\n<link rel=\"canonical\" href=\"https:\/\/grizzlyadam.co.uk\/es\/producto\/best-new-polarized-men-sunglasses-classic-metal-frame-with-mirror-lens-perfect-for-driving\/\" \/>\n<meta property=\"og:locale\" content=\"es_ES\" \/>\n<meta property=\"og:type\" content=\"article\" \/>\n<meta property=\"og:title\" content=\"Best New Polarized Men Sunglasses: Classic Metal Frame with Mirror Lens - Perfect for Driving - Grizzly Adam\" \/>\n<meta property=\"og:description\" content=\"Whether you&#039;re hitting the road, casting a line, or soaking up the sun on vacation, our Best New Polarized Men Sunglasses are the perfect companion for all your adventures\" \/>\n<meta property=\"og:url\" content=\"https:\/\/grizzlyadam.co.uk\/es\/producto\/best-new-polarized-men-sunglasses-classic-metal-frame-with-mirror-lens-perfect-for-driving\/\" \/>\n<meta property=\"og:site_name\" content=\"Grizzly Adam\" \/>\n<meta property=\"article:publisher\" content=\"https:\/\/www.facebook.com\/grizzlyadamuk\" \/>\n<meta property=\"article:modified_time\" content=\"2026-04-22T09:11:02+00:00\" \/>\n<meta property=\"og:image\" content=\"https:\/\/grizzlyadam.co.uk\/wp-content\/uploads\/2024\/04\/New-Polarized-Men-Sunglasses-Classic-Driving-Sun-Glasses-Metal-Frame-Mirror-Lens-Sunglasses-Men-Women.webp\" \/>\n\t<meta property=\"og:image:width\" content=\"1000\" \/>\n\t<meta property=\"og:image:height\" content=\"1000\" \/>\n\t<meta property=\"og:image:type\" content=\"image\/webp\" \/>\n<meta name=\"twitter:card\" content=\"summary_large_image\" \/>\n<meta name=\"twitter:site\" content=\"@grizzlyadamuk\" \/>\n<meta name=\"twitter:label1\" content=\"Tiempo de lectura\" \/>\n\t<meta name=\"twitter:data1\" content=\"6 minutos\" \/>\n<script type=\"application\/ld+json\" class=\"yoast-schema-graph\">{\"@context\":\"https:\\\/\\\/schema.org\",\"@graph\":[{\"@type\":\"WebPage\",\"@id\":\"https:\\\/\\\/grizzlyadam.co.uk\\\/product\\\/best-new-polarized-men-sunglasses-classic-metal-frame-with-mirror-lens-perfect-for-driving\\\/\",\"url\":\"https:\\\/\\\/grizzlyadam.co.uk\\\/product\\\/best-new-polarized-men-sunglasses-classic-metal-frame-with-mirror-lens-perfect-for-driving\\\/\",\"name\":\"Best New Polarized Men Sunglasses: Classic Metal Frame with Mirror Lens - Perfect for Driving - Grizzly Adam\",\"isPartOf\":{\"@id\":\"https:\\\/\\\/project1-mke5mv4jgx.live-website.com\\\/#website\"},\"primaryImageOfPage\":{\"@id\":\"https:\\\/\\\/grizzlyadam.co.uk\\\/product\\\/best-new-polarized-men-sunglasses-classic-metal-frame-with-mirror-lens-perfect-for-driving\\\/#primaryimage\"},\"image\":{\"@id\":\"https:\\\/\\\/grizzlyadam.co.uk\\\/product\\\/best-new-polarized-men-sunglasses-classic-metal-frame-with-mirror-lens-perfect-for-driving\\\/#primaryimage\"},\"thumbnailUrl\":\"https:\\\/\\\/grizzlyadam.co.uk\\\/wp-content\\\/uploads\\\/2024\\\/04\\\/New-Polarized-Men-Sunglasses-Classic-Driving-Sun-Glasses-Metal-Frame-Mirror-Lens-Sunglasses-Men-Women.webp\",\"datePublished\":\"2024-04-14T11:33:30+00:00\",\"dateModified\":\"2026-04-22T09:11:02+00:00\",\"description\":\"Whether you're hitting the road, casting a line, or soaking up the sun on vacation, our Best New Polarized Men Sunglasses are the perfect companion for all your adventures\",\"breadcrumb\":{\"@id\":\"https:\\\/\\\/grizzlyadam.co.uk\\\/product\\\/best-new-polarized-men-sunglasses-classic-metal-frame-with-mirror-lens-perfect-for-driving\\\/#breadcrumb\"},\"inLanguage\":\"es\",\"potentialAction\":[{\"@type\":\"ReadAction\",\"target\":[\"https:\\\/\\\/grizzlyadam.co.uk\\\/product\\\/best-new-polarized-men-sunglasses-classic-metal-frame-with-mirror-lens-perfect-for-driving\\\/\"]}]},{\"@type\":\"ImageObject\",\"inLanguage\":\"es\",\"@id\":\"https:\\\/\\\/grizzlyadam.co.uk\\\/product\\\/best-new-polarized-men-sunglasses-classic-metal-frame-with-mirror-lens-perfect-for-driving\\\/#primaryimage\",\"url\":\"https:\\\/\\\/grizzlyadam.co.uk\\\/wp-content\\\/uploads\\\/2024\\\/04\\\/New-Polarized-Men-Sunglasses-Classic-Driving-Sun-Glasses-Metal-Frame-Mirror-Lens-Sunglasses-Men-Women.webp\",\"contentUrl\":\"https:\\\/\\\/grizzlyadam.co.uk\\\/wp-content\\\/uploads\\\/2024\\\/04\\\/New-Polarized-Men-Sunglasses-Classic-Driving-Sun-Glasses-Metal-Frame-Mirror-Lens-Sunglasses-Men-Women.webp\",\"width\":1000,\"height\":1000,\"caption\":\"Best New Polarized Men Sunglasses\"},{\"@type\":\"BreadcrumbList\",\"@id\":\"https:\\\/\\\/grizzlyadam.co.uk\\\/product\\\/best-new-polarized-men-sunglasses-classic-metal-frame-with-mirror-lens-perfect-for-driving\\\/#breadcrumb\",\"itemListElement\":[{\"@type\":\"ListItem\",\"position\":1,\"name\":\"Home\",\"item\":\"https:\\\/\\\/grizzlyadam.co.uk\\\/\"},{\"@type\":\"ListItem\",\"position\":2,\"name\":\"Shop\",\"item\":\"https:\\\/\\\/project1-mke5mv4jgx.live-website.com\\\/shop\\\/\"},{\"@type\":\"ListItem\",\"position\":3,\"name\":\"Best New Polarized Men Sunglasses: Classic Metal Frame with Mirror Lens &#8211; Perfect for Driving\"}]},{\"@type\":\"WebSite\",\"@id\":\"https:\\\/\\\/project1-mke5mv4jgx.live-website.com\\\/#website\",\"url\":\"https:\\\/\\\/project1-mke5mv4jgx.live-website.com\\\/\",\"name\":\"Grizzly Adam\",\"description\":\"Beard Oil And Grooming Products For Gentlemen\",\"publisher\":{\"@id\":\"https:\\\/\\\/project1-mke5mv4jgx.live-website.com\\\/#organization\"},\"potentialAction\":[{\"@type\":\"SearchAction\",\"target\":{\"@type\":\"EntryPoint\",\"urlTemplate\":\"https:\\\/\\\/project1-mke5mv4jgx.live-website.com\\\/?s={search_term_string}\"},\"query-input\":{\"@type\":\"PropertyValueSpecification\",\"valueRequired\":true,\"valueName\":\"search_term_string\"}}],\"inLanguage\":\"es\"},{\"@type\":\"Organization\",\"@id\":\"https:\\\/\\\/project1-mke5mv4jgx.live-website.com\\\/#organization\",\"name\":\"GRIZZLY ADAM\",\"url\":\"https:\\\/\\\/project1-mke5mv4jgx.live-website.com\\\/\",\"logo\":{\"@type\":\"ImageObject\",\"inLanguage\":\"es\",\"@id\":\"https:\\\/\\\/project1-mke5mv4jgx.live-website.com\\\/#\\\/schema\\\/logo\\\/image\\\/\",\"url\":\"https:\\\/\\\/grizzlyadam.co.uk\\\/wp-content\\\/uploads\\\/2019\\\/11\\\/gadamlogo.png\",\"contentUrl\":\"https:\\\/\\\/grizzlyadam.co.uk\\\/wp-content\\\/uploads\\\/2019\\\/11\\\/gadamlogo.png\",\"width\":\"200\",\"height\":\"200\",\"caption\":\"GRIZZLY ADAM\"},\"image\":{\"@id\":\"https:\\\/\\\/project1-mke5mv4jgx.live-website.com\\\/#\\\/schema\\\/logo\\\/image\\\/\"},\"sameAs\":[\"https:\\\/\\\/www.facebook.com\\\/grizzlyadamuk\",\"https:\\\/\\\/x.com\\\/grizzlyadamuk\",\"https:\\\/\\\/www.instagram.com\\\/grizzlyadamuk\\\/\"]}]}<\/script>\n<!-- \/ Yoast SEO plugin. -->","yoast_head_json":{"title":"Best New Polarized Men Sunglasses: Classic Metal Frame with Mirror Lens - Perfect for Driving - Grizzly Adam","description":"Whether you're hitting the road, casting a line, or soaking up the sun on vacation, our Best New Polarized Men Sunglasses are the perfect companion for all your adventures","robots":{"index":"index","follow":"follow","max-snippet":"max-snippet:-1","max-image-preview":"max-image-preview:large","max-video-preview":"max-video-preview:-1"},"canonical":"https:\/\/grizzlyadam.co.uk\/es\/producto\/best-new-polarized-men-sunglasses-classic-metal-frame-with-mirror-lens-perfect-for-driving\/","og_locale":"es_ES","og_type":"article","og_title":"Best New Polarized Men Sunglasses: Classic Metal Frame with Mirror Lens - Perfect for Driving - Grizzly Adam","og_description":"Whether you're hitting the road, casting a line, or soaking up the sun on vacation, our Best New Polarized Men Sunglasses are the perfect companion for all your adventures","og_url":"https:\/\/grizzlyadam.co.uk\/es\/producto\/best-new-polarized-men-sunglasses-classic-metal-frame-with-mirror-lens-perfect-for-driving\/","og_site_name":"Grizzly Adam","article_publisher":"https:\/\/www.facebook.com\/grizzlyadamuk","article_modified_time":"2026-04-22T09:11:02+00:00","og_image":[{"width":1000,"height":1000,"url":"https:\/\/grizzlyadam.co.uk\/wp-content\/uploads\/2024\/04\/New-Polarized-Men-Sunglasses-Classic-Driving-Sun-Glasses-Metal-Frame-Mirror-Lens-Sunglasses-Men-Women.webp","type":"image\/webp"}],"twitter_card":"summary_large_image","twitter_site":"@grizzlyadamuk","twitter_misc":{"Tiempo de lectura":"6 minutos"},"schema":{"@context":"https:\/\/schema.org","@graph":[{"@type":"WebPage","@id":"https:\/\/grizzlyadam.co.uk\/product\/best-new-polarized-men-sunglasses-classic-metal-frame-with-mirror-lens-perfect-for-driving\/","url":"https:\/\/grizzlyadam.co.uk\/product\/best-new-polarized-men-sunglasses-classic-metal-frame-with-mirror-lens-perfect-for-driving\/","name":"Best New Polarized Men Sunglasses: Classic Metal Frame with Mirror Lens - Perfect for Driving - Grizzly Adam","isPartOf":{"@id":"https:\/\/project1-mke5mv4jgx.live-website.com\/#website"},"primaryImageOfPage":{"@id":"https:\/\/grizzlyadam.co.uk\/product\/best-new-polarized-men-sunglasses-classic-metal-frame-with-mirror-lens-perfect-for-driving\/#primaryimage"},"image":{"@id":"https:\/\/grizzlyadam.co.uk\/product\/best-new-polarized-men-sunglasses-classic-metal-frame-with-mirror-lens-perfect-for-driving\/#primaryimage"},"thumbnailUrl":"https:\/\/grizzlyadam.co.uk\/wp-content\/uploads\/2024\/04\/New-Polarized-Men-Sunglasses-Classic-Driving-Sun-Glasses-Metal-Frame-Mirror-Lens-Sunglasses-Men-Women.webp","datePublished":"2024-04-14T11:33:30+00:00","dateModified":"2026-04-22T09:11:02+00:00","description":"Whether you're hitting the road, casting a line, or soaking up the sun on vacation, our Best New Polarized Men Sunglasses are the perfect companion for all your adventures","breadcrumb":{"@id":"https:\/\/grizzlyadam.co.uk\/product\/best-new-polarized-men-sunglasses-classic-metal-frame-with-mirror-lens-perfect-for-driving\/#breadcrumb"},"inLanguage":"es","potentialAction":[{"@type":"ReadAction","target":["https:\/\/grizzlyadam.co.uk\/product\/best-new-polarized-men-sunglasses-classic-metal-frame-with-mirror-lens-perfect-for-driving\/"]}]},{"@type":"ImageObject","inLanguage":"es","@id":"https:\/\/grizzlyadam.co.uk\/product\/best-new-polarized-men-sunglasses-classic-metal-frame-with-mirror-lens-perfect-for-driving\/#primaryimage","url":"https:\/\/grizzlyadam.co.uk\/wp-content\/uploads\/2024\/04\/New-Polarized-Men-Sunglasses-Classic-Driving-Sun-Glasses-Metal-Frame-Mirror-Lens-Sunglasses-Men-Women.webp","contentUrl":"https:\/\/grizzlyadam.co.uk\/wp-content\/uploads\/2024\/04\/New-Polarized-Men-Sunglasses-Classic-Driving-Sun-Glasses-Metal-Frame-Mirror-Lens-Sunglasses-Men-Women.webp","width":1000,"height":1000,"caption":"Best New Polarized Men Sunglasses"},{"@type":"BreadcrumbList","@id":"https:\/\/grizzlyadam.co.uk\/product\/best-new-polarized-men-sunglasses-classic-metal-frame-with-mirror-lens-perfect-for-driving\/#breadcrumb","itemListElement":[{"@type":"ListItem","position":1,"name":"Home","item":"https:\/\/grizzlyadam.co.uk\/"},{"@type":"ListItem","position":2,"name":"Shop","item":"https:\/\/project1-mke5mv4jgx.live-website.com\/shop\/"},{"@type":"ListItem","position":3,"name":"Best New Polarized Men Sunglasses: Classic Metal Frame with Mirror Lens &#8211; Perfect for Driving"}]},{"@type":"WebSite","@id":"https:\/\/project1-mke5mv4jgx.live-website.com\/#website","url":"https:\/\/project1-mke5mv4jgx.live-website.com\/","name":"Grizzly Adam","description":"Aceite para barba y productos de aseo para caballeros","publisher":{"@id":"https:\/\/project1-mke5mv4jgx.live-website.com\/#organization"},"potentialAction":[{"@type":"SearchAction","target":{"@type":"EntryPoint","urlTemplate":"https:\/\/project1-mke5mv4jgx.live-website.com\/?s={search_term_string}"},"query-input":{"@type":"PropertyValueSpecification","valueRequired":true,"valueName":"search_term_string"}}],"inLanguage":"es"},{"@type":"Organization","@id":"https:\/\/project1-mke5mv4jgx.live-website.com\/#organization","name":"GRIZZLY ADAM","url":"https:\/\/project1-mke5mv4jgx.live-website.com\/","logo":{"@type":"ImageObject","inLanguage":"es","@id":"https:\/\/project1-mke5mv4jgx.live-website.com\/#\/schema\/logo\/image\/","url":"https:\/\/grizzlyadam.co.uk\/wp-content\/uploads\/2019\/11\/gadamlogo.png","contentUrl":"https:\/\/grizzlyadam.co.uk\/wp-content\/uploads\/2019\/11\/gadamlogo.png","width":"200","height":"200","caption":"GRIZZLY ADAM"},"image":{"@id":"https:\/\/project1-mke5mv4jgx.live-website.com\/#\/schema\/logo\/image\/"},"sameAs":["https:\/\/www.facebook.com\/grizzlyadamuk","https:\/\/x.com\/grizzlyadamuk","https:\/\/www.instagram.com\/grizzlyadamuk\/"]}]}},"df_price":21.31,"df_sale_price":"","df_regular_price":21.31,"df_image_link":"https:\/\/grizzlyadam.co.uk\/wp-content\/uploads\/2024\/04\/New-Polarized-Men-Sunglasses-Classic-Driving-Sun-Glasses-Metal-Frame-Mirror-Lens-Sunglasses-Men-Women-300x300.webp","_links":{"self":[{"href":"https:\/\/grizzlyadam.co.uk\/es\/wp-json\/wp\/v2\/product\/158205","targetHints":{"allow":["GET"]}}],"collection":[{"href":"https:\/\/grizzlyadam.co.uk\/es\/wp-json\/wp\/v2\/product"}],"about":[{"href":"https:\/\/grizzlyadam.co.uk\/es\/wp-json\/wp\/v2\/types\/product"}],"replies":[{"embeddable":true,"href":"https:\/\/grizzlyadam.co.uk\/es\/wp-json\/wp\/v2\/comments?post=158205"}],"wp:featuredmedia":[{"embeddable":true,"href":"https:\/\/grizzlyadam.co.uk\/es\/wp-json\/wp\/v2\/media\/158206"}],"wp:attachment":[{"href":"https:\/\/grizzlyadam.co.uk\/es\/wp-json\/wp\/v2\/media?parent=158205"}],"wp:term":[{"taxonomy":"product_brand","embeddable":true,"href":"https:\/\/grizzlyadam.co.uk\/es\/wp-json\/wp\/v2\/product_brand?post=158205"},{"taxonomy":"product_cat","embeddable":true,"href":"https:\/\/grizzlyadam.co.uk\/es\/wp-json\/wp\/v2\/product_cat?post=158205"},{"taxonomy":"product_tag","embeddable":true,"href":"https:\/\/grizzlyadam.co.uk\/es\/wp-json\/wp\/v2\/product_tag?post=158205"}],"curies":[{"name":"wp","href":"https:\/\/api.w.org\/{rel}","templated":true}]}}