{"id":15752,"date":"2019-06-11T11:38:17","date_gmt":"2019-06-11T10:38:17","guid":{"rendered":"https:\/\/grizzlyadam.co.uk\/product\/beard-straightening-comb\/"},"modified":"2026-03-31T11:06:51","modified_gmt":"2026-03-31T10:06:51","slug":"beard-straightening-comb","status":"publish","type":"product","link":"https:\/\/grizzlyadam.co.uk\/es\/producto\/beard-straightening-comb\/","title":{"rendered":"PEINE ALISADOR DE BARBA PARA HOMBRES"},"content":{"rendered":"<p><strong>El peine alisador para barba es el primer cepillo alisador t\u00e9rmico para hombre, dise\u00f1ado exclusivamente para alisar el vello facial y conseguir un acabado suave sin esfuerzo.<\/strong><\/p>\n<p><img loading=\"lazy\" decoding=\"async\" class=\"aligncenter\" src=\"https:\/\/cdn.shopify.com\/s\/files\/1\/2794\/4856\/files\/Beard-session_1.gif?v=1560013119\" alt=\"Beard straightener brush\" width=\"500\" height=\"375\" \/><\/p>\n<p>Combinando la funcionalidad de un\u00a0<strong>cepillo para el pelo con el poder del calor<\/strong>El peine alisador de barba devuelve a tu barba su forma original.\u00a0<strong>perfecci\u00f3n masculina y cuidada <\/strong>en<strong>\u00a0\u00a1Segundos!\u00a0<\/strong>\u00danase a miles de personas que han descubierto el peine alisador de barba y descubra c\u00f3mo ha llevado su juego de barba al siguiente nivel.<\/p>\n<p><img decoding=\"async\" class=\"aligncenter\" src=\"https:\/\/cdn.shopify.com\/s\/files\/1\/2794\/4856\/files\/t2_large_grande_2119feb5-ac24-4b4b-8255-74ae4eba0a99_large.png?v=1558638537\" alt=\"hairbrush with the power of heat\" \/><\/p>\n<p>El peine alisador de barba es el\u00a0<strong>ventaja definitiva<\/strong>\u00a0\u00a1en un mundo de barbas medias! Con una\u00a0<strong>dise\u00f1o de perfil bajo<\/strong>\u00a0y\u00a0<strong>tecnolog\u00eda de iones negativos<\/strong>, un grueso fuera de control\u00a0<strong>barba puede transformarse en una suave y lisa<\/strong>y\u00a0<strong>aspecto envidiable<\/strong>.<\/p>\n<p class=\"ql-align-center\"><img loading=\"lazy\" decoding=\"async\" class=\"aligncenter\" src=\"https:\/\/cdn.shopify.com\/s\/files\/1\/2794\/4856\/files\/men-v02_large_7b0420e9-9b49-484b-9537-1bedb74628e5_large.gif?v=1558632361\" alt=\"Negative ION in effect\" width=\"350\" height=\"242\" \/><\/p>\n<p>Peine alisador de barba\u00a0<strong>garantiza que no se da\u00f1e la barba<\/strong>. Este peine utiliza\u00a0<strong>tecnolog\u00eda de iones negativos<\/strong>\u00a0para evitar da\u00f1os por calor. Puede utilizar el peine alisador de barba a diario para una\u00a0<strong>barba sana y pulida<\/strong>. Adem\u00e1s, su\u00a0<strong>dise\u00f1o de barrera t\u00e9rmica<\/strong>\u00a0se\u00a0<strong>prevenir los da\u00f1os causados por el calor en el rostro<\/strong>.<\/p>\n<p class=\"ql-align-center\"><img decoding=\"async\" class=\"aligncenter\" src=\"https:\/\/cdn.shopify.com\/s\/files\/1\/2794\/4856\/files\/t3_large_grande_9d2c783f-ce93-4b6d-8e73-f56312976a7d_large.gif?v=1558632466\" alt=\"find out how it takes their beard to the next level\" \/><\/p>\n<p>\u00danase a miles de personas que descubren este incre\u00edble peine y descubra c\u00f3mo lleva su barba al siguiente nivel.<\/p>\n<p>Grizzly Adam's Beard Straightening Comb: su nuevo mejor amigo y el mejor especialista en barbas. Se acabaron las ma\u00f1anas peludas y los pelos sueltos. Este chico malo est\u00e1 aqu\u00ed para mantener tu pelusa facial bajo control y convertirte en el hombre m\u00e1s suave de la ciudad.<\/p>\n<p><span style=\"font-size: 110%;\">Analicemos las principales caracter\u00edsticas y ventajas de esta joya del cuidado personal.<\/span><\/p>\n<p><strong>1. Gesti\u00f3n de la crin sin complicaciones:<\/strong> Desp\u00eddete de los enredos y da la bienvenida a una barba perfectamente cuidada. Nuestro peine alisador de barba se desliza por la barba como un cuchillo caliente por la mantequilla. Sin tirones ni enganches, solo una barba lisa y recta en cuesti\u00f3n de minutos.<\/p>\n<p><strong>2. Calentamiento r\u00e1pido:<\/strong> \u00bfNecesitas salir corriendo pero tu barba parece un nido de p\u00e1jaros? No te preocupes. Este peine se calienta m\u00e1s r\u00e1pido de lo que puedes decir \"Grizzly Adam\". En s\u00f3lo 30 segundos, estar\u00e1s listo para domar la m\u00e1s salvaje de las barbas.<\/p>\n<p><strong>3. Control de temperatura:<\/strong> Una talla no sirve para todos, especialmente cuando se trata de barbas. Nuestro peine alisador cuenta con ajustes de calor regulables. Tanto si tu barba es delicada como la de un gatito reci\u00e9n nacido como si es dura como una bota vieja, tenemos lo que necesitas.<\/p>\n<p><strong>4. Seguro y f\u00e1cil de usar:<\/strong> En Grizzly Adam nos preocupamos por la seguridad. Nuestro peine cuenta con tecnolog\u00eda antiquemaduras para proteger su piel y un cable giratorio de 360\u00b0 para evitar esos molestos enredos. Adem\u00e1s, est\u00e1 dise\u00f1ado ergon\u00f3micamente para un agarre c\u00f3modo, haciendo que su rutina de aseo sea pan comido.<\/p>\n<p><strong>5. Port\u00e1til y f\u00e1cil de transportar:<\/strong> \u00bfNecesitas ir elegante sobre la marcha? Nosotros te ayudamos. Ligero y compacto, este peine cabe perfectamente en su bolsa de viaje. As\u00ed, tanto si te vas de viaje de negocios como a una aventura en la naturaleza, siempre estar\u00e1s listo para enfrentarte al mundo con una barba de aspecto impecable.<\/p>\n<p>En resumen, el peine alisador de barba Grizzly Adam es m\u00e1s que un peine. Cambia las reglas del juego, domestica la barba y, lo que es m\u00e1s importante, es tu billete para conseguir un aspecto m\u00e1s pulcro y cuidado. As\u00ed que, adelante, \u00a1dale a tu barba el amor y el cuidado que se merece!<\/p>\n<p>&nbsp;<\/p>\n<p><img loading=\"lazy\" decoding=\"async\" class=\"aligncenter wp-image-21783 size-full\" src=\"https:\/\/grizzlyadam.co.uk\/wp-content\/uploads\/2020\/05\/whitegoldstraightener.jpg\" alt=\"\" width=\"1000\" height=\"1000\" srcset=\"https:\/\/grizzlyadam.co.uk\/wp-content\/uploads\/2020\/05\/whitegoldstraightener.jpg 1000w, https:\/\/grizzlyadam.co.uk\/wp-content\/uploads\/2020\/05\/whitegoldstraightener-300x300.jpg 300w, https:\/\/grizzlyadam.co.uk\/wp-content\/uploads\/2020\/05\/whitegoldstraightener-150x150.jpg 150w, https:\/\/grizzlyadam.co.uk\/wp-content\/uploads\/2020\/05\/whitegoldstraightener-768x768.jpg 768w, https:\/\/grizzlyadam.co.uk\/wp-content\/uploads\/2020\/05\/whitegoldstraightener-600x600.jpg 600w, https:\/\/grizzlyadam.co.uk\/wp-content\/uploads\/2020\/05\/whitegoldstraightener-100x100.jpg 100w\" sizes=\"auto, (max-width: 1000px) 100vw, 1000px\" \/><\/p>\n<p>&nbsp;<\/p>\n<p><strong>CARACTER\u00cdSTICAS:<\/strong><\/p>\n<p>&nbsp;<\/p>\n<ul>\n<li><img decoding=\"async\" class=\"aligncenter\" style=\"color: #555555; font-size: 14.4px;\" src=\"https:\/\/cdn.shopify.com\/s\/files\/1\/2794\/4856\/files\/t5_large_grande_33dc5634-2c2f-45ae-aa8b-a8ede5b9e266_large.png?v=1558632898\" alt=\"Before and After picture\" \/><\/li>\n<\/ul>\n<p><strong>MODO DE EMPLEO:<\/strong><\/p>\n<ul>\n<li>Aseg\u00farese de que tanto el pelo como la barba est\u00e9n completamente secos antes de empezar a utilizarlo.<\/li>\n<li>Basta con enchufar y encender el alisador de barba deluxe.<\/li>\n<li>Espere tres minutos a que alcance la temperatura \u00f3ptima de 180 C.<\/li>\n<li>Cepille el cabello y la barba de la ra\u00edz a las puntas hasta conseguir la suavidad deseada. Las pasadas m\u00faltiples por los mismos mechones no da\u00f1ar\u00e1n el cabello.<\/li>\n<li>Cuando hayas terminado, apaga la plancha para barba deluxe y desench\u00fafala, esperando a que se enfr\u00ede antes de retirarla.<\/li>\n<\/ul>\n<p class=\"ql-align-center\"><img loading=\"lazy\" decoding=\"async\" class=\"alignnone wp-image-21525 size-full\" src=\"https:\/\/grizzlyadam.co.uk\/wp-content\/uploads\/2019\/06\/beardstyle.jpg\" alt=\"\" width=\"800\" height=\"800\" srcset=\"https:\/\/grizzlyadam.co.uk\/wp-content\/uploads\/2019\/06\/beardstyle.jpg 800w, https:\/\/grizzlyadam.co.uk\/wp-content\/uploads\/2019\/06\/beardstyle-300x300.jpg 300w, https:\/\/grizzlyadam.co.uk\/wp-content\/uploads\/2019\/06\/beardstyle-150x150.jpg 150w, https:\/\/grizzlyadam.co.uk\/wp-content\/uploads\/2019\/06\/beardstyle-768x768.jpg 768w, https:\/\/grizzlyadam.co.uk\/wp-content\/uploads\/2019\/06\/beardstyle-600x600.jpg 600w, https:\/\/grizzlyadam.co.uk\/wp-content\/uploads\/2019\/06\/beardstyle-100x100.jpg 100w\" sizes=\"auto, (max-width: 800px) 100vw, 800px\" \/><\/p>\n<p>&nbsp;<\/p>\n<p><strong>\u00a0QU\u00c9 INCLUYE:<\/strong><\/p>\n<ul>\n<li>1 x Peine alisador de barba<\/li>\n<\/ul>\n<p>&nbsp;<\/p>\n<p><strong>NUESTRA GARANT\u00cdA<\/strong><\/p>\n<p>Realmente creemos que tenemos algunos de los mejores productos del mundo, y queremos asegurarnos de que lo respaldamos con una f\u00e9rrea garant\u00eda de 30 d\u00edas sin riesgos.<\/p>\n<p>Si no tiene una experiencia positiva para\u00a0<strong>CUALQUIER<\/strong>\u00a0raz\u00f3n, haremos\u00a0<strong>LO QUE SEA<\/strong>\u00a0para asegurarnos de que queda 100% satisfecho con su compra.<\/p>\n<p>Comprar art\u00edculos en l\u00ednea puede ser una tarea desalentadora, por lo que queremos que sepa que hay absolutamente\u00a0<strong>CERO<\/strong>\u00a0riesgo en comprar algo y probarlo. Si no te gusta, sin resentimientos lo arreglaremos.<\/p>\n<p>&nbsp;<\/p>\n<p><strong>CONSIGA EL SUYO HACIENDO CLIC EN A\u00d1ADIR A LA CESTA M\u00c1S ARRIBA<\/strong><\/p>\n<p>&nbsp;<\/p>","protected":false},"excerpt":{"rendered":"<ul>\n<li><strong>No da\u00f1a la barba<\/strong>Tecnolog\u00eda de iones negativos para evitar los da\u00f1os causados por el calor. Peine a diario para un aspecto sano y pulido.<\/li>\n<li><strong>Dise\u00f1o de barrera t\u00e9rmica<\/strong>: con cerdas revolucionarias que se deslizan sin esfuerzo por el rostro y el cuero cabelludo sin da\u00f1ar la piel.<\/li>\n<li><strong>Estilo duradero y sin esfuerzo<\/strong>: Un rendimiento de calidad garantiza que el resultado del peinado sea duradero, f\u00e1cil de conseguir y s\u00f3lo requiera unos minutos de retoque, incluso con el cabello m\u00e1s \u00e1spero y grueso.<\/li>\n<li><strong>Multiusos - Barba y Pelo<\/strong>Cuando tu barba est\u00e1 impecable, esta herramienta tambi\u00e9n es perfecta para retocar el vello de la cabeza.<\/li>\n<li><strong>Calentamiento r\u00e1pido<\/strong>: Aumenta la temperatura en 15 segundos, ideal para un retoque r\u00e1pido.<\/li>\n<li><strong>Ligero y ergon\u00f3mico<\/strong>: C\u00f3moda y controlable en la mano para un peinado detallado.<\/li>\n<li>\n<div class=\"freeshipbanner\"><strong>Entrega r\u00e1pida en 2 d\u00edas<\/strong><\/div>\n<\/li>\n<\/ul>\n<p>&nbsp;<\/p>","protected":false},"featured_media":21521,"comment_status":"closed","ping_status":"closed","template":"","meta":[],"product_brand":[],"product_cat":[71,72,74,90],"product_tag":[204,76,83,92,97,93],"class_list":{"0":"post-15752","1":"product","2":"type-product","3":"status-publish","4":"has-post-thumbnail","6":"product_cat-accessories","7":"product_cat-beard-comb","8":"product_cat-grooming-kits","9":"product_cat-hair-care","10":"product_tag-brush","11":"product_tag-comb","12":"product_tag-grooming","13":"product_tag-hair-care","14":"product_tag-men","15":"product_tag-styling","17":"first","18":"instock","19":"sale","20":"taxable","21":"shipping-taxable","22":"purchasable","23":"product-type-variable"},"yoast_head":"<!-- This site is optimized with the Yoast SEO plugin v27.2 - https:\/\/yoast.com\/product\/yoast-seo-wordpress\/ -->\n<title>BEARD STRAIGHTENING COMB FOR MEN - Grizzly Adam<\/title>\n<meta name=\"description\" content=\"&quot;Discover Grizzly Adam&#039;s Beard Straightening Comb, an advanced grooming tool that effortlessly tames and straightens your beard, promoting a sleek and polished look. Order yours now for a well-groomed, confident appearance!&quot;\" \/>\n<meta name=\"robots\" content=\"index, follow, max-snippet:-1, max-image-preview:large, max-video-preview:-1\" \/>\n<link rel=\"canonical\" href=\"https:\/\/grizzlyadam.co.uk\/es\/producto\/beard-straightening-comb\/\" \/>\n<meta property=\"og:locale\" content=\"es_ES\" \/>\n<meta property=\"og:type\" content=\"article\" \/>\n<meta property=\"og:title\" content=\"BEARD STRAIGHTENING COMB FOR MEN - Grizzly Adam\" \/>\n<meta property=\"og:description\" content=\"&quot;Discover Grizzly Adam&#039;s Beard Straightening Comb, an advanced grooming tool that effortlessly tames and straightens your beard, promoting a sleek and polished look. Order yours now for a well-groomed, confident appearance!&quot;\" \/>\n<meta property=\"og:url\" content=\"https:\/\/grizzlyadam.co.uk\/es\/producto\/beard-straightening-comb\/\" \/>\n<meta property=\"og:site_name\" content=\"Grizzly Adam\" \/>\n<meta property=\"article:publisher\" content=\"https:\/\/www.facebook.com\/grizzlyadamuk\" \/>\n<meta property=\"article:modified_time\" content=\"2026-03-31T10:06:51+00:00\" \/>\n<meta property=\"og:image\" content=\"https:\/\/grizzlyadam.co.uk\/wp-content\/uploads\/2019\/06\/productmain.jpg\" \/>\n\t<meta property=\"og:image:width\" content=\"1000\" \/>\n\t<meta property=\"og:image:height\" content=\"1000\" \/>\n\t<meta property=\"og:image:type\" content=\"image\/jpeg\" \/>\n<meta name=\"twitter:card\" content=\"summary_large_image\" \/>\n<meta name=\"twitter:site\" content=\"@grizzlyadamuk\" \/>\n<meta name=\"twitter:label1\" content=\"Tiempo de lectura\" \/>\n\t<meta name=\"twitter:data1\" content=\"5 minutos\" \/>\n<script type=\"application\/ld+json\" class=\"yoast-schema-graph\">{\"@context\":\"https:\/\/schema.org\",\"@graph\":[{\"@type\":\"WebPage\",\"@id\":\"https:\/\/grizzlyadam.co.uk\/product\/beard-straightening-comb\/\",\"url\":\"https:\/\/grizzlyadam.co.uk\/product\/beard-straightening-comb\/\",\"name\":\"BEARD STRAIGHTENING COMB FOR MEN - Grizzly Adam\",\"isPartOf\":{\"@id\":\"https:\/\/project1-mke5mv4jgx.live-website.com\/#website\"},\"primaryImageOfPage\":{\"@id\":\"https:\/\/grizzlyadam.co.uk\/product\/beard-straightening-comb\/#primaryimage\"},\"image\":{\"@id\":\"https:\/\/grizzlyadam.co.uk\/product\/beard-straightening-comb\/#primaryimage\"},\"thumbnailUrl\":\"https:\/\/grizzlyadam.co.uk\/wp-content\/uploads\/2019\/06\/productmain.jpg\",\"datePublished\":\"2019-06-11T10:38:17+00:00\",\"dateModified\":\"2026-03-31T10:06:51+00:00\",\"description\":\"\\\"Discover Grizzly Adam's Beard Straightening Comb, an advanced grooming tool that effortlessly tames and straightens your beard, promoting a sleek and polished look. Order yours now for a well-groomed, confident appearance!\\\"\",\"breadcrumb\":{\"@id\":\"https:\/\/grizzlyadam.co.uk\/product\/beard-straightening-comb\/#breadcrumb\"},\"inLanguage\":\"es\",\"potentialAction\":[{\"@type\":\"ReadAction\",\"target\":[\"https:\/\/grizzlyadam.co.uk\/product\/beard-straightening-comb\/\"]}]},{\"@type\":\"ImageObject\",\"inLanguage\":\"es\",\"@id\":\"https:\/\/grizzlyadam.co.uk\/product\/beard-straightening-comb\/#primaryimage\",\"url\":\"https:\/\/grizzlyadam.co.uk\/wp-content\/uploads\/2019\/06\/productmain.jpg\",\"contentUrl\":\"https:\/\/grizzlyadam.co.uk\/wp-content\/uploads\/2019\/06\/productmain.jpg\",\"width\":1000,\"height\":1000},{\"@type\":\"BreadcrumbList\",\"@id\":\"https:\/\/grizzlyadam.co.uk\/product\/beard-straightening-comb\/#breadcrumb\",\"itemListElement\":[{\"@type\":\"ListItem\",\"position\":1,\"name\":\"Home\",\"item\":\"https:\/\/grizzlyadam.co.uk\/\"},{\"@type\":\"ListItem\",\"position\":2,\"name\":\"Shop\",\"item\":\"https:\/\/project1-mke5mv4jgx.live-website.com\/shop\/\"},{\"@type\":\"ListItem\",\"position\":3,\"name\":\"BEARD STRAIGHTENING COMB FOR MEN\"}]},{\"@type\":\"WebSite\",\"@id\":\"https:\/\/project1-mke5mv4jgx.live-website.com\/#website\",\"url\":\"https:\/\/project1-mke5mv4jgx.live-website.com\/\",\"name\":\"Grizzly Adam\",\"description\":\"Beard Oil And Grooming Products For Gentlemen\",\"publisher\":{\"@id\":\"https:\/\/project1-mke5mv4jgx.live-website.com\/#organization\"},\"potentialAction\":[{\"@type\":\"SearchAction\",\"target\":{\"@type\":\"EntryPoint\",\"urlTemplate\":\"https:\/\/project1-mke5mv4jgx.live-website.com\/?s={search_term_string}\"},\"query-input\":{\"@type\":\"PropertyValueSpecification\",\"valueRequired\":true,\"valueName\":\"search_term_string\"}}],\"inLanguage\":\"es\"},{\"@type\":\"Organization\",\"@id\":\"https:\/\/project1-mke5mv4jgx.live-website.com\/#organization\",\"name\":\"GRIZZLY ADAM\",\"url\":\"https:\/\/project1-mke5mv4jgx.live-website.com\/\",\"logo\":{\"@type\":\"ImageObject\",\"inLanguage\":\"es\",\"@id\":\"https:\/\/project1-mke5mv4jgx.live-website.com\/#\/schema\/logo\/image\/\",\"url\":\"https:\/\/grizzlyadam.co.uk\/wp-content\/uploads\/2019\/11\/gadamlogo.png\",\"contentUrl\":\"https:\/\/grizzlyadam.co.uk\/wp-content\/uploads\/2019\/11\/gadamlogo.png\",\"width\":\"200\",\"height\":\"200\",\"caption\":\"GRIZZLY ADAM\"},\"image\":{\"@id\":\"https:\/\/project1-mke5mv4jgx.live-website.com\/#\/schema\/logo\/image\/\"},\"sameAs\":[\"https:\/\/www.facebook.com\/grizzlyadamuk\",\"https:\/\/x.com\/grizzlyadamuk\",\"https:\/\/www.instagram.com\/grizzlyadamuk\/\"]}]}<\/script>\n<!-- \/ Yoast SEO plugin. -->","yoast_head_json":{"title":"BEARD STRAIGHTENING COMB FOR MEN - Grizzly Adam","description":"\"Discover Grizzly Adam's Beard Straightening Comb, an advanced grooming tool that effortlessly tames and straightens your beard, promoting a sleek and polished look. Order yours now for a well-groomed, confident appearance!\"","robots":{"index":"index","follow":"follow","max-snippet":"max-snippet:-1","max-image-preview":"max-image-preview:large","max-video-preview":"max-video-preview:-1"},"canonical":"https:\/\/grizzlyadam.co.uk\/es\/producto\/beard-straightening-comb\/","og_locale":"es_ES","og_type":"article","og_title":"BEARD STRAIGHTENING COMB FOR MEN - Grizzly Adam","og_description":"\"Discover Grizzly Adam's Beard Straightening Comb, an advanced grooming tool that effortlessly tames and straightens your beard, promoting a sleek and polished look. Order yours now for a well-groomed, confident appearance!\"","og_url":"https:\/\/grizzlyadam.co.uk\/es\/producto\/beard-straightening-comb\/","og_site_name":"Grizzly Adam","article_publisher":"https:\/\/www.facebook.com\/grizzlyadamuk","article_modified_time":"2026-03-31T10:06:51+00:00","og_image":[{"width":1000,"height":1000,"url":"https:\/\/grizzlyadam.co.uk\/wp-content\/uploads\/2019\/06\/productmain.jpg","type":"image\/jpeg"}],"twitter_card":"summary_large_image","twitter_site":"@grizzlyadamuk","twitter_misc":{"Tiempo de lectura":"5 minutos"},"schema":{"@context":"https:\/\/schema.org","@graph":[{"@type":"WebPage","@id":"https:\/\/grizzlyadam.co.uk\/product\/beard-straightening-comb\/","url":"https:\/\/grizzlyadam.co.uk\/product\/beard-straightening-comb\/","name":"BEARD STRAIGHTENING COMB FOR MEN - Grizzly Adam","isPartOf":{"@id":"https:\/\/project1-mke5mv4jgx.live-website.com\/#website"},"primaryImageOfPage":{"@id":"https:\/\/grizzlyadam.co.uk\/product\/beard-straightening-comb\/#primaryimage"},"image":{"@id":"https:\/\/grizzlyadam.co.uk\/product\/beard-straightening-comb\/#primaryimage"},"thumbnailUrl":"https:\/\/grizzlyadam.co.uk\/wp-content\/uploads\/2019\/06\/productmain.jpg","datePublished":"2019-06-11T10:38:17+00:00","dateModified":"2026-03-31T10:06:51+00:00","description":"\"Discover Grizzly Adam's Beard Straightening Comb, an advanced grooming tool that effortlessly tames and straightens your beard, promoting a sleek and polished look. Order yours now for a well-groomed, confident appearance!\"","breadcrumb":{"@id":"https:\/\/grizzlyadam.co.uk\/product\/beard-straightening-comb\/#breadcrumb"},"inLanguage":"es","potentialAction":[{"@type":"ReadAction","target":["https:\/\/grizzlyadam.co.uk\/product\/beard-straightening-comb\/"]}]},{"@type":"ImageObject","inLanguage":"es","@id":"https:\/\/grizzlyadam.co.uk\/product\/beard-straightening-comb\/#primaryimage","url":"https:\/\/grizzlyadam.co.uk\/wp-content\/uploads\/2019\/06\/productmain.jpg","contentUrl":"https:\/\/grizzlyadam.co.uk\/wp-content\/uploads\/2019\/06\/productmain.jpg","width":1000,"height":1000},{"@type":"BreadcrumbList","@id":"https:\/\/grizzlyadam.co.uk\/product\/beard-straightening-comb\/#breadcrumb","itemListElement":[{"@type":"ListItem","position":1,"name":"Home","item":"https:\/\/grizzlyadam.co.uk\/"},{"@type":"ListItem","position":2,"name":"Shop","item":"https:\/\/project1-mke5mv4jgx.live-website.com\/shop\/"},{"@type":"ListItem","position":3,"name":"BEARD STRAIGHTENING COMB FOR MEN"}]},{"@type":"WebSite","@id":"https:\/\/project1-mke5mv4jgx.live-website.com\/#website","url":"https:\/\/project1-mke5mv4jgx.live-website.com\/","name":"Grizzly Adam","description":"Aceite para barba y productos de aseo para caballeros","publisher":{"@id":"https:\/\/project1-mke5mv4jgx.live-website.com\/#organization"},"potentialAction":[{"@type":"SearchAction","target":{"@type":"EntryPoint","urlTemplate":"https:\/\/project1-mke5mv4jgx.live-website.com\/?s={search_term_string}"},"query-input":{"@type":"PropertyValueSpecification","valueRequired":true,"valueName":"search_term_string"}}],"inLanguage":"es"},{"@type":"Organization","@id":"https:\/\/project1-mke5mv4jgx.live-website.com\/#organization","name":"GRIZZLY ADAM","url":"https:\/\/project1-mke5mv4jgx.live-website.com\/","logo":{"@type":"ImageObject","inLanguage":"es","@id":"https:\/\/project1-mke5mv4jgx.live-website.com\/#\/schema\/logo\/image\/","url":"https:\/\/grizzlyadam.co.uk\/wp-content\/uploads\/2019\/11\/gadamlogo.png","contentUrl":"https:\/\/grizzlyadam.co.uk\/wp-content\/uploads\/2019\/11\/gadamlogo.png","width":"200","height":"200","caption":"GRIZZLY ADAM"},"image":{"@id":"https:\/\/project1-mke5mv4jgx.live-website.com\/#\/schema\/logo\/image\/"},"sameAs":["https:\/\/www.facebook.com\/grizzlyadamuk","https:\/\/x.com\/grizzlyadamuk","https:\/\/www.instagram.com\/grizzlyadamuk\/"]}]}},"df_price":37.99,"df_sale_price":"","df_regular_price":37.99,"df_image_link":"https:\/\/grizzlyadam.co.uk\/wp-content\/uploads\/2019\/06\/productmain-300x300.jpg","_links":{"self":[{"href":"https:\/\/grizzlyadam.co.uk\/es\/wp-json\/wp\/v2\/product\/15752","targetHints":{"allow":["GET"]}}],"collection":[{"href":"https:\/\/grizzlyadam.co.uk\/es\/wp-json\/wp\/v2\/product"}],"about":[{"href":"https:\/\/grizzlyadam.co.uk\/es\/wp-json\/wp\/v2\/types\/product"}],"replies":[{"embeddable":true,"href":"https:\/\/grizzlyadam.co.uk\/es\/wp-json\/wp\/v2\/comments?post=15752"}],"wp:featuredmedia":[{"embeddable":true,"href":"https:\/\/grizzlyadam.co.uk\/es\/wp-json\/wp\/v2\/media\/21521"}],"wp:attachment":[{"href":"https:\/\/grizzlyadam.co.uk\/es\/wp-json\/wp\/v2\/media?parent=15752"}],"wp:term":[{"taxonomy":"product_brand","embeddable":true,"href":"https:\/\/grizzlyadam.co.uk\/es\/wp-json\/wp\/v2\/product_brand?post=15752"},{"taxonomy":"product_cat","embeddable":true,"href":"https:\/\/grizzlyadam.co.uk\/es\/wp-json\/wp\/v2\/product_cat?post=15752"},{"taxonomy":"product_tag","embeddable":true,"href":"https:\/\/grizzlyadam.co.uk\/es\/wp-json\/wp\/v2\/product_tag?post=15752"}],"curies":[{"name":"wp","href":"https:\/\/api.w.org\/{rel}","templated":true}]}}