{"id":155429,"date":"2023-10-04T19:06:16","date_gmt":"2023-10-04T18:06:16","guid":{"rendered":"https:\/\/grizzlyadam.co.uk\/?post_type=product&#038;p=155429"},"modified":"2026-02-22T20:55:01","modified_gmt":"2026-02-22T20:55:01","slug":"sevich-organic-beard-balm-the-ultimate-beard-care-solution-30g-tin","status":"publish","type":"product","link":"https:\/\/grizzlyadam.co.uk\/es\/producto\/sevich-organic-beard-balm-the-ultimate-beard-care-solution-30g-tin\/","title":{"rendered":"B\u00e1lsamo Org\u00e1nico para Barba Sevich: La soluci\u00f3n definitiva para el cuidado de la barba Lata de 30g"},"content":{"rendered":"<h1>Introducing the Sevich Organic Beard Balm, your go-to solution for achieving the perfect beard.<\/h1>\n<p>\ud83c\udf3f Made from natural, plant-based ingredients, this beard balm is designed to revolutionize your grooming routine. Say goodbye to greasy, overpowering beard products, and hello to a more natural and nourishing experience that&#8217;s perfect for daily use.<\/p>\n<p><strong>Ingredients:<\/strong><\/p>\n<p>Argan oil,Mango butter,Jojoba oil, Grapeseed oil, Beeswax,Sweet orange<\/p>\n<div class=\"flex-1 overflow-hidden\">\n<div class=\"react-scroll-to-bottom--css-ogume-79elbk h-full dark:bg-gray-800\">\n<div class=\"react-scroll-to-bottom--css-ogume-1n7m0yu\">\n<div class=\"flex flex-col text-sm dark:bg-gray-800\">\n<div class=\"group w-full text-token-text-primary border-b border-black\/10 gizmo:border-0 dark:border-gray-900\/50 gizmo:dark:border-0 bg-gray-50 gizmo:bg-transparent dark:bg-[#444654] gizmo:dark:bg-transparent\" data-testid=\"conversation-turn-5\">\n<div class=\"p-4 justify-center text-base md:gap-6 md:py-6 m-auto\">\n<div class=\"flex flex-1 gap-4 text-base mx-auto md:gap-6 gizmo:gap-3 gizmo:md:px-5 gizmo:lg:px-1 gizmo:xl:px-5 md:max-w-2xl lg:max-w-[38rem] gizmo:md:max-w-3xl gizmo:lg:max-w-[40rem] gizmo:xl:max-w-[48rem] xl:max-w-3xl }\">\n<div class=\"relative flex w-[calc(100%-50px)] flex-col gap-1 gizmo:w-full md:gap-3 lg:w-[calc(100%-115px)] agent-turn\">\n<div class=\"flex flex-grow flex-col gap-3 max-w-full\">\n<div class=\"min-h-[20px] flex flex-col items-start gap-3 whitespace-pre-wrap break-words overflow-x-auto\">\n<div class=\"markdown prose w-full break-words dark:prose-invert light\">\n<p><strong>Additional Information:<\/strong><\/p>\n<p>This beard balm is meticulously formulated with high-quality ingredients, including natural nourishers that deeply penetrate hair follicles. It repairs and activates dormant follicles, boosts nutrient absorption, and accelerates beard growth. A thick and healthy beard will boost your confidence.<\/p>\n<p><strong>Application Process:<\/strong><\/p>\n<p><strong>Step 1<\/strong>: Begin by washing your face and thoroughly cleaning it. Allow your skin to dry completely.<\/p>\n<p><strong>Step 2<\/strong>: Apply the Sevich Organic Beard Balm evenly over the roots of your beard. Gently massage it in, ensuring even coverage.<\/p>\n<p><strong>Step 3<\/strong>: Allow the essence to be naturally absorbed by your skin. The long-lasting effects will leave your beard looking and feeling its best.<\/p>\n<p>Upgrade your beard game with Sevich Organic Beard Balm and embrace the confidence of a perfectly groomed beard! \ud83e\uddd4\u2728<\/p>\n<\/div>\n<\/div>\n<\/div>\n<div class=\"flex justify-between empty:hidden lg:block\">\n<div class=\"text-gray-400 flex self-end lg:self-center justify-center gizmo:lg:justify-start mt-2 gizmo:mt-0 visible lg:gap-1 lg:absolute lg:top-0 lg:translate-x-full lg:right-0 lg:mt-0 lg:pl-2 gap-2 md:gap-3\">\n<p>&nbsp;<\/p>\n<div class=\"flex gap-1 gizmo:gap-3\"><\/div>\n<\/div>\n<\/div>\n<\/div>\n<\/div>\n<\/div>\n<\/div>\n<div class=\"h-32 md:h-48 flex-shrink-0\"><\/div>\n<\/div>\n<\/div>\n<\/div>\n<\/div>\n<div class=\"absolute bottom-0 left-0 w-full border-t md:border-t-0 dark:border-white\/20 md:border-transparent md:dark:border-transparent md:bg-vert-light-gradient bg-white dark:bg-gray-800 md:!bg-transparent dark:md:bg-vert-dark-gradient pt-2 md:pl-2 md:w-[calc(100%-.5rem)]\">\n<form class=\"stretch mx-2 flex flex-row gap-3 last:mb-2 md:mx-4 md:last:mb-6 lg:mx-auto lg:max-w-2xl xl:max-w-3xl\">\n<div class=\"relative flex h-full flex-1 items-stretch md:flex-col\">\n<div>\n<div class=\"h-full flex ml-1 md:w-full md:m-auto md:mb-4 gap-0 md:gap-2 justify-center\"><\/div>\n<\/div>\n<\/div>\n<\/form>\n<\/div>\n","protected":false},"excerpt":{"rendered":"<p>\u2728 <strong>Hidrataci\u00f3n profunda<\/strong>: La f\u00f3rmula \u00fanica de nuestro b\u00e1lsamo para la barba mantiene el vello facial y la piel hidratados, suaves y sanos durante todo el d\u00eda. Desde el primer uso, su barba ser\u00e1 m\u00e1s manejable y notablemente m\u00e1s suave.<\/p>\n<p>\ud83d\ude80 <strong>Favorece el r\u00e1pido crecimiento de la barba<\/strong>: Repleto de ingredientes de alta calidad y nutrientes naturales, este b\u00e1lsamo para la barba penetra profundamente en los fol\u00edculos pilosos, reparando y activando los inactivos. Mejora la absorci\u00f3n de nutrientes y acelera el crecimiento de la barba, permiti\u00e9ndote crear el estilo de barba de tus sue\u00f1os.<\/p>\n<p>\ud83c\udf81 <strong>Regalo perfecto<\/strong>: Ideal para regalar a su novio, marido, padre o amigos a los que les vendr\u00edan bien unos productos de primera para el cuidado de la barba. Nuestro aceite org\u00e1nico para el crecimiento de la barba, no graso y de r\u00e1pida absorci\u00f3n, deja el rostro con un aspecto fresco y saludable.<\/p>\n<p>\ud83e\uddd4 <strong>Facilita el estilismo<\/strong>: Con nuestro b\u00e1lsamo para barba, un poco da para mucho. Basta con aplicarlo, peinarlo y masajear para que se absorba. Observa c\u00f3mo hidrata, suaviza y acondiciona tu barba, bigote o perilla, garantizando que tu rostro desprenda frescura y vitalidad.<\/p>\n<p>\ud83c\udf3f <strong>Ingredientes naturales<\/strong>: Elaborado con ingredientes naturales 100% para garantizar que no se produzcan irritaciones en la piel ni en la barba. Utilizamos el mejor aceite de arg\u00e1n, aceite de jojoba, aceite esencial de aloe y aceite de vitamina E para acondicionar y suavizar el vello facial, haciendo que el aseo sea m\u00e1s f\u00e1cil y m\u00e1s sexy.<\/p>\n<p>\ud83c\udf81\ud83c\udf81\ud83c\udf81\ud83c\udf81 <strong>\u00a1Ponte en forma! Compra 2 b\u00e1lsamos para barba y ll\u00e9vate el tercero GRATIS \ud83c\udf81\ud83c\udf81\ud83c\udf81\ud83c\udf81<\/strong><\/p>","protected":false},"featured_media":155431,"comment_status":"closed","ping_status":"closed","template":"","meta":[],"product_brand":[],"product_cat":[69,250,90],"product_tag":[75,205,95],"class_list":{"0":"post-155429","1":"product","2":"type-product","3":"status-publish","4":"has-post-thumbnail","6":"product_cat-beard-balm","7":"product_cat-beard-growth","8":"product_cat-hair-care","9":"product_tag-balm","10":"product_tag-beard","11":"product_tag-hair","13":"first","14":"instock","15":"taxable","16":"shipping-taxable","17":"purchasable","18":"product-type-simple"},"yoast_head":"<!-- This site is optimized with the Yoast SEO plugin v27.2 - https:\/\/yoast.com\/product\/yoast-seo-wordpress\/ -->\n<title>Sevich Organic Beard Balm: The Ultimate Beard Care Solution 30g Tin - Grizzly Adam<\/title>\n<meta name=\"description\" content=\"Elevate your beard game with Sevich Organic Beard Balm. \ud83c\udf3f Experience deep moisturization, accelerated beard growth, and all-natural goodness in every application. Say hello to a softer, healthier beard today!\" \/>\n<meta name=\"robots\" content=\"index, follow, max-snippet:-1, max-image-preview:large, max-video-preview:-1\" \/>\n<link rel=\"canonical\" href=\"https:\/\/grizzlyadam.co.uk\/es\/producto\/sevich-organic-beard-balm-the-ultimate-beard-care-solution-30g-tin\/\" \/>\n<meta property=\"og:locale\" content=\"es_ES\" \/>\n<meta property=\"og:type\" content=\"article\" \/>\n<meta property=\"og:title\" content=\"Sevich Organic Beard Balm: The Ultimate Beard Care Solution 30g Tin - Grizzly Adam\" \/>\n<meta property=\"og:description\" content=\"Elevate your beard game with Sevich Organic Beard Balm. \ud83c\udf3f Experience deep moisturization, accelerated beard growth, and all-natural goodness in every application. Say hello to a softer, healthier beard today!\" \/>\n<meta property=\"og:url\" content=\"https:\/\/grizzlyadam.co.uk\/es\/producto\/sevich-organic-beard-balm-the-ultimate-beard-care-solution-30g-tin\/\" \/>\n<meta property=\"og:site_name\" content=\"Grizzly Adam\" \/>\n<meta property=\"article:publisher\" content=\"https:\/\/www.facebook.com\/grizzlyadamuk\" \/>\n<meta property=\"article:modified_time\" content=\"2026-02-22T20:55:01+00:00\" \/>\n<meta property=\"og:image\" content=\"https:\/\/grizzlyadam.co.uk\/wp-content\/uploads\/2023\/10\/30g-beard-balm.jpg\" \/>\n\t<meta property=\"og:image:width\" content=\"800\" \/>\n\t<meta property=\"og:image:height\" content=\"800\" \/>\n\t<meta property=\"og:image:type\" content=\"image\/jpeg\" \/>\n<meta name=\"twitter:card\" content=\"summary_large_image\" \/>\n<meta name=\"twitter:site\" content=\"@grizzlyadamuk\" \/>\n<meta name=\"twitter:label1\" content=\"Tiempo de lectura\" \/>\n\t<meta name=\"twitter:data1\" content=\"1 minuto\" \/>\n<script type=\"application\/ld+json\" class=\"yoast-schema-graph\">{\"@context\":\"https:\/\/schema.org\",\"@graph\":[{\"@type\":\"WebPage\",\"@id\":\"https:\/\/grizzlyadam.co.uk\/product\/sevich-organic-beard-balm-the-ultimate-beard-care-solution-30g-tin\/\",\"url\":\"https:\/\/grizzlyadam.co.uk\/product\/sevich-organic-beard-balm-the-ultimate-beard-care-solution-30g-tin\/\",\"name\":\"Sevich Organic Beard Balm: The Ultimate Beard Care Solution 30g Tin - Grizzly Adam\",\"isPartOf\":{\"@id\":\"https:\/\/project1-mke5mv4jgx.live-website.com\/#website\"},\"primaryImageOfPage\":{\"@id\":\"https:\/\/grizzlyadam.co.uk\/product\/sevich-organic-beard-balm-the-ultimate-beard-care-solution-30g-tin\/#primaryimage\"},\"image\":{\"@id\":\"https:\/\/grizzlyadam.co.uk\/product\/sevich-organic-beard-balm-the-ultimate-beard-care-solution-30g-tin\/#primaryimage\"},\"thumbnailUrl\":\"https:\/\/grizzlyadam.co.uk\/wp-content\/uploads\/2023\/10\/30g-beard-balm.jpg\",\"datePublished\":\"2023-10-04T18:06:16+00:00\",\"dateModified\":\"2026-02-22T20:55:01+00:00\",\"description\":\"Elevate your beard game with Sevich Organic Beard Balm. \ud83c\udf3f Experience deep moisturization, accelerated beard growth, and all-natural goodness in every application. Say hello to a softer, healthier beard today!\",\"breadcrumb\":{\"@id\":\"https:\/\/grizzlyadam.co.uk\/product\/sevich-organic-beard-balm-the-ultimate-beard-care-solution-30g-tin\/#breadcrumb\"},\"inLanguage\":\"es\",\"potentialAction\":[{\"@type\":\"ReadAction\",\"target\":[\"https:\/\/grizzlyadam.co.uk\/product\/sevich-organic-beard-balm-the-ultimate-beard-care-solution-30g-tin\/\"]}]},{\"@type\":\"ImageObject\",\"inLanguage\":\"es\",\"@id\":\"https:\/\/grizzlyadam.co.uk\/product\/sevich-organic-beard-balm-the-ultimate-beard-care-solution-30g-tin\/#primaryimage\",\"url\":\"https:\/\/grizzlyadam.co.uk\/wp-content\/uploads\/2023\/10\/30g-beard-balm.jpg\",\"contentUrl\":\"https:\/\/grizzlyadam.co.uk\/wp-content\/uploads\/2023\/10\/30g-beard-balm.jpg\",\"width\":800,\"height\":800},{\"@type\":\"BreadcrumbList\",\"@id\":\"https:\/\/grizzlyadam.co.uk\/product\/sevich-organic-beard-balm-the-ultimate-beard-care-solution-30g-tin\/#breadcrumb\",\"itemListElement\":[{\"@type\":\"ListItem\",\"position\":1,\"name\":\"Home\",\"item\":\"https:\/\/grizzlyadam.co.uk\/\"},{\"@type\":\"ListItem\",\"position\":2,\"name\":\"Shop\",\"item\":\"https:\/\/project1-mke5mv4jgx.live-website.com\/shop\/\"},{\"@type\":\"ListItem\",\"position\":3,\"name\":\"Sevich Organic Beard Balm: The Ultimate Beard Care Solution 30g Tin\"}]},{\"@type\":\"WebSite\",\"@id\":\"https:\/\/project1-mke5mv4jgx.live-website.com\/#website\",\"url\":\"https:\/\/project1-mke5mv4jgx.live-website.com\/\",\"name\":\"Grizzly Adam\",\"description\":\"Beard Oil And Grooming Products For Gentlemen\",\"publisher\":{\"@id\":\"https:\/\/project1-mke5mv4jgx.live-website.com\/#organization\"},\"potentialAction\":[{\"@type\":\"SearchAction\",\"target\":{\"@type\":\"EntryPoint\",\"urlTemplate\":\"https:\/\/project1-mke5mv4jgx.live-website.com\/?s={search_term_string}\"},\"query-input\":{\"@type\":\"PropertyValueSpecification\",\"valueRequired\":true,\"valueName\":\"search_term_string\"}}],\"inLanguage\":\"es\"},{\"@type\":\"Organization\",\"@id\":\"https:\/\/project1-mke5mv4jgx.live-website.com\/#organization\",\"name\":\"GRIZZLY ADAM\",\"url\":\"https:\/\/project1-mke5mv4jgx.live-website.com\/\",\"logo\":{\"@type\":\"ImageObject\",\"inLanguage\":\"es\",\"@id\":\"https:\/\/project1-mke5mv4jgx.live-website.com\/#\/schema\/logo\/image\/\",\"url\":\"https:\/\/grizzlyadam.co.uk\/wp-content\/uploads\/2019\/11\/gadamlogo.png\",\"contentUrl\":\"https:\/\/grizzlyadam.co.uk\/wp-content\/uploads\/2019\/11\/gadamlogo.png\",\"width\":\"200\",\"height\":\"200\",\"caption\":\"GRIZZLY ADAM\"},\"image\":{\"@id\":\"https:\/\/project1-mke5mv4jgx.live-website.com\/#\/schema\/logo\/image\/\"},\"sameAs\":[\"https:\/\/www.facebook.com\/grizzlyadamuk\",\"https:\/\/x.com\/grizzlyadamuk\",\"https:\/\/www.instagram.com\/grizzlyadamuk\/\"]}]}<\/script>\n<!-- \/ Yoast SEO plugin. -->","yoast_head_json":{"title":"Sevich Organic Beard Balm: The Ultimate Beard Care Solution 30g Tin - Grizzly Adam","description":"Elevate your beard game with Sevich Organic Beard Balm. \ud83c\udf3f Experience deep moisturization, accelerated beard growth, and all-natural goodness in every application. Say hello to a softer, healthier beard today!","robots":{"index":"index","follow":"follow","max-snippet":"max-snippet:-1","max-image-preview":"max-image-preview:large","max-video-preview":"max-video-preview:-1"},"canonical":"https:\/\/grizzlyadam.co.uk\/es\/producto\/sevich-organic-beard-balm-the-ultimate-beard-care-solution-30g-tin\/","og_locale":"es_ES","og_type":"article","og_title":"Sevich Organic Beard Balm: The Ultimate Beard Care Solution 30g Tin - Grizzly Adam","og_description":"Elevate your beard game with Sevich Organic Beard Balm. \ud83c\udf3f Experience deep moisturization, accelerated beard growth, and all-natural goodness in every application. Say hello to a softer, healthier beard today!","og_url":"https:\/\/grizzlyadam.co.uk\/es\/producto\/sevich-organic-beard-balm-the-ultimate-beard-care-solution-30g-tin\/","og_site_name":"Grizzly Adam","article_publisher":"https:\/\/www.facebook.com\/grizzlyadamuk","article_modified_time":"2026-02-22T20:55:01+00:00","og_image":[{"width":800,"height":800,"url":"https:\/\/grizzlyadam.co.uk\/wp-content\/uploads\/2023\/10\/30g-beard-balm.jpg","type":"image\/jpeg"}],"twitter_card":"summary_large_image","twitter_site":"@grizzlyadamuk","twitter_misc":{"Tiempo de lectura":"1 minuto"},"schema":{"@context":"https:\/\/schema.org","@graph":[{"@type":"WebPage","@id":"https:\/\/grizzlyadam.co.uk\/product\/sevich-organic-beard-balm-the-ultimate-beard-care-solution-30g-tin\/","url":"https:\/\/grizzlyadam.co.uk\/product\/sevich-organic-beard-balm-the-ultimate-beard-care-solution-30g-tin\/","name":"Sevich Organic Beard Balm: The Ultimate Beard Care Solution 30g Tin - Grizzly Adam","isPartOf":{"@id":"https:\/\/project1-mke5mv4jgx.live-website.com\/#website"},"primaryImageOfPage":{"@id":"https:\/\/grizzlyadam.co.uk\/product\/sevich-organic-beard-balm-the-ultimate-beard-care-solution-30g-tin\/#primaryimage"},"image":{"@id":"https:\/\/grizzlyadam.co.uk\/product\/sevich-organic-beard-balm-the-ultimate-beard-care-solution-30g-tin\/#primaryimage"},"thumbnailUrl":"https:\/\/grizzlyadam.co.uk\/wp-content\/uploads\/2023\/10\/30g-beard-balm.jpg","datePublished":"2023-10-04T18:06:16+00:00","dateModified":"2026-02-22T20:55:01+00:00","description":"Elevate your beard game with Sevich Organic Beard Balm. \ud83c\udf3f Experience deep moisturization, accelerated beard growth, and all-natural goodness in every application. Say hello to a softer, healthier beard today!","breadcrumb":{"@id":"https:\/\/grizzlyadam.co.uk\/product\/sevich-organic-beard-balm-the-ultimate-beard-care-solution-30g-tin\/#breadcrumb"},"inLanguage":"es","potentialAction":[{"@type":"ReadAction","target":["https:\/\/grizzlyadam.co.uk\/product\/sevich-organic-beard-balm-the-ultimate-beard-care-solution-30g-tin\/"]}]},{"@type":"ImageObject","inLanguage":"es","@id":"https:\/\/grizzlyadam.co.uk\/product\/sevich-organic-beard-balm-the-ultimate-beard-care-solution-30g-tin\/#primaryimage","url":"https:\/\/grizzlyadam.co.uk\/wp-content\/uploads\/2023\/10\/30g-beard-balm.jpg","contentUrl":"https:\/\/grizzlyadam.co.uk\/wp-content\/uploads\/2023\/10\/30g-beard-balm.jpg","width":800,"height":800},{"@type":"BreadcrumbList","@id":"https:\/\/grizzlyadam.co.uk\/product\/sevich-organic-beard-balm-the-ultimate-beard-care-solution-30g-tin\/#breadcrumb","itemListElement":[{"@type":"ListItem","position":1,"name":"Home","item":"https:\/\/grizzlyadam.co.uk\/"},{"@type":"ListItem","position":2,"name":"Shop","item":"https:\/\/project1-mke5mv4jgx.live-website.com\/shop\/"},{"@type":"ListItem","position":3,"name":"Sevich Organic Beard Balm: The Ultimate Beard Care Solution 30g Tin"}]},{"@type":"WebSite","@id":"https:\/\/project1-mke5mv4jgx.live-website.com\/#website","url":"https:\/\/project1-mke5mv4jgx.live-website.com\/","name":"Grizzly Adam","description":"Aceite para barba y productos de aseo para caballeros","publisher":{"@id":"https:\/\/project1-mke5mv4jgx.live-website.com\/#organization"},"potentialAction":[{"@type":"SearchAction","target":{"@type":"EntryPoint","urlTemplate":"https:\/\/project1-mke5mv4jgx.live-website.com\/?s={search_term_string}"},"query-input":{"@type":"PropertyValueSpecification","valueRequired":true,"valueName":"search_term_string"}}],"inLanguage":"es"},{"@type":"Organization","@id":"https:\/\/project1-mke5mv4jgx.live-website.com\/#organization","name":"GRIZZLY ADAM","url":"https:\/\/project1-mke5mv4jgx.live-website.com\/","logo":{"@type":"ImageObject","inLanguage":"es","@id":"https:\/\/project1-mke5mv4jgx.live-website.com\/#\/schema\/logo\/image\/","url":"https:\/\/grizzlyadam.co.uk\/wp-content\/uploads\/2019\/11\/gadamlogo.png","contentUrl":"https:\/\/grizzlyadam.co.uk\/wp-content\/uploads\/2019\/11\/gadamlogo.png","width":"200","height":"200","caption":"GRIZZLY ADAM"},"image":{"@id":"https:\/\/project1-mke5mv4jgx.live-website.com\/#\/schema\/logo\/image\/"},"sameAs":["https:\/\/www.facebook.com\/grizzlyadamuk","https:\/\/x.com\/grizzlyadamuk","https:\/\/www.instagram.com\/grizzlyadamuk\/"]}]}},"df_price":11.99,"df_sale_price":"","df_regular_price":11.99,"df_image_link":"https:\/\/grizzlyadam.co.uk\/wp-content\/uploads\/2023\/10\/30g-beard-balm-300x300.jpg","_links":{"self":[{"href":"https:\/\/grizzlyadam.co.uk\/es\/wp-json\/wp\/v2\/product\/155429","targetHints":{"allow":["GET"]}}],"collection":[{"href":"https:\/\/grizzlyadam.co.uk\/es\/wp-json\/wp\/v2\/product"}],"about":[{"href":"https:\/\/grizzlyadam.co.uk\/es\/wp-json\/wp\/v2\/types\/product"}],"replies":[{"embeddable":true,"href":"https:\/\/grizzlyadam.co.uk\/es\/wp-json\/wp\/v2\/comments?post=155429"}],"wp:featuredmedia":[{"embeddable":true,"href":"https:\/\/grizzlyadam.co.uk\/es\/wp-json\/wp\/v2\/media\/155431"}],"wp:attachment":[{"href":"https:\/\/grizzlyadam.co.uk\/es\/wp-json\/wp\/v2\/media?parent=155429"}],"wp:term":[{"taxonomy":"product_brand","embeddable":true,"href":"https:\/\/grizzlyadam.co.uk\/es\/wp-json\/wp\/v2\/product_brand?post=155429"},{"taxonomy":"product_cat","embeddable":true,"href":"https:\/\/grizzlyadam.co.uk\/es\/wp-json\/wp\/v2\/product_cat?post=155429"},{"taxonomy":"product_tag","embeddable":true,"href":"https:\/\/grizzlyadam.co.uk\/es\/wp-json\/wp\/v2\/product_tag?post=155429"}],"curies":[{"name":"wp","href":"https:\/\/api.w.org\/{rel}","templated":true}]}}