{"id":154149,"date":"2023-07-27T08:13:43","date_gmt":"2023-07-27T07:13:43","guid":{"rendered":"https:\/\/grizzlyadam.co.uk\/product\/mens-cool-vest-beard-lives-matter-save-them-dont-shave-them\/"},"modified":"2023-07-27T08:25:18","modified_gmt":"2023-07-27T07:25:18","slug":"mens-cool-vest-beard-lives-matter-save-them-dont-shave-them","status":"publish","type":"product","link":"https:\/\/grizzlyadam.co.uk\/es\/producto\/mens-cool-vest-beard-lives-matter-save-them-dont-shave-them\/","title":{"rendered":"Chaleco para hombre Beard Lives Matter s\u00e1lvalos no los afeites"},"content":{"rendered":"<ul>\n<li><strong>Haz una declaraci\u00f3n de estilo:<\/strong> Nuestro chaleco Cool para hombre muestra con orgullo el poderoso mensaje \"Las vidas de las barbas importan, s\u00e1lvalas, no las afeites\" en un dise\u00f1o atrevido y llamativo. Para los entusiastas de la barba que se enorgullecen de su vello facial, este chaleco no es s\u00f3lo una prenda de vestir; es una declaraci\u00f3n de identidad y camarader\u00eda. Ll\u00e9valo con confianza y deja que el mundo sepa que tu barba es un s\u00edmbolo de fuerza e individualidad.<\/li>\n<li><strong>El rendimiento se une a la comodidad:<\/strong> Confeccionado con material de poli\u00e9ster 100%, este chaleco Cool ofrece un ajuste deportivo que garantiza un movimiento sin restricciones durante cualquier actividad. Tanto si vas al gimnasio como si disfrutas de aventuras al aire libre o simplemente sales con los amigos, el tejido ligero y transpirable del chaleco te mantendr\u00e1 c\u00f3modo todo el d\u00eda. Adem\u00e1s, con protecci\u00f3n UV UPF 30+, protege tu piel y tu barba de los da\u00f1inos rayos del sol, lo que lo convierte en el compa\u00f1ero ideal para cualquier entusiasta de las actividades al aire libre.<\/li>\n<li><strong>Producci\u00f3n responsable para un mundo mejor:<\/strong> Nos preocupamos por el planeta y por las personas que fabrican nuestros productos, por eso nuestro chaleco Cool est\u00e1 certificado por la Worldwide Responsible Accredited Production (WRAP). Al elegir este chaleco, no s\u00f3lo est\u00e1s abrazando tu amor por la barba; tambi\u00e9n est\u00e1s apoyando pr\u00e1cticas de producci\u00f3n \u00e9ticas y sostenibles. \u00danete a la comunidad global de entusiastas de la barba y lleva este chaleco con orgullo, sabiendo que representa un compromiso con un mundo mejor.<\/li>\n<\/ul>\n<p>&nbsp;<\/p>","protected":false},"excerpt":{"rendered":"<p>Idea de regalo para pap\u00e1s con barba. Divertido regalo del D\u00eda del Padre para tu padre, marido, hijo o t\u00edo al que le encanta la barba.<\/p>\n<ul>\n<li>Confeccionado con material de poli\u00e9ster 100%, este chaleco Cool ofrece un ajuste deportivo que garantiza un movimiento sin restricciones durante cualquier actividad.<\/li>\n<li>Al elegir este chaleco, no s\u00f3lo abrazas tu amor por la barba, sino que tambi\u00e9n apoyas pr\u00e1cticas de producci\u00f3n \u00e9ticas y sostenibles.<\/li>\n<\/ul>","protected":false},"featured_media":154151,"comment_status":"closed","ping_status":"closed","template":"","meta":[],"product_brand":[],"product_cat":[102],"product_tag":[],"class_list":{"0":"post-154149","1":"product","2":"type-product","3":"status-publish","4":"has-post-thumbnail","6":"product_cat-apparel","8":"first","9":"instock","10":"taxable","11":"shipping-taxable","12":"purchasable","13":"product-type-variable"},"yoast_head":"<!-- This site is optimized with the Yoast SEO plugin v27.4 - https:\/\/yoast.com\/product\/yoast-seo-wordpress\/ -->\n<title>Men&#039;s Cool Vest Beard Lives Matter save Them Don&#039;t Shave Them - Grizzly Adam<\/title>\n<meta name=\"robots\" content=\"index, follow, max-snippet:-1, max-image-preview:large, max-video-preview:-1\" \/>\n<link rel=\"canonical\" href=\"https:\/\/grizzlyadam.co.uk\/es\/producto\/mens-cool-vest-beard-lives-matter-save-them-dont-shave-them\/\" \/>\n<meta property=\"og:locale\" content=\"es_ES\" \/>\n<meta property=\"og:type\" content=\"article\" \/>\n<meta property=\"og:title\" content=\"Men&#039;s Cool Vest Beard Lives Matter save Them Don&#039;t Shave Them - Grizzly Adam\" \/>\n<meta property=\"og:description\" content=\"Gift idea for Dad&#039;s with beards. Funny Father&#039;s Day gift for your dad, husband, son or uncle who loves his beard.   Crafted with 100% Polyester material, this Cool Vest offers a sporty fit that ensures unrestricted movement during any activity.  By choosing this vest, you&#039;re not just embracing your love for beards; you&#039;re also supporting ethical and sustainable production practices.\" \/>\n<meta property=\"og:url\" content=\"https:\/\/grizzlyadam.co.uk\/es\/producto\/mens-cool-vest-beard-lives-matter-save-them-dont-shave-them\/\" \/>\n<meta property=\"og:site_name\" content=\"Grizzly Adam\" \/>\n<meta property=\"article:publisher\" content=\"https:\/\/www.facebook.com\/grizzlyadamuk\" \/>\n<meta property=\"article:modified_time\" content=\"2023-07-27T07:25:18+00:00\" \/>\n<meta property=\"og:image\" content=\"https:\/\/project1-mke5mv4jgx.live-website.com\/wp-content\/uploads\/2023\/07\/mockup-3.png\" \/>\n\t<meta property=\"og:image:width\" content=\"1024\" \/>\n\t<meta property=\"og:image:height\" content=\"1200\" \/>\n\t<meta property=\"og:image:type\" content=\"image\/png\" \/>\n<meta name=\"twitter:card\" content=\"summary_large_image\" \/>\n<meta name=\"twitter:site\" content=\"@grizzlyadamuk\" \/>\n<meta name=\"twitter:label1\" content=\"Tiempo de lectura\" \/>\n\t<meta name=\"twitter:data1\" content=\"1 minuto\" \/>\n<script type=\"application\/ld+json\" class=\"yoast-schema-graph\">{\"@context\":\"https:\\\/\\\/schema.org\",\"@graph\":[{\"@type\":\"WebPage\",\"@id\":\"https:\\\/\\\/grizzlyadam.co.uk\\\/product\\\/mens-cool-vest-beard-lives-matter-save-them-dont-shave-them\\\/\",\"url\":\"https:\\\/\\\/grizzlyadam.co.uk\\\/product\\\/mens-cool-vest-beard-lives-matter-save-them-dont-shave-them\\\/\",\"name\":\"Men's Cool Vest Beard Lives Matter save Them Don't Shave Them - Grizzly Adam\",\"isPartOf\":{\"@id\":\"https:\\\/\\\/project1-mke5mv4jgx.live-website.com\\\/#website\"},\"primaryImageOfPage\":{\"@id\":\"https:\\\/\\\/grizzlyadam.co.uk\\\/product\\\/mens-cool-vest-beard-lives-matter-save-them-dont-shave-them\\\/#primaryimage\"},\"image\":{\"@id\":\"https:\\\/\\\/grizzlyadam.co.uk\\\/product\\\/mens-cool-vest-beard-lives-matter-save-them-dont-shave-them\\\/#primaryimage\"},\"thumbnailUrl\":\"https:\\\/\\\/grizzlyadam.co.uk\\\/wp-content\\\/uploads\\\/2023\\\/07\\\/mockup-3.png\",\"datePublished\":\"2023-07-27T07:13:43+00:00\",\"dateModified\":\"2023-07-27T07:25:18+00:00\",\"breadcrumb\":{\"@id\":\"https:\\\/\\\/grizzlyadam.co.uk\\\/product\\\/mens-cool-vest-beard-lives-matter-save-them-dont-shave-them\\\/#breadcrumb\"},\"inLanguage\":\"es\",\"potentialAction\":[{\"@type\":\"ReadAction\",\"target\":[\"https:\\\/\\\/grizzlyadam.co.uk\\\/product\\\/mens-cool-vest-beard-lives-matter-save-them-dont-shave-them\\\/\"]}]},{\"@type\":\"ImageObject\",\"inLanguage\":\"es\",\"@id\":\"https:\\\/\\\/grizzlyadam.co.uk\\\/product\\\/mens-cool-vest-beard-lives-matter-save-them-dont-shave-them\\\/#primaryimage\",\"url\":\"https:\\\/\\\/grizzlyadam.co.uk\\\/wp-content\\\/uploads\\\/2023\\\/07\\\/mockup-3.png\",\"contentUrl\":\"https:\\\/\\\/grizzlyadam.co.uk\\\/wp-content\\\/uploads\\\/2023\\\/07\\\/mockup-3.png\",\"width\":1024,\"height\":1200},{\"@type\":\"BreadcrumbList\",\"@id\":\"https:\\\/\\\/grizzlyadam.co.uk\\\/product\\\/mens-cool-vest-beard-lives-matter-save-them-dont-shave-them\\\/#breadcrumb\",\"itemListElement\":[{\"@type\":\"ListItem\",\"position\":1,\"name\":\"Home\",\"item\":\"https:\\\/\\\/grizzlyadam.co.uk\\\/\"},{\"@type\":\"ListItem\",\"position\":2,\"name\":\"Shop\",\"item\":\"https:\\\/\\\/project1-mke5mv4jgx.live-website.com\\\/shop\\\/\"},{\"@type\":\"ListItem\",\"position\":3,\"name\":\"Men&#8217;s Cool Vest Beard Lives Matter save Them Don&#8217;t Shave Them\"}]},{\"@type\":\"WebSite\",\"@id\":\"https:\\\/\\\/project1-mke5mv4jgx.live-website.com\\\/#website\",\"url\":\"https:\\\/\\\/project1-mke5mv4jgx.live-website.com\\\/\",\"name\":\"Grizzly Adam\",\"description\":\"Beard Oil And Grooming Products For Gentlemen\",\"publisher\":{\"@id\":\"https:\\\/\\\/project1-mke5mv4jgx.live-website.com\\\/#organization\"},\"potentialAction\":[{\"@type\":\"SearchAction\",\"target\":{\"@type\":\"EntryPoint\",\"urlTemplate\":\"https:\\\/\\\/project1-mke5mv4jgx.live-website.com\\\/?s={search_term_string}\"},\"query-input\":{\"@type\":\"PropertyValueSpecification\",\"valueRequired\":true,\"valueName\":\"search_term_string\"}}],\"inLanguage\":\"es\"},{\"@type\":\"Organization\",\"@id\":\"https:\\\/\\\/project1-mke5mv4jgx.live-website.com\\\/#organization\",\"name\":\"GRIZZLY ADAM\",\"url\":\"https:\\\/\\\/project1-mke5mv4jgx.live-website.com\\\/\",\"logo\":{\"@type\":\"ImageObject\",\"inLanguage\":\"es\",\"@id\":\"https:\\\/\\\/project1-mke5mv4jgx.live-website.com\\\/#\\\/schema\\\/logo\\\/image\\\/\",\"url\":\"https:\\\/\\\/grizzlyadam.co.uk\\\/wp-content\\\/uploads\\\/2019\\\/11\\\/gadamlogo.png\",\"contentUrl\":\"https:\\\/\\\/grizzlyadam.co.uk\\\/wp-content\\\/uploads\\\/2019\\\/11\\\/gadamlogo.png\",\"width\":\"200\",\"height\":\"200\",\"caption\":\"GRIZZLY ADAM\"},\"image\":{\"@id\":\"https:\\\/\\\/project1-mke5mv4jgx.live-website.com\\\/#\\\/schema\\\/logo\\\/image\\\/\"},\"sameAs\":[\"https:\\\/\\\/www.facebook.com\\\/grizzlyadamuk\",\"https:\\\/\\\/x.com\\\/grizzlyadamuk\",\"https:\\\/\\\/www.instagram.com\\\/grizzlyadamuk\\\/\"]}]}<\/script>\n<!-- \/ Yoast SEO plugin. -->","yoast_head_json":{"title":"Men's Cool Vest Beard Lives Matter save Them Don't Shave Them - Grizzly Adam","robots":{"index":"index","follow":"follow","max-snippet":"max-snippet:-1","max-image-preview":"max-image-preview:large","max-video-preview":"max-video-preview:-1"},"canonical":"https:\/\/grizzlyadam.co.uk\/es\/producto\/mens-cool-vest-beard-lives-matter-save-them-dont-shave-them\/","og_locale":"es_ES","og_type":"article","og_title":"Men's Cool Vest Beard Lives Matter save Them Don't Shave Them - Grizzly Adam","og_description":"Gift idea for Dad's with beards. Funny Father's Day gift for your dad, husband, son or uncle who loves his beard.   Crafted with 100% Polyester material, this Cool Vest offers a sporty fit that ensures unrestricted movement during any activity.  By choosing this vest, you're not just embracing your love for beards; you're also supporting ethical and sustainable production practices.","og_url":"https:\/\/grizzlyadam.co.uk\/es\/producto\/mens-cool-vest-beard-lives-matter-save-them-dont-shave-them\/","og_site_name":"Grizzly Adam","article_publisher":"https:\/\/www.facebook.com\/grizzlyadamuk","article_modified_time":"2023-07-27T07:25:18+00:00","og_image":[{"width":1024,"height":1200,"url":"https:\/\/project1-mke5mv4jgx.live-website.com\/wp-content\/uploads\/2023\/07\/mockup-3.png","type":"image\/png"}],"twitter_card":"summary_large_image","twitter_site":"@grizzlyadamuk","twitter_misc":{"Tiempo de lectura":"1 minuto"},"schema":{"@context":"https:\/\/schema.org","@graph":[{"@type":"WebPage","@id":"https:\/\/grizzlyadam.co.uk\/product\/mens-cool-vest-beard-lives-matter-save-them-dont-shave-them\/","url":"https:\/\/grizzlyadam.co.uk\/product\/mens-cool-vest-beard-lives-matter-save-them-dont-shave-them\/","name":"Men's Cool Vest Beard Lives Matter save Them Don't Shave Them - Grizzly Adam","isPartOf":{"@id":"https:\/\/project1-mke5mv4jgx.live-website.com\/#website"},"primaryImageOfPage":{"@id":"https:\/\/grizzlyadam.co.uk\/product\/mens-cool-vest-beard-lives-matter-save-them-dont-shave-them\/#primaryimage"},"image":{"@id":"https:\/\/grizzlyadam.co.uk\/product\/mens-cool-vest-beard-lives-matter-save-them-dont-shave-them\/#primaryimage"},"thumbnailUrl":"https:\/\/grizzlyadam.co.uk\/wp-content\/uploads\/2023\/07\/mockup-3.png","datePublished":"2023-07-27T07:13:43+00:00","dateModified":"2023-07-27T07:25:18+00:00","breadcrumb":{"@id":"https:\/\/grizzlyadam.co.uk\/product\/mens-cool-vest-beard-lives-matter-save-them-dont-shave-them\/#breadcrumb"},"inLanguage":"es","potentialAction":[{"@type":"ReadAction","target":["https:\/\/grizzlyadam.co.uk\/product\/mens-cool-vest-beard-lives-matter-save-them-dont-shave-them\/"]}]},{"@type":"ImageObject","inLanguage":"es","@id":"https:\/\/grizzlyadam.co.uk\/product\/mens-cool-vest-beard-lives-matter-save-them-dont-shave-them\/#primaryimage","url":"https:\/\/grizzlyadam.co.uk\/wp-content\/uploads\/2023\/07\/mockup-3.png","contentUrl":"https:\/\/grizzlyadam.co.uk\/wp-content\/uploads\/2023\/07\/mockup-3.png","width":1024,"height":1200},{"@type":"BreadcrumbList","@id":"https:\/\/grizzlyadam.co.uk\/product\/mens-cool-vest-beard-lives-matter-save-them-dont-shave-them\/#breadcrumb","itemListElement":[{"@type":"ListItem","position":1,"name":"Home","item":"https:\/\/grizzlyadam.co.uk\/"},{"@type":"ListItem","position":2,"name":"Shop","item":"https:\/\/project1-mke5mv4jgx.live-website.com\/shop\/"},{"@type":"ListItem","position":3,"name":"Men&#8217;s Cool Vest Beard Lives Matter save Them Don&#8217;t Shave Them"}]},{"@type":"WebSite","@id":"https:\/\/project1-mke5mv4jgx.live-website.com\/#website","url":"https:\/\/project1-mke5mv4jgx.live-website.com\/","name":"Grizzly Adam","description":"Aceite para barba y productos de aseo para caballeros","publisher":{"@id":"https:\/\/project1-mke5mv4jgx.live-website.com\/#organization"},"potentialAction":[{"@type":"SearchAction","target":{"@type":"EntryPoint","urlTemplate":"https:\/\/project1-mke5mv4jgx.live-website.com\/?s={search_term_string}"},"query-input":{"@type":"PropertyValueSpecification","valueRequired":true,"valueName":"search_term_string"}}],"inLanguage":"es"},{"@type":"Organization","@id":"https:\/\/project1-mke5mv4jgx.live-website.com\/#organization","name":"GRIZZLY ADAM","url":"https:\/\/project1-mke5mv4jgx.live-website.com\/","logo":{"@type":"ImageObject","inLanguage":"es","@id":"https:\/\/project1-mke5mv4jgx.live-website.com\/#\/schema\/logo\/image\/","url":"https:\/\/grizzlyadam.co.uk\/wp-content\/uploads\/2019\/11\/gadamlogo.png","contentUrl":"https:\/\/grizzlyadam.co.uk\/wp-content\/uploads\/2019\/11\/gadamlogo.png","width":"200","height":"200","caption":"GRIZZLY ADAM"},"image":{"@id":"https:\/\/project1-mke5mv4jgx.live-website.com\/#\/schema\/logo\/image\/"},"sameAs":["https:\/\/www.facebook.com\/grizzlyadamuk","https:\/\/x.com\/grizzlyadamuk","https:\/\/www.instagram.com\/grizzlyadamuk\/"]}]}},"df_price":17.99,"df_sale_price":"","df_regular_price":17.99,"df_image_link":"https:\/\/grizzlyadam.co.uk\/wp-content\/uploads\/2023\/07\/mockup-3-256x300.png","_links":{"self":[{"href":"https:\/\/grizzlyadam.co.uk\/es\/wp-json\/wp\/v2\/product\/154149","targetHints":{"allow":["GET"]}}],"collection":[{"href":"https:\/\/grizzlyadam.co.uk\/es\/wp-json\/wp\/v2\/product"}],"about":[{"href":"https:\/\/grizzlyadam.co.uk\/es\/wp-json\/wp\/v2\/types\/product"}],"replies":[{"embeddable":true,"href":"https:\/\/grizzlyadam.co.uk\/es\/wp-json\/wp\/v2\/comments?post=154149"}],"wp:featuredmedia":[{"embeddable":true,"href":"https:\/\/grizzlyadam.co.uk\/es\/wp-json\/wp\/v2\/media\/154151"}],"wp:attachment":[{"href":"https:\/\/grizzlyadam.co.uk\/es\/wp-json\/wp\/v2\/media?parent=154149"}],"wp:term":[{"taxonomy":"product_brand","embeddable":true,"href":"https:\/\/grizzlyadam.co.uk\/es\/wp-json\/wp\/v2\/product_brand?post=154149"},{"taxonomy":"product_cat","embeddable":true,"href":"https:\/\/grizzlyadam.co.uk\/es\/wp-json\/wp\/v2\/product_cat?post=154149"},{"taxonomy":"product_tag","embeddable":true,"href":"https:\/\/grizzlyadam.co.uk\/es\/wp-json\/wp\/v2\/product_tag?post=154149"}],"curies":[{"name":"wp","href":"https:\/\/api.w.org\/{rel}","templated":true}]}}