{"id":15372,"date":"2019-05-16T20:04:32","date_gmt":"2019-05-16T19:04:32","guid":{"rendered":"https:\/\/grizzlyadam.co.uk\/?post_type=product&#038;p=15372"},"modified":"2026-03-25T10:48:28","modified_gmt":"2026-03-25T10:48:28","slug":"beard-dye-for-sensitive-skin-easy-to-use-safe-formula","status":"publish","type":"product","link":"https:\/\/grizzlyadam.co.uk\/es\/producto\/beard-dye-for-sensitive-skin-easy-to-use-safe-formula\/","title":{"rendered":"Tinte para barba - Sin amon\u00edaco y sin PPD para pieles sensibles - Varias marcas F\u00f3rmula segura"},"content":{"rendered":"<p>Llega un momento en la vida de todo hombre en que se da cuenta de que est\u00e1 envejeciendo un poco. Para muchos, el primer s\u00edntoma es la aparici\u00f3n de las canas. La aparici\u00f3n de las canas puede aportar un aire de sabidur\u00eda y experiencia, pero tambi\u00e9n puede ser un poco desalentador, al sentir que se desvanece la \u00faltima pizca de juventud.<\/p>\n<p>Para recuperar esa confianza, puedes optar por te\u00f1irte el pelo o afeit\u00e1rtelo del todo. Pero cuando se trata de tu barba, te sugerimos dejar la maquinilla y preservar su gloria natural con un poco de tinte para barba.<\/p>\n<p>Y tanto si te acercas a la cima como si la has superado, en realidad las canas no son s\u00f3lo cosa de viejos. Al fin y al cabo, este proceso natural tambi\u00e9n puede ocurrirles a los gen\u00e9ticamente desafortunados que apenas est\u00e1n dando sorbos a su primera pinta legal de cerveza cuando ven una molesta cana mir\u00e1ndote fijamente.<\/p>\n<p>Aqu\u00ed, en Grizzly Adam, comprendemos su necesidad de mantener su esp\u00edritu juvenil y conservar su sensaci\u00f3n de atractivo. No hay motivos para dejar que las canas se interpongan en tu camino. Te\u00f1irse la barba desde casa puede ser f\u00e1cil si sigue los pasos adecuados.<\/p>\n<h4><strong>\u00a15 MINUTOS para un efecto de color natural!<\/strong><\/h4>\n<h4>Tinte de un solo uso para cubrir las canas<br \/>\n<strong><br \/>\nR\u00c1PIDO<\/strong>\u00a0- \u00a1elimine las canas en s\u00f3lo 5 minutos!<\/h4>\n<h4><strong>F\u00c1CIL DE USAR<\/strong> &#8211; just mix the content of the 2 bottles, mix and use, then dispose of bottle after use!<br \/>\n<strong>LARGA DURACI\u00d3N<\/strong>\u00a0- \u00a1las canas s\u00f3lo volver\u00e1n cuando te vuelva a crecer el pelo!<br \/>\n<strong>INDEPENDIENTE<\/strong>\u00a0- no se necesitan accesorios especiales y se puede colorear en cualquier cuarto de ba\u00f1o.<\/h4>\n<p><strong>Acci\u00f3n<br \/>\n<\/strong>El producto est\u00e1 destinado a cabellos naturales con un considerable<br \/>\ngrado de canas. El reductor de canas no es adecuado para cabellos te\u00f1idos.<br \/>\npelo, pelo decolorado o pelo decolorado con mechas.<\/p>\n<p><strong>Consejos pr\u00e1cticos antes de te\u00f1irse el pelo<\/strong><\/p>\n<p><strong>Por favor, lea las instrucciones incluidas dentro de la caja en un<br \/>\n\u00a1papel aparte antes de utilizarlo!<\/strong><br \/>\nPara cubrir las canas, utiliza el tono m\u00e1s parecido al color natural del cabello.<\/p>\n<p><strong>Preparaci\u00f3n de la soluci\u00f3n<\/strong><br \/>\n1. Prot\u00e9jase la ropa con una toalla o papel de aluminio; p\u00f3ngase guantes protectores.<br \/>\n2. No corte la punta del aplicador de la botella de activador.<br \/>\nDesenrosque el tubo con el tinte y el tap\u00f3n del frasco del activador. Exprima todo el contenido del tubo con la crema en el frasco del activador.<\/p>\n<p>3. Enroscar bien el tap\u00f3n y agitar en\u00e9rgicamente el frasco durante 1-2 minutos para obtener una crema homog\u00e9nea. 4. Corte las puntas de<br \/>\nel aplicador. Al hacerlo, no apriete el frasco ni lo dirija hacia la cara, especialmente los ojos.<\/p>\n<p><strong>Aplicaci\u00f3n<\/strong><br \/>\n1. Exprima la crema del frasco en peque\u00f1as porciones y distrib\u00fayala uniformemente con los dedos, frot\u00e1ndola sobre el cabello seco y sin lavar. Comience la aplicaci\u00f3n por los cabellos m\u00e1s grises. Si se ha utilizado gomina antes del tinte o si el cabello es muy graso, l\u00e1velo con un champ\u00fa y s\u00e9quelo suavemente con un secador.<\/p>\n<p>2. Para distribuir uniformemente la crema, peina a continuaci\u00f3n el cabello en toda su longitud.<\/p>\n<p>3. Deje la soluci\u00f3n sobre el cabello durante:<\/p>\n<p><strong>5 minutos<\/strong>\u00a0- para atenuar las canas<br \/>\n<strong>10 minutos<\/strong>\u00a0- para cubrir las canas<\/p>\n<p>Empiece a contar el tiempo s\u00f3lo despu\u00e9s de la aplicaci\u00f3n completa de la soluci\u00f3n. El color de la soluci\u00f3n cambia durante la aplicaci\u00f3n, pero no afecta al resultado final.<\/p>\n<p>4. Transcurrido el tiempo pertinente, aclare bien el producto y l\u00e1vese el cabello con un champ\u00fa.<\/p>\n<p><strong>Ingredientes<\/strong><strong><br \/>\nCrema colorante:<\/strong>\u00a0Agua, alcohol cet\u00edlico, etanolamina, \u00e1cido oleico,<br \/>\nDioleil Fosfato, Tolueno-2, 5-Diamina Sulfato, Oleto-5 Fosfato,<br \/>\nBis-Diglyceryl Polyacyladipate-2, Coco-Glucoside, Ceteareth-30,<br \/>\nEstearato de glicerilo SE, EDTA tetras\u00f3dico, m-aminofenol, alcohol ole\u00edlico,<br \/>\nPolisorbato 60, Paraffinum Liquidum, Propilenglicol, PPG-5-Ceteth-20,<br \/>\nCarb\u00f3mero, Di-PPG-3 \u00c9ter Adipato de Miristilo, Poligliceril-3 Ricinoleato,<br \/>\nEritorbato de sodio, Metabisulfito de sodio, Parfum, 2,4-Diaminofenoxietanol HCI, 2-metilresorcinol, 4-clororesorcinol, Tiolactato de amonio,<br \/>\nLinalol, hexil cinamal, cumarina, benzoato de bencilo, salicilato de benzol,<br \/>\nHidroxiisohexil 3-ciclohexeno carboxaldeh\u00eddo.<\/p>\n<p><strong>Activador:\u00a0<\/strong>Agua, per\u00f3xido de hidr\u00f3geno, alcohol cetear\u00edlico, ceteareth-20,<br \/>\n\u00c1cido fosf\u00f3rico, EDTA tetras\u00f3dico, pirofosfato tetras\u00f3dico,<br \/>\nSulfato de oxiquinolina, estanato de sodio.<\/p>\n<p><strong>Capacidad<\/strong><br \/>\n30 ml<\/p>\n<p><strong>Tipo de producto<\/strong><br \/>\nTinte para pelo y barba<\/p>\n<p><strong>ADVERTENCIA<\/strong><\/p>\n<p>La intensidad depende de la cantidad de t\u00f3nico capilar a\u00f1adido.<\/p>\n<p><span style=\"background-color: #ffff00;\"><strong><u>PRECAUCIONES<\/u><\/strong><\/span><br \/>\n<span style=\"background-color: #ffff00;\">Los colorantes capilares pueden provocar reacciones al\u00e9rgicas graves. Realice una prueba de sensibilidad cut\u00e1nea 48 horas antes de cada uso del producto.<\/span> Lea y siga las instrucciones incluidas en un papel aparte en la caja. Este producto no est\u00e1 destinado a menores de 16 a\u00f1os. Los tatuajes temporales de \"henna negra\" pueden aumentar el riesgo de alergia.<\/p>\n<p>No te ti\u00f1as el pelo si:<br \/>\n- Tienes una erupci\u00f3n en la cara o el cuero cabelludo sensible, irritado y da\u00f1ado.<br \/>\n- Has experimentado alguna reacci\u00f3n despu\u00e9s de te\u00f1irte el pelo.<br \/>\n- Ha experimentado una reacci\u00f3n al tatuaje temporal de \"henna negra\" en el pasado.<\/p>\n<p><strong><u>\u00a1CUIDADO!<br \/>\n<\/u><\/strong>Agente muy fuerte. No utilizar para te\u00f1ir pesta\u00f1as o cejas. Utilizar guantes adecuados. Aclarar bien el cabello despu\u00e9s de la aplicaci\u00f3n. Evitar el contacto con los ojos. Aclarar inmediatamente los ojos si el producto entra en contacto con ellos.<\/p>\n<p>No almacene la mezcla.<\/p>\n<p>Utilice\u00a0<strong>inmediatamente<\/strong>\u00a0despu\u00e9s de la preparaci\u00f3n.<\/p>\n<p><strong>Mantener fuera del alcance de los ni\u00f1os.<\/strong><\/p>\n<p>Proporci\u00f3n de mezcla 1:1.<\/p>\n<p><strong><u>DESCARGO DE RESPONSABILIDAD<br \/>\n<\/u><\/strong>* No nos hacemos responsables de los efectos no deseados y no deseados causados por este producto si no se utiliza correctamente o de acuerdo con las instrucciones del fabricante.<br \/>\n* Le recomendamos que lea la lista de ingredientes y, si hay alg\u00fan ingrediente al que sea o pueda ser al\u00e9rgico, no utilice este producto.<br \/>\n* Para cualquier problema derivado del uso de este producto, deber\u00e1 ponerse en contacto con el fabricante a trav\u00e9s de los datos que figuran en el embalaje del producto, o bien p\u00f3ngase en contacto con nosotros y le facilitaremos toda la informaci\u00f3n pertinente.<\/p>\n<p>&nbsp;<\/p>","protected":false},"excerpt":{"rendered":"<ul class=\"a-unordered-list a-vertical a-spacing-none\">\n<li><strong><span class=\"a-list-item\">F\u00f3rmula profesional para hombres destinada a la autocoloraci\u00f3n de la barba, el bigote y las patillas.\u00a0<\/span><\/strong><strong><span class=\"a-list-item\">Elimina eficazmente las canas faciales.<\/span><\/strong><\/li>\n<li><strong><span class=\"a-list-item\">Resalta el color natural del vello facial. Lo mejor para el pelo negro y casta\u00f1o oscuro.<\/span><\/strong><\/li>\n<li><strong>Los colorantes capilares pueden provocar reacciones al\u00e9rgicas graves. Realice una prueba de sensibilidad cut\u00e1nea 48 horas antes de cada uso del producto.<\/strong><\/li>\n<li><strong>Tinturas seguras para al\u00e9rgicos:<\/strong>\n<ul>\n<li><strong>Productos Power Men:<\/strong> El marr\u00f3n oscuro y el marr\u00f3n natural no contienen amoniaco ni PPD, por lo que son perfectos para las personas con alergias graves que necesitan una protecci\u00f3n completa frente a estos productos qu\u00edmicos. Desgraciadamente, el negro solo contiene amoniaco, as\u00ed que no lo pida si le irrita el PPD.<\/li>\n<li><strong>Marca Cameleo:<\/strong> Opci\u00f3n sin amon\u00edaco para quienes s\u00f3lo necesitan evitar el amon\u00edaco.<\/li>\n<\/ul>\n<\/li>\n<\/ul>\n<h2><\/h2>","protected":false},"featured_media":53020,"comment_status":"closed","ping_status":"closed","template":"","meta":[],"product_brand":[],"product_cat":[90],"product_tag":[],"class_list":{"0":"post-15372","1":"product","2":"type-product","3":"status-publish","4":"has-post-thumbnail","6":"product_cat-hair-care","8":"first","9":"instock","10":"taxable","11":"shipping-taxable","12":"purchasable","13":"product-type-variable","14":"has-default-attributes"},"yoast_head":"<!-- This site is optimized with the Yoast SEO plugin v27.2 - https:\/\/yoast.com\/product\/yoast-seo-wordpress\/ -->\n<title>Beard dye - Ammonia-free and PPD-free for Sensitive Skin - Various Brands Safe Formula - Grizzly Adam<\/title>\n<meta name=\"description\" content=\"There\u2019s no reasons to let greys get in the way. Beard dyeing from home can be easy if you just follow the right steps.\" \/>\n<meta name=\"robots\" content=\"index, follow, max-snippet:-1, max-image-preview:large, max-video-preview:-1\" \/>\n<link rel=\"canonical\" href=\"https:\/\/grizzlyadam.co.uk\/es\/producto\/beard-dye-for-sensitive-skin-easy-to-use-safe-formula\/\" \/>\n<meta property=\"og:locale\" content=\"es_ES\" \/>\n<meta property=\"og:type\" content=\"article\" \/>\n<meta property=\"og:title\" content=\"Beard dye - Ammonia-free and PPD-free for Sensitive Skin - Various Brands Safe Formula - Grizzly Adam\" \/>\n<meta property=\"og:description\" content=\"There\u2019s no reasons to let greys get in the way. Beard dyeing from home can be easy if you just follow the right steps.\" \/>\n<meta property=\"og:url\" content=\"https:\/\/grizzlyadam.co.uk\/es\/producto\/beard-dye-for-sensitive-skin-easy-to-use-safe-formula\/\" \/>\n<meta property=\"og:site_name\" content=\"Grizzly Adam\" \/>\n<meta property=\"article:publisher\" content=\"https:\/\/www.facebook.com\/grizzlyadamuk\" \/>\n<meta property=\"article:modified_time\" content=\"2026-03-25T10:48:28+00:00\" \/>\n<meta property=\"og:image\" content=\"https:\/\/grizzlyadam.co.uk\/wp-content\/uploads\/2019\/05\/51MwHvD1gCL._AC_.jpg\" \/>\n\t<meta property=\"og:image:width\" content=\"431\" \/>\n\t<meta property=\"og:image:height\" content=\"500\" \/>\n\t<meta property=\"og:image:type\" content=\"image\/jpeg\" \/>\n<meta name=\"twitter:card\" content=\"summary_large_image\" \/>\n<meta name=\"twitter:site\" content=\"@grizzlyadamuk\" \/>\n<meta name=\"twitter:label1\" content=\"Tiempo de lectura\" \/>\n\t<meta name=\"twitter:data1\" content=\"5 minutos\" \/>\n<script type=\"application\/ld+json\" class=\"yoast-schema-graph\">{\"@context\":\"https:\/\/schema.org\",\"@graph\":[{\"@type\":\"WebPage\",\"@id\":\"https:\/\/grizzlyadam.co.uk\/product\/beard-dye-for-sensitive-skin-easy-to-use-safe-formula\/\",\"url\":\"https:\/\/grizzlyadam.co.uk\/product\/beard-dye-for-sensitive-skin-easy-to-use-safe-formula\/\",\"name\":\"Beard dye - Ammonia-free and PPD-free for Sensitive Skin - Various Brands Safe Formula - Grizzly Adam\",\"isPartOf\":{\"@id\":\"https:\/\/project1-mke5mv4jgx.live-website.com\/#website\"},\"primaryImageOfPage\":{\"@id\":\"https:\/\/grizzlyadam.co.uk\/product\/beard-dye-for-sensitive-skin-easy-to-use-safe-formula\/#primaryimage\"},\"image\":{\"@id\":\"https:\/\/grizzlyadam.co.uk\/product\/beard-dye-for-sensitive-skin-easy-to-use-safe-formula\/#primaryimage\"},\"thumbnailUrl\":\"https:\/\/grizzlyadam.co.uk\/wp-content\/uploads\/2019\/05\/51MwHvD1gCL._AC_.jpg\",\"datePublished\":\"2019-05-16T19:04:32+00:00\",\"dateModified\":\"2026-03-25T10:48:28+00:00\",\"description\":\"There\u2019s no reasons to let greys get in the way. Beard dyeing from home can be easy if you just follow the right steps.\",\"breadcrumb\":{\"@id\":\"https:\/\/grizzlyadam.co.uk\/product\/beard-dye-for-sensitive-skin-easy-to-use-safe-formula\/#breadcrumb\"},\"inLanguage\":\"es\",\"potentialAction\":[{\"@type\":\"ReadAction\",\"target\":[\"https:\/\/grizzlyadam.co.uk\/product\/beard-dye-for-sensitive-skin-easy-to-use-safe-formula\/\"]}]},{\"@type\":\"ImageObject\",\"inLanguage\":\"es\",\"@id\":\"https:\/\/grizzlyadam.co.uk\/product\/beard-dye-for-sensitive-skin-easy-to-use-safe-formula\/#primaryimage\",\"url\":\"https:\/\/grizzlyadam.co.uk\/wp-content\/uploads\/2019\/05\/51MwHvD1gCL._AC_.jpg\",\"contentUrl\":\"https:\/\/grizzlyadam.co.uk\/wp-content\/uploads\/2019\/05\/51MwHvD1gCL._AC_.jpg\",\"width\":431,\"height\":500},{\"@type\":\"BreadcrumbList\",\"@id\":\"https:\/\/grizzlyadam.co.uk\/product\/beard-dye-for-sensitive-skin-easy-to-use-safe-formula\/#breadcrumb\",\"itemListElement\":[{\"@type\":\"ListItem\",\"position\":1,\"name\":\"Home\",\"item\":\"https:\/\/grizzlyadam.co.uk\/\"},{\"@type\":\"ListItem\",\"position\":2,\"name\":\"Shop\",\"item\":\"https:\/\/project1-mke5mv4jgx.live-website.com\/shop\/\"},{\"@type\":\"ListItem\",\"position\":3,\"name\":\"Beard dye &#8211; Ammonia-free and PPD-free for Sensitive Skin &#8211; Various Brands Safe Formula\"}]},{\"@type\":\"WebSite\",\"@id\":\"https:\/\/project1-mke5mv4jgx.live-website.com\/#website\",\"url\":\"https:\/\/project1-mke5mv4jgx.live-website.com\/\",\"name\":\"Grizzly Adam\",\"description\":\"Beard Oil And Grooming Products For Gentlemen\",\"publisher\":{\"@id\":\"https:\/\/project1-mke5mv4jgx.live-website.com\/#organization\"},\"potentialAction\":[{\"@type\":\"SearchAction\",\"target\":{\"@type\":\"EntryPoint\",\"urlTemplate\":\"https:\/\/project1-mke5mv4jgx.live-website.com\/?s={search_term_string}\"},\"query-input\":{\"@type\":\"PropertyValueSpecification\",\"valueRequired\":true,\"valueName\":\"search_term_string\"}}],\"inLanguage\":\"es\"},{\"@type\":\"Organization\",\"@id\":\"https:\/\/project1-mke5mv4jgx.live-website.com\/#organization\",\"name\":\"GRIZZLY ADAM\",\"url\":\"https:\/\/project1-mke5mv4jgx.live-website.com\/\",\"logo\":{\"@type\":\"ImageObject\",\"inLanguage\":\"es\",\"@id\":\"https:\/\/project1-mke5mv4jgx.live-website.com\/#\/schema\/logo\/image\/\",\"url\":\"https:\/\/grizzlyadam.co.uk\/wp-content\/uploads\/2019\/11\/gadamlogo.png\",\"contentUrl\":\"https:\/\/grizzlyadam.co.uk\/wp-content\/uploads\/2019\/11\/gadamlogo.png\",\"width\":\"200\",\"height\":\"200\",\"caption\":\"GRIZZLY ADAM\"},\"image\":{\"@id\":\"https:\/\/project1-mke5mv4jgx.live-website.com\/#\/schema\/logo\/image\/\"},\"sameAs\":[\"https:\/\/www.facebook.com\/grizzlyadamuk\",\"https:\/\/x.com\/grizzlyadamuk\",\"https:\/\/www.instagram.com\/grizzlyadamuk\/\"]}]}<\/script>\n<!-- \/ Yoast SEO plugin. -->","yoast_head_json":{"title":"Beard dye - Ammonia-free and PPD-free for Sensitive Skin - Various Brands Safe Formula - Grizzly Adam","description":"There\u2019s no reasons to let greys get in the way. Beard dyeing from home can be easy if you just follow the right steps.","robots":{"index":"index","follow":"follow","max-snippet":"max-snippet:-1","max-image-preview":"max-image-preview:large","max-video-preview":"max-video-preview:-1"},"canonical":"https:\/\/grizzlyadam.co.uk\/es\/producto\/beard-dye-for-sensitive-skin-easy-to-use-safe-formula\/","og_locale":"es_ES","og_type":"article","og_title":"Beard dye - Ammonia-free and PPD-free for Sensitive Skin - Various Brands Safe Formula - Grizzly Adam","og_description":"There\u2019s no reasons to let greys get in the way. Beard dyeing from home can be easy if you just follow the right steps.","og_url":"https:\/\/grizzlyadam.co.uk\/es\/producto\/beard-dye-for-sensitive-skin-easy-to-use-safe-formula\/","og_site_name":"Grizzly Adam","article_publisher":"https:\/\/www.facebook.com\/grizzlyadamuk","article_modified_time":"2026-03-25T10:48:28+00:00","og_image":[{"width":431,"height":500,"url":"https:\/\/grizzlyadam.co.uk\/wp-content\/uploads\/2019\/05\/51MwHvD1gCL._AC_.jpg","type":"image\/jpeg"}],"twitter_card":"summary_large_image","twitter_site":"@grizzlyadamuk","twitter_misc":{"Tiempo de lectura":"5 minutos"},"schema":{"@context":"https:\/\/schema.org","@graph":[{"@type":"WebPage","@id":"https:\/\/grizzlyadam.co.uk\/product\/beard-dye-for-sensitive-skin-easy-to-use-safe-formula\/","url":"https:\/\/grizzlyadam.co.uk\/product\/beard-dye-for-sensitive-skin-easy-to-use-safe-formula\/","name":"Beard dye - Ammonia-free and PPD-free for Sensitive Skin - Various Brands Safe Formula - Grizzly Adam","isPartOf":{"@id":"https:\/\/project1-mke5mv4jgx.live-website.com\/#website"},"primaryImageOfPage":{"@id":"https:\/\/grizzlyadam.co.uk\/product\/beard-dye-for-sensitive-skin-easy-to-use-safe-formula\/#primaryimage"},"image":{"@id":"https:\/\/grizzlyadam.co.uk\/product\/beard-dye-for-sensitive-skin-easy-to-use-safe-formula\/#primaryimage"},"thumbnailUrl":"https:\/\/grizzlyadam.co.uk\/wp-content\/uploads\/2019\/05\/51MwHvD1gCL._AC_.jpg","datePublished":"2019-05-16T19:04:32+00:00","dateModified":"2026-03-25T10:48:28+00:00","description":"There\u2019s no reasons to let greys get in the way. Beard dyeing from home can be easy if you just follow the right steps.","breadcrumb":{"@id":"https:\/\/grizzlyadam.co.uk\/product\/beard-dye-for-sensitive-skin-easy-to-use-safe-formula\/#breadcrumb"},"inLanguage":"es","potentialAction":[{"@type":"ReadAction","target":["https:\/\/grizzlyadam.co.uk\/product\/beard-dye-for-sensitive-skin-easy-to-use-safe-formula\/"]}]},{"@type":"ImageObject","inLanguage":"es","@id":"https:\/\/grizzlyadam.co.uk\/product\/beard-dye-for-sensitive-skin-easy-to-use-safe-formula\/#primaryimage","url":"https:\/\/grizzlyadam.co.uk\/wp-content\/uploads\/2019\/05\/51MwHvD1gCL._AC_.jpg","contentUrl":"https:\/\/grizzlyadam.co.uk\/wp-content\/uploads\/2019\/05\/51MwHvD1gCL._AC_.jpg","width":431,"height":500},{"@type":"BreadcrumbList","@id":"https:\/\/grizzlyadam.co.uk\/product\/beard-dye-for-sensitive-skin-easy-to-use-safe-formula\/#breadcrumb","itemListElement":[{"@type":"ListItem","position":1,"name":"Home","item":"https:\/\/grizzlyadam.co.uk\/"},{"@type":"ListItem","position":2,"name":"Shop","item":"https:\/\/project1-mke5mv4jgx.live-website.com\/shop\/"},{"@type":"ListItem","position":3,"name":"Beard dye &#8211; Ammonia-free and PPD-free for Sensitive Skin &#8211; Various Brands Safe Formula"}]},{"@type":"WebSite","@id":"https:\/\/project1-mke5mv4jgx.live-website.com\/#website","url":"https:\/\/project1-mke5mv4jgx.live-website.com\/","name":"Grizzly Adam","description":"Aceite para barba y productos de aseo para caballeros","publisher":{"@id":"https:\/\/project1-mke5mv4jgx.live-website.com\/#organization"},"potentialAction":[{"@type":"SearchAction","target":{"@type":"EntryPoint","urlTemplate":"https:\/\/project1-mke5mv4jgx.live-website.com\/?s={search_term_string}"},"query-input":{"@type":"PropertyValueSpecification","valueRequired":true,"valueName":"search_term_string"}}],"inLanguage":"es"},{"@type":"Organization","@id":"https:\/\/project1-mke5mv4jgx.live-website.com\/#organization","name":"GRIZZLY ADAM","url":"https:\/\/project1-mke5mv4jgx.live-website.com\/","logo":{"@type":"ImageObject","inLanguage":"es","@id":"https:\/\/project1-mke5mv4jgx.live-website.com\/#\/schema\/logo\/image\/","url":"https:\/\/grizzlyadam.co.uk\/wp-content\/uploads\/2019\/11\/gadamlogo.png","contentUrl":"https:\/\/grizzlyadam.co.uk\/wp-content\/uploads\/2019\/11\/gadamlogo.png","width":"200","height":"200","caption":"GRIZZLY ADAM"},"image":{"@id":"https:\/\/project1-mke5mv4jgx.live-website.com\/#\/schema\/logo\/image\/"},"sameAs":["https:\/\/www.facebook.com\/grizzlyadamuk","https:\/\/x.com\/grizzlyadamuk","https:\/\/www.instagram.com\/grizzlyadamuk\/"]}]}},"df_price":15.99,"df_sale_price":"","df_regular_price":15.99,"df_image_link":"https:\/\/grizzlyadam.co.uk\/wp-content\/uploads\/2019\/05\/51MwHvD1gCL._AC_-259x300.jpg","_links":{"self":[{"href":"https:\/\/grizzlyadam.co.uk\/es\/wp-json\/wp\/v2\/product\/15372","targetHints":{"allow":["GET"]}}],"collection":[{"href":"https:\/\/grizzlyadam.co.uk\/es\/wp-json\/wp\/v2\/product"}],"about":[{"href":"https:\/\/grizzlyadam.co.uk\/es\/wp-json\/wp\/v2\/types\/product"}],"replies":[{"embeddable":true,"href":"https:\/\/grizzlyadam.co.uk\/es\/wp-json\/wp\/v2\/comments?post=15372"}],"wp:featuredmedia":[{"embeddable":true,"href":"https:\/\/grizzlyadam.co.uk\/es\/wp-json\/wp\/v2\/media\/53020"}],"wp:attachment":[{"href":"https:\/\/grizzlyadam.co.uk\/es\/wp-json\/wp\/v2\/media?parent=15372"}],"wp:term":[{"taxonomy":"product_brand","embeddable":true,"href":"https:\/\/grizzlyadam.co.uk\/es\/wp-json\/wp\/v2\/product_brand?post=15372"},{"taxonomy":"product_cat","embeddable":true,"href":"https:\/\/grizzlyadam.co.uk\/es\/wp-json\/wp\/v2\/product_cat?post=15372"},{"taxonomy":"product_tag","embeddable":true,"href":"https:\/\/grizzlyadam.co.uk\/es\/wp-json\/wp\/v2\/product_tag?post=15372"}],"curies":[{"name":"wp","href":"https:\/\/api.w.org\/{rel}","templated":true}]}}