{"id":148637,"date":"2023-02-04T10:03:28","date_gmt":"2023-02-04T10:03:28","guid":{"rendered":"https:\/\/grizzlyadam.co.uk\/?post_type=product&#038;p=148637"},"modified":"2026-02-19T19:35:05","modified_gmt":"2026-02-19T19:35:05","slug":"seduction-a-scented-beard-oil-inspired-by-dior-sauvage-30ml","status":"publish","type":"product","link":"https:\/\/grizzlyadam.co.uk\/es\/producto\/seduction-a-scented-beard-oil-inspired-by-dior-sauvage-30ml\/","title":{"rendered":"Seduction Un aceite perfumado para barba inspirado en Dior Sauvage 30ml"},"content":{"rendered":"<p>El aceite para barba Seduction, fabricado en exclusiva por Grizzly Adam, est\u00e1 inspirado en la ic\u00f3nica fragancia Sauvage, y ofrece un tentador aroma, adem\u00e1s de nutrir el vello facial.<\/p>\n<p>El aroma presenta notas de salida de bergamota y mandarina, que se suavizan con lavanda y pimienta de Sichuan y nuez moscada. Tambi\u00e9n contiene unas profundas notas de fondo de absoluto de vainilla, s\u00e1ndalo, cedro, haba tonka y pachul\u00ed, lo que la convierte en la opci\u00f3n ideal para los amantes de las fragancias masculinas y atrevidas.<\/p>\n<h2>Sobre La Fragancia en Seducci\u00f3n<\/h2>\n<p>La fragancia Dior Sauvage es muy popular y conocida. Se introdujo por primera vez en 2015 y desde entonces se ha convertido en un \u00e9xito de ventas para la marca. La fragancia ha recibido cr\u00edticas positivas tanto de la cr\u00edtica como de los consumidores, y ha aparecido en numerosas campa\u00f1as publicitarias. Se considera un aroma cl\u00e1sico y atemporal, s\u00edmbolo de masculinidad y elegancia. Muchas personas han apreciado la fragancia por su composici\u00f3n \u00fanica y compleja, que presenta notas de bergamota, pimienta, lavanda y ambroxan, entre otras. Se considera un aroma vers\u00e1til, perfecto para cualquier ocasi\u00f3n.<\/p>\n\t<div class=\"img has-hover x md-x lg-x y md-y lg-y\" id=\"image_1473336441\">\n\t\t\t\t\t\t\t\t<div class=\"img-inner dark\" >\n\t\t\t<img loading=\"lazy\" decoding=\"async\" width=\"1020\" height=\"462\" src=\"https:\/\/grizzlyadam.co.uk\/wp-content\/uploads\/2023\/02\/Banner-1024x464.jpg\" class=\"attachment-large size-large\" alt=\"\" srcset=\"https:\/\/grizzlyadam.co.uk\/wp-content\/uploads\/2023\/02\/Banner-1024x464.jpg 1024w, https:\/\/grizzlyadam.co.uk\/wp-content\/uploads\/2023\/02\/Banner-300x136.jpg 300w, https:\/\/grizzlyadam.co.uk\/wp-content\/uploads\/2023\/02\/Banner-768x348.jpg 768w, https:\/\/grizzlyadam.co.uk\/wp-content\/uploads\/2023\/02\/Banner-1536x696.jpg 1536w, https:\/\/grizzlyadam.co.uk\/wp-content\/uploads\/2023\/02\/Banner-600x272.jpg 600w, https:\/\/grizzlyadam.co.uk\/wp-content\/uploads\/2023\/02\/Banner.jpg 1920w\" sizes=\"auto, (max-width: 1020px) 100vw, 1020px\" \/>\t\t\t\t\t\t\n\t\t\t\t\t<\/div>\n\t\t\t\t\t\t\t\t\n<style>\n#image_1473336441 {\n  width: 100%;\n}\n<\/style>\n\t<\/div>\n\t\n<h1 style=\"text-align: center;\">Special Offer &#8211; Buy 3 Seduction Beard oils and Get This Amazing Wooden Comb FREE<\/h1>\n<p><img loading=\"lazy\" decoding=\"async\" class=\"aligncenter wp-image-2208 size-full\" src=\"https:\/\/grizzlyadam.co.uk\/wp-content\/uploads\/2017\/02\/Comb-Advert-1.jpg\" alt=\"\" width=\"1590\" height=\"894\" srcset=\"https:\/\/grizzlyadam.co.uk\/wp-content\/uploads\/2017\/02\/Comb-Advert-1.jpg 1590w, https:\/\/grizzlyadam.co.uk\/wp-content\/uploads\/2017\/02\/Comb-Advert-1-300x169.jpg 300w, https:\/\/grizzlyadam.co.uk\/wp-content\/uploads\/2017\/02\/Comb-Advert-1-1024x576.jpg 1024w, https:\/\/grizzlyadam.co.uk\/wp-content\/uploads\/2017\/02\/Comb-Advert-1-768x432.jpg 768w, https:\/\/grizzlyadam.co.uk\/wp-content\/uploads\/2017\/02\/Comb-Advert-1-1536x864.jpg 1536w, https:\/\/grizzlyadam.co.uk\/wp-content\/uploads\/2017\/02\/Comb-Advert-1-600x337.jpg 600w\" sizes=\"auto, (max-width: 1590px) 100vw, 1590px\" \/><\/p>","protected":false},"excerpt":{"rendered":"<ul>\n<li>Nutre e hidrata el vello facial.<\/li>\n<li>Inspirada en la ic\u00f3nica fragancia Sauvage.<\/li>\n<li>Una fragancia atrevida y masculina con notas de salida de bergamota y mandarina, suavizadas por la lavanda y la pimienta de Sichuan.<\/li>\n<li>Fabricado exclusivamente por Grizzly Adam para un crecimiento sano de la barba.<\/li>\n<li>Apto para veganos y sin crueldad<\/li>\n<\/ul>\n<p>&nbsp;<\/p>\n<p>&nbsp;<\/p>","protected":false},"featured_media":149263,"comment_status":"closed","ping_status":"closed","template":"","meta":[],"product_brand":[],"product_cat":[250,65,74,90,864],"product_tag":[66,80,67,83,92],"class_list":{"0":"post-148637","1":"product","2":"type-product","3":"status-publish","4":"has-post-thumbnail","6":"product_cat-beard-growth","7":"product_cat-beard-oil","8":"product_cat-grooming-kits","9":"product_cat-hair-care","10":"product_cat-health-beauty","11":"product_tag-beard-oil","12":"product_tag-beard-care","13":"product_tag-conditioner","14":"product_tag-grooming","15":"product_tag-hair-care","17":"first","18":"instock","19":"taxable","20":"shipping-taxable","21":"purchasable","22":"product-type-simple"},"yoast_head":"<!-- This site is optimized with the Yoast SEO plugin v27.2 - https:\/\/yoast.com\/product\/yoast-seo-wordpress\/ -->\n<title>Seduction A Scented Beard Oil Inspired By Dior Sauvage 30ml - Grizzly Adam<\/title>\n<meta name=\"description\" content=\"Luxury Long Lasting Scented Beard Oil Inspired By Christian Dior, Sauvage, Vegan Friendly And Cruelty Free. Enticing scent that will nourish your beard all day.\" \/>\n<meta name=\"robots\" content=\"index, follow, max-snippet:-1, max-image-preview:large, max-video-preview:-1\" \/>\n<link rel=\"canonical\" href=\"https:\/\/grizzlyadam.co.uk\/es\/producto\/seduction-a-scented-beard-oil-inspired-by-dior-sauvage-30ml\/\" \/>\n<meta property=\"og:locale\" content=\"es_ES\" \/>\n<meta property=\"og:type\" content=\"article\" \/>\n<meta property=\"og:title\" content=\"Seduction A Scented Beard Oil Inspired By Dior Sauvage 30ml - Grizzly Adam\" \/>\n<meta property=\"og:description\" content=\"Luxury Long Lasting Scented Beard Oil Inspired By Christian Dior, Sauvage, Vegan Friendly And Cruelty Free. Enticing scent that will nourish your beard all day.\" \/>\n<meta property=\"og:url\" content=\"https:\/\/grizzlyadam.co.uk\/es\/producto\/seduction-a-scented-beard-oil-inspired-by-dior-sauvage-30ml\/\" \/>\n<meta property=\"og:site_name\" content=\"Grizzly Adam\" \/>\n<meta property=\"article:publisher\" content=\"https:\/\/www.facebook.com\/grizzlyadamuk\" \/>\n<meta property=\"article:modified_time\" content=\"2026-02-19T19:35:05+00:00\" \/>\n<meta property=\"og:image\" content=\"https:\/\/grizzlyadam.co.uk\/wp-content\/uploads\/2023\/02\/6.jpg\" \/>\n\t<meta property=\"og:image:width\" content=\"1200\" \/>\n\t<meta property=\"og:image:height\" content=\"1200\" \/>\n\t<meta property=\"og:image:type\" content=\"image\/jpeg\" \/>\n<meta name=\"twitter:card\" content=\"summary_large_image\" \/>\n<meta name=\"twitter:site\" content=\"@grizzlyadamuk\" \/>\n<meta name=\"twitter:label1\" content=\"Tiempo de lectura\" \/>\n\t<meta name=\"twitter:data1\" content=\"2 minutos\" \/>\n<script type=\"application\/ld+json\" class=\"yoast-schema-graph\">{\"@context\":\"https:\/\/schema.org\",\"@graph\":[{\"@type\":\"WebPage\",\"@id\":\"https:\/\/grizzlyadam.co.uk\/product\/seduction-a-scented-beard-oil-inspired-by-dior-sauvage-30ml\/\",\"url\":\"https:\/\/grizzlyadam.co.uk\/product\/seduction-a-scented-beard-oil-inspired-by-dior-sauvage-30ml\/\",\"name\":\"Seduction A Scented Beard Oil Inspired By Dior Sauvage 30ml - Grizzly Adam\",\"isPartOf\":{\"@id\":\"https:\/\/project1-mke5mv4jgx.live-website.com\/#website\"},\"primaryImageOfPage\":{\"@id\":\"https:\/\/grizzlyadam.co.uk\/product\/seduction-a-scented-beard-oil-inspired-by-dior-sauvage-30ml\/#primaryimage\"},\"image\":{\"@id\":\"https:\/\/grizzlyadam.co.uk\/product\/seduction-a-scented-beard-oil-inspired-by-dior-sauvage-30ml\/#primaryimage\"},\"thumbnailUrl\":\"https:\/\/grizzlyadam.co.uk\/wp-content\/uploads\/2023\/02\/6.jpg\",\"datePublished\":\"2023-02-04T10:03:28+00:00\",\"dateModified\":\"2026-02-19T19:35:05+00:00\",\"description\":\"Luxury Long Lasting Scented Beard Oil Inspired By Christian Dior, Sauvage, Vegan Friendly And Cruelty Free. Enticing scent that will nourish your beard all day.\",\"breadcrumb\":{\"@id\":\"https:\/\/grizzlyadam.co.uk\/product\/seduction-a-scented-beard-oil-inspired-by-dior-sauvage-30ml\/#breadcrumb\"},\"inLanguage\":\"es\",\"potentialAction\":[{\"@type\":\"ReadAction\",\"target\":[\"https:\/\/grizzlyadam.co.uk\/product\/seduction-a-scented-beard-oil-inspired-by-dior-sauvage-30ml\/\"]}]},{\"@type\":\"ImageObject\",\"inLanguage\":\"es\",\"@id\":\"https:\/\/grizzlyadam.co.uk\/product\/seduction-a-scented-beard-oil-inspired-by-dior-sauvage-30ml\/#primaryimage\",\"url\":\"https:\/\/grizzlyadam.co.uk\/wp-content\/uploads\/2023\/02\/6.jpg\",\"contentUrl\":\"https:\/\/grizzlyadam.co.uk\/wp-content\/uploads\/2023\/02\/6.jpg\",\"width\":1200,\"height\":1200},{\"@type\":\"BreadcrumbList\",\"@id\":\"https:\/\/grizzlyadam.co.uk\/product\/seduction-a-scented-beard-oil-inspired-by-dior-sauvage-30ml\/#breadcrumb\",\"itemListElement\":[{\"@type\":\"ListItem\",\"position\":1,\"name\":\"Home\",\"item\":\"https:\/\/grizzlyadam.co.uk\/\"},{\"@type\":\"ListItem\",\"position\":2,\"name\":\"Shop\",\"item\":\"https:\/\/project1-mke5mv4jgx.live-website.com\/shop\/\"},{\"@type\":\"ListItem\",\"position\":3,\"name\":\"Seduction A Scented Beard Oil Inspired By Dior Sauvage 30ml\"}]},{\"@type\":\"WebSite\",\"@id\":\"https:\/\/project1-mke5mv4jgx.live-website.com\/#website\",\"url\":\"https:\/\/project1-mke5mv4jgx.live-website.com\/\",\"name\":\"Grizzly Adam\",\"description\":\"Beard Oil And Grooming Products For Gentlemen\",\"publisher\":{\"@id\":\"https:\/\/project1-mke5mv4jgx.live-website.com\/#organization\"},\"potentialAction\":[{\"@type\":\"SearchAction\",\"target\":{\"@type\":\"EntryPoint\",\"urlTemplate\":\"https:\/\/project1-mke5mv4jgx.live-website.com\/?s={search_term_string}\"},\"query-input\":{\"@type\":\"PropertyValueSpecification\",\"valueRequired\":true,\"valueName\":\"search_term_string\"}}],\"inLanguage\":\"es\"},{\"@type\":\"Organization\",\"@id\":\"https:\/\/project1-mke5mv4jgx.live-website.com\/#organization\",\"name\":\"GRIZZLY ADAM\",\"url\":\"https:\/\/project1-mke5mv4jgx.live-website.com\/\",\"logo\":{\"@type\":\"ImageObject\",\"inLanguage\":\"es\",\"@id\":\"https:\/\/project1-mke5mv4jgx.live-website.com\/#\/schema\/logo\/image\/\",\"url\":\"https:\/\/grizzlyadam.co.uk\/wp-content\/uploads\/2019\/11\/gadamlogo.png\",\"contentUrl\":\"https:\/\/grizzlyadam.co.uk\/wp-content\/uploads\/2019\/11\/gadamlogo.png\",\"width\":\"200\",\"height\":\"200\",\"caption\":\"GRIZZLY ADAM\"},\"image\":{\"@id\":\"https:\/\/project1-mke5mv4jgx.live-website.com\/#\/schema\/logo\/image\/\"},\"sameAs\":[\"https:\/\/www.facebook.com\/grizzlyadamuk\",\"https:\/\/x.com\/grizzlyadamuk\",\"https:\/\/www.instagram.com\/grizzlyadamuk\/\"]}]}<\/script>\n<!-- \/ Yoast SEO plugin. -->","yoast_head_json":{"title":"Seduction A Scented Beard Oil Inspired By Dior Sauvage 30ml - Grizzly Adam","description":"Luxury Long Lasting Scented Beard Oil Inspired By Christian Dior, Sauvage, Vegan Friendly And Cruelty Free. Enticing scent that will nourish your beard all day.","robots":{"index":"index","follow":"follow","max-snippet":"max-snippet:-1","max-image-preview":"max-image-preview:large","max-video-preview":"max-video-preview:-1"},"canonical":"https:\/\/grizzlyadam.co.uk\/es\/producto\/seduction-a-scented-beard-oil-inspired-by-dior-sauvage-30ml\/","og_locale":"es_ES","og_type":"article","og_title":"Seduction A Scented Beard Oil Inspired By Dior Sauvage 30ml - Grizzly Adam","og_description":"Luxury Long Lasting Scented Beard Oil Inspired By Christian Dior, Sauvage, Vegan Friendly And Cruelty Free. Enticing scent that will nourish your beard all day.","og_url":"https:\/\/grizzlyadam.co.uk\/es\/producto\/seduction-a-scented-beard-oil-inspired-by-dior-sauvage-30ml\/","og_site_name":"Grizzly Adam","article_publisher":"https:\/\/www.facebook.com\/grizzlyadamuk","article_modified_time":"2026-02-19T19:35:05+00:00","og_image":[{"width":1200,"height":1200,"url":"https:\/\/grizzlyadam.co.uk\/wp-content\/uploads\/2023\/02\/6.jpg","type":"image\/jpeg"}],"twitter_card":"summary_large_image","twitter_site":"@grizzlyadamuk","twitter_misc":{"Tiempo de lectura":"2 minutos"},"schema":{"@context":"https:\/\/schema.org","@graph":[{"@type":"WebPage","@id":"https:\/\/grizzlyadam.co.uk\/product\/seduction-a-scented-beard-oil-inspired-by-dior-sauvage-30ml\/","url":"https:\/\/grizzlyadam.co.uk\/product\/seduction-a-scented-beard-oil-inspired-by-dior-sauvage-30ml\/","name":"Seduction A Scented Beard Oil Inspired By Dior Sauvage 30ml - Grizzly Adam","isPartOf":{"@id":"https:\/\/project1-mke5mv4jgx.live-website.com\/#website"},"primaryImageOfPage":{"@id":"https:\/\/grizzlyadam.co.uk\/product\/seduction-a-scented-beard-oil-inspired-by-dior-sauvage-30ml\/#primaryimage"},"image":{"@id":"https:\/\/grizzlyadam.co.uk\/product\/seduction-a-scented-beard-oil-inspired-by-dior-sauvage-30ml\/#primaryimage"},"thumbnailUrl":"https:\/\/grizzlyadam.co.uk\/wp-content\/uploads\/2023\/02\/6.jpg","datePublished":"2023-02-04T10:03:28+00:00","dateModified":"2026-02-19T19:35:05+00:00","description":"Luxury Long Lasting Scented Beard Oil Inspired By Christian Dior, Sauvage, Vegan Friendly And Cruelty Free. Enticing scent that will nourish your beard all day.","breadcrumb":{"@id":"https:\/\/grizzlyadam.co.uk\/product\/seduction-a-scented-beard-oil-inspired-by-dior-sauvage-30ml\/#breadcrumb"},"inLanguage":"es","potentialAction":[{"@type":"ReadAction","target":["https:\/\/grizzlyadam.co.uk\/product\/seduction-a-scented-beard-oil-inspired-by-dior-sauvage-30ml\/"]}]},{"@type":"ImageObject","inLanguage":"es","@id":"https:\/\/grizzlyadam.co.uk\/product\/seduction-a-scented-beard-oil-inspired-by-dior-sauvage-30ml\/#primaryimage","url":"https:\/\/grizzlyadam.co.uk\/wp-content\/uploads\/2023\/02\/6.jpg","contentUrl":"https:\/\/grizzlyadam.co.uk\/wp-content\/uploads\/2023\/02\/6.jpg","width":1200,"height":1200},{"@type":"BreadcrumbList","@id":"https:\/\/grizzlyadam.co.uk\/product\/seduction-a-scented-beard-oil-inspired-by-dior-sauvage-30ml\/#breadcrumb","itemListElement":[{"@type":"ListItem","position":1,"name":"Home","item":"https:\/\/grizzlyadam.co.uk\/"},{"@type":"ListItem","position":2,"name":"Shop","item":"https:\/\/project1-mke5mv4jgx.live-website.com\/shop\/"},{"@type":"ListItem","position":3,"name":"Seduction A Scented Beard Oil Inspired By Dior Sauvage 30ml"}]},{"@type":"WebSite","@id":"https:\/\/project1-mke5mv4jgx.live-website.com\/#website","url":"https:\/\/project1-mke5mv4jgx.live-website.com\/","name":"Grizzly Adam","description":"Aceite para barba y productos de aseo para caballeros","publisher":{"@id":"https:\/\/project1-mke5mv4jgx.live-website.com\/#organization"},"potentialAction":[{"@type":"SearchAction","target":{"@type":"EntryPoint","urlTemplate":"https:\/\/project1-mke5mv4jgx.live-website.com\/?s={search_term_string}"},"query-input":{"@type":"PropertyValueSpecification","valueRequired":true,"valueName":"search_term_string"}}],"inLanguage":"es"},{"@type":"Organization","@id":"https:\/\/project1-mke5mv4jgx.live-website.com\/#organization","name":"GRIZZLY ADAM","url":"https:\/\/project1-mke5mv4jgx.live-website.com\/","logo":{"@type":"ImageObject","inLanguage":"es","@id":"https:\/\/project1-mke5mv4jgx.live-website.com\/#\/schema\/logo\/image\/","url":"https:\/\/grizzlyadam.co.uk\/wp-content\/uploads\/2019\/11\/gadamlogo.png","contentUrl":"https:\/\/grizzlyadam.co.uk\/wp-content\/uploads\/2019\/11\/gadamlogo.png","width":"200","height":"200","caption":"GRIZZLY ADAM"},"image":{"@id":"https:\/\/project1-mke5mv4jgx.live-website.com\/#\/schema\/logo\/image\/"},"sameAs":["https:\/\/www.facebook.com\/grizzlyadamuk","https:\/\/x.com\/grizzlyadamuk","https:\/\/www.instagram.com\/grizzlyadamuk\/"]}]}},"df_price":19.99,"df_sale_price":"","df_regular_price":19.99,"df_image_link":"https:\/\/grizzlyadam.co.uk\/wp-content\/uploads\/2023\/02\/6-300x300.jpg","_links":{"self":[{"href":"https:\/\/grizzlyadam.co.uk\/es\/wp-json\/wp\/v2\/product\/148637","targetHints":{"allow":["GET"]}}],"collection":[{"href":"https:\/\/grizzlyadam.co.uk\/es\/wp-json\/wp\/v2\/product"}],"about":[{"href":"https:\/\/grizzlyadam.co.uk\/es\/wp-json\/wp\/v2\/types\/product"}],"replies":[{"embeddable":true,"href":"https:\/\/grizzlyadam.co.uk\/es\/wp-json\/wp\/v2\/comments?post=148637"}],"wp:featuredmedia":[{"embeddable":true,"href":"https:\/\/grizzlyadam.co.uk\/es\/wp-json\/wp\/v2\/media\/149263"}],"wp:attachment":[{"href":"https:\/\/grizzlyadam.co.uk\/es\/wp-json\/wp\/v2\/media?parent=148637"}],"wp:term":[{"taxonomy":"product_brand","embeddable":true,"href":"https:\/\/grizzlyadam.co.uk\/es\/wp-json\/wp\/v2\/product_brand?post=148637"},{"taxonomy":"product_cat","embeddable":true,"href":"https:\/\/grizzlyadam.co.uk\/es\/wp-json\/wp\/v2\/product_cat?post=148637"},{"taxonomy":"product_tag","embeddable":true,"href":"https:\/\/grizzlyadam.co.uk\/es\/wp-json\/wp\/v2\/product_tag?post=148637"}],"curies":[{"name":"wp","href":"https:\/\/api.w.org\/{rel}","templated":true}]}}