{"id":4591,"date":"2017-04-22T10:28:14","date_gmt":"2017-04-22T09:28:14","guid":{"rendered":"https:\/\/grizzlyadam.co.uk\/?page_id=4591"},"modified":"2017-06-16T09:33:49","modified_gmt":"2017-06-16T08:33:49","slug":"the-grizzly-adam-guide-to-beard-care","status":"publish","type":"page","link":"https:\/\/grizzlyadam.co.uk\/es\/the-grizzly-adam-guide-to-beard-care\/","title":{"rendered":"The Grizzly Adam guide to Beard Care"},"content":{"rendered":"<div id=\"gap-6034549\" class=\"gap-element clearfix\" style=\"display:block; height:auto;\">\n\t\t\n<style>\n#gap-6034549 {\n  padding-top: 30px;\n}\n<\/style>\n\t<\/div>\n\t\n<div class=\"row row-collapse align-middle align-center smart-borders\" style=\"max-width:800px\" id=\"row-769786799\">\n\n\n\t<div id=\"col-1418419042\" class=\"col medium-4 small-12 large-4\"  >\n\t\t\t\t<div class=\"col-inner\"  >\n\t\t\t\n\t\t\t\n\n\t<div class=\"img has-hover x md-x lg-x y md-y lg-y\" id=\"image_847354015\">\n\t\t\t\t\t\t\t\t<div class=\"img-inner image-cover dark\" style=\"padding-top:200%;\">\n\t\t\t<img loading=\"lazy\" decoding=\"async\" width=\"1500\" height=\"1500\" src=\"https:\/\/grizzlyadam.co.uk\/wp-content\/uploads\/2017\/04\/ebook.jpg\" class=\"attachment-original size-original\" alt=\"\" srcset=\"https:\/\/grizzlyadam.co.uk\/wp-content\/uploads\/2017\/04\/ebook.jpg 1500w, https:\/\/grizzlyadam.co.uk\/wp-content\/uploads\/2017\/04\/ebook-300x300.jpg 300w, https:\/\/grizzlyadam.co.uk\/wp-content\/uploads\/2017\/04\/ebook-1024x1024.jpg 1024w, https:\/\/grizzlyadam.co.uk\/wp-content\/uploads\/2017\/04\/ebook-150x150.jpg 150w, https:\/\/grizzlyadam.co.uk\/wp-content\/uploads\/2017\/04\/ebook-768x768.jpg 768w, https:\/\/grizzlyadam.co.uk\/wp-content\/uploads\/2017\/04\/ebook-600x600.jpg 600w, https:\/\/grizzlyadam.co.uk\/wp-content\/uploads\/2017\/04\/ebook-100x100.jpg 100w\" sizes=\"auto, (max-width: 1500px) 100vw, 1500px\" \/>\t\t\t\t\t\t\n\t\t\t\t\t<\/div>\n\t\t\t\t\t\t\t\t\n<style>\n#image_847354015 {\n  width: 100%;\n}\n<\/style>\n\t<\/div>\n\t\n\n\n\t\t<\/div>\n\t\t\t\t\t<\/div>\n\n\t\n\n\t<div id=\"col-1629000295\" class=\"col medium-8 small-12 large-8\"  >\n\t\t\t\t<div class=\"col-inner\"  >\n\t\t\t\n\t\t\t\n\n<h2><img loading=\"lazy\" decoding=\"async\" class=\"size-full wp-image-13365 aligncenter\" src=\"https:\/\/grizzlyadam.co.uk\/wp-content\/uploads\/2018\/12\/special_offer-300x300.jpg\" alt=\"\" width=\"300\" height=\"300\" srcset=\"https:\/\/grizzlyadam.co.uk\/wp-content\/uploads\/2018\/12\/special_offer-300x300.jpg 300w, https:\/\/grizzlyadam.co.uk\/wp-content\/uploads\/2018\/12\/special_offer-300x300-150x150.jpg 150w, https:\/\/grizzlyadam.co.uk\/wp-content\/uploads\/2018\/12\/special_offer-300x300-100x100.jpg 100w\" sizes=\"auto, (max-width: 300px) 100vw, 300px\" \/><\/h2>\n<h2 class=\"uppercase\" style=\"text-align: center;\"><span style=\"color: #d83131; font-size: 120%;\">REGALO ESPECIAL POR VALOR DE 19,99<\/span><\/h2>\n<h3 class=\"uppercase\" style=\"text-align: center;\">Desc\u00e1rgate esta gu\u00eda de 23 P\u00c1GINAS para el cuidado de la barba<span style=\"color: #d83131;\">...incluye consejos para el crecimiento de la barba<\/span><\/h3>\n<p style=\"text-align: center;\">Simplemente haga clic en <span style=\"color: #d83131;\">\"DESCARGAR AHORA<\/span> below to download this product to your phone or pc\u2026 (or click \"No, I want to see more special discounted offers).<\/p>\n\n\t\t<\/div>\n\t\t\t\t\t<\/div>\n\n\t\n\n\t<div id=\"col-1602322963\" class=\"col medium-9 small-12 large-9\"  >\n\t\t\t\t<div class=\"col-inner\"  >\n\t\t\t\n\t\t\t\n\n\t<div class=\"img has-hover x md-x lg-x y md-y lg-y\" id=\"image_1834379156\">\n\t\t<a class=\"\" href=\"https:\/\/grizzlyadam.co.uk\/es\/download\/the-grizzly-adam-beard-guide-to-beard-care\/\" >\t\t\t\t\t\t<div class=\"img-inner dark\" >\n\t\t\t<img loading=\"lazy\" decoding=\"async\" width=\"454\" height=\"144\" src=\"https:\/\/grizzlyadam.co.uk\/wp-content\/uploads\/2017\/04\/download-now-button-1.gif\" class=\"attachment-large size-large\" alt=\"\" \/>\t\t\t\t\t\t\n\t\t\t\t\t<\/div>\n\t\t\t\t\t\t<\/a>\t\t\n<style>\n#image_1834379156 {\n  width: 100%;\n}\n<\/style>\n\t<\/div>\n\t\n\n<p style=\"text-align: center;\"><span style=\"background-color: #ffff00; font-size: 150%;\"><a style=\"background-color: #ffff00;\" href=\"https:\/\/grizzlyadam.co.uk\/es\/one-time-offer-serious-about-your-beard-no\/\">No, I want to see more special discounted offers.<\/a><\/span><br \/>Entiendo que puede que no vuelva a ver esta oferta.<\/p>\n\n\t\t<\/div>\n\t\t\t\t\t<\/div>\n\n\t\n\n\n<style>\n#row-769786799 > .col > .col-inner {\n  padding: 10px 10px 10px 10px;\n  background-color: rgb(255, 255, 255);\n}\n<\/style>\n<\/div>\n\t<div id=\"gap-1270779195\" class=\"gap-element clearfix\" style=\"display:block; height:auto;\">\n\t\t\n<style>\n#gap-1270779195 {\n  padding-top: 30px;\n}\n<\/style>\n\t<\/div>","protected":false},"excerpt":{"rendered":"","protected":false},"author":1,"featured_media":0,"parent":0,"menu_order":0,"comment_status":"closed","ping_status":"closed","template":"page-blank-landingpage.php","meta":{"footnotes":""},"class_list":["post-4591","page","type-page","status-publish","hentry"],"yoast_head":"<!-- This site is optimized with the Yoast SEO plugin v27.2 - https:\/\/yoast.com\/product\/yoast-seo-wordpress\/ -->\n<title>The Grizzly Adam guide to Beard Care - Grizzly Adam<\/title>\n<meta name=\"robots\" content=\"index, follow, max-snippet:-1, max-image-preview:large, max-video-preview:-1\" \/>\n<link rel=\"canonical\" href=\"https:\/\/project1-mke5mv4jgx.live-website.com\/the-grizzly-adam-guide-to-beard-care\/\" \/>\n<meta property=\"og:locale\" content=\"es_ES\" \/>\n<meta property=\"og:type\" content=\"article\" \/>\n<meta property=\"og:title\" content=\"The Grizzly Adam guide to Beard Care - Grizzly Adam\" \/>\n<meta property=\"og:url\" content=\"https:\/\/project1-mke5mv4jgx.live-website.com\/the-grizzly-adam-guide-to-beard-care\/\" \/>\n<meta property=\"og:site_name\" content=\"Grizzly Adam\" \/>\n<meta property=\"article:publisher\" content=\"https:\/\/www.facebook.com\/grizzlyadamuk\" \/>\n<meta property=\"article:modified_time\" content=\"2017-06-16T08:33:49+00:00\" \/>\n<meta property=\"og:image\" content=\"https:\/\/grizzlyadam.co.uk\/wp-content\/uploads\/2017\/09\/vitamin-beard.jpg\" \/>\n\t<meta property=\"og:image:width\" content=\"564\" \/>\n\t<meta property=\"og:image:height\" content=\"564\" \/>\n\t<meta property=\"og:image:type\" content=\"image\/jpeg\" \/>\n<meta name=\"twitter:card\" content=\"summary_large_image\" \/>\n<meta name=\"twitter:site\" content=\"@grizzlyadamuk\" \/>\n<script type=\"application\/ld+json\" class=\"yoast-schema-graph\">{\"@context\":\"https:\/\/schema.org\",\"@graph\":[{\"@type\":\"WebPage\",\"@id\":\"https:\/\/project1-mke5mv4jgx.live-website.com\/the-grizzly-adam-guide-to-beard-care\/\",\"url\":\"https:\/\/project1-mke5mv4jgx.live-website.com\/the-grizzly-adam-guide-to-beard-care\/\",\"name\":\"The Grizzly Adam guide to Beard Care - Grizzly Adam\",\"isPartOf\":{\"@id\":\"https:\/\/project1-mke5mv4jgx.live-website.com\/#website\"},\"datePublished\":\"2017-04-22T09:28:14+00:00\",\"dateModified\":\"2017-06-16T08:33:49+00:00\",\"breadcrumb\":{\"@id\":\"https:\/\/project1-mke5mv4jgx.live-website.com\/the-grizzly-adam-guide-to-beard-care\/#breadcrumb\"},\"inLanguage\":\"es\",\"potentialAction\":[{\"@type\":\"ReadAction\",\"target\":[\"https:\/\/project1-mke5mv4jgx.live-website.com\/the-grizzly-adam-guide-to-beard-care\/\"]}]},{\"@type\":\"BreadcrumbList\",\"@id\":\"https:\/\/project1-mke5mv4jgx.live-website.com\/the-grizzly-adam-guide-to-beard-care\/#breadcrumb\",\"itemListElement\":[{\"@type\":\"ListItem\",\"position\":1,\"name\":\"Home\",\"item\":\"https:\/\/grizzlyadam.co.uk\/\"},{\"@type\":\"ListItem\",\"position\":2,\"name\":\"The Grizzly Adam guide to Beard Care\"}]},{\"@type\":\"WebSite\",\"@id\":\"https:\/\/project1-mke5mv4jgx.live-website.com\/#website\",\"url\":\"https:\/\/project1-mke5mv4jgx.live-website.com\/\",\"name\":\"Grizzly Adam\",\"description\":\"Beard Oil And Grooming Products For Gentlemen\",\"publisher\":{\"@id\":\"https:\/\/project1-mke5mv4jgx.live-website.com\/#organization\"},\"potentialAction\":[{\"@type\":\"SearchAction\",\"target\":{\"@type\":\"EntryPoint\",\"urlTemplate\":\"https:\/\/project1-mke5mv4jgx.live-website.com\/?s={search_term_string}\"},\"query-input\":{\"@type\":\"PropertyValueSpecification\",\"valueRequired\":true,\"valueName\":\"search_term_string\"}}],\"inLanguage\":\"es\"},{\"@type\":\"Organization\",\"@id\":\"https:\/\/project1-mke5mv4jgx.live-website.com\/#organization\",\"name\":\"GRIZZLY ADAM\",\"url\":\"https:\/\/project1-mke5mv4jgx.live-website.com\/\",\"logo\":{\"@type\":\"ImageObject\",\"inLanguage\":\"es\",\"@id\":\"https:\/\/project1-mke5mv4jgx.live-website.com\/#\/schema\/logo\/image\/\",\"url\":\"https:\/\/grizzlyadam.co.uk\/wp-content\/uploads\/2019\/11\/gadamlogo.png\",\"contentUrl\":\"https:\/\/grizzlyadam.co.uk\/wp-content\/uploads\/2019\/11\/gadamlogo.png\",\"width\":\"200\",\"height\":\"200\",\"caption\":\"GRIZZLY ADAM\"},\"image\":{\"@id\":\"https:\/\/project1-mke5mv4jgx.live-website.com\/#\/schema\/logo\/image\/\"},\"sameAs\":[\"https:\/\/www.facebook.com\/grizzlyadamuk\",\"https:\/\/x.com\/grizzlyadamuk\",\"https:\/\/www.instagram.com\/grizzlyadamuk\/\"]}]}<\/script>\n<!-- \/ Yoast SEO plugin. -->","yoast_head_json":{"title":"The Grizzly Adam guide to Beard Care - Grizzly Adam","robots":{"index":"index","follow":"follow","max-snippet":"max-snippet:-1","max-image-preview":"max-image-preview:large","max-video-preview":"max-video-preview:-1"},"canonical":"https:\/\/project1-mke5mv4jgx.live-website.com\/the-grizzly-adam-guide-to-beard-care\/","og_locale":"es_ES","og_type":"article","og_title":"The Grizzly Adam guide to Beard Care - Grizzly Adam","og_url":"https:\/\/project1-mke5mv4jgx.live-website.com\/the-grizzly-adam-guide-to-beard-care\/","og_site_name":"Grizzly Adam","article_publisher":"https:\/\/www.facebook.com\/grizzlyadamuk","article_modified_time":"2017-06-16T08:33:49+00:00","og_image":[{"width":564,"height":564,"url":"https:\/\/grizzlyadam.co.uk\/wp-content\/uploads\/2017\/09\/vitamin-beard.jpg","type":"image\/jpeg"}],"twitter_card":"summary_large_image","twitter_site":"@grizzlyadamuk","schema":{"@context":"https:\/\/schema.org","@graph":[{"@type":"WebPage","@id":"https:\/\/project1-mke5mv4jgx.live-website.com\/the-grizzly-adam-guide-to-beard-care\/","url":"https:\/\/project1-mke5mv4jgx.live-website.com\/the-grizzly-adam-guide-to-beard-care\/","name":"The Grizzly Adam guide to Beard Care - Grizzly Adam","isPartOf":{"@id":"https:\/\/project1-mke5mv4jgx.live-website.com\/#website"},"datePublished":"2017-04-22T09:28:14+00:00","dateModified":"2017-06-16T08:33:49+00:00","breadcrumb":{"@id":"https:\/\/project1-mke5mv4jgx.live-website.com\/the-grizzly-adam-guide-to-beard-care\/#breadcrumb"},"inLanguage":"es","potentialAction":[{"@type":"ReadAction","target":["https:\/\/project1-mke5mv4jgx.live-website.com\/the-grizzly-adam-guide-to-beard-care\/"]}]},{"@type":"BreadcrumbList","@id":"https:\/\/project1-mke5mv4jgx.live-website.com\/the-grizzly-adam-guide-to-beard-care\/#breadcrumb","itemListElement":[{"@type":"ListItem","position":1,"name":"Home","item":"https:\/\/grizzlyadam.co.uk\/"},{"@type":"ListItem","position":2,"name":"The Grizzly Adam guide to Beard Care"}]},{"@type":"WebSite","@id":"https:\/\/project1-mke5mv4jgx.live-website.com\/#website","url":"https:\/\/project1-mke5mv4jgx.live-website.com\/","name":"Grizzly Adam","description":"Aceite para barba y productos de aseo para caballeros","publisher":{"@id":"https:\/\/project1-mke5mv4jgx.live-website.com\/#organization"},"potentialAction":[{"@type":"SearchAction","target":{"@type":"EntryPoint","urlTemplate":"https:\/\/project1-mke5mv4jgx.live-website.com\/?s={search_term_string}"},"query-input":{"@type":"PropertyValueSpecification","valueRequired":true,"valueName":"search_term_string"}}],"inLanguage":"es"},{"@type":"Organization","@id":"https:\/\/project1-mke5mv4jgx.live-website.com\/#organization","name":"GRIZZLY ADAM","url":"https:\/\/project1-mke5mv4jgx.live-website.com\/","logo":{"@type":"ImageObject","inLanguage":"es","@id":"https:\/\/project1-mke5mv4jgx.live-website.com\/#\/schema\/logo\/image\/","url":"https:\/\/grizzlyadam.co.uk\/wp-content\/uploads\/2019\/11\/gadamlogo.png","contentUrl":"https:\/\/grizzlyadam.co.uk\/wp-content\/uploads\/2019\/11\/gadamlogo.png","width":"200","height":"200","caption":"GRIZZLY ADAM"},"image":{"@id":"https:\/\/project1-mke5mv4jgx.live-website.com\/#\/schema\/logo\/image\/"},"sameAs":["https:\/\/www.facebook.com\/grizzlyadamuk","https:\/\/x.com\/grizzlyadamuk","https:\/\/www.instagram.com\/grizzlyadamuk\/"]}]}},"_links":{"self":[{"href":"https:\/\/grizzlyadam.co.uk\/es\/wp-json\/wp\/v2\/pages\/4591","targetHints":{"allow":["GET"]}}],"collection":[{"href":"https:\/\/grizzlyadam.co.uk\/es\/wp-json\/wp\/v2\/pages"}],"about":[{"href":"https:\/\/grizzlyadam.co.uk\/es\/wp-json\/wp\/v2\/types\/page"}],"author":[{"embeddable":true,"href":"https:\/\/grizzlyadam.co.uk\/es\/wp-json\/wp\/v2\/users\/1"}],"replies":[{"embeddable":true,"href":"https:\/\/grizzlyadam.co.uk\/es\/wp-json\/wp\/v2\/comments?post=4591"}],"version-history":[{"count":0,"href":"https:\/\/grizzlyadam.co.uk\/es\/wp-json\/wp\/v2\/pages\/4591\/revisions"}],"wp:attachment":[{"href":"https:\/\/grizzlyadam.co.uk\/es\/wp-json\/wp\/v2\/media?parent=4591"}],"curies":[{"name":"wp","href":"https:\/\/api.w.org\/{rel}","templated":true}]}}