{"id":3768,"date":"2017-02-24T20:30:29","date_gmt":"2017-02-24T20:30:29","guid":{"rendered":"https:\/\/grizzlyadam.co.uk\/?page_id=3768"},"modified":"2025-04-04T09:45:20","modified_gmt":"2025-04-04T08:45:20","slug":"wholesale-private-label","status":"publish","type":"page","link":"https:\/\/grizzlyadam.co.uk\/es\/wholesale-private-label\/","title":{"rendered":"Wholesale &#038; Private Label"},"content":{"rendered":"<div class=\"banner has-hover\" id=\"banner-229527145\">\n          <div class=\"banner-inner fill\">\n        <div class=\"banner-bg fill\" >\n            <div class=\"bg fill bg-fill\"><\/div>\n                                    \n                    <\/div>\n\t\t\n        <div class=\"banner-layers container\">\n            <div class=\"fill banner-link\"><\/div>            \n   <div id=\"text-box-161852156\" class=\"text-box banner-layer x0 md-x0 lg-x0 y50 md-y50 lg-y50 res-text\">\n                                <div class=\"text-box-content text dark\">\n              \n              <div class=\"text-inner text-left\">\n                  \n<h1 class=\"uppercase\"><strong><span style=\"line-height:60px\">Venta al por mayor <br \/>&amp; Marca blanca<\/span><\/strong><\/h1>\n<p>Grizzly Adam se enorgullece de ofrecer servicios mayoristas y de etiquetado privado para todo tipo de empresas que deseen revender nuestros productos.<\/p>\n<a href=\"https:\/\/grizzlyadam.co.uk\/es\/contact-us\/\" class=\"button primary\"  >\n    <span>CONT\u00c1CTENOS PARA SABER M\u00c1S<\/span>\n  <\/a>\n\n              <\/div>\n           <\/div>\n                            \n<style>\n#text-box-161852156 {\n  width: 60%;\n}\n#text-box-161852156 .text-box-content {\n  font-size: 100%;\n}\n@media (min-width:550px) {\n  #text-box-161852156 {\n    width: 54%;\n  }\n}\n<\/style>\n    <\/div>\n \n        <\/div>\n      <\/div>\n\n            \n<style>\n#banner-229527145 {\n  padding-top: 450px;\n}\n#banner-229527145 .bg.bg-loaded {\n  background-image: url(https:\/\/grizzlyadam.co.uk\/wp-content\/uploads\/2017\/02\/wholesaleherheader-1024x576.jpg);\n}\n<\/style>\n  <\/div>\n\n\n\t<section class=\"section\" id=\"section_1154058049\">\n\t\t<div class=\"bg section-bg fill bg-fill  bg-loaded\" >\n\n\t\t\t\n\t\t\t<div class=\"section-bg-overlay absolute fill\"><\/div>\n\t\t\t\n\t<div class=\"is-border\"\n\t\tstyle=\"border-color:rgb(235, 235, 235);border-width:1px 0px 0px 0px;\">\n\t<\/div>\n\n\t\t<\/div>\n\n\t\t\n\n\t\t<div class=\"section-content relative\">\n\t\t\t\n<div class=\"row row-large align-middle align-center\"  id=\"row-809145250\">\n\n\t<div id=\"col-1384969478\" class=\"col medium-7 small-12 large-7\"  >\n\t\t\t\t<div class=\"col-inner text-center dark\"  >\n\t\t\t\n\t\t\t\n<h1>Start Your Beard Care Brand with Grizzly Adam<\/h1>\n<p>Looking to launch your own <a href=\"https:\/\/grizzlyadam.co.uk\/es\/beard-care-routine-a-step-by-step-guide-for-beginners\/\">cuidado de la barba<\/a> brand? At Grizzly Adam, we make it simple, affordable, and profitable to get started. Whether you&#8217;re a barber, entrepreneur, or <a href=\"https:\/\/grizzlyadam.co.uk\/es\/10-powerful-grooming-habits-that-instantly-make-men-more-attractive\/\">grooming<\/a> enthusiast, our private label service gives you access to premium, ready-to-brand beard products trusted by thousands.<\/p>\n<p>We specialise in high-quality, organic formulas including beard oils, balms, washes, and waxes\u2014all crafted in the UK using natural ingredients. From formulation to packaging, design to delivery, we handle it all\u2014so you can focus on growing your business.<\/p>\n<p>\u00a0<\/p>\n\t\t<\/div>\n\t\t\t\t\t<\/div>\n\n\t\n\n\t<div id=\"col-1986068995\" class=\"col medium-5 small-12 large-5\"  data-animate=\"flipInY\">\n\t\t\t\t<div class=\"col-inner text-left box-shadow-2 box-shadow-5-hover\" style=\"background-color:rgb(255, 255, 255);\" >\n\t\t\t\n\t\t\t\n\t<div class=\"img has-hover x md-x lg-x y md-y lg-y\" id=\"image_492968259\">\n\t\t\t\t\t\t\t\t<div class=\"img-inner dark\" >\n\t\t\t<img loading=\"lazy\" decoding=\"async\" width=\"2048\" height=\"1365\" src=\"https:\/\/grizzlyadam.co.uk\/wp-content\/uploads\/2023\/11\/LS2-2048x1365.png\" class=\"attachment-2048x2048 size-2048x2048\" alt=\"\" srcset=\"https:\/\/grizzlyadam.co.uk\/wp-content\/uploads\/2023\/11\/LS2-2048x1365.png 2048w, https:\/\/grizzlyadam.co.uk\/wp-content\/uploads\/2023\/11\/LS2-300x200.png 300w, https:\/\/grizzlyadam.co.uk\/wp-content\/uploads\/2023\/11\/LS2-1024x683.png 1024w, https:\/\/grizzlyadam.co.uk\/wp-content\/uploads\/2023\/11\/LS2-768x512.png 768w, https:\/\/grizzlyadam.co.uk\/wp-content\/uploads\/2023\/11\/LS2-1536x1024.png 1536w, https:\/\/grizzlyadam.co.uk\/wp-content\/uploads\/2023\/11\/LS2-600x400.png 600w, https:\/\/grizzlyadam.co.uk\/wp-content\/uploads\/2023\/11\/LS2.png 1800w\" sizes=\"auto, (max-width: 2048px) 100vw, 2048px\" \/>\t\t\t\t\t\t\n\t\t\t\t\t<\/div>\n\t\t\t\t\t\t\t\t\n<style>\n#image_492968259 {\n  width: 100%;\n}\n<\/style>\n\t<\/div>\n\t\n\t\t<\/div>\n\t\t\t\t\n<style>\n#col-1986068995 > .col-inner {\n  padding: 15px 15px 15px 15px;\n}\n<\/style>\n\t<\/div>\n\n\t\n\n\t<div id=\"col-806828149\" class=\"col medium-4 small-12 large-4\"  >\n\t\t\t\t<div class=\"col-inner\"  >\n\t\t\t\n\t\t\t\n<a href=\"https:\/\/grizzlyadam.co.uk\/es\/contact-us\/\" class=\"button primary\"  >\n    <span>CONT\u00c1CTENOS PARA SABER M\u00c1S<\/span>\n  <\/a>\n\n\t\t<\/div>\n\t\t\t\t\t<\/div>\n\n\t\n<\/div>\n\t\t<\/div>\n\n\t\t\n<style>\n#section_1154058049 {\n  padding-top: 59px;\n  padding-bottom: 59px;\n  min-height: 300px;\n  background-color: rgb(171, 171, 171);\n}\n#section_1154058049 .section-bg-overlay {\n  background-color: rgba(0, 0, 0, 0.64);\n}\n<\/style>\n\t<\/section>\n\t\n<div class=\"row\"  id=\"row-1750156412\">\n\n\t<div id=\"col-1529368974\" class=\"col small-12 large-12\"  >\n\t\t\t\t<div class=\"col-inner\"  >\n\t\t\t\n\t\t\t\n<p style=\"text-align: left;\">With low minimum orders starting at just 500 units, free label design, and full-service manufacturing (including bottling, labelling, and carton packing), launching your own line has never been easier or more cost-effective. Our in-house team also creates high-res product mockups to bring your brand vision to life.<\/p>\n<p style=\"text-align: left;\">Private label customers benefit from over a decade of industry experience, excellent customer service, and the flexibility to customise products to suit your market.<\/p>\n<p style=\"text-align: left;\">Ready to build your brand with confidence? Join the many successful businesses already powered by Grizzly Adam.<\/p>\n<p style=\"text-align: left;\"><strong>Let&#8217;s create something great together.<\/strong><\/p>\n\t\t<\/div>\n\t\t\t\t\t<\/div>\n\n\t\n<\/div>\n<a href=\"https:\/\/grizzlyadam.co.uk\/es\/contact-us\/\" class=\"button primary is-larger expand\"  >\n    <span>P\u00f3ngase en contacto con nosotros para obtener m\u00e1s informaci\u00f3n.<\/span>\n  <\/a>","protected":false},"excerpt":{"rendered":"","protected":false},"author":1,"featured_media":0,"parent":0,"menu_order":0,"comment_status":"closed","ping_status":"closed","template":"page-blank.php","meta":{"footnotes":""},"class_list":["post-3768","page","type-page","status-publish","hentry"],"yoast_head":"<!-- This site is optimized with the Yoast SEO plugin v27.2 - https:\/\/yoast.com\/product\/yoast-seo-wordpress\/ -->\n<title>Wholesale &amp; Private Label - Grizzly Adam<\/title>\n<meta name=\"robots\" content=\"index, follow, max-snippet:-1, max-image-preview:large, max-video-preview:-1\" \/>\n<link rel=\"canonical\" href=\"https:\/\/grizzlyadam.co.uk\/es\/wholesale-private-label\/\" \/>\n<meta property=\"og:locale\" content=\"es_ES\" \/>\n<meta property=\"og:type\" content=\"article\" \/>\n<meta property=\"og:title\" content=\"Wholesale &amp; Private Label - Grizzly Adam\" \/>\n<meta property=\"og:url\" content=\"https:\/\/grizzlyadam.co.uk\/es\/wholesale-private-label\/\" \/>\n<meta property=\"og:site_name\" content=\"Grizzly Adam\" \/>\n<meta property=\"article:publisher\" content=\"https:\/\/www.facebook.com\/grizzlyadamuk\" \/>\n<meta property=\"article:modified_time\" content=\"2025-04-04T08:45:20+00:00\" \/>\n<meta property=\"og:image\" content=\"https:\/\/grizzlyadam.co.uk\/wp-content\/uploads\/2017\/09\/vitamin-beard.jpg\" \/>\n\t<meta property=\"og:image:width\" content=\"564\" \/>\n\t<meta property=\"og:image:height\" content=\"564\" \/>\n\t<meta property=\"og:image:type\" content=\"image\/jpeg\" \/>\n<meta name=\"twitter:card\" content=\"summary_large_image\" \/>\n<meta name=\"twitter:site\" content=\"@grizzlyadamuk\" \/>\n<meta name=\"twitter:label1\" content=\"Tiempo de lectura\" \/>\n\t<meta name=\"twitter:data1\" content=\"2 minutos\" \/>\n<script type=\"application\/ld+json\" class=\"yoast-schema-graph\">{\"@context\":\"https:\/\/schema.org\",\"@graph\":[{\"@type\":\"WebPage\",\"@id\":\"https:\/\/grizzlyadam.co.uk\/wholesale-private-label\/\",\"url\":\"https:\/\/grizzlyadam.co.uk\/wholesale-private-label\/\",\"name\":\"Wholesale & Private Label - Grizzly Adam\",\"isPartOf\":{\"@id\":\"https:\/\/project1-mke5mv4jgx.live-website.com\/#website\"},\"datePublished\":\"2017-02-24T20:30:29+00:00\",\"dateModified\":\"2025-04-04T08:45:20+00:00\",\"breadcrumb\":{\"@id\":\"https:\/\/grizzlyadam.co.uk\/wholesale-private-label\/#breadcrumb\"},\"inLanguage\":\"es\",\"potentialAction\":[{\"@type\":\"ReadAction\",\"target\":[\"https:\/\/grizzlyadam.co.uk\/wholesale-private-label\/\"]}]},{\"@type\":\"BreadcrumbList\",\"@id\":\"https:\/\/grizzlyadam.co.uk\/wholesale-private-label\/#breadcrumb\",\"itemListElement\":[{\"@type\":\"ListItem\",\"position\":1,\"name\":\"Home\",\"item\":\"https:\/\/grizzlyadam.co.uk\/\"},{\"@type\":\"ListItem\",\"position\":2,\"name\":\"Wholesale &#038; Private Label\"}]},{\"@type\":\"WebSite\",\"@id\":\"https:\/\/project1-mke5mv4jgx.live-website.com\/#website\",\"url\":\"https:\/\/project1-mke5mv4jgx.live-website.com\/\",\"name\":\"Grizzly Adam\",\"description\":\"Beard Oil And Grooming Products For Gentlemen\",\"publisher\":{\"@id\":\"https:\/\/project1-mke5mv4jgx.live-website.com\/#organization\"},\"potentialAction\":[{\"@type\":\"SearchAction\",\"target\":{\"@type\":\"EntryPoint\",\"urlTemplate\":\"https:\/\/project1-mke5mv4jgx.live-website.com\/?s={search_term_string}\"},\"query-input\":{\"@type\":\"PropertyValueSpecification\",\"valueRequired\":true,\"valueName\":\"search_term_string\"}}],\"inLanguage\":\"es\"},{\"@type\":\"Organization\",\"@id\":\"https:\/\/project1-mke5mv4jgx.live-website.com\/#organization\",\"name\":\"GRIZZLY ADAM\",\"url\":\"https:\/\/project1-mke5mv4jgx.live-website.com\/\",\"logo\":{\"@type\":\"ImageObject\",\"inLanguage\":\"es\",\"@id\":\"https:\/\/project1-mke5mv4jgx.live-website.com\/#\/schema\/logo\/image\/\",\"url\":\"https:\/\/grizzlyadam.co.uk\/wp-content\/uploads\/2019\/11\/gadamlogo.png\",\"contentUrl\":\"https:\/\/grizzlyadam.co.uk\/wp-content\/uploads\/2019\/11\/gadamlogo.png\",\"width\":\"200\",\"height\":\"200\",\"caption\":\"GRIZZLY ADAM\"},\"image\":{\"@id\":\"https:\/\/project1-mke5mv4jgx.live-website.com\/#\/schema\/logo\/image\/\"},\"sameAs\":[\"https:\/\/www.facebook.com\/grizzlyadamuk\",\"https:\/\/x.com\/grizzlyadamuk\",\"https:\/\/www.instagram.com\/grizzlyadamuk\/\"]}]}<\/script>\n<!-- \/ Yoast SEO plugin. -->","yoast_head_json":{"title":"Wholesale & Private Label - Grizzly Adam","robots":{"index":"index","follow":"follow","max-snippet":"max-snippet:-1","max-image-preview":"max-image-preview:large","max-video-preview":"max-video-preview:-1"},"canonical":"https:\/\/grizzlyadam.co.uk\/es\/wholesale-private-label\/","og_locale":"es_ES","og_type":"article","og_title":"Wholesale & Private Label - Grizzly Adam","og_url":"https:\/\/grizzlyadam.co.uk\/es\/wholesale-private-label\/","og_site_name":"Grizzly Adam","article_publisher":"https:\/\/www.facebook.com\/grizzlyadamuk","article_modified_time":"2025-04-04T08:45:20+00:00","og_image":[{"width":564,"height":564,"url":"https:\/\/grizzlyadam.co.uk\/wp-content\/uploads\/2017\/09\/vitamin-beard.jpg","type":"image\/jpeg"}],"twitter_card":"summary_large_image","twitter_site":"@grizzlyadamuk","twitter_misc":{"Tiempo de lectura":"2 minutos"},"schema":{"@context":"https:\/\/schema.org","@graph":[{"@type":"WebPage","@id":"https:\/\/grizzlyadam.co.uk\/wholesale-private-label\/","url":"https:\/\/grizzlyadam.co.uk\/wholesale-private-label\/","name":"Wholesale & Private Label - Grizzly Adam","isPartOf":{"@id":"https:\/\/project1-mke5mv4jgx.live-website.com\/#website"},"datePublished":"2017-02-24T20:30:29+00:00","dateModified":"2025-04-04T08:45:20+00:00","breadcrumb":{"@id":"https:\/\/grizzlyadam.co.uk\/wholesale-private-label\/#breadcrumb"},"inLanguage":"es","potentialAction":[{"@type":"ReadAction","target":["https:\/\/grizzlyadam.co.uk\/wholesale-private-label\/"]}]},{"@type":"BreadcrumbList","@id":"https:\/\/grizzlyadam.co.uk\/wholesale-private-label\/#breadcrumb","itemListElement":[{"@type":"ListItem","position":1,"name":"Home","item":"https:\/\/grizzlyadam.co.uk\/"},{"@type":"ListItem","position":2,"name":"Wholesale &#038; Private Label"}]},{"@type":"WebSite","@id":"https:\/\/project1-mke5mv4jgx.live-website.com\/#website","url":"https:\/\/project1-mke5mv4jgx.live-website.com\/","name":"Grizzly Adam","description":"Aceite para barba y productos de aseo para caballeros","publisher":{"@id":"https:\/\/project1-mke5mv4jgx.live-website.com\/#organization"},"potentialAction":[{"@type":"SearchAction","target":{"@type":"EntryPoint","urlTemplate":"https:\/\/project1-mke5mv4jgx.live-website.com\/?s={search_term_string}"},"query-input":{"@type":"PropertyValueSpecification","valueRequired":true,"valueName":"search_term_string"}}],"inLanguage":"es"},{"@type":"Organization","@id":"https:\/\/project1-mke5mv4jgx.live-website.com\/#organization","name":"GRIZZLY ADAM","url":"https:\/\/project1-mke5mv4jgx.live-website.com\/","logo":{"@type":"ImageObject","inLanguage":"es","@id":"https:\/\/project1-mke5mv4jgx.live-website.com\/#\/schema\/logo\/image\/","url":"https:\/\/grizzlyadam.co.uk\/wp-content\/uploads\/2019\/11\/gadamlogo.png","contentUrl":"https:\/\/grizzlyadam.co.uk\/wp-content\/uploads\/2019\/11\/gadamlogo.png","width":"200","height":"200","caption":"GRIZZLY ADAM"},"image":{"@id":"https:\/\/project1-mke5mv4jgx.live-website.com\/#\/schema\/logo\/image\/"},"sameAs":["https:\/\/www.facebook.com\/grizzlyadamuk","https:\/\/x.com\/grizzlyadamuk","https:\/\/www.instagram.com\/grizzlyadamuk\/"]}]}},"_links":{"self":[{"href":"https:\/\/grizzlyadam.co.uk\/es\/wp-json\/wp\/v2\/pages\/3768","targetHints":{"allow":["GET"]}}],"collection":[{"href":"https:\/\/grizzlyadam.co.uk\/es\/wp-json\/wp\/v2\/pages"}],"about":[{"href":"https:\/\/grizzlyadam.co.uk\/es\/wp-json\/wp\/v2\/types\/page"}],"author":[{"embeddable":true,"href":"https:\/\/grizzlyadam.co.uk\/es\/wp-json\/wp\/v2\/users\/1"}],"replies":[{"embeddable":true,"href":"https:\/\/grizzlyadam.co.uk\/es\/wp-json\/wp\/v2\/comments?post=3768"}],"version-history":[{"count":0,"href":"https:\/\/grizzlyadam.co.uk\/es\/wp-json\/wp\/v2\/pages\/3768\/revisions"}],"wp:attachment":[{"href":"https:\/\/grizzlyadam.co.uk\/es\/wp-json\/wp\/v2\/media?parent=3768"}],"curies":[{"name":"wp","href":"https:\/\/api.w.org\/{rel}","templated":true}]}}