{"id":30,"date":"2017-02-19T00:08:13","date_gmt":"2017-02-19T00:08:13","guid":{"rendered":"https:\/\/grizzlyadam.co.uk\/cart\/"},"modified":"2024-06-19T21:52:07","modified_gmt":"2024-06-19T20:52:07","slug":"cart","status":"publish","type":"page","link":"https:\/\/grizzlyadam.co.uk\/es\/cart\/","title":{"rendered":"Cart"},"content":{"rendered":"<div class=\"row align-equal row-box-shadow-2 row-box-shadow-5-hover\"  id=\"row-781958230\">\n\n\t<div id=\"col-1901640130\" class=\"col medium-4 small-12 large-4\"  >\n\t\t\t\t<div class=\"col-inner\"  >\n\t\t\t\n\t\t\t\n  <div class=\"icon-box testimonial-box icon-box-center text-center\">\n                <div class=\"icon-box-img testimonial-image circle\" style=\"width: 121px\">\n              <img loading=\"lazy\" decoding=\"async\" width=\"150\" height=\"150\" src=\"https:\/\/grizzlyadam.co.uk\/wp-content\/uploads\/2023\/05\/trimmer-150x150.jpg\" class=\"attachment-thumbnail size-thumbnail\" alt=\"\" srcset=\"https:\/\/grizzlyadam.co.uk\/wp-content\/uploads\/2023\/05\/trimmer-150x150.jpg 150w, https:\/\/grizzlyadam.co.uk\/wp-content\/uploads\/2023\/05\/trimmer-100x100.jpg 100w\" sizes=\"auto, (max-width: 150px) 100vw, 150px\" \/>        <\/div>\n                <div class=\"icon-box-text p-last-0\">\n          <div class=\"star-rating\"><span style=\"width:100%\"><strong class=\"rating\"><\/strong><\/span><\/div>  \t\t\t\t<div class=\"testimonial-text line-height-small italic test_text first-reset last-reset is-italic\">\n            \n<p>Soy peluquero profesional jubilado. Esta recortadora Grizzly Adam a bater\u00eda es, con diferencia, la mejor recortadora inal\u00e1mbrica que he tenido o usado por su precio, se acerca mucho a la calidad de una recortadora de barbero profesional, adem\u00e1s de la comodidad de una bater\u00eda de larga duraci\u00f3n.<\/p>\n          <\/div>\n          <div class=\"testimonial-meta pt-half\">\n             <strong class=\"testimonial-name test_name\">Telman N<\/strong>\n                          <span class=\"testimonial-company test_company\"><\/span>\n          <\/div>\n        <\/div>\n  <\/div>\n\n  \n\t\t<\/div>\n\t\t\t\t\t<\/div>\n\n\t\n\n\t<div id=\"col-1999684704\" class=\"col medium-4 small-12 large-4\"  >\n\t\t\t\t<div class=\"col-inner\"  >\n\t\t\t\n\t\t\t\n  <div class=\"icon-box testimonial-box icon-box-center text-center\">\n                <div class=\"icon-box-img testimonial-image circle\" style=\"width: 121px\">\n              <img loading=\"lazy\" decoding=\"async\" width=\"150\" height=\"150\" src=\"https:\/\/grizzlyadam.co.uk\/wp-content\/uploads\/2024\/03\/Men-Grooming-Kit-Wet-Dry-Electric-Shaver-Beard-Hair-Trimmer-Electric-Razor-Rechargeable-Bald-Head-Shaving-3-150x150.webp\" class=\"attachment-thumbnail size-thumbnail\" alt=\"\" srcset=\"https:\/\/grizzlyadam.co.uk\/wp-content\/uploads\/2024\/03\/Men-Grooming-Kit-Wet-Dry-Electric-Shaver-Beard-Hair-Trimmer-Electric-Razor-Rechargeable-Bald-Head-Shaving-3-150x150.webp 150w, https:\/\/grizzlyadam.co.uk\/wp-content\/uploads\/2024\/03\/Men-Grooming-Kit-Wet-Dry-Electric-Shaver-Beard-Hair-Trimmer-Electric-Razor-Rechargeable-Bald-Head-Shaving-3-300x300.webp 300w, https:\/\/grizzlyadam.co.uk\/wp-content\/uploads\/2024\/03\/Men-Grooming-Kit-Wet-Dry-Electric-Shaver-Beard-Hair-Trimmer-Electric-Razor-Rechargeable-Bald-Head-Shaving-3-768x768.webp 768w, https:\/\/grizzlyadam.co.uk\/wp-content\/uploads\/2024\/03\/Men-Grooming-Kit-Wet-Dry-Electric-Shaver-Beard-Hair-Trimmer-Electric-Razor-Rechargeable-Bald-Head-Shaving-3-510x510.webp 510w, https:\/\/grizzlyadam.co.uk\/wp-content\/uploads\/2024\/03\/Men-Grooming-Kit-Wet-Dry-Electric-Shaver-Beard-Hair-Trimmer-Electric-Razor-Rechargeable-Bald-Head-Shaving-3-100x100.webp 100w, https:\/\/grizzlyadam.co.uk\/wp-content\/uploads\/2024\/03\/Men-Grooming-Kit-Wet-Dry-Electric-Shaver-Beard-Hair-Trimmer-Electric-Razor-Rechargeable-Bald-Head-Shaving-3.webp 800w\" sizes=\"auto, (max-width: 150px) 100vw, 150px\" \/>        <\/div>\n                <div class=\"icon-box-text p-last-0\">\n          <div class=\"star-rating\"><span style=\"width:100%\"><strong class=\"rating\"><\/strong><\/span><\/div>  \t\t\t\t<div class=\"testimonial-text line-height-small italic test_text first-reset last-reset is-italic\">\n            \n<p>Ya he utilizado estos productos y nunca he tenido ning\u00fan problema. \u00a1Env\u00edo r\u00e1pido y hace exactamente lo que dice en la lata! \ud83d\udc4c\ud83c\udffb<\/p>\n          <\/div>\n          <div class=\"testimonial-meta pt-half\">\n             <strong class=\"testimonial-name test_name\">Matt C<\/strong>\n                          <span class=\"testimonial-company test_company\"><\/span>\n          <\/div>\n        <\/div>\n  <\/div>\n\n  \n\t\t<\/div>\n\t\t\t\t\t<\/div>\n\n\t\n\n\t<div id=\"col-1313443961\" class=\"col medium-4 small-12 large-4\"  >\n\t\t\t\t<div class=\"col-inner\"  >\n\t\t\t\n\t\t\t\n  <div class=\"icon-box testimonial-box icon-box-center text-center\">\n                <div class=\"icon-box-img testimonial-image circle\" style=\"width: 121px\">\n              <img loading=\"lazy\" decoding=\"async\" width=\"150\" height=\"150\" src=\"https:\/\/grizzlyadam.co.uk\/wp-content\/uploads\/2024\/04\/Shimano-Polarized-Sunglasses-Men-s-Driving-Shades-Male-Cycling-Camping-Hiking-Fishing-Classic-Sun-Glasses-UV400-150x150.webp\" class=\"attachment-thumbnail size-thumbnail\" alt=\"Shimano-Polarized-Sunglasses-Men-s\" srcset=\"https:\/\/grizzlyadam.co.uk\/wp-content\/uploads\/2024\/04\/Shimano-Polarized-Sunglasses-Men-s-Driving-Shades-Male-Cycling-Camping-Hiking-Fishing-Classic-Sun-Glasses-UV400-150x150.webp 150w, https:\/\/grizzlyadam.co.uk\/wp-content\/uploads\/2024\/04\/Shimano-Polarized-Sunglasses-Men-s-Driving-Shades-Male-Cycling-Camping-Hiking-Fishing-Classic-Sun-Glasses-UV400-300x300.webp 300w, https:\/\/grizzlyadam.co.uk\/wp-content\/uploads\/2024\/04\/Shimano-Polarized-Sunglasses-Men-s-Driving-Shades-Male-Cycling-Camping-Hiking-Fishing-Classic-Sun-Glasses-UV400-768x768.webp 768w, https:\/\/grizzlyadam.co.uk\/wp-content\/uploads\/2024\/04\/Shimano-Polarized-Sunglasses-Men-s-Driving-Shades-Male-Cycling-Camping-Hiking-Fishing-Classic-Sun-Glasses-UV400-510x510.webp 510w, https:\/\/grizzlyadam.co.uk\/wp-content\/uploads\/2024\/04\/Shimano-Polarized-Sunglasses-Men-s-Driving-Shades-Male-Cycling-Camping-Hiking-Fishing-Classic-Sun-Glasses-UV400-100x100.webp 100w, https:\/\/grizzlyadam.co.uk\/wp-content\/uploads\/2024\/04\/Shimano-Polarized-Sunglasses-Men-s-Driving-Shades-Male-Cycling-Camping-Hiking-Fishing-Classic-Sun-Glasses-UV400.webp 800w\" sizes=\"auto, (max-width: 150px) 100vw, 150px\" \/>        <\/div>\n                <div class=\"icon-box-text p-last-0\">\n          <div class=\"star-rating\"><span style=\"width:100%\"><strong class=\"rating\"><\/strong><\/span><\/div>  \t\t\t\t<div class=\"testimonial-text line-height-small italic test_text first-reset last-reset is-italic\">\n            \n<p>Es la primera vez que tengo gafas polarizadas, pero la sensaci\u00f3n es de muy buena calidad y son las gafas m\u00e1s c\u00f3modas que he tenido. Pronto me comprar\u00e9 otro par. Tal vez algunas otras cosas tambi\u00e9n<\/p>\n          <\/div>\n          <div class=\"testimonial-meta pt-half\">\n             <strong class=\"testimonial-name test_name\">Ashley L<\/strong>\n                          <span class=\"testimonial-company test_company\"><\/span>\n          <\/div>\n        <\/div>\n  <\/div>\n\n  \n\t\t<\/div>\n\t\t\t\t\t<\/div>\n\n\t\n\n<style>\n#row-781958230 > .col > .col-inner {\n  padding: 30px 30px 30px 30px;\n}\n<\/style>\n<\/div>","protected":false},"excerpt":{"rendered":"","protected":false},"author":1,"featured_media":0,"parent":0,"menu_order":0,"comment_status":"closed","ping_status":"closed","template":"","meta":{"footnotes":""},"class_list":["post-30","page","type-page","status-publish","hentry"],"yoast_head":"<!-- This site is optimized with the Yoast SEO plugin v27.4 - https:\/\/yoast.com\/product\/yoast-seo-wordpress\/ -->\n<title>Cart - Grizzly Adam<\/title>\n<meta name=\"robots\" content=\"index, follow, max-snippet:-1, max-image-preview:large, max-video-preview:-1\" \/>\n<link rel=\"canonical\" href=\"https:\/\/project1-mke5mv4jgx.live-website.com\/cart\/\" \/>\n<meta property=\"og:locale\" content=\"es_ES\" \/>\n<meta property=\"og:type\" content=\"article\" \/>\n<meta property=\"og:title\" content=\"Cart - Grizzly Adam\" \/>\n<meta property=\"og:url\" content=\"https:\/\/project1-mke5mv4jgx.live-website.com\/cart\/\" \/>\n<meta property=\"og:site_name\" content=\"Grizzly Adam\" \/>\n<meta property=\"article:publisher\" content=\"https:\/\/www.facebook.com\/grizzlyadamuk\" \/>\n<meta property=\"article:modified_time\" content=\"2024-06-19T20:52:07+00:00\" \/>\n<meta property=\"og:image\" content=\"https:\/\/grizzlyadam.co.uk\/wp-content\/uploads\/2017\/09\/vitamin-beard.jpg\" \/>\n\t<meta property=\"og:image:width\" content=\"564\" \/>\n\t<meta property=\"og:image:height\" content=\"564\" \/>\n\t<meta property=\"og:image:type\" content=\"image\/jpeg\" \/>\n<meta name=\"twitter:card\" content=\"summary_large_image\" \/>\n<meta name=\"twitter:site\" content=\"@grizzlyadamuk\" \/>\n<meta name=\"twitter:label1\" content=\"Tiempo de lectura\" \/>\n\t<meta name=\"twitter:data1\" content=\"1 minuto\" \/>\n<script type=\"application\/ld+json\" class=\"yoast-schema-graph\">{\"@context\":\"https:\\\/\\\/schema.org\",\"@graph\":[{\"@type\":\"WebPage\",\"@id\":\"https:\\\/\\\/project1-mke5mv4jgx.live-website.com\\\/cart\\\/\",\"url\":\"https:\\\/\\\/project1-mke5mv4jgx.live-website.com\\\/cart\\\/\",\"name\":\"Cart - Grizzly Adam\",\"isPartOf\":{\"@id\":\"https:\\\/\\\/project1-mke5mv4jgx.live-website.com\\\/#website\"},\"datePublished\":\"2017-02-19T00:08:13+00:00\",\"dateModified\":\"2024-06-19T20:52:07+00:00\",\"breadcrumb\":{\"@id\":\"https:\\\/\\\/project1-mke5mv4jgx.live-website.com\\\/cart\\\/#breadcrumb\"},\"inLanguage\":\"es\",\"potentialAction\":[{\"@type\":\"ReadAction\",\"target\":[\"https:\\\/\\\/project1-mke5mv4jgx.live-website.com\\\/cart\\\/\"]}]},{\"@type\":\"BreadcrumbList\",\"@id\":\"https:\\\/\\\/project1-mke5mv4jgx.live-website.com\\\/cart\\\/#breadcrumb\",\"itemListElement\":[{\"@type\":\"ListItem\",\"position\":1,\"name\":\"Home\",\"item\":\"https:\\\/\\\/grizzlyadam.co.uk\\\/\"},{\"@type\":\"ListItem\",\"position\":2,\"name\":\"Cart\"}]},{\"@type\":\"WebSite\",\"@id\":\"https:\\\/\\\/project1-mke5mv4jgx.live-website.com\\\/#website\",\"url\":\"https:\\\/\\\/project1-mke5mv4jgx.live-website.com\\\/\",\"name\":\"Grizzly Adam\",\"description\":\"Beard Oil And Grooming Products For Gentlemen\",\"publisher\":{\"@id\":\"https:\\\/\\\/project1-mke5mv4jgx.live-website.com\\\/#organization\"},\"potentialAction\":[{\"@type\":\"SearchAction\",\"target\":{\"@type\":\"EntryPoint\",\"urlTemplate\":\"https:\\\/\\\/project1-mke5mv4jgx.live-website.com\\\/?s={search_term_string}\"},\"query-input\":{\"@type\":\"PropertyValueSpecification\",\"valueRequired\":true,\"valueName\":\"search_term_string\"}}],\"inLanguage\":\"es\"},{\"@type\":\"Organization\",\"@id\":\"https:\\\/\\\/project1-mke5mv4jgx.live-website.com\\\/#organization\",\"name\":\"GRIZZLY ADAM\",\"url\":\"https:\\\/\\\/project1-mke5mv4jgx.live-website.com\\\/\",\"logo\":{\"@type\":\"ImageObject\",\"inLanguage\":\"es\",\"@id\":\"https:\\\/\\\/project1-mke5mv4jgx.live-website.com\\\/#\\\/schema\\\/logo\\\/image\\\/\",\"url\":\"https:\\\/\\\/grizzlyadam.co.uk\\\/wp-content\\\/uploads\\\/2019\\\/11\\\/gadamlogo.png\",\"contentUrl\":\"https:\\\/\\\/grizzlyadam.co.uk\\\/wp-content\\\/uploads\\\/2019\\\/11\\\/gadamlogo.png\",\"width\":\"200\",\"height\":\"200\",\"caption\":\"GRIZZLY ADAM\"},\"image\":{\"@id\":\"https:\\\/\\\/project1-mke5mv4jgx.live-website.com\\\/#\\\/schema\\\/logo\\\/image\\\/\"},\"sameAs\":[\"https:\\\/\\\/www.facebook.com\\\/grizzlyadamuk\",\"https:\\\/\\\/x.com\\\/grizzlyadamuk\",\"https:\\\/\\\/www.instagram.com\\\/grizzlyadamuk\\\/\"]}]}<\/script>\n<!-- \/ Yoast SEO plugin. -->","yoast_head_json":{"title":"Cart - Grizzly Adam","robots":{"index":"index","follow":"follow","max-snippet":"max-snippet:-1","max-image-preview":"max-image-preview:large","max-video-preview":"max-video-preview:-1"},"canonical":"https:\/\/project1-mke5mv4jgx.live-website.com\/cart\/","og_locale":"es_ES","og_type":"article","og_title":"Cart - Grizzly Adam","og_url":"https:\/\/project1-mke5mv4jgx.live-website.com\/cart\/","og_site_name":"Grizzly Adam","article_publisher":"https:\/\/www.facebook.com\/grizzlyadamuk","article_modified_time":"2024-06-19T20:52:07+00:00","og_image":[{"width":564,"height":564,"url":"https:\/\/grizzlyadam.co.uk\/wp-content\/uploads\/2017\/09\/vitamin-beard.jpg","type":"image\/jpeg"}],"twitter_card":"summary_large_image","twitter_site":"@grizzlyadamuk","twitter_misc":{"Tiempo de lectura":"1 minuto"},"schema":{"@context":"https:\/\/schema.org","@graph":[{"@type":"WebPage","@id":"https:\/\/project1-mke5mv4jgx.live-website.com\/cart\/","url":"https:\/\/project1-mke5mv4jgx.live-website.com\/cart\/","name":"Cart - Grizzly Adam","isPartOf":{"@id":"https:\/\/project1-mke5mv4jgx.live-website.com\/#website"},"datePublished":"2017-02-19T00:08:13+00:00","dateModified":"2024-06-19T20:52:07+00:00","breadcrumb":{"@id":"https:\/\/project1-mke5mv4jgx.live-website.com\/cart\/#breadcrumb"},"inLanguage":"es","potentialAction":[{"@type":"ReadAction","target":["https:\/\/project1-mke5mv4jgx.live-website.com\/cart\/"]}]},{"@type":"BreadcrumbList","@id":"https:\/\/project1-mke5mv4jgx.live-website.com\/cart\/#breadcrumb","itemListElement":[{"@type":"ListItem","position":1,"name":"Home","item":"https:\/\/grizzlyadam.co.uk\/"},{"@type":"ListItem","position":2,"name":"Cart"}]},{"@type":"WebSite","@id":"https:\/\/project1-mke5mv4jgx.live-website.com\/#website","url":"https:\/\/project1-mke5mv4jgx.live-website.com\/","name":"Grizzly Adam","description":"Aceite para barba y productos de aseo para caballeros","publisher":{"@id":"https:\/\/project1-mke5mv4jgx.live-website.com\/#organization"},"potentialAction":[{"@type":"SearchAction","target":{"@type":"EntryPoint","urlTemplate":"https:\/\/project1-mke5mv4jgx.live-website.com\/?s={search_term_string}"},"query-input":{"@type":"PropertyValueSpecification","valueRequired":true,"valueName":"search_term_string"}}],"inLanguage":"es"},{"@type":"Organization","@id":"https:\/\/project1-mke5mv4jgx.live-website.com\/#organization","name":"GRIZZLY ADAM","url":"https:\/\/project1-mke5mv4jgx.live-website.com\/","logo":{"@type":"ImageObject","inLanguage":"es","@id":"https:\/\/project1-mke5mv4jgx.live-website.com\/#\/schema\/logo\/image\/","url":"https:\/\/grizzlyadam.co.uk\/wp-content\/uploads\/2019\/11\/gadamlogo.png","contentUrl":"https:\/\/grizzlyadam.co.uk\/wp-content\/uploads\/2019\/11\/gadamlogo.png","width":"200","height":"200","caption":"GRIZZLY ADAM"},"image":{"@id":"https:\/\/project1-mke5mv4jgx.live-website.com\/#\/schema\/logo\/image\/"},"sameAs":["https:\/\/www.facebook.com\/grizzlyadamuk","https:\/\/x.com\/grizzlyadamuk","https:\/\/www.instagram.com\/grizzlyadamuk\/"]}]}},"_links":{"self":[{"href":"https:\/\/grizzlyadam.co.uk\/es\/wp-json\/wp\/v2\/pages\/30","targetHints":{"allow":["GET"]}}],"collection":[{"href":"https:\/\/grizzlyadam.co.uk\/es\/wp-json\/wp\/v2\/pages"}],"about":[{"href":"https:\/\/grizzlyadam.co.uk\/es\/wp-json\/wp\/v2\/types\/page"}],"author":[{"embeddable":true,"href":"https:\/\/grizzlyadam.co.uk\/es\/wp-json\/wp\/v2\/users\/1"}],"replies":[{"embeddable":true,"href":"https:\/\/grizzlyadam.co.uk\/es\/wp-json\/wp\/v2\/comments?post=30"}],"version-history":[{"count":0,"href":"https:\/\/grizzlyadam.co.uk\/es\/wp-json\/wp\/v2\/pages\/30\/revisions"}],"wp:attachment":[{"href":"https:\/\/grizzlyadam.co.uk\/es\/wp-json\/wp\/v2\/media?parent=30"}],"curies":[{"name":"wp","href":"https:\/\/api.w.org\/{rel}","templated":true}]}}