{"id":2172,"date":"2017-02-19T15:53:27","date_gmt":"2017-02-19T15:53:27","guid":{"rendered":"https:\/\/grizzlyadam.co.uk\/product\/grizzly-adam-beard-balm\/"},"modified":"2025-09-06T10:38:18","modified_gmt":"2025-09-06T09:38:18","slug":"grizzly-adam-beard-balm","status":"publish","type":"product","link":"http:\/\/grizzlyadam.co.uk\/es\/producto\/grizzly-adam-beard-balm\/","title":{"rendered":"Grizzly Adam Beard Balm &#8211; 100% Natural Best Buy Online for Beard Grooming Now Unscented"},"content":{"rendered":"<p style=\"text-align: left;\"><b>CONSIGUE EL LOOK DE BARBA CUIDADA CON 100% NATURAL BEARD BALM BY GRIZZLY ADAM<\/b><\/p>\n<p style=\"text-align: left;\">Beard Balm es lo que necesitas para dejarte crecer la barba. Y punto. Este acondicionador sin aclarado totalmente natural est\u00e1 perfectamente formulado para prevenir las puntas abiertas, controlar el encrespamiento y los enredos, suavizar los bigotes para esos encuentros \u00edntimos, aliviar la piel seca y con picores, reducir la aparici\u00f3n de parches y hacer que t\u00fa y tu impresionante barba se\u00e1is mucho m\u00e1s atractivos.<\/p>\n<p style=\"text-align: left;\">El b\u00e1lsamo para barba sirve para todas las variedades y longitudes de vello facial.<\/p>\n<p style=\"text-align: left;\">Su camino hacia una barba m\u00e1s lisa y sana es muy eficaz y sin complicaciones. Simplemente utilice una peque\u00f1a cantidad de b\u00e1lsamo acondicionador con los dedos y exti\u00e9ndalo por la barba. Despu\u00e9s, deje que se seque y empiece a disfrutar de una barba m\u00e1s fuerte y estilizada en un abrir y cerrar de ojos.<\/p>\n<p style=\"text-align: left;\"><b>A\u00f1ada el b\u00e1lsamo para barba Grizzly Adam a su cesta hoy mismo<\/b><\/p>\n<h5><strong>Ingredientes:<\/strong><\/h5>\n<p>Cera Aalba (cera de abejas) Butyrospermum Parkii (manteca de karit\u00e9) Aceite de Prunus Dulcis (almendra) Theobroma cacao (manteca de cacao) Aceite de Citrus Aurantifolia (aceite esencial de lima) Aceite de madera de Cedrus Atlantica (aceite esencial de cedro) Limoneno* Citral**Presente de forma natural en los aceites esenciales.<\/p>\n<h5><strong>C\u00f3mo llegar:<\/strong><\/h5>\n<p>C\u00f3mo utilizarlo... - 1. Aplicar una peque\u00f1a cantidad de b\u00e1lsamo para barba en los dedos. Trabajar una peque\u00f1a cantidad del b\u00e1lsamo para barba en los dedos. - 2. 2. Apl\u00edcalo en la barba. - 3. Dar forma y peinar la barba. - 4.Disfrute de la barba m\u00e1s bonita que haya tenido nunca. Util\u00edcelo a diario para obtener los mejores resultados.<\/p>\n<p>&nbsp;<\/p>","protected":false},"excerpt":{"rendered":"<div id=\"fbExpandableSectionContent\" class=\"a-section a-spacing-none expandableSection\">\n<ul class=\"a-vertical a-spacing-none\">\n<li class=\"showHiddenFeatureBullets\"><span class=\"a-list-item\"><strong>CONDICIONES Y AYUDA AL NUEVO CRECIMIENTO<\/strong> - Sus ingredientes naturales y org\u00e1nicos penetran profundamente en el cabello y lo nutren por dentro y por fuera. Funciona en barbas largas y cortas para acondicionar y suavizar el cabello, mejorar la fuerza y el brillo.<\/span><\/li>\n<li class=\"showHiddenFeatureBullets\"><span class=\"a-list-item\"><strong>FABRICADO EN EL REINO UNIDO<\/strong> - El b\u00e1lsamo para barba Grizzly Adam es el mejor acondicionador sin aclarado para barbas de caballero, fabricado en el Reino Unido.<\/span><\/li>\n<li class=\"showHiddenFeatureBullets\"><span class=\"a-list-item\"><strong>DOMA Y EVOLUCIONA TU ESTILO<\/strong> - Mantiene a raya los pelos rezagados y te permite formar una barba poblada y bestial<\/span><\/li>\n<li class=\"showHiddenFeatureBullets\"><span class=\"a-list-item\"><strong>DETIENE EL PICOR DE BARBA<\/strong> - Alivia la piel seca y ayuda a hidratar para detener el picor del nuevo crecimiento del vello en seco<\/span><\/li>\n<li><strong>Ahorra 6,01<\/strong>\u00a0- Si compra el b\u00e1lsamo y el aceite para barba juntos, haga clic en el recuadro rojo de regalo de esta p\u00e1gina y a\u00f1ada ambos a su cesta con un solo clic.<span class=\"a-list-item\">!<\/span><\/li>\n<\/ul>\n<\/div>","protected":false},"featured_media":2173,"comment_status":"open","ping_status":"closed","template":"","meta":[],"product_brand":[],"product_cat":[69,177],"product_tag":[],"class_list":{"0":"post-2172","1":"product","2":"type-product","3":"status-publish","4":"has-post-thumbnail","6":"product_cat-beard-balm","7":"product_cat-subscription","9":"first","10":"instock","11":"sale","12":"taxable","13":"shipping-taxable","14":"purchasable","15":"product-type-simple"},"yoast_head":"<!-- This site is optimized with the Yoast SEO plugin v27.4 - https:\/\/yoast.com\/product\/yoast-seo-wordpress\/ -->\n<title>Grizzly Adam Beard Balm - 100% Natural Best Buy Online for Beard Grooming Now Unscented - Grizzly Adam<\/title>\n<meta name=\"description\" content=\"Grizzly Adam Beard Balm is the top gentleman&#039;s leave-in beard conditioner and made in the UK. Relieves dry skin &amp; helps moisturize to stop the itch of new hair growth in its tracks\" \/>\n<meta name=\"robots\" content=\"index, follow, max-snippet:-1, max-image-preview:large, max-video-preview:-1\" \/>\n<link rel=\"canonical\" href=\"https:\/\/grizzlyadam.co.uk\/es\/producto\/grizzly-adam-beard-balm\/\" \/>\n<meta property=\"og:locale\" content=\"es_ES\" \/>\n<meta property=\"og:type\" content=\"article\" \/>\n<meta property=\"og:title\" content=\"Grizzly Adam Beard Balm - 100% Natural Best Buy Online for Beard Grooming Now Unscented - Grizzly Adam\" \/>\n<meta property=\"og:description\" content=\"Grizzly Adam Beard Balm is the top gentleman&#039;s leave-in beard conditioner and made in the UK. Relieves dry skin &amp; helps moisturize to stop the itch of new hair growth in its tracks\" \/>\n<meta property=\"og:url\" content=\"https:\/\/grizzlyadam.co.uk\/es\/producto\/grizzly-adam-beard-balm\/\" \/>\n<meta property=\"og:site_name\" content=\"Grizzly Adam\" \/>\n<meta property=\"article:publisher\" content=\"https:\/\/www.facebook.com\/grizzlyadamuk\" \/>\n<meta property=\"article:modified_time\" content=\"2025-09-06T09:38:18+00:00\" \/>\n<meta property=\"og:image\" content=\"https:\/\/grizzlyadam.co.uk\/wp-content\/uploads\/2017\/02\/balm1.jpg\" \/>\n\t<meta property=\"og:image:width\" content=\"1000\" \/>\n\t<meta property=\"og:image:height\" content=\"1000\" \/>\n\t<meta property=\"og:image:type\" content=\"image\/jpeg\" \/>\n<meta name=\"twitter:card\" content=\"summary_large_image\" \/>\n<meta name=\"twitter:site\" content=\"@grizzlyadamuk\" \/>\n<meta name=\"twitter:label1\" content=\"Tiempo de lectura\" \/>\n\t<meta name=\"twitter:data1\" content=\"2 minutos\" \/>\n<script type=\"application\/ld+json\" class=\"yoast-schema-graph\">{\"@context\":\"https:\\\/\\\/schema.org\",\"@graph\":[{\"@type\":\"WebPage\",\"@id\":\"https:\\\/\\\/grizzlyadam.co.uk\\\/product\\\/grizzly-adam-beard-balm\\\/\",\"url\":\"https:\\\/\\\/grizzlyadam.co.uk\\\/product\\\/grizzly-adam-beard-balm\\\/\",\"name\":\"Grizzly Adam Beard Balm - 100% Natural Best Buy Online for Beard Grooming Now Unscented - Grizzly Adam\",\"isPartOf\":{\"@id\":\"https:\\\/\\\/project1-mke5mv4jgx.live-website.com\\\/#website\"},\"primaryImageOfPage\":{\"@id\":\"https:\\\/\\\/grizzlyadam.co.uk\\\/product\\\/grizzly-adam-beard-balm\\\/#primaryimage\"},\"image\":{\"@id\":\"https:\\\/\\\/grizzlyadam.co.uk\\\/product\\\/grizzly-adam-beard-balm\\\/#primaryimage\"},\"thumbnailUrl\":\"https:\\\/\\\/grizzlyadam.co.uk\\\/wp-content\\\/uploads\\\/2017\\\/02\\\/balm1.jpg\",\"datePublished\":\"2017-02-19T15:53:27+00:00\",\"dateModified\":\"2025-09-06T09:38:18+00:00\",\"description\":\"Grizzly Adam Beard Balm is the top gentleman's leave-in beard conditioner and made in the UK. Relieves dry skin & helps moisturize to stop the itch of new hair growth in its tracks\",\"breadcrumb\":{\"@id\":\"https:\\\/\\\/grizzlyadam.co.uk\\\/product\\\/grizzly-adam-beard-balm\\\/#breadcrumb\"},\"inLanguage\":\"es\",\"potentialAction\":[{\"@type\":\"ReadAction\",\"target\":[\"https:\\\/\\\/grizzlyadam.co.uk\\\/product\\\/grizzly-adam-beard-balm\\\/\"]}]},{\"@type\":\"ImageObject\",\"inLanguage\":\"es\",\"@id\":\"https:\\\/\\\/grizzlyadam.co.uk\\\/product\\\/grizzly-adam-beard-balm\\\/#primaryimage\",\"url\":\"https:\\\/\\\/grizzlyadam.co.uk\\\/wp-content\\\/uploads\\\/2017\\\/02\\\/balm1.jpg\",\"contentUrl\":\"https:\\\/\\\/grizzlyadam.co.uk\\\/wp-content\\\/uploads\\\/2017\\\/02\\\/balm1.jpg\",\"width\":1000,\"height\":1000},{\"@type\":\"BreadcrumbList\",\"@id\":\"https:\\\/\\\/grizzlyadam.co.uk\\\/product\\\/grizzly-adam-beard-balm\\\/#breadcrumb\",\"itemListElement\":[{\"@type\":\"ListItem\",\"position\":1,\"name\":\"Home\",\"item\":\"https:\\\/\\\/grizzlyadam.co.uk\\\/\"},{\"@type\":\"ListItem\",\"position\":2,\"name\":\"Shop\",\"item\":\"https:\\\/\\\/project1-mke5mv4jgx.live-website.com\\\/shop\\\/\"},{\"@type\":\"ListItem\",\"position\":3,\"name\":\"Grizzly Adam Beard Balm &#8211; 100% Natural Best Buy Online for Beard Grooming Now Unscented\"}]},{\"@type\":\"WebSite\",\"@id\":\"https:\\\/\\\/project1-mke5mv4jgx.live-website.com\\\/#website\",\"url\":\"https:\\\/\\\/project1-mke5mv4jgx.live-website.com\\\/\",\"name\":\"Grizzly Adam\",\"description\":\"Beard Oil And Grooming Products For Gentlemen\",\"publisher\":{\"@id\":\"https:\\\/\\\/project1-mke5mv4jgx.live-website.com\\\/#organization\"},\"potentialAction\":[{\"@type\":\"SearchAction\",\"target\":{\"@type\":\"EntryPoint\",\"urlTemplate\":\"https:\\\/\\\/project1-mke5mv4jgx.live-website.com\\\/?s={search_term_string}\"},\"query-input\":{\"@type\":\"PropertyValueSpecification\",\"valueRequired\":true,\"valueName\":\"search_term_string\"}}],\"inLanguage\":\"es\"},{\"@type\":\"Organization\",\"@id\":\"https:\\\/\\\/project1-mke5mv4jgx.live-website.com\\\/#organization\",\"name\":\"GRIZZLY ADAM\",\"url\":\"https:\\\/\\\/project1-mke5mv4jgx.live-website.com\\\/\",\"logo\":{\"@type\":\"ImageObject\",\"inLanguage\":\"es\",\"@id\":\"https:\\\/\\\/project1-mke5mv4jgx.live-website.com\\\/#\\\/schema\\\/logo\\\/image\\\/\",\"url\":\"https:\\\/\\\/grizzlyadam.co.uk\\\/wp-content\\\/uploads\\\/2019\\\/11\\\/gadamlogo.png\",\"contentUrl\":\"https:\\\/\\\/grizzlyadam.co.uk\\\/wp-content\\\/uploads\\\/2019\\\/11\\\/gadamlogo.png\",\"width\":\"200\",\"height\":\"200\",\"caption\":\"GRIZZLY ADAM\"},\"image\":{\"@id\":\"https:\\\/\\\/project1-mke5mv4jgx.live-website.com\\\/#\\\/schema\\\/logo\\\/image\\\/\"},\"sameAs\":[\"https:\\\/\\\/www.facebook.com\\\/grizzlyadamuk\",\"https:\\\/\\\/x.com\\\/grizzlyadamuk\",\"https:\\\/\\\/www.instagram.com\\\/grizzlyadamuk\\\/\"]}]}<\/script>\n<!-- \/ Yoast SEO plugin. -->","yoast_head_json":{"title":"Grizzly Adam Beard Balm - 100% Natural Best Buy Online for Beard Grooming Now Unscented - Grizzly Adam","description":"Grizzly Adam Beard Balm is the top gentleman's leave-in beard conditioner and made in the UK. Relieves dry skin & helps moisturize to stop the itch of new hair growth in its tracks","robots":{"index":"index","follow":"follow","max-snippet":"max-snippet:-1","max-image-preview":"max-image-preview:large","max-video-preview":"max-video-preview:-1"},"canonical":"https:\/\/grizzlyadam.co.uk\/es\/producto\/grizzly-adam-beard-balm\/","og_locale":"es_ES","og_type":"article","og_title":"Grizzly Adam Beard Balm - 100% Natural Best Buy Online for Beard Grooming Now Unscented - Grizzly Adam","og_description":"Grizzly Adam Beard Balm is the top gentleman's leave-in beard conditioner and made in the UK. Relieves dry skin & helps moisturize to stop the itch of new hair growth in its tracks","og_url":"https:\/\/grizzlyadam.co.uk\/es\/producto\/grizzly-adam-beard-balm\/","og_site_name":"Grizzly Adam","article_publisher":"https:\/\/www.facebook.com\/grizzlyadamuk","article_modified_time":"2025-09-06T09:38:18+00:00","og_image":[{"width":1000,"height":1000,"url":"https:\/\/grizzlyadam.co.uk\/wp-content\/uploads\/2017\/02\/balm1.jpg","type":"image\/jpeg"}],"twitter_card":"summary_large_image","twitter_site":"@grizzlyadamuk","twitter_misc":{"Tiempo de lectura":"2 minutos"},"schema":{"@context":"https:\/\/schema.org","@graph":[{"@type":"WebPage","@id":"https:\/\/grizzlyadam.co.uk\/product\/grizzly-adam-beard-balm\/","url":"https:\/\/grizzlyadam.co.uk\/product\/grizzly-adam-beard-balm\/","name":"Grizzly Adam Beard Balm - 100% Natural Best Buy Online for Beard Grooming Now Unscented - Grizzly Adam","isPartOf":{"@id":"https:\/\/project1-mke5mv4jgx.live-website.com\/#website"},"primaryImageOfPage":{"@id":"https:\/\/grizzlyadam.co.uk\/product\/grizzly-adam-beard-balm\/#primaryimage"},"image":{"@id":"https:\/\/grizzlyadam.co.uk\/product\/grizzly-adam-beard-balm\/#primaryimage"},"thumbnailUrl":"https:\/\/grizzlyadam.co.uk\/wp-content\/uploads\/2017\/02\/balm1.jpg","datePublished":"2017-02-19T15:53:27+00:00","dateModified":"2025-09-06T09:38:18+00:00","description":"Grizzly Adam Beard Balm is the top gentleman's leave-in beard conditioner and made in the UK. Relieves dry skin & helps moisturize to stop the itch of new hair growth in its tracks","breadcrumb":{"@id":"https:\/\/grizzlyadam.co.uk\/product\/grizzly-adam-beard-balm\/#breadcrumb"},"inLanguage":"es","potentialAction":[{"@type":"ReadAction","target":["https:\/\/grizzlyadam.co.uk\/product\/grizzly-adam-beard-balm\/"]}]},{"@type":"ImageObject","inLanguage":"es","@id":"https:\/\/grizzlyadam.co.uk\/product\/grizzly-adam-beard-balm\/#primaryimage","url":"https:\/\/grizzlyadam.co.uk\/wp-content\/uploads\/2017\/02\/balm1.jpg","contentUrl":"https:\/\/grizzlyadam.co.uk\/wp-content\/uploads\/2017\/02\/balm1.jpg","width":1000,"height":1000},{"@type":"BreadcrumbList","@id":"https:\/\/grizzlyadam.co.uk\/product\/grizzly-adam-beard-balm\/#breadcrumb","itemListElement":[{"@type":"ListItem","position":1,"name":"Home","item":"https:\/\/grizzlyadam.co.uk\/"},{"@type":"ListItem","position":2,"name":"Shop","item":"https:\/\/project1-mke5mv4jgx.live-website.com\/shop\/"},{"@type":"ListItem","position":3,"name":"Grizzly Adam Beard Balm &#8211; 100% Natural Best Buy Online for Beard Grooming Now Unscented"}]},{"@type":"WebSite","@id":"https:\/\/project1-mke5mv4jgx.live-website.com\/#website","url":"https:\/\/project1-mke5mv4jgx.live-website.com\/","name":"Grizzly Adam","description":"Aceite para barba y productos de aseo para caballeros","publisher":{"@id":"https:\/\/project1-mke5mv4jgx.live-website.com\/#organization"},"potentialAction":[{"@type":"SearchAction","target":{"@type":"EntryPoint","urlTemplate":"https:\/\/project1-mke5mv4jgx.live-website.com\/?s={search_term_string}"},"query-input":{"@type":"PropertyValueSpecification","valueRequired":true,"valueName":"search_term_string"}}],"inLanguage":"es"},{"@type":"Organization","@id":"https:\/\/project1-mke5mv4jgx.live-website.com\/#organization","name":"GRIZZLY ADAM","url":"https:\/\/project1-mke5mv4jgx.live-website.com\/","logo":{"@type":"ImageObject","inLanguage":"es","@id":"https:\/\/project1-mke5mv4jgx.live-website.com\/#\/schema\/logo\/image\/","url":"https:\/\/grizzlyadam.co.uk\/wp-content\/uploads\/2019\/11\/gadamlogo.png","contentUrl":"https:\/\/grizzlyadam.co.uk\/wp-content\/uploads\/2019\/11\/gadamlogo.png","width":"200","height":"200","caption":"GRIZZLY ADAM"},"image":{"@id":"https:\/\/project1-mke5mv4jgx.live-website.com\/#\/schema\/logo\/image\/"},"sameAs":["https:\/\/www.facebook.com\/grizzlyadamuk","https:\/\/x.com\/grizzlyadamuk","https:\/\/www.instagram.com\/grizzlyadamuk\/"]}]}},"df_price":12.99,"df_sale_price":12.99,"df_regular_price":14.99,"df_image_link":"https:\/\/grizzlyadam.co.uk\/wp-content\/uploads\/2017\/02\/balm1-300x300.jpg","_links":{"self":[{"href":"http:\/\/grizzlyadam.co.uk\/es\/wp-json\/wp\/v2\/product\/2172","targetHints":{"allow":["GET"]}}],"collection":[{"href":"http:\/\/grizzlyadam.co.uk\/es\/wp-json\/wp\/v2\/product"}],"about":[{"href":"http:\/\/grizzlyadam.co.uk\/es\/wp-json\/wp\/v2\/types\/product"}],"replies":[{"embeddable":true,"href":"http:\/\/grizzlyadam.co.uk\/es\/wp-json\/wp\/v2\/comments?post=2172"}],"wp:featuredmedia":[{"embeddable":true,"href":"http:\/\/grizzlyadam.co.uk\/es\/wp-json\/wp\/v2\/media\/2173"}],"wp:attachment":[{"href":"http:\/\/grizzlyadam.co.uk\/es\/wp-json\/wp\/v2\/media?parent=2172"}],"wp:term":[{"taxonomy":"product_brand","embeddable":true,"href":"http:\/\/grizzlyadam.co.uk\/es\/wp-json\/wp\/v2\/product_brand?post=2172"},{"taxonomy":"product_cat","embeddable":true,"href":"http:\/\/grizzlyadam.co.uk\/es\/wp-json\/wp\/v2\/product_cat?post=2172"},{"taxonomy":"product_tag","embeddable":true,"href":"http:\/\/grizzlyadam.co.uk\/es\/wp-json\/wp\/v2\/product_tag?post=2172"}],"curies":[{"name":"wp","href":"https:\/\/api.w.org\/{rel}","templated":true}]}}